{"id":10495,"date":"2016-08-08T10:07:42","date_gmt":"2016-08-08T08:07:42","guid":{"rendered":"https:\/\/www.nooteboom.com\/?page_id=10495&#038;lang=es"},"modified":"2016-08-30T16:06:51","modified_gmt":"2016-08-30T14:06:51","slug":"gondolas-de-cama-baja-con-autodireccion-osds","status":"publish","type":"page","link":"https:\/\/www.nooteboom.com\/es\/gondolas-de-cama-baja-con-autodireccion-osds\/","title":{"rendered":"G\u00f3ndolas de cama baja con autodirecci\u00f3n OSDS"},"content":{"rendered":"<div class=\"wpb-content-wrapper\"><p>[vc_row][vc_column][vc_column_text]<img loading=\"lazy\" decoding=\"async\" class=\"size-full wp-image-1448 alignright\" src=\"https:\/\/www.nooteboom.com\/wp-content\/uploads\/Multitrailers.png\" alt=\"Multitrailers\" width=\"115\" height=\"115\" \/><\/p>\n<h2>G\u00f3ndolas de cama baja con autodirecci\u00f3n OSDS<\/h2>\n<p>Con la presentaci\u00f3n de la OSDS Nooteboom ha establecido un nuevo est\u00e1ndar en el mercado. El dise\u00f1o se basa en las exigencias del mercado actual: transportar una variedad de cargas con una TARA lo m\u00e1s baja posible y minimizando los costes operativos. Con la OSDS Nooteboom tiene por objetivo lograr una relaci\u00f3n \u00f3ptima entre posibilidades de transporte y costes operativos. Esto hace que la adquisici\u00f3n de una g\u00f3ndola de cama baja OSDS del programa SMART de Nooteboom sea una elecci\u00f3n inteligente, para los profesionales as\u00ed como para el operarios de transporte privados.<\/p>\n<h2>Calidad m\u00e1xima<\/h2>\n<p>Nooteboom fabrica las g\u00f3ndolas de cama baja OSDS usando los m\u00e9todos de producci\u00f3n m\u00e1s avanzados. La \u00fanica viga tubular central hecha de acero de alta resistencia garantiza un chasis sumamente fuerte con gran rigidez a la torsi\u00f3n , una altura de la cama baja y una tara baja. El acabado y la conservaci\u00f3n son de m\u00e1xima calidad, el chasis se pulveriza completamente con zinc mediante pulverizaci\u00f3n t\u00e9rmica.[\/vc_column_text][\/vc_column][\/vc_row][vc_row][vc_column width=\u00bb1\/2&#8243;][vc_column_text]<\/p>\n<h2>La inversi\u00f3n devuelve su valor<\/h2>\n<p>Con la OSDS Nooteboom ofrece una g\u00f3ndola de cama baja de m\u00e1xima calidad con componentes de las mejores marcas \u00fanicamente a un precio muy competitivo. Su fiabilidad, bajos costes operativos, larga vida \u00fatil y alto valor residual tienen como resultado una alta rentabilidad de la inversi\u00f3n.<\/p>\n<h2><strong>Paquete completo de opciones orientado a su uso \u00a0<\/strong><\/h2>\n<p>El equipamiento est\u00e1ndar de g\u00f3ndola de cama baja polivalente OSDS es completo e incluye suspensi\u00f3n neum\u00e1tica , direcci\u00f3n auto-direccional y gran n\u00famero de anillas de amarre abatibles con certificaci\u00f3n T\u00dcV. Con su paquete de opciones bien pensado la g\u00f3ndola OSDS se puede mejorar seg\u00fan se requiera para sus usos espec\u00edficos, los cuales pueden ir desde un transporte eficiente de varias plataformas de acceso peque\u00f1as, maquinaria pesada de construcci\u00f3n a mercanc\u00edas cargadas en gr\u00faa con dimensiones excepcionales.[\/vc_column_text][\/vc_column][vc_column width=\u00bb1\/2&#8243;][vc_single_image image=\u00bb1627&#8243; img_size=\u00bblarge\u00bb][\/vc_column][\/vc_row][vc_row][vc_column]<div class=\"content hidden\">\n\n\t<\/p>\n<div class=\"wrapper\">\n<div class=\"more-detail__col more-detail__co--img\">\n<p>La g\u00f3ndola de cama baja OSDS est\u00e1 disponible, entre otras cosas, con:<\/p>\n<ul>\n<li>3 o 4 ejes<\/li>\n<li>1 o 2 ejes traseros auto-direccionales<\/li>\n<li>Cuello de cisne fino pero extremadamente fuerte<\/li>\n<li>Cama fija \u00f3 extensible<\/li>\n<li>Suspensi\u00f3n neum\u00e1tica con sube\/baja<\/li>\n<li>MTMA por ejes de 9 o 10 t\/eje a 80\u00a0km\/h<\/li>\n<li>Ejes SAF<\/li>\n<li>Neum\u00e1ticos 235\/75R17.5 o 245\/70R17.5<\/li>\n<li>Distancia entre ejes 1360 mm<\/li>\n<li>Anchura cama 2520\u00a0mm<\/li>\n<li>Altura cama cargada aprox. 860\u00a0mm en posici\u00f3n de conducci\u00f3n<\/li>\n<li>Ensanchadores extra\u00edbles<\/li>\n<li>Suelo de la cama de madera dura o de rejilla galvanizada<\/li>\n<li>Una amplia gama de rampas para diferentes aplicaciones &#8211; con una peque\u00f1a inclinaci\u00f3n y conexi\u00f3n directa a la cama<\/li>\n<li>Elecci\u00f3n de diversas cajas de almacenaje<\/li>\n<li>Cabestrante con mando a distancia y accesorios<\/li>\n<\/ul>\n<\/div>\n<\/div>\n<p>\n\n<\/div>\n\n<div class=\"vc_read_more print more\">\n\n\t\t\t<p>La g\u00f3ndola de cama baja OSDS est\u00e1 disponible, entre otras cosas, con:<\/p>\n\t\n\t<a href=\"#readmore\" data-less=\"Leer menos \" data-more=\"Leer m\u00e1s\" class=\"button\">\n\t\t<em>Leer m\u00e1s<\/em>\n\t\t<span class=\"fa fa-chevron-right\"><\/span>\n\t<\/a>\n\n<\/div>[vc_video link=\u00bbhttps:\/\/youtu.be\/n8Thz7xAFGE\u00bb align=\u00bbcenter\u00bb][\/vc_column][\/vc_row][vc_row][vc_column width=\u00bb1\/2&#8243;]<div class=\"vc_contact\">\n\n\t\t\t<h3>\u00bf Preguntas o m\u00e1s informaci\u00f3n ?<\/h3>\n\t\n\t<p><a href=\"https:\/\/www.nooteboom.com\/es\/es\/contacto\/\">Contact\u00e9 <\/a>con noostros<\/p>\n\n\t\t\t<a target=\"\" href=\"https:\/\/www.nooteboom.com\/es\/contacto\/\" class=\"button\">\n\t\t\tEncuentre la persona de contacto\t\t\t<span class=\"fa fa-chevron-right\"><\/span>\n\t\t<\/a>\n\t\n<\/div>[\/vc_column][vc_column width=\u00bb1\/2&#8243;][\/vc_column][\/vc_row]<\/p>\n<\/div>","protected":false},"excerpt":{"rendered":"[vc_row][vc_column][vc_column_text] G\u00f3ndolas de cama baja con autodirecci\u00f3n OSDS Con la presentaci\u00f3n de la OSDS Nooteboom ha establecido un nuevo est\u00e1ndar&#8230;","protected":false},"author":45,"featured_media":2699425,"parent":0,"menu_order":0,"comment_status":"closed","ping_status":"closed","template":"","meta":{"_acf_changed":false,"inline_featured_image":false,"footnotes":""},"class_list":["post-10495","page","type-page","status-publish","has-post-thumbnail","hentry"],"acf":[],"yoast_head":"<!-- This site is optimized with the Yoast SEO Premium plugin v25.7.1 (Yoast SEO v25.7) - https:\/\/yoast.com\/wordpress\/plugins\/seo\/ -->\n<title>G\u00f3ndolas de cama baja con autodirecci\u00f3n OSDS | Nooteboom Trailers<\/title>\n<meta name=\"description\" content=\"Con la presentaci\u00f3n de la OSDS Nooteboom ha establecido un nuevo est\u00e1ndar en el mercado.\" \/>\n<meta name=\"robots\" content=\"index, follow, max-snippet:-1, max-image-preview:large, max-video-preview:-1\" \/>\n<link rel=\"canonical\" href=\"https:\/\/www.nooteboom.com\/es\/gondolas-de-cama-baja-con-autodireccion-osds\/\" \/>\n<meta property=\"og:locale\" content=\"es_ES\" \/>\n<meta property=\"og:type\" content=\"article\" \/>\n<meta property=\"og:title\" content=\"G\u00f3ndolas de cama baja con autodirecci\u00f3n OSDS\" \/>\n<meta property=\"og:description\" content=\"Con la presentaci\u00f3n de la OSDS Nooteboom ha establecido un nuevo est\u00e1ndar en el mercado.\" \/>\n<meta property=\"og:url\" content=\"https:\/\/www.nooteboom.com\/es\/gondolas-de-cama-baja-con-autodireccion-osds\/\" \/>\n<meta property=\"og:site_name\" content=\"Nooteboom Trailers\" \/>\n<meta property=\"article:publisher\" content=\"https:\/\/nl-nl.facebook.com\/nooteboomtrailers\/\" \/>\n<meta property=\"article:modified_time\" content=\"2016-08-30T14:06:51+00:00\" \/>\n<meta property=\"og:image\" content=\"https:\/\/www.nooteboom.com\/wp-content\/uploads\/Balavto-e1472565984105.jpg\" \/>\n\t<meta property=\"og:image:width\" content=\"2288\" \/>\n\t<meta property=\"og:image:height\" content=\"1235\" \/>\n\t<meta property=\"og:image:type\" content=\"image\/jpeg\" \/>\n<meta name=\"twitter:card\" content=\"summary_large_image\" \/>\n<meta name=\"twitter:label1\" content=\"Tiempo de lectura\" \/>\n\t<meta name=\"twitter:data1\" content=\"3 minutos\" \/>\n<script type=\"application\/ld+json\" class=\"yoast-schema-graph\">{\"@context\":\"https:\/\/schema.org\",\"@graph\":[{\"@type\":\"WebPage\",\"@id\":\"https:\/\/www.nooteboom.com\/es\/gondolas-de-cama-baja-con-autodireccion-osds\/\",\"url\":\"https:\/\/www.nooteboom.com\/es\/gondolas-de-cama-baja-con-autodireccion-osds\/\",\"name\":\"G\u00f3ndolas de cama baja con autodirecci\u00f3n OSDS | Nooteboom Trailers\",\"isPartOf\":{\"@id\":\"https:\/\/www.nooteboom.com\/es\/#website\"},\"primaryImageOfPage\":{\"@id\":\"https:\/\/www.nooteboom.com\/es\/gondolas-de-cama-baja-con-autodireccion-osds\/#primaryimage\"},\"image\":{\"@id\":\"https:\/\/www.nooteboom.com\/es\/gondolas-de-cama-baja-con-autodireccion-osds\/#primaryimage\"},\"thumbnailUrl\":\"https:\/\/www.nooteboom.com\/wp-content\/uploads\/OSDS-169.jpg\",\"datePublished\":\"2016-08-08T08:07:42+00:00\",\"dateModified\":\"2016-08-30T14:06:51+00:00\",\"description\":\"Con la presentaci\u00f3n de la OSDS Nooteboom ha establecido un nuevo est\u00e1ndar en el mercado.\",\"breadcrumb\":{\"@id\":\"https:\/\/www.nooteboom.com\/es\/gondolas-de-cama-baja-con-autodireccion-osds\/#breadcrumb\"},\"inLanguage\":\"es\",\"potentialAction\":[{\"@type\":\"ReadAction\",\"target\":[\"https:\/\/www.nooteboom.com\/es\/gondolas-de-cama-baja-con-autodireccion-osds\/\"]}]},{\"@type\":\"ImageObject\",\"inLanguage\":\"es\",\"@id\":\"https:\/\/www.nooteboom.com\/es\/gondolas-de-cama-baja-con-autodireccion-osds\/#primaryimage\",\"url\":\"https:\/\/www.nooteboom.com\/wp-content\/uploads\/OSDS-169.jpg\",\"contentUrl\":\"https:\/\/www.nooteboom.com\/wp-content\/uploads\/OSDS-169.jpg\",\"width\":1920,\"height\":1080,\"caption\":\"OSDS\"},{\"@type\":\"BreadcrumbList\",\"@id\":\"https:\/\/www.nooteboom.com\/es\/gondolas-de-cama-baja-con-autodireccion-osds\/#breadcrumb\",\"itemListElement\":[{\"@type\":\"ListItem\",\"position\":1,\"name\":\"Home\",\"item\":\"https:\/\/www.nooteboom.com\/es\/\"},{\"@type\":\"ListItem\",\"position\":2,\"name\":\"G\u00f3ndolas de cama baja con autodirecci\u00f3n OSDS\"}]},{\"@type\":\"WebSite\",\"@id\":\"https:\/\/www.nooteboom.com\/es\/#website\",\"url\":\"https:\/\/www.nooteboom.com\/es\/\",\"name\":\"Nooteboom Trailers\",\"description\":\"Gets you there.\",\"publisher\":{\"@id\":\"https:\/\/www.nooteboom.com\/es\/#organization\"},\"potentialAction\":[{\"@type\":\"SearchAction\",\"target\":{\"@type\":\"EntryPoint\",\"urlTemplate\":\"https:\/\/www.nooteboom.com\/es\/?s={search_term_string}\"},\"query-input\":{\"@type\":\"PropertyValueSpecification\",\"valueRequired\":true,\"valueName\":\"search_term_string\"}}],\"inLanguage\":\"es\"},{\"@type\":\"Organization\",\"@id\":\"https:\/\/www.nooteboom.com\/es\/#organization\",\"name\":\"Nooteboom Trailers\",\"url\":\"https:\/\/www.nooteboom.com\/es\/\",\"logo\":{\"@type\":\"ImageObject\",\"inLanguage\":\"es\",\"@id\":\"https:\/\/www.nooteboom.com\/es\/#\/schema\/logo\/image\/\",\"url\":\"https:\/\/www.nooteboom.com\/wp-content\/uploads\/logo.png\",\"contentUrl\":\"https:\/\/www.nooteboom.com\/wp-content\/uploads\/logo.png\",\"width\":111,\"height\":66,\"caption\":\"Nooteboom Trailers\"},\"image\":{\"@id\":\"https:\/\/www.nooteboom.com\/es\/#\/schema\/logo\/image\/\"},\"sameAs\":[\"https:\/\/nl-nl.facebook.com\/nooteboomtrailers\/\",\"https:\/\/nl.linkedin.com\/company\/nooteboom-trailers\",\"https:\/\/www.youtube.com\/user\/Nooteboomtrailers\"]}]}<\/script>\n<!-- \/ Yoast SEO Premium plugin. -->","yoast_head_json":{"title":"G\u00f3ndolas de cama baja con autodirecci\u00f3n OSDS | Nooteboom Trailers","description":"Con la presentaci\u00f3n de la OSDS Nooteboom ha establecido un nuevo est\u00e1ndar en el mercado.","robots":{"index":"index","follow":"follow","max-snippet":"max-snippet:-1","max-image-preview":"max-image-preview:large","max-video-preview":"max-video-preview:-1"},"canonical":"https:\/\/www.nooteboom.com\/es\/gondolas-de-cama-baja-con-autodireccion-osds\/","og_locale":"es_ES","og_type":"article","og_title":"G\u00f3ndolas de cama baja con autodirecci\u00f3n OSDS","og_description":"Con la presentaci\u00f3n de la OSDS Nooteboom ha establecido un nuevo est\u00e1ndar en el mercado.","og_url":"https:\/\/www.nooteboom.com\/es\/gondolas-de-cama-baja-con-autodireccion-osds\/","og_site_name":"Nooteboom Trailers","article_publisher":"https:\/\/nl-nl.facebook.com\/nooteboomtrailers\/","article_modified_time":"2016-08-30T14:06:51+00:00","og_image":[{"width":2288,"height":1235,"url":"https:\/\/www.nooteboom.com\/wp-content\/uploads\/Balavto-e1472565984105.jpg","type":"image\/jpeg"}],"twitter_card":"summary_large_image","twitter_misc":{"Tiempo de lectura":"3 minutos"},"schema":{"@context":"https:\/\/schema.org","@graph":[{"@type":"WebPage","@id":"https:\/\/www.nooteboom.com\/es\/gondolas-de-cama-baja-con-autodireccion-osds\/","url":"https:\/\/www.nooteboom.com\/es\/gondolas-de-cama-baja-con-autodireccion-osds\/","name":"G\u00f3ndolas de cama baja con autodirecci\u00f3n OSDS | Nooteboom Trailers","isPartOf":{"@id":"https:\/\/www.nooteboom.com\/es\/#website"},"primaryImageOfPage":{"@id":"https:\/\/www.nooteboom.com\/es\/gondolas-de-cama-baja-con-autodireccion-osds\/#primaryimage"},"image":{"@id":"https:\/\/www.nooteboom.com\/es\/gondolas-de-cama-baja-con-autodireccion-osds\/#primaryimage"},"thumbnailUrl":"https:\/\/www.nooteboom.com\/wp-content\/uploads\/OSDS-169.jpg","datePublished":"2016-08-08T08:07:42+00:00","dateModified":"2016-08-30T14:06:51+00:00","description":"Con la presentaci\u00f3n de la OSDS Nooteboom ha establecido un nuevo est\u00e1ndar en el mercado.","breadcrumb":{"@id":"https:\/\/www.nooteboom.com\/es\/gondolas-de-cama-baja-con-autodireccion-osds\/#breadcrumb"},"inLanguage":"es","potentialAction":[{"@type":"ReadAction","target":["https:\/\/www.nooteboom.com\/es\/gondolas-de-cama-baja-con-autodireccion-osds\/"]}]},{"@type":"ImageObject","inLanguage":"es","@id":"https:\/\/www.nooteboom.com\/es\/gondolas-de-cama-baja-con-autodireccion-osds\/#primaryimage","url":"https:\/\/www.nooteboom.com\/wp-content\/uploads\/OSDS-169.jpg","contentUrl":"https:\/\/www.nooteboom.com\/wp-content\/uploads\/OSDS-169.jpg","width":1920,"height":1080,"caption":"OSDS"},{"@type":"BreadcrumbList","@id":"https:\/\/www.nooteboom.com\/es\/gondolas-de-cama-baja-con-autodireccion-osds\/#breadcrumb","itemListElement":[{"@type":"ListItem","position":1,"name":"Home","item":"https:\/\/www.nooteboom.com\/es\/"},{"@type":"ListItem","position":2,"name":"G\u00f3ndolas de cama baja con autodirecci\u00f3n OSDS"}]},{"@type":"WebSite","@id":"https:\/\/www.nooteboom.com\/es\/#website","url":"https:\/\/www.nooteboom.com\/es\/","name":"Nooteboom Trailers","description":"Gets you there.","publisher":{"@id":"https:\/\/www.nooteboom.com\/es\/#organization"},"potentialAction":[{"@type":"SearchAction","target":{"@type":"EntryPoint","urlTemplate":"https:\/\/www.nooteboom.com\/es\/?s={search_term_string}"},"query-input":{"@type":"PropertyValueSpecification","valueRequired":true,"valueName":"search_term_string"}}],"inLanguage":"es"},{"@type":"Organization","@id":"https:\/\/www.nooteboom.com\/es\/#organization","name":"Nooteboom Trailers","url":"https:\/\/www.nooteboom.com\/es\/","logo":{"@type":"ImageObject","inLanguage":"es","@id":"https:\/\/www.nooteboom.com\/es\/#\/schema\/logo\/image\/","url":"https:\/\/www.nooteboom.com\/wp-content\/uploads\/logo.png","contentUrl":"https:\/\/www.nooteboom.com\/wp-content\/uploads\/logo.png","width":111,"height":66,"caption":"Nooteboom Trailers"},"image":{"@id":"https:\/\/www.nooteboom.com\/es\/#\/schema\/logo\/image\/"},"sameAs":["https:\/\/nl-nl.facebook.com\/nooteboomtrailers\/","https:\/\/nl.linkedin.com\/company\/nooteboom-trailers","https:\/\/www.youtube.com\/user\/Nooteboomtrailers"]}]}},"_links":{"self":[{"href":"https:\/\/www.nooteboom.com\/es\/wp-json\/wp\/v2\/pages\/10495","targetHints":{"allow":["GET"]}}],"collection":[{"href":"https:\/\/www.nooteboom.com\/es\/wp-json\/wp\/v2\/pages"}],"about":[{"href":"https:\/\/www.nooteboom.com\/es\/wp-json\/wp\/v2\/types\/page"}],"author":[{"embeddable":true,"href":"https:\/\/www.nooteboom.com\/es\/wp-json\/wp\/v2\/users\/45"}],"replies":[{"embeddable":true,"href":"https:\/\/www.nooteboom.com\/es\/wp-json\/wp\/v2\/comments?post=10495"}],"version-history":[{"count":5,"href":"https:\/\/www.nooteboom.com\/es\/wp-json\/wp\/v2\/pages\/10495\/revisions"}],"predecessor-version":[{"id":13643,"href":"https:\/\/www.nooteboom.com\/es\/wp-json\/wp\/v2\/pages\/10495\/revisions\/13643"}],"wp:featuredmedia":[{"embeddable":true,"href":"https:\/\/www.nooteboom.com\/es\/wp-json\/wp\/v2\/media\/2699425"}],"wp:attachment":[{"href":"https:\/\/www.nooteboom.com\/es\/wp-json\/wp\/v2\/media?parent=10495"}],"curies":[{"name":"wp","href":"https:\/\/api.w.org\/{rel}","templated":true}]}}