{"id":10491,"date":"2016-08-08T10:04:56","date_gmt":"2016-08-08T08:04:56","guid":{"rendered":"https:\/\/www.nooteboom.com\/?page_id=10491&#038;lang=es"},"modified":"2016-08-11T10:53:28","modified_gmt":"2016-08-11T08:53:28","slug":"gondolas-de-cama-baja-con-autodireccion-osd","status":"publish","type":"page","link":"https:\/\/www.nooteboom.com\/es\/gondolas-de-cama-baja-con-autodireccion-osd\/","title":{"rendered":"G\u00f3ndolas de cama baja con autodirecci\u00f3n OSD"},"content":{"rendered":"<div class=\"wpb-content-wrapper\"><p>[vc_row][vc_column][vc_column_text]<\/p>\n<h2><strong><img loading=\"lazy\" decoding=\"async\" class=\"size-full wp-image-1448 alignright\" src=\"https:\/\/www.nooteboom.com\/wp-content\/uploads\/Multitrailers.png\" alt=\"Multitrailers\" width=\"115\" height=\"115\" \/><\/strong><\/h2>\n<h2>G\u00f3ndolas de cama baja con autodirecci\u00f3n OSD<\/h2>\n<p>Nooteboom puede adaptar la g\u00f3ndola de cama baja OSD para que cumpla todos los requisitos del operador profesional de transporte por carretera. El programa OSD incluye una amplia gama de g\u00f3ndolas de cama baja con autodirecci\u00f3n, disponibles en muchas versiones para las aplicaciones m\u00e1s diversas. Donde se acaban las opciones de OSDS en el programa SMART, OSD del programa PRO de Nooteboom toma el control.<\/p>\n<h2><strong>\u00a0<\/strong><\/h2>\n<p>[\/vc_column_text][\/vc_column][\/vc_row][vc_row][vc_column width=\u00bb1\/2&#8243;][vc_column_text]<\/p>\n<h2>Baja y m\u00e1s baja<\/h2>\n<p>La OSD de Nooteboom incluye dos grupos de g\u00f3ndolas de cama baja con varias alturas de la cama. Las OSD, con una altura est\u00e1ndar de la cama cargada de 88\u00a0cm aprox. en posici\u00f3n de conducci\u00f3n, disponibles en una versi\u00f3n con 10\u00a0t\/eje o 12\u00a0t\/eje a 80\u00a0km\/h. Adem\u00e1s Nooteboom ofrece las g\u00f3ndolas de cama baja OSD con una altura de la cama ultrabaja de 78\u00a0cm aprox. en posici\u00f3n de conducci\u00f3n, con neum\u00e1ticos superbajos , adecuados t\u00e9cnicamente para 8\u00a0t\/eje a 80\u00a0km\/h.<\/p>\n<h2>Paquete completo de opciones y hecho bajo pedido<\/h2>\n<p>Con un paquete completo de opciones, las dimensiones y el equipo de la g\u00f3ndola de cama baja OSD se pueden adaptar a los usos espec\u00edficos. Adem\u00e1s de las opciones usuales, Nooteboom tambi\u00e9n puede entregar OSD a medida. La g\u00f3ndola de cama baja se puede hacer para que cumpla los requisitos espec\u00edficos del cliente. El acabado y la conservaci\u00f3n son de m\u00e1xima calidad, el chasis se galvaniza completamente mediante pulverizaci\u00f3n t\u00e9rmica.[\/vc_column_text][\/vc_column][vc_column width=\u00bb1\/2&#8243;][vc_single_image image=\u00bb1628&#8243; img_size=\u00bblarge\u00bb][vc_single_image image=\u00bb1692&#8243; img_size=\u00bblarge\u00bb][\/vc_column][\/vc_row][vc_row][vc_column]<div class=\"content hidden\">\n\n\t<\/p>\n<div class=\"wrapper\">\n<div class=\"more-detail__col more-detail__co--img\">\n<p>La g\u00f3ndola de cama baja OSD est\u00e1 disponible, entre otras cosas, con:<\/p>\n<ul>\n<li>2 a 5 ejes<\/li>\n<li>El pen\u00faltimo \u00f3 \u00faltimo eje puede ser direccional<\/li>\n<li>Cuello de cisne con un peso en el kinping de 18\u00a0t o 25<\/li>\n<li>Plataforma fija \u00f3 extensible<\/li>\n<li>Sube\/baja en la suspensi\u00f3n neum\u00e1tica \u00f3 hidroneum\u00e1tica<\/li>\n<li>Altura de la cama en posici\u00f3n de conducci\u00f3n de 780\u00a0mm, aprox. con neum\u00e1ticos 205\/65R17.5 y un peso por eje 8 tons. a 80\u00a0km\/h<\/li>\n<li>Altura de la cama en posici\u00f3n de conducci\u00f3n de 880\u00a0mm, aprox. con neum\u00e1ticos 235\/75R17.5 o 245\/70R17.5 y un peso por eje de 10 tons \u00f3 12 tons. a 80\u00a0km\/h<\/li>\n<li>Ejes SAF o ejes BPW<\/li>\n<li>Distancia entre ejes 1360\u00a0mm<\/li>\n<li>Anchura de la cama 2520\u00a0mm o 2740\u00a0mm<\/li>\n<li>Una amplia gama de rampas para diferentes finalidades &#8211; con una peque\u00f1a inclinaci\u00f3n y conexi\u00f3n directa con la cama.<\/li>\n<li>Diversas opciones orientadas a su finalidad, tales como huecos para ruedas y ranura para excavadora, adem\u00e1s de fabricaci\u00f3n bajo pedido.<\/li>\n<\/ul>\n<\/div>\n<\/div>\n<p>\n\n<\/div>\n\n<div class=\"vc_read_more print more\">\n\n\t\t\t<p>La g\u00f3ndola de cama baja OSD est\u00e1 disponible, entre otras cosas, con:<\/p>\n\t\n\t<a href=\"#readmore\" data-less=\"Leer menos \" data-more=\"Leer m\u00e1s\" class=\"button\">\n\t\t<em>Leer m\u00e1s<\/em>\n\t\t<span class=\"fa fa-chevron-right\"><\/span>\n\t<\/a>\n\n<\/div>[\/vc_column][\/vc_row][vc_row][vc_column width=\u00bb1\/2&#8243;]<div class=\"vc_contact\">\n\n\t\t\t<h3>\u00bf Preguntas o m\u00e1s informaci\u00f3n ?<\/h3>\n\t\n\t<p><a href=\"https:\/\/www.nooteboom.com\/es\/es\/contacto\/\">Contact\u00e9 <\/a>con noostros<\/p>\n\n\t\t\t<a target=\"\" href=\"https:\/\/www.nooteboom.com\/es\/contacto\/\" class=\"button\">\n\t\t\tEncuentre la persona de contacto\t\t\t<span class=\"fa fa-chevron-right\"><\/span>\n\t\t<\/a>\n\t\n<\/div>[\/vc_column][vc_column width=\u00bb1\/2&#8243;][\/vc_column][\/vc_row]<\/p>\n<\/div>","protected":false},"excerpt":{"rendered":"[vc_row][vc_column][vc_column_text] G\u00f3ndolas de cama baja con autodirecci\u00f3n OSD Nooteboom puede adaptar la g\u00f3ndola de cama baja OSD para que cumpla&#8230;","protected":false},"author":45,"featured_media":2699731,"parent":0,"menu_order":0,"comment_status":"closed","ping_status":"closed","template":"","meta":{"_acf_changed":false,"inline_featured_image":false,"footnotes":""},"class_list":["post-10491","page","type-page","status-publish","has-post-thumbnail","hentry"],"acf":[],"yoast_head":"<!-- This site is optimized with the Yoast SEO Premium plugin v25.7.1 (Yoast SEO v25.7) - https:\/\/yoast.com\/wordpress\/plugins\/seo\/ -->\n<title>G\u00f3ndolas de cama baja con autodirecci\u00f3n OSD | Nooteboom Trailers<\/title>\n<meta name=\"description\" content=\"Nooteboom puede adaptar la g\u00f3ndola de cama baja OSD para que cumpla todos los requisitos del operador profesional de transporte por carretera.\" \/>\n<meta name=\"robots\" content=\"index, follow, max-snippet:-1, max-image-preview:large, max-video-preview:-1\" \/>\n<link rel=\"canonical\" href=\"https:\/\/www.nooteboom.com\/es\/gondolas-de-cama-baja-con-autodireccion-osd\/\" \/>\n<meta property=\"og:locale\" content=\"es_ES\" \/>\n<meta property=\"og:type\" content=\"article\" \/>\n<meta property=\"og:title\" content=\"G\u00f3ndolas de cama baja con autodirecci\u00f3n OSD\" \/>\n<meta property=\"og:description\" content=\"Nooteboom puede adaptar la g\u00f3ndola de cama baja OSD para que cumpla todos los requisitos del operador profesional de transporte por carretera.\" \/>\n<meta property=\"og:url\" content=\"https:\/\/www.nooteboom.com\/es\/gondolas-de-cama-baja-con-autodireccion-osd\/\" \/>\n<meta property=\"og:site_name\" content=\"Nooteboom Trailers\" \/>\n<meta property=\"article:publisher\" content=\"https:\/\/nl-nl.facebook.com\/nooteboomtrailers\/\" \/>\n<meta property=\"article:modified_time\" content=\"2016-08-11T08:53:28+00:00\" \/>\n<meta property=\"og:image\" content=\"https:\/\/www.nooteboom.com\/wp-content\/uploads\/Douglas-OSD73-04-1.jpg\" \/>\n\t<meta property=\"og:image:width\" content=\"2272\" \/>\n\t<meta property=\"og:image:height\" content=\"1216\" \/>\n\t<meta property=\"og:image:type\" content=\"image\/jpeg\" \/>\n<meta name=\"twitter:card\" content=\"summary_large_image\" \/>\n<meta name=\"twitter:label1\" content=\"Tiempo de lectura\" \/>\n\t<meta name=\"twitter:data1\" content=\"3 minutos\" \/>\n<script type=\"application\/ld+json\" class=\"yoast-schema-graph\">{\"@context\":\"https:\/\/schema.org\",\"@graph\":[{\"@type\":\"WebPage\",\"@id\":\"https:\/\/www.nooteboom.com\/es\/gondolas-de-cama-baja-con-autodireccion-osd\/\",\"url\":\"https:\/\/www.nooteboom.com\/es\/gondolas-de-cama-baja-con-autodireccion-osd\/\",\"name\":\"G\u00f3ndolas de cama baja con autodirecci\u00f3n OSD | Nooteboom Trailers\",\"isPartOf\":{\"@id\":\"https:\/\/www.nooteboom.com\/es\/#website\"},\"primaryImageOfPage\":{\"@id\":\"https:\/\/www.nooteboom.com\/es\/gondolas-de-cama-baja-con-autodireccion-osd\/#primaryimage\"},\"image\":{\"@id\":\"https:\/\/www.nooteboom.com\/es\/gondolas-de-cama-baja-con-autodireccion-osd\/#primaryimage\"},\"thumbnailUrl\":\"https:\/\/www.nooteboom.com\/wp-content\/uploads\/osd7304.jpg\",\"datePublished\":\"2016-08-08T08:04:56+00:00\",\"dateModified\":\"2016-08-11T08:53:28+00:00\",\"description\":\"Nooteboom puede adaptar la g\u00f3ndola de cama baja OSD para que cumpla todos los requisitos del operador profesional de transporte por carretera.\",\"breadcrumb\":{\"@id\":\"https:\/\/www.nooteboom.com\/es\/gondolas-de-cama-baja-con-autodireccion-osd\/#breadcrumb\"},\"inLanguage\":\"es\",\"potentialAction\":[{\"@type\":\"ReadAction\",\"target\":[\"https:\/\/www.nooteboom.com\/es\/gondolas-de-cama-baja-con-autodireccion-osd\/\"]}]},{\"@type\":\"ImageObject\",\"inLanguage\":\"es\",\"@id\":\"https:\/\/www.nooteboom.com\/es\/gondolas-de-cama-baja-con-autodireccion-osd\/#primaryimage\",\"url\":\"https:\/\/www.nooteboom.com\/wp-content\/uploads\/osd7304.jpg\",\"contentUrl\":\"https:\/\/www.nooteboom.com\/wp-content\/uploads\/osd7304.jpg\",\"width\":1850,\"height\":1040},{\"@type\":\"BreadcrumbList\",\"@id\":\"https:\/\/www.nooteboom.com\/es\/gondolas-de-cama-baja-con-autodireccion-osd\/#breadcrumb\",\"itemListElement\":[{\"@type\":\"ListItem\",\"position\":1,\"name\":\"Home\",\"item\":\"https:\/\/www.nooteboom.com\/es\/\"},{\"@type\":\"ListItem\",\"position\":2,\"name\":\"G\u00f3ndolas de cama baja con autodirecci\u00f3n OSD\"}]},{\"@type\":\"WebSite\",\"@id\":\"https:\/\/www.nooteboom.com\/es\/#website\",\"url\":\"https:\/\/www.nooteboom.com\/es\/\",\"name\":\"Nooteboom Trailers\",\"description\":\"Gets you there.\",\"publisher\":{\"@id\":\"https:\/\/www.nooteboom.com\/es\/#organization\"},\"potentialAction\":[{\"@type\":\"SearchAction\",\"target\":{\"@type\":\"EntryPoint\",\"urlTemplate\":\"https:\/\/www.nooteboom.com\/es\/?s={search_term_string}\"},\"query-input\":{\"@type\":\"PropertyValueSpecification\",\"valueRequired\":true,\"valueName\":\"search_term_string\"}}],\"inLanguage\":\"es\"},{\"@type\":\"Organization\",\"@id\":\"https:\/\/www.nooteboom.com\/es\/#organization\",\"name\":\"Nooteboom Trailers\",\"url\":\"https:\/\/www.nooteboom.com\/es\/\",\"logo\":{\"@type\":\"ImageObject\",\"inLanguage\":\"es\",\"@id\":\"https:\/\/www.nooteboom.com\/es\/#\/schema\/logo\/image\/\",\"url\":\"https:\/\/www.nooteboom.com\/wp-content\/uploads\/logo.png\",\"contentUrl\":\"https:\/\/www.nooteboom.com\/wp-content\/uploads\/logo.png\",\"width\":111,\"height\":66,\"caption\":\"Nooteboom Trailers\"},\"image\":{\"@id\":\"https:\/\/www.nooteboom.com\/es\/#\/schema\/logo\/image\/\"},\"sameAs\":[\"https:\/\/nl-nl.facebook.com\/nooteboomtrailers\/\",\"https:\/\/nl.linkedin.com\/company\/nooteboom-trailers\",\"https:\/\/www.youtube.com\/user\/Nooteboomtrailers\"]}]}<\/script>\n<!-- \/ Yoast SEO Premium plugin. -->","yoast_head_json":{"title":"G\u00f3ndolas de cama baja con autodirecci\u00f3n OSD | Nooteboom Trailers","description":"Nooteboom puede adaptar la g\u00f3ndola de cama baja OSD para que cumpla todos los requisitos del operador profesional de transporte por carretera.","robots":{"index":"index","follow":"follow","max-snippet":"max-snippet:-1","max-image-preview":"max-image-preview:large","max-video-preview":"max-video-preview:-1"},"canonical":"https:\/\/www.nooteboom.com\/es\/gondolas-de-cama-baja-con-autodireccion-osd\/","og_locale":"es_ES","og_type":"article","og_title":"G\u00f3ndolas de cama baja con autodirecci\u00f3n OSD","og_description":"Nooteboom puede adaptar la g\u00f3ndola de cama baja OSD para que cumpla todos los requisitos del operador profesional de transporte por carretera.","og_url":"https:\/\/www.nooteboom.com\/es\/gondolas-de-cama-baja-con-autodireccion-osd\/","og_site_name":"Nooteboom Trailers","article_publisher":"https:\/\/nl-nl.facebook.com\/nooteboomtrailers\/","article_modified_time":"2016-08-11T08:53:28+00:00","og_image":[{"width":2272,"height":1216,"url":"https:\/\/www.nooteboom.com\/wp-content\/uploads\/Douglas-OSD73-04-1.jpg","type":"image\/jpeg"}],"twitter_card":"summary_large_image","twitter_misc":{"Tiempo de lectura":"3 minutos"},"schema":{"@context":"https:\/\/schema.org","@graph":[{"@type":"WebPage","@id":"https:\/\/www.nooteboom.com\/es\/gondolas-de-cama-baja-con-autodireccion-osd\/","url":"https:\/\/www.nooteboom.com\/es\/gondolas-de-cama-baja-con-autodireccion-osd\/","name":"G\u00f3ndolas de cama baja con autodirecci\u00f3n OSD | Nooteboom Trailers","isPartOf":{"@id":"https:\/\/www.nooteboom.com\/es\/#website"},"primaryImageOfPage":{"@id":"https:\/\/www.nooteboom.com\/es\/gondolas-de-cama-baja-con-autodireccion-osd\/#primaryimage"},"image":{"@id":"https:\/\/www.nooteboom.com\/es\/gondolas-de-cama-baja-con-autodireccion-osd\/#primaryimage"},"thumbnailUrl":"https:\/\/www.nooteboom.com\/wp-content\/uploads\/osd7304.jpg","datePublished":"2016-08-08T08:04:56+00:00","dateModified":"2016-08-11T08:53:28+00:00","description":"Nooteboom puede adaptar la g\u00f3ndola de cama baja OSD para que cumpla todos los requisitos del operador profesional de transporte por carretera.","breadcrumb":{"@id":"https:\/\/www.nooteboom.com\/es\/gondolas-de-cama-baja-con-autodireccion-osd\/#breadcrumb"},"inLanguage":"es","potentialAction":[{"@type":"ReadAction","target":["https:\/\/www.nooteboom.com\/es\/gondolas-de-cama-baja-con-autodireccion-osd\/"]}]},{"@type":"ImageObject","inLanguage":"es","@id":"https:\/\/www.nooteboom.com\/es\/gondolas-de-cama-baja-con-autodireccion-osd\/#primaryimage","url":"https:\/\/www.nooteboom.com\/wp-content\/uploads\/osd7304.jpg","contentUrl":"https:\/\/www.nooteboom.com\/wp-content\/uploads\/osd7304.jpg","width":1850,"height":1040},{"@type":"BreadcrumbList","@id":"https:\/\/www.nooteboom.com\/es\/gondolas-de-cama-baja-con-autodireccion-osd\/#breadcrumb","itemListElement":[{"@type":"ListItem","position":1,"name":"Home","item":"https:\/\/www.nooteboom.com\/es\/"},{"@type":"ListItem","position":2,"name":"G\u00f3ndolas de cama baja con autodirecci\u00f3n OSD"}]},{"@type":"WebSite","@id":"https:\/\/www.nooteboom.com\/es\/#website","url":"https:\/\/www.nooteboom.com\/es\/","name":"Nooteboom Trailers","description":"Gets you there.","publisher":{"@id":"https:\/\/www.nooteboom.com\/es\/#organization"},"potentialAction":[{"@type":"SearchAction","target":{"@type":"EntryPoint","urlTemplate":"https:\/\/www.nooteboom.com\/es\/?s={search_term_string}"},"query-input":{"@type":"PropertyValueSpecification","valueRequired":true,"valueName":"search_term_string"}}],"inLanguage":"es"},{"@type":"Organization","@id":"https:\/\/www.nooteboom.com\/es\/#organization","name":"Nooteboom Trailers","url":"https:\/\/www.nooteboom.com\/es\/","logo":{"@type":"ImageObject","inLanguage":"es","@id":"https:\/\/www.nooteboom.com\/es\/#\/schema\/logo\/image\/","url":"https:\/\/www.nooteboom.com\/wp-content\/uploads\/logo.png","contentUrl":"https:\/\/www.nooteboom.com\/wp-content\/uploads\/logo.png","width":111,"height":66,"caption":"Nooteboom Trailers"},"image":{"@id":"https:\/\/www.nooteboom.com\/es\/#\/schema\/logo\/image\/"},"sameAs":["https:\/\/nl-nl.facebook.com\/nooteboomtrailers\/","https:\/\/nl.linkedin.com\/company\/nooteboom-trailers","https:\/\/www.youtube.com\/user\/Nooteboomtrailers"]}]}},"_links":{"self":[{"href":"https:\/\/www.nooteboom.com\/es\/wp-json\/wp\/v2\/pages\/10491","targetHints":{"allow":["GET"]}}],"collection":[{"href":"https:\/\/www.nooteboom.com\/es\/wp-json\/wp\/v2\/pages"}],"about":[{"href":"https:\/\/www.nooteboom.com\/es\/wp-json\/wp\/v2\/types\/page"}],"author":[{"embeddable":true,"href":"https:\/\/www.nooteboom.com\/es\/wp-json\/wp\/v2\/users\/45"}],"replies":[{"embeddable":true,"href":"https:\/\/www.nooteboom.com\/es\/wp-json\/wp\/v2\/comments?post=10491"}],"version-history":[{"count":4,"href":"https:\/\/www.nooteboom.com\/es\/wp-json\/wp\/v2\/pages\/10491\/revisions"}],"predecessor-version":[{"id":11814,"href":"https:\/\/www.nooteboom.com\/es\/wp-json\/wp\/v2\/pages\/10491\/revisions\/11814"}],"wp:featuredmedia":[{"embeddable":true,"href":"https:\/\/www.nooteboom.com\/es\/wp-json\/wp\/v2\/media\/2699731"}],"wp:attachment":[{"href":"https:\/\/www.nooteboom.com\/es\/wp-json\/wp\/v2\/media?parent=10491"}],"curies":[{"name":"wp","href":"https:\/\/api.w.org\/{rel}","templated":true}]}}