{"id":10489,"date":"2016-08-08T10:00:13","date_gmt":"2016-08-08T08:00:13","guid":{"rendered":"https:\/\/www.nooteboom.com\/?page_id=10489&#038;lang=es"},"modified":"2026-03-12T15:44:16","modified_gmt":"2026-03-12T14:44:16","slug":"contacto-de-prensa-y-servicio","status":"publish","type":"page","link":"https:\/\/www.nooteboom.com\/es\/multimedia\/contacto-de-prensa-y-servicio\/","title":{"rendered":"Contacto de prensa y servicio"},"content":{"rendered":"<div class=\"wpb-content-wrapper\"><p>[vc_row][vc_column width=\u00bb2\/3&#8243;][vc_column_text]Estamos muy orgullosos de nuestro papel como pioneros en remolques para transporte especial \u00a0internacional por carretera. Introducimos regularmente novedades e innovaciones que a\u00f1aden otra dimensi\u00f3n a las operaciones de transporte pesado y especial. Publicamos art\u00edculos relacionados con esto por medio de nuestro servicio de prensa y redes sociales.[\/vc_column_text][vc_column_text]<\/p>\n<h2>\u00daltimos comunicados de prensa en nuestra sala de prensa<\/h2>\n<p>[\/vc_column_text][vc_raw_html]JTNDc2NyaXB0JTIwc3JjJTNEJTIyaHR0cHMlM0ElMkYlMkZwcmVzcy5ub290ZWJvb20uY29tJTJGd2lkZ2V0JTJGamF2YXNjcmlwdCUzRmN1bHR1cmUlM0Rlc19FUyUyNiUyNmRhdGVfZm9ybWF0JTNEeS1tLWQlMjZsaW1pdCUzRCU1Qm9iamVjdCUyMEhUTUxJbnB1dEVsZW1lbnQlNUQlMjZ0YXJnZXQlM0RibGFuayUyMiUyMHR5cGUlM0QlMjJ0ZXh0JTJGamF2YXNjcmlwdCUyMiUzRSUzQyUyRnNjcmlwdCUzRSUyMCUwQSUzQ2RpdiUyMGlkJTNEJTIycHJlemx5LXByZXNzcm9vbS1jb250YWluZXIlMjIlM0UlM0MlMkZkaXYlM0U=[\/vc_raw_html][\/vc_column][vc_column width=\u00bb1\/3&#8243;]<div class=\"vc_contact\">\n\n\t\t\t<h3>Press Contact<\/h3>\n\t\n\t<\/p>\n<div><img loading=\"lazy\" decoding=\"async\" class=\"alignnone size-medium wp-image-3172791\" src=\"https:\/\/www.nooteboom.com\/wp-content\/uploads\/Denise-Janssen-300x297.png\" alt=\"Denise-Janssen\" width=\"300\" height=\"297\" srcset=\"https:\/\/www.nooteboom.com\/wp-content\/uploads\/Denise-Janssen-300x297.png 300w, https:\/\/www.nooteboom.com\/wp-content\/uploads\/Denise-Janssen-150x150.png 150w, https:\/\/www.nooteboom.com\/wp-content\/uploads\/Denise-Janssen-768x761.png 768w, https:\/\/www.nooteboom.com\/wp-content\/uploads\/Denise-Janssen.png 800w\" sizes=\"auto, (max-width: 300px) 100vw, 300px\" \/><\/div>\n<div class=\"ContentPasted0\"><strong><br \/>\nNooteboom Trailers B.V.<\/strong><\/div>\n<div>Denise Janssen<\/div>\n<div class=\"ContentPasted0\">Marketing &amp; Communications<\/div>\n<div class=\"ContentPasted0\"><strong>T<\/strong>: <span data-slate-fragment=\"JTVCJTdCJTIydHlwZSUyMiUzQSUyMnBhcmFncmFwaCUyMiUyQyUyMmNoaWxkcmVuJTIyJTNBJTVCJTdCJTIydGV4dCUyMiUzQSUyMiUyQjMxJTIwNjg5JTIwOTM1OTQwJTIyJTdEJTVEJTJDJTIyaWQlMjIlM0ElMjJjZWE0ZWUxYS0zOGZhLTRmOTgtODdiNC1jMzA5NzAyMzAzYTIlMjIlN0QlNUQ=\">+31 689 935940<\/span><\/div>\n<div class=\"ContentPasted0\"><strong>E<\/strong>: <a title=\"mailto:press@nooteboom.com\" contenteditable=\"false\" href=\"mailto:press@nooteboom.com\">press@nooteboom.com<\/a><\/div>\n<p>\n\n\t\n<\/div>[\/vc_column][\/vc_row][vc_row][vc_column][vc_column_text]<\/p>\n<p style=\"text-align: left;\"><a class=\"button\" href=\"https:\/\/press.nooteboom.com\/es\" target=\"_blank\" rel=\"noopener\">Nooteboom Pressroom<\/a><\/p>\n<p>[\/vc_column_text][\/vc_column][\/vc_row]<\/p>\n<\/div>","protected":false},"excerpt":{"rendered":"[vc_row][vc_column width=\u00bb2\/3&#8243;][vc_column_text]Estamos muy orgullosos de nuestro papel como pioneros en remolques para transporte especial \u00a0internacional por carretera. Introducimos regularmente novedades&#8230;","protected":false},"author":45,"featured_media":2023215,"parent":10383,"menu_order":4,"comment_status":"closed","ping_status":"closed","template":"","meta":{"_acf_changed":false,"inline_featured_image":false,"footnotes":""},"class_list":["post-10489","page","type-page","status-publish","has-post-thumbnail","hentry"],"acf":[],"yoast_head":"<!-- This site is optimized with the Yoast SEO Premium plugin v25.7.1 (Yoast SEO v25.7) - https:\/\/yoast.com\/wordpress\/plugins\/seo\/ -->\n<title>Contacto de prensa y servicio | Nooteboom Trailers<\/title>\n<meta name=\"description\" content=\"Estamos muy orgullosos de nuestro papel como pioneros en remolques para transporte especial internacional por carretera.\" \/>\n<meta name=\"robots\" content=\"index, follow, max-snippet:-1, max-image-preview:large, max-video-preview:-1\" \/>\n<link rel=\"canonical\" href=\"https:\/\/www.nooteboom.com\/es\/multimedia\/contacto-de-prensa-y-servicio\/\" \/>\n<meta property=\"og:locale\" content=\"es_ES\" \/>\n<meta property=\"og:type\" content=\"article\" \/>\n<meta property=\"og:title\" content=\"Contacto de prensa y servicio\" \/>\n<meta property=\"og:description\" content=\"Estamos muy orgullosos de nuestro papel como pioneros en remolques para transporte especial internacional por carretera.\" \/>\n<meta property=\"og:url\" content=\"https:\/\/www.nooteboom.com\/es\/multimedia\/contacto-de-prensa-y-servicio\/\" \/>\n<meta property=\"og:site_name\" content=\"Nooteboom Trailers\" \/>\n<meta property=\"article:publisher\" content=\"https:\/\/nl-nl.facebook.com\/nooteboomtrailers\/\" \/>\n<meta property=\"article:modified_time\" content=\"2026-03-12T14:44:16+00:00\" \/>\n<meta property=\"og:image\" content=\"https:\/\/www.nooteboom.com\/wp-content\/uploads\/presscontact_and_service.-1-scaled.jpg\" \/>\n\t<meta property=\"og:image:width\" content=\"2048\" \/>\n\t<meta property=\"og:image:height\" content=\"871\" \/>\n\t<meta property=\"og:image:type\" content=\"image\/jpeg\" \/>\n<meta name=\"twitter:card\" content=\"summary_large_image\" \/>\n<meta name=\"twitter:label1\" content=\"Tiempo de lectura\" \/>\n\t<meta name=\"twitter:data1\" content=\"1 minuto\" \/>\n<script type=\"application\/ld+json\" class=\"yoast-schema-graph\">{\"@context\":\"https:\/\/schema.org\",\"@graph\":[{\"@type\":\"WebPage\",\"@id\":\"https:\/\/www.nooteboom.com\/es\/multimedia\/contacto-de-prensa-y-servicio\/\",\"url\":\"https:\/\/www.nooteboom.com\/es\/multimedia\/contacto-de-prensa-y-servicio\/\",\"name\":\"Contacto de prensa y servicio | Nooteboom Trailers\",\"isPartOf\":{\"@id\":\"https:\/\/www.nooteboom.com\/es\/#website\"},\"primaryImageOfPage\":{\"@id\":\"https:\/\/www.nooteboom.com\/es\/multimedia\/contacto-de-prensa-y-servicio\/#primaryimage\"},\"image\":{\"@id\":\"https:\/\/www.nooteboom.com\/es\/multimedia\/contacto-de-prensa-y-servicio\/#primaryimage\"},\"thumbnailUrl\":\"https:\/\/www.nooteboom.com\/wp-content\/uploads\/presscontact_and_service.-1-scaled.jpg\",\"datePublished\":\"2016-08-08T08:00:13+00:00\",\"dateModified\":\"2026-03-12T14:44:16+00:00\",\"description\":\"Estamos muy orgullosos de nuestro papel como pioneros en remolques para transporte especial internacional por carretera.\",\"breadcrumb\":{\"@id\":\"https:\/\/www.nooteboom.com\/es\/multimedia\/contacto-de-prensa-y-servicio\/#breadcrumb\"},\"inLanguage\":\"es\",\"potentialAction\":[{\"@type\":\"ReadAction\",\"target\":[\"https:\/\/www.nooteboom.com\/es\/multimedia\/contacto-de-prensa-y-servicio\/\"]}]},{\"@type\":\"ImageObject\",\"inLanguage\":\"es\",\"@id\":\"https:\/\/www.nooteboom.com\/es\/multimedia\/contacto-de-prensa-y-servicio\/#primaryimage\",\"url\":\"https:\/\/www.nooteboom.com\/wp-content\/uploads\/presscontact_and_service.-1-scaled.jpg\",\"contentUrl\":\"https:\/\/www.nooteboom.com\/wp-content\/uploads\/presscontact_and_service.-1-scaled.jpg\",\"width\":2048,\"height\":871,\"caption\":\"presscontact_and_service.\"},{\"@type\":\"BreadcrumbList\",\"@id\":\"https:\/\/www.nooteboom.com\/es\/multimedia\/contacto-de-prensa-y-servicio\/#breadcrumb\",\"itemListElement\":[{\"@type\":\"ListItem\",\"position\":1,\"name\":\"Home\",\"item\":\"https:\/\/www.nooteboom.com\/es\/\"},{\"@type\":\"ListItem\",\"position\":2,\"name\":\"Multimedia\",\"item\":\"https:\/\/www.nooteboom.com\/es\/multimedia\/\"},{\"@type\":\"ListItem\",\"position\":3,\"name\":\"Contacto de prensa y servicio\"}]},{\"@type\":\"WebSite\",\"@id\":\"https:\/\/www.nooteboom.com\/es\/#website\",\"url\":\"https:\/\/www.nooteboom.com\/es\/\",\"name\":\"Nooteboom Trailers\",\"description\":\"Gets you there.\",\"publisher\":{\"@id\":\"https:\/\/www.nooteboom.com\/es\/#organization\"},\"potentialAction\":[{\"@type\":\"SearchAction\",\"target\":{\"@type\":\"EntryPoint\",\"urlTemplate\":\"https:\/\/www.nooteboom.com\/es\/?s={search_term_string}\"},\"query-input\":{\"@type\":\"PropertyValueSpecification\",\"valueRequired\":true,\"valueName\":\"search_term_string\"}}],\"inLanguage\":\"es\"},{\"@type\":\"Organization\",\"@id\":\"https:\/\/www.nooteboom.com\/es\/#organization\",\"name\":\"Nooteboom Trailers\",\"url\":\"https:\/\/www.nooteboom.com\/es\/\",\"logo\":{\"@type\":\"ImageObject\",\"inLanguage\":\"es\",\"@id\":\"https:\/\/www.nooteboom.com\/es\/#\/schema\/logo\/image\/\",\"url\":\"https:\/\/www.nooteboom.com\/wp-content\/uploads\/logo.png\",\"contentUrl\":\"https:\/\/www.nooteboom.com\/wp-content\/uploads\/logo.png\",\"width\":111,\"height\":66,\"caption\":\"Nooteboom Trailers\"},\"image\":{\"@id\":\"https:\/\/www.nooteboom.com\/es\/#\/schema\/logo\/image\/\"},\"sameAs\":[\"https:\/\/nl-nl.facebook.com\/nooteboomtrailers\/\",\"https:\/\/nl.linkedin.com\/company\/nooteboom-trailers\",\"https:\/\/www.youtube.com\/user\/Nooteboomtrailers\"]}]}<\/script>\n<!-- \/ Yoast SEO Premium plugin. -->","yoast_head_json":{"title":"Contacto de prensa y servicio | Nooteboom Trailers","description":"Estamos muy orgullosos de nuestro papel como pioneros en remolques para transporte especial internacional por carretera.","robots":{"index":"index","follow":"follow","max-snippet":"max-snippet:-1","max-image-preview":"max-image-preview:large","max-video-preview":"max-video-preview:-1"},"canonical":"https:\/\/www.nooteboom.com\/es\/multimedia\/contacto-de-prensa-y-servicio\/","og_locale":"es_ES","og_type":"article","og_title":"Contacto de prensa y servicio","og_description":"Estamos muy orgullosos de nuestro papel como pioneros en remolques para transporte especial internacional por carretera.","og_url":"https:\/\/www.nooteboom.com\/es\/multimedia\/contacto-de-prensa-y-servicio\/","og_site_name":"Nooteboom Trailers","article_publisher":"https:\/\/nl-nl.facebook.com\/nooteboomtrailers\/","article_modified_time":"2026-03-12T14:44:16+00:00","og_image":[{"width":2048,"height":871,"url":"https:\/\/www.nooteboom.com\/wp-content\/uploads\/presscontact_and_service.-1-scaled.jpg","type":"image\/jpeg"}],"twitter_card":"summary_large_image","twitter_misc":{"Tiempo de lectura":"1 minuto"},"schema":{"@context":"https:\/\/schema.org","@graph":[{"@type":"WebPage","@id":"https:\/\/www.nooteboom.com\/es\/multimedia\/contacto-de-prensa-y-servicio\/","url":"https:\/\/www.nooteboom.com\/es\/multimedia\/contacto-de-prensa-y-servicio\/","name":"Contacto de prensa y servicio | Nooteboom Trailers","isPartOf":{"@id":"https:\/\/www.nooteboom.com\/es\/#website"},"primaryImageOfPage":{"@id":"https:\/\/www.nooteboom.com\/es\/multimedia\/contacto-de-prensa-y-servicio\/#primaryimage"},"image":{"@id":"https:\/\/www.nooteboom.com\/es\/multimedia\/contacto-de-prensa-y-servicio\/#primaryimage"},"thumbnailUrl":"https:\/\/www.nooteboom.com\/wp-content\/uploads\/presscontact_and_service.-1-scaled.jpg","datePublished":"2016-08-08T08:00:13+00:00","dateModified":"2026-03-12T14:44:16+00:00","description":"Estamos muy orgullosos de nuestro papel como pioneros en remolques para transporte especial internacional por carretera.","breadcrumb":{"@id":"https:\/\/www.nooteboom.com\/es\/multimedia\/contacto-de-prensa-y-servicio\/#breadcrumb"},"inLanguage":"es","potentialAction":[{"@type":"ReadAction","target":["https:\/\/www.nooteboom.com\/es\/multimedia\/contacto-de-prensa-y-servicio\/"]}]},{"@type":"ImageObject","inLanguage":"es","@id":"https:\/\/www.nooteboom.com\/es\/multimedia\/contacto-de-prensa-y-servicio\/#primaryimage","url":"https:\/\/www.nooteboom.com\/wp-content\/uploads\/presscontact_and_service.-1-scaled.jpg","contentUrl":"https:\/\/www.nooteboom.com\/wp-content\/uploads\/presscontact_and_service.-1-scaled.jpg","width":2048,"height":871,"caption":"presscontact_and_service."},{"@type":"BreadcrumbList","@id":"https:\/\/www.nooteboom.com\/es\/multimedia\/contacto-de-prensa-y-servicio\/#breadcrumb","itemListElement":[{"@type":"ListItem","position":1,"name":"Home","item":"https:\/\/www.nooteboom.com\/es\/"},{"@type":"ListItem","position":2,"name":"Multimedia","item":"https:\/\/www.nooteboom.com\/es\/multimedia\/"},{"@type":"ListItem","position":3,"name":"Contacto de prensa y servicio"}]},{"@type":"WebSite","@id":"https:\/\/www.nooteboom.com\/es\/#website","url":"https:\/\/www.nooteboom.com\/es\/","name":"Nooteboom Trailers","description":"Gets you there.","publisher":{"@id":"https:\/\/www.nooteboom.com\/es\/#organization"},"potentialAction":[{"@type":"SearchAction","target":{"@type":"EntryPoint","urlTemplate":"https:\/\/www.nooteboom.com\/es\/?s={search_term_string}"},"query-input":{"@type":"PropertyValueSpecification","valueRequired":true,"valueName":"search_term_string"}}],"inLanguage":"es"},{"@type":"Organization","@id":"https:\/\/www.nooteboom.com\/es\/#organization","name":"Nooteboom Trailers","url":"https:\/\/www.nooteboom.com\/es\/","logo":{"@type":"ImageObject","inLanguage":"es","@id":"https:\/\/www.nooteboom.com\/es\/#\/schema\/logo\/image\/","url":"https:\/\/www.nooteboom.com\/wp-content\/uploads\/logo.png","contentUrl":"https:\/\/www.nooteboom.com\/wp-content\/uploads\/logo.png","width":111,"height":66,"caption":"Nooteboom Trailers"},"image":{"@id":"https:\/\/www.nooteboom.com\/es\/#\/schema\/logo\/image\/"},"sameAs":["https:\/\/nl-nl.facebook.com\/nooteboomtrailers\/","https:\/\/nl.linkedin.com\/company\/nooteboom-trailers","https:\/\/www.youtube.com\/user\/Nooteboomtrailers"]}]}},"_links":{"self":[{"href":"https:\/\/www.nooteboom.com\/es\/wp-json\/wp\/v2\/pages\/10489","targetHints":{"allow":["GET"]}}],"collection":[{"href":"https:\/\/www.nooteboom.com\/es\/wp-json\/wp\/v2\/pages"}],"about":[{"href":"https:\/\/www.nooteboom.com\/es\/wp-json\/wp\/v2\/types\/page"}],"author":[{"embeddable":true,"href":"https:\/\/www.nooteboom.com\/es\/wp-json\/wp\/v2\/users\/45"}],"replies":[{"embeddable":true,"href":"https:\/\/www.nooteboom.com\/es\/wp-json\/wp\/v2\/comments?post=10489"}],"version-history":[{"count":11,"href":"https:\/\/www.nooteboom.com\/es\/wp-json\/wp\/v2\/pages\/10489\/revisions"}],"predecessor-version":[{"id":3172808,"href":"https:\/\/www.nooteboom.com\/es\/wp-json\/wp\/v2\/pages\/10489\/revisions\/3172808"}],"up":[{"embeddable":true,"href":"https:\/\/www.nooteboom.com\/es\/wp-json\/wp\/v2\/pages\/10383"}],"wp:featuredmedia":[{"embeddable":true,"href":"https:\/\/www.nooteboom.com\/es\/wp-json\/wp\/v2\/media\/2023215"}],"wp:attachment":[{"href":"https:\/\/www.nooteboom.com\/es\/wp-json\/wp\/v2\/media?parent=10489"}],"curies":[{"name":"wp","href":"https:\/\/api.w.org\/{rel}","templated":true}]}}