{"id":10481,"date":"2016-08-08T09:54:41","date_gmt":"2016-08-08T07:54:41","guid":{"rendered":"https:\/\/www.nooteboom.com\/?page_id=10481&#038;lang=es"},"modified":"2025-02-13T15:39:36","modified_gmt":"2025-02-13T14:39:36","slug":"noticias","status":"publish","type":"page","link":"https:\/\/www.nooteboom.com\/es\/multimedia\/noticias\/","title":{"rendered":"Noticias"},"content":{"rendered":"<div class=\"wpb-content-wrapper\"><p>[vc_row][vc_column]<div class=\"vc_latest_news_v2 news news-v2 centered\">\n\n\t\t\t<h2>Latest News<\/h2>\n\t\n\t\n        <div class=\"wrapper\">\n\n            <div class=\"news__item content\">\n\n\t<p class=\"news__title\">\n\t\t<a href=\"https:\/\/www.nooteboom.com\/es\/silvasti-sobre-el-nuevo-mega-windmill-trailer-xxl-un-nivel-de-estabilidad-que-marca-un-nuevo-estandar\/\">Silvasti sobre el nuevo Mega Windmill Trailer XXL: \u201cUn nivel de estabilidad que marca un nuevo est\u00e1ndar\u201d<\/a>\n\t<\/p>\n\n\t\t\t<figure class=\"align-left\">\n\t\t\t<a href=\"https:\/\/www.nooteboom.com\/es\/silvasti-sobre-el-nuevo-mega-windmill-trailer-xxl-un-nivel-de-estabilidad-que-marca-un-nuevo-estandar\/\">\n\t\t\t\t<img decoding=\"async\" src=\"https:\/\/www.nooteboom.com\/wp-content\/uploads\/Silvasti-MWT1-240x120.jpg\"\n\t\t\t\t     alt=\"Silvasti sobre el nuevo Mega Windmill Trailer XXL: \u201cUn nivel de estabilidad que marca un nuevo est\u00e1ndar\u201d\"\n\t\t\t\t\t\t\t\t\t\t\tsrcset=\"https:\/\/www.nooteboom.com\/wp-content\/uploads\/Silvasti-MWT1-300x150.jpg 300w,https:\/\/www.nooteboom.com\/wp-content\/uploads\/Silvasti-MWT1-768x384.jpg 768w,https:\/\/www.nooteboom.com\/wp-content\/uploads\/Silvasti-MWT1-1024x512.jpg 1024w\"\n\t\t\t\t\t\tsizes=\"(max-width: 500px) 100vw, 500px\"\n\t\t\t\t\t\t\t\t\t>\n\t\t\t<\/a>\n\t\t<\/figure>\n\t\n\t<p>09-04-2026 - En enero de 2025, Nooteboom present\u00f3 la Mega Windmill Trailer XXL (MWT\u2011XXL), la \u00faltima incorporaci\u00f3n a su reconocida gama de veh\u00edculos para el transporte de piezas de torres e\u00f3licas. Tras su presentaci\u00f3n en la feria Bauma de M\u00fanich, las dos primeras unidades fueron entregadas a Silvasti, uno de los transportistas europeos m\u00e1s experimentados en el transporte especial y pesado. Es un usuario habitual de las generaciones anteriores de la serie Mega Windmill Trailer, Silvasti empez\u00f3 a trabajar de inmediato con las nueva versi\u00f3n XXL. Su CEO, Ville Silvasti, comparte sus primeras impresiones.\t\t<a href=\"https:\/\/www.nooteboom.com\/es\/silvasti-sobre-el-nuevo-mega-windmill-trailer-xxl-un-nivel-de-estabilidad-que-marca-un-nuevo-estandar\/\">Leer m\u00e1s<\/a>\n\t<\/p>\n\n<\/div><div class=\"news__item content\">\n\n\t<p class=\"news__title\">\n\t\t<a href=\"https:\/\/www.nooteboom.com\/es\/nooteboom-en-smopyc-2026\/\">Nooteboom en Smopyc 2026<\/a>\n\t<\/p>\n\n\t\t\t<figure class=\"align-left\">\n\t\t\t<a href=\"https:\/\/www.nooteboom.com\/es\/nooteboom-en-smopyc-2026\/\">\n\t\t\t\t<img decoding=\"async\" src=\"https:\/\/www.nooteboom.com\/wp-content\/uploads\/Spanish-team-Smopyc2-240x120.jpg\"\n\t\t\t\t     alt=\"Nooteboom en Smopyc 2026\"\n\t\t\t\t\t\t\t\t\t\t\tsrcset=\"https:\/\/www.nooteboom.com\/wp-content\/uploads\/Spanish-team-Smopyc2-300x150.jpg 300w,https:\/\/www.nooteboom.com\/wp-content\/uploads\/Spanish-team-Smopyc2-768x384.jpg 768w,https:\/\/www.nooteboom.com\/wp-content\/uploads\/Spanish-team-Smopyc2-1024x512.jpg 1024w\"\n\t\t\t\t\t\tsizes=\"(max-width: 500px) 100vw, 500px\"\n\t\t\t\t\t\t\t\t\t>\n\t\t\t<\/a>\n\t\t<\/figure>\n\t\n\t<p>25-03-2026 - Nos complace participar una vez m\u00e1s en SMOPYC, reforzando nuestra presencia en el mercado espa\u00f1ol junto con el equipo de Nooteboom Ib\u00e9rica. Este a\u00f1o presentaremos tres soluciones de transporte de alta gama, dise\u00f1adas para ofrecer el m\u00e1ximo rendimiento, eficiencia y versatilidad.\t\t<a href=\"https:\/\/www.nooteboom.com\/es\/nooteboom-en-smopyc-2026\/\">Leer m\u00e1s<\/a>\n\t<\/p>\n\n<\/div><div class=\"news__item content\">\n\n\t<p class=\"news__title\">\n\t\t<a href=\"https:\/\/www.nooteboom.com\/es\/en-solutrans-en-lyon-nooteboom-presenta-el-euro-px3-de-2-ejes\/\">En Solutrans, en Lyon, Nooteboom presenta el EURO-PX3 de 2 ejes<\/a>\n\t<\/p>\n\n\t\t\t<figure class=\"align-left\">\n\t\t\t<a href=\"https:\/\/www.nooteboom.com\/es\/en-solutrans-en-lyon-nooteboom-presenta-el-euro-px3-de-2-ejes\/\">\n\t\t\t\t<img decoding=\"async\" src=\"https:\/\/www.nooteboom.com\/wp-content\/uploads\/Nooteboom_Euro-PX3-07-2asser-240x120.jpg\"\n\t\t\t\t     alt=\"En Solutrans, en Lyon, Nooteboom presenta el EURO-PX3 de 2 ejes\"\n\t\t\t\t\t\t\t\t\t\t\tsrcset=\"https:\/\/www.nooteboom.com\/wp-content\/uploads\/Nooteboom_Euro-PX3-07-2asser-300x150.jpg 300w,https:\/\/www.nooteboom.com\/wp-content\/uploads\/Nooteboom_Euro-PX3-07-2asser-768x384.jpg 768w,https:\/\/www.nooteboom.com\/wp-content\/uploads\/Nooteboom_Euro-PX3-07-2asser-1024x512.jpg 1024w\"\n\t\t\t\t\t\tsizes=\"(max-width: 500px) 100vw, 500px\"\n\t\t\t\t\t\t\t\t\t>\n\t\t\t<\/a>\n\t\t<\/figure>\n\t\n\t<p>13-11-2025 - Durante d\u00e9cadas, Nooteboom Trailers has sido pionero en el desarrollo de soluciones innovadoras para el transporte de alta calidad. En Abril, Nooteboom present\u00f3 con gran orgullo el nuevo EURO-PX3, la tercera generaci\u00f3n de g\u00f3ndolas de cama rebajadas con ejes pendulares. En Lyon, en Solutrans, mostraremos por primera vez nuestra g\u00f3ndola de cama rebajada EURO-PX3 de 2 ejes, el modelo EURO-47-02(P3).\t\t<a href=\"https:\/\/www.nooteboom.com\/es\/en-solutrans-en-lyon-nooteboom-presenta-el-euro-px3-de-2-ejes\/\">Leer m\u00e1s<\/a>\n\t<\/p>\n\n<\/div>\n        <\/div>\n\n\t\n<\/div>\n[\/vc_column][\/vc_row][vc_row][vc_column width=\u00bb1\/2&#8243;][vc_column_text]<a class=\"button\" href=\"https:\/\/www.nooteboom.com\/es\/noticias-y-multimedia\/archivo-de-noticias\/\" target=\"_blank\" rel=\"noopener\">Mas noticias<\/a>[\/vc_column_text][\/vc_column][vc_column width=\u00bb1\/2&#8243;][\/vc_column][\/vc_row]<\/p>\n<\/div>","protected":false},"excerpt":{"rendered":"[vc_row][vc_column][\/vc_column][\/vc_row][vc_row][vc_column width=\u00bb1\/2&#8243;][vc_column_text]Mas noticias[\/vc_column_text][\/vc_column][vc_column width=\u00bb1\/2&#8243;][\/vc_column][\/vc_row]","protected":false},"author":45,"featured_media":0,"parent":10383,"menu_order":1,"comment_status":"closed","ping_status":"closed","template":"","meta":{"_acf_changed":false,"inline_featured_image":false,"footnotes":""},"class_list":["post-10481","page","type-page","status-publish","hentry"],"acf":[],"yoast_head":"<!-- This site is optimized with the Yoast SEO Premium plugin v25.7.1 (Yoast SEO v25.7) - https:\/\/yoast.com\/wordpress\/plugins\/seo\/ -->\n<title>Noticias | Nooteboom Trailers<\/title>\n<meta name=\"robots\" content=\"index, follow, max-snippet:-1, max-image-preview:large, max-video-preview:-1\" \/>\n<link rel=\"canonical\" href=\"https:\/\/www.nooteboom.com\/es\/multimedia\/noticias\/\" \/>\n<meta property=\"og:locale\" content=\"es_ES\" \/>\n<meta property=\"og:type\" content=\"article\" \/>\n<meta property=\"og:title\" content=\"Noticias\" \/>\n<meta property=\"og:description\" content=\"[vc_row][vc_column][\/vc_column][\/vc_row][vc_row][vc_column width=\u00bb1\/2&#8243;][vc_column_text]Mas noticias[\/vc_column_text][\/vc_column][vc_column width=\u00bb1\/2&#8243;][\/vc_column][\/vc_row]\" \/>\n<meta property=\"og:url\" content=\"https:\/\/www.nooteboom.com\/es\/multimedia\/noticias\/\" \/>\n<meta property=\"og:site_name\" content=\"Nooteboom Trailers\" \/>\n<meta property=\"article:publisher\" content=\"https:\/\/nl-nl.facebook.com\/nooteboomtrailers\/\" \/>\n<meta property=\"article:modified_time\" content=\"2025-02-13T14:39:36+00:00\" \/>\n<meta property=\"og:image\" content=\"https:\/\/www.nooteboom.com\/wp-content\/uploads\/splashnooteboom-square-1.jpg\" \/>\n\t<meta property=\"og:image:width\" content=\"757\" \/>\n\t<meta property=\"og:image:height\" content=\"757\" \/>\n\t<meta property=\"og:image:type\" content=\"image\/jpeg\" \/>\n<meta name=\"twitter:card\" content=\"summary_large_image\" \/>\n<meta name=\"twitter:label1\" content=\"Tiempo de lectura\" \/>\n\t<meta name=\"twitter:data1\" content=\"1 minuto\" \/>\n<script type=\"application\/ld+json\" class=\"yoast-schema-graph\">{\"@context\":\"https:\/\/schema.org\",\"@graph\":[{\"@type\":\"WebPage\",\"@id\":\"https:\/\/www.nooteboom.com\/es\/multimedia\/noticias\/\",\"url\":\"https:\/\/www.nooteboom.com\/es\/multimedia\/noticias\/\",\"name\":\"Noticias | Nooteboom Trailers\",\"isPartOf\":{\"@id\":\"https:\/\/www.nooteboom.com\/es\/#website\"},\"datePublished\":\"2016-08-08T07:54:41+00:00\",\"dateModified\":\"2025-02-13T14:39:36+00:00\",\"breadcrumb\":{\"@id\":\"https:\/\/www.nooteboom.com\/es\/multimedia\/noticias\/#breadcrumb\"},\"inLanguage\":\"es\",\"potentialAction\":[{\"@type\":\"ReadAction\",\"target\":[\"https:\/\/www.nooteboom.com\/es\/multimedia\/noticias\/\"]}]},{\"@type\":\"BreadcrumbList\",\"@id\":\"https:\/\/www.nooteboom.com\/es\/multimedia\/noticias\/#breadcrumb\",\"itemListElement\":[{\"@type\":\"ListItem\",\"position\":1,\"name\":\"Home\",\"item\":\"https:\/\/www.nooteboom.com\/es\/\"},{\"@type\":\"ListItem\",\"position\":2,\"name\":\"Multimedia\",\"item\":\"https:\/\/www.nooteboom.com\/es\/multimedia\/\"},{\"@type\":\"ListItem\",\"position\":3,\"name\":\"Noticias\"}]},{\"@type\":\"WebSite\",\"@id\":\"https:\/\/www.nooteboom.com\/es\/#website\",\"url\":\"https:\/\/www.nooteboom.com\/es\/\",\"name\":\"Nooteboom Trailers\",\"description\":\"Gets you there.\",\"publisher\":{\"@id\":\"https:\/\/www.nooteboom.com\/es\/#organization\"},\"potentialAction\":[{\"@type\":\"SearchAction\",\"target\":{\"@type\":\"EntryPoint\",\"urlTemplate\":\"https:\/\/www.nooteboom.com\/es\/?s={search_term_string}\"},\"query-input\":{\"@type\":\"PropertyValueSpecification\",\"valueRequired\":true,\"valueName\":\"search_term_string\"}}],\"inLanguage\":\"es\"},{\"@type\":\"Organization\",\"@id\":\"https:\/\/www.nooteboom.com\/es\/#organization\",\"name\":\"Nooteboom Trailers\",\"url\":\"https:\/\/www.nooteboom.com\/es\/\",\"logo\":{\"@type\":\"ImageObject\",\"inLanguage\":\"es\",\"@id\":\"https:\/\/www.nooteboom.com\/es\/#\/schema\/logo\/image\/\",\"url\":\"https:\/\/www.nooteboom.com\/wp-content\/uploads\/logo.png\",\"contentUrl\":\"https:\/\/www.nooteboom.com\/wp-content\/uploads\/logo.png\",\"width\":111,\"height\":66,\"caption\":\"Nooteboom Trailers\"},\"image\":{\"@id\":\"https:\/\/www.nooteboom.com\/es\/#\/schema\/logo\/image\/\"},\"sameAs\":[\"https:\/\/nl-nl.facebook.com\/nooteboomtrailers\/\",\"https:\/\/nl.linkedin.com\/company\/nooteboom-trailers\",\"https:\/\/www.youtube.com\/user\/Nooteboomtrailers\"]}]}<\/script>\n<!-- \/ Yoast SEO Premium plugin. -->","yoast_head_json":{"title":"Noticias | Nooteboom Trailers","robots":{"index":"index","follow":"follow","max-snippet":"max-snippet:-1","max-image-preview":"max-image-preview:large","max-video-preview":"max-video-preview:-1"},"canonical":"https:\/\/www.nooteboom.com\/es\/multimedia\/noticias\/","og_locale":"es_ES","og_type":"article","og_title":"Noticias","og_description":"[vc_row][vc_column][\/vc_column][\/vc_row][vc_row][vc_column width=\u00bb1\/2&#8243;][vc_column_text]Mas noticias[\/vc_column_text][\/vc_column][vc_column width=\u00bb1\/2&#8243;][\/vc_column][\/vc_row]","og_url":"https:\/\/www.nooteboom.com\/es\/multimedia\/noticias\/","og_site_name":"Nooteboom Trailers","article_publisher":"https:\/\/nl-nl.facebook.com\/nooteboomtrailers\/","article_modified_time":"2025-02-13T14:39:36+00:00","og_image":[{"width":757,"height":757,"url":"https:\/\/www.nooteboom.com\/wp-content\/uploads\/splashnooteboom-square-1.jpg","type":"image\/jpeg"}],"twitter_card":"summary_large_image","twitter_misc":{"Tiempo de lectura":"1 minuto"},"schema":{"@context":"https:\/\/schema.org","@graph":[{"@type":"WebPage","@id":"https:\/\/www.nooteboom.com\/es\/multimedia\/noticias\/","url":"https:\/\/www.nooteboom.com\/es\/multimedia\/noticias\/","name":"Noticias | Nooteboom Trailers","isPartOf":{"@id":"https:\/\/www.nooteboom.com\/es\/#website"},"datePublished":"2016-08-08T07:54:41+00:00","dateModified":"2025-02-13T14:39:36+00:00","breadcrumb":{"@id":"https:\/\/www.nooteboom.com\/es\/multimedia\/noticias\/#breadcrumb"},"inLanguage":"es","potentialAction":[{"@type":"ReadAction","target":["https:\/\/www.nooteboom.com\/es\/multimedia\/noticias\/"]}]},{"@type":"BreadcrumbList","@id":"https:\/\/www.nooteboom.com\/es\/multimedia\/noticias\/#breadcrumb","itemListElement":[{"@type":"ListItem","position":1,"name":"Home","item":"https:\/\/www.nooteboom.com\/es\/"},{"@type":"ListItem","position":2,"name":"Multimedia","item":"https:\/\/www.nooteboom.com\/es\/multimedia\/"},{"@type":"ListItem","position":3,"name":"Noticias"}]},{"@type":"WebSite","@id":"https:\/\/www.nooteboom.com\/es\/#website","url":"https:\/\/www.nooteboom.com\/es\/","name":"Nooteboom Trailers","description":"Gets you there.","publisher":{"@id":"https:\/\/www.nooteboom.com\/es\/#organization"},"potentialAction":[{"@type":"SearchAction","target":{"@type":"EntryPoint","urlTemplate":"https:\/\/www.nooteboom.com\/es\/?s={search_term_string}"},"query-input":{"@type":"PropertyValueSpecification","valueRequired":true,"valueName":"search_term_string"}}],"inLanguage":"es"},{"@type":"Organization","@id":"https:\/\/www.nooteboom.com\/es\/#organization","name":"Nooteboom Trailers","url":"https:\/\/www.nooteboom.com\/es\/","logo":{"@type":"ImageObject","inLanguage":"es","@id":"https:\/\/www.nooteboom.com\/es\/#\/schema\/logo\/image\/","url":"https:\/\/www.nooteboom.com\/wp-content\/uploads\/logo.png","contentUrl":"https:\/\/www.nooteboom.com\/wp-content\/uploads\/logo.png","width":111,"height":66,"caption":"Nooteboom Trailers"},"image":{"@id":"https:\/\/www.nooteboom.com\/es\/#\/schema\/logo\/image\/"},"sameAs":["https:\/\/nl-nl.facebook.com\/nooteboomtrailers\/","https:\/\/nl.linkedin.com\/company\/nooteboom-trailers","https:\/\/www.youtube.com\/user\/Nooteboomtrailers"]}]}},"_links":{"self":[{"href":"https:\/\/www.nooteboom.com\/es\/wp-json\/wp\/v2\/pages\/10481","targetHints":{"allow":["GET"]}}],"collection":[{"href":"https:\/\/www.nooteboom.com\/es\/wp-json\/wp\/v2\/pages"}],"about":[{"href":"https:\/\/www.nooteboom.com\/es\/wp-json\/wp\/v2\/types\/page"}],"author":[{"embeddable":true,"href":"https:\/\/www.nooteboom.com\/es\/wp-json\/wp\/v2\/users\/45"}],"replies":[{"embeddable":true,"href":"https:\/\/www.nooteboom.com\/es\/wp-json\/wp\/v2\/comments?post=10481"}],"version-history":[{"count":4,"href":"https:\/\/www.nooteboom.com\/es\/wp-json\/wp\/v2\/pages\/10481\/revisions"}],"predecessor-version":[{"id":2383464,"href":"https:\/\/www.nooteboom.com\/es\/wp-json\/wp\/v2\/pages\/10481\/revisions\/2383464"}],"up":[{"embeddable":true,"href":"https:\/\/www.nooteboom.com\/es\/wp-json\/wp\/v2\/pages\/10383"}],"wp:attachment":[{"href":"https:\/\/www.nooteboom.com\/es\/wp-json\/wp\/v2\/media?parent=10481"}],"curies":[{"name":"wp","href":"https:\/\/api.w.org\/{rel}","templated":true}]}}