{"id":10410,"date":"2016-08-08T09:49:39","date_gmt":"2016-08-08T07:49:39","guid":{"rendered":"https:\/\/www.nooteboom.com\/?page_id=10410&#038;lang=es"},"modified":"2026-02-09T11:15:13","modified_gmt":"2026-02-09T10:15:13","slug":"eventos","status":"publish","type":"page","link":"https:\/\/www.nooteboom.com\/es\/multimedia\/eventos\/","title":{"rendered":"Eventos"},"content":{"rendered":"<div class=\"wpb-content-wrapper\"><p>[vc_row][vc_column][vc_column_text]Nooteboom participa regularmente por todo el mundo en exposiciones comerciales regionales, nacionales e internacionales en los campos de transporte, movilidad y construcci\u00f3n.\u00a0 Adem\u00e1s de estas exposiciones comerciales Nooteboom tambi\u00e9n est\u00e1 presente con frecuencia en eventos y conferencias espec\u00edficas relacionadas con el sector y tambi\u00e9n inician eventos por s\u00ed mismos.[\/vc_column_text][\/vc_column][\/vc_row][vc_row][vc_column width=\u00bb1\/2&#8243;][vc_single_image image=\u00bb1209&#8243; img_size=\u00bblarge\u00bb][\/vc_column][vc_column width=\u00bb1\/2&#8243;][vc_column_text]<\/p>\n<table style=\"height: 438px; width: 100%; border-collapse: collapse; border-color: #e8e8e8;\" border=\"1\" cellspacing=\"2\">\n<tbody>\n<tr style=\"height: 48px;\">\n<td style=\"width: 10.6719%; vertical-align: top; height: 48px; text-align: left;\"><span style=\"font-size: 10pt; color: #000000;\">Modelshow Europe<\/span><\/td>\n<td style=\"width: 15.8929%; vertical-align: top; height: 48px; text-align: left;\"><span style=\"font-size: 10pt; color: #000000;\">14 March<\/span><\/td>\n<td style=\"width: 7.21112%; vertical-align: top; height: 48px; text-align: left;\"><span style=\"font-size: 10pt; color: #000000;\">2026<\/span><\/td>\n<td style=\"width: 8.94876%; vertical-align: top; height: 48px; text-align: left;\"><span style=\"font-size: 10pt; color: #000000;\">Ede<\/span><\/td>\n<td style=\"width: 12.4705%; vertical-align: top; height: 48px; text-align: left;\"><span style=\"font-size: 10pt; color: #000000;\">Netherlands<\/span><\/td>\n<td style=\"width: 5.15152%; vertical-align: top; height: 48px; text-align: left;\"><img loading=\"lazy\" decoding=\"async\" class=\"alignnone size-full wp-image-1979413\" src=\"https:\/\/www.nooteboom.com\/wp-content\/uploads\/Netherlands-flag.png\" alt=\"Netherlands-flag\" width=\"48\" height=\"48\" \/><\/td>\n<\/tr>\n<tr style=\"height: 48px;\">\n<td style=\"width: 10.6719%; vertical-align: top; height: 48px; text-align: left;\"><span style=\"font-size: 10pt; color: #000000;\">Smopyc<\/span><\/td>\n<td style=\"width: 15.8929%; vertical-align: top; height: 48px; text-align: left;\"><span style=\"font-size: 10pt; color: #000000;\">15-18 April<\/span><\/td>\n<td style=\"width: 7.21112%; vertical-align: top; height: 48px; text-align: left;\"><span style=\"font-size: 10pt; color: #000000;\">2026<\/span><\/td>\n<td style=\"width: 8.94876%; vertical-align: top; height: 48px; text-align: left;\"><span style=\"font-size: 10pt; color: #000000;\">Zaragoza<\/span><\/td>\n<td style=\"width: 12.4705%; vertical-align: top; height: 48px; text-align: left;\"><span style=\"font-size: 10pt; color: #000000;\">Spain<\/span><\/td>\n<td style=\"width: 5.15152%; vertical-align: top; height: 48px; text-align: left;\"><img loading=\"lazy\" decoding=\"async\" class=\"alignnone size-full wp-image-1979395\" src=\"https:\/\/www.nooteboom.com\/wp-content\/uploads\/Spain-flag.png\" alt=\"Spain-flag\" width=\"48\" height=\"48\" \/><\/td>\n<\/tr>\n<tr style=\"height: 24px;\">\n<td style=\"width: 10.6719%; vertical-align: top; height: 24px; text-align: left;\"><span style=\"font-size: 10pt; color: #000000;\">Scotplant<\/span><\/td>\n<td style=\"width: 15.8929%; vertical-align: top; height: 24px; text-align: left;\"><span style=\"font-size: 10pt; color: #000000;\">24-25 April<\/span><\/td>\n<td style=\"width: 7.21112%; vertical-align: top; height: 24px; text-align: left;\"><span style=\"font-size: 10pt; color: #000000;\">2026<\/span><\/td>\n<td style=\"width: 8.94876%; vertical-align: top; height: 24px; text-align: left;\"><span style=\"font-size: 10pt; color: #000000;\">Edinburgh<\/span><\/td>\n<td style=\"width: 12.4705%; vertical-align: top; height: 24px; text-align: left;\"><span style=\"font-size: 10pt; color: #000000;\">United Kingdom<\/span><\/td>\n<td style=\"width: 5.15152%; vertical-align: top; height: 24px; text-align: left;\"><img loading=\"lazy\" decoding=\"async\" class=\"alignnone size-full wp-image-1979401\" src=\"https:\/\/www.nooteboom.com\/wp-content\/uploads\/Scotland-1.png\" alt=\"Scotland-flag\" width=\"48\" height=\"48\" \/><\/td>\n<\/tr>\n<tr>\n<td style=\"width: 10.6719%; vertical-align: top; text-align: left;\"><span style=\"font-size: 10pt; color: #000000;\">Kipperevent<\/span><\/td>\n<td style=\"width: 15.8929%; vertical-align: top; text-align: left;\"><span style=\"font-size: 10pt; color: #000000;\">5-6 June<\/span><\/td>\n<td style=\"width: 7.21112%; vertical-align: top; text-align: left;\"><span style=\"font-size: 10pt; color: #000000;\">2026<\/span><\/td>\n<td style=\"width: 8.94876%; vertical-align: top; text-align: left;\"><span style=\"font-size: 10pt; color: #000000;\">Strand Nulde<\/span><\/td>\n<td style=\"width: 12.4705%; vertical-align: top; text-align: left;\"><span style=\"font-size: 10pt; color: #000000;\">Netherlands<\/span><\/td>\n<td style=\"width: 5.15152%; vertical-align: top; text-align: left;\"><img loading=\"lazy\" decoding=\"async\" class=\"alignnone size-full wp-image-1979413\" src=\"https:\/\/www.nooteboom.com\/wp-content\/uploads\/Netherlands-flag.png\" alt=\"Netherlands-flag\" width=\"48\" height=\"48\" \/><\/td>\n<\/tr>\n<tr>\n<td style=\"width: 10.6719%; vertical-align: top; text-align: left;\"><span style=\"font-size: 10pt; color: #000000;\">Hillhead<\/span><\/td>\n<td style=\"width: 15.8929%; vertical-align: top; text-align: left;\"><span style=\"font-size: 10pt; color: #000000;\">23-25 June<\/span><\/td>\n<td style=\"width: 7.21112%; vertical-align: top; text-align: left;\"><span style=\"font-size: 10pt; color: #000000;\">2026<\/span><\/td>\n<td style=\"width: 8.94876%; vertical-align: top; text-align: left;\"><span style=\"font-size: 10pt; color: #000000;\">Buxton<\/span><\/td>\n<td style=\"width: 12.4705%; vertical-align: top; text-align: left;\"><span style=\"font-size: 10pt; color: #000000;\">United Kingdom<\/span><\/td>\n<td style=\"width: 5.15152%; vertical-align: top; text-align: left;\"><img loading=\"lazy\" decoding=\"async\" class=\"alignnone size-full wp-image-1979389\" src=\"https:\/\/www.nooteboom.com\/wp-content\/uploads\/United-kingdom-flag.png\" alt=\"United-kingdom-flag\" width=\"48\" height=\"48\" \/><\/td>\n<\/tr>\n<tr style=\"height: 48px;\">\n<td style=\"width: 10.6719%; vertical-align: top; height: 48px; text-align: left;\"><span style=\"font-size: 10pt; color: #000000;\">Matexpo Demodays<\/span><\/td>\n<td style=\"width: 15.8929%; vertical-align: top; height: 48px; text-align: left;\"><span style=\"font-size: 10pt; color: #000000;\">4-5-6 September<\/span><\/td>\n<td style=\"width: 7.21112%; vertical-align: top; height: 48px; text-align: left;\"><span style=\"font-size: 10pt; color: #000000;\">2026<\/span><\/td>\n<td style=\"width: 8.94876%; vertical-align: top; height: 48px; text-align: left;\"><span style=\"font-size: 10pt; color: #000000;\">Bousu<\/span><\/td>\n<td style=\"width: 12.4705%; vertical-align: top; height: 48px; text-align: left;\"><span style=\"font-size: 10pt; color: #000000;\">Belgium<\/span><\/td>\n<td style=\"width: 5.15152%; vertical-align: top; height: 48px; text-align: left;\"><img loading=\"lazy\" decoding=\"async\" class=\"alignnone size-full wp-image-1979455\" src=\"https:\/\/www.nooteboom.com\/wp-content\/uploads\/Belgium-flag.png\" alt=\"Belgium-flag\" width=\"48\" height=\"48\" \/><\/td>\n<\/tr>\n<tr style=\"height: 48px;\">\n<td style=\"width: 10.6719%; vertical-align: top; height: 48px; text-align: left;\"><span style=\"font-size: 10pt; color: #000000;\">IAA<\/span><\/td>\n<td style=\"width: 15.8929%; vertical-align: top; height: 48px; text-align: left;\"><span style=\"font-size: 10pt; color: #000000;\">15-20 September<\/span><\/td>\n<td style=\"width: 7.21112%; vertical-align: top; height: 48px; text-align: left;\"><span style=\"font-size: 10pt; color: #000000;\">2026<\/span><\/td>\n<td style=\"width: 8.94876%; vertical-align: top; height: 48px; text-align: left;\"><span style=\"font-size: 10pt; color: #000000;\">Hannover<\/span><\/td>\n<td style=\"width: 12.4705%; vertical-align: top; height: 48px; text-align: left;\"><span style=\"font-size: 10pt; color: #000000;\">Germany<\/span><\/td>\n<td style=\"width: 5.15152%; vertical-align: top; height: 48px; text-align: left;\"><img loading=\"lazy\" decoding=\"async\" class=\"alignnone size-full wp-image-1979425\" src=\"https:\/\/www.nooteboom.com\/wp-content\/uploads\/Germany-flag.png\" alt=\"Germany-flag\" width=\"48\" height=\"48\" \/><\/td>\n<\/tr>\n<tr style=\"height: 39px;\">\n<td style=\"width: 10.6719%; vertical-align: top; height: 39px; text-align: left;\"><span style=\"font-size: 10pt; color: #000000;\">Mack &amp; Speciaaltransportdag<\/span><\/td>\n<td style=\"width: 15.8929%; vertical-align: top; height: 39px; text-align: left;\"><span style=\"font-size: 10pt; color: #000000;\">to be announced<\/span><\/td>\n<td style=\"width: 7.21112%; vertical-align: top; height: 39px; text-align: left;\"><span style=\"font-size: 10pt; color: #000000;\">2026<\/span><\/td>\n<td style=\"width: 8.94876%; vertical-align: top; height: 39px; text-align: left;\"><span style=\"font-size: 10pt; color: #000000;\">Soesterberg<\/span><\/td>\n<td style=\"width: 12.4705%; vertical-align: top; height: 39px; text-align: left;\"><span style=\"font-size: 10pt; color: #000000;\">Netherlands<\/span><\/td>\n<td style=\"width: 5.15152%; height: 39px; text-align: left; vertical-align: top;\">\u00a0<img loading=\"lazy\" decoding=\"async\" class=\"size-full wp-image-1979413 alignleft\" src=\"https:\/\/www.nooteboom.com\/wp-content\/uploads\/Netherlands-flag.png\" alt=\"Netherlands-flag\" width=\"48\" height=\"48\" \/><\/td>\n<\/tr>\n<\/tbody>\n<\/table>\n<p>[\/vc_column_text][vc_empty_space][\/vc_column][\/vc_row]<\/p>\n<\/div>","protected":false},"excerpt":{"rendered":"[vc_row][vc_column][vc_column_text]Nooteboom participa regularmente por todo el mundo en exposiciones comerciales regionales, nacionales e internacionales en los campos de transporte, movilidad&#8230;","protected":false},"author":45,"featured_media":13599,"parent":10383,"menu_order":5,"comment_status":"closed","ping_status":"closed","template":"","meta":{"_acf_changed":false,"inline_featured_image":false,"footnotes":""},"class_list":["post-10410","page","type-page","status-publish","has-post-thumbnail","hentry"],"acf":[],"yoast_head":"<!-- This site is optimized with the Yoast SEO Premium plugin v25.7.1 (Yoast SEO v25.7) - https:\/\/yoast.com\/wordpress\/plugins\/seo\/ -->\n<title>Eventos | Nooteboom Trailers<\/title>\n<meta name=\"description\" content=\"Nooteboom participa regularmente por todo el mundo en exposiciones comerciales regionales, nacionales e internacionales en los campos de transporte...\" \/>\n<meta name=\"robots\" content=\"index, follow, max-snippet:-1, max-image-preview:large, max-video-preview:-1\" \/>\n<link rel=\"canonical\" href=\"https:\/\/www.nooteboom.com\/es\/multimedia\/eventos\/\" \/>\n<meta property=\"og:locale\" content=\"es_ES\" \/>\n<meta property=\"og:type\" content=\"article\" \/>\n<meta property=\"og:title\" content=\"Eventos\" \/>\n<meta property=\"og:description\" content=\"Nooteboom participa regularmente por todo el mundo en exposiciones comerciales regionales, nacionales e internacionales en los campos de transporte...\" \/>\n<meta property=\"og:url\" content=\"https:\/\/www.nooteboom.com\/es\/multimedia\/eventos\/\" \/>\n<meta property=\"og:site_name\" content=\"Nooteboom Trailers\" \/>\n<meta property=\"article:publisher\" content=\"https:\/\/nl-nl.facebook.com\/nooteboomtrailers\/\" \/>\n<meta property=\"article:modified_time\" content=\"2026-02-09T10:15:13+00:00\" \/>\n<meta property=\"og:image\" content=\"https:\/\/www.nooteboom.com\/wp-content\/uploads\/IMG_2854.jpg\" \/>\n\t<meta property=\"og:image:width\" content=\"2500\" \/>\n\t<meta property=\"og:image:height\" content=\"1875\" \/>\n\t<meta property=\"og:image:type\" content=\"image\/jpeg\" \/>\n<meta name=\"twitter:card\" content=\"summary_large_image\" \/>\n<meta name=\"twitter:label1\" content=\"Tiempo de lectura\" \/>\n\t<meta name=\"twitter:data1\" content=\"3 minutos\" \/>\n<script type=\"application\/ld+json\" class=\"yoast-schema-graph\">{\"@context\":\"https:\/\/schema.org\",\"@graph\":[{\"@type\":\"WebPage\",\"@id\":\"https:\/\/www.nooteboom.com\/es\/multimedia\/eventos\/\",\"url\":\"https:\/\/www.nooteboom.com\/es\/multimedia\/eventos\/\",\"name\":\"Eventos | Nooteboom Trailers\",\"isPartOf\":{\"@id\":\"https:\/\/www.nooteboom.com\/es\/#website\"},\"primaryImageOfPage\":{\"@id\":\"https:\/\/www.nooteboom.com\/es\/multimedia\/eventos\/#primaryimage\"},\"image\":{\"@id\":\"https:\/\/www.nooteboom.com\/es\/multimedia\/eventos\/#primaryimage\"},\"thumbnailUrl\":\"https:\/\/www.nooteboom.com\/wp-content\/uploads\/IMG_2854.jpg\",\"datePublished\":\"2016-08-08T07:49:39+00:00\",\"dateModified\":\"2026-02-09T10:15:13+00:00\",\"description\":\"Nooteboom participa regularmente por todo el mundo en exposiciones comerciales regionales, nacionales e internacionales en los campos de transporte...\",\"breadcrumb\":{\"@id\":\"https:\/\/www.nooteboom.com\/es\/multimedia\/eventos\/#breadcrumb\"},\"inLanguage\":\"es\",\"potentialAction\":[{\"@type\":\"ReadAction\",\"target\":[\"https:\/\/www.nooteboom.com\/es\/multimedia\/eventos\/\"]}]},{\"@type\":\"ImageObject\",\"inLanguage\":\"es\",\"@id\":\"https:\/\/www.nooteboom.com\/es\/multimedia\/eventos\/#primaryimage\",\"url\":\"https:\/\/www.nooteboom.com\/wp-content\/uploads\/IMG_2854.jpg\",\"contentUrl\":\"https:\/\/www.nooteboom.com\/wp-content\/uploads\/IMG_2854.jpg\",\"width\":2500,\"height\":1875},{\"@type\":\"BreadcrumbList\",\"@id\":\"https:\/\/www.nooteboom.com\/es\/multimedia\/eventos\/#breadcrumb\",\"itemListElement\":[{\"@type\":\"ListItem\",\"position\":1,\"name\":\"Home\",\"item\":\"https:\/\/www.nooteboom.com\/es\/\"},{\"@type\":\"ListItem\",\"position\":2,\"name\":\"Multimedia\",\"item\":\"https:\/\/www.nooteboom.com\/es\/multimedia\/\"},{\"@type\":\"ListItem\",\"position\":3,\"name\":\"Eventos\"}]},{\"@type\":\"WebSite\",\"@id\":\"https:\/\/www.nooteboom.com\/es\/#website\",\"url\":\"https:\/\/www.nooteboom.com\/es\/\",\"name\":\"Nooteboom Trailers\",\"description\":\"Gets you there.\",\"publisher\":{\"@id\":\"https:\/\/www.nooteboom.com\/es\/#organization\"},\"potentialAction\":[{\"@type\":\"SearchAction\",\"target\":{\"@type\":\"EntryPoint\",\"urlTemplate\":\"https:\/\/www.nooteboom.com\/es\/?s={search_term_string}\"},\"query-input\":{\"@type\":\"PropertyValueSpecification\",\"valueRequired\":true,\"valueName\":\"search_term_string\"}}],\"inLanguage\":\"es\"},{\"@type\":\"Organization\",\"@id\":\"https:\/\/www.nooteboom.com\/es\/#organization\",\"name\":\"Nooteboom Trailers\",\"url\":\"https:\/\/www.nooteboom.com\/es\/\",\"logo\":{\"@type\":\"ImageObject\",\"inLanguage\":\"es\",\"@id\":\"https:\/\/www.nooteboom.com\/es\/#\/schema\/logo\/image\/\",\"url\":\"https:\/\/www.nooteboom.com\/wp-content\/uploads\/logo.png\",\"contentUrl\":\"https:\/\/www.nooteboom.com\/wp-content\/uploads\/logo.png\",\"width\":111,\"height\":66,\"caption\":\"Nooteboom Trailers\"},\"image\":{\"@id\":\"https:\/\/www.nooteboom.com\/es\/#\/schema\/logo\/image\/\"},\"sameAs\":[\"https:\/\/nl-nl.facebook.com\/nooteboomtrailers\/\",\"https:\/\/nl.linkedin.com\/company\/nooteboom-trailers\",\"https:\/\/www.youtube.com\/user\/Nooteboomtrailers\"]}]}<\/script>\n<!-- \/ Yoast SEO Premium plugin. -->","yoast_head_json":{"title":"Eventos | Nooteboom Trailers","description":"Nooteboom participa regularmente por todo el mundo en exposiciones comerciales regionales, nacionales e internacionales en los campos de transporte...","robots":{"index":"index","follow":"follow","max-snippet":"max-snippet:-1","max-image-preview":"max-image-preview:large","max-video-preview":"max-video-preview:-1"},"canonical":"https:\/\/www.nooteboom.com\/es\/multimedia\/eventos\/","og_locale":"es_ES","og_type":"article","og_title":"Eventos","og_description":"Nooteboom participa regularmente por todo el mundo en exposiciones comerciales regionales, nacionales e internacionales en los campos de transporte...","og_url":"https:\/\/www.nooteboom.com\/es\/multimedia\/eventos\/","og_site_name":"Nooteboom Trailers","article_publisher":"https:\/\/nl-nl.facebook.com\/nooteboomtrailers\/","article_modified_time":"2026-02-09T10:15:13+00:00","og_image":[{"width":2500,"height":1875,"url":"https:\/\/www.nooteboom.com\/wp-content\/uploads\/IMG_2854.jpg","type":"image\/jpeg"}],"twitter_card":"summary_large_image","twitter_misc":{"Tiempo de lectura":"3 minutos"},"schema":{"@context":"https:\/\/schema.org","@graph":[{"@type":"WebPage","@id":"https:\/\/www.nooteboom.com\/es\/multimedia\/eventos\/","url":"https:\/\/www.nooteboom.com\/es\/multimedia\/eventos\/","name":"Eventos | Nooteboom Trailers","isPartOf":{"@id":"https:\/\/www.nooteboom.com\/es\/#website"},"primaryImageOfPage":{"@id":"https:\/\/www.nooteboom.com\/es\/multimedia\/eventos\/#primaryimage"},"image":{"@id":"https:\/\/www.nooteboom.com\/es\/multimedia\/eventos\/#primaryimage"},"thumbnailUrl":"https:\/\/www.nooteboom.com\/wp-content\/uploads\/IMG_2854.jpg","datePublished":"2016-08-08T07:49:39+00:00","dateModified":"2026-02-09T10:15:13+00:00","description":"Nooteboom participa regularmente por todo el mundo en exposiciones comerciales regionales, nacionales e internacionales en los campos de transporte...","breadcrumb":{"@id":"https:\/\/www.nooteboom.com\/es\/multimedia\/eventos\/#breadcrumb"},"inLanguage":"es","potentialAction":[{"@type":"ReadAction","target":["https:\/\/www.nooteboom.com\/es\/multimedia\/eventos\/"]}]},{"@type":"ImageObject","inLanguage":"es","@id":"https:\/\/www.nooteboom.com\/es\/multimedia\/eventos\/#primaryimage","url":"https:\/\/www.nooteboom.com\/wp-content\/uploads\/IMG_2854.jpg","contentUrl":"https:\/\/www.nooteboom.com\/wp-content\/uploads\/IMG_2854.jpg","width":2500,"height":1875},{"@type":"BreadcrumbList","@id":"https:\/\/www.nooteboom.com\/es\/multimedia\/eventos\/#breadcrumb","itemListElement":[{"@type":"ListItem","position":1,"name":"Home","item":"https:\/\/www.nooteboom.com\/es\/"},{"@type":"ListItem","position":2,"name":"Multimedia","item":"https:\/\/www.nooteboom.com\/es\/multimedia\/"},{"@type":"ListItem","position":3,"name":"Eventos"}]},{"@type":"WebSite","@id":"https:\/\/www.nooteboom.com\/es\/#website","url":"https:\/\/www.nooteboom.com\/es\/","name":"Nooteboom Trailers","description":"Gets you there.","publisher":{"@id":"https:\/\/www.nooteboom.com\/es\/#organization"},"potentialAction":[{"@type":"SearchAction","target":{"@type":"EntryPoint","urlTemplate":"https:\/\/www.nooteboom.com\/es\/?s={search_term_string}"},"query-input":{"@type":"PropertyValueSpecification","valueRequired":true,"valueName":"search_term_string"}}],"inLanguage":"es"},{"@type":"Organization","@id":"https:\/\/www.nooteboom.com\/es\/#organization","name":"Nooteboom Trailers","url":"https:\/\/www.nooteboom.com\/es\/","logo":{"@type":"ImageObject","inLanguage":"es","@id":"https:\/\/www.nooteboom.com\/es\/#\/schema\/logo\/image\/","url":"https:\/\/www.nooteboom.com\/wp-content\/uploads\/logo.png","contentUrl":"https:\/\/www.nooteboom.com\/wp-content\/uploads\/logo.png","width":111,"height":66,"caption":"Nooteboom Trailers"},"image":{"@id":"https:\/\/www.nooteboom.com\/es\/#\/schema\/logo\/image\/"},"sameAs":["https:\/\/nl-nl.facebook.com\/nooteboomtrailers\/","https:\/\/nl.linkedin.com\/company\/nooteboom-trailers","https:\/\/www.youtube.com\/user\/Nooteboomtrailers"]}]}},"_links":{"self":[{"href":"https:\/\/www.nooteboom.com\/es\/wp-json\/wp\/v2\/pages\/10410","targetHints":{"allow":["GET"]}}],"collection":[{"href":"https:\/\/www.nooteboom.com\/es\/wp-json\/wp\/v2\/pages"}],"about":[{"href":"https:\/\/www.nooteboom.com\/es\/wp-json\/wp\/v2\/types\/page"}],"author":[{"embeddable":true,"href":"https:\/\/www.nooteboom.com\/es\/wp-json\/wp\/v2\/users\/45"}],"replies":[{"embeddable":true,"href":"https:\/\/www.nooteboom.com\/es\/wp-json\/wp\/v2\/comments?post=10410"}],"version-history":[{"count":59,"href":"https:\/\/www.nooteboom.com\/es\/wp-json\/wp\/v2\/pages\/10410\/revisions"}],"predecessor-version":[{"id":3122601,"href":"https:\/\/www.nooteboom.com\/es\/wp-json\/wp\/v2\/pages\/10410\/revisions\/3122601"}],"up":[{"embeddable":true,"href":"https:\/\/www.nooteboom.com\/es\/wp-json\/wp\/v2\/pages\/10383"}],"wp:featuredmedia":[{"embeddable":true,"href":"https:\/\/www.nooteboom.com\/es\/wp-json\/wp\/v2\/media\/13599"}],"wp:attachment":[{"href":"https:\/\/www.nooteboom.com\/es\/wp-json\/wp\/v2\/media?parent=10410"}],"curies":[{"name":"wp","href":"https:\/\/api.w.org\/{rel}","templated":true}]}}