{"id":10383,"date":"2016-08-08T09:48:54","date_gmt":"2016-08-08T07:48:54","guid":{"rendered":"https:\/\/www.nooteboom.com\/?page_id=10383&#038;lang=es"},"modified":"2018-05-29T13:27:06","modified_gmt":"2018-05-29T11:27:06","slug":"multimedia","status":"publish","type":"page","link":"https:\/\/www.nooteboom.com\/es\/multimedia\/","title":{"rendered":"Multimedia"},"content":{"rendered":"<div class=\"wpb-content-wrapper\"><p>[vc_row][vc_column][vc_column_text]Mant\u00e9ngase informado sobre eventos y desarrollos en la industria del transporte especial \u00a0por carretera, nuestras innovaciones y noticias de productos. Ap\u00fantese al bolet\u00edn de noticias online de Nooteboom el cual es emitido \u00a0varias veces al a\u00f1o. Y \u00a0encuentre en qu\u00e9 evento puede visitar Nooteboom.[\/vc_column_text][\/vc_column][\/vc_row][vc_row][vc_column width=\u00bb1\/4&#8243;]<div class=\"vc_teaser\">\n\n\t\n\t\t<div onclick=\"window.location.href='https:\/\/www.nooteboom.com\/es\/multimedia\/archivo-de-noticias\/';\" class=\"vc_teaser__inner clickable\">\n\n\t\t\t\t\t\t\t<figure>\n\t\t\t\t\t<img\n\t\t\t\t\t\t\tsrc=\"https:\/\/www.nooteboom.com\/wp-content\/uploads\/14542-500x333.png\"\n\t\t\t\t\t\t\talt=\"Multimedia\"\n\t\t\t\t\t\t\t\t\t\t\t\t\tsrcset=\"https:\/\/www.nooteboom.com\/wp-content\/uploads\/14542-300x199.png 300w,https:\/\/www.nooteboom.com\/wp-content\/uploads\/14542-768x511.png 768w,https:\/\/www.nooteboom.com\/wp-content\/uploads\/14542-1024x681.png 1024w\"\n\t\t\t\t\t\t\tsizes=\"(max-width: 500px) 100vw, 500px\"\n\t\t\t\t\t\t\t\t\t\t\t>\n\t\t\t\t<\/figure>\n\t\t\t\n\t\t\t\t\t\t\t<a href=\"https:\/\/www.nooteboom.com\/es\/multimedia\/archivo-de-noticias\/\" target=\"\"\n\t\t\t\t   title=\"\" class=\"button red\">\n\t\t\t\t\tArchivo de Noticias\t\t\t\t\t<span class=\"fa fa-chevron-right\"><\/span>\n\t\t\t\t<\/a>\n\t\t\t\n\t\t<\/div>\n\n\t\n<\/div>[\/vc_column][vc_column width=\u00bb1\/4&#8243;]<div class=\"vc_teaser\">\n\n\t\n\t\t<div onclick=\"window.location.href='https:\/\/www.nooteboom.com\/es\/multimedia\/eventos\/';\" class=\"vc_teaser__inner clickable\">\n\n\t\t\t\t\t\t\t<figure>\n\t\t\t\t\t<img\n\t\t\t\t\t\t\tsrc=\"https:\/\/www.nooteboom.com\/wp-content\/uploads\/Events-500x333.jpg\"\n\t\t\t\t\t\t\talt=\"Multimedia\"\n\t\t\t\t\t\t\t\t\t\t\t\t\tsrcset=\"https:\/\/www.nooteboom.com\/wp-content\/uploads\/Events-300x199.jpg 300w,https:\/\/www.nooteboom.com\/wp-content\/uploads\/Events-768x511.jpg 768w,https:\/\/www.nooteboom.com\/wp-content\/uploads\/Events-1024x681.jpg 1024w\"\n\t\t\t\t\t\t\tsizes=\"(max-width: 500px) 100vw, 500px\"\n\t\t\t\t\t\t\t\t\t\t\t>\n\t\t\t\t<\/figure>\n\t\t\t\n\t\t\t\t\t\t\t<a href=\"https:\/\/www.nooteboom.com\/es\/multimedia\/eventos\/\" target=\"\"\n\t\t\t\t   title=\"\" class=\"button red\">\n\t\t\t\t\tEventos\t\t\t\t\t<span class=\"fa fa-chevron-right\"><\/span>\n\t\t\t\t<\/a>\n\t\t\t\n\t\t<\/div>\n\n\t\n<\/div>[\/vc_column][vc_column width=\u00bb1\/4&#8243;]<div class=\"vc_teaser\">\n\n\t\n\t\t<div onclick=\"window.location.href='https:\/\/www.nooteboom.com\/es\/multimedia\/centro-multimedia\/';\" class=\"vc_teaser__inner clickable\">\n\n\t\t\t\t\t\t\t<figure>\n\t\t\t\t\t<img\n\t\t\t\t\t\t\tsrc=\"https:\/\/www.nooteboom.com\/wp-content\/uploads\/mediacenter-500x333.jpg\"\n\t\t\t\t\t\t\talt=\"Multimedia\"\n\t\t\t\t\t\t\t\t\t\t\t\t\tsrcset=\"https:\/\/www.nooteboom.com\/wp-content\/uploads\/mediacenter-300x199.jpg 300w,https:\/\/www.nooteboom.com\/wp-content\/uploads\/mediacenter-768x511.jpg 768w,https:\/\/www.nooteboom.com\/wp-content\/uploads\/mediacenter-1024x681.jpg 1024w\"\n\t\t\t\t\t\t\tsizes=\"(max-width: 500px) 100vw, 500px\"\n\t\t\t\t\t\t\t\t\t\t\t>\n\t\t\t\t<\/figure>\n\t\t\t\n\t\t\t\t\t\t\t<a href=\"https:\/\/www.nooteboom.com\/es\/multimedia\/centro-multimedia\/\" target=\"\"\n\t\t\t\t   title=\"\" class=\"button red\">\n\t\t\t\t\tCentro multimedia\t\t\t\t\t<span class=\"fa fa-chevron-right\"><\/span>\n\t\t\t\t<\/a>\n\t\t\t\n\t\t<\/div>\n\n\t\n<\/div>[\/vc_column][vc_column width=\u00bb1\/4&#8243;]<div class=\"vc_teaser\">\n\n\t\n\t\t<div onclick=\"window.location.href='https:\/\/www.nooteboom.com\/es\/multimedia\/contacto-de-prensa-y-servicio\/';\" class=\"vc_teaser__inner clickable\">\n\n\t\t\t\t\t\t\t<figure>\n\t\t\t\t\t<img\n\t\t\t\t\t\t\tsrc=\"https:\/\/www.nooteboom.com\/wp-content\/uploads\/presscontact_and_service.-500x333.jpg\"\n\t\t\t\t\t\t\talt=\"Multimedia\"\n\t\t\t\t\t\t\t\t\t\t\t\t\tsrcset=\"https:\/\/www.nooteboom.com\/wp-content\/uploads\/presscontact_and_service.-300x199.jpg 300w,https:\/\/www.nooteboom.com\/wp-content\/uploads\/presscontact_and_service.-768x511.jpg 768w,https:\/\/www.nooteboom.com\/wp-content\/uploads\/presscontact_and_service.-1024x681.jpg 1024w\"\n\t\t\t\t\t\t\tsizes=\"(max-width: 500px) 100vw, 500px\"\n\t\t\t\t\t\t\t\t\t\t\t>\n\t\t\t\t<\/figure>\n\t\t\t\n\t\t\t\t\t\t\t<a href=\"https:\/\/www.nooteboom.com\/es\/multimedia\/contacto-de-prensa-y-servicio\/\" target=\"\"\n\t\t\t\t   title=\"\" class=\"button red\">\n\t\t\t\t\tContacto de prensa\t\t\t\t\t<span class=\"fa fa-chevron-right\"><\/span>\n\t\t\t\t<\/a>\n\t\t\t\n\t\t<\/div>\n\n\t\n<\/div>[\/vc_column][\/vc_row][vc_row][vc_column][vc_cta h2=\u00bbBolet\u00edn de noticias\u00bb txt_align=\u00bbcenter\u00bb style=\u00bbflat\u00bb css_animation=\u00bbleft-to-right\u00bb]<\/p>\n<p style=\"text-align: center;\">Ap\u00fantese al bolet\u00edn de noticias de Nooteboom y estar\u00e1 informado de los \u00faltimos desarrollos.<\/p>\n<p style=\"text-align: center;\"><a class=\"button\" href=\"https:\/\/www.nooteboom.com\/es\/noticias-y-multimedia\/boletin-de-noticias\/\">Suscr\u00edbase ahora<\/a><\/p>\n<p>[\/vc_cta][vc_column_text]<\/p>\n<h2 style=\"text-align: center;\">Siga\u00a0Nooteboom:<\/h2>\n<p>[\/vc_column_text][\/vc_column][\/vc_row]<\/p>\n<\/div>","protected":false},"excerpt":{"rendered":"[vc_row][vc_column][vc_column_text]Mant\u00e9ngase informado sobre eventos y desarrollos en la industria del transporte especial \u00a0por carretera, nuestras innovaciones y noticias de productos&#8230;.","protected":false},"author":45,"featured_media":12427,"parent":0,"menu_order":0,"comment_status":"closed","ping_status":"closed","template":"","meta":{"_acf_changed":false,"inline_featured_image":false,"footnotes":""},"class_list":["post-10383","page","type-page","status-publish","has-post-thumbnail","hentry"],"acf":[],"yoast_head":"<!-- This site is optimized with the Yoast SEO Premium plugin v25.7.1 (Yoast SEO v25.7) - https:\/\/yoast.com\/wordpress\/plugins\/seo\/ -->\n<title>Multimedia | Nooteboom Trailers<\/title>\n<meta name=\"description\" content=\"Mant\u00e9ngase informado sobre eventos y desarrollos en la industria del transporte especial por carretera, nuestras innovaciones y noticias de productos.\" \/>\n<meta name=\"robots\" content=\"index, follow, max-snippet:-1, max-image-preview:large, max-video-preview:-1\" \/>\n<link rel=\"canonical\" href=\"https:\/\/www.nooteboom.com\/es\/multimedia\/\" \/>\n<meta property=\"og:locale\" content=\"es_ES\" \/>\n<meta property=\"og:type\" content=\"article\" \/>\n<meta property=\"og:title\" content=\"Multimedia\" \/>\n<meta property=\"og:description\" content=\"Mant\u00e9ngase informado sobre eventos y desarrollos en la industria del transporte especial por carretera, nuestras innovaciones y noticias de productos.\" \/>\n<meta property=\"og:url\" content=\"https:\/\/www.nooteboom.com\/es\/multimedia\/\" \/>\n<meta property=\"og:site_name\" content=\"Nooteboom Trailers\" \/>\n<meta property=\"article:publisher\" content=\"https:\/\/nl-nl.facebook.com\/nooteboomtrailers\/\" \/>\n<meta property=\"article:modified_time\" content=\"2018-05-29T11:27:06+00:00\" \/>\n<meta property=\"og:image\" content=\"https:\/\/www.nooteboom.com\/wp-content\/uploads\/IMG_9008-1.jpg\" \/>\n\t<meta property=\"og:image:width\" content=\"1600\" \/>\n\t<meta property=\"og:image:height\" content=\"1067\" \/>\n\t<meta property=\"og:image:type\" content=\"image\/jpeg\" \/>\n<meta name=\"twitter:card\" content=\"summary_large_image\" \/>\n<meta name=\"twitter:label1\" content=\"Tiempo de lectura\" \/>\n\t<meta name=\"twitter:data1\" content=\"1 minuto\" \/>\n<script type=\"application\/ld+json\" class=\"yoast-schema-graph\">{\"@context\":\"https:\/\/schema.org\",\"@graph\":[{\"@type\":\"WebPage\",\"@id\":\"https:\/\/www.nooteboom.com\/es\/multimedia\/\",\"url\":\"https:\/\/www.nooteboom.com\/es\/multimedia\/\",\"name\":\"Multimedia | Nooteboom Trailers\",\"isPartOf\":{\"@id\":\"https:\/\/www.nooteboom.com\/es\/#website\"},\"primaryImageOfPage\":{\"@id\":\"https:\/\/www.nooteboom.com\/es\/multimedia\/#primaryimage\"},\"image\":{\"@id\":\"https:\/\/www.nooteboom.com\/es\/multimedia\/#primaryimage\"},\"thumbnailUrl\":\"https:\/\/www.nooteboom.com\/wp-content\/uploads\/IMG_9008-1.jpg\",\"datePublished\":\"2016-08-08T07:48:54+00:00\",\"dateModified\":\"2018-05-29T11:27:06+00:00\",\"description\":\"Mant\u00e9ngase informado sobre eventos y desarrollos en la industria del transporte especial por carretera, nuestras innovaciones y noticias de productos.\",\"breadcrumb\":{\"@id\":\"https:\/\/www.nooteboom.com\/es\/multimedia\/#breadcrumb\"},\"inLanguage\":\"es\",\"potentialAction\":[{\"@type\":\"ReadAction\",\"target\":[\"https:\/\/www.nooteboom.com\/es\/multimedia\/\"]}]},{\"@type\":\"ImageObject\",\"inLanguage\":\"es\",\"@id\":\"https:\/\/www.nooteboom.com\/es\/multimedia\/#primaryimage\",\"url\":\"https:\/\/www.nooteboom.com\/wp-content\/uploads\/IMG_9008-1.jpg\",\"contentUrl\":\"https:\/\/www.nooteboom.com\/wp-content\/uploads\/IMG_9008-1.jpg\",\"width\":1600,\"height\":1067},{\"@type\":\"BreadcrumbList\",\"@id\":\"https:\/\/www.nooteboom.com\/es\/multimedia\/#breadcrumb\",\"itemListElement\":[{\"@type\":\"ListItem\",\"position\":1,\"name\":\"Home\",\"item\":\"https:\/\/www.nooteboom.com\/es\/\"},{\"@type\":\"ListItem\",\"position\":2,\"name\":\"Multimedia\"}]},{\"@type\":\"WebSite\",\"@id\":\"https:\/\/www.nooteboom.com\/es\/#website\",\"url\":\"https:\/\/www.nooteboom.com\/es\/\",\"name\":\"Nooteboom Trailers\",\"description\":\"Gets you there.\",\"publisher\":{\"@id\":\"https:\/\/www.nooteboom.com\/es\/#organization\"},\"potentialAction\":[{\"@type\":\"SearchAction\",\"target\":{\"@type\":\"EntryPoint\",\"urlTemplate\":\"https:\/\/www.nooteboom.com\/es\/?s={search_term_string}\"},\"query-input\":{\"@type\":\"PropertyValueSpecification\",\"valueRequired\":true,\"valueName\":\"search_term_string\"}}],\"inLanguage\":\"es\"},{\"@type\":\"Organization\",\"@id\":\"https:\/\/www.nooteboom.com\/es\/#organization\",\"name\":\"Nooteboom Trailers\",\"url\":\"https:\/\/www.nooteboom.com\/es\/\",\"logo\":{\"@type\":\"ImageObject\",\"inLanguage\":\"es\",\"@id\":\"https:\/\/www.nooteboom.com\/es\/#\/schema\/logo\/image\/\",\"url\":\"https:\/\/www.nooteboom.com\/wp-content\/uploads\/logo.png\",\"contentUrl\":\"https:\/\/www.nooteboom.com\/wp-content\/uploads\/logo.png\",\"width\":111,\"height\":66,\"caption\":\"Nooteboom Trailers\"},\"image\":{\"@id\":\"https:\/\/www.nooteboom.com\/es\/#\/schema\/logo\/image\/\"},\"sameAs\":[\"https:\/\/nl-nl.facebook.com\/nooteboomtrailers\/\",\"https:\/\/nl.linkedin.com\/company\/nooteboom-trailers\",\"https:\/\/www.youtube.com\/user\/Nooteboomtrailers\"]}]}<\/script>\n<!-- \/ Yoast SEO Premium plugin. -->","yoast_head_json":{"title":"Multimedia | Nooteboom Trailers","description":"Mant\u00e9ngase informado sobre eventos y desarrollos en la industria del transporte especial por carretera, nuestras innovaciones y noticias de productos.","robots":{"index":"index","follow":"follow","max-snippet":"max-snippet:-1","max-image-preview":"max-image-preview:large","max-video-preview":"max-video-preview:-1"},"canonical":"https:\/\/www.nooteboom.com\/es\/multimedia\/","og_locale":"es_ES","og_type":"article","og_title":"Multimedia","og_description":"Mant\u00e9ngase informado sobre eventos y desarrollos en la industria del transporte especial por carretera, nuestras innovaciones y noticias de productos.","og_url":"https:\/\/www.nooteboom.com\/es\/multimedia\/","og_site_name":"Nooteboom Trailers","article_publisher":"https:\/\/nl-nl.facebook.com\/nooteboomtrailers\/","article_modified_time":"2018-05-29T11:27:06+00:00","og_image":[{"width":1600,"height":1067,"url":"https:\/\/www.nooteboom.com\/wp-content\/uploads\/IMG_9008-1.jpg","type":"image\/jpeg"}],"twitter_card":"summary_large_image","twitter_misc":{"Tiempo de lectura":"1 minuto"},"schema":{"@context":"https:\/\/schema.org","@graph":[{"@type":"WebPage","@id":"https:\/\/www.nooteboom.com\/es\/multimedia\/","url":"https:\/\/www.nooteboom.com\/es\/multimedia\/","name":"Multimedia | Nooteboom Trailers","isPartOf":{"@id":"https:\/\/www.nooteboom.com\/es\/#website"},"primaryImageOfPage":{"@id":"https:\/\/www.nooteboom.com\/es\/multimedia\/#primaryimage"},"image":{"@id":"https:\/\/www.nooteboom.com\/es\/multimedia\/#primaryimage"},"thumbnailUrl":"https:\/\/www.nooteboom.com\/wp-content\/uploads\/IMG_9008-1.jpg","datePublished":"2016-08-08T07:48:54+00:00","dateModified":"2018-05-29T11:27:06+00:00","description":"Mant\u00e9ngase informado sobre eventos y desarrollos en la industria del transporte especial por carretera, nuestras innovaciones y noticias de productos.","breadcrumb":{"@id":"https:\/\/www.nooteboom.com\/es\/multimedia\/#breadcrumb"},"inLanguage":"es","potentialAction":[{"@type":"ReadAction","target":["https:\/\/www.nooteboom.com\/es\/multimedia\/"]}]},{"@type":"ImageObject","inLanguage":"es","@id":"https:\/\/www.nooteboom.com\/es\/multimedia\/#primaryimage","url":"https:\/\/www.nooteboom.com\/wp-content\/uploads\/IMG_9008-1.jpg","contentUrl":"https:\/\/www.nooteboom.com\/wp-content\/uploads\/IMG_9008-1.jpg","width":1600,"height":1067},{"@type":"BreadcrumbList","@id":"https:\/\/www.nooteboom.com\/es\/multimedia\/#breadcrumb","itemListElement":[{"@type":"ListItem","position":1,"name":"Home","item":"https:\/\/www.nooteboom.com\/es\/"},{"@type":"ListItem","position":2,"name":"Multimedia"}]},{"@type":"WebSite","@id":"https:\/\/www.nooteboom.com\/es\/#website","url":"https:\/\/www.nooteboom.com\/es\/","name":"Nooteboom Trailers","description":"Gets you there.","publisher":{"@id":"https:\/\/www.nooteboom.com\/es\/#organization"},"potentialAction":[{"@type":"SearchAction","target":{"@type":"EntryPoint","urlTemplate":"https:\/\/www.nooteboom.com\/es\/?s={search_term_string}"},"query-input":{"@type":"PropertyValueSpecification","valueRequired":true,"valueName":"search_term_string"}}],"inLanguage":"es"},{"@type":"Organization","@id":"https:\/\/www.nooteboom.com\/es\/#organization","name":"Nooteboom Trailers","url":"https:\/\/www.nooteboom.com\/es\/","logo":{"@type":"ImageObject","inLanguage":"es","@id":"https:\/\/www.nooteboom.com\/es\/#\/schema\/logo\/image\/","url":"https:\/\/www.nooteboom.com\/wp-content\/uploads\/logo.png","contentUrl":"https:\/\/www.nooteboom.com\/wp-content\/uploads\/logo.png","width":111,"height":66,"caption":"Nooteboom Trailers"},"image":{"@id":"https:\/\/www.nooteboom.com\/es\/#\/schema\/logo\/image\/"},"sameAs":["https:\/\/nl-nl.facebook.com\/nooteboomtrailers\/","https:\/\/nl.linkedin.com\/company\/nooteboom-trailers","https:\/\/www.youtube.com\/user\/Nooteboomtrailers"]}]}},"_links":{"self":[{"href":"https:\/\/www.nooteboom.com\/es\/wp-json\/wp\/v2\/pages\/10383","targetHints":{"allow":["GET"]}}],"collection":[{"href":"https:\/\/www.nooteboom.com\/es\/wp-json\/wp\/v2\/pages"}],"about":[{"href":"https:\/\/www.nooteboom.com\/es\/wp-json\/wp\/v2\/types\/page"}],"author":[{"embeddable":true,"href":"https:\/\/www.nooteboom.com\/es\/wp-json\/wp\/v2\/users\/45"}],"replies":[{"embeddable":true,"href":"https:\/\/www.nooteboom.com\/es\/wp-json\/wp\/v2\/comments?post=10383"}],"version-history":[{"count":6,"href":"https:\/\/www.nooteboom.com\/es\/wp-json\/wp\/v2\/pages\/10383\/revisions"}],"predecessor-version":[{"id":1536622,"href":"https:\/\/www.nooteboom.com\/es\/wp-json\/wp\/v2\/pages\/10383\/revisions\/1536622"}],"wp:featuredmedia":[{"embeddable":true,"href":"https:\/\/www.nooteboom.com\/es\/wp-json\/wp\/v2\/media\/12427"}],"wp:attachment":[{"href":"https:\/\/www.nooteboom.com\/es\/wp-json\/wp\/v2\/media?parent=10383"}],"curies":[{"name":"wp","href":"https:\/\/api.w.org\/{rel}","templated":true}]}}