{"id":10381,"date":"2016-08-08T09:48:04","date_gmt":"2016-08-08T07:48:04","guid":{"rendered":"https:\/\/www.nooteboom.com\/?page_id=10381&#038;lang=es"},"modified":"2016-08-19T08:07:23","modified_gmt":"2016-08-19T06:07:23","slug":"comercializacion","status":"publish","type":"page","link":"https:\/\/www.nooteboom.com\/es\/comercializacion\/","title":{"rendered":"Comercializaci\u00f3n"},"content":{"rendered":"<div class=\"wpb-content-wrapper\"><p>[vc_row][vc_column width=\u00bb1\/2&#8243;][vc_column_text]Visite nuestra tienda virtual y eche un vistazo a nuestra gama de maquetas Nooteboom a escala (1:50 y 1:87) libros, DVD, coleccionables y ropa de sport. Para coleccionistas y aficionados al transporte especial .<\/p>\n<p>Robustos y duraderos. Entrega en dos d\u00edas, con localizaci\u00f3n y seguimiento de paquetes. Pago seguro con tarjeta de cr\u00e9dito, iDeal, PayPal o transferencia bancaria.<\/p>\n<p><a class=\"button\" href=\"https:\/\/www.nooteboomshop.com\">www.nooteboomshop.com<\/a>[\/vc_column_text][\/vc_column][vc_column width=\u00bb1\/2&#8243;][vc_single_image image=\u00bb1603&#8243; img_size=\u00bblarge\u00bb][\/vc_column][\/vc_row][vc_row][vc_column width=\u00bb1\/4&#8243;]<div class=\"vc_teaser\">\n\n\t\n\t\t<div onclick=\"window.location.href='https:\/\/www.nooteboomshop.com\/en\/scale-models';\" class=\"vc_teaser__inner clickable\">\n\n\t\t\t\t\t\t\t<figure>\n\t\t\t\t\t<img\n\t\t\t\t\t\t\tsrc=\"https:\/\/www.nooteboom.com\/wp-content\/uploads\/Scalemodels-500x333.jpg\"\n\t\t\t\t\t\t\talt=\"Comercializaci\u00f3n\"\n\t\t\t\t\t\t\t\t\t\t\t\t\tsrcset=\"https:\/\/www.nooteboom.com\/wp-content\/uploads\/Scalemodels-300x199.jpg 300w,https:\/\/www.nooteboom.com\/wp-content\/uploads\/Scalemodels-768x511.jpg 768w,https:\/\/www.nooteboom.com\/wp-content\/uploads\/Scalemodels-1024x681.jpg 1024w\"\n\t\t\t\t\t\t\tsizes=\"(max-width: 500px) 100vw, 500px\"\n\t\t\t\t\t\t\t\t\t\t\t>\n\t\t\t\t<\/figure>\n\t\t\t\n\t\t\t\t\t\t\t<a href=\"https:\/\/www.nooteboomshop.com\/en\/scale-models\" target=\"\"\n\t\t\t\t   title=\"Maquetas a escala\" class=\"button red\">\n\t\t\t\t\tMaquetas a escala\t\t\t\t\t<span class=\"fa fa-chevron-right\"><\/span>\n\t\t\t\t<\/a>\n\t\t\t\n\t\t<\/div>\n\n\t\n<\/div>[vc_column_text]Todas las maquetas Nooteboom son a escala de 1:50 o 1:87. Incluye la L\u00ednea Roja de Nooteboom y Ediciones Limitadas, disponibles con accesorios realistas y carga. Las maquetas tienen gran cantidad de detalles. Se entregan en un paquete de regalo lujoso.[\/vc_column_text][\/vc_column][vc_column width=\u00bb1\/4&#8243;]<div class=\"vc_teaser\">\n\n\t\n\t\t<div onclick=\"window.location.href='https:\/\/www.nooteboomshop.com\/en\/books-movies';\" class=\"vc_teaser__inner clickable\">\n\n\t\t\t\t\t\t\t<figure>\n\t\t\t\t\t<img\n\t\t\t\t\t\t\tsrc=\"https:\/\/www.nooteboom.com\/wp-content\/uploads\/books-500x333.jpg\"\n\t\t\t\t\t\t\talt=\"Comercializaci\u00f3n\"\n\t\t\t\t\t\t\t\t\t\t\t\t\tsrcset=\"https:\/\/www.nooteboom.com\/wp-content\/uploads\/books-300x199.jpg 300w,https:\/\/www.nooteboom.com\/wp-content\/uploads\/books-768x511.jpg 768w,https:\/\/www.nooteboom.com\/wp-content\/uploads\/books-1024x681.jpg 1024w\"\n\t\t\t\t\t\t\tsizes=\"(max-width: 500px) 100vw, 500px\"\n\t\t\t\t\t\t\t\t\t\t\t>\n\t\t\t\t<\/figure>\n\t\t\t\n\t\t\t\t\t\t\t<a href=\"https:\/\/www.nooteboomshop.com\/en\/books-movies\" target=\"\"\n\t\t\t\t   title=\"Libros y DVD\" class=\"button red\">\n\t\t\t\t\tLibros y DVD\t\t\t\t\t<span class=\"fa fa-chevron-right\"><\/span>\n\t\t\t\t<\/a>\n\t\t\t\n\t\t<\/div>\n\n\t\n<\/div>[vc_column_text]Explore el mundo del transporte especial. \u00bfLe gustar\u00eda saber m\u00e1s acerca de remolques y las cargas que pueden transportar? Experimente y aprenda sobre ellos con nuestros DVD y libros, incluida la serie Giants on the Road (Gigantes en la carretera).[\/vc_column_text][\/vc_column][vc_column width=\u00bb1\/4&#8243;]<div class=\"vc_teaser\">\n\n\t\n\t\t<div onclick=\"window.location.href='https:\/\/www.nooteboomshop.com\/en\/leisure-wear';\" class=\"vc_teaser__inner clickable\">\n\n\t\t\t\t\t\t\t<figure>\n\t\t\t\t\t<img\n\t\t\t\t\t\t\tsrc=\"https:\/\/www.nooteboom.com\/wp-content\/uploads\/Leisurewear-500x333.jpg\"\n\t\t\t\t\t\t\talt=\"Comercializaci\u00f3n\"\n\t\t\t\t\t\t\t\t\t\t\t\t\tsrcset=\"https:\/\/www.nooteboom.com\/wp-content\/uploads\/Leisurewear-300x199.jpg 300w,https:\/\/www.nooteboom.com\/wp-content\/uploads\/Leisurewear-768x511.jpg 768w,https:\/\/www.nooteboom.com\/wp-content\/uploads\/Leisurewear-1024x681.jpg 1024w\"\n\t\t\t\t\t\t\tsizes=\"(max-width: 500px) 100vw, 500px\"\n\t\t\t\t\t\t\t\t\t\t\t>\n\t\t\t\t<\/figure>\n\t\t\t\n\t\t\t\t\t\t\t<a href=\"https:\/\/www.nooteboomshop.com\/en\/leisure-wear\" target=\"\"\n\t\t\t\t   title=\"Ropa de sport\" class=\"button red\">\n\t\t\t\t\tRopa de sport\t\t\t\t\t<span class=\"fa fa-chevron-right\"><\/span>\n\t\t\t\t<\/a>\n\t\t\t\n\t\t<\/div>\n\n\t\n<\/div>[vc_column_text]La gama de ropa de Nooteboom incluye abrigos, pantalones, polos y camisetas. Resistentes y \u00fatiles. C\u00f3modas, confortables y reconocibles.[\/vc_column_text][\/vc_column][vc_column width=\u00bb1\/4&#8243;]<div class=\"vc_teaser\">\n\n\t\n\t\t<div onclick=\"window.location.href='https:\/\/www.nooteboomshop.com\/en\/accessories';\" class=\"vc_teaser__inner clickable\">\n\n\t\t\t\t\t\t\t<figure>\n\t\t\t\t\t<img\n\t\t\t\t\t\t\tsrc=\"https:\/\/www.nooteboom.com\/wp-content\/uploads\/collectibles-500x333.jpg\"\n\t\t\t\t\t\t\talt=\"Comercializaci\u00f3n\"\n\t\t\t\t\t\t\t\t\t\t\t\t\tsrcset=\"https:\/\/www.nooteboom.com\/wp-content\/uploads\/collectibles-300x199.jpg 300w,https:\/\/www.nooteboom.com\/wp-content\/uploads\/collectibles-768x511.jpg 768w,https:\/\/www.nooteboom.com\/wp-content\/uploads\/collectibles-1024x681.jpg 1024w\"\n\t\t\t\t\t\t\tsizes=\"(max-width: 500px) 100vw, 500px\"\n\t\t\t\t\t\t\t\t\t\t\t>\n\t\t\t\t<\/figure>\n\t\t\t\n\t\t\t\t\t\t\t<a href=\"https:\/\/www.nooteboomshop.com\/en\/accessories\" target=\"\"\n\t\t\t\t   title=\"Coleccionables\" class=\"button red\">\n\t\t\t\t\tColeccionables\t\t\t\t\t<span class=\"fa fa-chevron-right\"><\/span>\n\t\t\t\t<\/a>\n\t\t\t\n\t\t<\/div>\n\n\t\n<\/div>[vc_column_text]\u00bfEst\u00e1 buscando productos sorprendentes y \u00fanicos para completar su colecci\u00f3n de Nooteboom? Aqu\u00ed puede elegir. Desde una alfombrilla de rat\u00f3n a una taza de caf\u00e9, desde una memoria USB a un paraguas.[\/vc_column_text][\/vc_column][\/vc_row]<\/p>\n<\/div>","protected":false},"excerpt":{"rendered":"[vc_row][vc_column width=\u00bb1\/2&#8243;][vc_column_text]Visite nuestra tienda virtual y eche un vistazo a nuestra gama de maquetas Nooteboom a escala (1:50 y 1:87)&#8230;","protected":false},"author":45,"featured_media":12415,"parent":0,"menu_order":0,"comment_status":"closed","ping_status":"closed","template":"","meta":{"_acf_changed":false,"inline_featured_image":false,"footnotes":""},"class_list":["post-10381","page","type-page","status-publish","has-post-thumbnail","hentry"],"acf":[],"yoast_head":"<!-- This site is optimized with the Yoast SEO Premium plugin v25.7.1 (Yoast SEO v25.7) - https:\/\/yoast.com\/wordpress\/plugins\/seo\/ -->\n<title>Comercializaci\u00f3n | Nooteboom Trailers<\/title>\n<meta name=\"description\" content=\"Visite nuestra tienda virtual y eche un vistazo a nuestra gama de maquetas Nooteboom a escala (1:50 y 1:87) libros, DVD, coleccionables y ropa de sport...\" \/>\n<meta name=\"robots\" content=\"index, follow, max-snippet:-1, max-image-preview:large, max-video-preview:-1\" \/>\n<link rel=\"canonical\" href=\"https:\/\/www.nooteboom.com\/es\/comercializacion\/\" \/>\n<meta property=\"og:locale\" content=\"es_ES\" \/>\n<meta property=\"og:type\" content=\"article\" \/>\n<meta property=\"og:title\" content=\"Comercializaci\u00f3n\" \/>\n<meta property=\"og:description\" content=\"Visite nuestra tienda virtual y eche un vistazo a nuestra gama de maquetas Nooteboom a escala (1:50 y 1:87) libros, DVD, coleccionables y ropa de sport...\" \/>\n<meta property=\"og:url\" content=\"https:\/\/www.nooteboom.com\/es\/comercializacion\/\" \/>\n<meta property=\"og:site_name\" content=\"Nooteboom Trailers\" \/>\n<meta property=\"article:publisher\" content=\"https:\/\/nl-nl.facebook.com\/nooteboomtrailers\/\" \/>\n<meta property=\"article:modified_time\" content=\"2016-08-19T06:07:23+00:00\" \/>\n<meta property=\"og:image\" content=\"https:\/\/www.nooteboom.com\/wp-content\/uploads\/MPL-scalemodel.jpg\" \/>\n\t<meta property=\"og:image:width\" content=\"1400\" \/>\n\t<meta property=\"og:image:height\" content=\"693\" \/>\n\t<meta property=\"og:image:type\" content=\"image\/jpeg\" \/>\n<meta name=\"twitter:card\" content=\"summary_large_image\" \/>\n<meta name=\"twitter:label1\" content=\"Tiempo de lectura\" \/>\n\t<meta name=\"twitter:data1\" content=\"2 minutos\" \/>\n<script type=\"application\/ld+json\" class=\"yoast-schema-graph\">{\"@context\":\"https:\/\/schema.org\",\"@graph\":[{\"@type\":\"WebPage\",\"@id\":\"https:\/\/www.nooteboom.com\/es\/comercializacion\/\",\"url\":\"https:\/\/www.nooteboom.com\/es\/comercializacion\/\",\"name\":\"Comercializaci\u00f3n | Nooteboom Trailers\",\"isPartOf\":{\"@id\":\"https:\/\/www.nooteboom.com\/es\/#website\"},\"primaryImageOfPage\":{\"@id\":\"https:\/\/www.nooteboom.com\/es\/comercializacion\/#primaryimage\"},\"image\":{\"@id\":\"https:\/\/www.nooteboom.com\/es\/comercializacion\/#primaryimage\"},\"thumbnailUrl\":\"https:\/\/www.nooteboom.com\/wp-content\/uploads\/MPL-scalemodel.jpg\",\"datePublished\":\"2016-08-08T07:48:04+00:00\",\"dateModified\":\"2016-08-19T06:07:23+00:00\",\"description\":\"Visite nuestra tienda virtual y eche un vistazo a nuestra gama de maquetas Nooteboom a escala (1:50 y 1:87) libros, DVD, coleccionables y ropa de sport...\",\"breadcrumb\":{\"@id\":\"https:\/\/www.nooteboom.com\/es\/comercializacion\/#breadcrumb\"},\"inLanguage\":\"es\",\"potentialAction\":[{\"@type\":\"ReadAction\",\"target\":[\"https:\/\/www.nooteboom.com\/es\/comercializacion\/\"]}]},{\"@type\":\"ImageObject\",\"inLanguage\":\"es\",\"@id\":\"https:\/\/www.nooteboom.com\/es\/comercializacion\/#primaryimage\",\"url\":\"https:\/\/www.nooteboom.com\/wp-content\/uploads\/MPL-scalemodel.jpg\",\"contentUrl\":\"https:\/\/www.nooteboom.com\/wp-content\/uploads\/MPL-scalemodel.jpg\",\"width\":1400,\"height\":693},{\"@type\":\"BreadcrumbList\",\"@id\":\"https:\/\/www.nooteboom.com\/es\/comercializacion\/#breadcrumb\",\"itemListElement\":[{\"@type\":\"ListItem\",\"position\":1,\"name\":\"Home\",\"item\":\"https:\/\/www.nooteboom.com\/es\/\"},{\"@type\":\"ListItem\",\"position\":2,\"name\":\"Comercializaci\u00f3n\"}]},{\"@type\":\"WebSite\",\"@id\":\"https:\/\/www.nooteboom.com\/es\/#website\",\"url\":\"https:\/\/www.nooteboom.com\/es\/\",\"name\":\"Nooteboom Trailers\",\"description\":\"Gets you there.\",\"publisher\":{\"@id\":\"https:\/\/www.nooteboom.com\/es\/#organization\"},\"potentialAction\":[{\"@type\":\"SearchAction\",\"target\":{\"@type\":\"EntryPoint\",\"urlTemplate\":\"https:\/\/www.nooteboom.com\/es\/?s={search_term_string}\"},\"query-input\":{\"@type\":\"PropertyValueSpecification\",\"valueRequired\":true,\"valueName\":\"search_term_string\"}}],\"inLanguage\":\"es\"},{\"@type\":\"Organization\",\"@id\":\"https:\/\/www.nooteboom.com\/es\/#organization\",\"name\":\"Nooteboom Trailers\",\"url\":\"https:\/\/www.nooteboom.com\/es\/\",\"logo\":{\"@type\":\"ImageObject\",\"inLanguage\":\"es\",\"@id\":\"https:\/\/www.nooteboom.com\/es\/#\/schema\/logo\/image\/\",\"url\":\"https:\/\/www.nooteboom.com\/wp-content\/uploads\/logo.png\",\"contentUrl\":\"https:\/\/www.nooteboom.com\/wp-content\/uploads\/logo.png\",\"width\":111,\"height\":66,\"caption\":\"Nooteboom Trailers\"},\"image\":{\"@id\":\"https:\/\/www.nooteboom.com\/es\/#\/schema\/logo\/image\/\"},\"sameAs\":[\"https:\/\/nl-nl.facebook.com\/nooteboomtrailers\/\",\"https:\/\/nl.linkedin.com\/company\/nooteboom-trailers\",\"https:\/\/www.youtube.com\/user\/Nooteboomtrailers\"]}]}<\/script>\n<!-- \/ Yoast SEO Premium plugin. -->","yoast_head_json":{"title":"Comercializaci\u00f3n | Nooteboom Trailers","description":"Visite nuestra tienda virtual y eche un vistazo a nuestra gama de maquetas Nooteboom a escala (1:50 y 1:87) libros, DVD, coleccionables y ropa de sport...","robots":{"index":"index","follow":"follow","max-snippet":"max-snippet:-1","max-image-preview":"max-image-preview:large","max-video-preview":"max-video-preview:-1"},"canonical":"https:\/\/www.nooteboom.com\/es\/comercializacion\/","og_locale":"es_ES","og_type":"article","og_title":"Comercializaci\u00f3n","og_description":"Visite nuestra tienda virtual y eche un vistazo a nuestra gama de maquetas Nooteboom a escala (1:50 y 1:87) libros, DVD, coleccionables y ropa de sport...","og_url":"https:\/\/www.nooteboom.com\/es\/comercializacion\/","og_site_name":"Nooteboom Trailers","article_publisher":"https:\/\/nl-nl.facebook.com\/nooteboomtrailers\/","article_modified_time":"2016-08-19T06:07:23+00:00","og_image":[{"width":1400,"height":693,"url":"https:\/\/www.nooteboom.com\/wp-content\/uploads\/MPL-scalemodel.jpg","type":"image\/jpeg"}],"twitter_card":"summary_large_image","twitter_misc":{"Tiempo de lectura":"2 minutos"},"schema":{"@context":"https:\/\/schema.org","@graph":[{"@type":"WebPage","@id":"https:\/\/www.nooteboom.com\/es\/comercializacion\/","url":"https:\/\/www.nooteboom.com\/es\/comercializacion\/","name":"Comercializaci\u00f3n | Nooteboom Trailers","isPartOf":{"@id":"https:\/\/www.nooteboom.com\/es\/#website"},"primaryImageOfPage":{"@id":"https:\/\/www.nooteboom.com\/es\/comercializacion\/#primaryimage"},"image":{"@id":"https:\/\/www.nooteboom.com\/es\/comercializacion\/#primaryimage"},"thumbnailUrl":"https:\/\/www.nooteboom.com\/wp-content\/uploads\/MPL-scalemodel.jpg","datePublished":"2016-08-08T07:48:04+00:00","dateModified":"2016-08-19T06:07:23+00:00","description":"Visite nuestra tienda virtual y eche un vistazo a nuestra gama de maquetas Nooteboom a escala (1:50 y 1:87) libros, DVD, coleccionables y ropa de sport...","breadcrumb":{"@id":"https:\/\/www.nooteboom.com\/es\/comercializacion\/#breadcrumb"},"inLanguage":"es","potentialAction":[{"@type":"ReadAction","target":["https:\/\/www.nooteboom.com\/es\/comercializacion\/"]}]},{"@type":"ImageObject","inLanguage":"es","@id":"https:\/\/www.nooteboom.com\/es\/comercializacion\/#primaryimage","url":"https:\/\/www.nooteboom.com\/wp-content\/uploads\/MPL-scalemodel.jpg","contentUrl":"https:\/\/www.nooteboom.com\/wp-content\/uploads\/MPL-scalemodel.jpg","width":1400,"height":693},{"@type":"BreadcrumbList","@id":"https:\/\/www.nooteboom.com\/es\/comercializacion\/#breadcrumb","itemListElement":[{"@type":"ListItem","position":1,"name":"Home","item":"https:\/\/www.nooteboom.com\/es\/"},{"@type":"ListItem","position":2,"name":"Comercializaci\u00f3n"}]},{"@type":"WebSite","@id":"https:\/\/www.nooteboom.com\/es\/#website","url":"https:\/\/www.nooteboom.com\/es\/","name":"Nooteboom Trailers","description":"Gets you there.","publisher":{"@id":"https:\/\/www.nooteboom.com\/es\/#organization"},"potentialAction":[{"@type":"SearchAction","target":{"@type":"EntryPoint","urlTemplate":"https:\/\/www.nooteboom.com\/es\/?s={search_term_string}"},"query-input":{"@type":"PropertyValueSpecification","valueRequired":true,"valueName":"search_term_string"}}],"inLanguage":"es"},{"@type":"Organization","@id":"https:\/\/www.nooteboom.com\/es\/#organization","name":"Nooteboom Trailers","url":"https:\/\/www.nooteboom.com\/es\/","logo":{"@type":"ImageObject","inLanguage":"es","@id":"https:\/\/www.nooteboom.com\/es\/#\/schema\/logo\/image\/","url":"https:\/\/www.nooteboom.com\/wp-content\/uploads\/logo.png","contentUrl":"https:\/\/www.nooteboom.com\/wp-content\/uploads\/logo.png","width":111,"height":66,"caption":"Nooteboom Trailers"},"image":{"@id":"https:\/\/www.nooteboom.com\/es\/#\/schema\/logo\/image\/"},"sameAs":["https:\/\/nl-nl.facebook.com\/nooteboomtrailers\/","https:\/\/nl.linkedin.com\/company\/nooteboom-trailers","https:\/\/www.youtube.com\/user\/Nooteboomtrailers"]}]}},"_links":{"self":[{"href":"https:\/\/www.nooteboom.com\/es\/wp-json\/wp\/v2\/pages\/10381","targetHints":{"allow":["GET"]}}],"collection":[{"href":"https:\/\/www.nooteboom.com\/es\/wp-json\/wp\/v2\/pages"}],"about":[{"href":"https:\/\/www.nooteboom.com\/es\/wp-json\/wp\/v2\/types\/page"}],"author":[{"embeddable":true,"href":"https:\/\/www.nooteboom.com\/es\/wp-json\/wp\/v2\/users\/45"}],"replies":[{"embeddable":true,"href":"https:\/\/www.nooteboom.com\/es\/wp-json\/wp\/v2\/comments?post=10381"}],"version-history":[{"count":7,"href":"https:\/\/www.nooteboom.com\/es\/wp-json\/wp\/v2\/pages\/10381\/revisions"}],"predecessor-version":[{"id":12323,"href":"https:\/\/www.nooteboom.com\/es\/wp-json\/wp\/v2\/pages\/10381\/revisions\/12323"}],"wp:featuredmedia":[{"embeddable":true,"href":"https:\/\/www.nooteboom.com\/es\/wp-json\/wp\/v2\/media\/12415"}],"wp:attachment":[{"href":"https:\/\/www.nooteboom.com\/es\/wp-json\/wp\/v2\/media?parent=10381"}],"curies":[{"name":"wp","href":"https:\/\/api.w.org\/{rel}","templated":true}]}}