{"id":10365,"date":"2016-08-08T09:23:19","date_gmt":"2016-08-08T07:23:19","guid":{"rendered":"https:\/\/www.nooteboom.com\/?page_id=10365&#038;lang=es"},"modified":"2021-10-21T10:46:40","modified_gmt":"2021-10-21T08:46:40","slug":"vacantes-y-practicas","status":"publish","type":"page","link":"https:\/\/www.nooteboom.com\/es\/profesion\/vacantes-y-practicas\/","title":{"rendered":"Vacantes y pr\u00e1cticas"},"content":{"rendered":"<div class=\"wpb-content-wrapper\"><p>[vc_row][vc_column width=\u00bb1\/2&#8243;][vc_column_text]La industria de la fabricaci\u00f3n est\u00e1 viva y bien ll!<br \/>\nDebido a una orientaci\u00f3n internacional, direcci\u00f3n a la innovaci\u00f3n y cualidades distintivas, los productos holandeses son populares en todo el mundo. Esto sirve para la industria offshore como tambi\u00e9n para la producci\u00f3n de veh\u00edculos.<br \/>\nNooteboom es el \u00fanico fabricante de remolques que ha estado en el top 100 de las mejores compa\u00f1\u00edas de fabricaci\u00f3n en los Pa\u00edses Bajos \u00a0durante muchos a\u00f1os.<br \/>\nSi t\u00fa eliges la industria de la fabricaci\u00f3n, t\u00fa eliges un sector industrial din\u00e1mico con muchas oportunidades.[\/vc_column_text][\/vc_column][vc_column width=\u00bb1\/2&#8243;][vc_single_image image=\u00bb1536916&#8243; img_size=\u00bblarge\u00bb alignment=\u00bbright\u00bb onclick=\u00bblink_image\u00bb css_animation=\u00bbfadeInRight\u00bb][\/vc_column][\/vc_row][vc_row][vc_column width=\u00bb1\/4&#8243;]<div class=\"vc_teaser\">\n\n\t\n\t\t<div onclick=\"window.location.href='https:\/\/www.nooteboom.com\/es\/area-sales-manager-spain-nooteboom-iberica\/';\" class=\"vc_teaser__inner clickable\">\n\n\t\t\t\t\t\t\t<figure>\n\t\t\t\t\t<img\n\t\t\t\t\t\t\tsrc=\"https:\/\/www.nooteboom.com\/wp-content\/uploads\/Johan-Visschers-small-scaled-500x333.jpg\"\n\t\t\t\t\t\t\talt=\"Vacantes y pr\u00e1cticas\"\n\t\t\t\t\t\t\t\t\t\t\t\t\tsrcset=\"https:\/\/www.nooteboom.com\/wp-content\/uploads\/Johan-Visschers-small-scaled-300x199.jpg 300w,https:\/\/www.nooteboom.com\/wp-content\/uploads\/Johan-Visschers-small-scaled-768x511.jpg 768w,https:\/\/www.nooteboom.com\/wp-content\/uploads\/Johan-Visschers-small-scaled-1024x681.jpg 1024w\"\n\t\t\t\t\t\t\tsizes=\"(max-width: 500px) 100vw, 500px\"\n\t\t\t\t\t\t\t\t\t\t\t>\n\t\t\t\t<\/figure>\n\t\t\t\n\t\t\t\t\t\t\t<a href=\"https:\/\/www.nooteboom.com\/es\/area-sales-manager-spain-nooteboom-iberica\/\" target=\"\"\n\t\t\t\t   title=\"Area Sales Manager Spain (Nooteboom Iber\u00edca)\" class=\"button red\">\n\t\t\t\t\tArea Sales manager\t\t\t\t\t<span class=\"fa fa-chevron-right\"><\/span>\n\t\t\t\t<\/a>\n\t\t\t\n\t\t<\/div>\n\n\t\n<\/div>[\/vc_column][vc_column width=\u00bb1\/4&#8243;][\/vc_column][vc_column width=\u00bb1\/4&#8243;][\/vc_column][vc_column width=\u00bb1\/4&#8243;][\/vc_column][\/vc_row][vc_row disable_element=\u00bbyes\u00bb][vc_column width=\u00bb1\/2&#8243;][vc_column_text]<strong>Vacantes actuales y pr\u00e1cticas de empresa <\/strong><\/p>\n<p>Por el momento no hay vacantes abiertas en Espa\u00f1ol<\/p>\n<p><a href=\"https:\/\/www.nooteboom.com\/nl\/werken-bij-nooteboom\/vacatures-stages\/\">Vacancies in the Netherlands<\/a>[\/vc_column_text][\/vc_column][vc_column width=\u00bb1\/2&#8243;][vc_text_separator title=\u00bb\u00abSi t\u00fa eliges la industria de la fabricaci\u00f3n , t\u00fa eliges un sector industrial con muchas oportunidades .\u00ab\u00bb][\/vc_column][\/vc_row]<\/p>\n<\/div>","protected":false},"excerpt":{"rendered":"[vc_row][vc_column width=\u00bb1\/2&#8243;][vc_column_text]La industria de la fabricaci\u00f3n est\u00e1 viva y bien ll! Debido a una orientaci\u00f3n internacional, direcci\u00f3n a la innovaci\u00f3n&#8230;","protected":false},"author":45,"featured_media":0,"parent":10355,"menu_order":0,"comment_status":"closed","ping_status":"closed","template":"","meta":{"_acf_changed":false,"inline_featured_image":false,"footnotes":""},"class_list":["post-10365","page","type-page","status-publish","hentry"],"acf":[],"yoast_head":"<!-- This site is optimized with the Yoast SEO Premium plugin v25.7.1 (Yoast SEO v25.7) - https:\/\/yoast.com\/wordpress\/plugins\/seo\/ -->\n<title>Vacantes y pr\u00e1cticas | Nooteboom Trailers<\/title>\n<meta name=\"description\" content=\"Debido a una orientaci\u00f3n internacional , direcci\u00f3n a la innovaci\u00f3n y cualidades distintivas, los productos holandeses son populares en todo el mundo.\" \/>\n<meta name=\"robots\" content=\"index, follow, max-snippet:-1, max-image-preview:large, max-video-preview:-1\" \/>\n<link rel=\"canonical\" href=\"https:\/\/www.nooteboom.com\/es\/profesion\/vacantes-y-practicas\/\" \/>\n<meta property=\"og:locale\" content=\"es_ES\" \/>\n<meta property=\"og:type\" content=\"article\" \/>\n<meta property=\"og:title\" content=\"Vacantes y pr\u00e1cticas\" \/>\n<meta property=\"og:description\" content=\"Debido a una orientaci\u00f3n internacional , direcci\u00f3n a la innovaci\u00f3n y cualidades distintivas, los productos holandeses son populares en todo el mundo.\" \/>\n<meta property=\"og:url\" content=\"https:\/\/www.nooteboom.com\/es\/profesion\/vacantes-y-practicas\/\" \/>\n<meta property=\"og:site_name\" content=\"Nooteboom Trailers\" \/>\n<meta property=\"article:publisher\" content=\"https:\/\/nl-nl.facebook.com\/nooteboomtrailers\/\" \/>\n<meta property=\"article:modified_time\" content=\"2021-10-21T08:46:40+00:00\" \/>\n<meta property=\"og:image\" content=\"https:\/\/www.nooteboom.com\/wp-content\/uploads\/splashnooteboom-square-1.jpg\" \/>\n\t<meta property=\"og:image:width\" content=\"757\" \/>\n\t<meta property=\"og:image:height\" content=\"757\" \/>\n\t<meta property=\"og:image:type\" content=\"image\/jpeg\" \/>\n<meta name=\"twitter:card\" content=\"summary_large_image\" \/>\n<meta name=\"twitter:label1\" content=\"Tiempo de lectura\" \/>\n\t<meta name=\"twitter:data1\" content=\"1 minuto\" \/>\n<script type=\"application\/ld+json\" class=\"yoast-schema-graph\">{\"@context\":\"https:\/\/schema.org\",\"@graph\":[{\"@type\":\"WebPage\",\"@id\":\"https:\/\/www.nooteboom.com\/es\/profesion\/vacantes-y-practicas\/\",\"url\":\"https:\/\/www.nooteboom.com\/es\/profesion\/vacantes-y-practicas\/\",\"name\":\"Vacantes y pr\u00e1cticas | Nooteboom Trailers\",\"isPartOf\":{\"@id\":\"https:\/\/www.nooteboom.com\/es\/#website\"},\"datePublished\":\"2016-08-08T07:23:19+00:00\",\"dateModified\":\"2021-10-21T08:46:40+00:00\",\"description\":\"Debido a una orientaci\u00f3n internacional , direcci\u00f3n a la innovaci\u00f3n y cualidades distintivas, los productos holandeses son populares en todo el mundo.\",\"breadcrumb\":{\"@id\":\"https:\/\/www.nooteboom.com\/es\/profesion\/vacantes-y-practicas\/#breadcrumb\"},\"inLanguage\":\"es\",\"potentialAction\":[{\"@type\":\"ReadAction\",\"target\":[\"https:\/\/www.nooteboom.com\/es\/profesion\/vacantes-y-practicas\/\"]}]},{\"@type\":\"BreadcrumbList\",\"@id\":\"https:\/\/www.nooteboom.com\/es\/profesion\/vacantes-y-practicas\/#breadcrumb\",\"itemListElement\":[{\"@type\":\"ListItem\",\"position\":1,\"name\":\"Home\",\"item\":\"https:\/\/www.nooteboom.com\/es\/\"},{\"@type\":\"ListItem\",\"position\":2,\"name\":\"Profesi\u00f3n\",\"item\":\"https:\/\/www.nooteboom.com\/es\/profesion\/\"},{\"@type\":\"ListItem\",\"position\":3,\"name\":\"Vacantes y pr\u00e1cticas\"}]},{\"@type\":\"WebSite\",\"@id\":\"https:\/\/www.nooteboom.com\/es\/#website\",\"url\":\"https:\/\/www.nooteboom.com\/es\/\",\"name\":\"Nooteboom Trailers\",\"description\":\"Gets you there.\",\"publisher\":{\"@id\":\"https:\/\/www.nooteboom.com\/es\/#organization\"},\"potentialAction\":[{\"@type\":\"SearchAction\",\"target\":{\"@type\":\"EntryPoint\",\"urlTemplate\":\"https:\/\/www.nooteboom.com\/es\/?s={search_term_string}\"},\"query-input\":{\"@type\":\"PropertyValueSpecification\",\"valueRequired\":true,\"valueName\":\"search_term_string\"}}],\"inLanguage\":\"es\"},{\"@type\":\"Organization\",\"@id\":\"https:\/\/www.nooteboom.com\/es\/#organization\",\"name\":\"Nooteboom Trailers\",\"url\":\"https:\/\/www.nooteboom.com\/es\/\",\"logo\":{\"@type\":\"ImageObject\",\"inLanguage\":\"es\",\"@id\":\"https:\/\/www.nooteboom.com\/es\/#\/schema\/logo\/image\/\",\"url\":\"https:\/\/www.nooteboom.com\/wp-content\/uploads\/logo.png\",\"contentUrl\":\"https:\/\/www.nooteboom.com\/wp-content\/uploads\/logo.png\",\"width\":111,\"height\":66,\"caption\":\"Nooteboom Trailers\"},\"image\":{\"@id\":\"https:\/\/www.nooteboom.com\/es\/#\/schema\/logo\/image\/\"},\"sameAs\":[\"https:\/\/nl-nl.facebook.com\/nooteboomtrailers\/\",\"https:\/\/nl.linkedin.com\/company\/nooteboom-trailers\",\"https:\/\/www.youtube.com\/user\/Nooteboomtrailers\"]}]}<\/script>\n<!-- \/ Yoast SEO Premium plugin. -->","yoast_head_json":{"title":"Vacantes y pr\u00e1cticas | Nooteboom Trailers","description":"Debido a una orientaci\u00f3n internacional , direcci\u00f3n a la innovaci\u00f3n y cualidades distintivas, los productos holandeses son populares en todo el mundo.","robots":{"index":"index","follow":"follow","max-snippet":"max-snippet:-1","max-image-preview":"max-image-preview:large","max-video-preview":"max-video-preview:-1"},"canonical":"https:\/\/www.nooteboom.com\/es\/profesion\/vacantes-y-practicas\/","og_locale":"es_ES","og_type":"article","og_title":"Vacantes y pr\u00e1cticas","og_description":"Debido a una orientaci\u00f3n internacional , direcci\u00f3n a la innovaci\u00f3n y cualidades distintivas, los productos holandeses son populares en todo el mundo.","og_url":"https:\/\/www.nooteboom.com\/es\/profesion\/vacantes-y-practicas\/","og_site_name":"Nooteboom Trailers","article_publisher":"https:\/\/nl-nl.facebook.com\/nooteboomtrailers\/","article_modified_time":"2021-10-21T08:46:40+00:00","og_image":[{"width":757,"height":757,"url":"https:\/\/www.nooteboom.com\/wp-content\/uploads\/splashnooteboom-square-1.jpg","type":"image\/jpeg"}],"twitter_card":"summary_large_image","twitter_misc":{"Tiempo de lectura":"1 minuto"},"schema":{"@context":"https:\/\/schema.org","@graph":[{"@type":"WebPage","@id":"https:\/\/www.nooteboom.com\/es\/profesion\/vacantes-y-practicas\/","url":"https:\/\/www.nooteboom.com\/es\/profesion\/vacantes-y-practicas\/","name":"Vacantes y pr\u00e1cticas | Nooteboom Trailers","isPartOf":{"@id":"https:\/\/www.nooteboom.com\/es\/#website"},"datePublished":"2016-08-08T07:23:19+00:00","dateModified":"2021-10-21T08:46:40+00:00","description":"Debido a una orientaci\u00f3n internacional , direcci\u00f3n a la innovaci\u00f3n y cualidades distintivas, los productos holandeses son populares en todo el mundo.","breadcrumb":{"@id":"https:\/\/www.nooteboom.com\/es\/profesion\/vacantes-y-practicas\/#breadcrumb"},"inLanguage":"es","potentialAction":[{"@type":"ReadAction","target":["https:\/\/www.nooteboom.com\/es\/profesion\/vacantes-y-practicas\/"]}]},{"@type":"BreadcrumbList","@id":"https:\/\/www.nooteboom.com\/es\/profesion\/vacantes-y-practicas\/#breadcrumb","itemListElement":[{"@type":"ListItem","position":1,"name":"Home","item":"https:\/\/www.nooteboom.com\/es\/"},{"@type":"ListItem","position":2,"name":"Profesi\u00f3n","item":"https:\/\/www.nooteboom.com\/es\/profesion\/"},{"@type":"ListItem","position":3,"name":"Vacantes y pr\u00e1cticas"}]},{"@type":"WebSite","@id":"https:\/\/www.nooteboom.com\/es\/#website","url":"https:\/\/www.nooteboom.com\/es\/","name":"Nooteboom Trailers","description":"Gets you there.","publisher":{"@id":"https:\/\/www.nooteboom.com\/es\/#organization"},"potentialAction":[{"@type":"SearchAction","target":{"@type":"EntryPoint","urlTemplate":"https:\/\/www.nooteboom.com\/es\/?s={search_term_string}"},"query-input":{"@type":"PropertyValueSpecification","valueRequired":true,"valueName":"search_term_string"}}],"inLanguage":"es"},{"@type":"Organization","@id":"https:\/\/www.nooteboom.com\/es\/#organization","name":"Nooteboom Trailers","url":"https:\/\/www.nooteboom.com\/es\/","logo":{"@type":"ImageObject","inLanguage":"es","@id":"https:\/\/www.nooteboom.com\/es\/#\/schema\/logo\/image\/","url":"https:\/\/www.nooteboom.com\/wp-content\/uploads\/logo.png","contentUrl":"https:\/\/www.nooteboom.com\/wp-content\/uploads\/logo.png","width":111,"height":66,"caption":"Nooteboom Trailers"},"image":{"@id":"https:\/\/www.nooteboom.com\/es\/#\/schema\/logo\/image\/"},"sameAs":["https:\/\/nl-nl.facebook.com\/nooteboomtrailers\/","https:\/\/nl.linkedin.com\/company\/nooteboom-trailers","https:\/\/www.youtube.com\/user\/Nooteboomtrailers"]}]}},"_links":{"self":[{"href":"https:\/\/www.nooteboom.com\/es\/wp-json\/wp\/v2\/pages\/10365","targetHints":{"allow":["GET"]}}],"collection":[{"href":"https:\/\/www.nooteboom.com\/es\/wp-json\/wp\/v2\/pages"}],"about":[{"href":"https:\/\/www.nooteboom.com\/es\/wp-json\/wp\/v2\/types\/page"}],"author":[{"embeddable":true,"href":"https:\/\/www.nooteboom.com\/es\/wp-json\/wp\/v2\/users\/45"}],"replies":[{"embeddable":true,"href":"https:\/\/www.nooteboom.com\/es\/wp-json\/wp\/v2\/comments?post=10365"}],"version-history":[{"count":7,"href":"https:\/\/www.nooteboom.com\/es\/wp-json\/wp\/v2\/pages\/10365\/revisions"}],"predecessor-version":[{"id":1875884,"href":"https:\/\/www.nooteboom.com\/es\/wp-json\/wp\/v2\/pages\/10365\/revisions\/1875884"}],"up":[{"embeddable":true,"href":"https:\/\/www.nooteboom.com\/es\/wp-json\/wp\/v2\/pages\/10355"}],"wp:attachment":[{"href":"https:\/\/www.nooteboom.com\/es\/wp-json\/wp\/v2\/media?parent=10365"}],"curies":[{"name":"wp","href":"https:\/\/api.w.org\/{rel}","templated":true}]}}