{"id":10363,"date":"2016-08-08T09:22:23","date_gmt":"2016-08-08T07:22:23","guid":{"rendered":"https:\/\/www.nooteboom.com\/?page_id=10363&#038;lang=es"},"modified":"2016-12-06T13:28:30","modified_gmt":"2016-12-06T12:28:30","slug":"conocimiento-y-experiencia","status":"publish","type":"page","link":"https:\/\/www.nooteboom.com\/es\/profesion\/conocimiento-y-experiencia\/","title":{"rendered":"Conocimiento y Experiencia"},"content":{"rendered":"<div class=\"wpb-content-wrapper\"><p>[vc_row][vc_column width=\u00bb1\/2&#8243;][vc_column_text]Nooteboom hace una importante contribuci\u00f3n a la formaci\u00f3n pr\u00e1ctica \u2013 probada de estudiantes de escuelas t\u00e9cnicas y colegios universitarios.<\/p>\n<p>Existe una escasez estructural de personal t\u00e9cnico cualificado en la industria holandesa de fabricaci\u00f3n.<\/p>\n<p>Nooteboom no espera a la autoridades para encontrar una soluci\u00f3n pero invierte en formaci\u00f3n y en su propia gente. Localmente, en el \u00e1rea de Nijmegen, Nooteboom realiza una importante contribuci\u00f3n a la formaci\u00f3n pr\u00e1ctica- probada de estudiantes de escuelas t\u00e9cnicas y colegios universitarios. Ellos trabajan de manera conjunta con varias instituciones de ense\u00f1anza , incluyendo la Universidad de Arnhem y Nijmegen (HAN) y el Centro de Ense\u00f1anza Regional (ROC).[\/vc_column_text][\/vc_column][vc_column width=\u00bb1\/2&#8243;][vc_single_image image=\u00bb1365&#8243; img_size=\u00bblarge\u00bb][\/vc_column][\/vc_row][vc_row][vc_column]<div class=\"content hidden\">\n\n\t<p>Nooteboom es tambi\u00e9n el impulsor del establecimiento del Lectorado de HAN y lo apoya a trav\u00e9s de contribuciones financieras sustanciales. El lectorado se concentra en la optimizaci\u00f3n de los tiempos de estancia , costes y calidad. Esto encaja perfectamente con \u201cla producci\u00f3n ajustada\u201d de Nooteboom, la cual est\u00e1 enfocada a proporcionar el m\u00e1ximo valor para el cliente.<\/p>\n<p>El lectorado es la joya de la corona de la estrecha colaboraci\u00f3n de Universidad, estudiantes y Nooteboom. Nooteboom siempre tiene disponibilidad de puestos de trabajo, temas para proyectos de fin de carrera y formaci\u00f3n especializada en competencias tales como tecnolog\u00eda, compras, ICT, marketing y administraci\u00f3n.<\/p>\n<p>Por supuesto, la inversi\u00f3n en conocimiento y experiencia se entienden que son para asegurar que en el futuro no habr\u00e1 escasez de trabajadores bien formados.<\/p>\n\n<\/div>\n\n<div class=\"vc_read_more print more\">\n\n\t\n\t<a href=\"#readmore\" data-less=\"Leer menos \" data-more=\"Leer m\u00e1s\" class=\"button\">\n\t\t<em>Leer m\u00e1s<\/em>\n\t\t<span class=\"fa fa-chevron-right\"><\/span>\n\t<\/a>\n\n<\/div>[\/vc_column][\/vc_row]<\/p>\n<\/div>","protected":false},"excerpt":{"rendered":"[vc_row][vc_column width=\u00bb1\/2&#8243;][vc_column_text]Nooteboom hace una importante contribuci\u00f3n a la formaci\u00f3n pr\u00e1ctica \u2013 probada de estudiantes de escuelas t\u00e9cnicas y colegios universitarios&#8230;.","protected":false},"author":45,"featured_media":26405,"parent":10355,"menu_order":0,"comment_status":"closed","ping_status":"closed","template":"","meta":{"_acf_changed":false,"inline_featured_image":false,"footnotes":""},"class_list":["post-10363","page","type-page","status-publish","has-post-thumbnail","hentry"],"acf":[],"yoast_head":"<!-- This site is optimized with the Yoast SEO Premium plugin v25.7.1 (Yoast SEO v25.7) - https:\/\/yoast.com\/wordpress\/plugins\/seo\/ -->\n<title>Conocimiento y Experiencia | Nooteboom Trailers<\/title>\n<meta name=\"description\" content=\"Nooteboom hace una importante contribuci\u00f3n a la formaci\u00f3n pr\u00e1ctica \u2013 probada de estudiantes de escuelas t\u00e9cnicas y colegios universitarios.\" \/>\n<meta name=\"robots\" content=\"index, follow, max-snippet:-1, max-image-preview:large, max-video-preview:-1\" \/>\n<link rel=\"canonical\" href=\"https:\/\/www.nooteboom.com\/es\/profesion\/conocimiento-y-experiencia\/\" \/>\n<meta property=\"og:locale\" content=\"es_ES\" \/>\n<meta property=\"og:type\" content=\"article\" \/>\n<meta property=\"og:title\" content=\"Conocimiento y Experiencia\" \/>\n<meta property=\"og:description\" content=\"Nooteboom hace una importante contribuci\u00f3n a la formaci\u00f3n pr\u00e1ctica \u2013 probada de estudiantes de escuelas t\u00e9cnicas y colegios universitarios.\" \/>\n<meta property=\"og:url\" content=\"https:\/\/www.nooteboom.com\/es\/profesion\/conocimiento-y-experiencia\/\" \/>\n<meta property=\"og:site_name\" content=\"Nooteboom Trailers\" \/>\n<meta property=\"article:publisher\" content=\"https:\/\/nl-nl.facebook.com\/nooteboomtrailers\/\" \/>\n<meta property=\"article:modified_time\" content=\"2016-12-06T12:28:30+00:00\" \/>\n<meta property=\"og:image\" content=\"https:\/\/www.nooteboom.com\/wp-content\/uploads\/Remco-Derks-en-Ruben-Fortuin-IMG_9907.jpg\" \/>\n\t<meta property=\"og:image:width\" content=\"1080\" \/>\n\t<meta property=\"og:image:height\" content=\"720\" \/>\n\t<meta property=\"og:image:type\" content=\"image\/jpeg\" \/>\n<meta name=\"twitter:card\" content=\"summary_large_image\" \/>\n<meta name=\"twitter:label1\" content=\"Tiempo de lectura\" \/>\n\t<meta name=\"twitter:data1\" content=\"1 minuto\" \/>\n<script type=\"application\/ld+json\" class=\"yoast-schema-graph\">{\"@context\":\"https:\/\/schema.org\",\"@graph\":[{\"@type\":\"WebPage\",\"@id\":\"https:\/\/www.nooteboom.com\/es\/profesion\/conocimiento-y-experiencia\/\",\"url\":\"https:\/\/www.nooteboom.com\/es\/profesion\/conocimiento-y-experiencia\/\",\"name\":\"Conocimiento y Experiencia | Nooteboom Trailers\",\"isPartOf\":{\"@id\":\"https:\/\/www.nooteboom.com\/es\/#website\"},\"primaryImageOfPage\":{\"@id\":\"https:\/\/www.nooteboom.com\/es\/profesion\/conocimiento-y-experiencia\/#primaryimage\"},\"image\":{\"@id\":\"https:\/\/www.nooteboom.com\/es\/profesion\/conocimiento-y-experiencia\/#primaryimage\"},\"thumbnailUrl\":\"https:\/\/www.nooteboom.com\/wp-content\/uploads\/Remco-Derks-en-Ruben-Fortuin-IMG_9907.jpg\",\"datePublished\":\"2016-08-08T07:22:23+00:00\",\"dateModified\":\"2016-12-06T12:28:30+00:00\",\"description\":\"Nooteboom hace una importante contribuci\u00f3n a la formaci\u00f3n pr\u00e1ctica \u2013 probada de estudiantes de escuelas t\u00e9cnicas y colegios universitarios.\",\"breadcrumb\":{\"@id\":\"https:\/\/www.nooteboom.com\/es\/profesion\/conocimiento-y-experiencia\/#breadcrumb\"},\"inLanguage\":\"es\",\"potentialAction\":[{\"@type\":\"ReadAction\",\"target\":[\"https:\/\/www.nooteboom.com\/es\/profesion\/conocimiento-y-experiencia\/\"]}]},{\"@type\":\"ImageObject\",\"inLanguage\":\"es\",\"@id\":\"https:\/\/www.nooteboom.com\/es\/profesion\/conocimiento-y-experiencia\/#primaryimage\",\"url\":\"https:\/\/www.nooteboom.com\/wp-content\/uploads\/Remco-Derks-en-Ruben-Fortuin-IMG_9907.jpg\",\"contentUrl\":\"https:\/\/www.nooteboom.com\/wp-content\/uploads\/Remco-Derks-en-Ruben-Fortuin-IMG_9907.jpg\",\"width\":1080,\"height\":720},{\"@type\":\"BreadcrumbList\",\"@id\":\"https:\/\/www.nooteboom.com\/es\/profesion\/conocimiento-y-experiencia\/#breadcrumb\",\"itemListElement\":[{\"@type\":\"ListItem\",\"position\":1,\"name\":\"Home\",\"item\":\"https:\/\/www.nooteboom.com\/es\/\"},{\"@type\":\"ListItem\",\"position\":2,\"name\":\"Profesi\u00f3n\",\"item\":\"https:\/\/www.nooteboom.com\/es\/profesion\/\"},{\"@type\":\"ListItem\",\"position\":3,\"name\":\"Conocimiento y Experiencia\"}]},{\"@type\":\"WebSite\",\"@id\":\"https:\/\/www.nooteboom.com\/es\/#website\",\"url\":\"https:\/\/www.nooteboom.com\/es\/\",\"name\":\"Nooteboom Trailers\",\"description\":\"Gets you there.\",\"publisher\":{\"@id\":\"https:\/\/www.nooteboom.com\/es\/#organization\"},\"potentialAction\":[{\"@type\":\"SearchAction\",\"target\":{\"@type\":\"EntryPoint\",\"urlTemplate\":\"https:\/\/www.nooteboom.com\/es\/?s={search_term_string}\"},\"query-input\":{\"@type\":\"PropertyValueSpecification\",\"valueRequired\":true,\"valueName\":\"search_term_string\"}}],\"inLanguage\":\"es\"},{\"@type\":\"Organization\",\"@id\":\"https:\/\/www.nooteboom.com\/es\/#organization\",\"name\":\"Nooteboom Trailers\",\"url\":\"https:\/\/www.nooteboom.com\/es\/\",\"logo\":{\"@type\":\"ImageObject\",\"inLanguage\":\"es\",\"@id\":\"https:\/\/www.nooteboom.com\/es\/#\/schema\/logo\/image\/\",\"url\":\"https:\/\/www.nooteboom.com\/wp-content\/uploads\/logo.png\",\"contentUrl\":\"https:\/\/www.nooteboom.com\/wp-content\/uploads\/logo.png\",\"width\":111,\"height\":66,\"caption\":\"Nooteboom Trailers\"},\"image\":{\"@id\":\"https:\/\/www.nooteboom.com\/es\/#\/schema\/logo\/image\/\"},\"sameAs\":[\"https:\/\/nl-nl.facebook.com\/nooteboomtrailers\/\",\"https:\/\/nl.linkedin.com\/company\/nooteboom-trailers\",\"https:\/\/www.youtube.com\/user\/Nooteboomtrailers\"]}]}<\/script>\n<!-- \/ Yoast SEO Premium plugin. -->","yoast_head_json":{"title":"Conocimiento y Experiencia | Nooteboom Trailers","description":"Nooteboom hace una importante contribuci\u00f3n a la formaci\u00f3n pr\u00e1ctica \u2013 probada de estudiantes de escuelas t\u00e9cnicas y colegios universitarios.","robots":{"index":"index","follow":"follow","max-snippet":"max-snippet:-1","max-image-preview":"max-image-preview:large","max-video-preview":"max-video-preview:-1"},"canonical":"https:\/\/www.nooteboom.com\/es\/profesion\/conocimiento-y-experiencia\/","og_locale":"es_ES","og_type":"article","og_title":"Conocimiento y Experiencia","og_description":"Nooteboom hace una importante contribuci\u00f3n a la formaci\u00f3n pr\u00e1ctica \u2013 probada de estudiantes de escuelas t\u00e9cnicas y colegios universitarios.","og_url":"https:\/\/www.nooteboom.com\/es\/profesion\/conocimiento-y-experiencia\/","og_site_name":"Nooteboom Trailers","article_publisher":"https:\/\/nl-nl.facebook.com\/nooteboomtrailers\/","article_modified_time":"2016-12-06T12:28:30+00:00","og_image":[{"width":1080,"height":720,"url":"https:\/\/www.nooteboom.com\/wp-content\/uploads\/Remco-Derks-en-Ruben-Fortuin-IMG_9907.jpg","type":"image\/jpeg"}],"twitter_card":"summary_large_image","twitter_misc":{"Tiempo de lectura":"1 minuto"},"schema":{"@context":"https:\/\/schema.org","@graph":[{"@type":"WebPage","@id":"https:\/\/www.nooteboom.com\/es\/profesion\/conocimiento-y-experiencia\/","url":"https:\/\/www.nooteboom.com\/es\/profesion\/conocimiento-y-experiencia\/","name":"Conocimiento y Experiencia | Nooteboom Trailers","isPartOf":{"@id":"https:\/\/www.nooteboom.com\/es\/#website"},"primaryImageOfPage":{"@id":"https:\/\/www.nooteboom.com\/es\/profesion\/conocimiento-y-experiencia\/#primaryimage"},"image":{"@id":"https:\/\/www.nooteboom.com\/es\/profesion\/conocimiento-y-experiencia\/#primaryimage"},"thumbnailUrl":"https:\/\/www.nooteboom.com\/wp-content\/uploads\/Remco-Derks-en-Ruben-Fortuin-IMG_9907.jpg","datePublished":"2016-08-08T07:22:23+00:00","dateModified":"2016-12-06T12:28:30+00:00","description":"Nooteboom hace una importante contribuci\u00f3n a la formaci\u00f3n pr\u00e1ctica \u2013 probada de estudiantes de escuelas t\u00e9cnicas y colegios universitarios.","breadcrumb":{"@id":"https:\/\/www.nooteboom.com\/es\/profesion\/conocimiento-y-experiencia\/#breadcrumb"},"inLanguage":"es","potentialAction":[{"@type":"ReadAction","target":["https:\/\/www.nooteboom.com\/es\/profesion\/conocimiento-y-experiencia\/"]}]},{"@type":"ImageObject","inLanguage":"es","@id":"https:\/\/www.nooteboom.com\/es\/profesion\/conocimiento-y-experiencia\/#primaryimage","url":"https:\/\/www.nooteboom.com\/wp-content\/uploads\/Remco-Derks-en-Ruben-Fortuin-IMG_9907.jpg","contentUrl":"https:\/\/www.nooteboom.com\/wp-content\/uploads\/Remco-Derks-en-Ruben-Fortuin-IMG_9907.jpg","width":1080,"height":720},{"@type":"BreadcrumbList","@id":"https:\/\/www.nooteboom.com\/es\/profesion\/conocimiento-y-experiencia\/#breadcrumb","itemListElement":[{"@type":"ListItem","position":1,"name":"Home","item":"https:\/\/www.nooteboom.com\/es\/"},{"@type":"ListItem","position":2,"name":"Profesi\u00f3n","item":"https:\/\/www.nooteboom.com\/es\/profesion\/"},{"@type":"ListItem","position":3,"name":"Conocimiento y Experiencia"}]},{"@type":"WebSite","@id":"https:\/\/www.nooteboom.com\/es\/#website","url":"https:\/\/www.nooteboom.com\/es\/","name":"Nooteboom Trailers","description":"Gets you there.","publisher":{"@id":"https:\/\/www.nooteboom.com\/es\/#organization"},"potentialAction":[{"@type":"SearchAction","target":{"@type":"EntryPoint","urlTemplate":"https:\/\/www.nooteboom.com\/es\/?s={search_term_string}"},"query-input":{"@type":"PropertyValueSpecification","valueRequired":true,"valueName":"search_term_string"}}],"inLanguage":"es"},{"@type":"Organization","@id":"https:\/\/www.nooteboom.com\/es\/#organization","name":"Nooteboom Trailers","url":"https:\/\/www.nooteboom.com\/es\/","logo":{"@type":"ImageObject","inLanguage":"es","@id":"https:\/\/www.nooteboom.com\/es\/#\/schema\/logo\/image\/","url":"https:\/\/www.nooteboom.com\/wp-content\/uploads\/logo.png","contentUrl":"https:\/\/www.nooteboom.com\/wp-content\/uploads\/logo.png","width":111,"height":66,"caption":"Nooteboom Trailers"},"image":{"@id":"https:\/\/www.nooteboom.com\/es\/#\/schema\/logo\/image\/"},"sameAs":["https:\/\/nl-nl.facebook.com\/nooteboomtrailers\/","https:\/\/nl.linkedin.com\/company\/nooteboom-trailers","https:\/\/www.youtube.com\/user\/Nooteboomtrailers"]}]}},"_links":{"self":[{"href":"https:\/\/www.nooteboom.com\/es\/wp-json\/wp\/v2\/pages\/10363","targetHints":{"allow":["GET"]}}],"collection":[{"href":"https:\/\/www.nooteboom.com\/es\/wp-json\/wp\/v2\/pages"}],"about":[{"href":"https:\/\/www.nooteboom.com\/es\/wp-json\/wp\/v2\/types\/page"}],"author":[{"embeddable":true,"href":"https:\/\/www.nooteboom.com\/es\/wp-json\/wp\/v2\/users\/45"}],"replies":[{"embeddable":true,"href":"https:\/\/www.nooteboom.com\/es\/wp-json\/wp\/v2\/comments?post=10363"}],"version-history":[{"count":4,"href":"https:\/\/www.nooteboom.com\/es\/wp-json\/wp\/v2\/pages\/10363\/revisions"}],"predecessor-version":[{"id":11810,"href":"https:\/\/www.nooteboom.com\/es\/wp-json\/wp\/v2\/pages\/10363\/revisions\/11810"}],"up":[{"embeddable":true,"href":"https:\/\/www.nooteboom.com\/es\/wp-json\/wp\/v2\/pages\/10355"}],"wp:featuredmedia":[{"embeddable":true,"href":"https:\/\/www.nooteboom.com\/es\/wp-json\/wp\/v2\/media\/26405"}],"wp:attachment":[{"href":"https:\/\/www.nooteboom.com\/es\/wp-json\/wp\/v2\/media?parent=10363"}],"curies":[{"name":"wp","href":"https:\/\/api.w.org\/{rel}","templated":true}]}}