{"id":10359,"date":"2016-08-08T09:18:19","date_gmt":"2016-08-08T07:18:19","guid":{"rendered":"https:\/\/www.nooteboom.com\/?page_id=10359&#038;lang=es"},"modified":"2021-05-12T13:36:42","modified_gmt":"2021-05-12T11:36:42","slug":"solicitudes-de-empleo","status":"publish","type":"page","link":"https:\/\/www.nooteboom.com\/es\/profesion\/solicitudes-de-empleo\/","title":{"rendered":"Solicitudes de empleo"},"content":{"rendered":"<div class=\"wpb-content-wrapper\"><p>[vc_row][vc_column][vc_column_text]\u00bfEst\u00e1s buscando un trabajo desafiante y variado en una atm\u00f3sfera de trabajo cordial?<\/p>\n<p>Hay un mont\u00f3n de oportunidades en Nooteboom. Nooteboom busca regularmente mec\u00e1nicos, soldadores, montadores, pulverizadores industriales, ingenieros de la automoci\u00f3n. Personas\u00a0 motivadas con una cualificaci\u00f3n de MBA \u00f3 HBO, trabajadores de mano de obra cualificados\u00a0 y universitarios en pr\u00e1cticas\/ graduados est\u00e1n cordialmente invitadas a enviarnos una solicitud.[\/vc_column_text][\/vc_column][\/vc_row][vc_row][vc_column width=\u00bb1\/2&#8243;][vc_column_text]<strong>\u00bf Interesado ?<\/strong><\/p>\n<p>Nos gustar\u00eda recibir su solicitud abierta. Complete el siguiente formulario y nos comunicaremos con usted lo antes posible para discutir las posibilidades.<\/p>\n<p><a class=\"button\" href=\"https:\/\/www.nooteboom.com\/es\/profesion\/solicitudes-de-empleo\/solicitud-abierta\/\">Solicitud abierta<\/a>[\/vc_column_text][vc_text_separator title=\u00bb\u00abNooteboom ofrece excelentes oportunidades para personas motivadas con una cualificaci\u00f3n MBA o HBO, trabajadores de mano de obra cualificada y universitarios en pr\u00e1cticas \/ graduados.\u201d\u00bb][\/vc_column][vc_column width=\u00bb1\/2&#8243;][vc_single_image image=\u00bb1366&#8243; img_size=\u00bblarge\u00bb][\/vc_column][\/vc_row]<\/p>\n<\/div>","protected":false},"excerpt":{"rendered":"[vc_row][vc_column][vc_column_text]\u00bfEst\u00e1s buscando un trabajo desafiante y variado en una atm\u00f3sfera de trabajo cordial? Hay un mont\u00f3n de oportunidades en Nooteboom&#8230;.","protected":false},"author":45,"featured_media":13611,"parent":10355,"menu_order":0,"comment_status":"closed","ping_status":"closed","template":"","meta":{"_acf_changed":false,"inline_featured_image":false,"footnotes":""},"class_list":["post-10359","page","type-page","status-publish","has-post-thumbnail","hentry"],"acf":[],"yoast_head":"<!-- This site is optimized with the Yoast SEO Premium plugin v25.7.1 (Yoast SEO v25.7) - https:\/\/yoast.com\/wordpress\/plugins\/seo\/ -->\n<title>Solicitudes de empleo | Nooteboom Trailers<\/title>\n<meta name=\"description\" content=\"\u00bfEst\u00e1s buscando un trabajo desafiante y variado en una atm\u00f3sfera de trabajo cordial?\" \/>\n<meta name=\"robots\" content=\"index, follow, max-snippet:-1, max-image-preview:large, max-video-preview:-1\" \/>\n<link rel=\"canonical\" href=\"https:\/\/www.nooteboom.com\/es\/profesion\/solicitudes-de-empleo\/\" \/>\n<meta property=\"og:locale\" content=\"es_ES\" \/>\n<meta property=\"og:type\" content=\"article\" \/>\n<meta property=\"og:title\" content=\"Solicitudes de empleo\" \/>\n<meta property=\"og:description\" content=\"\u00bfEst\u00e1s buscando un trabajo desafiante y variado en una atm\u00f3sfera de trabajo cordial?\" \/>\n<meta property=\"og:url\" content=\"https:\/\/www.nooteboom.com\/es\/profesion\/solicitudes-de-empleo\/\" \/>\n<meta property=\"og:site_name\" content=\"Nooteboom Trailers\" \/>\n<meta property=\"article:publisher\" content=\"https:\/\/nl-nl.facebook.com\/nooteboomtrailers\/\" \/>\n<meta property=\"article:modified_time\" content=\"2021-05-12T11:36:42+00:00\" \/>\n<meta property=\"og:image\" content=\"https:\/\/www.nooteboom.com\/wp-content\/uploads\/Lars-Jeroen-Pascal-Wim-en-Max-IMG_5157.jpg\" \/>\n\t<meta property=\"og:image:width\" content=\"2500\" \/>\n\t<meta property=\"og:image:height\" content=\"1406\" \/>\n\t<meta property=\"og:image:type\" content=\"image\/jpeg\" \/>\n<meta name=\"twitter:card\" content=\"summary_large_image\" \/>\n<meta name=\"twitter:label1\" content=\"Tiempo de lectura\" \/>\n\t<meta name=\"twitter:data1\" content=\"1 minuto\" \/>\n<script type=\"application\/ld+json\" class=\"yoast-schema-graph\">{\"@context\":\"https:\/\/schema.org\",\"@graph\":[{\"@type\":\"WebPage\",\"@id\":\"https:\/\/www.nooteboom.com\/es\/profesion\/solicitudes-de-empleo\/\",\"url\":\"https:\/\/www.nooteboom.com\/es\/profesion\/solicitudes-de-empleo\/\",\"name\":\"Solicitudes de empleo | Nooteboom Trailers\",\"isPartOf\":{\"@id\":\"https:\/\/www.nooteboom.com\/es\/#website\"},\"primaryImageOfPage\":{\"@id\":\"https:\/\/www.nooteboom.com\/es\/profesion\/solicitudes-de-empleo\/#primaryimage\"},\"image\":{\"@id\":\"https:\/\/www.nooteboom.com\/es\/profesion\/solicitudes-de-empleo\/#primaryimage\"},\"thumbnailUrl\":\"https:\/\/www.nooteboom.com\/wp-content\/uploads\/Lars-Jeroen-Pascal-Wim-en-Max-IMG_5157.jpg\",\"datePublished\":\"2016-08-08T07:18:19+00:00\",\"dateModified\":\"2021-05-12T11:36:42+00:00\",\"description\":\"\u00bfEst\u00e1s buscando un trabajo desafiante y variado en una atm\u00f3sfera de trabajo cordial?\",\"breadcrumb\":{\"@id\":\"https:\/\/www.nooteboom.com\/es\/profesion\/solicitudes-de-empleo\/#breadcrumb\"},\"inLanguage\":\"es\",\"potentialAction\":[{\"@type\":\"ReadAction\",\"target\":[\"https:\/\/www.nooteboom.com\/es\/profesion\/solicitudes-de-empleo\/\"]}]},{\"@type\":\"ImageObject\",\"inLanguage\":\"es\",\"@id\":\"https:\/\/www.nooteboom.com\/es\/profesion\/solicitudes-de-empleo\/#primaryimage\",\"url\":\"https:\/\/www.nooteboom.com\/wp-content\/uploads\/Lars-Jeroen-Pascal-Wim-en-Max-IMG_5157.jpg\",\"contentUrl\":\"https:\/\/www.nooteboom.com\/wp-content\/uploads\/Lars-Jeroen-Pascal-Wim-en-Max-IMG_5157.jpg\",\"width\":2500,\"height\":1406},{\"@type\":\"BreadcrumbList\",\"@id\":\"https:\/\/www.nooteboom.com\/es\/profesion\/solicitudes-de-empleo\/#breadcrumb\",\"itemListElement\":[{\"@type\":\"ListItem\",\"position\":1,\"name\":\"Home\",\"item\":\"https:\/\/www.nooteboom.com\/es\/\"},{\"@type\":\"ListItem\",\"position\":2,\"name\":\"Profesi\u00f3n\",\"item\":\"https:\/\/www.nooteboom.com\/es\/profesion\/\"},{\"@type\":\"ListItem\",\"position\":3,\"name\":\"Solicitudes de empleo\"}]},{\"@type\":\"WebSite\",\"@id\":\"https:\/\/www.nooteboom.com\/es\/#website\",\"url\":\"https:\/\/www.nooteboom.com\/es\/\",\"name\":\"Nooteboom Trailers\",\"description\":\"Gets you there.\",\"publisher\":{\"@id\":\"https:\/\/www.nooteboom.com\/es\/#organization\"},\"potentialAction\":[{\"@type\":\"SearchAction\",\"target\":{\"@type\":\"EntryPoint\",\"urlTemplate\":\"https:\/\/www.nooteboom.com\/es\/?s={search_term_string}\"},\"query-input\":{\"@type\":\"PropertyValueSpecification\",\"valueRequired\":true,\"valueName\":\"search_term_string\"}}],\"inLanguage\":\"es\"},{\"@type\":\"Organization\",\"@id\":\"https:\/\/www.nooteboom.com\/es\/#organization\",\"name\":\"Nooteboom Trailers\",\"url\":\"https:\/\/www.nooteboom.com\/es\/\",\"logo\":{\"@type\":\"ImageObject\",\"inLanguage\":\"es\",\"@id\":\"https:\/\/www.nooteboom.com\/es\/#\/schema\/logo\/image\/\",\"url\":\"https:\/\/www.nooteboom.com\/wp-content\/uploads\/logo.png\",\"contentUrl\":\"https:\/\/www.nooteboom.com\/wp-content\/uploads\/logo.png\",\"width\":111,\"height\":66,\"caption\":\"Nooteboom Trailers\"},\"image\":{\"@id\":\"https:\/\/www.nooteboom.com\/es\/#\/schema\/logo\/image\/\"},\"sameAs\":[\"https:\/\/nl-nl.facebook.com\/nooteboomtrailers\/\",\"https:\/\/nl.linkedin.com\/company\/nooteboom-trailers\",\"https:\/\/www.youtube.com\/user\/Nooteboomtrailers\"]}]}<\/script>\n<!-- \/ Yoast SEO Premium plugin. -->","yoast_head_json":{"title":"Solicitudes de empleo | Nooteboom Trailers","description":"\u00bfEst\u00e1s buscando un trabajo desafiante y variado en una atm\u00f3sfera de trabajo cordial?","robots":{"index":"index","follow":"follow","max-snippet":"max-snippet:-1","max-image-preview":"max-image-preview:large","max-video-preview":"max-video-preview:-1"},"canonical":"https:\/\/www.nooteboom.com\/es\/profesion\/solicitudes-de-empleo\/","og_locale":"es_ES","og_type":"article","og_title":"Solicitudes de empleo","og_description":"\u00bfEst\u00e1s buscando un trabajo desafiante y variado en una atm\u00f3sfera de trabajo cordial?","og_url":"https:\/\/www.nooteboom.com\/es\/profesion\/solicitudes-de-empleo\/","og_site_name":"Nooteboom Trailers","article_publisher":"https:\/\/nl-nl.facebook.com\/nooteboomtrailers\/","article_modified_time":"2021-05-12T11:36:42+00:00","og_image":[{"width":2500,"height":1406,"url":"https:\/\/www.nooteboom.com\/wp-content\/uploads\/Lars-Jeroen-Pascal-Wim-en-Max-IMG_5157.jpg","type":"image\/jpeg"}],"twitter_card":"summary_large_image","twitter_misc":{"Tiempo de lectura":"1 minuto"},"schema":{"@context":"https:\/\/schema.org","@graph":[{"@type":"WebPage","@id":"https:\/\/www.nooteboom.com\/es\/profesion\/solicitudes-de-empleo\/","url":"https:\/\/www.nooteboom.com\/es\/profesion\/solicitudes-de-empleo\/","name":"Solicitudes de empleo | Nooteboom Trailers","isPartOf":{"@id":"https:\/\/www.nooteboom.com\/es\/#website"},"primaryImageOfPage":{"@id":"https:\/\/www.nooteboom.com\/es\/profesion\/solicitudes-de-empleo\/#primaryimage"},"image":{"@id":"https:\/\/www.nooteboom.com\/es\/profesion\/solicitudes-de-empleo\/#primaryimage"},"thumbnailUrl":"https:\/\/www.nooteboom.com\/wp-content\/uploads\/Lars-Jeroen-Pascal-Wim-en-Max-IMG_5157.jpg","datePublished":"2016-08-08T07:18:19+00:00","dateModified":"2021-05-12T11:36:42+00:00","description":"\u00bfEst\u00e1s buscando un trabajo desafiante y variado en una atm\u00f3sfera de trabajo cordial?","breadcrumb":{"@id":"https:\/\/www.nooteboom.com\/es\/profesion\/solicitudes-de-empleo\/#breadcrumb"},"inLanguage":"es","potentialAction":[{"@type":"ReadAction","target":["https:\/\/www.nooteboom.com\/es\/profesion\/solicitudes-de-empleo\/"]}]},{"@type":"ImageObject","inLanguage":"es","@id":"https:\/\/www.nooteboom.com\/es\/profesion\/solicitudes-de-empleo\/#primaryimage","url":"https:\/\/www.nooteboom.com\/wp-content\/uploads\/Lars-Jeroen-Pascal-Wim-en-Max-IMG_5157.jpg","contentUrl":"https:\/\/www.nooteboom.com\/wp-content\/uploads\/Lars-Jeroen-Pascal-Wim-en-Max-IMG_5157.jpg","width":2500,"height":1406},{"@type":"BreadcrumbList","@id":"https:\/\/www.nooteboom.com\/es\/profesion\/solicitudes-de-empleo\/#breadcrumb","itemListElement":[{"@type":"ListItem","position":1,"name":"Home","item":"https:\/\/www.nooteboom.com\/es\/"},{"@type":"ListItem","position":2,"name":"Profesi\u00f3n","item":"https:\/\/www.nooteboom.com\/es\/profesion\/"},{"@type":"ListItem","position":3,"name":"Solicitudes de empleo"}]},{"@type":"WebSite","@id":"https:\/\/www.nooteboom.com\/es\/#website","url":"https:\/\/www.nooteboom.com\/es\/","name":"Nooteboom Trailers","description":"Gets you there.","publisher":{"@id":"https:\/\/www.nooteboom.com\/es\/#organization"},"potentialAction":[{"@type":"SearchAction","target":{"@type":"EntryPoint","urlTemplate":"https:\/\/www.nooteboom.com\/es\/?s={search_term_string}"},"query-input":{"@type":"PropertyValueSpecification","valueRequired":true,"valueName":"search_term_string"}}],"inLanguage":"es"},{"@type":"Organization","@id":"https:\/\/www.nooteboom.com\/es\/#organization","name":"Nooteboom Trailers","url":"https:\/\/www.nooteboom.com\/es\/","logo":{"@type":"ImageObject","inLanguage":"es","@id":"https:\/\/www.nooteboom.com\/es\/#\/schema\/logo\/image\/","url":"https:\/\/www.nooteboom.com\/wp-content\/uploads\/logo.png","contentUrl":"https:\/\/www.nooteboom.com\/wp-content\/uploads\/logo.png","width":111,"height":66,"caption":"Nooteboom Trailers"},"image":{"@id":"https:\/\/www.nooteboom.com\/es\/#\/schema\/logo\/image\/"},"sameAs":["https:\/\/nl-nl.facebook.com\/nooteboomtrailers\/","https:\/\/nl.linkedin.com\/company\/nooteboom-trailers","https:\/\/www.youtube.com\/user\/Nooteboomtrailers"]}]}},"_links":{"self":[{"href":"https:\/\/www.nooteboom.com\/es\/wp-json\/wp\/v2\/pages\/10359","targetHints":{"allow":["GET"]}}],"collection":[{"href":"https:\/\/www.nooteboom.com\/es\/wp-json\/wp\/v2\/pages"}],"about":[{"href":"https:\/\/www.nooteboom.com\/es\/wp-json\/wp\/v2\/types\/page"}],"author":[{"embeddable":true,"href":"https:\/\/www.nooteboom.com\/es\/wp-json\/wp\/v2\/users\/45"}],"replies":[{"embeddable":true,"href":"https:\/\/www.nooteboom.com\/es\/wp-json\/wp\/v2\/comments?post=10359"}],"version-history":[{"count":6,"href":"https:\/\/www.nooteboom.com\/es\/wp-json\/wp\/v2\/pages\/10359\/revisions"}],"predecessor-version":[{"id":1872738,"href":"https:\/\/www.nooteboom.com\/es\/wp-json\/wp\/v2\/pages\/10359\/revisions\/1872738"}],"up":[{"embeddable":true,"href":"https:\/\/www.nooteboom.com\/es\/wp-json\/wp\/v2\/pages\/10355"}],"wp:featuredmedia":[{"embeddable":true,"href":"https:\/\/www.nooteboom.com\/es\/wp-json\/wp\/v2\/media\/13611"}],"wp:attachment":[{"href":"https:\/\/www.nooteboom.com\/es\/wp-json\/wp\/v2\/media?parent=10359"}],"curies":[{"name":"wp","href":"https:\/\/api.w.org\/{rel}","templated":true}]}}