{"id":10357,"date":"2016-08-08T09:17:42","date_gmt":"2016-08-08T07:17:42","guid":{"rendered":"https:\/\/www.nooteboom.com\/?page_id=10357&#038;lang=es"},"modified":"2016-08-19T08:16:38","modified_gmt":"2016-08-19T06:16:38","slug":"aprendizaje-homologado","status":"publish","type":"page","link":"https:\/\/www.nooteboom.com\/es\/profesion\/aprendizaje-homologado\/","title":{"rendered":"Aprendizaje homologado"},"content":{"rendered":"<div class=\"wpb-content-wrapper\"><p>[vc_row][vc_column width=\u00bb1\/2&#8243;][vc_column_text]Junto con la Escuela T\u00e9cnica ROC, Nooteboom ha desarrollado un programa interno de formaci\u00f3n para soldadores y mec\u00e1nicos. Nooteboom es una empresa con formaci\u00f3n homologada para la construcci\u00f3n de soldaduras y mecatr\u00f3nica.\u00a0El Departamento de Recursos Humanos , junto con ROC, ha desarrollado su propio programa de formaci\u00f3n interna.<\/p>\n<p>Este curso de formaci\u00f3n profesional de 2 a\u00f1os (BBL) para soldadores y mec\u00e1nicos tendr\u00e1n lugar en Nooteboom. Los alumnos gastar\u00e1n un d\u00eda a la semana de clase en un aula en las instalaciones de Nooteboom donde un profesor de ROC les ense\u00f1ar\u00e1 un d\u00eda a la semana.<\/p>\n<p>Los alumnos gastar\u00e1n los otros 4 d\u00edas de trabajo adquiriendo experiencia pr\u00e1ctica trabajando en la producci\u00f3n.\u00a0Nooteboom tiene tambi\u00e9n su propia escuela de soldadura, donde los alumnos trabajan en las tareas que se relacionan con la producci\u00f3n de un remolque.\u00a0Adem\u00e1s de proporcionar conocimientos y experiencia, la escuela de soldadura es tambi\u00e9n un medio \u00fatil de transici\u00f3n entre escuela y trabajo.<\/p>\n<p>Los alumnos aprenden a respetar las normas de la empresa y apreciar la importancia de la relaciones de trabajo y responsabilidad.[\/vc_column_text][\/vc_column][vc_column width=\u00bb1\/2&#8243;][vc_single_image image=\u00bb1359&#8243; img_size=\u00bblarge\u00bb][\/vc_column][\/vc_row][vc_row][vc_column][\/vc_column][\/vc_row]<\/p>\n<\/div>","protected":false},"excerpt":{"rendered":"[vc_row][vc_column width=\u00bb1\/2&#8243;][vc_column_text]Junto con la Escuela T\u00e9cnica ROC, Nooteboom ha desarrollado un programa interno de formaci\u00f3n para soldadores y mec\u00e1nicos. Nooteboom&#8230;","protected":false},"author":45,"featured_media":13623,"parent":10355,"menu_order":0,"comment_status":"closed","ping_status":"closed","template":"","meta":{"_acf_changed":false,"inline_featured_image":false,"footnotes":""},"class_list":["post-10357","page","type-page","status-publish","has-post-thumbnail","hentry"],"acf":[],"yoast_head":"<!-- This site is optimized with the Yoast SEO Premium plugin v25.7.1 (Yoast SEO v25.7) - https:\/\/yoast.com\/wordpress\/plugins\/seo\/ -->\n<title>Aprendizaje homologado | Nooteboom Trailers<\/title>\n<meta name=\"description\" content=\"Junto con la Escuela T\u00e9cnica ROC, Nooteboom ha desarrollado un programa interno de formaci\u00f3n para soldadores y mec\u00e1nicos.\" \/>\n<meta name=\"robots\" content=\"index, follow, max-snippet:-1, max-image-preview:large, max-video-preview:-1\" \/>\n<link rel=\"canonical\" href=\"https:\/\/www.nooteboom.com\/es\/profesion\/aprendizaje-homologado\/\" \/>\n<meta property=\"og:locale\" content=\"es_ES\" \/>\n<meta property=\"og:type\" content=\"article\" \/>\n<meta property=\"og:title\" content=\"Aprendizaje homologado\" \/>\n<meta property=\"og:description\" content=\"Junto con la Escuela T\u00e9cnica ROC, Nooteboom ha desarrollado un programa interno de formaci\u00f3n para soldadores y mec\u00e1nicos.\" \/>\n<meta property=\"og:url\" content=\"https:\/\/www.nooteboom.com\/es\/profesion\/aprendizaje-homologado\/\" \/>\n<meta property=\"og:site_name\" content=\"Nooteboom Trailers\" \/>\n<meta property=\"article:publisher\" content=\"https:\/\/nl-nl.facebook.com\/nooteboomtrailers\/\" \/>\n<meta property=\"article:modified_time\" content=\"2016-08-19T06:16:38+00:00\" \/>\n<meta property=\"og:image\" content=\"https:\/\/www.nooteboom.com\/wp-content\/uploads\/DJP_6081.jpg\" \/>\n\t<meta property=\"og:image:width\" content=\"2500\" \/>\n\t<meta property=\"og:image:height\" content=\"1664\" \/>\n\t<meta property=\"og:image:type\" content=\"image\/jpeg\" \/>\n<meta name=\"twitter:card\" content=\"summary_large_image\" \/>\n<meta name=\"twitter:label1\" content=\"Tiempo de lectura\" \/>\n\t<meta name=\"twitter:data1\" content=\"1 minuto\" \/>\n<script type=\"application\/ld+json\" class=\"yoast-schema-graph\">{\"@context\":\"https:\/\/schema.org\",\"@graph\":[{\"@type\":\"WebPage\",\"@id\":\"https:\/\/www.nooteboom.com\/es\/profesion\/aprendizaje-homologado\/\",\"url\":\"https:\/\/www.nooteboom.com\/es\/profesion\/aprendizaje-homologado\/\",\"name\":\"Aprendizaje homologado | Nooteboom Trailers\",\"isPartOf\":{\"@id\":\"https:\/\/www.nooteboom.com\/es\/#website\"},\"primaryImageOfPage\":{\"@id\":\"https:\/\/www.nooteboom.com\/es\/profesion\/aprendizaje-homologado\/#primaryimage\"},\"image\":{\"@id\":\"https:\/\/www.nooteboom.com\/es\/profesion\/aprendizaje-homologado\/#primaryimage\"},\"thumbnailUrl\":\"https:\/\/www.nooteboom.com\/wp-content\/uploads\/DJP_6081.jpg\",\"datePublished\":\"2016-08-08T07:17:42+00:00\",\"dateModified\":\"2016-08-19T06:16:38+00:00\",\"description\":\"Junto con la Escuela T\u00e9cnica ROC, Nooteboom ha desarrollado un programa interno de formaci\u00f3n para soldadores y mec\u00e1nicos.\",\"breadcrumb\":{\"@id\":\"https:\/\/www.nooteboom.com\/es\/profesion\/aprendizaje-homologado\/#breadcrumb\"},\"inLanguage\":\"es\",\"potentialAction\":[{\"@type\":\"ReadAction\",\"target\":[\"https:\/\/www.nooteboom.com\/es\/profesion\/aprendizaje-homologado\/\"]}]},{\"@type\":\"ImageObject\",\"inLanguage\":\"es\",\"@id\":\"https:\/\/www.nooteboom.com\/es\/profesion\/aprendizaje-homologado\/#primaryimage\",\"url\":\"https:\/\/www.nooteboom.com\/wp-content\/uploads\/DJP_6081.jpg\",\"contentUrl\":\"https:\/\/www.nooteboom.com\/wp-content\/uploads\/DJP_6081.jpg\",\"width\":2500,\"height\":1664},{\"@type\":\"BreadcrumbList\",\"@id\":\"https:\/\/www.nooteboom.com\/es\/profesion\/aprendizaje-homologado\/#breadcrumb\",\"itemListElement\":[{\"@type\":\"ListItem\",\"position\":1,\"name\":\"Home\",\"item\":\"https:\/\/www.nooteboom.com\/es\/\"},{\"@type\":\"ListItem\",\"position\":2,\"name\":\"Profesi\u00f3n\",\"item\":\"https:\/\/www.nooteboom.com\/es\/profesion\/\"},{\"@type\":\"ListItem\",\"position\":3,\"name\":\"Aprendizaje homologado\"}]},{\"@type\":\"WebSite\",\"@id\":\"https:\/\/www.nooteboom.com\/es\/#website\",\"url\":\"https:\/\/www.nooteboom.com\/es\/\",\"name\":\"Nooteboom Trailers\",\"description\":\"Gets you there.\",\"publisher\":{\"@id\":\"https:\/\/www.nooteboom.com\/es\/#organization\"},\"potentialAction\":[{\"@type\":\"SearchAction\",\"target\":{\"@type\":\"EntryPoint\",\"urlTemplate\":\"https:\/\/www.nooteboom.com\/es\/?s={search_term_string}\"},\"query-input\":{\"@type\":\"PropertyValueSpecification\",\"valueRequired\":true,\"valueName\":\"search_term_string\"}}],\"inLanguage\":\"es\"},{\"@type\":\"Organization\",\"@id\":\"https:\/\/www.nooteboom.com\/es\/#organization\",\"name\":\"Nooteboom Trailers\",\"url\":\"https:\/\/www.nooteboom.com\/es\/\",\"logo\":{\"@type\":\"ImageObject\",\"inLanguage\":\"es\",\"@id\":\"https:\/\/www.nooteboom.com\/es\/#\/schema\/logo\/image\/\",\"url\":\"https:\/\/www.nooteboom.com\/wp-content\/uploads\/logo.png\",\"contentUrl\":\"https:\/\/www.nooteboom.com\/wp-content\/uploads\/logo.png\",\"width\":111,\"height\":66,\"caption\":\"Nooteboom Trailers\"},\"image\":{\"@id\":\"https:\/\/www.nooteboom.com\/es\/#\/schema\/logo\/image\/\"},\"sameAs\":[\"https:\/\/nl-nl.facebook.com\/nooteboomtrailers\/\",\"https:\/\/nl.linkedin.com\/company\/nooteboom-trailers\",\"https:\/\/www.youtube.com\/user\/Nooteboomtrailers\"]}]}<\/script>\n<!-- \/ Yoast SEO Premium plugin. -->","yoast_head_json":{"title":"Aprendizaje homologado | Nooteboom Trailers","description":"Junto con la Escuela T\u00e9cnica ROC, Nooteboom ha desarrollado un programa interno de formaci\u00f3n para soldadores y mec\u00e1nicos.","robots":{"index":"index","follow":"follow","max-snippet":"max-snippet:-1","max-image-preview":"max-image-preview:large","max-video-preview":"max-video-preview:-1"},"canonical":"https:\/\/www.nooteboom.com\/es\/profesion\/aprendizaje-homologado\/","og_locale":"es_ES","og_type":"article","og_title":"Aprendizaje homologado","og_description":"Junto con la Escuela T\u00e9cnica ROC, Nooteboom ha desarrollado un programa interno de formaci\u00f3n para soldadores y mec\u00e1nicos.","og_url":"https:\/\/www.nooteboom.com\/es\/profesion\/aprendizaje-homologado\/","og_site_name":"Nooteboom Trailers","article_publisher":"https:\/\/nl-nl.facebook.com\/nooteboomtrailers\/","article_modified_time":"2016-08-19T06:16:38+00:00","og_image":[{"width":2500,"height":1664,"url":"https:\/\/www.nooteboom.com\/wp-content\/uploads\/DJP_6081.jpg","type":"image\/jpeg"}],"twitter_card":"summary_large_image","twitter_misc":{"Tiempo de lectura":"1 minuto"},"schema":{"@context":"https:\/\/schema.org","@graph":[{"@type":"WebPage","@id":"https:\/\/www.nooteboom.com\/es\/profesion\/aprendizaje-homologado\/","url":"https:\/\/www.nooteboom.com\/es\/profesion\/aprendizaje-homologado\/","name":"Aprendizaje homologado | Nooteboom Trailers","isPartOf":{"@id":"https:\/\/www.nooteboom.com\/es\/#website"},"primaryImageOfPage":{"@id":"https:\/\/www.nooteboom.com\/es\/profesion\/aprendizaje-homologado\/#primaryimage"},"image":{"@id":"https:\/\/www.nooteboom.com\/es\/profesion\/aprendizaje-homologado\/#primaryimage"},"thumbnailUrl":"https:\/\/www.nooteboom.com\/wp-content\/uploads\/DJP_6081.jpg","datePublished":"2016-08-08T07:17:42+00:00","dateModified":"2016-08-19T06:16:38+00:00","description":"Junto con la Escuela T\u00e9cnica ROC, Nooteboom ha desarrollado un programa interno de formaci\u00f3n para soldadores y mec\u00e1nicos.","breadcrumb":{"@id":"https:\/\/www.nooteboom.com\/es\/profesion\/aprendizaje-homologado\/#breadcrumb"},"inLanguage":"es","potentialAction":[{"@type":"ReadAction","target":["https:\/\/www.nooteboom.com\/es\/profesion\/aprendizaje-homologado\/"]}]},{"@type":"ImageObject","inLanguage":"es","@id":"https:\/\/www.nooteboom.com\/es\/profesion\/aprendizaje-homologado\/#primaryimage","url":"https:\/\/www.nooteboom.com\/wp-content\/uploads\/DJP_6081.jpg","contentUrl":"https:\/\/www.nooteboom.com\/wp-content\/uploads\/DJP_6081.jpg","width":2500,"height":1664},{"@type":"BreadcrumbList","@id":"https:\/\/www.nooteboom.com\/es\/profesion\/aprendizaje-homologado\/#breadcrumb","itemListElement":[{"@type":"ListItem","position":1,"name":"Home","item":"https:\/\/www.nooteboom.com\/es\/"},{"@type":"ListItem","position":2,"name":"Profesi\u00f3n","item":"https:\/\/www.nooteboom.com\/es\/profesion\/"},{"@type":"ListItem","position":3,"name":"Aprendizaje homologado"}]},{"@type":"WebSite","@id":"https:\/\/www.nooteboom.com\/es\/#website","url":"https:\/\/www.nooteboom.com\/es\/","name":"Nooteboom Trailers","description":"Gets you there.","publisher":{"@id":"https:\/\/www.nooteboom.com\/es\/#organization"},"potentialAction":[{"@type":"SearchAction","target":{"@type":"EntryPoint","urlTemplate":"https:\/\/www.nooteboom.com\/es\/?s={search_term_string}"},"query-input":{"@type":"PropertyValueSpecification","valueRequired":true,"valueName":"search_term_string"}}],"inLanguage":"es"},{"@type":"Organization","@id":"https:\/\/www.nooteboom.com\/es\/#organization","name":"Nooteboom Trailers","url":"https:\/\/www.nooteboom.com\/es\/","logo":{"@type":"ImageObject","inLanguage":"es","@id":"https:\/\/www.nooteboom.com\/es\/#\/schema\/logo\/image\/","url":"https:\/\/www.nooteboom.com\/wp-content\/uploads\/logo.png","contentUrl":"https:\/\/www.nooteboom.com\/wp-content\/uploads\/logo.png","width":111,"height":66,"caption":"Nooteboom Trailers"},"image":{"@id":"https:\/\/www.nooteboom.com\/es\/#\/schema\/logo\/image\/"},"sameAs":["https:\/\/nl-nl.facebook.com\/nooteboomtrailers\/","https:\/\/nl.linkedin.com\/company\/nooteboom-trailers","https:\/\/www.youtube.com\/user\/Nooteboomtrailers"]}]}},"_links":{"self":[{"href":"https:\/\/www.nooteboom.com\/es\/wp-json\/wp\/v2\/pages\/10357","targetHints":{"allow":["GET"]}}],"collection":[{"href":"https:\/\/www.nooteboom.com\/es\/wp-json\/wp\/v2\/pages"}],"about":[{"href":"https:\/\/www.nooteboom.com\/es\/wp-json\/wp\/v2\/types\/page"}],"author":[{"embeddable":true,"href":"https:\/\/www.nooteboom.com\/es\/wp-json\/wp\/v2\/users\/45"}],"replies":[{"embeddable":true,"href":"https:\/\/www.nooteboom.com\/es\/wp-json\/wp\/v2\/comments?post=10357"}],"version-history":[{"count":4,"href":"https:\/\/www.nooteboom.com\/es\/wp-json\/wp\/v2\/pages\/10357\/revisions"}],"predecessor-version":[{"id":12327,"href":"https:\/\/www.nooteboom.com\/es\/wp-json\/wp\/v2\/pages\/10357\/revisions\/12327"}],"up":[{"embeddable":true,"href":"https:\/\/www.nooteboom.com\/es\/wp-json\/wp\/v2\/pages\/10355"}],"wp:featuredmedia":[{"embeddable":true,"href":"https:\/\/www.nooteboom.com\/es\/wp-json\/wp\/v2\/media\/13623"}],"wp:attachment":[{"href":"https:\/\/www.nooteboom.com\/es\/wp-json\/wp\/v2\/media?parent=10357"}],"curies":[{"name":"wp","href":"https:\/\/api.w.org\/{rel}","templated":true}]}}