{"id":10355,"date":"2016-08-08T09:14:50","date_gmt":"2016-08-08T07:14:50","guid":{"rendered":"https:\/\/www.nooteboom.com\/?page_id=10355&#038;lang=es"},"modified":"2024-10-15T12:06:39","modified_gmt":"2024-10-15T10:06:39","slug":"profesion","status":"publish","type":"page","link":"https:\/\/www.nooteboom.com\/es\/profesion\/","title":{"rendered":"Profesi\u00f3n"},"content":{"rendered":"<div class=\"wpb-content-wrapper\"><p>[vc_row][vc_column width=\u00bb1\/2&#8243;][vc_column_text]En Europa, Nooteboom es una palabra internacional familiar en lo relativo al transporte especial por carretera de remolques y semirremolques. Regionalmente, Nooteboom es una valiosa empresa con m\u00e1s de 500 trabajadores cualificados en casa y en el extranjero. Todos los trabajadores de Nooteboom tiene una cosa en com\u00fan: su pasi\u00f3n por los remolques y lo extremadamente interesados en el producto.<\/p>\n<p>Respecto a la ejecuci\u00f3n del trabajo y la calidad es el hilo conductor com\u00fan para toda la empresa. El deseo de contribuir individualmente hacia un producto final de calidad superior, innovador y seguro es lo que nos une. Personas ambiciosas disfrutan trabajando para nuestra empresa acreditada e creadora de tendencias. Porque en Nooteboom existe un amplio margen para desarrollar y hacer una carrera.<\/p>\n<p>La caracter\u00edstica de la atm\u00f3sfera de trabajo en Nooteboom es la estructura organizativa horizontal y la asignaci\u00f3n de responsabilidad y competencia a los trabajadores de planta. Un meticuloso trabajo de soldadura es tan eficiente e importante como la compra de materiales y recambios .[\/vc_column_text][\/vc_column][vc_column width=\u00bb1\/2&#8243;]<div class=\"vc_calltoaction newsletter centered\">\n\n\t\n\t\t\t<a target=\"\" href=\"https:\/\/www.nooteboom.com\/career\/vacancies-internships\/\" class=\"button\">\n\t\t\tVacancies & Internships\t\t\t<span class=\"fa fa-chevron-right\"><\/span>\n\t\t<\/a>\n\t\n<\/div>[vc_single_image image=\u00bb1354&#8243; img_size=\u00bblarge\u00bb][\/vc_column][\/vc_row][vc_row][vc_column width=\u00bb1\/3&#8243;]<div class=\"vc_teaser\">\n\n\t\n\t\t<div onclick=\"window.location.href='mailto:a.kroef@nooteboom.com';\" class=\"vc_teaser__inner clickable\">\n\n\t\t\t\t\t\t\t<figure>\n\t\t\t\t\t<img\n\t\t\t\t\t\t\tsrc=\"https:\/\/www.nooteboom.com\/wp-content\/uploads\/Anke-Kroef-IMG_8111-500x333.jpg\"\n\t\t\t\t\t\t\talt=\"Profesi\u00f3n\"\n\t\t\t\t\t\t\t\t\t\t\t\t\tsrcset=\"https:\/\/www.nooteboom.com\/wp-content\/uploads\/Anke-Kroef-IMG_8111-300x199.jpg 300w,https:\/\/www.nooteboom.com\/wp-content\/uploads\/Anke-Kroef-IMG_8111-768x511.jpg 768w,https:\/\/www.nooteboom.com\/wp-content\/uploads\/Anke-Kroef-IMG_8111-1024x681.jpg 1024w\"\n\t\t\t\t\t\t\tsizes=\"(max-width: 400px) 100vw, 400px\"\n\t\t\t\t\t\t\t\t\t\t\t>\n\t\t\t\t<\/figure>\n\t\t\t\n\t\t\t\t\t\t\t<a href=\"mailto:a.kroef@nooteboom.com\" target=\"\"\n\t\t\t\t   title=\"a.kroef@nooteboom.com\" class=\"button red\">\n\t\t\t\t\tAnke Kroef\t\t\t\t\t<span class=\"fa fa-chevron-right\"><\/span>\n\t\t\t\t<\/a>\n\t\t\t\n\t\t<\/div>\n\n\t\n<\/div>[vc_column_text]<\/p>\n<table style=\"border-collapse: collapse; width: 100%;\">\n<tbody>\n<tr>\n<td style=\"width: 100%; text-align: center;\">\n<address>Manager HR<\/address>\n<address><strong>E<\/strong>\u00a0<a href=\"mailto:a.kroef@nooteboom.com\">a.kroef@nooteboom.com<\/a><\/address>\n<address><span style=\"color: #ffffff;\">|<\/span><\/address>\n<\/td>\n<\/tr>\n<\/tbody>\n<\/table>\n<p>[\/vc_column_text][\/vc_column][vc_column width=\u00bb1\/3&#8243;]<div class=\"vc_teaser\">\n\n\t\n\t\t<div onclick=\"window.location.href='mailto:l.steur@nooteboom.com';\" class=\"vc_teaser__inner clickable\">\n\n\t\t\t\t\t\t\t<figure>\n\t\t\t\t\t<img\n\t\t\t\t\t\t\tsrc=\"https:\/\/www.nooteboom.com\/wp-content\/uploads\/liekesteur-500x333.jpg\"\n\t\t\t\t\t\t\talt=\"Profesi\u00f3n\"\n\t\t\t\t\t\t\t\t\t\t\t\t\tsrcset=\"https:\/\/www.nooteboom.com\/wp-content\/uploads\/liekesteur-300x199.jpg 300w,https:\/\/www.nooteboom.com\/wp-content\/uploads\/liekesteur-768x511.jpg 768w,https:\/\/www.nooteboom.com\/wp-content\/uploads\/liekesteur-1024x681.jpg 1024w\"\n\t\t\t\t\t\t\tsizes=\"(max-width: 500px) 100vw, 500px\"\n\t\t\t\t\t\t\t\t\t\t\t>\n\t\t\t\t<\/figure>\n\t\t\t\n\t\t\t\t\t\t\t<a href=\"mailto:l.steur@nooteboom.com\" target=\"\"\n\t\t\t\t   title=\"l.steur@nooteboom.com\" class=\"button red\">\n\t\t\t\t\tGlenn Uijt den Boogaard\t\t\t\t\t<span class=\"fa fa-chevron-right\"><\/span>\n\t\t\t\t<\/a>\n\t\t\t\n\t\t<\/div>\n\n\t\n<\/div>[vc_column_text]<\/p>\n<table style=\"border-collapse: collapse; width: 100%;\">\n<tbody>\n<tr>\n<td style=\"width: 100%; text-align: center;\">\n<address>Recruiter<\/address>\n<address><strong>E<\/strong>\u00a0<a class=\"\" href=\"l.steur@nooteboom.com\">l.steur@nooteboom.com<\/a><\/address>\n<address><strong>T<\/strong> +31 641 68 0523<\/address>\n<\/td>\n<\/tr>\n<\/tbody>\n<\/table>\n<p>[\/vc_column_text][\/vc_column][vc_column width=\u00bb1\/3&#8243;]<div class=\"vc_teaser\">\n\n\t\n\t\t<div onclick=\"window.location.href='mailto:m.verstegen@nooteboom.com';\" class=\"vc_teaser__inner clickable\">\n\n\t\t\t\t\t\t\t<figure>\n\t\t\t\t\t<img\n\t\t\t\t\t\t\tsrc=\"https:\/\/www.nooteboom.com\/wp-content\/uploads\/Marc-verstegen-500x333.jpg\"\n\t\t\t\t\t\t\talt=\"Profesi\u00f3n\"\n\t\t\t\t\t\t\t\t\t\t\t\t\tsrcset=\"https:\/\/www.nooteboom.com\/wp-content\/uploads\/Marc-verstegen-300x199.jpg 300w,https:\/\/www.nooteboom.com\/wp-content\/uploads\/Marc-verstegen-768x511.jpg 768w,https:\/\/www.nooteboom.com\/wp-content\/uploads\/Marc-verstegen-1024x681.jpg 1024w\"\n\t\t\t\t\t\t\tsizes=\"(max-width: 400px) 100vw, 400px\"\n\t\t\t\t\t\t\t\t\t\t\t>\n\t\t\t\t<\/figure>\n\t\t\t\n\t\t\t\t\t\t\t<a href=\"mailto:m.verstegen@nooteboom.com\" target=\"\"\n\t\t\t\t   title=\"Marc Verstegen\" class=\"button red\">\n\t\t\t\t\tMarc Verstegen\t\t\t\t\t<span class=\"fa fa-chevron-right\"><\/span>\n\t\t\t\t<\/a>\n\t\t\t\n\t\t<\/div>\n\n\t\n<\/div>[vc_column_text]<\/p>\n<table style=\"border-collapse: collapse; width: 100%;\">\n<tbody>\n<tr>\n<td style=\"width: 100%; text-align: center;\">\n<address>HR adviseur<\/address>\n<address><strong>E<\/strong>\u00a0<a class=\"\" href=\"mailto:m.verstegen@nooteboom.com\">m.verstegen@nooteboom.com<\/a><\/address>\n<\/td>\n<\/tr>\n<\/tbody>\n<\/table>\n<p>[\/vc_column_text][\/vc_column][\/vc_row][vc_row][vc_column][vc_column_text]Trabajo en equipo, sinceridad, utilidad, sentido de la responsabilidad y competentes son valorados muy bien en todos los departamentos. Los empleados trabajan en equipo en una ambiente de trabajo de camarader\u00eda dentro de una empresa \u00a0saludable para lograr los mejores resultados.\u00a0Con la aprobaci\u00f3n por los logros personales y un amplio margen para el desarrollo individual.<\/p>\n<p>Para todos los empleados de Nooteboom \u00a0esperamos un n\u00famero espec\u00edfico de valores fundamentales.<\/p>\n<p><strong>Los trabajadores de Nooteboom:<\/strong><\/p>\n<ul>\n<li>entrega de una contribuci\u00f3n personal para la satisfacci\u00f3n del cliente<\/li>\n<li>disfrutar trabajando en un equipo y contribuir personalmente hacia el producto final<\/li>\n<li>no tener miedo de tomar \u00a0responsabilidad para mostrar su compromiso<\/li>\n<li>decir lo que ellos hacen y hacer como ellos dicen<\/li>\n<li>el objetivo de tratar a sus compa\u00f1eros con respeto y son franqueza y honestidad<\/li>\n<li>tener pasi\u00f3n por los veh\u00edculos y tomar \u00a0iniciativas para mejorar el producto y proceso<\/li>\n<li>ser conscientes de que el trabajo meticuloso es de vital importancia para el producto final colectivo<\/li>\n<li>son embajadores para Nooteboom<\/li>\n<\/ul>\n<p>[\/vc_column_text]<div class=\"vc_calltoaction newsletter centered\">\n\n\t\n\t\t\t<a target=\"\" href=\"https:\/\/www.nooteboom.com\/career\/vacancies-internships\/\" class=\"button\">\n\t\t\tVacancies & Internships\t\t\t<span class=\"fa fa-chevron-right\"><\/span>\n\t\t<\/a>\n\t\n<\/div>[\/vc_column][\/vc_row][vc_row][vc_column][vc_column_text]<\/p>\n<h2>Contacto<\/h2>\n<p>[\/vc_column_text][\/vc_column][\/vc_row][vc_row][vc_column][vc_separator][\/vc_column][\/vc_row][vc_row][vc_column width=\u00bb1\/2&#8243;][vc_column_text]<\/p>\n<h3><a href=\"https:\/\/www.linkedin.com\/company\/1385240\/\">FOLLOW US<\/a><img loading=\"lazy\" decoding=\"async\" class=\"wp-image-1079528 alignleft\" src=\"https:\/\/www.nooteboom.com\/wp-content\/uploads\/linkedin-300x300.png\" alt=\"linkedin\" width=\"43\" height=\"42\" srcset=\"https:\/\/www.nooteboom.com\/wp-content\/uploads\/linkedin-300x300.png 300w, https:\/\/www.nooteboom.com\/wp-content\/uploads\/linkedin-150x150.png 150w, https:\/\/www.nooteboom.com\/wp-content\/uploads\/linkedin.png 500w\" sizes=\"auto, (max-width: 43px) 100vw, 43px\" \/><\/h3>\n<p>[\/vc_column_text][vc_raw_html]JTNDc2NyaXB0JTIwc3JjJTNEJTIyJTJGJTJGcGxhdGZvcm0ubGlua2VkaW4uY29tJTJGaW4uanMlMjIlMjB0eXBlJTNEJTIydGV4dCUyRmphdmFzY3JpcHQlMjIlM0UlM0MlMkZzY3JpcHQlM0UlMEElM0NzY3JpcHQlMjB0eXBlJTNEJTIySU4lMkZDb21wYW55UHJvZmlsZSUyMiUyMGRhdGEtaWQlM0QlMjIxMzg1MjQwJTIyJTIwZGF0YS1mb3JtYXQlM0QlMjJpbmxpbmUlMjIlMjBkYXRhLXJlbGF0ZWQlM0QlMjJmYWxzZSUyMiUzRSUzQyUyRnNjcmlwdCUzRQ==[\/vc_raw_html][\/vc_column][vc_column width=\u00bb1\/2&#8243;][\/vc_column][\/vc_row]<\/p>\n<\/div>","protected":false},"excerpt":{"rendered":"[vc_row][vc_column width=\u00bb1\/2&#8243;][vc_column_text]En Europa, Nooteboom es una palabra internacional familiar en lo relativo al transporte especial por carretera de remolques y&#8230;","protected":false},"author":45,"featured_media":0,"parent":0,"menu_order":0,"comment_status":"closed","ping_status":"closed","template":"templates\/template-career.php","meta":{"_acf_changed":false,"inline_featured_image":false,"footnotes":""},"class_list":["post-10355","page","type-page","status-publish","hentry"],"acf":[],"yoast_head":"<!-- This site is optimized with the Yoast SEO Premium plugin v25.7.1 (Yoast SEO v25.7) - https:\/\/yoast.com\/wordpress\/plugins\/seo\/ -->\n<title>Profesi\u00f3n | Nooteboom Trailers<\/title>\n<meta name=\"description\" content=\"En Europa, Nooteboom es una palabra internacional familiar en lo relativo al transporte especial por carretera de remolques y semirremolques.\" \/>\n<meta name=\"robots\" content=\"index, follow, max-snippet:-1, max-image-preview:large, max-video-preview:-1\" \/>\n<link rel=\"canonical\" href=\"https:\/\/www.nooteboom.com\/es\/profesion\/\" \/>\n<meta property=\"og:locale\" content=\"es_ES\" \/>\n<meta property=\"og:type\" content=\"article\" \/>\n<meta property=\"og:title\" content=\"Profesi\u00f3n\" \/>\n<meta property=\"og:description\" content=\"En Europa, Nooteboom es una palabra internacional familiar en lo relativo al transporte especial por carretera de remolques y semirremolques.\" \/>\n<meta property=\"og:url\" content=\"https:\/\/www.nooteboom.com\/es\/profesion\/\" \/>\n<meta property=\"og:site_name\" content=\"Nooteboom Trailers\" \/>\n<meta property=\"article:publisher\" content=\"https:\/\/nl-nl.facebook.com\/nooteboomtrailers\/\" \/>\n<meta property=\"article:modified_time\" content=\"2024-10-15T10:06:39+00:00\" \/>\n<meta property=\"og:image\" content=\"https:\/\/www.nooteboom.com\/wp-content\/uploads\/linkedin-300x300.png\" \/>\n<meta name=\"twitter:card\" content=\"summary_large_image\" \/>\n<meta name=\"twitter:label1\" content=\"Tiempo de lectura\" \/>\n\t<meta name=\"twitter:data1\" content=\"3 minutos\" \/>\n<script type=\"application\/ld+json\" class=\"yoast-schema-graph\">{\"@context\":\"https:\/\/schema.org\",\"@graph\":[{\"@type\":\"WebPage\",\"@id\":\"https:\/\/www.nooteboom.com\/es\/profesion\/\",\"url\":\"https:\/\/www.nooteboom.com\/es\/profesion\/\",\"name\":\"Profesi\u00f3n | Nooteboom Trailers\",\"isPartOf\":{\"@id\":\"https:\/\/www.nooteboom.com\/es\/#website\"},\"primaryImageOfPage\":{\"@id\":\"https:\/\/www.nooteboom.com\/es\/profesion\/#primaryimage\"},\"image\":{\"@id\":\"https:\/\/www.nooteboom.com\/es\/profesion\/#primaryimage\"},\"thumbnailUrl\":\"https:\/\/www.nooteboom.com\/wp-content\/uploads\/linkedin-300x300.png\",\"datePublished\":\"2016-08-08T07:14:50+00:00\",\"dateModified\":\"2024-10-15T10:06:39+00:00\",\"description\":\"En Europa, Nooteboom es una palabra internacional familiar en lo relativo al transporte especial por carretera de remolques y semirremolques.\",\"breadcrumb\":{\"@id\":\"https:\/\/www.nooteboom.com\/es\/profesion\/#breadcrumb\"},\"inLanguage\":\"es\",\"potentialAction\":[{\"@type\":\"ReadAction\",\"target\":[\"https:\/\/www.nooteboom.com\/es\/profesion\/\"]}]},{\"@type\":\"ImageObject\",\"inLanguage\":\"es\",\"@id\":\"https:\/\/www.nooteboom.com\/es\/profesion\/#primaryimage\",\"url\":\"https:\/\/www.nooteboom.com\/wp-content\/uploads\/linkedin-300x300.png\",\"contentUrl\":\"https:\/\/www.nooteboom.com\/wp-content\/uploads\/linkedin-300x300.png\"},{\"@type\":\"BreadcrumbList\",\"@id\":\"https:\/\/www.nooteboom.com\/es\/profesion\/#breadcrumb\",\"itemListElement\":[{\"@type\":\"ListItem\",\"position\":1,\"name\":\"Home\",\"item\":\"https:\/\/www.nooteboom.com\/es\/\"},{\"@type\":\"ListItem\",\"position\":2,\"name\":\"Profesi\u00f3n\"}]},{\"@type\":\"WebSite\",\"@id\":\"https:\/\/www.nooteboom.com\/es\/#website\",\"url\":\"https:\/\/www.nooteboom.com\/es\/\",\"name\":\"Nooteboom Trailers\",\"description\":\"Gets you there.\",\"publisher\":{\"@id\":\"https:\/\/www.nooteboom.com\/es\/#organization\"},\"potentialAction\":[{\"@type\":\"SearchAction\",\"target\":{\"@type\":\"EntryPoint\",\"urlTemplate\":\"https:\/\/www.nooteboom.com\/es\/?s={search_term_string}\"},\"query-input\":{\"@type\":\"PropertyValueSpecification\",\"valueRequired\":true,\"valueName\":\"search_term_string\"}}],\"inLanguage\":\"es\"},{\"@type\":\"Organization\",\"@id\":\"https:\/\/www.nooteboom.com\/es\/#organization\",\"name\":\"Nooteboom Trailers\",\"url\":\"https:\/\/www.nooteboom.com\/es\/\",\"logo\":{\"@type\":\"ImageObject\",\"inLanguage\":\"es\",\"@id\":\"https:\/\/www.nooteboom.com\/es\/#\/schema\/logo\/image\/\",\"url\":\"https:\/\/www.nooteboom.com\/wp-content\/uploads\/logo.png\",\"contentUrl\":\"https:\/\/www.nooteboom.com\/wp-content\/uploads\/logo.png\",\"width\":111,\"height\":66,\"caption\":\"Nooteboom Trailers\"},\"image\":{\"@id\":\"https:\/\/www.nooteboom.com\/es\/#\/schema\/logo\/image\/\"},\"sameAs\":[\"https:\/\/nl-nl.facebook.com\/nooteboomtrailers\/\",\"https:\/\/nl.linkedin.com\/company\/nooteboom-trailers\",\"https:\/\/www.youtube.com\/user\/Nooteboomtrailers\"]}]}<\/script>\n<!-- \/ Yoast SEO Premium plugin. -->","yoast_head_json":{"title":"Profesi\u00f3n | Nooteboom Trailers","description":"En Europa, Nooteboom es una palabra internacional familiar en lo relativo al transporte especial por carretera de remolques y semirremolques.","robots":{"index":"index","follow":"follow","max-snippet":"max-snippet:-1","max-image-preview":"max-image-preview:large","max-video-preview":"max-video-preview:-1"},"canonical":"https:\/\/www.nooteboom.com\/es\/profesion\/","og_locale":"es_ES","og_type":"article","og_title":"Profesi\u00f3n","og_description":"En Europa, Nooteboom es una palabra internacional familiar en lo relativo al transporte especial por carretera de remolques y semirremolques.","og_url":"https:\/\/www.nooteboom.com\/es\/profesion\/","og_site_name":"Nooteboom Trailers","article_publisher":"https:\/\/nl-nl.facebook.com\/nooteboomtrailers\/","article_modified_time":"2024-10-15T10:06:39+00:00","og_image":[{"url":"https:\/\/www.nooteboom.com\/wp-content\/uploads\/linkedin-300x300.png","type":"","width":"","height":""}],"twitter_card":"summary_large_image","twitter_misc":{"Tiempo de lectura":"3 minutos"},"schema":{"@context":"https:\/\/schema.org","@graph":[{"@type":"WebPage","@id":"https:\/\/www.nooteboom.com\/es\/profesion\/","url":"https:\/\/www.nooteboom.com\/es\/profesion\/","name":"Profesi\u00f3n | Nooteboom Trailers","isPartOf":{"@id":"https:\/\/www.nooteboom.com\/es\/#website"},"primaryImageOfPage":{"@id":"https:\/\/www.nooteboom.com\/es\/profesion\/#primaryimage"},"image":{"@id":"https:\/\/www.nooteboom.com\/es\/profesion\/#primaryimage"},"thumbnailUrl":"https:\/\/www.nooteboom.com\/wp-content\/uploads\/linkedin-300x300.png","datePublished":"2016-08-08T07:14:50+00:00","dateModified":"2024-10-15T10:06:39+00:00","description":"En Europa, Nooteboom es una palabra internacional familiar en lo relativo al transporte especial por carretera de remolques y semirremolques.","breadcrumb":{"@id":"https:\/\/www.nooteboom.com\/es\/profesion\/#breadcrumb"},"inLanguage":"es","potentialAction":[{"@type":"ReadAction","target":["https:\/\/www.nooteboom.com\/es\/profesion\/"]}]},{"@type":"ImageObject","inLanguage":"es","@id":"https:\/\/www.nooteboom.com\/es\/profesion\/#primaryimage","url":"https:\/\/www.nooteboom.com\/wp-content\/uploads\/linkedin-300x300.png","contentUrl":"https:\/\/www.nooteboom.com\/wp-content\/uploads\/linkedin-300x300.png"},{"@type":"BreadcrumbList","@id":"https:\/\/www.nooteboom.com\/es\/profesion\/#breadcrumb","itemListElement":[{"@type":"ListItem","position":1,"name":"Home","item":"https:\/\/www.nooteboom.com\/es\/"},{"@type":"ListItem","position":2,"name":"Profesi\u00f3n"}]},{"@type":"WebSite","@id":"https:\/\/www.nooteboom.com\/es\/#website","url":"https:\/\/www.nooteboom.com\/es\/","name":"Nooteboom Trailers","description":"Gets you there.","publisher":{"@id":"https:\/\/www.nooteboom.com\/es\/#organization"},"potentialAction":[{"@type":"SearchAction","target":{"@type":"EntryPoint","urlTemplate":"https:\/\/www.nooteboom.com\/es\/?s={search_term_string}"},"query-input":{"@type":"PropertyValueSpecification","valueRequired":true,"valueName":"search_term_string"}}],"inLanguage":"es"},{"@type":"Organization","@id":"https:\/\/www.nooteboom.com\/es\/#organization","name":"Nooteboom Trailers","url":"https:\/\/www.nooteboom.com\/es\/","logo":{"@type":"ImageObject","inLanguage":"es","@id":"https:\/\/www.nooteboom.com\/es\/#\/schema\/logo\/image\/","url":"https:\/\/www.nooteboom.com\/wp-content\/uploads\/logo.png","contentUrl":"https:\/\/www.nooteboom.com\/wp-content\/uploads\/logo.png","width":111,"height":66,"caption":"Nooteboom Trailers"},"image":{"@id":"https:\/\/www.nooteboom.com\/es\/#\/schema\/logo\/image\/"},"sameAs":["https:\/\/nl-nl.facebook.com\/nooteboomtrailers\/","https:\/\/nl.linkedin.com\/company\/nooteboom-trailers","https:\/\/www.youtube.com\/user\/Nooteboomtrailers"]}]}},"_links":{"self":[{"href":"https:\/\/www.nooteboom.com\/es\/wp-json\/wp\/v2\/pages\/10355","targetHints":{"allow":["GET"]}}],"collection":[{"href":"https:\/\/www.nooteboom.com\/es\/wp-json\/wp\/v2\/pages"}],"about":[{"href":"https:\/\/www.nooteboom.com\/es\/wp-json\/wp\/v2\/types\/page"}],"author":[{"embeddable":true,"href":"https:\/\/www.nooteboom.com\/es\/wp-json\/wp\/v2\/users\/45"}],"replies":[{"embeddable":true,"href":"https:\/\/www.nooteboom.com\/es\/wp-json\/wp\/v2\/comments?post=10355"}],"version-history":[{"count":17,"href":"https:\/\/www.nooteboom.com\/es\/wp-json\/wp\/v2\/pages\/10355\/revisions"}],"predecessor-version":[{"id":2267463,"href":"https:\/\/www.nooteboom.com\/es\/wp-json\/wp\/v2\/pages\/10355\/revisions\/2267463"}],"wp:attachment":[{"href":"https:\/\/www.nooteboom.com\/es\/wp-json\/wp\/v2\/media?parent=10355"}],"curies":[{"name":"wp","href":"https:\/\/api.w.org\/{rel}","templated":true}]}}