{"id":8672,"date":"2016-07-28T15:35:05","date_gmt":"2016-07-28T13:35:05","guid":{"rendered":"https:\/\/www.nooteboom.com\/?page_id=8672&#038;lang=de"},"modified":"2017-11-14T11:17:04","modified_gmt":"2017-11-14T10:17:04","slug":"werte","status":"publish","type":"page","link":"https:\/\/www.nooteboom.com\/de\/wer-wir-sind\/werte\/","title":{"rendered":"Werte"},"content":{"rendered":"<div class=\"wpb-content-wrapper\"><p>[vc_row][vc_column][vc_column_text]Nooteboom hat vier Kernwerte, zu denen das Unternehmen steht.<\/p>\n<ul>\n<li><strong><i>Interesse<\/i><\/strong><br \/>\nNooteboom hat ein echtes Interesse daran, was die Kunden wirklich besch\u00e4ftigt. Wo die Herausforderungen liegen und wie den Kunden mit den besten L\u00f6sungen f\u00fcr deren Transportprobleme geholfen werden kann. Mit diesem Verst\u00e4ndnis, einer fundierten Design-Philosophie und \u00fcberlegenen Produktionsfertigkeiten kann den Nooteboom-Kunden der h\u00f6chste Mehrwert geboten werden.<\/li>\n<\/ul>\n<ul>\n<li><i><strong>Zuverl\u00e4ssig<\/strong><br \/>\n<\/i>Die Kunden von Nooteboom m\u00fcssen sich auf die Produkte verlassen k\u00f6nnen und haben daher Zugriff auf ein Service-Netzwerk, das <strong>I<\/strong>hnen immer und \u00fcberall zur Verf\u00fcgung steht. Nooteboom geht immer noch einen Schritt weiter, denn diese Faktoren sind f\u00fcr den Erfolg der Kunden von gr\u00f6\u00dfter Bedeutung.<\/li>\n<\/ul>\n<ul>\n<li><i><strong>Bahnbrechend<br \/>\n<\/strong><\/i>Seit mehr als 135 Jahren hat Nooteboom immer Trends gesetzt. Gleich, ob es intelligente technische L\u00f6sungen, neue Service-Konzepte oder internationalen Support betrifft. Nooteboom bereitet tats\u00e4chlich neue Bahnen. Es gibt immer Raum f\u00fcr Verbesserungen. Aus diesem Grund begr\u00fc\u00dfen wir neue Herausforderungen und sind offen f\u00fcr Innovationen.\u00a0<i><strong><br \/>\n<\/strong><\/i><\/li>\n<\/ul>\n<ul>\n<li><i><strong>Wertvoll<\/strong><br \/>\n<\/i>Nooteboom liefert seinen Kunden Produkte, die die niedrigsten \u201eGesamtbetriebskosten\u201c aufweisen, da die Auflieger nur eine sehr geringe Wartung ben\u00f6tigen, die besten Leistungen bringen und den h\u00f6chsten Wiederverkaufswert haben. Die Produkte werden gefertigt, um maximalen Profit in der Lieferkette der Kunden zu erzielen.<\/li>\n<\/ul>\n<p>[\/vc_column_text][\/vc_column][\/vc_row]<\/p>\n<\/div>","protected":false},"excerpt":{"rendered":"[vc_row][vc_column][vc_column_text]Nooteboom hat vier Kernwerte, zu denen das Unternehmen steht. Interesse Nooteboom hat ein echtes Interesse daran, was die Kunden wirklich&#8230;","protected":false},"author":45,"featured_media":3916,"parent":8609,"menu_order":2,"comment_status":"closed","ping_status":"closed","template":"","meta":{"_acf_changed":false,"inline_featured_image":false,"footnotes":""},"class_list":["post-8672","page","type-page","status-publish","has-post-thumbnail","hentry"],"acf":[],"yoast_head":"<!-- This site is optimized with the Yoast SEO Premium plugin v25.7.1 (Yoast SEO v25.7) - https:\/\/yoast.com\/wordpress\/plugins\/seo\/ -->\n<title>Werte | Nooteboom Trailers<\/title>\n<meta name=\"description\" content=\"Nooteboom hat vier Kernwerte, zu denen das Unternehmen steht.\" \/>\n<meta name=\"robots\" content=\"index, follow, max-snippet:-1, max-image-preview:large, max-video-preview:-1\" \/>\n<link rel=\"canonical\" href=\"https:\/\/www.nooteboom.com\/de\/wer-wir-sind\/werte\/\" \/>\n<meta property=\"og:locale\" content=\"de_DE\" \/>\n<meta property=\"og:type\" content=\"article\" \/>\n<meta property=\"og:title\" content=\"Werte\" \/>\n<meta property=\"og:description\" content=\"Nooteboom hat vier Kernwerte, zu denen das Unternehmen steht.\" \/>\n<meta property=\"og:url\" content=\"https:\/\/www.nooteboom.com\/de\/wer-wir-sind\/werte\/\" \/>\n<meta property=\"og:site_name\" content=\"Nooteboom Trailers\" \/>\n<meta property=\"article:publisher\" content=\"https:\/\/nl-nl.facebook.com\/nooteboomtrailers\/\" \/>\n<meta property=\"article:modified_time\" content=\"2017-11-14T10:17:04+00:00\" \/>\n<meta property=\"og:image\" content=\"https:\/\/www.nooteboom.com\/wp-content\/uploads\/Vision-and-values.jpg\" \/>\n\t<meta property=\"og:image:width\" content=\"2048\" \/>\n\t<meta property=\"og:image:height\" content=\"942\" \/>\n\t<meta property=\"og:image:type\" content=\"image\/jpeg\" \/>\n<meta name=\"twitter:card\" content=\"summary_large_image\" \/>\n<meta name=\"twitter:label1\" content=\"Gesch\u00e4tzte Lesezeit\" \/>\n\t<meta name=\"twitter:data1\" content=\"1\u00a0Minute\" \/>\n<script type=\"application\/ld+json\" class=\"yoast-schema-graph\">{\"@context\":\"https:\/\/schema.org\",\"@graph\":[{\"@type\":\"WebPage\",\"@id\":\"https:\/\/www.nooteboom.com\/de\/wer-wir-sind\/werte\/\",\"url\":\"https:\/\/www.nooteboom.com\/de\/wer-wir-sind\/werte\/\",\"name\":\"Werte | Nooteboom Trailers\",\"isPartOf\":{\"@id\":\"https:\/\/www.nooteboom.com\/de\/#website\"},\"primaryImageOfPage\":{\"@id\":\"https:\/\/www.nooteboom.com\/de\/wer-wir-sind\/werte\/#primaryimage\"},\"image\":{\"@id\":\"https:\/\/www.nooteboom.com\/de\/wer-wir-sind\/werte\/#primaryimage\"},\"thumbnailUrl\":\"https:\/\/www.nooteboom.com\/wp-content\/uploads\/Vision-and-values.jpg\",\"datePublished\":\"2016-07-28T13:35:05+00:00\",\"dateModified\":\"2017-11-14T10:17:04+00:00\",\"description\":\"Nooteboom hat vier Kernwerte, zu denen das Unternehmen steht.\",\"breadcrumb\":{\"@id\":\"https:\/\/www.nooteboom.com\/de\/wer-wir-sind\/werte\/#breadcrumb\"},\"inLanguage\":\"de\",\"potentialAction\":[{\"@type\":\"ReadAction\",\"target\":[\"https:\/\/www.nooteboom.com\/de\/wer-wir-sind\/werte\/\"]}]},{\"@type\":\"ImageObject\",\"inLanguage\":\"de\",\"@id\":\"https:\/\/www.nooteboom.com\/de\/wer-wir-sind\/werte\/#primaryimage\",\"url\":\"https:\/\/www.nooteboom.com\/wp-content\/uploads\/Vision-and-values.jpg\",\"contentUrl\":\"https:\/\/www.nooteboom.com\/wp-content\/uploads\/Vision-and-values.jpg\",\"width\":2048,\"height\":942,\"caption\":\"Kernwerte\"},{\"@type\":\"BreadcrumbList\",\"@id\":\"https:\/\/www.nooteboom.com\/de\/wer-wir-sind\/werte\/#breadcrumb\",\"itemListElement\":[{\"@type\":\"ListItem\",\"position\":1,\"name\":\"Home\",\"item\":\"https:\/\/www.nooteboom.com\/de\/\"},{\"@type\":\"ListItem\",\"position\":2,\"name\":\"Wer wir sind\",\"item\":\"https:\/\/www.nooteboom.com\/de\/wer-wir-sind\/\"},{\"@type\":\"ListItem\",\"position\":3,\"name\":\"Werte\"}]},{\"@type\":\"WebSite\",\"@id\":\"https:\/\/www.nooteboom.com\/de\/#website\",\"url\":\"https:\/\/www.nooteboom.com\/de\/\",\"name\":\"Nooteboom Trailers\",\"description\":\"Gets you there.\",\"publisher\":{\"@id\":\"https:\/\/www.nooteboom.com\/de\/#organization\"},\"potentialAction\":[{\"@type\":\"SearchAction\",\"target\":{\"@type\":\"EntryPoint\",\"urlTemplate\":\"https:\/\/www.nooteboom.com\/de\/?s={search_term_string}\"},\"query-input\":{\"@type\":\"PropertyValueSpecification\",\"valueRequired\":true,\"valueName\":\"search_term_string\"}}],\"inLanguage\":\"de\"},{\"@type\":\"Organization\",\"@id\":\"https:\/\/www.nooteboom.com\/de\/#organization\",\"name\":\"Nooteboom Trailers\",\"url\":\"https:\/\/www.nooteboom.com\/de\/\",\"logo\":{\"@type\":\"ImageObject\",\"inLanguage\":\"de\",\"@id\":\"https:\/\/www.nooteboom.com\/de\/#\/schema\/logo\/image\/\",\"url\":\"https:\/\/www.nooteboom.com\/wp-content\/uploads\/logo.png\",\"contentUrl\":\"https:\/\/www.nooteboom.com\/wp-content\/uploads\/logo.png\",\"width\":111,\"height\":66,\"caption\":\"Nooteboom Trailers\"},\"image\":{\"@id\":\"https:\/\/www.nooteboom.com\/de\/#\/schema\/logo\/image\/\"},\"sameAs\":[\"https:\/\/nl-nl.facebook.com\/nooteboomtrailers\/\",\"https:\/\/nl.linkedin.com\/company\/nooteboom-trailers\",\"https:\/\/www.youtube.com\/user\/Nooteboomtrailers\"]}]}<\/script>\n<!-- \/ Yoast SEO Premium plugin. -->","yoast_head_json":{"title":"Werte | Nooteboom Trailers","description":"Nooteboom hat vier Kernwerte, zu denen das Unternehmen steht.","robots":{"index":"index","follow":"follow","max-snippet":"max-snippet:-1","max-image-preview":"max-image-preview:large","max-video-preview":"max-video-preview:-1"},"canonical":"https:\/\/www.nooteboom.com\/de\/wer-wir-sind\/werte\/","og_locale":"de_DE","og_type":"article","og_title":"Werte","og_description":"Nooteboom hat vier Kernwerte, zu denen das Unternehmen steht.","og_url":"https:\/\/www.nooteboom.com\/de\/wer-wir-sind\/werte\/","og_site_name":"Nooteboom Trailers","article_publisher":"https:\/\/nl-nl.facebook.com\/nooteboomtrailers\/","article_modified_time":"2017-11-14T10:17:04+00:00","og_image":[{"width":2048,"height":942,"url":"https:\/\/www.nooteboom.com\/wp-content\/uploads\/Vision-and-values.jpg","type":"image\/jpeg"}],"twitter_card":"summary_large_image","twitter_misc":{"Gesch\u00e4tzte Lesezeit":"1\u00a0Minute"},"schema":{"@context":"https:\/\/schema.org","@graph":[{"@type":"WebPage","@id":"https:\/\/www.nooteboom.com\/de\/wer-wir-sind\/werte\/","url":"https:\/\/www.nooteboom.com\/de\/wer-wir-sind\/werte\/","name":"Werte | Nooteboom Trailers","isPartOf":{"@id":"https:\/\/www.nooteboom.com\/de\/#website"},"primaryImageOfPage":{"@id":"https:\/\/www.nooteboom.com\/de\/wer-wir-sind\/werte\/#primaryimage"},"image":{"@id":"https:\/\/www.nooteboom.com\/de\/wer-wir-sind\/werte\/#primaryimage"},"thumbnailUrl":"https:\/\/www.nooteboom.com\/wp-content\/uploads\/Vision-and-values.jpg","datePublished":"2016-07-28T13:35:05+00:00","dateModified":"2017-11-14T10:17:04+00:00","description":"Nooteboom hat vier Kernwerte, zu denen das Unternehmen steht.","breadcrumb":{"@id":"https:\/\/www.nooteboom.com\/de\/wer-wir-sind\/werte\/#breadcrumb"},"inLanguage":"de","potentialAction":[{"@type":"ReadAction","target":["https:\/\/www.nooteboom.com\/de\/wer-wir-sind\/werte\/"]}]},{"@type":"ImageObject","inLanguage":"de","@id":"https:\/\/www.nooteboom.com\/de\/wer-wir-sind\/werte\/#primaryimage","url":"https:\/\/www.nooteboom.com\/wp-content\/uploads\/Vision-and-values.jpg","contentUrl":"https:\/\/www.nooteboom.com\/wp-content\/uploads\/Vision-and-values.jpg","width":2048,"height":942,"caption":"Kernwerte"},{"@type":"BreadcrumbList","@id":"https:\/\/www.nooteboom.com\/de\/wer-wir-sind\/werte\/#breadcrumb","itemListElement":[{"@type":"ListItem","position":1,"name":"Home","item":"https:\/\/www.nooteboom.com\/de\/"},{"@type":"ListItem","position":2,"name":"Wer wir sind","item":"https:\/\/www.nooteboom.com\/de\/wer-wir-sind\/"},{"@type":"ListItem","position":3,"name":"Werte"}]},{"@type":"WebSite","@id":"https:\/\/www.nooteboom.com\/de\/#website","url":"https:\/\/www.nooteboom.com\/de\/","name":"Nooteboom Trailers","description":"Gets you there.","publisher":{"@id":"https:\/\/www.nooteboom.com\/de\/#organization"},"potentialAction":[{"@type":"SearchAction","target":{"@type":"EntryPoint","urlTemplate":"https:\/\/www.nooteboom.com\/de\/?s={search_term_string}"},"query-input":{"@type":"PropertyValueSpecification","valueRequired":true,"valueName":"search_term_string"}}],"inLanguage":"de"},{"@type":"Organization","@id":"https:\/\/www.nooteboom.com\/de\/#organization","name":"Nooteboom Trailers","url":"https:\/\/www.nooteboom.com\/de\/","logo":{"@type":"ImageObject","inLanguage":"de","@id":"https:\/\/www.nooteboom.com\/de\/#\/schema\/logo\/image\/","url":"https:\/\/www.nooteboom.com\/wp-content\/uploads\/logo.png","contentUrl":"https:\/\/www.nooteboom.com\/wp-content\/uploads\/logo.png","width":111,"height":66,"caption":"Nooteboom Trailers"},"image":{"@id":"https:\/\/www.nooteboom.com\/de\/#\/schema\/logo\/image\/"},"sameAs":["https:\/\/nl-nl.facebook.com\/nooteboomtrailers\/","https:\/\/nl.linkedin.com\/company\/nooteboom-trailers","https:\/\/www.youtube.com\/user\/Nooteboomtrailers"]}]}},"_links":{"self":[{"href":"https:\/\/www.nooteboom.com\/de\/wp-json\/wp\/v2\/pages\/8672","targetHints":{"allow":["GET"]}}],"collection":[{"href":"https:\/\/www.nooteboom.com\/de\/wp-json\/wp\/v2\/pages"}],"about":[{"href":"https:\/\/www.nooteboom.com\/de\/wp-json\/wp\/v2\/types\/page"}],"author":[{"embeddable":true,"href":"https:\/\/www.nooteboom.com\/de\/wp-json\/wp\/v2\/users\/45"}],"replies":[{"embeddable":true,"href":"https:\/\/www.nooteboom.com\/de\/wp-json\/wp\/v2\/comments?post=8672"}],"version-history":[{"count":5,"href":"https:\/\/www.nooteboom.com\/de\/wp-json\/wp\/v2\/pages\/8672\/revisions"}],"predecessor-version":[{"id":12550,"href":"https:\/\/www.nooteboom.com\/de\/wp-json\/wp\/v2\/pages\/8672\/revisions\/12550"}],"up":[{"embeddable":true,"href":"https:\/\/www.nooteboom.com\/de\/wp-json\/wp\/v2\/pages\/8609"}],"wp:featuredmedia":[{"embeddable":true,"href":"https:\/\/www.nooteboom.com\/de\/wp-json\/wp\/v2\/media\/3916"}],"wp:attachment":[{"href":"https:\/\/www.nooteboom.com\/de\/wp-json\/wp\/v2\/media?parent=8672"}],"curies":[{"name":"wp","href":"https:\/\/api.w.org\/{rel}","templated":true}]}}