{"id":8668,"date":"2016-07-28T15:33:46","date_gmt":"2016-07-28T13:33:46","guid":{"rendered":"https:\/\/www.nooteboom.com\/?page_id=8668&#038;lang=de"},"modified":"2016-08-10T13:51:47","modified_gmt":"2016-08-10T11:51:47","slug":"qualitaet-und-haltbarkeit","status":"publish","type":"page","link":"https:\/\/www.nooteboom.com\/de\/wer-wir-sind\/qualitaet-und-haltbarkeit\/","title":{"rendered":"Qualit\u00e4t und Haltbarkeit"},"content":{"rendered":"<div class=\"wpb-content-wrapper\"><p>[vc_row][vc_column width=&#8220;1\/2&#8243;][vc_column_text]Zuverl\u00e4ssigkeit ist einer der Kernwerte bei Nooteboom. Daher ist die Lieferung von h\u00f6chster Qualit\u00e4t essenziell. Nooteboom macht niemals Zugest\u00e4ndnisse in Sachen Qualit\u00e4t seiner Produkte oder Dienstleistungen. Daher werden nur Materialien und Komponenten von A-Marken mit gepr\u00fcfter Qualit\u00e4t verwendet.<\/p>\n<p>Auch im Produktionsprozess wird gro\u00dfer Wert auf die Qualit\u00e4t und die Verringerung der Durchlaufzeiten gelegt. Die aktuellsten Technologien und Techniken, die Anwendung von LEAN, einem umfassenden System zur Qualit\u00e4tssicherung, und erstklassigen Ausbildungs- und Schulungsprogrammen f\u00fcr die Angestellten tragen dazu bei.[\/vc_column_text][\/vc_column][vc_column width=&#8220;1\/2&#8243;][vc_single_image image=&#8220;1596&#8243; img_size=&#8220;large&#8220;][\/vc_column][\/vc_row][vc_row][vc_column][vc_column_text]Nooteboom \u00a0verf\u00fcgt in ganz Europa \u00fcber ein Netzwerk eigener Service-Zentren, mobiler Service-Werkst\u00e4tten und autorisierter Service-Partner. Und wo Sie auch Nooteboom treffen, Sie k\u00f6nnen das gleiche hohe Niveau an Professionalit\u00e4t und Einsatz f\u00fcr Ihr Gesch\u00e4ft erwarten. Bei Ungl\u00fccken bietet Nooteboom \u00a0einen 24\/7-Notfall-Service.[\/vc_column_text][vc_separator][\/vc_column][\/vc_row][vc_row][vc_column width=&#8220;1\/2&#8243;][vc_column_text]<\/p>\n<h3><strong>Niedrige Gesamtbetriebskosten<\/strong><\/h3>\n<p>All dies tr\u00e4gt dazu bei, dass Nooteboom die h\u00f6chste Zuverl\u00e4ssigkeit mit dem vorteilhaftesten Preis-\/Qualit\u00e4t-Verh\u00e4ltnis anbieten kann. Das bedeutet auch, dass Fahrzeuge von Nooteboom einen hohen Wiederverkaufswert haben.[\/vc_column_text][\/vc_column][vc_column width=&#8220;1\/2&#8243;][vc_column_text]<\/p>\n<h3>Nachhaltigkeit<\/h3>\n<p>Nooteboom engagiert sich in mehreren Bereichen, um die Aktivit\u00e4ten nachhaltiger zu gestalten. Das ist nicht nur f\u00fcr die Umwelt wichtig, sondern auch f\u00fcr Nooteboom und seine Kunden. Denn der Erfolg auf einem nachhaltigen Weg geht Hand in Hand mit der F\u00fchrung eines verantwortungsvollen Unternehmens.[\/vc_column_text][\/vc_column][\/vc_row][vc_row][vc_column]<div class=\"content hidden\">\n\n\t<\/p>\n<ul>\n<li><em>Effiziente Nutzung von Material und Ressourcen<\/em><br \/>\nW\u00e4hrend des Fertigungsverfahrens werden Rohmaterialien vielf\u00e4ltig eingesetzt. Wiederverwendung von Material; Einsatz sorgf\u00e4ltig ausgew\u00e4hlter Farben und Konservierungsmittel, die die kleinstm\u00f6gliche Menge sch\u00e4dlicher Substanzen enthalten; geringerer Wasser- und Stromverbrauch im Fertigungsprozess; Vermeidung von Materialverlust durch fehlerfreie Produktion. Das alles hilft.<\/li>\n<\/ul>\n<ul>\n<li><em>Nachhaltigere Einrichtung von Fertigungsprozessen und Arbeitsumgebungen<\/em><br \/>\nGenaue \u00dcberwachung der Abfallstr\u00f6me; Verringerung des Energieverbrauchs in der Fertigung und in den B\u00fcros durch Neu-Organisation der B\u00fcros und der Fertigungsumgebung; Verbesserung des Produktionsstroms durch Implementierung von LEAN-Methoden Das wird den Einfluss des Fertigungsprozesses auf die Umwelt verringern.<\/li>\n<\/ul>\n<ul>\n<li><em>Verbesserung der Umweltleistung von Nooteboom-Anh\u00e4ngern durch Ber\u00fccksichtigung dessen von der ersten Design-Phase an<br \/>\n<\/em>In der Entwicklungsphase eines Anh\u00e4ngers werden immer Anstrengungen unternommen, um intelligentere Designs und Materialverwendungen zu finden, um die Umweltleistung der Nooteboom-Anh\u00e4nger zu verbessern. Einsatz leichterer Materialien und Komponenten; Entwicklung intelligenter Systeme, um den Verschlei\u00df zu verringern; Verl\u00e4ngerung der Betriebslebensdauer durch den Einsatz erstklassiger Materialien und Bau robuster Konstruktionen, die dem Anh\u00e4nger eine l\u00e4ngere Lebensdauer gew\u00e4hren.<\/li>\n<\/ul>\n<p>\n\n<\/div>\n\n<div class=\"vc_read_more print more\">\n\n\t\t\t<p>Nooteboom konzentriert sich auf folgende Aktivit\u00e4ten, um seine Umweltbilanz zu verbessern:<\/p>\n\t\n\t<a href=\"#readmore\" data-less=\"Lese weniger\" data-more=\"Lesen Sie mehr\r\n\" class=\"button\">\n\t\t<em>Lesen Sie mehr\r\n<\/em>\n\t\t<span class=\"fa fa-chevron-right\"><\/span>\n\t<\/a>\n\n<\/div>[\/vc_column][\/vc_row]<\/p>\n<\/div>","protected":false},"excerpt":{"rendered":"[vc_row][vc_column width=&#8220;1\/2&#8243;][vc_column_text]Zuverl\u00e4ssigkeit ist einer der Kernwerte bei Nooteboom. Daher ist die Lieferung von h\u00f6chster Qualit\u00e4t essenziell. Nooteboom macht niemals Zugest\u00e4ndnisse&#8230;","protected":false},"author":45,"featured_media":4056,"parent":8609,"menu_order":4,"comment_status":"closed","ping_status":"closed","template":"","meta":{"_acf_changed":false,"inline_featured_image":false,"footnotes":""},"class_list":["post-8668","page","type-page","status-publish","has-post-thumbnail","hentry"],"acf":[],"yoast_head":"<!-- This site is optimized with the Yoast SEO Premium plugin v25.7.1 (Yoast SEO v25.7) - https:\/\/yoast.com\/wordpress\/plugins\/seo\/ -->\n<title>Qualit\u00e4t und Haltbarkeit | Nooteboom Trailers<\/title>\n<meta name=\"description\" content=\"Zuverl\u00e4ssigkeit ist einer der Kernwerte bei Nooteboom. Daher ist die Lieferung von h\u00f6chster Qualit\u00e4t essenziell.\" \/>\n<meta name=\"robots\" content=\"index, follow, max-snippet:-1, max-image-preview:large, max-video-preview:-1\" \/>\n<link rel=\"canonical\" href=\"https:\/\/www.nooteboom.com\/de\/wer-wir-sind\/qualitaet-und-haltbarkeit\/\" \/>\n<meta property=\"og:locale\" content=\"de_DE\" \/>\n<meta property=\"og:type\" content=\"article\" \/>\n<meta property=\"og:title\" content=\"Qualit\u00e4t und Haltbarkeit\" \/>\n<meta property=\"og:description\" content=\"Zuverl\u00e4ssigkeit ist einer der Kernwerte bei Nooteboom. Daher ist die Lieferung von h\u00f6chster Qualit\u00e4t essenziell.\" \/>\n<meta property=\"og:url\" content=\"https:\/\/www.nooteboom.com\/de\/wer-wir-sind\/qualitaet-und-haltbarkeit\/\" \/>\n<meta property=\"og:site_name\" content=\"Nooteboom Trailers\" \/>\n<meta property=\"article:publisher\" content=\"https:\/\/nl-nl.facebook.com\/nooteboomtrailers\/\" \/>\n<meta property=\"article:modified_time\" content=\"2016-08-10T11:51:47+00:00\" \/>\n<meta property=\"og:image\" content=\"https:\/\/www.nooteboom.com\/wp-content\/uploads\/Quality-and-durability.jpg\" \/>\n\t<meta property=\"og:image:width\" content=\"2500\" \/>\n\t<meta property=\"og:image:height\" content=\"1663\" \/>\n\t<meta property=\"og:image:type\" content=\"image\/jpeg\" \/>\n<meta name=\"twitter:card\" content=\"summary_large_image\" \/>\n<meta name=\"twitter:label1\" content=\"Gesch\u00e4tzte Lesezeit\" \/>\n\t<meta name=\"twitter:data1\" content=\"2\u00a0Minuten\" \/>\n<script type=\"application\/ld+json\" class=\"yoast-schema-graph\">{\"@context\":\"https:\/\/schema.org\",\"@graph\":[{\"@type\":\"WebPage\",\"@id\":\"https:\/\/www.nooteboom.com\/de\/wer-wir-sind\/qualitaet-und-haltbarkeit\/\",\"url\":\"https:\/\/www.nooteboom.com\/de\/wer-wir-sind\/qualitaet-und-haltbarkeit\/\",\"name\":\"Qualit\u00e4t und Haltbarkeit | Nooteboom Trailers\",\"isPartOf\":{\"@id\":\"https:\/\/www.nooteboom.com\/de\/#website\"},\"primaryImageOfPage\":{\"@id\":\"https:\/\/www.nooteboom.com\/de\/wer-wir-sind\/qualitaet-und-haltbarkeit\/#primaryimage\"},\"image\":{\"@id\":\"https:\/\/www.nooteboom.com\/de\/wer-wir-sind\/qualitaet-und-haltbarkeit\/#primaryimage\"},\"thumbnailUrl\":\"https:\/\/www.nooteboom.com\/wp-content\/uploads\/Quality-and-durability.jpg\",\"datePublished\":\"2016-07-28T13:33:46+00:00\",\"dateModified\":\"2016-08-10T11:51:47+00:00\",\"description\":\"Zuverl\u00e4ssigkeit ist einer der Kernwerte bei Nooteboom. Daher ist die Lieferung von h\u00f6chster Qualit\u00e4t essenziell.\",\"breadcrumb\":{\"@id\":\"https:\/\/www.nooteboom.com\/de\/wer-wir-sind\/qualitaet-und-haltbarkeit\/#breadcrumb\"},\"inLanguage\":\"de\",\"potentialAction\":[{\"@type\":\"ReadAction\",\"target\":[\"https:\/\/www.nooteboom.com\/de\/wer-wir-sind\/qualitaet-und-haltbarkeit\/\"]}]},{\"@type\":\"ImageObject\",\"inLanguage\":\"de\",\"@id\":\"https:\/\/www.nooteboom.com\/de\/wer-wir-sind\/qualitaet-und-haltbarkeit\/#primaryimage\",\"url\":\"https:\/\/www.nooteboom.com\/wp-content\/uploads\/Quality-and-durability.jpg\",\"contentUrl\":\"https:\/\/www.nooteboom.com\/wp-content\/uploads\/Quality-and-durability.jpg\",\"width\":2500,\"height\":1663,\"caption\":\"Qualit\u00e4t und Haltbarkeit\"},{\"@type\":\"BreadcrumbList\",\"@id\":\"https:\/\/www.nooteboom.com\/de\/wer-wir-sind\/qualitaet-und-haltbarkeit\/#breadcrumb\",\"itemListElement\":[{\"@type\":\"ListItem\",\"position\":1,\"name\":\"Home\",\"item\":\"https:\/\/www.nooteboom.com\/de\/\"},{\"@type\":\"ListItem\",\"position\":2,\"name\":\"Wer wir sind\",\"item\":\"https:\/\/www.nooteboom.com\/de\/wer-wir-sind\/\"},{\"@type\":\"ListItem\",\"position\":3,\"name\":\"Qualit\u00e4t und Haltbarkeit\"}]},{\"@type\":\"WebSite\",\"@id\":\"https:\/\/www.nooteboom.com\/de\/#website\",\"url\":\"https:\/\/www.nooteboom.com\/de\/\",\"name\":\"Nooteboom Trailers\",\"description\":\"Gets you there.\",\"publisher\":{\"@id\":\"https:\/\/www.nooteboom.com\/de\/#organization\"},\"potentialAction\":[{\"@type\":\"SearchAction\",\"target\":{\"@type\":\"EntryPoint\",\"urlTemplate\":\"https:\/\/www.nooteboom.com\/de\/?s={search_term_string}\"},\"query-input\":{\"@type\":\"PropertyValueSpecification\",\"valueRequired\":true,\"valueName\":\"search_term_string\"}}],\"inLanguage\":\"de\"},{\"@type\":\"Organization\",\"@id\":\"https:\/\/www.nooteboom.com\/de\/#organization\",\"name\":\"Nooteboom Trailers\",\"url\":\"https:\/\/www.nooteboom.com\/de\/\",\"logo\":{\"@type\":\"ImageObject\",\"inLanguage\":\"de\",\"@id\":\"https:\/\/www.nooteboom.com\/de\/#\/schema\/logo\/image\/\",\"url\":\"https:\/\/www.nooteboom.com\/wp-content\/uploads\/logo.png\",\"contentUrl\":\"https:\/\/www.nooteboom.com\/wp-content\/uploads\/logo.png\",\"width\":111,\"height\":66,\"caption\":\"Nooteboom Trailers\"},\"image\":{\"@id\":\"https:\/\/www.nooteboom.com\/de\/#\/schema\/logo\/image\/\"},\"sameAs\":[\"https:\/\/nl-nl.facebook.com\/nooteboomtrailers\/\",\"https:\/\/nl.linkedin.com\/company\/nooteboom-trailers\",\"https:\/\/www.youtube.com\/user\/Nooteboomtrailers\"]}]}<\/script>\n<!-- \/ Yoast SEO Premium plugin. -->","yoast_head_json":{"title":"Qualit\u00e4t und Haltbarkeit | Nooteboom Trailers","description":"Zuverl\u00e4ssigkeit ist einer der Kernwerte bei Nooteboom. Daher ist die Lieferung von h\u00f6chster Qualit\u00e4t essenziell.","robots":{"index":"index","follow":"follow","max-snippet":"max-snippet:-1","max-image-preview":"max-image-preview:large","max-video-preview":"max-video-preview:-1"},"canonical":"https:\/\/www.nooteboom.com\/de\/wer-wir-sind\/qualitaet-und-haltbarkeit\/","og_locale":"de_DE","og_type":"article","og_title":"Qualit\u00e4t und Haltbarkeit","og_description":"Zuverl\u00e4ssigkeit ist einer der Kernwerte bei Nooteboom. Daher ist die Lieferung von h\u00f6chster Qualit\u00e4t essenziell.","og_url":"https:\/\/www.nooteboom.com\/de\/wer-wir-sind\/qualitaet-und-haltbarkeit\/","og_site_name":"Nooteboom Trailers","article_publisher":"https:\/\/nl-nl.facebook.com\/nooteboomtrailers\/","article_modified_time":"2016-08-10T11:51:47+00:00","og_image":[{"width":2500,"height":1663,"url":"https:\/\/www.nooteboom.com\/wp-content\/uploads\/Quality-and-durability.jpg","type":"image\/jpeg"}],"twitter_card":"summary_large_image","twitter_misc":{"Gesch\u00e4tzte Lesezeit":"2\u00a0Minuten"},"schema":{"@context":"https:\/\/schema.org","@graph":[{"@type":"WebPage","@id":"https:\/\/www.nooteboom.com\/de\/wer-wir-sind\/qualitaet-und-haltbarkeit\/","url":"https:\/\/www.nooteboom.com\/de\/wer-wir-sind\/qualitaet-und-haltbarkeit\/","name":"Qualit\u00e4t und Haltbarkeit | Nooteboom Trailers","isPartOf":{"@id":"https:\/\/www.nooteboom.com\/de\/#website"},"primaryImageOfPage":{"@id":"https:\/\/www.nooteboom.com\/de\/wer-wir-sind\/qualitaet-und-haltbarkeit\/#primaryimage"},"image":{"@id":"https:\/\/www.nooteboom.com\/de\/wer-wir-sind\/qualitaet-und-haltbarkeit\/#primaryimage"},"thumbnailUrl":"https:\/\/www.nooteboom.com\/wp-content\/uploads\/Quality-and-durability.jpg","datePublished":"2016-07-28T13:33:46+00:00","dateModified":"2016-08-10T11:51:47+00:00","description":"Zuverl\u00e4ssigkeit ist einer der Kernwerte bei Nooteboom. Daher ist die Lieferung von h\u00f6chster Qualit\u00e4t essenziell.","breadcrumb":{"@id":"https:\/\/www.nooteboom.com\/de\/wer-wir-sind\/qualitaet-und-haltbarkeit\/#breadcrumb"},"inLanguage":"de","potentialAction":[{"@type":"ReadAction","target":["https:\/\/www.nooteboom.com\/de\/wer-wir-sind\/qualitaet-und-haltbarkeit\/"]}]},{"@type":"ImageObject","inLanguage":"de","@id":"https:\/\/www.nooteboom.com\/de\/wer-wir-sind\/qualitaet-und-haltbarkeit\/#primaryimage","url":"https:\/\/www.nooteboom.com\/wp-content\/uploads\/Quality-and-durability.jpg","contentUrl":"https:\/\/www.nooteboom.com\/wp-content\/uploads\/Quality-and-durability.jpg","width":2500,"height":1663,"caption":"Qualit\u00e4t und Haltbarkeit"},{"@type":"BreadcrumbList","@id":"https:\/\/www.nooteboom.com\/de\/wer-wir-sind\/qualitaet-und-haltbarkeit\/#breadcrumb","itemListElement":[{"@type":"ListItem","position":1,"name":"Home","item":"https:\/\/www.nooteboom.com\/de\/"},{"@type":"ListItem","position":2,"name":"Wer wir sind","item":"https:\/\/www.nooteboom.com\/de\/wer-wir-sind\/"},{"@type":"ListItem","position":3,"name":"Qualit\u00e4t und Haltbarkeit"}]},{"@type":"WebSite","@id":"https:\/\/www.nooteboom.com\/de\/#website","url":"https:\/\/www.nooteboom.com\/de\/","name":"Nooteboom Trailers","description":"Gets you there.","publisher":{"@id":"https:\/\/www.nooteboom.com\/de\/#organization"},"potentialAction":[{"@type":"SearchAction","target":{"@type":"EntryPoint","urlTemplate":"https:\/\/www.nooteboom.com\/de\/?s={search_term_string}"},"query-input":{"@type":"PropertyValueSpecification","valueRequired":true,"valueName":"search_term_string"}}],"inLanguage":"de"},{"@type":"Organization","@id":"https:\/\/www.nooteboom.com\/de\/#organization","name":"Nooteboom Trailers","url":"https:\/\/www.nooteboom.com\/de\/","logo":{"@type":"ImageObject","inLanguage":"de","@id":"https:\/\/www.nooteboom.com\/de\/#\/schema\/logo\/image\/","url":"https:\/\/www.nooteboom.com\/wp-content\/uploads\/logo.png","contentUrl":"https:\/\/www.nooteboom.com\/wp-content\/uploads\/logo.png","width":111,"height":66,"caption":"Nooteboom Trailers"},"image":{"@id":"https:\/\/www.nooteboom.com\/de\/#\/schema\/logo\/image\/"},"sameAs":["https:\/\/nl-nl.facebook.com\/nooteboomtrailers\/","https:\/\/nl.linkedin.com\/company\/nooteboom-trailers","https:\/\/www.youtube.com\/user\/Nooteboomtrailers"]}]}},"_links":{"self":[{"href":"https:\/\/www.nooteboom.com\/de\/wp-json\/wp\/v2\/pages\/8668","targetHints":{"allow":["GET"]}}],"collection":[{"href":"https:\/\/www.nooteboom.com\/de\/wp-json\/wp\/v2\/pages"}],"about":[{"href":"https:\/\/www.nooteboom.com\/de\/wp-json\/wp\/v2\/types\/page"}],"author":[{"embeddable":true,"href":"https:\/\/www.nooteboom.com\/de\/wp-json\/wp\/v2\/users\/45"}],"replies":[{"embeddable":true,"href":"https:\/\/www.nooteboom.com\/de\/wp-json\/wp\/v2\/comments?post=8668"}],"version-history":[{"count":6,"href":"https:\/\/www.nooteboom.com\/de\/wp-json\/wp\/v2\/pages\/8668\/revisions"}],"predecessor-version":[{"id":9046,"href":"https:\/\/www.nooteboom.com\/de\/wp-json\/wp\/v2\/pages\/8668\/revisions\/9046"}],"up":[{"embeddable":true,"href":"https:\/\/www.nooteboom.com\/de\/wp-json\/wp\/v2\/pages\/8609"}],"wp:featuredmedia":[{"embeddable":true,"href":"https:\/\/www.nooteboom.com\/de\/wp-json\/wp\/v2\/media\/4056"}],"wp:attachment":[{"href":"https:\/\/www.nooteboom.com\/de\/wp-json\/wp\/v2\/media?parent=8668"}],"curies":[{"name":"wp","href":"https:\/\/api.w.org\/{rel}","templated":true}]}}