{"id":8662,"date":"2016-07-28T15:26:55","date_gmt":"2016-07-28T13:26:55","guid":{"rendered":"https:\/\/www.nooteboom.com\/?page_id=8662&#038;lang=de"},"modified":"2025-07-04T14:27:56","modified_gmt":"2025-07-04T12:27:56","slug":"stahlstrukturen-und-betonelemente","status":"publish","type":"page","link":"https:\/\/www.nooteboom.com\/de\/wer-wir-sind\/maerkte\/stahlstrukturen-und-betonelemente\/","title":{"rendered":"Stahlstrukturen und Betonelemente"},"content":{"rendered":"<div class=\"wpb-content-wrapper\"><p>[vc_row][vc_column width=&#8220;1\/2&#8243;][vc_column_text]Fahrzeuge, die Stahlstrukturen und Betonelemente transportieren, m\u00fcssen spezielle Anforderungen erf\u00fcllen. So sind z. B. besonders feste Rungentaschen und passende Zurrvorrichtungen erforderlich. Manchmal k\u00f6nnen Betonelemente nur an den Enden gest\u00fctzt werden, und in diesen F\u00e4llen erfordern die Ladungen sogar ein verst\u00e4rktes Chassis. F\u00fcr den Transport von Stahlstrukturen und Betonelementen werden oft <a href=\"https:\/\/www.nooteboom.com\/de\/cat\/teletrailers-de\/\">TELETRAILER<\/a>, <a href=\"https:\/\/www.nooteboom.com\/de\/cat\/multitrailers-de\/\">MULTITRAILER <\/a>und <a href=\"https:\/\/www.nooteboom.com\/de\/cat\/megatrailers-de\/\">MEGATRAILER <\/a>eingesetzt.[\/vc_column_text][\/vc_column][vc_column width=&#8220;1\/2&#8243;][vc_video link=&#8220;https:\/\/youtu.be\/AIARzjwlTG0&#8243; align=&#8220;right&#8220;][\/vc_column][\/vc_row][vc_row][vc_column width=&#8220;1\/4&#8243;]<div class=\"vc_teaser\">\n\n\t\n\t\t<div onclick=\"window.location.href='https:\/\/www.nooteboom.com\/de\/cat\/teletrailers-de\/';\" class=\"vc_teaser__inner clickable\">\n\n\t\t\t\t\t\t\t<figure>\n\t\t\t\t\t<img\n\t\t\t\t\t\t\tsrc=\"https:\/\/www.nooteboom.com\/wp-content\/uploads\/Nooteboom_Foto1-500x333.jpg\"\n\t\t\t\t\t\t\talt=\"Stahlstrukturen und Betonelemente\"\n\t\t\t\t\t\t\t\t\t\t\t\t\tsrcset=\"https:\/\/www.nooteboom.com\/wp-content\/uploads\/Nooteboom_Foto1-300x199.jpg 300w,https:\/\/www.nooteboom.com\/wp-content\/uploads\/Nooteboom_Foto1-768x511.jpg 768w,https:\/\/www.nooteboom.com\/wp-content\/uploads\/Nooteboom_Foto1-1024x681.jpg 1024w\"\n\t\t\t\t\t\t\tsizes=\"(max-width: 500px) 100vw, 500px\"\n\t\t\t\t\t\t\t\t\t\t\t>\n\t\t\t\t<\/figure>\n\t\t\t\n\t\t\t\t\t\t\t<a href=\"https:\/\/www.nooteboom.com\/de\/cat\/teletrailers-de\/\" target=\"\"\n\t\t\t\t   title=\"\" class=\"button red\">\n\t\t\t\t\tTeletrailers\t\t\t\t\t<span class=\"fa fa-chevron-right\"><\/span>\n\t\t\t\t<\/a>\n\t\t\t\n\t\t<\/div>\n\n\t\n<\/div>[\/vc_column][vc_column width=&#8220;1\/4&#8243;]<div class=\"vc_teaser\">\n\n\t\n\t\t<div onclick=\"window.location.href='https:\/\/www.nooteboom.com\/de\/cat\/multitrailers-de\/';\" class=\"vc_teaser__inner clickable\">\n\n\t\t\t\t\t\t\t<figure>\n\t\t\t\t\t<img\n\t\t\t\t\t\t\tsrc=\"https:\/\/www.nooteboom.com\/wp-content\/uploads\/DSCN8067-500x333.jpg\"\n\t\t\t\t\t\t\talt=\"Stahlstrukturen und Betonelemente\"\n\t\t\t\t\t\t\t\t\t\t\t\t\tsrcset=\"https:\/\/www.nooteboom.com\/wp-content\/uploads\/DSCN8067-300x199.jpg 300w,https:\/\/www.nooteboom.com\/wp-content\/uploads\/DSCN8067-768x511.jpg 768w,https:\/\/www.nooteboom.com\/wp-content\/uploads\/DSCN8067-1024x681.jpg 1024w\"\n\t\t\t\t\t\t\tsizes=\"(max-width: 500px) 100vw, 500px\"\n\t\t\t\t\t\t\t\t\t\t\t>\n\t\t\t\t<\/figure>\n\t\t\t\n\t\t\t\t\t\t\t<a href=\"https:\/\/www.nooteboom.com\/de\/cat\/multitrailers-de\/\" target=\"\"\n\t\t\t\t   title=\"\" class=\"button red\">\n\t\t\t\t\tMultitrailers\t\t\t\t\t<span class=\"fa fa-chevron-right\"><\/span>\n\t\t\t\t<\/a>\n\t\t\t\n\t\t<\/div>\n\n\t\n<\/div>[\/vc_column][vc_column width=&#8220;1\/4&#8243;]<div class=\"vc_teaser\">\n\n\t\n\t\t<div onclick=\"window.location.href='https:\/\/www.nooteboom.com\/de\/cat\/megatrailers-de\/';\" class=\"vc_teaser__inner clickable\">\n\n\t\t\t\t\t\t\t<figure>\n\t\t\t\t\t<img\n\t\t\t\t\t\t\tsrc=\"https:\/\/www.nooteboom.com\/wp-content\/uploads\/Nooteboom_Foto8-1-500x333.jpg\"\n\t\t\t\t\t\t\talt=\"Stahlstrukturen und Betonelemente\"\n\t\t\t\t\t\t\t\t\t\t\t\t\tsrcset=\"https:\/\/www.nooteboom.com\/wp-content\/uploads\/Nooteboom_Foto8-1-300x199.jpg 300w,https:\/\/www.nooteboom.com\/wp-content\/uploads\/Nooteboom_Foto8-1-768x511.jpg 768w,https:\/\/www.nooteboom.com\/wp-content\/uploads\/Nooteboom_Foto8-1-1024x681.jpg 1024w\"\n\t\t\t\t\t\t\tsizes=\"(max-width: 500px) 100vw, 500px\"\n\t\t\t\t\t\t\t\t\t\t\t>\n\t\t\t\t<\/figure>\n\t\t\t\n\t\t\t\t\t\t\t<a href=\"https:\/\/www.nooteboom.com\/de\/cat\/megatrailers-de\/\" target=\"\"\n\t\t\t\t   title=\"\" class=\"button red\">\n\t\t\t\t\tMegatrailers\t\t\t\t\t<span class=\"fa fa-chevron-right\"><\/span>\n\t\t\t\t<\/a>\n\t\t\t\n\t\t<\/div>\n\n\t\n<\/div>[\/vc_column][vc_column width=&#8220;1\/4&#8243;][\/vc_column][\/vc_row][vc_row][vc_column]\t<div id=\"carousel-69f1cc785e7fc\" class=\"vc_carousel_gallery carousel centered\">\n\n\t\t<div class=\"flexslider-carousel wrapper\">\n\n\t\t\t<ul class=\"slides\">\n\t\t\t\t\t\t\t\t\t\t\t\t\t\t\t<li class=\"carousel__slide\">\n\t\t\t\t\t\t\t<img decoding=\"async\" src=\"https:\/\/www.nooteboom.com\/wp-content\/uploads\/PWI1229-275x195.jpg\" alt=\"\">\n\t\t\t\t\t\t<\/li>\n\t\t\t\t\t\n\t\t\t\t\t\t\t\t\t\t\t\t\t\t\t<li class=\"carousel__slide\">\n\t\t\t\t\t\t\t<img decoding=\"async\" src=\"https:\/\/www.nooteboom.com\/wp-content\/uploads\/Doniz-48-275x195.jpg\" alt=\"\">\n\t\t\t\t\t\t<\/li>\n\t\t\t\t\t\n\t\t\t\t\t\t\t\t\t\t\t\t\t\t\t<li class=\"carousel__slide\">\n\t\t\t\t\t\t\t<img decoding=\"async\" src=\"https:\/\/www.nooteboom.com\/wp-content\/uploads\/DSCN8067-1-275x195.jpg\" alt=\"\">\n\t\t\t\t\t\t<\/li>\n\t\t\t\t\t\n\t\t\t\t\t\t\t\t\t\t\t\t\t\t\t<li class=\"carousel__slide\">\n\t\t\t\t\t\t\t<img decoding=\"async\" src=\"https:\/\/www.nooteboom.com\/wp-content\/uploads\/egtrans_44-275x195.jpg\" alt=\"\">\n\t\t\t\t\t\t<\/li>\n\t\t\t\t\t\n\t\t\t\t\t\t\t\t\t\t\t\t\t\t\t<li class=\"carousel__slide\">\n\t\t\t\t\t\t\t<img decoding=\"async\" src=\"https:\/\/www.nooteboom.com\/wp-content\/uploads\/foto3zte-275x195.jpg\" alt=\"\">\n\t\t\t\t\t\t<\/li>\n\t\t\t\t\t\n\t\t\t\t\t\t\t\t\t\t\t\t\t\t\t<li class=\"carousel__slide\">\n\t\t\t\t\t\t\t<img decoding=\"async\" src=\"https:\/\/www.nooteboom.com\/wp-content\/uploads\/model_1-275x195.jpg\" alt=\"\">\n\t\t\t\t\t\t<\/li>\n\t\t\t\t\t\n\t\t\t\t\t\t\t\t\t\t\t\t\t\t\t<li class=\"carousel__slide\">\n\t\t\t\t\t\t\t<img decoding=\"async\" src=\"https:\/\/www.nooteboom.com\/wp-content\/uploads\/SDTE-2-275x195.jpg\" alt=\"\">\n\t\t\t\t\t\t<\/li>\n\t\t\t\t\t\n\t\t\t\t\t\t\t<\/ul>\n\n\t\t<\/div>\n\n\t<\/div>\n\n\t<script type=\"text\/javascript\">\n\t\tjQuery( document ).ready( function( $ ) {\n\n\t\t\t$( '#carousel-69f1cc785e7fc div.flexslider-carousel' ).flexslider( {\n\t\t\t\tanimation: 'slide',\n\t\t\t\tanimationLoop: false,\n\t\t\t\titemWidth: 275,\n\t\t\t\titemMargin: 0,\n\t\t\t\tminItems: 1,\n\t\t\t\tmaxItems: 4,\n\t\t\t\tmove: 1,\n\t\t\t\tdirectionNav: true,\n\t\t\t\tcontrolNav: false\n\t\t\t} );\n\n\t\t\t$( '#carousel-69f1cc785e7fc .carousel__prev' ).on( 'click', function( event ) {\n\n\t\t\t\tevent.preventDefault();\n\t\t\t\t$( '#carousel-69f1cc785e7fc div.flexslider-carousel' ).flexslider( 'prev' )\n\n\t\t\t} );\n\n\t\t\t$( '#carousel-69f1cc785e7fc .carousel__next' ).on( 'click', function( event ) {\n\n\t\t\t\tevent.preventDefault();\n\t\t\t\t$( '#carousel-69f1cc785e7fc div.flexslider-carousel' ).flexslider( 'next' )\n\n\t\t\t} );\n\n\t\t} );\n\t<\/script>\n\n[\/vc_column][\/vc_row]<\/p>\n<\/div>","protected":false},"excerpt":{"rendered":"[vc_row][vc_column width=&#8220;1\/2&#8243;][vc_column_text]Fahrzeuge, die Stahlstrukturen und Betonelemente transportieren, m\u00fcssen spezielle Anforderungen erf\u00fcllen. So sind z. B. besonders feste Rungentaschen und passende&#8230;","protected":false},"author":45,"featured_media":2607131,"parent":8633,"menu_order":0,"comment_status":"closed","ping_status":"closed","template":"","meta":{"_acf_changed":false,"inline_featured_image":false,"footnotes":""},"class_list":["post-8662","page","type-page","status-publish","has-post-thumbnail","hentry"],"acf":[],"yoast_head":"<!-- This site is optimized with the Yoast SEO Premium plugin v25.7.1 (Yoast SEO v25.7) - https:\/\/yoast.com\/wordpress\/plugins\/seo\/ -->\n<title>Stahlstrukturen und Betonelemente | Nooteboom Trailers<\/title>\n<meta name=\"description\" content=\"Fahrzeuge, die Stahlstrukturen und Betonelemente transportieren, m\u00fcssen spezielle Anforderungen erf\u00fcllen.\" \/>\n<meta name=\"robots\" content=\"index, follow, max-snippet:-1, max-image-preview:large, max-video-preview:-1\" \/>\n<link rel=\"canonical\" href=\"https:\/\/www.nooteboom.com\/de\/wer-wir-sind\/maerkte\/stahlstrukturen-und-betonelemente\/\" \/>\n<meta property=\"og:locale\" content=\"de_DE\" \/>\n<meta property=\"og:type\" content=\"article\" \/>\n<meta property=\"og:title\" content=\"Stahlstrukturen und Betonelemente\" \/>\n<meta property=\"og:description\" content=\"Fahrzeuge, die Stahlstrukturen und Betonelemente transportieren, m\u00fcssen spezielle Anforderungen erf\u00fcllen.\" \/>\n<meta property=\"og:url\" content=\"https:\/\/www.nooteboom.com\/de\/wer-wir-sind\/maerkte\/stahlstrukturen-und-betonelemente\/\" \/>\n<meta property=\"og:site_name\" content=\"Nooteboom Trailers\" \/>\n<meta property=\"article:publisher\" content=\"https:\/\/nl-nl.facebook.com\/nooteboomtrailers\/\" \/>\n<meta property=\"article:modified_time\" content=\"2025-07-04T12:27:56+00:00\" \/>\n<meta property=\"og:image\" content=\"https:\/\/www.nooteboom.com\/wp-content\/uploads\/steel-and-concrete-parts-1-scaled.jpg\" \/>\n\t<meta property=\"og:image:width\" content=\"2048\" \/>\n\t<meta property=\"og:image:height\" content=\"1471\" \/>\n\t<meta property=\"og:image:type\" content=\"image\/jpeg\" \/>\n<meta name=\"twitter:card\" content=\"summary_large_image\" \/>\n<meta name=\"twitter:label1\" content=\"Gesch\u00e4tzte Lesezeit\" \/>\n\t<meta name=\"twitter:data1\" content=\"2\u00a0Minuten\" \/>\n<script type=\"application\/ld+json\" class=\"yoast-schema-graph\">{\"@context\":\"https:\/\/schema.org\",\"@graph\":[{\"@type\":\"WebPage\",\"@id\":\"https:\/\/www.nooteboom.com\/de\/wer-wir-sind\/maerkte\/stahlstrukturen-und-betonelemente\/\",\"url\":\"https:\/\/www.nooteboom.com\/de\/wer-wir-sind\/maerkte\/stahlstrukturen-und-betonelemente\/\",\"name\":\"Stahlstrukturen und Betonelemente | Nooteboom Trailers\",\"isPartOf\":{\"@id\":\"https:\/\/www.nooteboom.com\/de\/#website\"},\"primaryImageOfPage\":{\"@id\":\"https:\/\/www.nooteboom.com\/de\/wer-wir-sind\/maerkte\/stahlstrukturen-und-betonelemente\/#primaryimage\"},\"image\":{\"@id\":\"https:\/\/www.nooteboom.com\/de\/wer-wir-sind\/maerkte\/stahlstrukturen-und-betonelemente\/#primaryimage\"},\"thumbnailUrl\":\"https:\/\/www.nooteboom.com\/wp-content\/uploads\/steel-and-concrete-parts-1-scaled.jpg\",\"datePublished\":\"2016-07-28T13:26:55+00:00\",\"dateModified\":\"2025-07-04T12:27:56+00:00\",\"description\":\"Fahrzeuge, die Stahlstrukturen und Betonelemente transportieren, m\u00fcssen spezielle Anforderungen erf\u00fcllen.\",\"breadcrumb\":{\"@id\":\"https:\/\/www.nooteboom.com\/de\/wer-wir-sind\/maerkte\/stahlstrukturen-und-betonelemente\/#breadcrumb\"},\"inLanguage\":\"de\",\"potentialAction\":[{\"@type\":\"ReadAction\",\"target\":[\"https:\/\/www.nooteboom.com\/de\/wer-wir-sind\/maerkte\/stahlstrukturen-und-betonelemente\/\"]}]},{\"@type\":\"ImageObject\",\"inLanguage\":\"de\",\"@id\":\"https:\/\/www.nooteboom.com\/de\/wer-wir-sind\/maerkte\/stahlstrukturen-und-betonelemente\/#primaryimage\",\"url\":\"https:\/\/www.nooteboom.com\/wp-content\/uploads\/steel-and-concrete-parts-1-scaled.jpg\",\"contentUrl\":\"https:\/\/www.nooteboom.com\/wp-content\/uploads\/steel-and-concrete-parts-1-scaled.jpg\",\"width\":2048,\"height\":1471},{\"@type\":\"BreadcrumbList\",\"@id\":\"https:\/\/www.nooteboom.com\/de\/wer-wir-sind\/maerkte\/stahlstrukturen-und-betonelemente\/#breadcrumb\",\"itemListElement\":[{\"@type\":\"ListItem\",\"position\":1,\"name\":\"Home\",\"item\":\"https:\/\/www.nooteboom.com\/de\/\"},{\"@type\":\"ListItem\",\"position\":2,\"name\":\"Wer wir sind\",\"item\":\"https:\/\/www.nooteboom.com\/de\/wer-wir-sind\/\"},{\"@type\":\"ListItem\",\"position\":3,\"name\":\"M\u00e4rkte\",\"item\":\"https:\/\/www.nooteboom.com\/de\/wer-wir-sind\/maerkte\/\"},{\"@type\":\"ListItem\",\"position\":4,\"name\":\"Stahlstrukturen und Betonelemente\"}]},{\"@type\":\"WebSite\",\"@id\":\"https:\/\/www.nooteboom.com\/de\/#website\",\"url\":\"https:\/\/www.nooteboom.com\/de\/\",\"name\":\"Nooteboom Trailers\",\"description\":\"Gets you there.\",\"publisher\":{\"@id\":\"https:\/\/www.nooteboom.com\/de\/#organization\"},\"potentialAction\":[{\"@type\":\"SearchAction\",\"target\":{\"@type\":\"EntryPoint\",\"urlTemplate\":\"https:\/\/www.nooteboom.com\/de\/?s={search_term_string}\"},\"query-input\":{\"@type\":\"PropertyValueSpecification\",\"valueRequired\":true,\"valueName\":\"search_term_string\"}}],\"inLanguage\":\"de\"},{\"@type\":\"Organization\",\"@id\":\"https:\/\/www.nooteboom.com\/de\/#organization\",\"name\":\"Nooteboom Trailers\",\"url\":\"https:\/\/www.nooteboom.com\/de\/\",\"logo\":{\"@type\":\"ImageObject\",\"inLanguage\":\"de\",\"@id\":\"https:\/\/www.nooteboom.com\/de\/#\/schema\/logo\/image\/\",\"url\":\"https:\/\/www.nooteboom.com\/wp-content\/uploads\/logo.png\",\"contentUrl\":\"https:\/\/www.nooteboom.com\/wp-content\/uploads\/logo.png\",\"width\":111,\"height\":66,\"caption\":\"Nooteboom Trailers\"},\"image\":{\"@id\":\"https:\/\/www.nooteboom.com\/de\/#\/schema\/logo\/image\/\"},\"sameAs\":[\"https:\/\/nl-nl.facebook.com\/nooteboomtrailers\/\",\"https:\/\/nl.linkedin.com\/company\/nooteboom-trailers\",\"https:\/\/www.youtube.com\/user\/Nooteboomtrailers\"]}]}<\/script>\n<!-- \/ Yoast SEO Premium plugin. -->","yoast_head_json":{"title":"Stahlstrukturen und Betonelemente | Nooteboom Trailers","description":"Fahrzeuge, die Stahlstrukturen und Betonelemente transportieren, m\u00fcssen spezielle Anforderungen erf\u00fcllen.","robots":{"index":"index","follow":"follow","max-snippet":"max-snippet:-1","max-image-preview":"max-image-preview:large","max-video-preview":"max-video-preview:-1"},"canonical":"https:\/\/www.nooteboom.com\/de\/wer-wir-sind\/maerkte\/stahlstrukturen-und-betonelemente\/","og_locale":"de_DE","og_type":"article","og_title":"Stahlstrukturen und Betonelemente","og_description":"Fahrzeuge, die Stahlstrukturen und Betonelemente transportieren, m\u00fcssen spezielle Anforderungen erf\u00fcllen.","og_url":"https:\/\/www.nooteboom.com\/de\/wer-wir-sind\/maerkte\/stahlstrukturen-und-betonelemente\/","og_site_name":"Nooteboom Trailers","article_publisher":"https:\/\/nl-nl.facebook.com\/nooteboomtrailers\/","article_modified_time":"2025-07-04T12:27:56+00:00","og_image":[{"width":2048,"height":1471,"url":"https:\/\/www.nooteboom.com\/wp-content\/uploads\/steel-and-concrete-parts-1-scaled.jpg","type":"image\/jpeg"}],"twitter_card":"summary_large_image","twitter_misc":{"Gesch\u00e4tzte Lesezeit":"2\u00a0Minuten"},"schema":{"@context":"https:\/\/schema.org","@graph":[{"@type":"WebPage","@id":"https:\/\/www.nooteboom.com\/de\/wer-wir-sind\/maerkte\/stahlstrukturen-und-betonelemente\/","url":"https:\/\/www.nooteboom.com\/de\/wer-wir-sind\/maerkte\/stahlstrukturen-und-betonelemente\/","name":"Stahlstrukturen und Betonelemente | Nooteboom Trailers","isPartOf":{"@id":"https:\/\/www.nooteboom.com\/de\/#website"},"primaryImageOfPage":{"@id":"https:\/\/www.nooteboom.com\/de\/wer-wir-sind\/maerkte\/stahlstrukturen-und-betonelemente\/#primaryimage"},"image":{"@id":"https:\/\/www.nooteboom.com\/de\/wer-wir-sind\/maerkte\/stahlstrukturen-und-betonelemente\/#primaryimage"},"thumbnailUrl":"https:\/\/www.nooteboom.com\/wp-content\/uploads\/steel-and-concrete-parts-1-scaled.jpg","datePublished":"2016-07-28T13:26:55+00:00","dateModified":"2025-07-04T12:27:56+00:00","description":"Fahrzeuge, die Stahlstrukturen und Betonelemente transportieren, m\u00fcssen spezielle Anforderungen erf\u00fcllen.","breadcrumb":{"@id":"https:\/\/www.nooteboom.com\/de\/wer-wir-sind\/maerkte\/stahlstrukturen-und-betonelemente\/#breadcrumb"},"inLanguage":"de","potentialAction":[{"@type":"ReadAction","target":["https:\/\/www.nooteboom.com\/de\/wer-wir-sind\/maerkte\/stahlstrukturen-und-betonelemente\/"]}]},{"@type":"ImageObject","inLanguage":"de","@id":"https:\/\/www.nooteboom.com\/de\/wer-wir-sind\/maerkte\/stahlstrukturen-und-betonelemente\/#primaryimage","url":"https:\/\/www.nooteboom.com\/wp-content\/uploads\/steel-and-concrete-parts-1-scaled.jpg","contentUrl":"https:\/\/www.nooteboom.com\/wp-content\/uploads\/steel-and-concrete-parts-1-scaled.jpg","width":2048,"height":1471},{"@type":"BreadcrumbList","@id":"https:\/\/www.nooteboom.com\/de\/wer-wir-sind\/maerkte\/stahlstrukturen-und-betonelemente\/#breadcrumb","itemListElement":[{"@type":"ListItem","position":1,"name":"Home","item":"https:\/\/www.nooteboom.com\/de\/"},{"@type":"ListItem","position":2,"name":"Wer wir sind","item":"https:\/\/www.nooteboom.com\/de\/wer-wir-sind\/"},{"@type":"ListItem","position":3,"name":"M\u00e4rkte","item":"https:\/\/www.nooteboom.com\/de\/wer-wir-sind\/maerkte\/"},{"@type":"ListItem","position":4,"name":"Stahlstrukturen und Betonelemente"}]},{"@type":"WebSite","@id":"https:\/\/www.nooteboom.com\/de\/#website","url":"https:\/\/www.nooteboom.com\/de\/","name":"Nooteboom Trailers","description":"Gets you there.","publisher":{"@id":"https:\/\/www.nooteboom.com\/de\/#organization"},"potentialAction":[{"@type":"SearchAction","target":{"@type":"EntryPoint","urlTemplate":"https:\/\/www.nooteboom.com\/de\/?s={search_term_string}"},"query-input":{"@type":"PropertyValueSpecification","valueRequired":true,"valueName":"search_term_string"}}],"inLanguage":"de"},{"@type":"Organization","@id":"https:\/\/www.nooteboom.com\/de\/#organization","name":"Nooteboom Trailers","url":"https:\/\/www.nooteboom.com\/de\/","logo":{"@type":"ImageObject","inLanguage":"de","@id":"https:\/\/www.nooteboom.com\/de\/#\/schema\/logo\/image\/","url":"https:\/\/www.nooteboom.com\/wp-content\/uploads\/logo.png","contentUrl":"https:\/\/www.nooteboom.com\/wp-content\/uploads\/logo.png","width":111,"height":66,"caption":"Nooteboom Trailers"},"image":{"@id":"https:\/\/www.nooteboom.com\/de\/#\/schema\/logo\/image\/"},"sameAs":["https:\/\/nl-nl.facebook.com\/nooteboomtrailers\/","https:\/\/nl.linkedin.com\/company\/nooteboom-trailers","https:\/\/www.youtube.com\/user\/Nooteboomtrailers"]}]}},"_links":{"self":[{"href":"https:\/\/www.nooteboom.com\/de\/wp-json\/wp\/v2\/pages\/8662","targetHints":{"allow":["GET"]}}],"collection":[{"href":"https:\/\/www.nooteboom.com\/de\/wp-json\/wp\/v2\/pages"}],"about":[{"href":"https:\/\/www.nooteboom.com\/de\/wp-json\/wp\/v2\/types\/page"}],"author":[{"embeddable":true,"href":"https:\/\/www.nooteboom.com\/de\/wp-json\/wp\/v2\/users\/45"}],"replies":[{"embeddable":true,"href":"https:\/\/www.nooteboom.com\/de\/wp-json\/wp\/v2\/comments?post=8662"}],"version-history":[{"count":4,"href":"https:\/\/www.nooteboom.com\/de\/wp-json\/wp\/v2\/pages\/8662\/revisions"}],"predecessor-version":[{"id":1201978,"href":"https:\/\/www.nooteboom.com\/de\/wp-json\/wp\/v2\/pages\/8662\/revisions\/1201978"}],"up":[{"embeddable":true,"href":"https:\/\/www.nooteboom.com\/de\/wp-json\/wp\/v2\/pages\/8633"}],"wp:featuredmedia":[{"embeddable":true,"href":"https:\/\/www.nooteboom.com\/de\/wp-json\/wp\/v2\/media\/2607131"}],"wp:attachment":[{"href":"https:\/\/www.nooteboom.com\/de\/wp-json\/wp\/v2\/media?parent=8662"}],"curies":[{"name":"wp","href":"https:\/\/api.w.org\/{rel}","templated":true}]}}