{"id":8660,"date":"2016-07-28T15:26:19","date_gmt":"2016-07-28T13:26:19","guid":{"rendered":"https:\/\/www.nooteboom.com\/?page_id=8660&#038;lang=de"},"modified":"2017-11-09T13:16:27","modified_gmt":"2017-11-09T12:16:27","slug":"strassenbaumaschinen","status":"publish","type":"page","link":"https:\/\/www.nooteboom.com\/de\/wer-wir-sind\/maerkte\/strassenbaumaschinen\/","title":{"rendered":"Stra\u00dfenbaumaschinen"},"content":{"rendered":"<div class=\"wpb-content-wrapper\"><p>[vc_row][vc_column][vc_column_text]Fahrzeuge, die Stra\u00dfenbaumaschinen wie Stra\u00dfenwalzen, Fr\u00e4s- und Asphaltiermaschinen transportieren, m\u00fcssen spezielle Anforderungen erf\u00fcllen. Die hoch konzentrierte Last einer Fr\u00e4smaschine erfordert z. B. eine \u00f6rtliche Verst\u00e4rkung der Ladefl\u00e4che. Mit einer breiten Palette an hydraulischen Rampen, aus denen gew\u00e4hlt werden kann, erfolgt das Laden\/Entladen der verschiedenen Ladungen sehr direkt.<\/p>\n<p>Auf diesem Markt gibt es zahlreiche Stra\u00dfenbauunternehmen, die ihre eigene Ausr\u00fcstung transportieren, und spezialisierte Transportunternehmen, die haupts\u00e4chlich die gr\u00f6\u00dferen und schweren Stra\u00dfenbaumaschinen transportieren. F\u00fcr den Transport von Stra\u00dfenbaumaschinen werden oft <a href=\"https:\/\/www.nooteboom.com\/de\/cat\/supertrailers-de\/\">SUPERTRAILER<\/a>, <a href=\"https:\/\/www.nooteboom.com\/de\/cat\/multitrailers-de\/\">MULTITRAILER<\/a> und <a href=\"https:\/\/www.nooteboom.com\/de\/cat\/eurotrailers-de\/\">EUROTRAILER<\/a> eingesetzt.[\/vc_column_text][\/vc_column][\/vc_row][vc_row][vc_column width=&#8220;1\/4&#8243;]<div class=\"vc_teaser\">\n\n\t\n\t\t<div onclick=\"window.location.href='https:\/\/www.nooteboom.com\/de\/cat\/supertrailers-de\/';\" class=\"vc_teaser__inner clickable\">\n\n\t\t\t\t\t\t\t<figure>\n\t\t\t\t\t<img\n\t\t\t\t\t\t\tsrc=\"https:\/\/www.nooteboom.com\/wp-content\/uploads\/Nooteboom_Foto5-1-e1470650028698-500x333.jpg\"\n\t\t\t\t\t\t\talt=\"Stra\u00dfenbaumaschinen\"\n\t\t\t\t\t\t\t\t\t\t\t\t\tsrcset=\"https:\/\/www.nooteboom.com\/wp-content\/uploads\/Nooteboom_Foto5-1-e1470650028698-300x199.jpg 300w,https:\/\/www.nooteboom.com\/wp-content\/uploads\/Nooteboom_Foto5-1-e1470650028698-768x511.jpg 768w,https:\/\/www.nooteboom.com\/wp-content\/uploads\/Nooteboom_Foto5-1-e1470650028698-1024x681.jpg 1024w\"\n\t\t\t\t\t\t\tsizes=\"(max-width: 500px) 100vw, 500px\"\n\t\t\t\t\t\t\t\t\t\t\t>\n\t\t\t\t<\/figure>\n\t\t\t\n\t\t\t\t\t\t\t<a href=\"https:\/\/www.nooteboom.com\/de\/cat\/supertrailers-de\/\" target=\"\"\n\t\t\t\t   title=\"\" class=\"button red\">\n\t\t\t\t\tSupertrailers\t\t\t\t\t<span class=\"fa fa-chevron-right\"><\/span>\n\t\t\t\t<\/a>\n\t\t\t\n\t\t<\/div>\n\n\t\n<\/div>[\/vc_column][vc_column width=&#8220;1\/4&#8243;]<div class=\"vc_teaser\">\n\n\t\n\t\t<div onclick=\"window.location.href='https:\/\/www.nooteboom.com\/de\/cat\/multitrailers-de\/';\" class=\"vc_teaser__inner clickable\">\n\n\t\t\t\t\t\t\t<figure>\n\t\t\t\t\t<img\n\t\t\t\t\t\t\tsrc=\"https:\/\/www.nooteboom.com\/wp-content\/uploads\/Nooteboom_MPL-6-axle-Manoovr-1-e1470405160779-500x333.jpg\"\n\t\t\t\t\t\t\talt=\"Stra\u00dfenbaumaschinen\"\n\t\t\t\t\t\t\t\t\t\t\t\t\tsrcset=\"https:\/\/www.nooteboom.com\/wp-content\/uploads\/Nooteboom_MPL-6-axle-Manoovr-1-e1470405160779-300x199.jpg 300w,https:\/\/www.nooteboom.com\/wp-content\/uploads\/Nooteboom_MPL-6-axle-Manoovr-1-e1470405160779-768x511.jpg 768w,https:\/\/www.nooteboom.com\/wp-content\/uploads\/Nooteboom_MPL-6-axle-Manoovr-1-e1470405160779-1024x681.jpg 1024w\"\n\t\t\t\t\t\t\tsizes=\"(max-width: 500px) 100vw, 500px\"\n\t\t\t\t\t\t\t\t\t\t\t>\n\t\t\t\t<\/figure>\n\t\t\t\n\t\t\t\t\t\t\t<a href=\"https:\/\/www.nooteboom.com\/de\/cat\/multitrailers-de\/\" target=\"\"\n\t\t\t\t   title=\"\" class=\"button red\">\n\t\t\t\t\tMultitrailers\t\t\t\t\t<span class=\"fa fa-chevron-right\"><\/span>\n\t\t\t\t<\/a>\n\t\t\t\n\t\t<\/div>\n\n\t\n<\/div>[\/vc_column][vc_column width=&#8220;1\/4&#8243;]<div class=\"vc_teaser\">\n\n\t\n\t\t<div onclick=\"window.location.href='https:\/\/www.nooteboom.com\/de\/cat\/eurotrailers-de\/';\" class=\"vc_teaser__inner clickable\">\n\n\t\t\t\t\t\t\t<figure>\n\t\t\t\t\t<img\n\t\t\t\t\t\t\tsrc=\"https:\/\/www.nooteboom.com\/wp-content\/uploads\/Nooteboom-Euro-PX-lowloader-e1471964318109-500x333.jpg\"\n\t\t\t\t\t\t\talt=\"Stra\u00dfenbaumaschinen\"\n\t\t\t\t\t\t\t\t\t\t\t\t\tsrcset=\"https:\/\/www.nooteboom.com\/wp-content\/uploads\/Nooteboom-Euro-PX-lowloader-e1471964318109-300x199.jpg 300w,https:\/\/www.nooteboom.com\/wp-content\/uploads\/Nooteboom-Euro-PX-lowloader-e1471964318109-768x511.jpg 768w,https:\/\/www.nooteboom.com\/wp-content\/uploads\/Nooteboom-Euro-PX-lowloader-e1471964318109-1024x681.jpg 1024w\"\n\t\t\t\t\t\t\tsizes=\"(max-width: 500px) 100vw, 500px\"\n\t\t\t\t\t\t\t\t\t\t\t>\n\t\t\t\t<\/figure>\n\t\t\t\n\t\t\t\t\t\t\t<a href=\"https:\/\/www.nooteboom.com\/de\/cat\/eurotrailers-de\/\" target=\"\"\n\t\t\t\t   title=\"\" class=\"button red\">\n\t\t\t\t\tEurotrailers\t\t\t\t\t<span class=\"fa fa-chevron-right\"><\/span>\n\t\t\t\t<\/a>\n\t\t\t\n\t\t<\/div>\n\n\t\n<\/div>[\/vc_column][vc_column width=&#8220;1\/4&#8243;][\/vc_column][\/vc_row][vc_row][vc_column]\t<div id=\"carousel-69f39e25d3e9f\" class=\"vc_carousel_gallery carousel centered\">\n\n\t\t<div class=\"flexslider-carousel wrapper\">\n\n\t\t\t<ul class=\"slides\">\n\t\t\t\t\t\t\t\t\t\t\t\t\t\t\t<li class=\"carousel__slide\">\n\t\t\t\t\t\t\t<img decoding=\"async\" src=\"https:\/\/www.nooteboom.com\/wp-content\/uploads\/004-1-275x195.jpg\" alt=\"\">\n\t\t\t\t\t\t<\/li>\n\t\t\t\t\t\n\t\t\t\t\t\t\t\t\t\t\t\t\t\t\t<li class=\"carousel__slide\">\n\t\t\t\t\t\t\t<img decoding=\"async\" src=\"https:\/\/www.nooteboom.com\/wp-content\/uploads\/FOTO_22_nov-275x195.jpg\" alt=\"\">\n\t\t\t\t\t\t<\/li>\n\t\t\t\t\t\n\t\t\t\t\t\t\t\t\t\t\t\t\t\t\t<li class=\"carousel__slide\">\n\t\t\t\t\t\t\t<img decoding=\"async\" src=\"\" alt=\"\">\n\t\t\t\t\t\t<\/li>\n\t\t\t\t\t\n\t\t\t\t\t\t\t\t\t\t\t\t\t\t\t<li class=\"carousel__slide\">\n\t\t\t\t\t\t\t<img decoding=\"async\" src=\"https:\/\/www.nooteboom.com\/wp-content\/uploads\/Nooteboom_Foto3a-1-275x195.jpg\" alt=\"\">\n\t\t\t\t\t\t<\/li>\n\t\t\t\t\t\n\t\t\t\t\t\t\t\t\t\t\t\t\t\t\t<li class=\"carousel__slide\">\n\t\t\t\t\t\t\t<img decoding=\"async\" src=\"https:\/\/www.nooteboom.com\/wp-content\/uploads\/WN-JX-59-6-275x195.jpg\" alt=\"\">\n\t\t\t\t\t\t<\/li>\n\t\t\t\t\t\n\t\t\t\t\t\t\t<\/ul>\n\n\t\t<\/div>\n\n\t<\/div>\n\n\t<script type=\"text\/javascript\">\n\t\tjQuery( document ).ready( function( $ ) {\n\n\t\t\t$( '#carousel-69f39e25d3e9f div.flexslider-carousel' ).flexslider( {\n\t\t\t\tanimation: 'slide',\n\t\t\t\tanimationLoop: false,\n\t\t\t\titemWidth: 275,\n\t\t\t\titemMargin: 0,\n\t\t\t\tminItems: 1,\n\t\t\t\tmaxItems: 4,\n\t\t\t\tmove: 1,\n\t\t\t\tdirectionNav: true,\n\t\t\t\tcontrolNav: false\n\t\t\t} );\n\n\t\t\t$( '#carousel-69f39e25d3e9f .carousel__prev' ).on( 'click', function( event ) {\n\n\t\t\t\tevent.preventDefault();\n\t\t\t\t$( '#carousel-69f39e25d3e9f div.flexslider-carousel' ).flexslider( 'prev' )\n\n\t\t\t} );\n\n\t\t\t$( '#carousel-69f39e25d3e9f .carousel__next' ).on( 'click', function( event ) {\n\n\t\t\t\tevent.preventDefault();\n\t\t\t\t$( '#carousel-69f39e25d3e9f div.flexslider-carousel' ).flexslider( 'next' )\n\n\t\t\t} );\n\n\t\t} );\n\t<\/script>\n\n[\/vc_column][\/vc_row]<\/p>\n<\/div>","protected":false},"excerpt":{"rendered":"[vc_row][vc_column][vc_column_text]Fahrzeuge, die Stra\u00dfenbaumaschinen wie Stra\u00dfenwalzen, Fr\u00e4s- und Asphaltiermaschinen transportieren, m\u00fcssen spezielle Anforderungen erf\u00fcllen. Die hoch konzentrierte Last einer Fr\u00e4smaschine erfordert&#8230;","protected":false},"author":45,"featured_media":7056,"parent":8633,"menu_order":0,"comment_status":"closed","ping_status":"closed","template":"","meta":{"_acf_changed":false,"inline_featured_image":false,"footnotes":""},"class_list":["post-8660","page","type-page","status-publish","has-post-thumbnail","hentry"],"acf":[],"yoast_head":"<!-- This site is optimized with the Yoast SEO Premium plugin v25.7.1 (Yoast SEO v25.7) - https:\/\/yoast.com\/wordpress\/plugins\/seo\/ -->\n<title>Stra\u00dfenbaumaschinen | Nooteboom Trailers<\/title>\n<meta name=\"description\" content=\"Fahrzeuge, die Stra\u00dfenbaumaschinen wie Stra\u00dfenwalzen, Fr\u00e4s- und Asphaltiermaschinen transportieren, m\u00fcssen spezielle Anforderungen erf\u00fcllen.\" \/>\n<meta name=\"robots\" content=\"index, follow, max-snippet:-1, max-image-preview:large, max-video-preview:-1\" \/>\n<link rel=\"canonical\" href=\"https:\/\/www.nooteboom.com\/de\/wer-wir-sind\/maerkte\/strassenbaumaschinen\/\" \/>\n<meta property=\"og:locale\" content=\"de_DE\" \/>\n<meta property=\"og:type\" content=\"article\" \/>\n<meta property=\"og:title\" content=\"Stra\u00dfenbaumaschinen\" \/>\n<meta property=\"og:description\" content=\"Fahrzeuge, die Stra\u00dfenbaumaschinen wie Stra\u00dfenwalzen, Fr\u00e4s- und Asphaltiermaschinen transportieren, m\u00fcssen spezielle Anforderungen erf\u00fcllen.\" \/>\n<meta property=\"og:url\" content=\"https:\/\/www.nooteboom.com\/de\/wer-wir-sind\/maerkte\/strassenbaumaschinen\/\" \/>\n<meta property=\"og:site_name\" content=\"Nooteboom Trailers\" \/>\n<meta property=\"article:publisher\" content=\"https:\/\/nl-nl.facebook.com\/nooteboomtrailers\/\" \/>\n<meta property=\"article:modified_time\" content=\"2017-11-09T12:16:27+00:00\" \/>\n<meta property=\"og:image\" content=\"https:\/\/www.nooteboom.com\/wp-content\/uploads\/roadconstructionmachinery.jpg\" \/>\n\t<meta property=\"og:image:width\" content=\"2500\" \/>\n\t<meta property=\"og:image:height\" content=\"1667\" \/>\n\t<meta property=\"og:image:type\" content=\"image\/jpeg\" \/>\n<meta name=\"twitter:card\" content=\"summary_large_image\" \/>\n<meta name=\"twitter:label1\" content=\"Gesch\u00e4tzte Lesezeit\" \/>\n\t<meta name=\"twitter:data1\" content=\"1\u00a0Minute\" \/>\n<script type=\"application\/ld+json\" class=\"yoast-schema-graph\">{\"@context\":\"https:\/\/schema.org\",\"@graph\":[{\"@type\":\"WebPage\",\"@id\":\"https:\/\/www.nooteboom.com\/de\/wer-wir-sind\/maerkte\/strassenbaumaschinen\/\",\"url\":\"https:\/\/www.nooteboom.com\/de\/wer-wir-sind\/maerkte\/strassenbaumaschinen\/\",\"name\":\"Stra\u00dfenbaumaschinen | Nooteboom Trailers\",\"isPartOf\":{\"@id\":\"https:\/\/www.nooteboom.com\/de\/#website\"},\"primaryImageOfPage\":{\"@id\":\"https:\/\/www.nooteboom.com\/de\/wer-wir-sind\/maerkte\/strassenbaumaschinen\/#primaryimage\"},\"image\":{\"@id\":\"https:\/\/www.nooteboom.com\/de\/wer-wir-sind\/maerkte\/strassenbaumaschinen\/#primaryimage\"},\"thumbnailUrl\":\"https:\/\/www.nooteboom.com\/wp-content\/uploads\/roadconstructionmachinery.jpg\",\"datePublished\":\"2016-07-28T13:26:19+00:00\",\"dateModified\":\"2017-11-09T12:16:27+00:00\",\"description\":\"Fahrzeuge, die Stra\u00dfenbaumaschinen wie Stra\u00dfenwalzen, Fr\u00e4s- und Asphaltiermaschinen transportieren, m\u00fcssen spezielle Anforderungen erf\u00fcllen.\",\"breadcrumb\":{\"@id\":\"https:\/\/www.nooteboom.com\/de\/wer-wir-sind\/maerkte\/strassenbaumaschinen\/#breadcrumb\"},\"inLanguage\":\"de\",\"potentialAction\":[{\"@type\":\"ReadAction\",\"target\":[\"https:\/\/www.nooteboom.com\/de\/wer-wir-sind\/maerkte\/strassenbaumaschinen\/\"]}]},{\"@type\":\"ImageObject\",\"inLanguage\":\"de\",\"@id\":\"https:\/\/www.nooteboom.com\/de\/wer-wir-sind\/maerkte\/strassenbaumaschinen\/#primaryimage\",\"url\":\"https:\/\/www.nooteboom.com\/wp-content\/uploads\/roadconstructionmachinery.jpg\",\"contentUrl\":\"https:\/\/www.nooteboom.com\/wp-content\/uploads\/roadconstructionmachinery.jpg\",\"width\":2500,\"height\":1667,\"caption\":\"strassenbaumaschinen\"},{\"@type\":\"BreadcrumbList\",\"@id\":\"https:\/\/www.nooteboom.com\/de\/wer-wir-sind\/maerkte\/strassenbaumaschinen\/#breadcrumb\",\"itemListElement\":[{\"@type\":\"ListItem\",\"position\":1,\"name\":\"Home\",\"item\":\"https:\/\/www.nooteboom.com\/de\/\"},{\"@type\":\"ListItem\",\"position\":2,\"name\":\"Wer wir sind\",\"item\":\"https:\/\/www.nooteboom.com\/de\/wer-wir-sind\/\"},{\"@type\":\"ListItem\",\"position\":3,\"name\":\"M\u00e4rkte\",\"item\":\"https:\/\/www.nooteboom.com\/de\/wer-wir-sind\/maerkte\/\"},{\"@type\":\"ListItem\",\"position\":4,\"name\":\"Stra\u00dfenbaumaschinen\"}]},{\"@type\":\"WebSite\",\"@id\":\"https:\/\/www.nooteboom.com\/de\/#website\",\"url\":\"https:\/\/www.nooteboom.com\/de\/\",\"name\":\"Nooteboom Trailers\",\"description\":\"Gets you there.\",\"publisher\":{\"@id\":\"https:\/\/www.nooteboom.com\/de\/#organization\"},\"potentialAction\":[{\"@type\":\"SearchAction\",\"target\":{\"@type\":\"EntryPoint\",\"urlTemplate\":\"https:\/\/www.nooteboom.com\/de\/?s={search_term_string}\"},\"query-input\":{\"@type\":\"PropertyValueSpecification\",\"valueRequired\":true,\"valueName\":\"search_term_string\"}}],\"inLanguage\":\"de\"},{\"@type\":\"Organization\",\"@id\":\"https:\/\/www.nooteboom.com\/de\/#organization\",\"name\":\"Nooteboom Trailers\",\"url\":\"https:\/\/www.nooteboom.com\/de\/\",\"logo\":{\"@type\":\"ImageObject\",\"inLanguage\":\"de\",\"@id\":\"https:\/\/www.nooteboom.com\/de\/#\/schema\/logo\/image\/\",\"url\":\"https:\/\/www.nooteboom.com\/wp-content\/uploads\/logo.png\",\"contentUrl\":\"https:\/\/www.nooteboom.com\/wp-content\/uploads\/logo.png\",\"width\":111,\"height\":66,\"caption\":\"Nooteboom Trailers\"},\"image\":{\"@id\":\"https:\/\/www.nooteboom.com\/de\/#\/schema\/logo\/image\/\"},\"sameAs\":[\"https:\/\/nl-nl.facebook.com\/nooteboomtrailers\/\",\"https:\/\/nl.linkedin.com\/company\/nooteboom-trailers\",\"https:\/\/www.youtube.com\/user\/Nooteboomtrailers\"]}]}<\/script>\n<!-- \/ Yoast SEO Premium plugin. -->","yoast_head_json":{"title":"Stra\u00dfenbaumaschinen | Nooteboom Trailers","description":"Fahrzeuge, die Stra\u00dfenbaumaschinen wie Stra\u00dfenwalzen, Fr\u00e4s- und Asphaltiermaschinen transportieren, m\u00fcssen spezielle Anforderungen erf\u00fcllen.","robots":{"index":"index","follow":"follow","max-snippet":"max-snippet:-1","max-image-preview":"max-image-preview:large","max-video-preview":"max-video-preview:-1"},"canonical":"https:\/\/www.nooteboom.com\/de\/wer-wir-sind\/maerkte\/strassenbaumaschinen\/","og_locale":"de_DE","og_type":"article","og_title":"Stra\u00dfenbaumaschinen","og_description":"Fahrzeuge, die Stra\u00dfenbaumaschinen wie Stra\u00dfenwalzen, Fr\u00e4s- und Asphaltiermaschinen transportieren, m\u00fcssen spezielle Anforderungen erf\u00fcllen.","og_url":"https:\/\/www.nooteboom.com\/de\/wer-wir-sind\/maerkte\/strassenbaumaschinen\/","og_site_name":"Nooteboom Trailers","article_publisher":"https:\/\/nl-nl.facebook.com\/nooteboomtrailers\/","article_modified_time":"2017-11-09T12:16:27+00:00","og_image":[{"width":2500,"height":1667,"url":"https:\/\/www.nooteboom.com\/wp-content\/uploads\/roadconstructionmachinery.jpg","type":"image\/jpeg"}],"twitter_card":"summary_large_image","twitter_misc":{"Gesch\u00e4tzte Lesezeit":"1\u00a0Minute"},"schema":{"@context":"https:\/\/schema.org","@graph":[{"@type":"WebPage","@id":"https:\/\/www.nooteboom.com\/de\/wer-wir-sind\/maerkte\/strassenbaumaschinen\/","url":"https:\/\/www.nooteboom.com\/de\/wer-wir-sind\/maerkte\/strassenbaumaschinen\/","name":"Stra\u00dfenbaumaschinen | Nooteboom Trailers","isPartOf":{"@id":"https:\/\/www.nooteboom.com\/de\/#website"},"primaryImageOfPage":{"@id":"https:\/\/www.nooteboom.com\/de\/wer-wir-sind\/maerkte\/strassenbaumaschinen\/#primaryimage"},"image":{"@id":"https:\/\/www.nooteboom.com\/de\/wer-wir-sind\/maerkte\/strassenbaumaschinen\/#primaryimage"},"thumbnailUrl":"https:\/\/www.nooteboom.com\/wp-content\/uploads\/roadconstructionmachinery.jpg","datePublished":"2016-07-28T13:26:19+00:00","dateModified":"2017-11-09T12:16:27+00:00","description":"Fahrzeuge, die Stra\u00dfenbaumaschinen wie Stra\u00dfenwalzen, Fr\u00e4s- und Asphaltiermaschinen transportieren, m\u00fcssen spezielle Anforderungen erf\u00fcllen.","breadcrumb":{"@id":"https:\/\/www.nooteboom.com\/de\/wer-wir-sind\/maerkte\/strassenbaumaschinen\/#breadcrumb"},"inLanguage":"de","potentialAction":[{"@type":"ReadAction","target":["https:\/\/www.nooteboom.com\/de\/wer-wir-sind\/maerkte\/strassenbaumaschinen\/"]}]},{"@type":"ImageObject","inLanguage":"de","@id":"https:\/\/www.nooteboom.com\/de\/wer-wir-sind\/maerkte\/strassenbaumaschinen\/#primaryimage","url":"https:\/\/www.nooteboom.com\/wp-content\/uploads\/roadconstructionmachinery.jpg","contentUrl":"https:\/\/www.nooteboom.com\/wp-content\/uploads\/roadconstructionmachinery.jpg","width":2500,"height":1667,"caption":"strassenbaumaschinen"},{"@type":"BreadcrumbList","@id":"https:\/\/www.nooteboom.com\/de\/wer-wir-sind\/maerkte\/strassenbaumaschinen\/#breadcrumb","itemListElement":[{"@type":"ListItem","position":1,"name":"Home","item":"https:\/\/www.nooteboom.com\/de\/"},{"@type":"ListItem","position":2,"name":"Wer wir sind","item":"https:\/\/www.nooteboom.com\/de\/wer-wir-sind\/"},{"@type":"ListItem","position":3,"name":"M\u00e4rkte","item":"https:\/\/www.nooteboom.com\/de\/wer-wir-sind\/maerkte\/"},{"@type":"ListItem","position":4,"name":"Stra\u00dfenbaumaschinen"}]},{"@type":"WebSite","@id":"https:\/\/www.nooteboom.com\/de\/#website","url":"https:\/\/www.nooteboom.com\/de\/","name":"Nooteboom Trailers","description":"Gets you there.","publisher":{"@id":"https:\/\/www.nooteboom.com\/de\/#organization"},"potentialAction":[{"@type":"SearchAction","target":{"@type":"EntryPoint","urlTemplate":"https:\/\/www.nooteboom.com\/de\/?s={search_term_string}"},"query-input":{"@type":"PropertyValueSpecification","valueRequired":true,"valueName":"search_term_string"}}],"inLanguage":"de"},{"@type":"Organization","@id":"https:\/\/www.nooteboom.com\/de\/#organization","name":"Nooteboom Trailers","url":"https:\/\/www.nooteboom.com\/de\/","logo":{"@type":"ImageObject","inLanguage":"de","@id":"https:\/\/www.nooteboom.com\/de\/#\/schema\/logo\/image\/","url":"https:\/\/www.nooteboom.com\/wp-content\/uploads\/logo.png","contentUrl":"https:\/\/www.nooteboom.com\/wp-content\/uploads\/logo.png","width":111,"height":66,"caption":"Nooteboom Trailers"},"image":{"@id":"https:\/\/www.nooteboom.com\/de\/#\/schema\/logo\/image\/"},"sameAs":["https:\/\/nl-nl.facebook.com\/nooteboomtrailers\/","https:\/\/nl.linkedin.com\/company\/nooteboom-trailers","https:\/\/www.youtube.com\/user\/Nooteboomtrailers"]}]}},"_links":{"self":[{"href":"https:\/\/www.nooteboom.com\/de\/wp-json\/wp\/v2\/pages\/8660","targetHints":{"allow":["GET"]}}],"collection":[{"href":"https:\/\/www.nooteboom.com\/de\/wp-json\/wp\/v2\/pages"}],"about":[{"href":"https:\/\/www.nooteboom.com\/de\/wp-json\/wp\/v2\/types\/page"}],"author":[{"embeddable":true,"href":"https:\/\/www.nooteboom.com\/de\/wp-json\/wp\/v2\/users\/45"}],"replies":[{"embeddable":true,"href":"https:\/\/www.nooteboom.com\/de\/wp-json\/wp\/v2\/comments?post=8660"}],"version-history":[{"count":4,"href":"https:\/\/www.nooteboom.com\/de\/wp-json\/wp\/v2\/pages\/8660\/revisions"}],"predecessor-version":[{"id":9063,"href":"https:\/\/www.nooteboom.com\/de\/wp-json\/wp\/v2\/pages\/8660\/revisions\/9063"}],"up":[{"embeddable":true,"href":"https:\/\/www.nooteboom.com\/de\/wp-json\/wp\/v2\/pages\/8633"}],"wp:featuredmedia":[{"embeddable":true,"href":"https:\/\/www.nooteboom.com\/de\/wp-json\/wp\/v2\/media\/7056"}],"wp:attachment":[{"href":"https:\/\/www.nooteboom.com\/de\/wp-json\/wp\/v2\/media?parent=8660"}],"curies":[{"name":"wp","href":"https:\/\/api.w.org\/{rel}","templated":true}]}}