{"id":8639,"date":"2016-07-28T14:19:51","date_gmt":"2016-07-28T12:19:51","guid":{"rendered":"https:\/\/www.nooteboom.com\/?page_id=8639&#038;lang=de"},"modified":"2017-11-09T13:18:13","modified_gmt":"2017-11-09T12:18:13","slug":"kranbauteile","status":"publish","type":"page","link":"https:\/\/www.nooteboom.com\/de\/wer-wir-sind\/maerkte\/kranbauteile\/","title":{"rendered":"Kranbauteile"},"content":{"rendered":"<div class=\"wpb-content-wrapper\"><p>[vc_row][vc_column][vc_column_text]Seit den 80er Jahre bietet Nooteboom spezifische L\u00f6sungen f\u00fcr den Transport von Kranbauteilen einschlie\u00dflich Ballast. Mit der Einf\u00fchrung des Ballasttrailers in den Niederlanden im Jahre 1985 hat Nooteboom den Transport auf dem Markt f\u00fcr den Kranverleih ein f\u00fcr alle Mal ver\u00e4ndert.<\/p>\n<p>Im Laufe der Jahre dehnte Nooteboom dieses effiziente Transportkonzept so aus, da\u00df es heute von zahlreichen europ\u00e4ischen L\u00e4ndern \u00fcbernommen wurde. F\u00fcr den Transport von Kranbauteilen werden oft <a href=\"https:\/\/www.nooteboom.com\/de\/cat\/teletrailers-de\/\">TELETRAILER <\/a>und <a href=\"https:\/\/www.nooteboom.com\/de\/cat\/multitrailers-de\/\">MULTITRAILER <\/a>eingesetzt.[\/vc_column_text][\/vc_column][\/vc_row][vc_row][vc_column width=&#8220;1\/3&#8243;]<div class=\"vc_teaser\">\n\n\t\n\t\t<div onclick=\"window.location.href='https:\/\/www.nooteboom.com\/de\/cat\/teletrailers-de\/';\" class=\"vc_teaser__inner clickable\">\n\n\t\t\t\t\t\t\t<figure>\n\t\t\t\t\t<img\n\t\t\t\t\t\t\tsrc=\"https:\/\/www.nooteboom.com\/wp-content\/uploads\/Nooteboom-Ballasttrailer-7-axlevolvo6x4-500x333.jpg\"\n\t\t\t\t\t\t\talt=\"Kranbauteile\"\n\t\t\t\t\t\t\t\t\t\t\t\t\tsrcset=\"https:\/\/www.nooteboom.com\/wp-content\/uploads\/Nooteboom-Ballasttrailer-7-axlevolvo6x4-300x199.jpg 300w,https:\/\/www.nooteboom.com\/wp-content\/uploads\/Nooteboom-Ballasttrailer-7-axlevolvo6x4-768x511.jpg 768w,https:\/\/www.nooteboom.com\/wp-content\/uploads\/Nooteboom-Ballasttrailer-7-axlevolvo6x4-1024x681.jpg 1024w\"\n\t\t\t\t\t\t\tsizes=\"(max-width: 500px) 100vw, 500px\"\n\t\t\t\t\t\t\t\t\t\t\t>\n\t\t\t\t<\/figure>\n\t\t\t\n\t\t\t\t\t\t\t<a href=\"https:\/\/www.nooteboom.com\/de\/cat\/teletrailers-de\/\" target=\"\"\n\t\t\t\t   title=\"\" class=\"button red\">\n\t\t\t\t\tTeletrailers\t\t\t\t\t<span class=\"fa fa-chevron-right\"><\/span>\n\t\t\t\t<\/a>\n\t\t\t\n\t\t<\/div>\n\n\t\n<\/div>[\/vc_column][vc_column width=&#8220;1\/3&#8243;]<div class=\"vc_teaser\">\n\n\t\n\t\t<div onclick=\"window.location.href='https:\/\/www.nooteboom.com\/de\/cat\/multitrailers-de\/';\" class=\"vc_teaser__inner clickable\">\n\n\t\t\t\t\t\t\t<figure>\n\t\t\t\t\t<img\n\t\t\t\t\t\t\tsrc=\"https:\/\/www.nooteboom.com\/wp-content\/uploads\/Nooteboom_Foto4-500x333.jpg\"\n\t\t\t\t\t\t\talt=\"Kranbauteile\"\n\t\t\t\t\t\t\t\t\t\t\t\t\tsrcset=\"https:\/\/www.nooteboom.com\/wp-content\/uploads\/Nooteboom_Foto4-300x199.jpg 300w,https:\/\/www.nooteboom.com\/wp-content\/uploads\/Nooteboom_Foto4-768x511.jpg 768w,https:\/\/www.nooteboom.com\/wp-content\/uploads\/Nooteboom_Foto4-1024x681.jpg 1024w\"\n\t\t\t\t\t\t\tsizes=\"(max-width: 500px) 100vw, 500px\"\n\t\t\t\t\t\t\t\t\t\t\t>\n\t\t\t\t<\/figure>\n\t\t\t\n\t\t\t\t\t\t\t<a href=\"https:\/\/www.nooteboom.com\/de\/cat\/multitrailers-de\/\" target=\"\"\n\t\t\t\t   title=\"\" class=\"button red\">\n\t\t\t\t\tMultitrailers\t\t\t\t\t<span class=\"fa fa-chevron-right\"><\/span>\n\t\t\t\t<\/a>\n\t\t\t\n\t\t<\/div>\n\n\t\n<\/div>[\/vc_column][vc_column width=&#8220;1\/3&#8243;][\/vc_column][\/vc_row][vc_row][vc_column]\t<div id=\"carousel-69ddef9ab2f92\" class=\"vc_carousel_gallery carousel centered\">\n\n\t\t<div class=\"flexslider-carousel wrapper\">\n\n\t\t\t<ul class=\"slides\">\n\t\t\t\t\t\t\t\t\t\t\t\t\t\t\t<li class=\"carousel__slide\">\n\t\t\t\t\t\t\t<img decoding=\"async\" src=\"\" alt=\"\">\n\t\t\t\t\t\t<\/li>\n\t\t\t\t\t\n\t\t\t\t\t\t\t\t\t\t\t\t\t\t\t<li class=\"carousel__slide\">\n\t\t\t\t\t\t\t<img decoding=\"async\" src=\"https:\/\/www.nooteboom.com\/wp-content\/uploads\/004-275x195.jpg\" alt=\"\">\n\t\t\t\t\t\t<\/li>\n\t\t\t\t\t\n\t\t\t\t\t\t\t\t\t\t\t\t\t\t\t<li class=\"carousel__slide\">\n\t\t\t\t\t\t\t<img decoding=\"async\" src=\"https:\/\/www.nooteboom.com\/wp-content\/uploads\/Brame_S32_2009_038-275x195.jpg\" alt=\"\">\n\t\t\t\t\t\t<\/li>\n\t\t\t\t\t\n\t\t\t\t\t\t\t\t\t\t\t\t\t\t\t<li class=\"carousel__slide\">\n\t\t\t\t\t\t\t<img decoding=\"async\" src=\"https:\/\/www.nooteboom.com\/wp-content\/uploads\/BV-XG-0140-2-bewerkt-275x195.jpg\" alt=\"\">\n\t\t\t\t\t\t<\/li>\n\t\t\t\t\t\n\t\t\t\t\t\t\t\t\t\t\t\t\t\t\t<li class=\"carousel__slide\">\n\t\t\t\t\t\t\t<img decoding=\"async\" src=\"https:\/\/www.nooteboom.com\/wp-content\/uploads\/DSC_0338-2-275x195.jpg\" alt=\"\">\n\t\t\t\t\t\t<\/li>\n\t\t\t\t\t\n\t\t\t\t\t\t\t\t\t\t\t\t\t\t\t<li class=\"carousel__slide\">\n\t\t\t\t\t\t\t<img decoding=\"async\" src=\"https:\/\/www.nooteboom.com\/wp-content\/uploads\/DSC_0344-Malcolm-Muir-2016-275x195.jpg\" alt=\"\">\n\t\t\t\t\t\t<\/li>\n\t\t\t\t\t\n\t\t\t\t\t\t\t\t\t\t\t\t\t\t\t<li class=\"carousel__slide\">\n\t\t\t\t\t\t\t<img decoding=\"async\" src=\"https:\/\/www.nooteboom.com\/wp-content\/uploads\/DSC_1872-275x195.jpg\" alt=\"\">\n\t\t\t\t\t\t<\/li>\n\t\t\t\t\t\n\t\t\t\t\t\t\t\t\t\t\t\t\t\t\t<li class=\"carousel__slide\">\n\t\t\t\t\t\t\t<img decoding=\"async\" src=\"https:\/\/www.nooteboom.com\/wp-content\/uploads\/FOTO_18_sept-275x195.jpg\" alt=\"\">\n\t\t\t\t\t\t<\/li>\n\t\t\t\t\t\n\t\t\t\t\t\t\t\t\t\t\t\t\t\t\t<li class=\"carousel__slide\">\n\t\t\t\t\t\t\t<img decoding=\"async\" src=\"https:\/\/www.nooteboom.com\/wp-content\/uploads\/foto_dec-cargocranes-275x195.jpg\" alt=\"\">\n\t\t\t\t\t\t<\/li>\n\t\t\t\t\t\n\t\t\t\t\t\t\t\t\t\t\t\t\t\t\t<li class=\"carousel__slide\">\n\t\t\t\t\t\t\t<img decoding=\"async\" src=\"https:\/\/www.nooteboom.com\/wp-content\/uploads\/foto7gruber-275x195.jpg\" alt=\"\">\n\t\t\t\t\t\t<\/li>\n\t\t\t\t\t\n\t\t\t\t\t\t\t\t\t\t\t\t\t\t\t<li class=\"carousel__slide\">\n\t\t\t\t\t\t\t<img decoding=\"async\" src=\"https:\/\/www.nooteboom.com\/wp-content\/uploads\/HSMS-Scania-R-620-4achs-NEEB-DSC_0722-Kopie-275x195.jpg\" alt=\"\">\n\t\t\t\t\t\t<\/li>\n\t\t\t\t\t\n\t\t\t\t\t\t\t\t\t\t\t\t\t\t\t<li class=\"carousel__slide\">\n\t\t\t\t\t\t\t<img decoding=\"async\" src=\"https:\/\/www.nooteboom.com\/wp-content\/uploads\/IMG_2044Nooteboom-calender-2014._-275x195.jpg\" alt=\"\">\n\t\t\t\t\t\t<\/li>\n\t\t\t\t\t\n\t\t\t\t\t\t\t\t\t\t\t\t\t\t\t<li class=\"carousel__slide\">\n\t\t\t\t\t\t\t<img decoding=\"async\" src=\"https:\/\/www.nooteboom.com\/wp-content\/uploads\/MULTI-PX-7-axle-Schulte-STEIL-7achs-DSC_4586-kopie-275x195.jpg\" alt=\"\">\n\t\t\t\t\t\t<\/li>\n\t\t\t\t\t\n\t\t\t\t\t\t\t\t\t\t\t\t\t\t\t<li class=\"carousel__slide\">\n\t\t\t\t\t\t\t<img decoding=\"async\" src=\"https:\/\/www.nooteboom.com\/wp-content\/uploads\/Nooteboom-MCO-PX-6-axle-with-2-axle-Multidolly-OL-UW581181-275x195.jpg\" alt=\"\">\n\t\t\t\t\t\t<\/li>\n\t\t\t\t\t\n\t\t\t\t\t\t\t\t\t\t\t\t\t\t\t<li class=\"carousel__slide\">\n\t\t\t\t\t\t\t<img decoding=\"async\" src=\"https:\/\/www.nooteboom.com\/wp-content\/uploads\/Nooteboom_Foto4a-1-275x195.jpg\" alt=\"\">\n\t\t\t\t\t\t<\/li>\n\t\t\t\t\t\n\t\t\t\t\t\t\t\t\t\t\t\t\t\t\t<li class=\"carousel__slide\">\n\t\t\t\t\t\t\t<img decoding=\"async\" src=\"https:\/\/www.nooteboom.com\/wp-content\/uploads\/Nooteboom_Foto8-2-275x195.jpg\" alt=\"\">\n\t\t\t\t\t\t<\/li>\n\t\t\t\t\t\n\t\t\t\t\t\t\t\t\t\t\t\t\t\t\t<li class=\"carousel__slide\">\n\t\t\t\t\t\t\t<img decoding=\"async\" src=\"https:\/\/www.nooteboom.com\/wp-content\/uploads\/Nooteboom_iPhonebeeld004-2-275x195.jpg\" alt=\"\">\n\t\t\t\t\t\t<\/li>\n\t\t\t\t\t\n\t\t\t\t\t\t\t\t\t\t\t\t\t\t\t<li class=\"carousel__slide\">\n\t\t\t\t\t\t\t<img decoding=\"async\" src=\"https:\/\/www.nooteboom.com\/wp-content\/uploads\/P1020138-275x195.jpg\" alt=\"\">\n\t\t\t\t\t\t<\/li>\n\t\t\t\t\t\n\t\t\t\t\t\t\t\t\t\t\t\t\t\t\t<li class=\"carousel__slide\">\n\t\t\t\t\t\t\t<img decoding=\"async\" src=\"https:\/\/www.nooteboom.com\/wp-content\/uploads\/Schulte-Seibersbach-DSC_0892-Kopie01-275x195.jpg\" alt=\"\">\n\t\t\t\t\t\t<\/li>\n\t\t\t\t\t\n\t\t\t\t\t\t\t<\/ul>\n\n\t\t<\/div>\n\n\t<\/div>\n\n\t<script type=\"text\/javascript\">\n\t\tjQuery( document ).ready( function( $ ) {\n\n\t\t\t$( '#carousel-69ddef9ab2f92 div.flexslider-carousel' ).flexslider( {\n\t\t\t\tanimation: 'slide',\n\t\t\t\tanimationLoop: false,\n\t\t\t\titemWidth: 275,\n\t\t\t\titemMargin: 0,\n\t\t\t\tminItems: 1,\n\t\t\t\tmaxItems: 4,\n\t\t\t\tmove: 1,\n\t\t\t\tdirectionNav: true,\n\t\t\t\tcontrolNav: false\n\t\t\t} );\n\n\t\t\t$( '#carousel-69ddef9ab2f92 .carousel__prev' ).on( 'click', function( event ) {\n\n\t\t\t\tevent.preventDefault();\n\t\t\t\t$( '#carousel-69ddef9ab2f92 div.flexslider-carousel' ).flexslider( 'prev' )\n\n\t\t\t} );\n\n\t\t\t$( '#carousel-69ddef9ab2f92 .carousel__next' ).on( 'click', function( event ) {\n\n\t\t\t\tevent.preventDefault();\n\t\t\t\t$( '#carousel-69ddef9ab2f92 div.flexslider-carousel' ).flexslider( 'next' )\n\n\t\t\t} );\n\n\t\t} );\n\t<\/script>\n\n[\/vc_column][\/vc_row]<\/p>\n<\/div>","protected":false},"excerpt":{"rendered":"[vc_row][vc_column][vc_column_text]Seit den 80er Jahre bietet Nooteboom spezifische L\u00f6sungen f\u00fcr den Transport von Kranbauteilen einschlie\u00dflich Ballast. Mit der Einf\u00fchrung des Ballasttrailers&#8230;","protected":false},"author":45,"featured_media":7046,"parent":8633,"menu_order":0,"comment_status":"closed","ping_status":"closed","template":"","meta":{"_acf_changed":false,"inline_featured_image":false,"footnotes":""},"class_list":["post-8639","page","type-page","status-publish","has-post-thumbnail","hentry"],"acf":[],"yoast_head":"<!-- This site is optimized with the Yoast SEO Premium plugin v25.7.1 (Yoast SEO v25.7) - https:\/\/yoast.com\/wordpress\/plugins\/seo\/ -->\n<title>Kranbauteile | Nooteboom Trailers<\/title>\n<meta name=\"description\" content=\"Seit den 80er Jahre bietet Nooteboom spezifische L\u00f6sungen f\u00fcr den Transport von Kranbauteilen einschlie\u00dflich Ballast.\" \/>\n<meta name=\"robots\" content=\"index, follow, max-snippet:-1, max-image-preview:large, max-video-preview:-1\" \/>\n<link rel=\"canonical\" href=\"https:\/\/www.nooteboom.com\/de\/wer-wir-sind\/maerkte\/kranbauteile\/\" \/>\n<meta property=\"og:locale\" content=\"de_DE\" \/>\n<meta property=\"og:type\" content=\"article\" \/>\n<meta property=\"og:title\" content=\"Kranbauteile\" \/>\n<meta property=\"og:description\" content=\"Seit den 80er Jahre bietet Nooteboom spezifische L\u00f6sungen f\u00fcr den Transport von Kranbauteilen einschlie\u00dflich Ballast.\" \/>\n<meta property=\"og:url\" content=\"https:\/\/www.nooteboom.com\/de\/wer-wir-sind\/maerkte\/kranbauteile\/\" \/>\n<meta property=\"og:site_name\" content=\"Nooteboom Trailers\" \/>\n<meta property=\"article:publisher\" content=\"https:\/\/nl-nl.facebook.com\/nooteboomtrailers\/\" \/>\n<meta property=\"article:modified_time\" content=\"2017-11-09T12:18:13+00:00\" \/>\n<meta property=\"og:image\" content=\"https:\/\/www.nooteboom.com\/wp-content\/uploads\/craneparts-ballast.jpg\" \/>\n\t<meta property=\"og:image:width\" content=\"2500\" \/>\n\t<meta property=\"og:image:height\" content=\"1667\" \/>\n\t<meta property=\"og:image:type\" content=\"image\/jpeg\" \/>\n<meta name=\"twitter:card\" content=\"summary_large_image\" \/>\n<meta name=\"twitter:label1\" content=\"Gesch\u00e4tzte Lesezeit\" \/>\n\t<meta name=\"twitter:data1\" content=\"1\u00a0Minute\" \/>\n<script type=\"application\/ld+json\" class=\"yoast-schema-graph\">{\"@context\":\"https:\/\/schema.org\",\"@graph\":[{\"@type\":\"WebPage\",\"@id\":\"https:\/\/www.nooteboom.com\/de\/wer-wir-sind\/maerkte\/kranbauteile\/\",\"url\":\"https:\/\/www.nooteboom.com\/de\/wer-wir-sind\/maerkte\/kranbauteile\/\",\"name\":\"Kranbauteile | Nooteboom Trailers\",\"isPartOf\":{\"@id\":\"https:\/\/www.nooteboom.com\/de\/#website\"},\"primaryImageOfPage\":{\"@id\":\"https:\/\/www.nooteboom.com\/de\/wer-wir-sind\/maerkte\/kranbauteile\/#primaryimage\"},\"image\":{\"@id\":\"https:\/\/www.nooteboom.com\/de\/wer-wir-sind\/maerkte\/kranbauteile\/#primaryimage\"},\"thumbnailUrl\":\"https:\/\/www.nooteboom.com\/wp-content\/uploads\/craneparts-ballast.jpg\",\"datePublished\":\"2016-07-28T12:19:51+00:00\",\"dateModified\":\"2017-11-09T12:18:13+00:00\",\"description\":\"Seit den 80er Jahre bietet Nooteboom spezifische L\u00f6sungen f\u00fcr den Transport von Kranbauteilen einschlie\u00dflich Ballast.\",\"breadcrumb\":{\"@id\":\"https:\/\/www.nooteboom.com\/de\/wer-wir-sind\/maerkte\/kranbauteile\/#breadcrumb\"},\"inLanguage\":\"de\",\"potentialAction\":[{\"@type\":\"ReadAction\",\"target\":[\"https:\/\/www.nooteboom.com\/de\/wer-wir-sind\/maerkte\/kranbauteile\/\"]}]},{\"@type\":\"ImageObject\",\"inLanguage\":\"de\",\"@id\":\"https:\/\/www.nooteboom.com\/de\/wer-wir-sind\/maerkte\/kranbauteile\/#primaryimage\",\"url\":\"https:\/\/www.nooteboom.com\/wp-content\/uploads\/craneparts-ballast.jpg\",\"contentUrl\":\"https:\/\/www.nooteboom.com\/wp-content\/uploads\/craneparts-ballast.jpg\",\"width\":2500,\"height\":1667,\"caption\":\"Kranbauteilen\"},{\"@type\":\"BreadcrumbList\",\"@id\":\"https:\/\/www.nooteboom.com\/de\/wer-wir-sind\/maerkte\/kranbauteile\/#breadcrumb\",\"itemListElement\":[{\"@type\":\"ListItem\",\"position\":1,\"name\":\"Home\",\"item\":\"https:\/\/www.nooteboom.com\/de\/\"},{\"@type\":\"ListItem\",\"position\":2,\"name\":\"Wer wir sind\",\"item\":\"https:\/\/www.nooteboom.com\/de\/wer-wir-sind\/\"},{\"@type\":\"ListItem\",\"position\":3,\"name\":\"M\u00e4rkte\",\"item\":\"https:\/\/www.nooteboom.com\/de\/wer-wir-sind\/maerkte\/\"},{\"@type\":\"ListItem\",\"position\":4,\"name\":\"Kranbauteile\"}]},{\"@type\":\"WebSite\",\"@id\":\"https:\/\/www.nooteboom.com\/de\/#website\",\"url\":\"https:\/\/www.nooteboom.com\/de\/\",\"name\":\"Nooteboom Trailers\",\"description\":\"Gets you there.\",\"publisher\":{\"@id\":\"https:\/\/www.nooteboom.com\/de\/#organization\"},\"potentialAction\":[{\"@type\":\"SearchAction\",\"target\":{\"@type\":\"EntryPoint\",\"urlTemplate\":\"https:\/\/www.nooteboom.com\/de\/?s={search_term_string}\"},\"query-input\":{\"@type\":\"PropertyValueSpecification\",\"valueRequired\":true,\"valueName\":\"search_term_string\"}}],\"inLanguage\":\"de\"},{\"@type\":\"Organization\",\"@id\":\"https:\/\/www.nooteboom.com\/de\/#organization\",\"name\":\"Nooteboom Trailers\",\"url\":\"https:\/\/www.nooteboom.com\/de\/\",\"logo\":{\"@type\":\"ImageObject\",\"inLanguage\":\"de\",\"@id\":\"https:\/\/www.nooteboom.com\/de\/#\/schema\/logo\/image\/\",\"url\":\"https:\/\/www.nooteboom.com\/wp-content\/uploads\/logo.png\",\"contentUrl\":\"https:\/\/www.nooteboom.com\/wp-content\/uploads\/logo.png\",\"width\":111,\"height\":66,\"caption\":\"Nooteboom Trailers\"},\"image\":{\"@id\":\"https:\/\/www.nooteboom.com\/de\/#\/schema\/logo\/image\/\"},\"sameAs\":[\"https:\/\/nl-nl.facebook.com\/nooteboomtrailers\/\",\"https:\/\/nl.linkedin.com\/company\/nooteboom-trailers\",\"https:\/\/www.youtube.com\/user\/Nooteboomtrailers\"]}]}<\/script>\n<!-- \/ Yoast SEO Premium plugin. -->","yoast_head_json":{"title":"Kranbauteile | Nooteboom Trailers","description":"Seit den 80er Jahre bietet Nooteboom spezifische L\u00f6sungen f\u00fcr den Transport von Kranbauteilen einschlie\u00dflich Ballast.","robots":{"index":"index","follow":"follow","max-snippet":"max-snippet:-1","max-image-preview":"max-image-preview:large","max-video-preview":"max-video-preview:-1"},"canonical":"https:\/\/www.nooteboom.com\/de\/wer-wir-sind\/maerkte\/kranbauteile\/","og_locale":"de_DE","og_type":"article","og_title":"Kranbauteile","og_description":"Seit den 80er Jahre bietet Nooteboom spezifische L\u00f6sungen f\u00fcr den Transport von Kranbauteilen einschlie\u00dflich Ballast.","og_url":"https:\/\/www.nooteboom.com\/de\/wer-wir-sind\/maerkte\/kranbauteile\/","og_site_name":"Nooteboom Trailers","article_publisher":"https:\/\/nl-nl.facebook.com\/nooteboomtrailers\/","article_modified_time":"2017-11-09T12:18:13+00:00","og_image":[{"width":2500,"height":1667,"url":"https:\/\/www.nooteboom.com\/wp-content\/uploads\/craneparts-ballast.jpg","type":"image\/jpeg"}],"twitter_card":"summary_large_image","twitter_misc":{"Gesch\u00e4tzte Lesezeit":"1\u00a0Minute"},"schema":{"@context":"https:\/\/schema.org","@graph":[{"@type":"WebPage","@id":"https:\/\/www.nooteboom.com\/de\/wer-wir-sind\/maerkte\/kranbauteile\/","url":"https:\/\/www.nooteboom.com\/de\/wer-wir-sind\/maerkte\/kranbauteile\/","name":"Kranbauteile | Nooteboom Trailers","isPartOf":{"@id":"https:\/\/www.nooteboom.com\/de\/#website"},"primaryImageOfPage":{"@id":"https:\/\/www.nooteboom.com\/de\/wer-wir-sind\/maerkte\/kranbauteile\/#primaryimage"},"image":{"@id":"https:\/\/www.nooteboom.com\/de\/wer-wir-sind\/maerkte\/kranbauteile\/#primaryimage"},"thumbnailUrl":"https:\/\/www.nooteboom.com\/wp-content\/uploads\/craneparts-ballast.jpg","datePublished":"2016-07-28T12:19:51+00:00","dateModified":"2017-11-09T12:18:13+00:00","description":"Seit den 80er Jahre bietet Nooteboom spezifische L\u00f6sungen f\u00fcr den Transport von Kranbauteilen einschlie\u00dflich Ballast.","breadcrumb":{"@id":"https:\/\/www.nooteboom.com\/de\/wer-wir-sind\/maerkte\/kranbauteile\/#breadcrumb"},"inLanguage":"de","potentialAction":[{"@type":"ReadAction","target":["https:\/\/www.nooteboom.com\/de\/wer-wir-sind\/maerkte\/kranbauteile\/"]}]},{"@type":"ImageObject","inLanguage":"de","@id":"https:\/\/www.nooteboom.com\/de\/wer-wir-sind\/maerkte\/kranbauteile\/#primaryimage","url":"https:\/\/www.nooteboom.com\/wp-content\/uploads\/craneparts-ballast.jpg","contentUrl":"https:\/\/www.nooteboom.com\/wp-content\/uploads\/craneparts-ballast.jpg","width":2500,"height":1667,"caption":"Kranbauteilen"},{"@type":"BreadcrumbList","@id":"https:\/\/www.nooteboom.com\/de\/wer-wir-sind\/maerkte\/kranbauteile\/#breadcrumb","itemListElement":[{"@type":"ListItem","position":1,"name":"Home","item":"https:\/\/www.nooteboom.com\/de\/"},{"@type":"ListItem","position":2,"name":"Wer wir sind","item":"https:\/\/www.nooteboom.com\/de\/wer-wir-sind\/"},{"@type":"ListItem","position":3,"name":"M\u00e4rkte","item":"https:\/\/www.nooteboom.com\/de\/wer-wir-sind\/maerkte\/"},{"@type":"ListItem","position":4,"name":"Kranbauteile"}]},{"@type":"WebSite","@id":"https:\/\/www.nooteboom.com\/de\/#website","url":"https:\/\/www.nooteboom.com\/de\/","name":"Nooteboom Trailers","description":"Gets you there.","publisher":{"@id":"https:\/\/www.nooteboom.com\/de\/#organization"},"potentialAction":[{"@type":"SearchAction","target":{"@type":"EntryPoint","urlTemplate":"https:\/\/www.nooteboom.com\/de\/?s={search_term_string}"},"query-input":{"@type":"PropertyValueSpecification","valueRequired":true,"valueName":"search_term_string"}}],"inLanguage":"de"},{"@type":"Organization","@id":"https:\/\/www.nooteboom.com\/de\/#organization","name":"Nooteboom Trailers","url":"https:\/\/www.nooteboom.com\/de\/","logo":{"@type":"ImageObject","inLanguage":"de","@id":"https:\/\/www.nooteboom.com\/de\/#\/schema\/logo\/image\/","url":"https:\/\/www.nooteboom.com\/wp-content\/uploads\/logo.png","contentUrl":"https:\/\/www.nooteboom.com\/wp-content\/uploads\/logo.png","width":111,"height":66,"caption":"Nooteboom Trailers"},"image":{"@id":"https:\/\/www.nooteboom.com\/de\/#\/schema\/logo\/image\/"},"sameAs":["https:\/\/nl-nl.facebook.com\/nooteboomtrailers\/","https:\/\/nl.linkedin.com\/company\/nooteboom-trailers","https:\/\/www.youtube.com\/user\/Nooteboomtrailers"]}]}},"_links":{"self":[{"href":"https:\/\/www.nooteboom.com\/de\/wp-json\/wp\/v2\/pages\/8639","targetHints":{"allow":["GET"]}}],"collection":[{"href":"https:\/\/www.nooteboom.com\/de\/wp-json\/wp\/v2\/pages"}],"about":[{"href":"https:\/\/www.nooteboom.com\/de\/wp-json\/wp\/v2\/types\/page"}],"author":[{"embeddable":true,"href":"https:\/\/www.nooteboom.com\/de\/wp-json\/wp\/v2\/users\/45"}],"replies":[{"embeddable":true,"href":"https:\/\/www.nooteboom.com\/de\/wp-json\/wp\/v2\/comments?post=8639"}],"version-history":[{"count":4,"href":"https:\/\/www.nooteboom.com\/de\/wp-json\/wp\/v2\/pages\/8639\/revisions"}],"predecessor-version":[{"id":12204,"href":"https:\/\/www.nooteboom.com\/de\/wp-json\/wp\/v2\/pages\/8639\/revisions\/12204"}],"up":[{"embeddable":true,"href":"https:\/\/www.nooteboom.com\/de\/wp-json\/wp\/v2\/pages\/8633"}],"wp:featuredmedia":[{"embeddable":true,"href":"https:\/\/www.nooteboom.com\/de\/wp-json\/wp\/v2\/media\/7046"}],"wp:attachment":[{"href":"https:\/\/www.nooteboom.com\/de\/wp-json\/wp\/v2\/media?parent=8639"}],"curies":[{"name":"wp","href":"https:\/\/api.w.org\/{rel}","templated":true}]}}