{"id":8627,"date":"2016-07-28T14:05:16","date_gmt":"2016-07-28T12:05:16","guid":{"rendered":"https:\/\/www.nooteboom.com\/?page_id=8627&#038;lang=de"},"modified":"2021-10-12T09:37:09","modified_gmt":"2021-10-12T07:37:09","slug":"2012-bis-heute-5-generation-marinka-nooteboom","status":"publish","type":"page","link":"https:\/\/www.nooteboom.com\/de\/wer-wir-sind\/geschichte\/2012-bis-heute-5-generation-marinka-nooteboom\/","title":{"rendered":"2012 bis heute: 5. Generation: Marinka Nooteboom"},"content":{"rendered":"<div class=\"wpb-content-wrapper\"><p>[vc_row][vc_column][vc_column_text]2012 wurde Marinka Nooteboom, Tochter von Henk Nooteboom, zur Gesch\u00e4ftsf\u00fchrerin der Koninklijke Nooteboom Group ernannt, einem Unternehmen mit mittlerweile 500 Mitarbeitern. Davor machte sie Karriere im Banksektor. Auf effiziente Unternehmensf\u00fchrung und Optimierung des Produktionsprozesses richtete Marinka Nooteboom ihr Hauptaugenmerk, als sie in der Zeit der europ\u00e4ischen Rezession das Ruder \u00fcbernahm.<\/p>\n<p>In der Epoche gro\u00dfer Einsparungen investierte Nooteboom weiter in Qualit\u00e4t, Service und Innovation.\u00a0Ein konkurrenzf\u00e4higer Preis f\u00fcr Qualit\u00e4tsfahrzeuge konnte beibehalten werden.[\/vc_column_text][\/vc_column][\/vc_row][vc_row][vc_column width=&#8220;1\/2&#8243;][vc_single_image image=&#8220;1165&#8243; img_size=&#8220;large&#8220;][\/vc_column][vc_column width=&#8220;1\/2&#8243;][vc_column_text]Nach dem Tiefpunkt der europaweiten Krise folgte in 2013 und 2014 eine Wiederbelebung des Marktes. Die Auftragslage war auf einem guten Stand und der Auftragseingang stieg sukzessive. Nach Jahren der K\u00fcrzungen waren die Transportunternehmen bereit, in Ihren rollenden Fuhrpark zu investieren. Die Investitionen in Produktinnovationen zeigten auch in Krisenzeiten positive Ergebnisse. Das neueste Prunkst\u00fcck, der PXE-Tieflader mit 9 Achslinien, entpuppte sich 2013 als Volltreffer. Auch die herausragende Stellung bei Transportl\u00f6sungen f\u00fcr Windkraftanlagen bew\u00e4hrt sich. 2015 stellt Nooteboom auf der Bedrijfsauto RAI in Amsterdam den Semi-Tieflader Manoovr vor. Mit dieser bahnbrechenden Innovation gewann Nooteboom zahlreiche internationale Innovationspreise. In den folgenden Jahren folgten mehrere Innovationen, darunter der Longrunner, der gr\u00f6\u00dfte 4+6 Euro-PX-Tieflader und der leichte, ausziehbare, Radmulden-Semi-Tieflader. Neben der Produktinnovation spielt auch die Prozessinnovation eine immer gr\u00f6\u00dfere Rolle und die ersten Roboter halten Einzug in das Unternehmen. Effiziente Betriebsabl\u00e4ufe und die Optimierung des Produktionsprozesses sind wichtige Bereiche, die Beachtung finden bei Nooteboom. Trotz der Corona-Pandemie kann Nooteboom das Jahr 2020 mit einem guten Ergebnis abschlie\u00dfen und auch das Auftragsbuch ist weiterhin sehr gut gef\u00fcllt. Um der steigenden internationalen Nachfrage nach Nooteboom-Fahrzeugen gerecht zu werden, wird die Produktionskapazit\u00e4t 2021 weiter erh\u00f6ht.<\/p>\n<p><a class=\"button\" href=\"https:\/\/www.nooteboom.com\/de\/wer-wir-sind\/geschichte\/\">Zur\u00fcck<\/a>[\/vc_column_text][\/vc_column][\/vc_row][vc_row full_width=&#8220;stretch_row_content_no_spaces&#8220; row_class=&#8220;&#8220;][vc_column]\n\t<div id=\"slider-69e0703ad6ef0\" class=\"vc_timeline timeline centered\">\n\n\t\t<ul class=\"slides\">\n\t\t\t\t\t\t\t<li>\n\t\t\t\t\t\t\t\t\t\t<a class=\"timeline__inner\" target=\"\" href=\"https:\/\/www.nooteboom.com\/de\/wer-wir-sind\/geschichte\/1881-1921-1-generation\/\">\n\t\t\t\t\t\t\t\t\t\t\t\t\t\t\t\t\t\t<img decoding=\"async\" src=\"https:\/\/www.nooteboom.com\/wp-content\/uploads\/Nooteboom-horseshoes-fitting-275x165.jpg\" alt=\"1st generation\">\n\t\t\t\t\t\t\t\t\t\t\t\t\t\t\t\t\t\t\t<p class=\"timeline__title\">1881 - 1921: 1. Generation <\/p>\n\t\t\t\t\t\t\t\t\t\t\t\t\t\t\t\t\t\t\t<p>1881 \u00f6ffnete Willem Nooteboom, Sohn eines Schmieds aus Schiebroek, eine eigene Schmiede in Kethel in der N\u00e4he Rotterdams.<\/p>\n\t\t\t\t\t\t\t\t\t\t\t\t\t\t\t\t\t<\/a>\n\t\t\t\t\t\t\t\t\t<\/li>\n\t\t\t\t\t\t\t<li>\n\t\t\t\t\t\t\t\t\t\t<a class=\"timeline__inner\" target=\"\" href=\"https:\/\/www.nooteboom.com\/de\/wer-wir-sind\/geschichte\/1921-1939-2-generation\/\">\n\t\t\t\t\t\t\t\t\t\t\t\t\t\t\t\t\t\t<img decoding=\"async\" src=\"https:\/\/www.nooteboom.com\/wp-content\/uploads\/Henk-Jan-Nooteboom-275x165.jpg\" alt=\"Henk Jan Nooteboom\">\n\t\t\t\t\t\t\t\t\t\t\t\t\t\t\t\t\t\t\t<p class=\"timeline__title\">1921-1939: 2. Generation<\/p>\n\t\t\t\t\t\t\t\t\t\t\t\t\t\t\t\t\t\t\t<p>Bei seinem Antritt 1921 sieht Henk Jan Nooteboom (Foto) ein Wachstum f\u00fcr Stra\u00dfentransportfahrzeuge voraus. Nach der \u00dcbernahme von Gie\u00dfformen einer Stellmacherei folgt die Gr\u00fcndung der Nooteboom Fabrik f\u00fcr Stra\u00dfentransportfahrzeuge.<\/p>\n\t\t\t\t\t\t\t\t\t\t\t\t\t\t\t\t\t<\/a>\n\t\t\t\t\t\t\t\t\t<\/li>\n\t\t\t\t\t\t\t<li>\n\t\t\t\t\t\t\t\t\t\t<a class=\"timeline__inner\" target=\"\" href=\"https:\/\/www.nooteboom.com\/de\/wer-wir-sind\/geschichte\/1939-1953-3-generation\/\">\n\t\t\t\t\t\t\t\t\t\t\t\t\t\t\t\t\t\t<img decoding=\"async\" src=\"https:\/\/www.nooteboom.com\/wp-content\/uploads\/Nooteboom-Tipper-275x165.jpg\" alt=\"Nooteboom Tipper\">\n\t\t\t\t\t\t\t\t\t\t\t\t\t\t\t\t\t\t\t<p class=\"timeline__title\">1939-1953: 3. Generation<\/p>\n\t\t\t\t\t\t\t\t\t\t\t\t\t\t\t\t\t\t\t<p>1939 \u00fcbernimmt Anton Nooteboom das Unternehmen, das unter seiner F\u00fchrung zu einem erfolgreichen Produktionsbetrieb f\u00fcr moderne Nutzfahrzeuge w\u00e4chst.<\/p>\n\t\t\t\t\t\t\t\t\t\t\t\t\t\t\t\t\t<\/a>\n\t\t\t\t\t\t\t\t\t<\/li>\n\t\t\t\t\t\t\t<li>\n\t\t\t\t\t\t\t\t\t\t<a class=\"timeline__inner\" target=\"\" href=\"https:\/\/www.nooteboom.com\/de\/wer-wir-sind\/geschichte\/1953-1979-3-generation\/\">\n\t\t\t\t\t\t\t\t\t\t\t\t\t\t\t\t\t\t<img decoding=\"async\" src=\"https:\/\/www.nooteboom.com\/wp-content\/uploads\/Nooteboom-Utrecht-275x165.jpg\" alt=\"Nooteboom Utrecht\">\n\t\t\t\t\t\t\t\t\t\t\t\t\t\t\t\t\t\t\t<p class=\"timeline__title\">1953-1979: 3. Generation<\/p>\n\t\t\t\t\t\t\t\t\t\t\t\t\t\t\t\t\t\t\t<p>Der Wiederaufbau nach der Flutkatastrophe 1953 in der Provinz Zeeland verursachte eine gro\u00dfe Nachfrage nach Tiefladern und Baggern. 1953 baute Nooteboom den ersten Tieflader mit abnehmbaren Achsen.<\/p>\n\t\t\t\t\t\t\t\t\t\t\t\t\t\t\t\t\t<\/a>\n\t\t\t\t\t\t\t\t\t<\/li>\n\t\t\t\t\t\t\t<li>\n\t\t\t\t\t\t\t\t\t\t<a class=\"timeline__inner\" target=\"\" href=\"https:\/\/www.nooteboom.com\/de\/wer-wir-sind\/geschichte\/1967-1979-4-generation\/\">\n\t\t\t\t\t\t\t\t\t\t\t\t\t\t\t\t\t\t<img decoding=\"async\" src=\"https:\/\/www.nooteboom.com\/wp-content\/uploads\/Nooteboom-ODU-low-loader-275x165.png\" alt=\"Nooteboom ODU low-loader\">\n\t\t\t\t\t\t\t\t\t\t\t\t\t\t\t\t\t\t\t<p class=\"timeline__title\">1967-1979: 4. Generation<\/p>\n\t\t\t\t\t\t\t\t\t\t\t\t\t\t\t\t\t\t\t<p>Anton Nooteboom blieb dem Familienunternehmen bis 1979 verbunden. Bereits 1967 erhielt er Verst\u00e4rkung. Dick Nooteboom kam nach einem Auslandspraktikum als erster Sohn ins Unternehmen. 1970 folgten seine Br\u00fcder Henk und Ton Nooteboom.\n<\/p>\n\t\t\t\t\t\t\t\t\t\t\t\t\t\t\t\t\t<\/a>\n\t\t\t\t\t\t\t\t\t<\/li>\n\t\t\t\t\t\t\t<li>\n\t\t\t\t\t\t\t\t\t\t<a class=\"timeline__inner\" target=\"\" href=\"https:\/\/www.nooteboom.com\/de\/wer-wir-sind\/geschichte\/1979-2012-4-generation\/\">\n\t\t\t\t\t\t\t\t\t\t\t\t\t\t\t\t\t\t<img decoding=\"async\" src=\"https:\/\/www.nooteboom.com\/wp-content\/uploads\/Opening-Nooteboom-Wijchen-with-Neelie-Smit-Kroes-275x165.jpg\" alt=\"Opening Nooteboom Wijchen with Neelie Smit Kroes\">\n\t\t\t\t\t\t\t\t\t\t\t\t\t\t\t\t\t\t\t<p class=\"timeline__title\">1979-2012: 4. Generation<\/p>\n\t\t\t\t\t\t\t\t\t\t\t\t\t\t\t\t\t\t\t<p>Die \u00dcbernahme von C.M.K. in Wijchen f\u00fchrte zur Gr\u00fcndung der Nooteboom Trailers B.V. in Wijchen. Das Unternehmen baute den Export betr\u00e4chtlich aus und richtete ein internationales Ersatzteilsystem ein.\n<\/p>\n\t\t\t\t\t\t\t\t\t\t\t\t\t\t\t\t\t<\/a>\n\t\t\t\t\t\t\t\t\t<\/li>\n\t\t\t\t\t\t\t<li>\n\t\t\t\t\t\t\t\t\t\t<a class=\"timeline__inner\" target=\"\" href=\"https:\/\/www.nooteboom.com\/de\/wer-wir-sind\/geschichte\/2012-bis-heute-5-generation-marinka-nooteboom\/\">\n\t\t\t\t\t\t\t\t\t\t\t\t\t\t\t\t\t\t<img decoding=\"async\" src=\"https:\/\/www.nooteboom.com\/wp-content\/uploads\/Marinka-Nooteboom-1-275x165.jpg\" alt=\"Marinka Nooteboom\">\n\t\t\t\t\t\t\t\t\t\t\t\t\t\t\t\t\t\t\t<p class=\"timeline__title\">2012 bis heute: 5. Generation: Marinka Nooteboom<\/p>\n\t\t\t\t\t\t\t\t\t\t\t\t\t\t\t\t\t\t\t<p>2012 wurde Marinka Nooteboom, Tochter von Henk Nooteboom, zur Gesch\u00e4ftsf\u00fchrerin der Koninklijke Nooteboom Group ernannt, einem Unternehmen mit mittlerweile 350 Mitarbeitern.<\/p>\n\t\t\t\t\t\t\t\t\t\t\t\t\t\t\t\t\t<\/a>\n\t\t\t\t\t\t\t\t\t<\/li>\n\t\t\t\t\t<\/ul>\n\n\t<\/div>\n\n\t<script type=\"text\/javascript\">\n\t\tjQuery( document ).ready( function( $ ) {\n\n\t\t\t$( '#slider-69e0703ad6ef0' ).flexslider( {\n\t\t\t\tanimation: 'slide',\n\t\t\t\tanimationLoop: false,\n\t\t\t\titemWidth: 295,\n\t\t\t\titemMargin: 0,\n\t\t\t\tminItems: 1,\n\t\t\t\tmaxItems: 4,\n\t\t\t\tmove: 1,\n\t\t\t\tdirectionNav: true,\n\t\t\t\tcontrolNav: false\n\t\t\t} );\n\n\t\t\t$( '#slider-69e0703ad6ef0 .timeline__prev' ).on( 'click', function( event ) {\n\n\t\t\t\tevent.preventDefault();\n\t\t\t\t$( '#slider-69e0703ad6ef0' ).flexslider( 'prev' )\n\n\t\t\t} );\n\n\t\t\t$( '#slider-69e0703ad6ef0 .timeline__next' ).on( 'click', function( event ) {\n\n\t\t\t\tevent.preventDefault();\n\t\t\t\t$( '#slider-69e0703ad6ef0' ).flexslider( 'next' )\n\n\t\t\t} );\n\n\t\t} );\n\t<\/script>\n\n[\/vc_column][\/vc_row]<\/p>\n<\/div>","protected":false},"excerpt":{"rendered":"[vc_row][vc_column][vc_column_text]2012 wurde Marinka Nooteboom, Tochter von Henk Nooteboom, zur Gesch\u00e4ftsf\u00fchrerin der Koninklijke Nooteboom Group ernannt, einem Unternehmen mit mittlerweile 500&#8230;","protected":false},"author":45,"featured_media":1875806,"parent":8613,"menu_order":0,"comment_status":"closed","ping_status":"closed","template":"","meta":{"_acf_changed":false,"inline_featured_image":false,"footnotes":""},"class_list":["post-8627","page","type-page","status-publish","has-post-thumbnail","hentry"],"acf":[],"yoast_head":"<!-- This site is optimized with the Yoast SEO Premium plugin v25.7.1 (Yoast SEO v25.7) - https:\/\/yoast.com\/wordpress\/plugins\/seo\/ -->\n<title>2012 bis heute: 5. Generation: Marinka Nooteboom | Nooteboom Trailers<\/title>\n<meta name=\"description\" content=\"2012 wurde Marinka Nooteboom, Tochter von Henk Nooteboom, zur Gesch\u00e4ftsf\u00fchrerin der Koninklijke Nooteboom Group ernannt.\" \/>\n<meta name=\"robots\" content=\"index, follow, max-snippet:-1, max-image-preview:large, max-video-preview:-1\" \/>\n<link rel=\"canonical\" href=\"https:\/\/www.nooteboom.com\/de\/wer-wir-sind\/geschichte\/2012-bis-heute-5-generation-marinka-nooteboom\/\" \/>\n<meta property=\"og:locale\" content=\"de_DE\" \/>\n<meta property=\"og:type\" content=\"article\" \/>\n<meta property=\"og:title\" content=\"2012 bis heute: 5. Generation: Marinka Nooteboom\" \/>\n<meta property=\"og:description\" content=\"2012 wurde Marinka Nooteboom, Tochter von Henk Nooteboom, zur Gesch\u00e4ftsf\u00fchrerin der Koninklijke Nooteboom Group ernannt.\" \/>\n<meta property=\"og:url\" content=\"https:\/\/www.nooteboom.com\/de\/wer-wir-sind\/geschichte\/2012-bis-heute-5-generation-marinka-nooteboom\/\" \/>\n<meta property=\"og:site_name\" content=\"Nooteboom Trailers\" \/>\n<meta property=\"article:publisher\" content=\"https:\/\/nl-nl.facebook.com\/nooteboomtrailers\/\" \/>\n<meta property=\"article:modified_time\" content=\"2021-10-12T07:37:09+00:00\" \/>\n<meta property=\"og:image\" content=\"https:\/\/www.nooteboom.com\/wp-content\/uploads\/Marinka-Nooteboom_over_Nooteboom.jpg\" \/>\n\t<meta property=\"og:image:width\" content=\"1920\" \/>\n\t<meta property=\"og:image:height\" content=\"819\" \/>\n\t<meta property=\"og:image:type\" content=\"image\/jpeg\" \/>\n<meta name=\"twitter:card\" content=\"summary_large_image\" \/>\n<meta name=\"twitter:label1\" content=\"Gesch\u00e4tzte Lesezeit\" \/>\n\t<meta name=\"twitter:data1\" content=\"4\u00a0Minuten\" \/>\n<script type=\"application\/ld+json\" class=\"yoast-schema-graph\">{\"@context\":\"https:\/\/schema.org\",\"@graph\":[{\"@type\":\"WebPage\",\"@id\":\"https:\/\/www.nooteboom.com\/de\/wer-wir-sind\/geschichte\/2012-bis-heute-5-generation-marinka-nooteboom\/\",\"url\":\"https:\/\/www.nooteboom.com\/de\/wer-wir-sind\/geschichte\/2012-bis-heute-5-generation-marinka-nooteboom\/\",\"name\":\"2012 bis heute: 5. Generation: Marinka Nooteboom | Nooteboom Trailers\",\"isPartOf\":{\"@id\":\"https:\/\/www.nooteboom.com\/de\/#website\"},\"primaryImageOfPage\":{\"@id\":\"https:\/\/www.nooteboom.com\/de\/wer-wir-sind\/geschichte\/2012-bis-heute-5-generation-marinka-nooteboom\/#primaryimage\"},\"image\":{\"@id\":\"https:\/\/www.nooteboom.com\/de\/wer-wir-sind\/geschichte\/2012-bis-heute-5-generation-marinka-nooteboom\/#primaryimage\"},\"thumbnailUrl\":\"https:\/\/www.nooteboom.com\/wp-content\/uploads\/Marinka-Nooteboom_over_Nooteboom.jpg\",\"datePublished\":\"2016-07-28T12:05:16+00:00\",\"dateModified\":\"2021-10-12T07:37:09+00:00\",\"description\":\"2012 wurde Marinka Nooteboom, Tochter von Henk Nooteboom, zur Gesch\u00e4ftsf\u00fchrerin der Koninklijke Nooteboom Group ernannt.\",\"breadcrumb\":{\"@id\":\"https:\/\/www.nooteboom.com\/de\/wer-wir-sind\/geschichte\/2012-bis-heute-5-generation-marinka-nooteboom\/#breadcrumb\"},\"inLanguage\":\"de\",\"potentialAction\":[{\"@type\":\"ReadAction\",\"target\":[\"https:\/\/www.nooteboom.com\/de\/wer-wir-sind\/geschichte\/2012-bis-heute-5-generation-marinka-nooteboom\/\"]}]},{\"@type\":\"ImageObject\",\"inLanguage\":\"de\",\"@id\":\"https:\/\/www.nooteboom.com\/de\/wer-wir-sind\/geschichte\/2012-bis-heute-5-generation-marinka-nooteboom\/#primaryimage\",\"url\":\"https:\/\/www.nooteboom.com\/wp-content\/uploads\/Marinka-Nooteboom_over_Nooteboom.jpg\",\"contentUrl\":\"https:\/\/www.nooteboom.com\/wp-content\/uploads\/Marinka-Nooteboom_over_Nooteboom.jpg\",\"width\":1920,\"height\":819},{\"@type\":\"BreadcrumbList\",\"@id\":\"https:\/\/www.nooteboom.com\/de\/wer-wir-sind\/geschichte\/2012-bis-heute-5-generation-marinka-nooteboom\/#breadcrumb\",\"itemListElement\":[{\"@type\":\"ListItem\",\"position\":1,\"name\":\"Home\",\"item\":\"https:\/\/www.nooteboom.com\/de\/\"},{\"@type\":\"ListItem\",\"position\":2,\"name\":\"Wer wir sind\",\"item\":\"https:\/\/www.nooteboom.com\/de\/wer-wir-sind\/\"},{\"@type\":\"ListItem\",\"position\":3,\"name\":\"Geschichte\",\"item\":\"https:\/\/www.nooteboom.com\/de\/wer-wir-sind\/geschichte\/\"},{\"@type\":\"ListItem\",\"position\":4,\"name\":\"2012 bis heute: 5. Generation: Marinka Nooteboom\"}]},{\"@type\":\"WebSite\",\"@id\":\"https:\/\/www.nooteboom.com\/de\/#website\",\"url\":\"https:\/\/www.nooteboom.com\/de\/\",\"name\":\"Nooteboom Trailers\",\"description\":\"Gets you there.\",\"publisher\":{\"@id\":\"https:\/\/www.nooteboom.com\/de\/#organization\"},\"potentialAction\":[{\"@type\":\"SearchAction\",\"target\":{\"@type\":\"EntryPoint\",\"urlTemplate\":\"https:\/\/www.nooteboom.com\/de\/?s={search_term_string}\"},\"query-input\":{\"@type\":\"PropertyValueSpecification\",\"valueRequired\":true,\"valueName\":\"search_term_string\"}}],\"inLanguage\":\"de\"},{\"@type\":\"Organization\",\"@id\":\"https:\/\/www.nooteboom.com\/de\/#organization\",\"name\":\"Nooteboom Trailers\",\"url\":\"https:\/\/www.nooteboom.com\/de\/\",\"logo\":{\"@type\":\"ImageObject\",\"inLanguage\":\"de\",\"@id\":\"https:\/\/www.nooteboom.com\/de\/#\/schema\/logo\/image\/\",\"url\":\"https:\/\/www.nooteboom.com\/wp-content\/uploads\/logo.png\",\"contentUrl\":\"https:\/\/www.nooteboom.com\/wp-content\/uploads\/logo.png\",\"width\":111,\"height\":66,\"caption\":\"Nooteboom Trailers\"},\"image\":{\"@id\":\"https:\/\/www.nooteboom.com\/de\/#\/schema\/logo\/image\/\"},\"sameAs\":[\"https:\/\/nl-nl.facebook.com\/nooteboomtrailers\/\",\"https:\/\/nl.linkedin.com\/company\/nooteboom-trailers\",\"https:\/\/www.youtube.com\/user\/Nooteboomtrailers\"]}]}<\/script>\n<!-- \/ Yoast SEO Premium plugin. -->","yoast_head_json":{"title":"2012 bis heute: 5. Generation: Marinka Nooteboom | Nooteboom Trailers","description":"2012 wurde Marinka Nooteboom, Tochter von Henk Nooteboom, zur Gesch\u00e4ftsf\u00fchrerin der Koninklijke Nooteboom Group ernannt.","robots":{"index":"index","follow":"follow","max-snippet":"max-snippet:-1","max-image-preview":"max-image-preview:large","max-video-preview":"max-video-preview:-1"},"canonical":"https:\/\/www.nooteboom.com\/de\/wer-wir-sind\/geschichte\/2012-bis-heute-5-generation-marinka-nooteboom\/","og_locale":"de_DE","og_type":"article","og_title":"2012 bis heute: 5. Generation: Marinka Nooteboom","og_description":"2012 wurde Marinka Nooteboom, Tochter von Henk Nooteboom, zur Gesch\u00e4ftsf\u00fchrerin der Koninklijke Nooteboom Group ernannt.","og_url":"https:\/\/www.nooteboom.com\/de\/wer-wir-sind\/geschichte\/2012-bis-heute-5-generation-marinka-nooteboom\/","og_site_name":"Nooteboom Trailers","article_publisher":"https:\/\/nl-nl.facebook.com\/nooteboomtrailers\/","article_modified_time":"2021-10-12T07:37:09+00:00","og_image":[{"width":1920,"height":819,"url":"https:\/\/www.nooteboom.com\/wp-content\/uploads\/Marinka-Nooteboom_over_Nooteboom.jpg","type":"image\/jpeg"}],"twitter_card":"summary_large_image","twitter_misc":{"Gesch\u00e4tzte Lesezeit":"4\u00a0Minuten"},"schema":{"@context":"https:\/\/schema.org","@graph":[{"@type":"WebPage","@id":"https:\/\/www.nooteboom.com\/de\/wer-wir-sind\/geschichte\/2012-bis-heute-5-generation-marinka-nooteboom\/","url":"https:\/\/www.nooteboom.com\/de\/wer-wir-sind\/geschichte\/2012-bis-heute-5-generation-marinka-nooteboom\/","name":"2012 bis heute: 5. Generation: Marinka Nooteboom | Nooteboom Trailers","isPartOf":{"@id":"https:\/\/www.nooteboom.com\/de\/#website"},"primaryImageOfPage":{"@id":"https:\/\/www.nooteboom.com\/de\/wer-wir-sind\/geschichte\/2012-bis-heute-5-generation-marinka-nooteboom\/#primaryimage"},"image":{"@id":"https:\/\/www.nooteboom.com\/de\/wer-wir-sind\/geschichte\/2012-bis-heute-5-generation-marinka-nooteboom\/#primaryimage"},"thumbnailUrl":"https:\/\/www.nooteboom.com\/wp-content\/uploads\/Marinka-Nooteboom_over_Nooteboom.jpg","datePublished":"2016-07-28T12:05:16+00:00","dateModified":"2021-10-12T07:37:09+00:00","description":"2012 wurde Marinka Nooteboom, Tochter von Henk Nooteboom, zur Gesch\u00e4ftsf\u00fchrerin der Koninklijke Nooteboom Group ernannt.","breadcrumb":{"@id":"https:\/\/www.nooteboom.com\/de\/wer-wir-sind\/geschichte\/2012-bis-heute-5-generation-marinka-nooteboom\/#breadcrumb"},"inLanguage":"de","potentialAction":[{"@type":"ReadAction","target":["https:\/\/www.nooteboom.com\/de\/wer-wir-sind\/geschichte\/2012-bis-heute-5-generation-marinka-nooteboom\/"]}]},{"@type":"ImageObject","inLanguage":"de","@id":"https:\/\/www.nooteboom.com\/de\/wer-wir-sind\/geschichte\/2012-bis-heute-5-generation-marinka-nooteboom\/#primaryimage","url":"https:\/\/www.nooteboom.com\/wp-content\/uploads\/Marinka-Nooteboom_over_Nooteboom.jpg","contentUrl":"https:\/\/www.nooteboom.com\/wp-content\/uploads\/Marinka-Nooteboom_over_Nooteboom.jpg","width":1920,"height":819},{"@type":"BreadcrumbList","@id":"https:\/\/www.nooteboom.com\/de\/wer-wir-sind\/geschichte\/2012-bis-heute-5-generation-marinka-nooteboom\/#breadcrumb","itemListElement":[{"@type":"ListItem","position":1,"name":"Home","item":"https:\/\/www.nooteboom.com\/de\/"},{"@type":"ListItem","position":2,"name":"Wer wir sind","item":"https:\/\/www.nooteboom.com\/de\/wer-wir-sind\/"},{"@type":"ListItem","position":3,"name":"Geschichte","item":"https:\/\/www.nooteboom.com\/de\/wer-wir-sind\/geschichte\/"},{"@type":"ListItem","position":4,"name":"2012 bis heute: 5. Generation: Marinka Nooteboom"}]},{"@type":"WebSite","@id":"https:\/\/www.nooteboom.com\/de\/#website","url":"https:\/\/www.nooteboom.com\/de\/","name":"Nooteboom Trailers","description":"Gets you there.","publisher":{"@id":"https:\/\/www.nooteboom.com\/de\/#organization"},"potentialAction":[{"@type":"SearchAction","target":{"@type":"EntryPoint","urlTemplate":"https:\/\/www.nooteboom.com\/de\/?s={search_term_string}"},"query-input":{"@type":"PropertyValueSpecification","valueRequired":true,"valueName":"search_term_string"}}],"inLanguage":"de"},{"@type":"Organization","@id":"https:\/\/www.nooteboom.com\/de\/#organization","name":"Nooteboom Trailers","url":"https:\/\/www.nooteboom.com\/de\/","logo":{"@type":"ImageObject","inLanguage":"de","@id":"https:\/\/www.nooteboom.com\/de\/#\/schema\/logo\/image\/","url":"https:\/\/www.nooteboom.com\/wp-content\/uploads\/logo.png","contentUrl":"https:\/\/www.nooteboom.com\/wp-content\/uploads\/logo.png","width":111,"height":66,"caption":"Nooteboom Trailers"},"image":{"@id":"https:\/\/www.nooteboom.com\/de\/#\/schema\/logo\/image\/"},"sameAs":["https:\/\/nl-nl.facebook.com\/nooteboomtrailers\/","https:\/\/nl.linkedin.com\/company\/nooteboom-trailers","https:\/\/www.youtube.com\/user\/Nooteboomtrailers"]}]}},"_links":{"self":[{"href":"https:\/\/www.nooteboom.com\/de\/wp-json\/wp\/v2\/pages\/8627","targetHints":{"allow":["GET"]}}],"collection":[{"href":"https:\/\/www.nooteboom.com\/de\/wp-json\/wp\/v2\/pages"}],"about":[{"href":"https:\/\/www.nooteboom.com\/de\/wp-json\/wp\/v2\/types\/page"}],"author":[{"embeddable":true,"href":"https:\/\/www.nooteboom.com\/de\/wp-json\/wp\/v2\/users\/45"}],"replies":[{"embeddable":true,"href":"https:\/\/www.nooteboom.com\/de\/wp-json\/wp\/v2\/comments?post=8627"}],"version-history":[{"count":5,"href":"https:\/\/www.nooteboom.com\/de\/wp-json\/wp\/v2\/pages\/8627\/revisions"}],"predecessor-version":[{"id":1872376,"href":"https:\/\/www.nooteboom.com\/de\/wp-json\/wp\/v2\/pages\/8627\/revisions\/1872376"}],"up":[{"embeddable":true,"href":"https:\/\/www.nooteboom.com\/de\/wp-json\/wp\/v2\/pages\/8613"}],"wp:featuredmedia":[{"embeddable":true,"href":"https:\/\/www.nooteboom.com\/de\/wp-json\/wp\/v2\/media\/1875806"}],"wp:attachment":[{"href":"https:\/\/www.nooteboom.com\/de\/wp-json\/wp\/v2\/media?parent=8627"}],"curies":[{"name":"wp","href":"https:\/\/api.w.org\/{rel}","templated":true}]}}