{"id":8617,"date":"2016-07-28T14:00:18","date_gmt":"2016-07-28T12:00:18","guid":{"rendered":"https:\/\/www.nooteboom.com\/?page_id=8617&#038;lang=de"},"modified":"2016-07-29T16:56:05","modified_gmt":"2016-07-29T14:56:05","slug":"1921-1939-2-generation","status":"publish","type":"page","link":"https:\/\/www.nooteboom.com\/de\/wer-wir-sind\/geschichte\/1921-1939-2-generation\/","title":{"rendered":"1921-1939: 2. Generation"},"content":{"rendered":"<div class=\"wpb-content-wrapper\"><p>[vc_row][vc_column][vc_column_text]Bei seinem Antritt 1921 sieht Henk Jan Nooteboom (Foto) ein Wachstum f\u00fcr Stra\u00dfentransportfahrzeuge voraus.\u00a0Nach der \u00dcbernahme von Gie\u00dfformen einer Stellmacherei folgt die Gr\u00fcndung der Nooteboom Fabrik f\u00fcr Stra\u00dfentransportfahrzeuge.\u00a0Das war ein wichtiger Schritt vom Zulieferer zur Hersteller eines kompletten Produkts.[\/vc_column_text][\/vc_column][\/vc_row][vc_row][vc_column width=&#8220;1\/2&#8243;][vc_single_image image=&#8220;1105&#8243; img_size=&#8220;large&#8220;][vc_single_image image=&#8220;1130&#8243; img_size=&#8220;large&#8220;][\/vc_column][vc_column width=&#8220;1\/2&#8243;][vc_column_text]Es werden vor allem Lastwagen f\u00fcr den Viehtransport gebaut, au\u00dferdem Fahrzeuge f\u00fcr den Personentransport.\u00a0Der Karosseriebau ist sehr gefragt zu dieser Zeit, in der immer mehr Kraftfahrzeuge in Erscheinung treten.\u00a01929 kommt Sohn Anton ins Unternehmen.\u00a0Er beginnt mit der Reparatur von Kraftfahrzeugen.\u00a01933 beschlie\u00dft der 18-j\u00e4hrige Anton, sein Fachwissen \u00fcber Fahrzeugtechnik zu erweitern.\u00a0Deshalb verl\u00e4sst er den elterlichen Betrieb und wechselt zum Autohandel Pietersen.\u00a0Zwei Jahre sp\u00e4ter startet Toon sein eigenes Unternehmen &#8222;Garage der Zukunft&#8220;.\u00a0Nach dem Tod Henk Jan Nootebooms 1939 \u00fcbernimmt Anton Nooteboom die F\u00fchrung des Familienunternehmens.<br \/>\n<a class=\"button\" href=\"https:\/\/www.nooteboom.com\/de\/wer-wir-sind\/geschichte\/\">Zur\u00fcck<\/a>\u00a0<a class=\"button\" href=\"https:\/\/www.nooteboom.com\/de\/wer-wir-sind\/geschichte\/1939-1953-3-generation\/\">1939 \u2013 1953: 3. Generation<\/a>[\/vc_column_text][\/vc_column][\/vc_row][vc_row full_width=&#8220;stretch_row_content_no_spaces&#8220; row_class=&#8220;&#8220;][vc_column]\n\t<div id=\"slider-69f7f0f4d3fbe\" class=\"vc_timeline timeline centered\">\n\n\t\t<ul class=\"slides\">\n\t\t\t\t\t\t\t<li>\n\t\t\t\t\t\t\t\t\t\t<a class=\"timeline__inner\" target=\"\" href=\"https:\/\/www.nooteboom.com\/de\/wer-wir-sind\/geschichte\/1881-1921-1-generation\/\">\n\t\t\t\t\t\t\t\t\t\t\t\t\t\t\t\t\t\t<img decoding=\"async\" src=\"https:\/\/www.nooteboom.com\/wp-content\/uploads\/Nooteboom-horseshoes-fitting-275x165.jpg\" alt=\"1st generation\">\n\t\t\t\t\t\t\t\t\t\t\t\t\t\t\t\t\t\t\t<p class=\"timeline__title\">1881 - 1921: 1. Generation <\/p>\n\t\t\t\t\t\t\t\t\t\t\t\t\t\t\t\t\t\t\t<p>1881 \u00f6ffnete Willem Nooteboom, Sohn eines Schmieds aus Schiebroek, eine eigene Schmiede in Kethel in der N\u00e4he Rotterdams.<\/p>\n\t\t\t\t\t\t\t\t\t\t\t\t\t\t\t\t\t<\/a>\n\t\t\t\t\t\t\t\t\t<\/li>\n\t\t\t\t\t\t\t<li>\n\t\t\t\t\t\t\t\t\t\t<a class=\"timeline__inner\" target=\"\" href=\"https:\/\/www.nooteboom.com\/de\/wer-wir-sind\/geschichte\/1921-1939-2-generation\/\">\n\t\t\t\t\t\t\t\t\t\t\t\t\t\t\t\t\t\t<img decoding=\"async\" src=\"https:\/\/www.nooteboom.com\/wp-content\/uploads\/Henk-Jan-Nooteboom-275x165.jpg\" alt=\"Henk Jan Nooteboom\">\n\t\t\t\t\t\t\t\t\t\t\t\t\t\t\t\t\t\t\t<p class=\"timeline__title\">1921-1939: 2. Generation<\/p>\n\t\t\t\t\t\t\t\t\t\t\t\t\t\t\t\t\t\t\t<p>Bei seinem Antritt 1921 sieht Henk Jan Nooteboom (Foto) ein Wachstum f\u00fcr Stra\u00dfentransportfahrzeuge voraus. Nach der \u00dcbernahme von Gie\u00dfformen einer Stellmacherei folgt die Gr\u00fcndung der Nooteboom Fabrik f\u00fcr Stra\u00dfentransportfahrzeuge.<\/p>\n\t\t\t\t\t\t\t\t\t\t\t\t\t\t\t\t\t<\/a>\n\t\t\t\t\t\t\t\t\t<\/li>\n\t\t\t\t\t\t\t<li>\n\t\t\t\t\t\t\t\t\t\t<a class=\"timeline__inner\" target=\"\" href=\"https:\/\/www.nooteboom.com\/de\/wer-wir-sind\/geschichte\/1939-1953-3-generation\/\">\n\t\t\t\t\t\t\t\t\t\t\t\t\t\t\t\t\t\t<img decoding=\"async\" src=\"https:\/\/www.nooteboom.com\/wp-content\/uploads\/Nooteboom-Tipper-275x165.jpg\" alt=\"Nooteboom Tipper\">\n\t\t\t\t\t\t\t\t\t\t\t\t\t\t\t\t\t\t\t<p class=\"timeline__title\">1939-1953: 3. Generation<\/p>\n\t\t\t\t\t\t\t\t\t\t\t\t\t\t\t\t\t\t\t<p>1939 \u00fcbernimmt Anton Nooteboom das Unternehmen, das unter seiner F\u00fchrung zu einem erfolgreichen Produktionsbetrieb f\u00fcr moderne Nutzfahrzeuge w\u00e4chst.<\/p>\n\t\t\t\t\t\t\t\t\t\t\t\t\t\t\t\t\t<\/a>\n\t\t\t\t\t\t\t\t\t<\/li>\n\t\t\t\t\t\t\t<li>\n\t\t\t\t\t\t\t\t\t\t<a class=\"timeline__inner\" target=\"\" href=\"https:\/\/www.nooteboom.com\/de\/wer-wir-sind\/geschichte\/1953-1979-3-generation\/\">\n\t\t\t\t\t\t\t\t\t\t\t\t\t\t\t\t\t\t<img decoding=\"async\" src=\"https:\/\/www.nooteboom.com\/wp-content\/uploads\/Nooteboom-Utrecht-275x165.jpg\" alt=\"Nooteboom Utrecht\">\n\t\t\t\t\t\t\t\t\t\t\t\t\t\t\t\t\t\t\t<p class=\"timeline__title\">1953-1979: 3. Generation<\/p>\n\t\t\t\t\t\t\t\t\t\t\t\t\t\t\t\t\t\t\t<p>Der Wiederaufbau nach der Flutkatastrophe 1953 in der Provinz Zeeland verursachte eine gro\u00dfe Nachfrage nach Tiefladern und Baggern. 1953 baute Nooteboom den ersten Tieflader mit abnehmbaren Achsen.<\/p>\n\t\t\t\t\t\t\t\t\t\t\t\t\t\t\t\t\t<\/a>\n\t\t\t\t\t\t\t\t\t<\/li>\n\t\t\t\t\t\t\t<li>\n\t\t\t\t\t\t\t\t\t\t<a class=\"timeline__inner\" target=\"\" href=\"https:\/\/www.nooteboom.com\/de\/wer-wir-sind\/geschichte\/1967-1979-4-generation\/\">\n\t\t\t\t\t\t\t\t\t\t\t\t\t\t\t\t\t\t<img decoding=\"async\" src=\"https:\/\/www.nooteboom.com\/wp-content\/uploads\/Nooteboom-ODU-low-loader-275x165.png\" alt=\"Nooteboom ODU low-loader\">\n\t\t\t\t\t\t\t\t\t\t\t\t\t\t\t\t\t\t\t<p class=\"timeline__title\">1967-1979: 4. Generation<\/p>\n\t\t\t\t\t\t\t\t\t\t\t\t\t\t\t\t\t\t\t<p>Anton Nooteboom blieb dem Familienunternehmen bis 1979 verbunden. Bereits 1967 erhielt er Verst\u00e4rkung. Dick Nooteboom kam nach einem Auslandspraktikum als erster Sohn ins Unternehmen. 1970 folgten seine Br\u00fcder Henk und Ton Nooteboom.\n<\/p>\n\t\t\t\t\t\t\t\t\t\t\t\t\t\t\t\t\t<\/a>\n\t\t\t\t\t\t\t\t\t<\/li>\n\t\t\t\t\t\t\t<li>\n\t\t\t\t\t\t\t\t\t\t<a class=\"timeline__inner\" target=\"\" href=\"https:\/\/www.nooteboom.com\/de\/wer-wir-sind\/geschichte\/1979-2012-4-generation\/\">\n\t\t\t\t\t\t\t\t\t\t\t\t\t\t\t\t\t\t<img decoding=\"async\" src=\"https:\/\/www.nooteboom.com\/wp-content\/uploads\/Opening-Nooteboom-Wijchen-with-Neelie-Smit-Kroes-275x165.jpg\" alt=\"Opening Nooteboom Wijchen with Neelie Smit Kroes\">\n\t\t\t\t\t\t\t\t\t\t\t\t\t\t\t\t\t\t\t<p class=\"timeline__title\">1979-2012: 4. Generation<\/p>\n\t\t\t\t\t\t\t\t\t\t\t\t\t\t\t\t\t\t\t<p>Die \u00dcbernahme von C.M.K. in Wijchen f\u00fchrte zur Gr\u00fcndung der Nooteboom Trailers B.V. in Wijchen. Das Unternehmen baute den Export betr\u00e4chtlich aus und richtete ein internationales Ersatzteilsystem ein.\n<\/p>\n\t\t\t\t\t\t\t\t\t\t\t\t\t\t\t\t\t<\/a>\n\t\t\t\t\t\t\t\t\t<\/li>\n\t\t\t\t\t\t\t<li>\n\t\t\t\t\t\t\t\t\t\t<a class=\"timeline__inner\" target=\"\" href=\"https:\/\/www.nooteboom.com\/de\/wer-wir-sind\/geschichte\/2012-bis-heute-5-generation-marinka-nooteboom\/\">\n\t\t\t\t\t\t\t\t\t\t\t\t\t\t\t\t\t\t<img decoding=\"async\" src=\"https:\/\/www.nooteboom.com\/wp-content\/uploads\/Marinka-Nooteboom-1-275x165.jpg\" alt=\"Marinka Nooteboom\">\n\t\t\t\t\t\t\t\t\t\t\t\t\t\t\t\t\t\t\t<p class=\"timeline__title\">2012 bis heute: 5. Generation: Marinka Nooteboom<\/p>\n\t\t\t\t\t\t\t\t\t\t\t\t\t\t\t\t\t\t\t<p>2012 wurde Marinka Nooteboom, Tochter von Henk Nooteboom, zur Gesch\u00e4ftsf\u00fchrerin der Koninklijke Nooteboom Group ernannt, einem Unternehmen mit mittlerweile 350 Mitarbeitern.<\/p>\n\t\t\t\t\t\t\t\t\t\t\t\t\t\t\t\t\t<\/a>\n\t\t\t\t\t\t\t\t\t<\/li>\n\t\t\t\t\t<\/ul>\n\n\t<\/div>\n\n\t<script type=\"text\/javascript\">\n\t\tjQuery( document ).ready( function( $ ) {\n\n\t\t\t$( '#slider-69f7f0f4d3fbe' ).flexslider( {\n\t\t\t\tanimation: 'slide',\n\t\t\t\tanimationLoop: false,\n\t\t\t\titemWidth: 295,\n\t\t\t\titemMargin: 0,\n\t\t\t\tminItems: 1,\n\t\t\t\tmaxItems: 4,\n\t\t\t\tmove: 1,\n\t\t\t\tdirectionNav: true,\n\t\t\t\tcontrolNav: false\n\t\t\t} );\n\n\t\t\t$( '#slider-69f7f0f4d3fbe .timeline__prev' ).on( 'click', function( event ) {\n\n\t\t\t\tevent.preventDefault();\n\t\t\t\t$( '#slider-69f7f0f4d3fbe' ).flexslider( 'prev' )\n\n\t\t\t} );\n\n\t\t\t$( '#slider-69f7f0f4d3fbe .timeline__next' ).on( 'click', function( event ) {\n\n\t\t\t\tevent.preventDefault();\n\t\t\t\t$( '#slider-69f7f0f4d3fbe' ).flexslider( 'next' )\n\n\t\t\t} );\n\n\t\t} );\n\t<\/script>\n\n[\/vc_column][\/vc_row]<\/p>\n<\/div>","protected":false},"excerpt":{"rendered":"[vc_row][vc_column][vc_column_text]Bei seinem Antritt 1921 sieht Henk Jan Nooteboom (Foto) ein Wachstum f\u00fcr Stra\u00dfentransportfahrzeuge voraus.\u00a0Nach der \u00dcbernahme von Gie\u00dfformen einer Stellmacherei&#8230;","protected":false},"author":45,"featured_media":4166,"parent":8613,"menu_order":0,"comment_status":"closed","ping_status":"closed","template":"","meta":{"_acf_changed":false,"inline_featured_image":false,"footnotes":""},"class_list":["post-8617","page","type-page","status-publish","has-post-thumbnail","hentry"],"acf":[],"yoast_head":"<!-- This site is optimized with the Yoast SEO Premium plugin v25.7.1 (Yoast SEO v25.7) - https:\/\/yoast.com\/wordpress\/plugins\/seo\/ -->\n<title>1921-1939: 2. Generation | Nooteboom Trailers<\/title>\n<meta name=\"description\" content=\"Bei seinem Antritt 1921 sieht Henk Jan Nooteboom (Foto) ein Wachstum f\u00fcr Stra\u00dfentransportfahrzeuge voraus.\" \/>\n<meta name=\"robots\" content=\"index, follow, max-snippet:-1, max-image-preview:large, max-video-preview:-1\" \/>\n<link rel=\"canonical\" href=\"https:\/\/www.nooteboom.com\/de\/wer-wir-sind\/geschichte\/1921-1939-2-generation\/\" \/>\n<meta property=\"og:locale\" content=\"de_DE\" \/>\n<meta property=\"og:type\" content=\"article\" \/>\n<meta property=\"og:title\" content=\"1921-1939: 2. Generation\" \/>\n<meta property=\"og:description\" content=\"Bei seinem Antritt 1921 sieht Henk Jan Nooteboom (Foto) ein Wachstum f\u00fcr Stra\u00dfentransportfahrzeuge voraus.\" \/>\n<meta property=\"og:url\" content=\"https:\/\/www.nooteboom.com\/de\/wer-wir-sind\/geschichte\/1921-1939-2-generation\/\" \/>\n<meta property=\"og:site_name\" content=\"Nooteboom Trailers\" \/>\n<meta property=\"article:publisher\" content=\"https:\/\/nl-nl.facebook.com\/nooteboomtrailers\/\" \/>\n<meta property=\"article:modified_time\" content=\"2016-07-29T14:56:05+00:00\" \/>\n<meta property=\"og:image\" content=\"https:\/\/www.nooteboom.com\/wp-content\/uploads\/Nooteboom-aanhangwagen-1.jpg\" \/>\n\t<meta property=\"og:image:width\" content=\"719\" \/>\n\t<meta property=\"og:image:height\" content=\"288\" \/>\n\t<meta property=\"og:image:type\" content=\"image\/jpeg\" \/>\n<meta name=\"twitter:card\" content=\"summary_large_image\" \/>\n<meta name=\"twitter:label1\" content=\"Gesch\u00e4tzte Lesezeit\" \/>\n\t<meta name=\"twitter:data1\" content=\"3\u00a0Minuten\" \/>\n<script type=\"application\/ld+json\" class=\"yoast-schema-graph\">{\"@context\":\"https:\/\/schema.org\",\"@graph\":[{\"@type\":\"WebPage\",\"@id\":\"https:\/\/www.nooteboom.com\/de\/wer-wir-sind\/geschichte\/1921-1939-2-generation\/\",\"url\":\"https:\/\/www.nooteboom.com\/de\/wer-wir-sind\/geschichte\/1921-1939-2-generation\/\",\"name\":\"1921-1939: 2. Generation | Nooteboom Trailers\",\"isPartOf\":{\"@id\":\"https:\/\/www.nooteboom.com\/de\/#website\"},\"primaryImageOfPage\":{\"@id\":\"https:\/\/www.nooteboom.com\/de\/wer-wir-sind\/geschichte\/1921-1939-2-generation\/#primaryimage\"},\"image\":{\"@id\":\"https:\/\/www.nooteboom.com\/de\/wer-wir-sind\/geschichte\/1921-1939-2-generation\/#primaryimage\"},\"thumbnailUrl\":\"https:\/\/www.nooteboom.com\/wp-content\/uploads\/Nooteboom-aanhangwagen-1.jpg\",\"datePublished\":\"2016-07-28T12:00:18+00:00\",\"dateModified\":\"2016-07-29T14:56:05+00:00\",\"description\":\"Bei seinem Antritt 1921 sieht Henk Jan Nooteboom (Foto) ein Wachstum f\u00fcr Stra\u00dfentransportfahrzeuge voraus.\",\"breadcrumb\":{\"@id\":\"https:\/\/www.nooteboom.com\/de\/wer-wir-sind\/geschichte\/1921-1939-2-generation\/#breadcrumb\"},\"inLanguage\":\"de\",\"potentialAction\":[{\"@type\":\"ReadAction\",\"target\":[\"https:\/\/www.nooteboom.com\/de\/wer-wir-sind\/geschichte\/1921-1939-2-generation\/\"]}]},{\"@type\":\"ImageObject\",\"inLanguage\":\"de\",\"@id\":\"https:\/\/www.nooteboom.com\/de\/wer-wir-sind\/geschichte\/1921-1939-2-generation\/#primaryimage\",\"url\":\"https:\/\/www.nooteboom.com\/wp-content\/uploads\/Nooteboom-aanhangwagen-1.jpg\",\"contentUrl\":\"https:\/\/www.nooteboom.com\/wp-content\/uploads\/Nooteboom-aanhangwagen-1.jpg\",\"width\":719,\"height\":288,\"caption\":\"Nooteboom-Lastwagen f\u00fcr den Viehtransport\"},{\"@type\":\"BreadcrumbList\",\"@id\":\"https:\/\/www.nooteboom.com\/de\/wer-wir-sind\/geschichte\/1921-1939-2-generation\/#breadcrumb\",\"itemListElement\":[{\"@type\":\"ListItem\",\"position\":1,\"name\":\"Home\",\"item\":\"https:\/\/www.nooteboom.com\/de\/\"},{\"@type\":\"ListItem\",\"position\":2,\"name\":\"Wer wir sind\",\"item\":\"https:\/\/www.nooteboom.com\/de\/wer-wir-sind\/\"},{\"@type\":\"ListItem\",\"position\":3,\"name\":\"Geschichte\",\"item\":\"https:\/\/www.nooteboom.com\/de\/wer-wir-sind\/geschichte\/\"},{\"@type\":\"ListItem\",\"position\":4,\"name\":\"1921-1939: 2. Generation\"}]},{\"@type\":\"WebSite\",\"@id\":\"https:\/\/www.nooteboom.com\/de\/#website\",\"url\":\"https:\/\/www.nooteboom.com\/de\/\",\"name\":\"Nooteboom Trailers\",\"description\":\"Gets you there.\",\"publisher\":{\"@id\":\"https:\/\/www.nooteboom.com\/de\/#organization\"},\"potentialAction\":[{\"@type\":\"SearchAction\",\"target\":{\"@type\":\"EntryPoint\",\"urlTemplate\":\"https:\/\/www.nooteboom.com\/de\/?s={search_term_string}\"},\"query-input\":{\"@type\":\"PropertyValueSpecification\",\"valueRequired\":true,\"valueName\":\"search_term_string\"}}],\"inLanguage\":\"de\"},{\"@type\":\"Organization\",\"@id\":\"https:\/\/www.nooteboom.com\/de\/#organization\",\"name\":\"Nooteboom Trailers\",\"url\":\"https:\/\/www.nooteboom.com\/de\/\",\"logo\":{\"@type\":\"ImageObject\",\"inLanguage\":\"de\",\"@id\":\"https:\/\/www.nooteboom.com\/de\/#\/schema\/logo\/image\/\",\"url\":\"https:\/\/www.nooteboom.com\/wp-content\/uploads\/logo.png\",\"contentUrl\":\"https:\/\/www.nooteboom.com\/wp-content\/uploads\/logo.png\",\"width\":111,\"height\":66,\"caption\":\"Nooteboom Trailers\"},\"image\":{\"@id\":\"https:\/\/www.nooteboom.com\/de\/#\/schema\/logo\/image\/\"},\"sameAs\":[\"https:\/\/nl-nl.facebook.com\/nooteboomtrailers\/\",\"https:\/\/nl.linkedin.com\/company\/nooteboom-trailers\",\"https:\/\/www.youtube.com\/user\/Nooteboomtrailers\"]}]}<\/script>\n<!-- \/ Yoast SEO Premium plugin. -->","yoast_head_json":{"title":"1921-1939: 2. Generation | Nooteboom Trailers","description":"Bei seinem Antritt 1921 sieht Henk Jan Nooteboom (Foto) ein Wachstum f\u00fcr Stra\u00dfentransportfahrzeuge voraus.","robots":{"index":"index","follow":"follow","max-snippet":"max-snippet:-1","max-image-preview":"max-image-preview:large","max-video-preview":"max-video-preview:-1"},"canonical":"https:\/\/www.nooteboom.com\/de\/wer-wir-sind\/geschichte\/1921-1939-2-generation\/","og_locale":"de_DE","og_type":"article","og_title":"1921-1939: 2. Generation","og_description":"Bei seinem Antritt 1921 sieht Henk Jan Nooteboom (Foto) ein Wachstum f\u00fcr Stra\u00dfentransportfahrzeuge voraus.","og_url":"https:\/\/www.nooteboom.com\/de\/wer-wir-sind\/geschichte\/1921-1939-2-generation\/","og_site_name":"Nooteboom Trailers","article_publisher":"https:\/\/nl-nl.facebook.com\/nooteboomtrailers\/","article_modified_time":"2016-07-29T14:56:05+00:00","og_image":[{"width":719,"height":288,"url":"https:\/\/www.nooteboom.com\/wp-content\/uploads\/Nooteboom-aanhangwagen-1.jpg","type":"image\/jpeg"}],"twitter_card":"summary_large_image","twitter_misc":{"Gesch\u00e4tzte Lesezeit":"3\u00a0Minuten"},"schema":{"@context":"https:\/\/schema.org","@graph":[{"@type":"WebPage","@id":"https:\/\/www.nooteboom.com\/de\/wer-wir-sind\/geschichte\/1921-1939-2-generation\/","url":"https:\/\/www.nooteboom.com\/de\/wer-wir-sind\/geschichte\/1921-1939-2-generation\/","name":"1921-1939: 2. Generation | Nooteboom Trailers","isPartOf":{"@id":"https:\/\/www.nooteboom.com\/de\/#website"},"primaryImageOfPage":{"@id":"https:\/\/www.nooteboom.com\/de\/wer-wir-sind\/geschichte\/1921-1939-2-generation\/#primaryimage"},"image":{"@id":"https:\/\/www.nooteboom.com\/de\/wer-wir-sind\/geschichte\/1921-1939-2-generation\/#primaryimage"},"thumbnailUrl":"https:\/\/www.nooteboom.com\/wp-content\/uploads\/Nooteboom-aanhangwagen-1.jpg","datePublished":"2016-07-28T12:00:18+00:00","dateModified":"2016-07-29T14:56:05+00:00","description":"Bei seinem Antritt 1921 sieht Henk Jan Nooteboom (Foto) ein Wachstum f\u00fcr Stra\u00dfentransportfahrzeuge voraus.","breadcrumb":{"@id":"https:\/\/www.nooteboom.com\/de\/wer-wir-sind\/geschichte\/1921-1939-2-generation\/#breadcrumb"},"inLanguage":"de","potentialAction":[{"@type":"ReadAction","target":["https:\/\/www.nooteboom.com\/de\/wer-wir-sind\/geschichte\/1921-1939-2-generation\/"]}]},{"@type":"ImageObject","inLanguage":"de","@id":"https:\/\/www.nooteboom.com\/de\/wer-wir-sind\/geschichte\/1921-1939-2-generation\/#primaryimage","url":"https:\/\/www.nooteboom.com\/wp-content\/uploads\/Nooteboom-aanhangwagen-1.jpg","contentUrl":"https:\/\/www.nooteboom.com\/wp-content\/uploads\/Nooteboom-aanhangwagen-1.jpg","width":719,"height":288,"caption":"Nooteboom-Lastwagen f\u00fcr den Viehtransport"},{"@type":"BreadcrumbList","@id":"https:\/\/www.nooteboom.com\/de\/wer-wir-sind\/geschichte\/1921-1939-2-generation\/#breadcrumb","itemListElement":[{"@type":"ListItem","position":1,"name":"Home","item":"https:\/\/www.nooteboom.com\/de\/"},{"@type":"ListItem","position":2,"name":"Wer wir sind","item":"https:\/\/www.nooteboom.com\/de\/wer-wir-sind\/"},{"@type":"ListItem","position":3,"name":"Geschichte","item":"https:\/\/www.nooteboom.com\/de\/wer-wir-sind\/geschichte\/"},{"@type":"ListItem","position":4,"name":"1921-1939: 2. Generation"}]},{"@type":"WebSite","@id":"https:\/\/www.nooteboom.com\/de\/#website","url":"https:\/\/www.nooteboom.com\/de\/","name":"Nooteboom Trailers","description":"Gets you there.","publisher":{"@id":"https:\/\/www.nooteboom.com\/de\/#organization"},"potentialAction":[{"@type":"SearchAction","target":{"@type":"EntryPoint","urlTemplate":"https:\/\/www.nooteboom.com\/de\/?s={search_term_string}"},"query-input":{"@type":"PropertyValueSpecification","valueRequired":true,"valueName":"search_term_string"}}],"inLanguage":"de"},{"@type":"Organization","@id":"https:\/\/www.nooteboom.com\/de\/#organization","name":"Nooteboom Trailers","url":"https:\/\/www.nooteboom.com\/de\/","logo":{"@type":"ImageObject","inLanguage":"de","@id":"https:\/\/www.nooteboom.com\/de\/#\/schema\/logo\/image\/","url":"https:\/\/www.nooteboom.com\/wp-content\/uploads\/logo.png","contentUrl":"https:\/\/www.nooteboom.com\/wp-content\/uploads\/logo.png","width":111,"height":66,"caption":"Nooteboom Trailers"},"image":{"@id":"https:\/\/www.nooteboom.com\/de\/#\/schema\/logo\/image\/"},"sameAs":["https:\/\/nl-nl.facebook.com\/nooteboomtrailers\/","https:\/\/nl.linkedin.com\/company\/nooteboom-trailers","https:\/\/www.youtube.com\/user\/Nooteboomtrailers"]}]}},"_links":{"self":[{"href":"https:\/\/www.nooteboom.com\/de\/wp-json\/wp\/v2\/pages\/8617","targetHints":{"allow":["GET"]}}],"collection":[{"href":"https:\/\/www.nooteboom.com\/de\/wp-json\/wp\/v2\/pages"}],"about":[{"href":"https:\/\/www.nooteboom.com\/de\/wp-json\/wp\/v2\/types\/page"}],"author":[{"embeddable":true,"href":"https:\/\/www.nooteboom.com\/de\/wp-json\/wp\/v2\/users\/45"}],"replies":[{"embeddable":true,"href":"https:\/\/www.nooteboom.com\/de\/wp-json\/wp\/v2\/comments?post=8617"}],"version-history":[{"count":5,"href":"https:\/\/www.nooteboom.com\/de\/wp-json\/wp\/v2\/pages\/8617\/revisions"}],"predecessor-version":[{"id":9086,"href":"https:\/\/www.nooteboom.com\/de\/wp-json\/wp\/v2\/pages\/8617\/revisions\/9086"}],"up":[{"embeddable":true,"href":"https:\/\/www.nooteboom.com\/de\/wp-json\/wp\/v2\/pages\/8613"}],"wp:featuredmedia":[{"embeddable":true,"href":"https:\/\/www.nooteboom.com\/de\/wp-json\/wp\/v2\/media\/4166"}],"wp:attachment":[{"href":"https:\/\/www.nooteboom.com\/de\/wp-json\/wp\/v2\/media?parent=8617"}],"curies":[{"name":"wp","href":"https:\/\/api.w.org\/{rel}","templated":true}]}}