{"id":8611,"date":"2016-07-28T13:58:05","date_gmt":"2016-07-28T11:58:05","guid":{"rendered":"https:\/\/www.nooteboom.com\/?page_id=8611&#038;lang=de"},"modified":"2021-04-07T09:11:24","modified_gmt":"2021-04-07T07:11:24","slug":"ueber-nooteboom","status":"publish","type":"page","link":"https:\/\/www.nooteboom.com\/de\/wer-wir-sind\/ueber-nooteboom\/","title":{"rendered":"\u00dcber Nooteboom"},"content":{"rendered":"<div class=\"wpb-content-wrapper\"><p>[vc_row][vc_column][vc_column_text]Nooteboom Trailers B.V., ein Familienunternehmen, das im Jahre 1881 gegr\u00fcndet wurde, ist eine internationale Organisation, die ihren Kunden Komplettl\u00f6sungen auf dem Gebiet der Spezialtransporte anbietet. Nooteboom entwirft und baut Anh\u00e4nger der h\u00f6chsten Qualit\u00e4t mit Nutzlasten von 20 bis 200 Tonnen.<\/p>\n<p>Mit dem internationalen Service-Konzept stellt Nooteboom ebenfalls zuverl\u00e4ssige Wartungs-, Service- und \u00dcberholungsdienstleistungen ebenso wie die Lieferung von Ersatzteilen bereit. Zum Leistungsumfang geh\u00f6ren auch der An- und Verkauf von gebrauchten Anh\u00e4ngern.[\/vc_column_text][\/vc_column][\/vc_row][vc_row][vc_column width=&#8220;1\/2&#8243;][vc_single_image image=&#8220;30467&#8243; img_size=&#8220;large&#8220; css_animation=&#8220;left-to-right&#8220;][\/vc_column][vc_column width=&#8220;1\/2&#8243;][vc_column_text]Nooteboom strebt best\u00e4ndig nach Verbesserungen, um kontinuierlich in die besten L\u00f6sungen f\u00fcr die Kunden zu investieren. Und das durch Denken und Arbeiten auf eine Weise, die neue Wege aufzeigen. Sei es die Qualit\u00e4t der Produkte, sei es der Support der \u00fcber das Konzept des Lebenszyklus-Service angeboten wird, oder seien es die zahlreichen innovativen L\u00f6sungen, mit denen Nooteboom wieder und wieder Trends setzt. Aufgrund der niedrigen Gesamtbetriebskosten hilft Nooteboom Eigent\u00fcmern bei der Maximierung der Gesamtrendite. Das bedeutet, dass weniger Wartungsarbeiten in der Werkstatt ausgef\u00fchrt werden m\u00fcssen, wodurch das Fahrzeug effizienter eingesetzt werden kann, und der Fahrer genie\u00dft den benutzerfreundlichsten Fahrzeugbetrieb. Mit einem Wort: Nooteboom <strong><em>Gets you there.\u00a0<\/em><\/strong><\/p>\n<p>Der Stammsitz von Nooteboom befindet sich in Wijchen, in den Niederlanden, und die Besch\u00e4ftigungszahl betr\u00e4gt mehr als 500 Mitarbeiter<strong>.<\/strong> Der Umsatz des Unternehmens bel\u00e4uft sich auf ca. 100 Millionen Euro mit gesunder Bilanz.<\/p>\n<p><a class=\"button\" href=\"https:\/\/www.nooteboom.com\/de\/wer-wir-sind\/werte\/\">Werte<\/a>[\/vc_column_text][\/vc_column][\/vc_row]<\/p>\n<\/div>","protected":false},"excerpt":{"rendered":"[vc_row][vc_column][vc_column_text]Nooteboom Trailers B.V., ein Familienunternehmen, das im Jahre 1881 gegr\u00fcndet wurde, ist eine internationale Organisation, die ihren Kunden Komplettl\u00f6sungen auf&#8230;","protected":false},"author":45,"featured_media":2383475,"parent":8609,"menu_order":1,"comment_status":"closed","ping_status":"closed","template":"","meta":{"_acf_changed":false,"inline_featured_image":false,"footnotes":""},"class_list":["post-8611","page","type-page","status-publish","has-post-thumbnail","hentry"],"acf":[],"yoast_head":"<!-- This site is optimized with the Yoast SEO Premium plugin v25.7.1 (Yoast SEO v25.7) - https:\/\/yoast.com\/wordpress\/plugins\/seo\/ -->\n<title>\u00dcber Nooteboom | Nooteboom Trailers<\/title>\n<meta name=\"description\" content=\"Nooteboom Trailers B.V., ein Familienunternehmen, das im Jahre 1881 gegr\u00fcndet wurde, ist eine internationale Organisation,\" \/>\n<meta name=\"robots\" content=\"index, follow, max-snippet:-1, max-image-preview:large, max-video-preview:-1\" \/>\n<link rel=\"canonical\" href=\"https:\/\/www.nooteboom.com\/de\/wer-wir-sind\/ueber-nooteboom\/\" \/>\n<meta property=\"og:locale\" content=\"de_DE\" \/>\n<meta property=\"og:type\" content=\"article\" \/>\n<meta property=\"og:title\" content=\"\u00dcber Nooteboom\" \/>\n<meta property=\"og:description\" content=\"Nooteboom Trailers B.V., ein Familienunternehmen, das im Jahre 1881 gegr\u00fcndet wurde, ist eine internationale Organisation,\" \/>\n<meta property=\"og:url\" content=\"https:\/\/www.nooteboom.com\/de\/wer-wir-sind\/ueber-nooteboom\/\" \/>\n<meta property=\"og:site_name\" content=\"Nooteboom Trailers\" \/>\n<meta property=\"article:publisher\" content=\"https:\/\/nl-nl.facebook.com\/nooteboomtrailers\/\" \/>\n<meta property=\"article:modified_time\" content=\"2021-04-07T07:11:24+00:00\" \/>\n<meta property=\"og:image\" content=\"https:\/\/www.nooteboom.com\/wp-content\/uploads\/who-we-are-1.jpg\" \/>\n\t<meta property=\"og:image:width\" content=\"2000\" \/>\n\t<meta property=\"og:image:height\" content=\"980\" \/>\n\t<meta property=\"og:image:type\" content=\"image\/jpeg\" \/>\n<meta name=\"twitter:card\" content=\"summary_large_image\" \/>\n<meta name=\"twitter:label1\" content=\"Gesch\u00e4tzte Lesezeit\" \/>\n\t<meta name=\"twitter:data1\" content=\"1\u00a0Minute\" \/>\n<script type=\"application\/ld+json\" class=\"yoast-schema-graph\">{\"@context\":\"https:\/\/schema.org\",\"@graph\":[{\"@type\":\"WebPage\",\"@id\":\"https:\/\/www.nooteboom.com\/de\/wer-wir-sind\/ueber-nooteboom\/\",\"url\":\"https:\/\/www.nooteboom.com\/de\/wer-wir-sind\/ueber-nooteboom\/\",\"name\":\"\u00dcber Nooteboom | Nooteboom Trailers\",\"isPartOf\":{\"@id\":\"https:\/\/www.nooteboom.com\/de\/#website\"},\"primaryImageOfPage\":{\"@id\":\"https:\/\/www.nooteboom.com\/de\/wer-wir-sind\/ueber-nooteboom\/#primaryimage\"},\"image\":{\"@id\":\"https:\/\/www.nooteboom.com\/de\/wer-wir-sind\/ueber-nooteboom\/#primaryimage\"},\"thumbnailUrl\":\"https:\/\/www.nooteboom.com\/wp-content\/uploads\/Cover-nooteboom.jpg\",\"datePublished\":\"2016-07-28T11:58:05+00:00\",\"dateModified\":\"2021-04-07T07:11:24+00:00\",\"description\":\"Nooteboom Trailers B.V., ein Familienunternehmen, das im Jahre 1881 gegr\u00fcndet wurde, ist eine internationale Organisation,\",\"breadcrumb\":{\"@id\":\"https:\/\/www.nooteboom.com\/de\/wer-wir-sind\/ueber-nooteboom\/#breadcrumb\"},\"inLanguage\":\"de\",\"potentialAction\":[{\"@type\":\"ReadAction\",\"target\":[\"https:\/\/www.nooteboom.com\/de\/wer-wir-sind\/ueber-nooteboom\/\"]}]},{\"@type\":\"ImageObject\",\"inLanguage\":\"de\",\"@id\":\"https:\/\/www.nooteboom.com\/de\/wer-wir-sind\/ueber-nooteboom\/#primaryimage\",\"url\":\"https:\/\/www.nooteboom.com\/wp-content\/uploads\/Cover-nooteboom.jpg\",\"contentUrl\":\"https:\/\/www.nooteboom.com\/wp-content\/uploads\/Cover-nooteboom.jpg\",\"width\":1920,\"height\":1235},{\"@type\":\"BreadcrumbList\",\"@id\":\"https:\/\/www.nooteboom.com\/de\/wer-wir-sind\/ueber-nooteboom\/#breadcrumb\",\"itemListElement\":[{\"@type\":\"ListItem\",\"position\":1,\"name\":\"Home\",\"item\":\"https:\/\/www.nooteboom.com\/de\/\"},{\"@type\":\"ListItem\",\"position\":2,\"name\":\"Wer wir sind\",\"item\":\"https:\/\/www.nooteboom.com\/de\/wer-wir-sind\/\"},{\"@type\":\"ListItem\",\"position\":3,\"name\":\"\u00dcber Nooteboom\"}]},{\"@type\":\"WebSite\",\"@id\":\"https:\/\/www.nooteboom.com\/de\/#website\",\"url\":\"https:\/\/www.nooteboom.com\/de\/\",\"name\":\"Nooteboom Trailers\",\"description\":\"Gets you there.\",\"publisher\":{\"@id\":\"https:\/\/www.nooteboom.com\/de\/#organization\"},\"potentialAction\":[{\"@type\":\"SearchAction\",\"target\":{\"@type\":\"EntryPoint\",\"urlTemplate\":\"https:\/\/www.nooteboom.com\/de\/?s={search_term_string}\"},\"query-input\":{\"@type\":\"PropertyValueSpecification\",\"valueRequired\":true,\"valueName\":\"search_term_string\"}}],\"inLanguage\":\"de\"},{\"@type\":\"Organization\",\"@id\":\"https:\/\/www.nooteboom.com\/de\/#organization\",\"name\":\"Nooteboom Trailers\",\"url\":\"https:\/\/www.nooteboom.com\/de\/\",\"logo\":{\"@type\":\"ImageObject\",\"inLanguage\":\"de\",\"@id\":\"https:\/\/www.nooteboom.com\/de\/#\/schema\/logo\/image\/\",\"url\":\"https:\/\/www.nooteboom.com\/wp-content\/uploads\/logo.png\",\"contentUrl\":\"https:\/\/www.nooteboom.com\/wp-content\/uploads\/logo.png\",\"width\":111,\"height\":66,\"caption\":\"Nooteboom Trailers\"},\"image\":{\"@id\":\"https:\/\/www.nooteboom.com\/de\/#\/schema\/logo\/image\/\"},\"sameAs\":[\"https:\/\/nl-nl.facebook.com\/nooteboomtrailers\/\",\"https:\/\/nl.linkedin.com\/company\/nooteboom-trailers\",\"https:\/\/www.youtube.com\/user\/Nooteboomtrailers\"]}]}<\/script>\n<!-- \/ Yoast SEO Premium plugin. -->","yoast_head_json":{"title":"\u00dcber Nooteboom | Nooteboom Trailers","description":"Nooteboom Trailers B.V., ein Familienunternehmen, das im Jahre 1881 gegr\u00fcndet wurde, ist eine internationale Organisation,","robots":{"index":"index","follow":"follow","max-snippet":"max-snippet:-1","max-image-preview":"max-image-preview:large","max-video-preview":"max-video-preview:-1"},"canonical":"https:\/\/www.nooteboom.com\/de\/wer-wir-sind\/ueber-nooteboom\/","og_locale":"de_DE","og_type":"article","og_title":"\u00dcber Nooteboom","og_description":"Nooteboom Trailers B.V., ein Familienunternehmen, das im Jahre 1881 gegr\u00fcndet wurde, ist eine internationale Organisation,","og_url":"https:\/\/www.nooteboom.com\/de\/wer-wir-sind\/ueber-nooteboom\/","og_site_name":"Nooteboom Trailers","article_publisher":"https:\/\/nl-nl.facebook.com\/nooteboomtrailers\/","article_modified_time":"2021-04-07T07:11:24+00:00","og_image":[{"width":2000,"height":980,"url":"https:\/\/www.nooteboom.com\/wp-content\/uploads\/who-we-are-1.jpg","type":"image\/jpeg"}],"twitter_card":"summary_large_image","twitter_misc":{"Gesch\u00e4tzte Lesezeit":"1\u00a0Minute"},"schema":{"@context":"https:\/\/schema.org","@graph":[{"@type":"WebPage","@id":"https:\/\/www.nooteboom.com\/de\/wer-wir-sind\/ueber-nooteboom\/","url":"https:\/\/www.nooteboom.com\/de\/wer-wir-sind\/ueber-nooteboom\/","name":"\u00dcber Nooteboom | Nooteboom Trailers","isPartOf":{"@id":"https:\/\/www.nooteboom.com\/de\/#website"},"primaryImageOfPage":{"@id":"https:\/\/www.nooteboom.com\/de\/wer-wir-sind\/ueber-nooteboom\/#primaryimage"},"image":{"@id":"https:\/\/www.nooteboom.com\/de\/wer-wir-sind\/ueber-nooteboom\/#primaryimage"},"thumbnailUrl":"https:\/\/www.nooteboom.com\/wp-content\/uploads\/Cover-nooteboom.jpg","datePublished":"2016-07-28T11:58:05+00:00","dateModified":"2021-04-07T07:11:24+00:00","description":"Nooteboom Trailers B.V., ein Familienunternehmen, das im Jahre 1881 gegr\u00fcndet wurde, ist eine internationale Organisation,","breadcrumb":{"@id":"https:\/\/www.nooteboom.com\/de\/wer-wir-sind\/ueber-nooteboom\/#breadcrumb"},"inLanguage":"de","potentialAction":[{"@type":"ReadAction","target":["https:\/\/www.nooteboom.com\/de\/wer-wir-sind\/ueber-nooteboom\/"]}]},{"@type":"ImageObject","inLanguage":"de","@id":"https:\/\/www.nooteboom.com\/de\/wer-wir-sind\/ueber-nooteboom\/#primaryimage","url":"https:\/\/www.nooteboom.com\/wp-content\/uploads\/Cover-nooteboom.jpg","contentUrl":"https:\/\/www.nooteboom.com\/wp-content\/uploads\/Cover-nooteboom.jpg","width":1920,"height":1235},{"@type":"BreadcrumbList","@id":"https:\/\/www.nooteboom.com\/de\/wer-wir-sind\/ueber-nooteboom\/#breadcrumb","itemListElement":[{"@type":"ListItem","position":1,"name":"Home","item":"https:\/\/www.nooteboom.com\/de\/"},{"@type":"ListItem","position":2,"name":"Wer wir sind","item":"https:\/\/www.nooteboom.com\/de\/wer-wir-sind\/"},{"@type":"ListItem","position":3,"name":"\u00dcber Nooteboom"}]},{"@type":"WebSite","@id":"https:\/\/www.nooteboom.com\/de\/#website","url":"https:\/\/www.nooteboom.com\/de\/","name":"Nooteboom Trailers","description":"Gets you there.","publisher":{"@id":"https:\/\/www.nooteboom.com\/de\/#organization"},"potentialAction":[{"@type":"SearchAction","target":{"@type":"EntryPoint","urlTemplate":"https:\/\/www.nooteboom.com\/de\/?s={search_term_string}"},"query-input":{"@type":"PropertyValueSpecification","valueRequired":true,"valueName":"search_term_string"}}],"inLanguage":"de"},{"@type":"Organization","@id":"https:\/\/www.nooteboom.com\/de\/#organization","name":"Nooteboom Trailers","url":"https:\/\/www.nooteboom.com\/de\/","logo":{"@type":"ImageObject","inLanguage":"de","@id":"https:\/\/www.nooteboom.com\/de\/#\/schema\/logo\/image\/","url":"https:\/\/www.nooteboom.com\/wp-content\/uploads\/logo.png","contentUrl":"https:\/\/www.nooteboom.com\/wp-content\/uploads\/logo.png","width":111,"height":66,"caption":"Nooteboom Trailers"},"image":{"@id":"https:\/\/www.nooteboom.com\/de\/#\/schema\/logo\/image\/"},"sameAs":["https:\/\/nl-nl.facebook.com\/nooteboomtrailers\/","https:\/\/nl.linkedin.com\/company\/nooteboom-trailers","https:\/\/www.youtube.com\/user\/Nooteboomtrailers"]}]}},"_links":{"self":[{"href":"https:\/\/www.nooteboom.com\/de\/wp-json\/wp\/v2\/pages\/8611","targetHints":{"allow":["GET"]}}],"collection":[{"href":"https:\/\/www.nooteboom.com\/de\/wp-json\/wp\/v2\/pages"}],"about":[{"href":"https:\/\/www.nooteboom.com\/de\/wp-json\/wp\/v2\/types\/page"}],"author":[{"embeddable":true,"href":"https:\/\/www.nooteboom.com\/de\/wp-json\/wp\/v2\/users\/45"}],"replies":[{"embeddable":true,"href":"https:\/\/www.nooteboom.com\/de\/wp-json\/wp\/v2\/comments?post=8611"}],"version-history":[{"count":9,"href":"https:\/\/www.nooteboom.com\/de\/wp-json\/wp\/v2\/pages\/8611\/revisions"}],"predecessor-version":[{"id":1872257,"href":"https:\/\/www.nooteboom.com\/de\/wp-json\/wp\/v2\/pages\/8611\/revisions\/1872257"}],"up":[{"embeddable":true,"href":"https:\/\/www.nooteboom.com\/de\/wp-json\/wp\/v2\/pages\/8609"}],"wp:featuredmedia":[{"embeddable":true,"href":"https:\/\/www.nooteboom.com\/de\/wp-json\/wp\/v2\/media\/2383475"}],"wp:attachment":[{"href":"https:\/\/www.nooteboom.com\/de\/wp-json\/wp\/v2\/media?parent=8611"}],"curies":[{"name":"wp","href":"https:\/\/api.w.org\/{rel}","templated":true}]}}