{"id":8609,"date":"2016-07-28T13:57:31","date_gmt":"2016-07-28T11:57:31","guid":{"rendered":"https:\/\/www.nooteboom.com\/?page_id=8609&#038;lang=de"},"modified":"2023-02-08T08:18:53","modified_gmt":"2023-02-08T07:18:53","slug":"wer-wir-sind","status":"publish","type":"page","link":"https:\/\/www.nooteboom.com\/de\/wer-wir-sind\/","title":{"rendered":"Wer wir sind"},"content":{"rendered":"<div class=\"wpb-content-wrapper\"><p>[vc_row][vc_column][vc_column_text]<\/p>\n<h2>Unternehmen<\/h2>\n<p>Nooteboom Trailers B.V., ein Familienunternehmen, das im Jahre 1881 gegr\u00fcndet wurde, ist eine internationale Organisation, die ihren Kunden Komplettl\u00f6sungen auf dem Gebiet der Spezialtransporte anbietet. Nooteboom entwirft und baut Anh\u00e4nger der h\u00f6chsten Qualit\u00e4t mit Nutzlasten von 20 bis 200 Tonnen.<\/p>\n<p>Mit dem internationalen Service-Konzept stellt Nooteboom ebenfalls zuverl\u00e4ssige Wartungs-, Service- und \u00dcberholungsdienstleistungen ebenso wie die Lieferung von Ersatzteilen bereit. Zum Leistungsumfang geh\u00f6ren auch der An- und Verkauf von gebrauchten Auflieger.<\/p>\n<p><a class=\"button\" href=\"https:\/\/www.nooteboom.com\/de\/wer-wir-sind\/ueber-nooteboom\/\">Lesen Sie mehr<\/a>[\/vc_column_text][\/vc_column][\/vc_row][vc_row][vc_column width=&#8220;1\/2&#8243;][vc_single_image image=&#8220;960&#8243; img_size=&#8220;large&#8220;][vc_column_text]<\/p>\n<h2>Innovation<\/h2>\n<p>Seit der Gr\u00fcndung des Unternehmens im Jahre 1881 spielten Innovationen bei Nooteboom eine zentrale Rolle. Bahnbrechende Innovationen stellen sicher, dass Auflieger von Nooteboom auf dem Markt f\u00fcr Spezialtransporte f\u00fchrend sind.<\/p>\n<p><a class=\"button\" href=\"https:\/\/www.nooteboom.com\/de\/wer-wir-sind\/innovation\/\">Lesen Sie mehr<\/a>[\/vc_column_text][\/vc_column][vc_column width=&#8220;1\/2&#8243;][vc_single_image image=&#8220;972&#8243; img_size=&#8220;large&#8220;][vc_column_text]<\/p>\n<h2>Geschichte<\/h2>\n<p>Marinka Nooteboom ist Gesch\u00e4ftsf\u00fchrerin der Koninklijke Nooteboom Gruppe. Die erste Frau an der Spitze eines Familienunternehmens, das 1881 von ihrem Ururgro\u00dfvater, dem Schmied Willem Nooteboom, gegr\u00fcndet wurde.<\/p>\n<p><a class=\"button\" href=\"https:\/\/www.nooteboom.com\/de\/wer-wir-sind\/geschichte\/\">Lesen Sie mehr<\/a>[\/vc_column_text][\/vc_column][\/vc_row]<\/p>\n<\/div>","protected":false},"excerpt":{"rendered":"[vc_row][vc_column][vc_column_text] Unternehmen Nooteboom Trailers B.V., ein Familienunternehmen, das im Jahre 1881 gegr\u00fcndet wurde, ist eine internationale Organisation, die ihren Kunden&#8230;","protected":false},"author":45,"featured_media":3901,"parent":0,"menu_order":0,"comment_status":"closed","ping_status":"closed","template":"","meta":{"_acf_changed":false,"inline_featured_image":false,"footnotes":""},"class_list":["post-8609","page","type-page","status-publish","has-post-thumbnail","hentry"],"acf":[],"yoast_head":"<!-- This site is optimized with the Yoast SEO Premium plugin v25.7.1 (Yoast SEO v25.7) - https:\/\/yoast.com\/wordpress\/plugins\/seo\/ -->\n<title>Wer wir sind | Nooteboom Trailers<\/title>\n<meta name=\"description\" content=\"Nooteboom Trailers B.V., ein Familienunternehmen, ist eine Organisation, die ihren Kunden Komplettl\u00f6sungen auf dem Gebiet der Spezialtransporte anbietet.\" \/>\n<meta name=\"robots\" content=\"index, follow, max-snippet:-1, max-image-preview:large, max-video-preview:-1\" \/>\n<link rel=\"canonical\" href=\"https:\/\/www.nooteboom.com\/de\/wer-wir-sind\/\" \/>\n<meta property=\"og:locale\" content=\"de_DE\" \/>\n<meta property=\"og:type\" content=\"article\" \/>\n<meta property=\"og:title\" content=\"Wer wir sind\" \/>\n<meta property=\"og:description\" content=\"Nooteboom Trailers B.V., ein Familienunternehmen, ist eine Organisation, die ihren Kunden Komplettl\u00f6sungen auf dem Gebiet der Spezialtransporte anbietet.\" \/>\n<meta property=\"og:url\" content=\"https:\/\/www.nooteboom.com\/de\/wer-wir-sind\/\" \/>\n<meta property=\"og:site_name\" content=\"Nooteboom Trailers\" \/>\n<meta property=\"article:publisher\" content=\"https:\/\/nl-nl.facebook.com\/nooteboomtrailers\/\" \/>\n<meta property=\"article:modified_time\" content=\"2023-02-08T07:18:53+00:00\" \/>\n<meta property=\"og:image\" content=\"https:\/\/www.nooteboom.com\/wp-content\/uploads\/who-we-are-1.jpg\" \/>\n\t<meta property=\"og:image:width\" content=\"2000\" \/>\n\t<meta property=\"og:image:height\" content=\"980\" \/>\n\t<meta property=\"og:image:type\" content=\"image\/jpeg\" \/>\n<meta name=\"twitter:card\" content=\"summary_large_image\" \/>\n<meta name=\"twitter:label1\" content=\"Gesch\u00e4tzte Lesezeit\" \/>\n\t<meta name=\"twitter:data1\" content=\"1\u00a0Minute\" \/>\n<script type=\"application\/ld+json\" class=\"yoast-schema-graph\">{\"@context\":\"https:\/\/schema.org\",\"@graph\":[{\"@type\":\"WebPage\",\"@id\":\"https:\/\/www.nooteboom.com\/de\/wer-wir-sind\/\",\"url\":\"https:\/\/www.nooteboom.com\/de\/wer-wir-sind\/\",\"name\":\"Wer wir sind | Nooteboom Trailers\",\"isPartOf\":{\"@id\":\"https:\/\/www.nooteboom.com\/de\/#website\"},\"primaryImageOfPage\":{\"@id\":\"https:\/\/www.nooteboom.com\/de\/wer-wir-sind\/#primaryimage\"},\"image\":{\"@id\":\"https:\/\/www.nooteboom.com\/de\/wer-wir-sind\/#primaryimage\"},\"thumbnailUrl\":\"https:\/\/www.nooteboom.com\/wp-content\/uploads\/who-we-are-1.jpg\",\"datePublished\":\"2016-07-28T11:57:31+00:00\",\"dateModified\":\"2023-02-08T07:18:53+00:00\",\"description\":\"Nooteboom Trailers B.V., ein Familienunternehmen, ist eine Organisation, die ihren Kunden Komplettl\u00f6sungen auf dem Gebiet der Spezialtransporte anbietet.\",\"breadcrumb\":{\"@id\":\"https:\/\/www.nooteboom.com\/de\/wer-wir-sind\/#breadcrumb\"},\"inLanguage\":\"de\",\"potentialAction\":[{\"@type\":\"ReadAction\",\"target\":[\"https:\/\/www.nooteboom.com\/de\/wer-wir-sind\/\"]}]},{\"@type\":\"ImageObject\",\"inLanguage\":\"de\",\"@id\":\"https:\/\/www.nooteboom.com\/de\/wer-wir-sind\/#primaryimage\",\"url\":\"https:\/\/www.nooteboom.com\/wp-content\/uploads\/who-we-are-1.jpg\",\"contentUrl\":\"https:\/\/www.nooteboom.com\/wp-content\/uploads\/who-we-are-1.jpg\",\"width\":2000,\"height\":980,\"caption\":\"Wer wir sind\"},{\"@type\":\"BreadcrumbList\",\"@id\":\"https:\/\/www.nooteboom.com\/de\/wer-wir-sind\/#breadcrumb\",\"itemListElement\":[{\"@type\":\"ListItem\",\"position\":1,\"name\":\"Home\",\"item\":\"https:\/\/www.nooteboom.com\/de\/\"},{\"@type\":\"ListItem\",\"position\":2,\"name\":\"Wer wir sind\"}]},{\"@type\":\"WebSite\",\"@id\":\"https:\/\/www.nooteboom.com\/de\/#website\",\"url\":\"https:\/\/www.nooteboom.com\/de\/\",\"name\":\"Nooteboom Trailers\",\"description\":\"Gets you there.\",\"publisher\":{\"@id\":\"https:\/\/www.nooteboom.com\/de\/#organization\"},\"potentialAction\":[{\"@type\":\"SearchAction\",\"target\":{\"@type\":\"EntryPoint\",\"urlTemplate\":\"https:\/\/www.nooteboom.com\/de\/?s={search_term_string}\"},\"query-input\":{\"@type\":\"PropertyValueSpecification\",\"valueRequired\":true,\"valueName\":\"search_term_string\"}}],\"inLanguage\":\"de\"},{\"@type\":\"Organization\",\"@id\":\"https:\/\/www.nooteboom.com\/de\/#organization\",\"name\":\"Nooteboom Trailers\",\"url\":\"https:\/\/www.nooteboom.com\/de\/\",\"logo\":{\"@type\":\"ImageObject\",\"inLanguage\":\"de\",\"@id\":\"https:\/\/www.nooteboom.com\/de\/#\/schema\/logo\/image\/\",\"url\":\"https:\/\/www.nooteboom.com\/wp-content\/uploads\/logo.png\",\"contentUrl\":\"https:\/\/www.nooteboom.com\/wp-content\/uploads\/logo.png\",\"width\":111,\"height\":66,\"caption\":\"Nooteboom Trailers\"},\"image\":{\"@id\":\"https:\/\/www.nooteboom.com\/de\/#\/schema\/logo\/image\/\"},\"sameAs\":[\"https:\/\/nl-nl.facebook.com\/nooteboomtrailers\/\",\"https:\/\/nl.linkedin.com\/company\/nooteboom-trailers\",\"https:\/\/www.youtube.com\/user\/Nooteboomtrailers\"]}]}<\/script>\n<!-- \/ Yoast SEO Premium plugin. -->","yoast_head_json":{"title":"Wer wir sind | Nooteboom Trailers","description":"Nooteboom Trailers B.V., ein Familienunternehmen, ist eine Organisation, die ihren Kunden Komplettl\u00f6sungen auf dem Gebiet der Spezialtransporte anbietet.","robots":{"index":"index","follow":"follow","max-snippet":"max-snippet:-1","max-image-preview":"max-image-preview:large","max-video-preview":"max-video-preview:-1"},"canonical":"https:\/\/www.nooteboom.com\/de\/wer-wir-sind\/","og_locale":"de_DE","og_type":"article","og_title":"Wer wir sind","og_description":"Nooteboom Trailers B.V., ein Familienunternehmen, ist eine Organisation, die ihren Kunden Komplettl\u00f6sungen auf dem Gebiet der Spezialtransporte anbietet.","og_url":"https:\/\/www.nooteboom.com\/de\/wer-wir-sind\/","og_site_name":"Nooteboom Trailers","article_publisher":"https:\/\/nl-nl.facebook.com\/nooteboomtrailers\/","article_modified_time":"2023-02-08T07:18:53+00:00","og_image":[{"width":2000,"height":980,"url":"https:\/\/www.nooteboom.com\/wp-content\/uploads\/who-we-are-1.jpg","type":"image\/jpeg"}],"twitter_card":"summary_large_image","twitter_misc":{"Gesch\u00e4tzte Lesezeit":"1\u00a0Minute"},"schema":{"@context":"https:\/\/schema.org","@graph":[{"@type":"WebPage","@id":"https:\/\/www.nooteboom.com\/de\/wer-wir-sind\/","url":"https:\/\/www.nooteboom.com\/de\/wer-wir-sind\/","name":"Wer wir sind | Nooteboom Trailers","isPartOf":{"@id":"https:\/\/www.nooteboom.com\/de\/#website"},"primaryImageOfPage":{"@id":"https:\/\/www.nooteboom.com\/de\/wer-wir-sind\/#primaryimage"},"image":{"@id":"https:\/\/www.nooteboom.com\/de\/wer-wir-sind\/#primaryimage"},"thumbnailUrl":"https:\/\/www.nooteboom.com\/wp-content\/uploads\/who-we-are-1.jpg","datePublished":"2016-07-28T11:57:31+00:00","dateModified":"2023-02-08T07:18:53+00:00","description":"Nooteboom Trailers B.V., ein Familienunternehmen, ist eine Organisation, die ihren Kunden Komplettl\u00f6sungen auf dem Gebiet der Spezialtransporte anbietet.","breadcrumb":{"@id":"https:\/\/www.nooteboom.com\/de\/wer-wir-sind\/#breadcrumb"},"inLanguage":"de","potentialAction":[{"@type":"ReadAction","target":["https:\/\/www.nooteboom.com\/de\/wer-wir-sind\/"]}]},{"@type":"ImageObject","inLanguage":"de","@id":"https:\/\/www.nooteboom.com\/de\/wer-wir-sind\/#primaryimage","url":"https:\/\/www.nooteboom.com\/wp-content\/uploads\/who-we-are-1.jpg","contentUrl":"https:\/\/www.nooteboom.com\/wp-content\/uploads\/who-we-are-1.jpg","width":2000,"height":980,"caption":"Wer wir sind"},{"@type":"BreadcrumbList","@id":"https:\/\/www.nooteboom.com\/de\/wer-wir-sind\/#breadcrumb","itemListElement":[{"@type":"ListItem","position":1,"name":"Home","item":"https:\/\/www.nooteboom.com\/de\/"},{"@type":"ListItem","position":2,"name":"Wer wir sind"}]},{"@type":"WebSite","@id":"https:\/\/www.nooteboom.com\/de\/#website","url":"https:\/\/www.nooteboom.com\/de\/","name":"Nooteboom Trailers","description":"Gets you there.","publisher":{"@id":"https:\/\/www.nooteboom.com\/de\/#organization"},"potentialAction":[{"@type":"SearchAction","target":{"@type":"EntryPoint","urlTemplate":"https:\/\/www.nooteboom.com\/de\/?s={search_term_string}"},"query-input":{"@type":"PropertyValueSpecification","valueRequired":true,"valueName":"search_term_string"}}],"inLanguage":"de"},{"@type":"Organization","@id":"https:\/\/www.nooteboom.com\/de\/#organization","name":"Nooteboom Trailers","url":"https:\/\/www.nooteboom.com\/de\/","logo":{"@type":"ImageObject","inLanguage":"de","@id":"https:\/\/www.nooteboom.com\/de\/#\/schema\/logo\/image\/","url":"https:\/\/www.nooteboom.com\/wp-content\/uploads\/logo.png","contentUrl":"https:\/\/www.nooteboom.com\/wp-content\/uploads\/logo.png","width":111,"height":66,"caption":"Nooteboom Trailers"},"image":{"@id":"https:\/\/www.nooteboom.com\/de\/#\/schema\/logo\/image\/"},"sameAs":["https:\/\/nl-nl.facebook.com\/nooteboomtrailers\/","https:\/\/nl.linkedin.com\/company\/nooteboom-trailers","https:\/\/www.youtube.com\/user\/Nooteboomtrailers"]}]}},"_links":{"self":[{"href":"https:\/\/www.nooteboom.com\/de\/wp-json\/wp\/v2\/pages\/8609","targetHints":{"allow":["GET"]}}],"collection":[{"href":"https:\/\/www.nooteboom.com\/de\/wp-json\/wp\/v2\/pages"}],"about":[{"href":"https:\/\/www.nooteboom.com\/de\/wp-json\/wp\/v2\/types\/page"}],"author":[{"embeddable":true,"href":"https:\/\/www.nooteboom.com\/de\/wp-json\/wp\/v2\/users\/45"}],"replies":[{"embeddable":true,"href":"https:\/\/www.nooteboom.com\/de\/wp-json\/wp\/v2\/comments?post=8609"}],"version-history":[{"count":7,"href":"https:\/\/www.nooteboom.com\/de\/wp-json\/wp\/v2\/pages\/8609\/revisions"}],"predecessor-version":[{"id":1984608,"href":"https:\/\/www.nooteboom.com\/de\/wp-json\/wp\/v2\/pages\/8609\/revisions\/1984608"}],"wp:featuredmedia":[{"embeddable":true,"href":"https:\/\/www.nooteboom.com\/de\/wp-json\/wp\/v2\/media\/3901"}],"wp:attachment":[{"href":"https:\/\/www.nooteboom.com\/de\/wp-json\/wp\/v2\/media?parent=8609"}],"curies":[{"name":"wp","href":"https:\/\/api.w.org\/{rel}","templated":true}]}}