{"id":8587,"date":"2016-07-28T13:46:10","date_gmt":"2016-07-28T11:46:10","guid":{"rendered":"https:\/\/www.nooteboom.com\/?page_id=8587&#038;lang=de"},"modified":"2025-08-25T10:19:44","modified_gmt":"2025-08-25T08:19:44","slug":"osds-semi-tieflader","status":"publish","type":"page","link":"https:\/\/www.nooteboom.com\/de\/osds-semi-tieflader\/","title":{"rendered":"OSDS Semi-Tieflader"},"content":{"rendered":"<div class=\"wpb-content-wrapper\"><p>[vc_row][vc_column][vc_column_text]<img loading=\"lazy\" decoding=\"async\" class=\"size-full wp-image-1448 alignright\" src=\"https:\/\/www.nooteboom.com\/wp-content\/uploads\/Multitrailers.png\" alt=\"Multitrailers\" width=\"115\" height=\"115\" \/><\/p>\n<p>Mit der Einf\u00fchrung des OSDS hat Nooteboom einen neuen Standard auf dem Markt gesetzt. Das Design basiert auf den tats\u00e4chlichen W\u00fcnschen des Marktes: Tragen einer Vielzahl von Lasten mit einem Leergewicht, das so niedrig wie m\u00f6glich ist und Betriebskosten, die minimal gehalten werden. Mit dem OSDS hat Nooteboom sich zum Ziel gesetzt, das optimale Verh\u00e4ltnis zwischen Transportm\u00f6glichkeiten und Betriebskosten zu erzielen. Damit wird der Erwerb eines OSDS Semi-Tiefladers aus dem SMART-Programm von Nooteboom zu einer cleveren Wahl, und das gilt sowohl f\u00fcr den Profi als auch f\u00fcr den privaten Transportunternehmer.<\/p>\n<h2>H\u00f6chste Qualit\u00e4t<\/h2>\n<p>Nooteboom fertigt die OSDS Semi-Tieflader unter Verwendung der fortschrittlichsten Produktionsmethoden. Der einzigartige zentrale Tr\u00e4ger in R\u00f6hrenform besteht aus hochfestem Stahl, der ein extrem starkes Chassis mit hoher Verwindungssteifigkeit, niedriger Ladefl\u00e4chen-H\u00f6he und geringem Leergewicht garantiert.Die Oberfl\u00e4chenbehandlung und die Konservierung sind von h\u00f6chster Qualit\u00e4t, wobei das Chassis mittels thermischer Spritzverzinkung vollst\u00e4ndig verzinkt wird.[\/vc_column_text][vc_column_text]<\/p>\n<ul>\n<li><strong>Hochwertige Konstruktion:<\/strong> Der einzigartige zentrale, kastenf\u00f6rmige Tr\u00e4ger aus hochfestem Stahl garantiert ein verwindungssteifes, stabiles Fahrgestell mit niedriger Ladeh\u00f6he. Komplett spritzverzinkt.<\/li>\n<li><strong>Wertbest\u00e4ndige Investition:<\/strong> Ausschlie\u00dflich mit Markenkomponenten ausgestattet. Der OSDS ist bekannt f\u00fcr Zuverl\u00e4ssigkeit, lange Lebensdauer und hohen Restwert.<\/li>\n<li><strong>Anwendungsorientierte Anpassung:<\/strong> Standardm\u00e4\u00dfig mit Luftfederung, Nachlaufgelenkt und T\u00dcV-zertifizierten Zurrpunkten ausgestattet. Erweiterbar mit smarten Optionen f\u00fcr spezifische G\u00fcter und Branchen.<\/li>\n<\/ul>\n<p><strong>Smarter Transport beginnt mit dem OSDS. Leicht, stark und f\u00fcr H\u00f6chstleistung gebaut.<\/strong>[\/vc_column_text][\/vc_column][\/vc_row][vc_row][vc_column width=&#8220;1\/2&#8243;][vc_column_text]<\/p>\n<h2>Die Investition beh\u00e4lt ihren Wert bei<\/h2>\n<p>Mit dem OSDS bietet Nooteboom einen Semi-Tieflader h\u00f6chster Qualit\u00e4t, der nur mit erstklassigen Markenkomponenten gefertigt wurde, zu einem sehr konkurrenzf\u00e4higen Preis an. Seine Zuverl\u00e4ssigkeit, die niedrigen Betriebskosten, die lange Betriebslebensdauer und der hohe Restwert f\u00fchren zu einer hohen Rendite.<\/p>\n<h2><strong>Umfassendes, anwendungsorientiertes Optionspaket<\/strong><\/h2>\n<p>Die standardm\u00e4\u00dfig Ausr\u00fcstung des multifunktionalen OSDS-Semi-Tiefladers ist umfassend. Dazu geh\u00f6ren eine Luftfederung, eine Nachlauflenkung und eine gro\u00dfe Anzahl T\u00dcV-zertifizierter Zurr\u00f6sen. \u00a0Mit dem gut durchdachten Optionspaket kann der OSDS-Semi-Tieflader nach Bedarf f\u00fcr spezielle Anwendungen optimiert werden. Das reicht vom effizienten Transport mehrerer kleiner Arbeitsb\u00fchnen \u00fcber schwere Baumaschinen bis hin zu krangeladenen G\u00fctern mit au\u00dfergew\u00f6hnlichen Abmessungen.[\/vc_column_text][\/vc_column][vc_column width=&#8220;1\/2&#8243;][vc_single_image image=&#8220;1627&#8243; img_size=&#8220;large&#8220;][\/vc_column][\/vc_row][vc_row][vc_column]<div class=\"content hidden\">\n\n\t<\/p>\n<div class=\"wrapper\">\n<div class=\"more-detail__col more-detail__co--img\">\n<p>F\u00fcr den OSDS Semi-Tieflader steht u. a. folgendes Zubeh\u00f6r zur Verf\u00fcgung:<\/p>\n<ul>\n<li>3 oder 4 Achsen<\/li>\n<li>1 oder 2 nachlaufgelenkte Hinterachsen<\/li>\n<li>D\u00fcnner, aber extrem starker Schwanenhals<\/li>\n<li>Feste oder einfach ausziehbare Ladefl\u00e4che<\/li>\n<li>Luftfederung mit Hebe-\/Senkfunktion<\/li>\n<li>Technische Achslast von 9t\/Achse oder 10t\/Achse bei 80km\/h<\/li>\n<li>SAF-Achsen<\/li>\n<li>Reifengr\u00f6\u00dfen 235\/75R17,5 oder 245\/70R17,5<\/li>\n<li>Achsabstand 1360mm<\/li>\n<li>Breite der Ladefl\u00e4che 2520mm<\/li>\n<li>H\u00f6he der Ladefl\u00e4che ca. 860mm in Fahrposition<\/li>\n<li>Seitlich ausziehbare Ausleger\/Verbreiterungen<\/li>\n<li>Ladefl\u00e4che aus Hartholz oder mit verzinkten Gitterb\u00f6den<\/li>\n<li>Eine gro\u00dfe Auswahl an Rampen f\u00fcr verschiedene Anwendungen &#8211; mit einem kleinen Auffahrwinkel und einer nahtlosen Verbindung zur Ladefl\u00e4che<\/li>\n<li>Auswahl verschiedener Stauk\u00e4sten<\/li>\n<\/ul>\n<\/div>\n<\/div>\n<p>\n\n<\/div>\n\n<div class=\"vc_read_more print more\">\n\n\t\t\t<p>F\u00fcr den OSDS Semi-Tieflader steht u. a. folgendes Zubeh\u00f6r zur Verf\u00fcgung:<\/p>\n\t\n\t<a href=\"#readmore\" data-less=\"Lese weniger\" data-more=\"Lesen Sie mehr\r\n\" class=\"button\">\n\t\t<em>Lesen Sie mehr\r\n<\/em>\n\t\t<span class=\"fa fa-chevron-right\"><\/span>\n\t<\/a>\n\n<\/div>[vc_video link=&#8220;https:\/\/youtu.be\/n8Thz7xAFGE&#8220; align=&#8220;center&#8220;][\/vc_column][\/vc_row][vc_row][vc_column width=&#8220;1\/2&#8243;]<div class=\"vc_contact\">\n\n\t\t\t<h3>Fragen oder weitere Informationen?<\/h3>\n\t\n\t<p>Setzen Sie sich mit uns in Verbindung<\/p>\n\n\t\t\t<a target=\"\" href=\"https:\/\/www.nooteboom.com\/de\/kontakt\/\" class=\"button\">\n\t\t\tFinden Sie Ihre Kontaktperson\t\t\t<span class=\"fa fa-chevron-right\"><\/span>\n\t\t<\/a>\n\t\n<\/div>[\/vc_column][vc_column width=&#8220;1\/2&#8243;][\/vc_column][\/vc_row]<\/p>\n<\/div>","protected":false},"excerpt":{"rendered":"[vc_row][vc_column][vc_column_text] Mit der Einf\u00fchrung des OSDS hat Nooteboom einen neuen Standard auf dem Markt gesetzt. Das Design basiert auf den&#8230;","protected":false},"author":45,"featured_media":2699423,"parent":0,"menu_order":0,"comment_status":"closed","ping_status":"closed","template":"","meta":{"_acf_changed":false,"inline_featured_image":false,"footnotes":""},"class_list":["post-8587","page","type-page","status-publish","has-post-thumbnail","hentry"],"acf":[],"yoast_head":"<!-- This site is optimized with the Yoast SEO Premium plugin v25.7.1 (Yoast SEO v25.7) - https:\/\/yoast.com\/wordpress\/plugins\/seo\/ -->\n<title>OSDS Semi-Tieflader | Nooteboom Trailers<\/title>\n<meta name=\"description\" content=\"Mit der Einf\u00fchrung des OSDS hat Nooteboom einen neuen Standard auf dem Markt gesetzt. Das Design basiert auf den tats\u00e4chlichen W\u00fcnschen des Marktes:\" \/>\n<meta name=\"robots\" content=\"index, follow, max-snippet:-1, max-image-preview:large, max-video-preview:-1\" \/>\n<link rel=\"canonical\" href=\"https:\/\/www.nooteboom.com\/de\/osds-semi-tieflader\/\" \/>\n<meta property=\"og:locale\" content=\"de_DE\" \/>\n<meta property=\"og:type\" content=\"article\" \/>\n<meta property=\"og:title\" content=\"OSDS Semi-Tieflader\" \/>\n<meta property=\"og:description\" content=\"Mit der Einf\u00fchrung des OSDS hat Nooteboom einen neuen Standard auf dem Markt gesetzt. Das Design basiert auf den tats\u00e4chlichen W\u00fcnschen des Marktes:\" \/>\n<meta property=\"og:url\" content=\"https:\/\/www.nooteboom.com\/de\/osds-semi-tieflader\/\" \/>\n<meta property=\"og:site_name\" content=\"Nooteboom Trailers\" \/>\n<meta property=\"article:publisher\" content=\"https:\/\/nl-nl.facebook.com\/nooteboomtrailers\/\" \/>\n<meta property=\"article:modified_time\" content=\"2025-08-25T08:19:44+00:00\" \/>\n<meta property=\"og:image\" content=\"https:\/\/www.nooteboom.com\/wp-content\/uploads\/OSDS-169.jpg\" \/>\n\t<meta property=\"og:image:width\" content=\"1920\" \/>\n\t<meta property=\"og:image:height\" content=\"1080\" \/>\n\t<meta property=\"og:image:type\" content=\"image\/jpeg\" \/>\n<meta name=\"twitter:card\" content=\"summary_large_image\" \/>\n<meta name=\"twitter:label1\" content=\"Gesch\u00e4tzte Lesezeit\" \/>\n\t<meta name=\"twitter:data1\" content=\"4\u00a0Minuten\" \/>\n<script type=\"application\/ld+json\" class=\"yoast-schema-graph\">{\"@context\":\"https:\/\/schema.org\",\"@graph\":[{\"@type\":\"WebPage\",\"@id\":\"https:\/\/www.nooteboom.com\/de\/osds-semi-tieflader\/\",\"url\":\"https:\/\/www.nooteboom.com\/de\/osds-semi-tieflader\/\",\"name\":\"OSDS Semi-Tieflader | Nooteboom Trailers\",\"isPartOf\":{\"@id\":\"https:\/\/www.nooteboom.com\/de\/#website\"},\"primaryImageOfPage\":{\"@id\":\"https:\/\/www.nooteboom.com\/de\/osds-semi-tieflader\/#primaryimage\"},\"image\":{\"@id\":\"https:\/\/www.nooteboom.com\/de\/osds-semi-tieflader\/#primaryimage\"},\"thumbnailUrl\":\"https:\/\/www.nooteboom.com\/wp-content\/uploads\/OSDS-169.jpg\",\"datePublished\":\"2016-07-28T11:46:10+00:00\",\"dateModified\":\"2025-08-25T08:19:44+00:00\",\"description\":\"Mit der Einf\u00fchrung des OSDS hat Nooteboom einen neuen Standard auf dem Markt gesetzt. Das Design basiert auf den tats\u00e4chlichen W\u00fcnschen des Marktes:\",\"breadcrumb\":{\"@id\":\"https:\/\/www.nooteboom.com\/de\/osds-semi-tieflader\/#breadcrumb\"},\"inLanguage\":\"de\",\"potentialAction\":[{\"@type\":\"ReadAction\",\"target\":[\"https:\/\/www.nooteboom.com\/de\/osds-semi-tieflader\/\"]}]},{\"@type\":\"ImageObject\",\"inLanguage\":\"de\",\"@id\":\"https:\/\/www.nooteboom.com\/de\/osds-semi-tieflader\/#primaryimage\",\"url\":\"https:\/\/www.nooteboom.com\/wp-content\/uploads\/OSDS-169.jpg\",\"contentUrl\":\"https:\/\/www.nooteboom.com\/wp-content\/uploads\/OSDS-169.jpg\",\"width\":1920,\"height\":1080,\"caption\":\"OSDS\"},{\"@type\":\"BreadcrumbList\",\"@id\":\"https:\/\/www.nooteboom.com\/de\/osds-semi-tieflader\/#breadcrumb\",\"itemListElement\":[{\"@type\":\"ListItem\",\"position\":1,\"name\":\"Home\",\"item\":\"https:\/\/www.nooteboom.com\/de\/\"},{\"@type\":\"ListItem\",\"position\":2,\"name\":\"OSDS Semi-Tieflader\"}]},{\"@type\":\"WebSite\",\"@id\":\"https:\/\/www.nooteboom.com\/de\/#website\",\"url\":\"https:\/\/www.nooteboom.com\/de\/\",\"name\":\"Nooteboom Trailers\",\"description\":\"Gets you there.\",\"publisher\":{\"@id\":\"https:\/\/www.nooteboom.com\/de\/#organization\"},\"potentialAction\":[{\"@type\":\"SearchAction\",\"target\":{\"@type\":\"EntryPoint\",\"urlTemplate\":\"https:\/\/www.nooteboom.com\/de\/?s={search_term_string}\"},\"query-input\":{\"@type\":\"PropertyValueSpecification\",\"valueRequired\":true,\"valueName\":\"search_term_string\"}}],\"inLanguage\":\"de\"},{\"@type\":\"Organization\",\"@id\":\"https:\/\/www.nooteboom.com\/de\/#organization\",\"name\":\"Nooteboom Trailers\",\"url\":\"https:\/\/www.nooteboom.com\/de\/\",\"logo\":{\"@type\":\"ImageObject\",\"inLanguage\":\"de\",\"@id\":\"https:\/\/www.nooteboom.com\/de\/#\/schema\/logo\/image\/\",\"url\":\"https:\/\/www.nooteboom.com\/wp-content\/uploads\/logo.png\",\"contentUrl\":\"https:\/\/www.nooteboom.com\/wp-content\/uploads\/logo.png\",\"width\":111,\"height\":66,\"caption\":\"Nooteboom Trailers\"},\"image\":{\"@id\":\"https:\/\/www.nooteboom.com\/de\/#\/schema\/logo\/image\/\"},\"sameAs\":[\"https:\/\/nl-nl.facebook.com\/nooteboomtrailers\/\",\"https:\/\/nl.linkedin.com\/company\/nooteboom-trailers\",\"https:\/\/www.youtube.com\/user\/Nooteboomtrailers\"]}]}<\/script>\n<!-- \/ Yoast SEO Premium plugin. -->","yoast_head_json":{"title":"OSDS Semi-Tieflader | Nooteboom Trailers","description":"Mit der Einf\u00fchrung des OSDS hat Nooteboom einen neuen Standard auf dem Markt gesetzt. Das Design basiert auf den tats\u00e4chlichen W\u00fcnschen des Marktes:","robots":{"index":"index","follow":"follow","max-snippet":"max-snippet:-1","max-image-preview":"max-image-preview:large","max-video-preview":"max-video-preview:-1"},"canonical":"https:\/\/www.nooteboom.com\/de\/osds-semi-tieflader\/","og_locale":"de_DE","og_type":"article","og_title":"OSDS Semi-Tieflader","og_description":"Mit der Einf\u00fchrung des OSDS hat Nooteboom einen neuen Standard auf dem Markt gesetzt. Das Design basiert auf den tats\u00e4chlichen W\u00fcnschen des Marktes:","og_url":"https:\/\/www.nooteboom.com\/de\/osds-semi-tieflader\/","og_site_name":"Nooteboom Trailers","article_publisher":"https:\/\/nl-nl.facebook.com\/nooteboomtrailers\/","article_modified_time":"2025-08-25T08:19:44+00:00","og_image":[{"width":1920,"height":1080,"url":"https:\/\/www.nooteboom.com\/wp-content\/uploads\/OSDS-169.jpg","type":"image\/jpeg"}],"twitter_card":"summary_large_image","twitter_misc":{"Gesch\u00e4tzte Lesezeit":"4\u00a0Minuten"},"schema":{"@context":"https:\/\/schema.org","@graph":[{"@type":"WebPage","@id":"https:\/\/www.nooteboom.com\/de\/osds-semi-tieflader\/","url":"https:\/\/www.nooteboom.com\/de\/osds-semi-tieflader\/","name":"OSDS Semi-Tieflader | Nooteboom Trailers","isPartOf":{"@id":"https:\/\/www.nooteboom.com\/de\/#website"},"primaryImageOfPage":{"@id":"https:\/\/www.nooteboom.com\/de\/osds-semi-tieflader\/#primaryimage"},"image":{"@id":"https:\/\/www.nooteboom.com\/de\/osds-semi-tieflader\/#primaryimage"},"thumbnailUrl":"https:\/\/www.nooteboom.com\/wp-content\/uploads\/OSDS-169.jpg","datePublished":"2016-07-28T11:46:10+00:00","dateModified":"2025-08-25T08:19:44+00:00","description":"Mit der Einf\u00fchrung des OSDS hat Nooteboom einen neuen Standard auf dem Markt gesetzt. Das Design basiert auf den tats\u00e4chlichen W\u00fcnschen des Marktes:","breadcrumb":{"@id":"https:\/\/www.nooteboom.com\/de\/osds-semi-tieflader\/#breadcrumb"},"inLanguage":"de","potentialAction":[{"@type":"ReadAction","target":["https:\/\/www.nooteboom.com\/de\/osds-semi-tieflader\/"]}]},{"@type":"ImageObject","inLanguage":"de","@id":"https:\/\/www.nooteboom.com\/de\/osds-semi-tieflader\/#primaryimage","url":"https:\/\/www.nooteboom.com\/wp-content\/uploads\/OSDS-169.jpg","contentUrl":"https:\/\/www.nooteboom.com\/wp-content\/uploads\/OSDS-169.jpg","width":1920,"height":1080,"caption":"OSDS"},{"@type":"BreadcrumbList","@id":"https:\/\/www.nooteboom.com\/de\/osds-semi-tieflader\/#breadcrumb","itemListElement":[{"@type":"ListItem","position":1,"name":"Home","item":"https:\/\/www.nooteboom.com\/de\/"},{"@type":"ListItem","position":2,"name":"OSDS Semi-Tieflader"}]},{"@type":"WebSite","@id":"https:\/\/www.nooteboom.com\/de\/#website","url":"https:\/\/www.nooteboom.com\/de\/","name":"Nooteboom Trailers","description":"Gets you there.","publisher":{"@id":"https:\/\/www.nooteboom.com\/de\/#organization"},"potentialAction":[{"@type":"SearchAction","target":{"@type":"EntryPoint","urlTemplate":"https:\/\/www.nooteboom.com\/de\/?s={search_term_string}"},"query-input":{"@type":"PropertyValueSpecification","valueRequired":true,"valueName":"search_term_string"}}],"inLanguage":"de"},{"@type":"Organization","@id":"https:\/\/www.nooteboom.com\/de\/#organization","name":"Nooteboom Trailers","url":"https:\/\/www.nooteboom.com\/de\/","logo":{"@type":"ImageObject","inLanguage":"de","@id":"https:\/\/www.nooteboom.com\/de\/#\/schema\/logo\/image\/","url":"https:\/\/www.nooteboom.com\/wp-content\/uploads\/logo.png","contentUrl":"https:\/\/www.nooteboom.com\/wp-content\/uploads\/logo.png","width":111,"height":66,"caption":"Nooteboom Trailers"},"image":{"@id":"https:\/\/www.nooteboom.com\/de\/#\/schema\/logo\/image\/"},"sameAs":["https:\/\/nl-nl.facebook.com\/nooteboomtrailers\/","https:\/\/nl.linkedin.com\/company\/nooteboom-trailers","https:\/\/www.youtube.com\/user\/Nooteboomtrailers"]}]}},"_links":{"self":[{"href":"https:\/\/www.nooteboom.com\/de\/wp-json\/wp\/v2\/pages\/8587","targetHints":{"allow":["GET"]}}],"collection":[{"href":"https:\/\/www.nooteboom.com\/de\/wp-json\/wp\/v2\/pages"}],"about":[{"href":"https:\/\/www.nooteboom.com\/de\/wp-json\/wp\/v2\/types\/page"}],"author":[{"embeddable":true,"href":"https:\/\/www.nooteboom.com\/de\/wp-json\/wp\/v2\/users\/45"}],"replies":[{"embeddable":true,"href":"https:\/\/www.nooteboom.com\/de\/wp-json\/wp\/v2\/comments?post=8587"}],"version-history":[{"count":9,"href":"https:\/\/www.nooteboom.com\/de\/wp-json\/wp\/v2\/pages\/8587\/revisions"}],"predecessor-version":[{"id":2732002,"href":"https:\/\/www.nooteboom.com\/de\/wp-json\/wp\/v2\/pages\/8587\/revisions\/2732002"}],"wp:featuredmedia":[{"embeddable":true,"href":"https:\/\/www.nooteboom.com\/de\/wp-json\/wp\/v2\/media\/2699423"}],"wp:attachment":[{"href":"https:\/\/www.nooteboom.com\/de\/wp-json\/wp\/v2\/media?parent=8587"}],"curies":[{"name":"wp","href":"https:\/\/api.w.org\/{rel}","templated":true}]}}