{"id":8583,"date":"2016-07-28T13:43:32","date_gmt":"2016-07-28T11:43:32","guid":{"rendered":"https:\/\/www.nooteboom.com\/?page_id=8583&#038;lang=de"},"modified":"2025-08-25T10:20:06","modified_gmt":"2025-08-25T08:20:06","slug":"osd-semi-tieflader","status":"publish","type":"page","link":"https:\/\/www.nooteboom.com\/de\/osd-semi-tieflader\/","title":{"rendered":"OSD Semi-Tieflader"},"content":{"rendered":"<div class=\"wpb-content-wrapper\"><p>[vc_row][vc_column][vc_column_text]<\/p>\n<h2><strong><img loading=\"lazy\" decoding=\"async\" class=\"size-full wp-image-1448 alignright\" src=\"https:\/\/www.nooteboom.com\/wp-content\/uploads\/Multitrailers.png\" alt=\"Multitrailers\" width=\"115\" height=\"115\" \/><\/strong><\/h2>\n<h2>Nachlaufgelenkter Semi-Tieflader OSD<\/h2>\n<p>Nooteboom kann den OSD Semi-Tieflader so ma\u00dfschneidern, dass er alle Anforderungen des professionellen Transportunternehmers erf\u00fcllt. Das OSD-Programm umfasst eine \u00e4u\u00dferst breite Palette an nachlaufgelenkten Semi-Tiefladern, die in zahlreichen Versionen f\u00fcr die verschiedensten Anwendungen bereitstehen. An dem Punkt, an dem Optionen des OSDS aus dem SMART-Programm enden, kommt der OSD aus dem PRO-Programm von Nooteboom ins Spiel.[\/vc_column_text][vc_column_text]<\/p>\n<ul>\n<li><strong>Leistungsstarke Konstruktion:<\/strong> Einfach im Aufbau, mit minimalen beweglichen Teilen und maximaler Zuverl\u00e4ssigkeit.<\/li>\n<li><strong>Ausziehbare Ladefl\u00e4che:<\/strong> F\u00fcr flexible Eins\u00e4tze mit langen Maschinen oder Sondertransporten.<\/li>\n<li><strong>Hydraulische Ladefl\u00e4chenverbreiterung:<\/strong> Stufenlose Anpassung von 2.540 mm auf 3.210 mm, schnell und ergonomisch mit rutschfester Gummiauflage.<\/li>\n<li><strong>Smart innerhalb der Vorschriften:<\/strong> Eingezogen bleibt der Auflieger innerhalb der zul\u00e4ssigen Breite von 2.550 mm \u2013 und somit geeignet f\u00fcr teilbare Ladungen.<\/li>\n<\/ul>\n<p><strong>Mit hydraulischer Verbreiterung bietet der OSD-73-04 das Beste aus beiden Welten: maximale Nutzlast und Einsatzflexibilit\u00e4t im In- und Ausland \u2013 ohne Einbu\u00dfen bei Effizienz oder Regelkonformit\u00e4t.<\/strong>[\/vc_column_text][\/vc_column][\/vc_row][vc_row][vc_column width=&#8220;1\/2&#8243;][vc_column_text]<\/p>\n<h2>Tief und tiefer<\/h2>\n<p>Der OSD von Nooteboom umfasst zwei Gruppen von Semi-Tiefladern mit verschiedenen Ladefl\u00e4chen-H\u00f6hen. Die OSD Semi-Tieflader mit einer Ladefl\u00e4chenh\u00f6he bei Standardbeladung von ca. 88 cm in Fahrtstellung stehen in einer Version mit 10t\/Achse oder 12\/Achse bei 80 km\/h zur Verf\u00fcgung. Zus\u00e4tzlich bietet Nooteboom OSD Semi-Tieflader mit einer extrem niedrigen H\u00f6he von 78 cm in der Fahrstellung und mit extra-breiten Reifen, die f\u00fcr 8t\/Achse bei 80 km\/h technisch geeignet sind.<\/p>\n<h2>Umfassendes Optionspaket und ma\u00dfgeschneidert<\/h2>\n<p>Mit einem umfassenden Optionspaket k\u00f6nnen die Abmessungen und die Ausr\u00fcstung der OSD Semi-Tieflader an jede spezifische Anwendung angepasst werden. Zus\u00e4tzlich zu den herk\u00f6mmlichen Optionen kann Nooteboom auch kundenspezifische OSDs liefern. Der Semi-Tieflader kann gefertigt werden, um die speziellen Anforderungen des Kunden zu erf\u00fcllen. Die Oberfl\u00e4chenbehandlung und die Konservierung sind von h\u00f6chster Qualit\u00e4t, wobei das Chassis mittels thermischer Spritzverzinkung vollst\u00e4ndig verzinkt wird.<\/p>\n<p>[\/vc_column_text][\/vc_column][vc_column width=&#8220;1\/2&#8243;][vc_single_image image=&#8220;1628&#8243; img_size=&#8220;large&#8220;][vc_single_image image=&#8220;1692&#8243; img_size=&#8220;large&#8220;][\/vc_column][\/vc_row][vc_row][vc_column]<div class=\"content hidden\">\n\n\t<\/p>\n<div class=\"wrapper\">\n<div class=\"more-detail__col more-detail__co--img\">\n<p>F\u00fcr den OSD Semi-Tieflader steht u. a. folgendes Zubeh\u00f6r zur Verf\u00fcgung:<\/p>\n<ul>\n<li>2 bis 5 Achsen<\/li>\n<li>1 oder 2 der hintersten Achsen sind nachlaufgelenkt<\/li>\n<li>Schwanenhals in Versionen mit 18t oder 25t Sattellast<\/li>\n<li>Feste oder einfach ausziehbare Ladefl\u00e4che<\/li>\n<li>Luft- oder Hydropneumatik-Federung mit Hebe-\/Senkfunktion<\/li>\n<li>Beladene Ladefl\u00e4chenh\u00f6he in Fahrposition von ca. 780mm, bei einer Reifengr\u00f6\u00dfe von 205\/65R17,5 und einer technischen Achslast von 8t\/Achse bei 80 km\/h<\/li>\n<li>Beladene Ladefl\u00e4chenh\u00f6he in Fahrposition von ca. 880mm, bei einer Reifengr\u00f6\u00dfe von 235\/75R17,5 oder 245\/70R17,5 und einer technischen Achslast von 10t\/Achse oder 12t\/Achse bei 80 km\/h<\/li>\n<li>SAF- oder BPW-Achsen<\/li>\n<li>Achsabstand 1360mm<\/li>\n<li>Breite der Ladefl\u00e4che 2520mm oder 2740mm<\/li>\n<li>Eine breite Palette an Rampen f\u00fcr verschiedene Anwendungen &#8211; mit einer niedrigen Steigung und einer nahtlosen Verbindung zur Ladefl\u00e4che<\/li>\n<li>Verschiedene anwendungsorientierte, Optionen wie z. B. einer Baggerstielmulde und Radmulden. Auch eine kundenspezifische Fertigung ist m\u00f6glich.<\/li>\n<\/ul>\n<\/div>\n<\/div>\n<p>\n\n<\/div>\n\n<div class=\"vc_read_more print more\">\n\n\t\t\t<p>F\u00fcr den OSD Semi-Tieflader steht u. a. folgendes Zubeh\u00f6r zur Verf\u00fcgung:<\/p>\n\t\n\t<a href=\"#readmore\" data-less=\"Lese weniger\" data-more=\"Lesen Sie mehr\r\n\" class=\"button\">\n\t\t<em>Lesen Sie mehr\r\n<\/em>\n\t\t<span class=\"fa fa-chevron-right\"><\/span>\n\t<\/a>\n\n<\/div>[\/vc_column][\/vc_row][vc_row][vc_column width=&#8220;1\/2&#8243;]<div class=\"vc_contact\">\n\n\t\t\t<h3>Fragen oder weitere Informationen?<\/h3>\n\t\n\t<p>Setzen Sie sich mit uns in Verbindung<\/p>\n\n\t\t\t<a target=\"\" href=\"https:\/\/www.nooteboom.com\/de\/kontakt\/\" class=\"button\">\n\t\t\tFinden Sie Ihre Kontaktperson\t\t\t<span class=\"fa fa-chevron-right\"><\/span>\n\t\t<\/a>\n\t\n<\/div>[\/vc_column][vc_column width=&#8220;1\/2&#8243;][\/vc_column][\/vc_row]<\/p>\n<\/div>","protected":false},"excerpt":{"rendered":"[vc_row][vc_column][vc_column_text] Nachlaufgelenkter Semi-Tieflader OSD Nooteboom kann den OSD Semi-Tieflader so ma\u00dfschneidern, dass er alle Anforderungen des professionellen Transportunternehmers erf\u00fcllt. Das&#8230;","protected":false},"author":45,"featured_media":2699729,"parent":0,"menu_order":0,"comment_status":"closed","ping_status":"closed","template":"","meta":{"_acf_changed":false,"inline_featured_image":false,"footnotes":""},"class_list":["post-8583","page","type-page","status-publish","has-post-thumbnail","hentry"],"acf":[],"yoast_head":"<!-- This site is optimized with the Yoast SEO Premium plugin v25.7.1 (Yoast SEO v25.7) - https:\/\/yoast.com\/wordpress\/plugins\/seo\/ -->\n<title>OSD Semi-Tieflader | Nooteboom Trailers<\/title>\n<meta name=\"description\" content=\"Nooteboom kann den OSD Semi-Tieflader so ma\u00dfschneidern, dass er alle Anforderungen des professionellen Transportunternehmers erf\u00fcllt.\" \/>\n<meta name=\"robots\" content=\"index, follow, max-snippet:-1, max-image-preview:large, max-video-preview:-1\" \/>\n<link rel=\"canonical\" href=\"https:\/\/www.nooteboom.com\/de\/osd-semi-tieflader\/\" \/>\n<meta property=\"og:locale\" content=\"de_DE\" \/>\n<meta property=\"og:type\" content=\"article\" \/>\n<meta property=\"og:title\" content=\"OSD Semi-Tieflader\" \/>\n<meta property=\"og:description\" content=\"Nooteboom kann den OSD Semi-Tieflader so ma\u00dfschneidern, dass er alle Anforderungen des professionellen Transportunternehmers erf\u00fcllt.\" \/>\n<meta property=\"og:url\" content=\"https:\/\/www.nooteboom.com\/de\/osd-semi-tieflader\/\" \/>\n<meta property=\"og:site_name\" content=\"Nooteboom Trailers\" \/>\n<meta property=\"article:publisher\" content=\"https:\/\/nl-nl.facebook.com\/nooteboomtrailers\/\" \/>\n<meta property=\"article:modified_time\" content=\"2025-08-25T08:20:06+00:00\" \/>\n<meta property=\"og:image\" content=\"https:\/\/www.nooteboom.com\/wp-content\/uploads\/osd7304.jpg\" \/>\n\t<meta property=\"og:image:width\" content=\"1850\" \/>\n\t<meta property=\"og:image:height\" content=\"1040\" \/>\n\t<meta property=\"og:image:type\" content=\"image\/jpeg\" \/>\n<meta name=\"twitter:card\" content=\"summary_large_image\" \/>\n<meta name=\"twitter:label1\" content=\"Gesch\u00e4tzte Lesezeit\" \/>\n\t<meta name=\"twitter:data1\" content=\"3\u00a0Minuten\" \/>\n<script type=\"application\/ld+json\" class=\"yoast-schema-graph\">{\"@context\":\"https:\/\/schema.org\",\"@graph\":[{\"@type\":\"WebPage\",\"@id\":\"https:\/\/www.nooteboom.com\/de\/osd-semi-tieflader\/\",\"url\":\"https:\/\/www.nooteboom.com\/de\/osd-semi-tieflader\/\",\"name\":\"OSD Semi-Tieflader | Nooteboom Trailers\",\"isPartOf\":{\"@id\":\"https:\/\/www.nooteboom.com\/de\/#website\"},\"primaryImageOfPage\":{\"@id\":\"https:\/\/www.nooteboom.com\/de\/osd-semi-tieflader\/#primaryimage\"},\"image\":{\"@id\":\"https:\/\/www.nooteboom.com\/de\/osd-semi-tieflader\/#primaryimage\"},\"thumbnailUrl\":\"https:\/\/www.nooteboom.com\/wp-content\/uploads\/osd7304.jpg\",\"datePublished\":\"2016-07-28T11:43:32+00:00\",\"dateModified\":\"2025-08-25T08:20:06+00:00\",\"description\":\"Nooteboom kann den OSD Semi-Tieflader so ma\u00dfschneidern, dass er alle Anforderungen des professionellen Transportunternehmers erf\u00fcllt.\",\"breadcrumb\":{\"@id\":\"https:\/\/www.nooteboom.com\/de\/osd-semi-tieflader\/#breadcrumb\"},\"inLanguage\":\"de\",\"potentialAction\":[{\"@type\":\"ReadAction\",\"target\":[\"https:\/\/www.nooteboom.com\/de\/osd-semi-tieflader\/\"]}]},{\"@type\":\"ImageObject\",\"inLanguage\":\"de\",\"@id\":\"https:\/\/www.nooteboom.com\/de\/osd-semi-tieflader\/#primaryimage\",\"url\":\"https:\/\/www.nooteboom.com\/wp-content\/uploads\/osd7304.jpg\",\"contentUrl\":\"https:\/\/www.nooteboom.com\/wp-content\/uploads\/osd7304.jpg\",\"width\":1850,\"height\":1040},{\"@type\":\"BreadcrumbList\",\"@id\":\"https:\/\/www.nooteboom.com\/de\/osd-semi-tieflader\/#breadcrumb\",\"itemListElement\":[{\"@type\":\"ListItem\",\"position\":1,\"name\":\"Home\",\"item\":\"https:\/\/www.nooteboom.com\/de\/\"},{\"@type\":\"ListItem\",\"position\":2,\"name\":\"OSD Semi-Tieflader\"}]},{\"@type\":\"WebSite\",\"@id\":\"https:\/\/www.nooteboom.com\/de\/#website\",\"url\":\"https:\/\/www.nooteboom.com\/de\/\",\"name\":\"Nooteboom Trailers\",\"description\":\"Gets you there.\",\"publisher\":{\"@id\":\"https:\/\/www.nooteboom.com\/de\/#organization\"},\"potentialAction\":[{\"@type\":\"SearchAction\",\"target\":{\"@type\":\"EntryPoint\",\"urlTemplate\":\"https:\/\/www.nooteboom.com\/de\/?s={search_term_string}\"},\"query-input\":{\"@type\":\"PropertyValueSpecification\",\"valueRequired\":true,\"valueName\":\"search_term_string\"}}],\"inLanguage\":\"de\"},{\"@type\":\"Organization\",\"@id\":\"https:\/\/www.nooteboom.com\/de\/#organization\",\"name\":\"Nooteboom Trailers\",\"url\":\"https:\/\/www.nooteboom.com\/de\/\",\"logo\":{\"@type\":\"ImageObject\",\"inLanguage\":\"de\",\"@id\":\"https:\/\/www.nooteboom.com\/de\/#\/schema\/logo\/image\/\",\"url\":\"https:\/\/www.nooteboom.com\/wp-content\/uploads\/logo.png\",\"contentUrl\":\"https:\/\/www.nooteboom.com\/wp-content\/uploads\/logo.png\",\"width\":111,\"height\":66,\"caption\":\"Nooteboom Trailers\"},\"image\":{\"@id\":\"https:\/\/www.nooteboom.com\/de\/#\/schema\/logo\/image\/\"},\"sameAs\":[\"https:\/\/nl-nl.facebook.com\/nooteboomtrailers\/\",\"https:\/\/nl.linkedin.com\/company\/nooteboom-trailers\",\"https:\/\/www.youtube.com\/user\/Nooteboomtrailers\"]}]}<\/script>\n<!-- \/ Yoast SEO Premium plugin. -->","yoast_head_json":{"title":"OSD Semi-Tieflader | Nooteboom Trailers","description":"Nooteboom kann den OSD Semi-Tieflader so ma\u00dfschneidern, dass er alle Anforderungen des professionellen Transportunternehmers erf\u00fcllt.","robots":{"index":"index","follow":"follow","max-snippet":"max-snippet:-1","max-image-preview":"max-image-preview:large","max-video-preview":"max-video-preview:-1"},"canonical":"https:\/\/www.nooteboom.com\/de\/osd-semi-tieflader\/","og_locale":"de_DE","og_type":"article","og_title":"OSD Semi-Tieflader","og_description":"Nooteboom kann den OSD Semi-Tieflader so ma\u00dfschneidern, dass er alle Anforderungen des professionellen Transportunternehmers erf\u00fcllt.","og_url":"https:\/\/www.nooteboom.com\/de\/osd-semi-tieflader\/","og_site_name":"Nooteboom Trailers","article_publisher":"https:\/\/nl-nl.facebook.com\/nooteboomtrailers\/","article_modified_time":"2025-08-25T08:20:06+00:00","og_image":[{"width":1850,"height":1040,"url":"https:\/\/www.nooteboom.com\/wp-content\/uploads\/osd7304.jpg","type":"image\/jpeg"}],"twitter_card":"summary_large_image","twitter_misc":{"Gesch\u00e4tzte Lesezeit":"3\u00a0Minuten"},"schema":{"@context":"https:\/\/schema.org","@graph":[{"@type":"WebPage","@id":"https:\/\/www.nooteboom.com\/de\/osd-semi-tieflader\/","url":"https:\/\/www.nooteboom.com\/de\/osd-semi-tieflader\/","name":"OSD Semi-Tieflader | Nooteboom Trailers","isPartOf":{"@id":"https:\/\/www.nooteboom.com\/de\/#website"},"primaryImageOfPage":{"@id":"https:\/\/www.nooteboom.com\/de\/osd-semi-tieflader\/#primaryimage"},"image":{"@id":"https:\/\/www.nooteboom.com\/de\/osd-semi-tieflader\/#primaryimage"},"thumbnailUrl":"https:\/\/www.nooteboom.com\/wp-content\/uploads\/osd7304.jpg","datePublished":"2016-07-28T11:43:32+00:00","dateModified":"2025-08-25T08:20:06+00:00","description":"Nooteboom kann den OSD Semi-Tieflader so ma\u00dfschneidern, dass er alle Anforderungen des professionellen Transportunternehmers erf\u00fcllt.","breadcrumb":{"@id":"https:\/\/www.nooteboom.com\/de\/osd-semi-tieflader\/#breadcrumb"},"inLanguage":"de","potentialAction":[{"@type":"ReadAction","target":["https:\/\/www.nooteboom.com\/de\/osd-semi-tieflader\/"]}]},{"@type":"ImageObject","inLanguage":"de","@id":"https:\/\/www.nooteboom.com\/de\/osd-semi-tieflader\/#primaryimage","url":"https:\/\/www.nooteboom.com\/wp-content\/uploads\/osd7304.jpg","contentUrl":"https:\/\/www.nooteboom.com\/wp-content\/uploads\/osd7304.jpg","width":1850,"height":1040},{"@type":"BreadcrumbList","@id":"https:\/\/www.nooteboom.com\/de\/osd-semi-tieflader\/#breadcrumb","itemListElement":[{"@type":"ListItem","position":1,"name":"Home","item":"https:\/\/www.nooteboom.com\/de\/"},{"@type":"ListItem","position":2,"name":"OSD Semi-Tieflader"}]},{"@type":"WebSite","@id":"https:\/\/www.nooteboom.com\/de\/#website","url":"https:\/\/www.nooteboom.com\/de\/","name":"Nooteboom Trailers","description":"Gets you there.","publisher":{"@id":"https:\/\/www.nooteboom.com\/de\/#organization"},"potentialAction":[{"@type":"SearchAction","target":{"@type":"EntryPoint","urlTemplate":"https:\/\/www.nooteboom.com\/de\/?s={search_term_string}"},"query-input":{"@type":"PropertyValueSpecification","valueRequired":true,"valueName":"search_term_string"}}],"inLanguage":"de"},{"@type":"Organization","@id":"https:\/\/www.nooteboom.com\/de\/#organization","name":"Nooteboom Trailers","url":"https:\/\/www.nooteboom.com\/de\/","logo":{"@type":"ImageObject","inLanguage":"de","@id":"https:\/\/www.nooteboom.com\/de\/#\/schema\/logo\/image\/","url":"https:\/\/www.nooteboom.com\/wp-content\/uploads\/logo.png","contentUrl":"https:\/\/www.nooteboom.com\/wp-content\/uploads\/logo.png","width":111,"height":66,"caption":"Nooteboom Trailers"},"image":{"@id":"https:\/\/www.nooteboom.com\/de\/#\/schema\/logo\/image\/"},"sameAs":["https:\/\/nl-nl.facebook.com\/nooteboomtrailers\/","https:\/\/nl.linkedin.com\/company\/nooteboom-trailers","https:\/\/www.youtube.com\/user\/Nooteboomtrailers"]}]}},"_links":{"self":[{"href":"https:\/\/www.nooteboom.com\/de\/wp-json\/wp\/v2\/pages\/8583","targetHints":{"allow":["GET"]}}],"collection":[{"href":"https:\/\/www.nooteboom.com\/de\/wp-json\/wp\/v2\/pages"}],"about":[{"href":"https:\/\/www.nooteboom.com\/de\/wp-json\/wp\/v2\/types\/page"}],"author":[{"embeddable":true,"href":"https:\/\/www.nooteboom.com\/de\/wp-json\/wp\/v2\/users\/45"}],"replies":[{"embeddable":true,"href":"https:\/\/www.nooteboom.com\/de\/wp-json\/wp\/v2\/comments?post=8583"}],"version-history":[{"count":7,"href":"https:\/\/www.nooteboom.com\/de\/wp-json\/wp\/v2\/pages\/8583\/revisions"}],"predecessor-version":[{"id":2732003,"href":"https:\/\/www.nooteboom.com\/de\/wp-json\/wp\/v2\/pages\/8583\/revisions\/2732003"}],"wp:featuredmedia":[{"embeddable":true,"href":"https:\/\/www.nooteboom.com\/de\/wp-json\/wp\/v2\/media\/2699729"}],"wp:attachment":[{"href":"https:\/\/www.nooteboom.com\/de\/wp-json\/wp\/v2\/media?parent=8583"}],"curies":[{"name":"wp","href":"https:\/\/api.w.org\/{rel}","templated":true}]}}