{"id":8581,"date":"2016-07-28T13:42:01","date_gmt":"2016-07-28T11:42:01","guid":{"rendered":"https:\/\/www.nooteboom.com\/?page_id=8581&#038;lang=de"},"modified":"2026-03-12T15:43:55","modified_gmt":"2026-03-12T14:43:55","slug":"pressekontakt-service","status":"publish","type":"page","link":"https:\/\/www.nooteboom.com\/de\/medien\/pressekontakt-service\/","title":{"rendered":"Pressekontakt &#038; Service"},"content":{"rendered":"<div class=\"wpb-content-wrapper\"><p>[vc_row][vc_column width=&#8220;2\/3&#8243;][vc_column_text]Wir sind auf unsere Rolle als Trendsetter bei Anh\u00e4ngern f\u00fcr den stra\u00dfengebundenen Spezialtransport sehr stolz. Wir f\u00fchren regelm\u00e4\u00dfig Neuheiten und Innovationen ein, die Spezial- und Schwertransportvorg\u00e4nge um eine weitere Dimension erg\u00e4nzen. Damit verbundene Nachrichten werden \u00fcber unseren Pressedienst und soziale Medien ver\u00f6ffentlicht.[\/vc_column_text][vc_column_text]<\/p>\n<h2>Neueste Pressemitteilungen in unserem Pressroom<\/h2>\n<p>[\/vc_column_text][vc_raw_html]JTNDc2NyaXB0JTIwc3JjJTNEJTIyaHR0cHMlM0ElMkYlMkZwcmVzcy5ub290ZWJvb20uY29tJTJGd2lkZ2V0JTJGamF2YXNjcmlwdCUzRmN1bHR1cmUlM0RkZV9ERSUyNiUyNmRhdGVfZm9ybWF0JTNEeS1tLWQlMjZsaW1pdCUzRCU1Qm9iamVjdCUyMEhUTUxJbnB1dEVsZW1lbnQlNUQlMjZ0YXJnZXQlM0RibGFuayUyMiUyMHR5cGUlM0QlMjJ0ZXh0JTJGamF2YXNjcmlwdCUyMiUzRSUzQyUyRnNjcmlwdCUzRSUyMCUwQSUzQ2RpdiUyMGlkJTNEJTIycHJlemx5LXByZXNzcm9vbS1jb250YWluZXIlMjIlM0UlM0MlMkZkaXYlM0U=[\/vc_raw_html][\/vc_column][vc_column width=&#8220;1\/3&#8243;]<div class=\"vc_contact\">\n\n\t\t\t<h3>Press Contact<\/h3>\n\t\n\t<\/p>\n<div><img loading=\"lazy\" decoding=\"async\" class=\"alignnone size-medium wp-image-3172791\" src=\"https:\/\/www.nooteboom.com\/wp-content\/uploads\/Denise-Janssen-300x297.png\" alt=\"Denise-Janssen\" width=\"300\" height=\"297\" srcset=\"https:\/\/www.nooteboom.com\/wp-content\/uploads\/Denise-Janssen-300x297.png 300w, https:\/\/www.nooteboom.com\/wp-content\/uploads\/Denise-Janssen-150x150.png 150w, https:\/\/www.nooteboom.com\/wp-content\/uploads\/Denise-Janssen-768x761.png 768w, https:\/\/www.nooteboom.com\/wp-content\/uploads\/Denise-Janssen.png 800w\" sizes=\"auto, (max-width: 300px) 100vw, 300px\" \/><\/div>\n<div class=\"ContentPasted0\"><strong><br \/>\nNooteboom Trailers B.V.<\/strong><\/div>\n<div>Denise Janssen<\/div>\n<div class=\"ContentPasted0\">Marketing &amp; Communications<\/div>\n<div class=\"ContentPasted0\"><strong>T<\/strong>: <span data-slate-fragment=\"JTVCJTdCJTIydHlwZSUyMiUzQSUyMnBhcmFncmFwaCUyMiUyQyUyMmNoaWxkcmVuJTIyJTNBJTVCJTdCJTIydGV4dCUyMiUzQSUyMiUyQjMxJTIwNjg5JTIwOTM1OTQwJTIyJTdEJTVEJTJDJTIyaWQlMjIlM0ElMjJjZWE0ZWUxYS0zOGZhLTRmOTgtODdiNC1jMzA5NzAyMzAzYTIlMjIlN0QlNUQ=\">+31 689 935940<\/span><\/div>\n<div class=\"ContentPasted0\"><strong>E<\/strong>: <a title=\"mailto:press@nooteboom.com\" contenteditable=\"false\" href=\"mailto:press@nooteboom.com\">press@nooteboom.com<\/a><\/div>\n<p>\n\n\t\n<\/div>[\/vc_column][\/vc_row][vc_row][vc_column][vc_column_text]<\/p>\n<p style=\"text-align: left;\"><a class=\"button\" href=\"https:\/\/press.nooteboom.com\/de\" target=\"_blank\" rel=\"noopener\">Nooteboom Pressroom<\/a><\/p>\n<p>[\/vc_column_text][\/vc_column][\/vc_row]<\/p>\n<\/div>","protected":false},"excerpt":{"rendered":"[vc_row][vc_column width=&#8220;2\/3&#8243;][vc_column_text]Wir sind auf unsere Rolle als Trendsetter bei Anh\u00e4ngern f\u00fcr den stra\u00dfengebundenen Spezialtransport sehr stolz. Wir f\u00fchren regelm\u00e4\u00dfig Neuheiten&#8230;","protected":false},"author":45,"featured_media":2023213,"parent":8558,"menu_order":4,"comment_status":"closed","ping_status":"closed","template":"","meta":{"_acf_changed":false,"inline_featured_image":false,"footnotes":""},"class_list":["post-8581","page","type-page","status-publish","has-post-thumbnail","hentry"],"acf":[],"yoast_head":"<!-- This site is optimized with the Yoast SEO Premium plugin v25.7.1 (Yoast SEO v25.7) - https:\/\/yoast.com\/wordpress\/plugins\/seo\/ -->\n<title>Pressekontakt &amp; Service | Nooteboom Trailers<\/title>\n<meta name=\"description\" content=\"Wir sind auf unsere Rolle als Trendsetter bei Anh\u00e4ngern f\u00fcr den stra\u00dfengebundenen Spezialtransport sehr stolz.\" \/>\n<meta name=\"robots\" content=\"index, follow, max-snippet:-1, max-image-preview:large, max-video-preview:-1\" \/>\n<link rel=\"canonical\" href=\"https:\/\/www.nooteboom.com\/de\/medien\/pressekontakt-service\/\" \/>\n<meta property=\"og:locale\" content=\"de_DE\" \/>\n<meta property=\"og:type\" content=\"article\" \/>\n<meta property=\"og:title\" content=\"Pressekontakt &amp; Service\" \/>\n<meta property=\"og:description\" content=\"Wir sind auf unsere Rolle als Trendsetter bei Anh\u00e4ngern f\u00fcr den stra\u00dfengebundenen Spezialtransport sehr stolz.\" \/>\n<meta property=\"og:url\" content=\"https:\/\/www.nooteboom.com\/de\/medien\/pressekontakt-service\/\" \/>\n<meta property=\"og:site_name\" content=\"Nooteboom Trailers\" \/>\n<meta property=\"article:publisher\" content=\"https:\/\/nl-nl.facebook.com\/nooteboomtrailers\/\" \/>\n<meta property=\"article:modified_time\" content=\"2026-03-12T14:43:55+00:00\" \/>\n<meta property=\"og:image\" content=\"https:\/\/www.nooteboom.com\/wp-content\/uploads\/presscontact_and_service.-1-scaled.jpg\" \/>\n\t<meta property=\"og:image:width\" content=\"2048\" \/>\n\t<meta property=\"og:image:height\" content=\"871\" \/>\n\t<meta property=\"og:image:type\" content=\"image\/jpeg\" \/>\n<meta name=\"twitter:card\" content=\"summary_large_image\" \/>\n<meta name=\"twitter:label1\" content=\"Gesch\u00e4tzte Lesezeit\" \/>\n\t<meta name=\"twitter:data1\" content=\"1\u00a0Minute\" \/>\n<script type=\"application\/ld+json\" class=\"yoast-schema-graph\">{\"@context\":\"https:\/\/schema.org\",\"@graph\":[{\"@type\":\"WebPage\",\"@id\":\"https:\/\/www.nooteboom.com\/de\/medien\/pressekontakt-service\/\",\"url\":\"https:\/\/www.nooteboom.com\/de\/medien\/pressekontakt-service\/\",\"name\":\"Pressekontakt & Service | Nooteboom Trailers\",\"isPartOf\":{\"@id\":\"https:\/\/www.nooteboom.com\/de\/#website\"},\"primaryImageOfPage\":{\"@id\":\"https:\/\/www.nooteboom.com\/de\/medien\/pressekontakt-service\/#primaryimage\"},\"image\":{\"@id\":\"https:\/\/www.nooteboom.com\/de\/medien\/pressekontakt-service\/#primaryimage\"},\"thumbnailUrl\":\"https:\/\/www.nooteboom.com\/wp-content\/uploads\/presscontact_and_service.-1-scaled.jpg\",\"datePublished\":\"2016-07-28T11:42:01+00:00\",\"dateModified\":\"2026-03-12T14:43:55+00:00\",\"description\":\"Wir sind auf unsere Rolle als Trendsetter bei Anh\u00e4ngern f\u00fcr den stra\u00dfengebundenen Spezialtransport sehr stolz.\",\"breadcrumb\":{\"@id\":\"https:\/\/www.nooteboom.com\/de\/medien\/pressekontakt-service\/#breadcrumb\"},\"inLanguage\":\"de\",\"potentialAction\":[{\"@type\":\"ReadAction\",\"target\":[\"https:\/\/www.nooteboom.com\/de\/medien\/pressekontakt-service\/\"]}]},{\"@type\":\"ImageObject\",\"inLanguage\":\"de\",\"@id\":\"https:\/\/www.nooteboom.com\/de\/medien\/pressekontakt-service\/#primaryimage\",\"url\":\"https:\/\/www.nooteboom.com\/wp-content\/uploads\/presscontact_and_service.-1-scaled.jpg\",\"contentUrl\":\"https:\/\/www.nooteboom.com\/wp-content\/uploads\/presscontact_and_service.-1-scaled.jpg\",\"width\":2048,\"height\":871,\"caption\":\"presscontact_and_service.\"},{\"@type\":\"BreadcrumbList\",\"@id\":\"https:\/\/www.nooteboom.com\/de\/medien\/pressekontakt-service\/#breadcrumb\",\"itemListElement\":[{\"@type\":\"ListItem\",\"position\":1,\"name\":\"Home\",\"item\":\"https:\/\/www.nooteboom.com\/de\/\"},{\"@type\":\"ListItem\",\"position\":2,\"name\":\"Medien\",\"item\":\"https:\/\/www.nooteboom.com\/de\/medien\/\"},{\"@type\":\"ListItem\",\"position\":3,\"name\":\"Pressekontakt &#038; Service\"}]},{\"@type\":\"WebSite\",\"@id\":\"https:\/\/www.nooteboom.com\/de\/#website\",\"url\":\"https:\/\/www.nooteboom.com\/de\/\",\"name\":\"Nooteboom Trailers\",\"description\":\"Gets you there.\",\"publisher\":{\"@id\":\"https:\/\/www.nooteboom.com\/de\/#organization\"},\"potentialAction\":[{\"@type\":\"SearchAction\",\"target\":{\"@type\":\"EntryPoint\",\"urlTemplate\":\"https:\/\/www.nooteboom.com\/de\/?s={search_term_string}\"},\"query-input\":{\"@type\":\"PropertyValueSpecification\",\"valueRequired\":true,\"valueName\":\"search_term_string\"}}],\"inLanguage\":\"de\"},{\"@type\":\"Organization\",\"@id\":\"https:\/\/www.nooteboom.com\/de\/#organization\",\"name\":\"Nooteboom Trailers\",\"url\":\"https:\/\/www.nooteboom.com\/de\/\",\"logo\":{\"@type\":\"ImageObject\",\"inLanguage\":\"de\",\"@id\":\"https:\/\/www.nooteboom.com\/de\/#\/schema\/logo\/image\/\",\"url\":\"https:\/\/www.nooteboom.com\/wp-content\/uploads\/logo.png\",\"contentUrl\":\"https:\/\/www.nooteboom.com\/wp-content\/uploads\/logo.png\",\"width\":111,\"height\":66,\"caption\":\"Nooteboom Trailers\"},\"image\":{\"@id\":\"https:\/\/www.nooteboom.com\/de\/#\/schema\/logo\/image\/\"},\"sameAs\":[\"https:\/\/nl-nl.facebook.com\/nooteboomtrailers\/\",\"https:\/\/nl.linkedin.com\/company\/nooteboom-trailers\",\"https:\/\/www.youtube.com\/user\/Nooteboomtrailers\"]}]}<\/script>\n<!-- \/ Yoast SEO Premium plugin. -->","yoast_head_json":{"title":"Pressekontakt & Service | Nooteboom Trailers","description":"Wir sind auf unsere Rolle als Trendsetter bei Anh\u00e4ngern f\u00fcr den stra\u00dfengebundenen Spezialtransport sehr stolz.","robots":{"index":"index","follow":"follow","max-snippet":"max-snippet:-1","max-image-preview":"max-image-preview:large","max-video-preview":"max-video-preview:-1"},"canonical":"https:\/\/www.nooteboom.com\/de\/medien\/pressekontakt-service\/","og_locale":"de_DE","og_type":"article","og_title":"Pressekontakt & Service","og_description":"Wir sind auf unsere Rolle als Trendsetter bei Anh\u00e4ngern f\u00fcr den stra\u00dfengebundenen Spezialtransport sehr stolz.","og_url":"https:\/\/www.nooteboom.com\/de\/medien\/pressekontakt-service\/","og_site_name":"Nooteboom Trailers","article_publisher":"https:\/\/nl-nl.facebook.com\/nooteboomtrailers\/","article_modified_time":"2026-03-12T14:43:55+00:00","og_image":[{"width":2048,"height":871,"url":"https:\/\/www.nooteboom.com\/wp-content\/uploads\/presscontact_and_service.-1-scaled.jpg","type":"image\/jpeg"}],"twitter_card":"summary_large_image","twitter_misc":{"Gesch\u00e4tzte Lesezeit":"1\u00a0Minute"},"schema":{"@context":"https:\/\/schema.org","@graph":[{"@type":"WebPage","@id":"https:\/\/www.nooteboom.com\/de\/medien\/pressekontakt-service\/","url":"https:\/\/www.nooteboom.com\/de\/medien\/pressekontakt-service\/","name":"Pressekontakt & Service | Nooteboom Trailers","isPartOf":{"@id":"https:\/\/www.nooteboom.com\/de\/#website"},"primaryImageOfPage":{"@id":"https:\/\/www.nooteboom.com\/de\/medien\/pressekontakt-service\/#primaryimage"},"image":{"@id":"https:\/\/www.nooteboom.com\/de\/medien\/pressekontakt-service\/#primaryimage"},"thumbnailUrl":"https:\/\/www.nooteboom.com\/wp-content\/uploads\/presscontact_and_service.-1-scaled.jpg","datePublished":"2016-07-28T11:42:01+00:00","dateModified":"2026-03-12T14:43:55+00:00","description":"Wir sind auf unsere Rolle als Trendsetter bei Anh\u00e4ngern f\u00fcr den stra\u00dfengebundenen Spezialtransport sehr stolz.","breadcrumb":{"@id":"https:\/\/www.nooteboom.com\/de\/medien\/pressekontakt-service\/#breadcrumb"},"inLanguage":"de","potentialAction":[{"@type":"ReadAction","target":["https:\/\/www.nooteboom.com\/de\/medien\/pressekontakt-service\/"]}]},{"@type":"ImageObject","inLanguage":"de","@id":"https:\/\/www.nooteboom.com\/de\/medien\/pressekontakt-service\/#primaryimage","url":"https:\/\/www.nooteboom.com\/wp-content\/uploads\/presscontact_and_service.-1-scaled.jpg","contentUrl":"https:\/\/www.nooteboom.com\/wp-content\/uploads\/presscontact_and_service.-1-scaled.jpg","width":2048,"height":871,"caption":"presscontact_and_service."},{"@type":"BreadcrumbList","@id":"https:\/\/www.nooteboom.com\/de\/medien\/pressekontakt-service\/#breadcrumb","itemListElement":[{"@type":"ListItem","position":1,"name":"Home","item":"https:\/\/www.nooteboom.com\/de\/"},{"@type":"ListItem","position":2,"name":"Medien","item":"https:\/\/www.nooteboom.com\/de\/medien\/"},{"@type":"ListItem","position":3,"name":"Pressekontakt &#038; Service"}]},{"@type":"WebSite","@id":"https:\/\/www.nooteboom.com\/de\/#website","url":"https:\/\/www.nooteboom.com\/de\/","name":"Nooteboom Trailers","description":"Gets you there.","publisher":{"@id":"https:\/\/www.nooteboom.com\/de\/#organization"},"potentialAction":[{"@type":"SearchAction","target":{"@type":"EntryPoint","urlTemplate":"https:\/\/www.nooteboom.com\/de\/?s={search_term_string}"},"query-input":{"@type":"PropertyValueSpecification","valueRequired":true,"valueName":"search_term_string"}}],"inLanguage":"de"},{"@type":"Organization","@id":"https:\/\/www.nooteboom.com\/de\/#organization","name":"Nooteboom Trailers","url":"https:\/\/www.nooteboom.com\/de\/","logo":{"@type":"ImageObject","inLanguage":"de","@id":"https:\/\/www.nooteboom.com\/de\/#\/schema\/logo\/image\/","url":"https:\/\/www.nooteboom.com\/wp-content\/uploads\/logo.png","contentUrl":"https:\/\/www.nooteboom.com\/wp-content\/uploads\/logo.png","width":111,"height":66,"caption":"Nooteboom Trailers"},"image":{"@id":"https:\/\/www.nooteboom.com\/de\/#\/schema\/logo\/image\/"},"sameAs":["https:\/\/nl-nl.facebook.com\/nooteboomtrailers\/","https:\/\/nl.linkedin.com\/company\/nooteboom-trailers","https:\/\/www.youtube.com\/user\/Nooteboomtrailers"]}]}},"_links":{"self":[{"href":"https:\/\/www.nooteboom.com\/de\/wp-json\/wp\/v2\/pages\/8581","targetHints":{"allow":["GET"]}}],"collection":[{"href":"https:\/\/www.nooteboom.com\/de\/wp-json\/wp\/v2\/pages"}],"about":[{"href":"https:\/\/www.nooteboom.com\/de\/wp-json\/wp\/v2\/types\/page"}],"author":[{"embeddable":true,"href":"https:\/\/www.nooteboom.com\/de\/wp-json\/wp\/v2\/users\/45"}],"replies":[{"embeddable":true,"href":"https:\/\/www.nooteboom.com\/de\/wp-json\/wp\/v2\/comments?post=8581"}],"version-history":[{"count":12,"href":"https:\/\/www.nooteboom.com\/de\/wp-json\/wp\/v2\/pages\/8581\/revisions"}],"predecessor-version":[{"id":3172806,"href":"https:\/\/www.nooteboom.com\/de\/wp-json\/wp\/v2\/pages\/8581\/revisions\/3172806"}],"up":[{"embeddable":true,"href":"https:\/\/www.nooteboom.com\/de\/wp-json\/wp\/v2\/pages\/8558"}],"wp:featuredmedia":[{"embeddable":true,"href":"https:\/\/www.nooteboom.com\/de\/wp-json\/wp\/v2\/media\/2023213"}],"wp:attachment":[{"href":"https:\/\/www.nooteboom.com\/de\/wp-json\/wp\/v2\/media?parent=8581"}],"curies":[{"name":"wp","href":"https:\/\/api.w.org\/{rel}","templated":true}]}}