{"id":8573,"date":"2016-07-28T13:38:32","date_gmt":"2016-07-28T11:38:32","guid":{"rendered":"https:\/\/www.nooteboom.com\/?page_id=8573&#038;lang=de"},"modified":"2025-02-13T15:39:10","modified_gmt":"2025-02-13T14:39:10","slug":"nachrichten","status":"publish","type":"page","link":"https:\/\/www.nooteboom.com\/de\/medien\/nachrichten\/","title":{"rendered":"Nachrichten"},"content":{"rendered":"<div class=\"wpb-content-wrapper\"><p>[vc_row][vc_column]<div class=\"vc_latest_news_v2 news news-v2 centered\">\n\n\t\t\t<h2>Latest News<\/h2>\n\t\n\t\n        <div class=\"wrapper\">\n\n            <div class=\"news__item content\">\n\n\t<p class=\"news__title\">\n\t\t<a href=\"https:\/\/www.nooteboom.com\/de\/silvasti-ueber-den-neuen-mega-windmill-trailer-xxl-ein-stabilitaetsniveau-das-massstaebe-setzt\/\">Silvasti \u00fcber den neuen Mega Windmill Trailer XXL: \u201eEin Stabilit\u00e4tsniveau, das Ma\u00dfst\u00e4be setzt\u201c<\/a>\n\t<\/p>\n\n\t\t\t<figure class=\"align-left\">\n\t\t\t<a href=\"https:\/\/www.nooteboom.com\/de\/silvasti-ueber-den-neuen-mega-windmill-trailer-xxl-ein-stabilitaetsniveau-das-massstaebe-setzt\/\">\n\t\t\t\t<img decoding=\"async\" src=\"https:\/\/www.nooteboom.com\/wp-content\/uploads\/Silvasti-MWT1-240x120.jpg\"\n\t\t\t\t     alt=\"Silvasti \u00fcber den neuen Mega Windmill Trailer XXL: \u201eEin Stabilit\u00e4tsniveau, das Ma\u00dfst\u00e4be setzt\u201c\"\n\t\t\t\t\t\t\t\t\t\t\tsrcset=\"https:\/\/www.nooteboom.com\/wp-content\/uploads\/Silvasti-MWT1-300x150.jpg 300w,https:\/\/www.nooteboom.com\/wp-content\/uploads\/Silvasti-MWT1-768x384.jpg 768w,https:\/\/www.nooteboom.com\/wp-content\/uploads\/Silvasti-MWT1-1024x512.jpg 1024w\"\n\t\t\t\t\t\tsizes=\"(max-width: 500px) 100vw, 500px\"\n\t\t\t\t\t\t\t\t\t>\n\t\t\t<\/a>\n\t\t<\/figure>\n\t\n\t<p>09-04-2026 - Im Januar 2025 stellte Nooteboom den Mega Windmill Trailer XXL (MWT\u2011XXL) vor, die j\u00fcngste Erweiterung der erfolgreichen MWT\u2011Serie. Nach der Pr\u00e4sentation auf der Bauma in M\u00fcnchen erhielt Silvasti als einer der f\u00fchrenden Schwertransportspezialisten Europas die ersten beiden Einheiten. Das Unternehmen arbeitet seit Jahren mit fr\u00fcheren Generationen des Mega Windmill Trailers und hat die XXL\u2011Version inzwischen im Einsatz. CEO Ville Silvasti gibt einen detaillierten Einblick in seine Erfahrungen:\t\t<a href=\"https:\/\/www.nooteboom.com\/de\/silvasti-ueber-den-neuen-mega-windmill-trailer-xxl-ein-stabilitaetsniveau-das-massstaebe-setzt\/\">Lesen Sie mehr\r\n<\/a>\n\t<\/p>\n\n<\/div><div class=\"news__item content\">\n\n\t<p class=\"news__title\">\n\t\t<a href=\"https:\/\/www.nooteboom.com\/de\/neuzugang-bei-titschkus-wittrock\/\">Neuzugang bei Titschkus &#038; Wittrock<\/a>\n\t<\/p>\n\n\t\t\t<figure class=\"align-left\">\n\t\t\t<a href=\"https:\/\/www.nooteboom.com\/de\/neuzugang-bei-titschkus-wittrock\/\">\n\t\t\t\t<img decoding=\"async\" src=\"https:\/\/www.nooteboom.com\/wp-content\/uploads\/IMG_2835-240x120.jpeg\"\n\t\t\t\t     alt=\"Neuzugang bei Titschkus &#038; Wittrock\"\n\t\t\t\t\t\t\t\t\t\t\tsrcset=\"https:\/\/www.nooteboom.com\/wp-content\/uploads\/IMG_2835-300x150.jpeg 300w,https:\/\/www.nooteboom.com\/wp-content\/uploads\/IMG_2835-768x384.jpeg 768w,https:\/\/www.nooteboom.com\/wp-content\/uploads\/IMG_2835-1024x512.jpeg 1024w\"\n\t\t\t\t\t\tsizes=\"(max-width: 500px) 100vw, 500px\"\n\t\t\t\t\t\t\t\t\t>\n\t\t\t<\/a>\n\t\t<\/figure>\n\t\n\t<p>25-03-2026 - Ab dieser Woche hei\u00dft es Neuzugang im Fuhrpark bei unserem langj\u00e4hrigen Kunden Titschkus &#038; Wittrock GmbH &#038; Co. KG aus Stuhr.\u00a0Direkt zum Wochenstart \u00fcbernahm das zur Wittrock Gruppe\u00a0geh\u00f6rende und europaweit aggierende Unternehmen im Bereich Vermietung von Kranen, Arbeitsb\u00fchnen und Staplern sowie bei der Durchf\u00fchrung von Schwertransporten und Schwermontagen sein neues Tiefbett vom Typ Euro-143-46 ICP\u00a0aus dem Hause Nooteboom.\t\t<a href=\"https:\/\/www.nooteboom.com\/de\/neuzugang-bei-titschkus-wittrock\/\">Lesen Sie mehr\r\n<\/a>\n\t<\/p>\n\n<\/div><div class=\"news__item content\">\n\n\t<p class=\"news__title\">\n\t\t<a href=\"https:\/\/www.nooteboom.com\/de\/strategische-zusammenarbeit-rheinmetall-und-nooteboom-trailers-b-v-entwickeln-und-vermarkten-gemeinsam-militaerische-schwerlast-auflieger\/\">Strategische Zusammenarbeit: Rheinmetall und Nooteboom Trailers B.V. entwickeln und vermarkten gemeinsam milit\u00e4rische Schwerlast-Auflieger<\/a>\n\t<\/p>\n\n\t\t\t<figure class=\"align-left\">\n\t\t\t<a href=\"https:\/\/www.nooteboom.com\/de\/strategische-zusammenarbeit-rheinmetall-und-nooteboom-trailers-b-v-entwickeln-und-vermarkten-gemeinsam-militaerische-schwerlast-auflieger\/\">\n\t\t\t\t<img decoding=\"async\" src=\"https:\/\/www.nooteboom.com\/wp-content\/uploads\/samenwerkingvisual-240x120.png\"\n\t\t\t\t     alt=\"Strategische Zusammenarbeit: Rheinmetall und Nooteboom Trailers B.V. entwickeln und vermarkten gemeinsam milit\u00e4rische Schwerlast-Auflieger\"\n\t\t\t\t\t\t\t\t\t\t\tsrcset=\"https:\/\/www.nooteboom.com\/wp-content\/uploads\/samenwerkingvisual-300x150.png 300w,https:\/\/www.nooteboom.com\/wp-content\/uploads\/samenwerkingvisual-768x384.png 768w,https:\/\/www.nooteboom.com\/wp-content\/uploads\/samenwerkingvisual-1024x512.png 1024w\"\n\t\t\t\t\t\tsizes=\"(max-width: 500px) 100vw, 500px\"\n\t\t\t\t\t\t\t\t\t>\n\t\t\t<\/a>\n\t\t<\/figure>\n\t\n\t<p>12-03-2026 - Der Technologiekonzern Rheinmetall und der niederl\u00e4ndische Spezialist f\u00fcr Schwerlastanh\u00e4nger Nooteboom Trailers B.V. haben eine Kooperations\u00acvereinbarung \u00fcber die Entwicklung und den Vertrieb von milit\u00e4rischen HET-Aufliegersystemen (Heavy Equipment Trailer) geschlossen. Die Kooperation beinhaltet eine die gemeinsame Entwicklung, Industrialisierung und Vermarktung von milit\u00e4rischen Schwerlasttransporter-Aufliegersystemen.\t\t<a href=\"https:\/\/www.nooteboom.com\/de\/strategische-zusammenarbeit-rheinmetall-und-nooteboom-trailers-b-v-entwickeln-und-vermarkten-gemeinsam-militaerische-schwerlast-auflieger\/\">Lesen Sie mehr\r\n<\/a>\n\t<\/p>\n\n<\/div>\n        <\/div>\n\n\t\n<\/div>\n[\/vc_column][\/vc_row][vc_row][vc_column width=&#8220;1\/2&#8243;][vc_column_text]<a class=\"button\" href=\"https:\/\/www.nooteboom.com\/de\/nachrichten-und-medien\/nachrichten-archiv\/\" target=\"_blank\" rel=\"noopener\">Mehr Nachrichten<\/a>[\/vc_column_text][\/vc_column][vc_column width=&#8220;1\/2&#8243;][\/vc_column][\/vc_row]<\/p>\n<\/div>","protected":false},"excerpt":{"rendered":"[vc_row][vc_column][\/vc_column][\/vc_row][vc_row][vc_column width=&#8220;1\/2&#8243;][vc_column_text]Mehr Nachrichten[\/vc_column_text][\/vc_column][vc_column width=&#8220;1\/2&#8243;][\/vc_column][\/vc_row]","protected":false},"author":45,"featured_media":0,"parent":8558,"menu_order":1,"comment_status":"closed","ping_status":"closed","template":"","meta":{"_acf_changed":false,"inline_featured_image":false,"footnotes":""},"class_list":["post-8573","page","type-page","status-publish","hentry"],"acf":[],"yoast_head":"<!-- This site is optimized with the Yoast SEO Premium plugin v25.7.1 (Yoast SEO v25.7) - https:\/\/yoast.com\/wordpress\/plugins\/seo\/ -->\n<title>Nachrichten | Nooteboom Trailers<\/title>\n<meta name=\"robots\" content=\"index, follow, max-snippet:-1, max-image-preview:large, max-video-preview:-1\" \/>\n<link rel=\"canonical\" href=\"https:\/\/www.nooteboom.com\/de\/medien\/nachrichten\/\" \/>\n<meta property=\"og:locale\" content=\"de_DE\" \/>\n<meta property=\"og:type\" content=\"article\" \/>\n<meta property=\"og:title\" content=\"Nachrichten\" \/>\n<meta property=\"og:description\" content=\"[vc_row][vc_column][\/vc_column][\/vc_row][vc_row][vc_column width=&#8220;1\/2&#8243;][vc_column_text]Mehr Nachrichten[\/vc_column_text][\/vc_column][vc_column width=&#8220;1\/2&#8243;][\/vc_column][\/vc_row]\" \/>\n<meta property=\"og:url\" content=\"https:\/\/www.nooteboom.com\/de\/medien\/nachrichten\/\" \/>\n<meta property=\"og:site_name\" content=\"Nooteboom Trailers\" \/>\n<meta property=\"article:publisher\" content=\"https:\/\/nl-nl.facebook.com\/nooteboomtrailers\/\" \/>\n<meta property=\"article:modified_time\" content=\"2025-02-13T14:39:10+00:00\" \/>\n<meta property=\"og:image\" content=\"https:\/\/www.nooteboom.com\/wp-content\/uploads\/splashnooteboom-square-1.jpg\" \/>\n\t<meta property=\"og:image:width\" content=\"757\" \/>\n\t<meta property=\"og:image:height\" content=\"757\" \/>\n\t<meta property=\"og:image:type\" content=\"image\/jpeg\" \/>\n<meta name=\"twitter:card\" content=\"summary_large_image\" \/>\n<meta name=\"twitter:label1\" content=\"Gesch\u00e4tzte Lesezeit\" \/>\n\t<meta name=\"twitter:data1\" content=\"1\u00a0Minute\" \/>\n<script type=\"application\/ld+json\" class=\"yoast-schema-graph\">{\"@context\":\"https:\/\/schema.org\",\"@graph\":[{\"@type\":\"WebPage\",\"@id\":\"https:\/\/www.nooteboom.com\/de\/medien\/nachrichten\/\",\"url\":\"https:\/\/www.nooteboom.com\/de\/medien\/nachrichten\/\",\"name\":\"Nachrichten | Nooteboom Trailers\",\"isPartOf\":{\"@id\":\"https:\/\/www.nooteboom.com\/de\/#website\"},\"datePublished\":\"2016-07-28T11:38:32+00:00\",\"dateModified\":\"2025-02-13T14:39:10+00:00\",\"breadcrumb\":{\"@id\":\"https:\/\/www.nooteboom.com\/de\/medien\/nachrichten\/#breadcrumb\"},\"inLanguage\":\"de\",\"potentialAction\":[{\"@type\":\"ReadAction\",\"target\":[\"https:\/\/www.nooteboom.com\/de\/medien\/nachrichten\/\"]}]},{\"@type\":\"BreadcrumbList\",\"@id\":\"https:\/\/www.nooteboom.com\/de\/medien\/nachrichten\/#breadcrumb\",\"itemListElement\":[{\"@type\":\"ListItem\",\"position\":1,\"name\":\"Home\",\"item\":\"https:\/\/www.nooteboom.com\/de\/\"},{\"@type\":\"ListItem\",\"position\":2,\"name\":\"Medien\",\"item\":\"https:\/\/www.nooteboom.com\/de\/medien\/\"},{\"@type\":\"ListItem\",\"position\":3,\"name\":\"Nachrichten\"}]},{\"@type\":\"WebSite\",\"@id\":\"https:\/\/www.nooteboom.com\/de\/#website\",\"url\":\"https:\/\/www.nooteboom.com\/de\/\",\"name\":\"Nooteboom Trailers\",\"description\":\"Gets you there.\",\"publisher\":{\"@id\":\"https:\/\/www.nooteboom.com\/de\/#organization\"},\"potentialAction\":[{\"@type\":\"SearchAction\",\"target\":{\"@type\":\"EntryPoint\",\"urlTemplate\":\"https:\/\/www.nooteboom.com\/de\/?s={search_term_string}\"},\"query-input\":{\"@type\":\"PropertyValueSpecification\",\"valueRequired\":true,\"valueName\":\"search_term_string\"}}],\"inLanguage\":\"de\"},{\"@type\":\"Organization\",\"@id\":\"https:\/\/www.nooteboom.com\/de\/#organization\",\"name\":\"Nooteboom Trailers\",\"url\":\"https:\/\/www.nooteboom.com\/de\/\",\"logo\":{\"@type\":\"ImageObject\",\"inLanguage\":\"de\",\"@id\":\"https:\/\/www.nooteboom.com\/de\/#\/schema\/logo\/image\/\",\"url\":\"https:\/\/www.nooteboom.com\/wp-content\/uploads\/logo.png\",\"contentUrl\":\"https:\/\/www.nooteboom.com\/wp-content\/uploads\/logo.png\",\"width\":111,\"height\":66,\"caption\":\"Nooteboom Trailers\"},\"image\":{\"@id\":\"https:\/\/www.nooteboom.com\/de\/#\/schema\/logo\/image\/\"},\"sameAs\":[\"https:\/\/nl-nl.facebook.com\/nooteboomtrailers\/\",\"https:\/\/nl.linkedin.com\/company\/nooteboom-trailers\",\"https:\/\/www.youtube.com\/user\/Nooteboomtrailers\"]}]}<\/script>\n<!-- \/ Yoast SEO Premium plugin. -->","yoast_head_json":{"title":"Nachrichten | Nooteboom Trailers","robots":{"index":"index","follow":"follow","max-snippet":"max-snippet:-1","max-image-preview":"max-image-preview:large","max-video-preview":"max-video-preview:-1"},"canonical":"https:\/\/www.nooteboom.com\/de\/medien\/nachrichten\/","og_locale":"de_DE","og_type":"article","og_title":"Nachrichten","og_description":"[vc_row][vc_column][\/vc_column][\/vc_row][vc_row][vc_column width=&#8220;1\/2&#8243;][vc_column_text]Mehr Nachrichten[\/vc_column_text][\/vc_column][vc_column width=&#8220;1\/2&#8243;][\/vc_column][\/vc_row]","og_url":"https:\/\/www.nooteboom.com\/de\/medien\/nachrichten\/","og_site_name":"Nooteboom Trailers","article_publisher":"https:\/\/nl-nl.facebook.com\/nooteboomtrailers\/","article_modified_time":"2025-02-13T14:39:10+00:00","og_image":[{"width":757,"height":757,"url":"https:\/\/www.nooteboom.com\/wp-content\/uploads\/splashnooteboom-square-1.jpg","type":"image\/jpeg"}],"twitter_card":"summary_large_image","twitter_misc":{"Gesch\u00e4tzte Lesezeit":"1\u00a0Minute"},"schema":{"@context":"https:\/\/schema.org","@graph":[{"@type":"WebPage","@id":"https:\/\/www.nooteboom.com\/de\/medien\/nachrichten\/","url":"https:\/\/www.nooteboom.com\/de\/medien\/nachrichten\/","name":"Nachrichten | Nooteboom Trailers","isPartOf":{"@id":"https:\/\/www.nooteboom.com\/de\/#website"},"datePublished":"2016-07-28T11:38:32+00:00","dateModified":"2025-02-13T14:39:10+00:00","breadcrumb":{"@id":"https:\/\/www.nooteboom.com\/de\/medien\/nachrichten\/#breadcrumb"},"inLanguage":"de","potentialAction":[{"@type":"ReadAction","target":["https:\/\/www.nooteboom.com\/de\/medien\/nachrichten\/"]}]},{"@type":"BreadcrumbList","@id":"https:\/\/www.nooteboom.com\/de\/medien\/nachrichten\/#breadcrumb","itemListElement":[{"@type":"ListItem","position":1,"name":"Home","item":"https:\/\/www.nooteboom.com\/de\/"},{"@type":"ListItem","position":2,"name":"Medien","item":"https:\/\/www.nooteboom.com\/de\/medien\/"},{"@type":"ListItem","position":3,"name":"Nachrichten"}]},{"@type":"WebSite","@id":"https:\/\/www.nooteboom.com\/de\/#website","url":"https:\/\/www.nooteboom.com\/de\/","name":"Nooteboom Trailers","description":"Gets you there.","publisher":{"@id":"https:\/\/www.nooteboom.com\/de\/#organization"},"potentialAction":[{"@type":"SearchAction","target":{"@type":"EntryPoint","urlTemplate":"https:\/\/www.nooteboom.com\/de\/?s={search_term_string}"},"query-input":{"@type":"PropertyValueSpecification","valueRequired":true,"valueName":"search_term_string"}}],"inLanguage":"de"},{"@type":"Organization","@id":"https:\/\/www.nooteboom.com\/de\/#organization","name":"Nooteboom Trailers","url":"https:\/\/www.nooteboom.com\/de\/","logo":{"@type":"ImageObject","inLanguage":"de","@id":"https:\/\/www.nooteboom.com\/de\/#\/schema\/logo\/image\/","url":"https:\/\/www.nooteboom.com\/wp-content\/uploads\/logo.png","contentUrl":"https:\/\/www.nooteboom.com\/wp-content\/uploads\/logo.png","width":111,"height":66,"caption":"Nooteboom Trailers"},"image":{"@id":"https:\/\/www.nooteboom.com\/de\/#\/schema\/logo\/image\/"},"sameAs":["https:\/\/nl-nl.facebook.com\/nooteboomtrailers\/","https:\/\/nl.linkedin.com\/company\/nooteboom-trailers","https:\/\/www.youtube.com\/user\/Nooteboomtrailers"]}]}},"_links":{"self":[{"href":"https:\/\/www.nooteboom.com\/de\/wp-json\/wp\/v2\/pages\/8573","targetHints":{"allow":["GET"]}}],"collection":[{"href":"https:\/\/www.nooteboom.com\/de\/wp-json\/wp\/v2\/pages"}],"about":[{"href":"https:\/\/www.nooteboom.com\/de\/wp-json\/wp\/v2\/types\/page"}],"author":[{"embeddable":true,"href":"https:\/\/www.nooteboom.com\/de\/wp-json\/wp\/v2\/users\/45"}],"replies":[{"embeddable":true,"href":"https:\/\/www.nooteboom.com\/de\/wp-json\/wp\/v2\/comments?post=8573"}],"version-history":[{"count":5,"href":"https:\/\/www.nooteboom.com\/de\/wp-json\/wp\/v2\/pages\/8573\/revisions"}],"predecessor-version":[{"id":2383462,"href":"https:\/\/www.nooteboom.com\/de\/wp-json\/wp\/v2\/pages\/8573\/revisions\/2383462"}],"up":[{"embeddable":true,"href":"https:\/\/www.nooteboom.com\/de\/wp-json\/wp\/v2\/pages\/8558"}],"wp:attachment":[{"href":"https:\/\/www.nooteboom.com\/de\/wp-json\/wp\/v2\/media?parent=8573"}],"curies":[{"name":"wp","href":"https:\/\/api.w.org\/{rel}","templated":true}]}}