{"id":8556,"date":"2016-07-28T13:32:46","date_gmt":"2016-07-28T11:32:46","guid":{"rendered":"https:\/\/www.nooteboom.com\/?page_id=8556&#038;lang=de"},"modified":"2016-08-03T09:38:18","modified_gmt":"2016-08-03T07:38:18","slug":"merchandising","status":"publish","type":"page","link":"https:\/\/www.nooteboom.com\/de\/merchandising\/","title":{"rendered":"Merchandising"},"content":{"rendered":"<div class=\"wpb-content-wrapper\"><p>[vc_row][vc_column width=&#8220;1\/2&#8243;][vc_column_text]Besuchen Sie unseren Internetshop und schauen Sie sich unsere Palette an realistischen, ma\u00dfstabsgetreuen Nooteboom-Modellen (1:50 und 1:87), unsere B\u00fccher, DVDs, Sammlerst\u00fccke und Freizeitkleidung an. F\u00fcr Sammler und Fans von Spezialtransporten.\u00a0Robust und haltbar. Lieferung innerhalb von zwei Tagen, mit Nachverfolgung Ihres Pakets. Sichere Zahlung mit Kreditkarte, iDeal, PayPal oder \u00dcberweisung.<\/p>\n<p><a class=\"button\" href=\"https:\/\/www.nooteboomshop.com\">www.nooteboomshop.com<\/a>[\/vc_column_text][\/vc_column][vc_column width=&#8220;1\/2&#8243;][vc_single_image image=&#8220;1603&#8243; img_size=&#8220;large&#8220;][\/vc_column][\/vc_row][vc_row][vc_column width=&#8220;1\/4&#8243;]<div class=\"vc_teaser\">\n\n\t\n\t\t<div onclick=\"window.location.href='https:\/\/www.nooteboomshop.com\/de\/scale-models';\" class=\"vc_teaser__inner clickable\">\n\n\t\t\t\t\t\t\t<figure>\n\t\t\t\t\t<img\n\t\t\t\t\t\t\tsrc=\"https:\/\/www.nooteboom.com\/wp-content\/uploads\/Scalemodels-500x333.jpg\"\n\t\t\t\t\t\t\talt=\"Merchandising\"\n\t\t\t\t\t\t\t\t\t\t\t\t\tsrcset=\"https:\/\/www.nooteboom.com\/wp-content\/uploads\/Scalemodels-300x199.jpg 300w,https:\/\/www.nooteboom.com\/wp-content\/uploads\/Scalemodels-768x511.jpg 768w,https:\/\/www.nooteboom.com\/wp-content\/uploads\/Scalemodels-1024x681.jpg 1024w\"\n\t\t\t\t\t\t\tsizes=\"(max-width: 500px) 100vw, 500px\"\n\t\t\t\t\t\t\t\t\t\t\t>\n\t\t\t\t<\/figure>\n\t\t\t\n\t\t\t\t\t\t\t<a href=\"https:\/\/www.nooteboomshop.com\/de\/scale-models\" target=\"\"\n\t\t\t\t   title=\"Scale Models\" class=\"button red\">\n\t\t\t\t\tMa\u00dfstab Modelle\t\t\t\t\t<span class=\"fa fa-chevron-right\"><\/span>\n\t\t\t\t<\/a>\n\t\t\t\n\t\t<\/div>\n\n\t\n<\/div>[vc_column_text]Alle Nooteboom-Modelle werden im Ma\u00dfstab 1:50 oder 1:87 angeboten. Umfassen die Nooteboom Red Line und die Limited Editions, die mit naturgetreuem Zubeh\u00f6r und Ladung zur Verf\u00fcgung stehen.<\/p>\n<p>Die Modelle sind sehr detailliert. Lieferung in luxuri\u00f6ser Geschenkverpackung.[\/vc_column_text][\/vc_column][vc_column width=&#8220;1\/4&#8243;]<div class=\"vc_teaser\">\n\n\t\n\t\t<div onclick=\"window.location.href='https:\/\/www.nooteboomshop.com\/de\/books-movies';\" class=\"vc_teaser__inner clickable\">\n\n\t\t\t\t\t\t\t<figure>\n\t\t\t\t\t<img\n\t\t\t\t\t\t\tsrc=\"https:\/\/www.nooteboom.com\/wp-content\/uploads\/books-500x333.jpg\"\n\t\t\t\t\t\t\talt=\"Merchandising\"\n\t\t\t\t\t\t\t\t\t\t\t\t\tsrcset=\"https:\/\/www.nooteboom.com\/wp-content\/uploads\/books-300x199.jpg 300w,https:\/\/www.nooteboom.com\/wp-content\/uploads\/books-768x511.jpg 768w,https:\/\/www.nooteboom.com\/wp-content\/uploads\/books-1024x681.jpg 1024w\"\n\t\t\t\t\t\t\tsizes=\"(max-width: 500px) 100vw, 500px\"\n\t\t\t\t\t\t\t\t\t\t\t>\n\t\t\t\t<\/figure>\n\t\t\t\n\t\t\t\t\t\t\t<a href=\"https:\/\/www.nooteboomshop.com\/de\/books-movies\" target=\"\"\n\t\t\t\t   title=\"Books & DVD's\" class=\"button red\">\n\t\t\t\t\tB\u00fccher und DVDs \t\t\t\t\t<span class=\"fa fa-chevron-right\"><\/span>\n\t\t\t\t<\/a>\n\t\t\t\n\t\t<\/div>\n\n\t\n<\/div>[vc_column_text]Erkunden Sie die Welt der Spezialtransporte. M\u00f6chten Sie mehr \u00fcber Anh\u00e4nger und die Lasten, die diese transportieren k\u00f6nnen, erfahren? Erleben Sie es und erfahren Sie mehr mit unseren DVDs und B\u00fcchern, einschlie\u00dflich der Reihe Giganten auf der Stra\u00dfe.[\/vc_column_text][\/vc_column][vc_column width=&#8220;1\/4&#8243;]<div class=\"vc_teaser\">\n\n\t\n\t\t<div onclick=\"window.location.href='https:\/\/www.nooteboomshop.com\/de\/leisure-wear';\" class=\"vc_teaser__inner clickable\">\n\n\t\t\t\t\t\t\t<figure>\n\t\t\t\t\t<img\n\t\t\t\t\t\t\tsrc=\"https:\/\/www.nooteboom.com\/wp-content\/uploads\/Leisurewear-500x333.jpg\"\n\t\t\t\t\t\t\talt=\"Merchandising\"\n\t\t\t\t\t\t\t\t\t\t\t\t\tsrcset=\"https:\/\/www.nooteboom.com\/wp-content\/uploads\/Leisurewear-300x199.jpg 300w,https:\/\/www.nooteboom.com\/wp-content\/uploads\/Leisurewear-768x511.jpg 768w,https:\/\/www.nooteboom.com\/wp-content\/uploads\/Leisurewear-1024x681.jpg 1024w\"\n\t\t\t\t\t\t\tsizes=\"(max-width: 500px) 100vw, 500px\"\n\t\t\t\t\t\t\t\t\t\t\t>\n\t\t\t\t<\/figure>\n\t\t\t\n\t\t\t\t\t\t\t<a href=\"https:\/\/www.nooteboomshop.com\/de\/leisure-wear\" target=\"\"\n\t\t\t\t   title=\"Casual wear\" class=\"button red\">\n\t\t\t\t\tFreizeitkleidung \t\t\t\t\t<span class=\"fa fa-chevron-right\"><\/span>\n\t\t\t\t<\/a>\n\t\t\t\n\t\t<\/div>\n\n\t\n<\/div>[vc_column_text]Die Palette an Nooteboom-Kleidung reicht von M\u00e4nteln, Hosen und Polo-Shirts bis hin zu T-Shirts. Strapazierf\u00e4hig und n\u00fctzlich. Bequem, komfortabel und mit Wiedererkennungswert.[\/vc_column_text][\/vc_column][vc_column width=&#8220;1\/4&#8243;]<div class=\"vc_teaser\">\n\n\t\n\t\t<div onclick=\"window.location.href='https:\/\/www.nooteboomshop.com\/de\/accessories';\" class=\"vc_teaser__inner clickable\">\n\n\t\t\t\t\t\t\t<figure>\n\t\t\t\t\t<img\n\t\t\t\t\t\t\tsrc=\"https:\/\/www.nooteboom.com\/wp-content\/uploads\/collectibles-500x333.jpg\"\n\t\t\t\t\t\t\talt=\"Merchandising\"\n\t\t\t\t\t\t\t\t\t\t\t\t\tsrcset=\"https:\/\/www.nooteboom.com\/wp-content\/uploads\/collectibles-300x199.jpg 300w,https:\/\/www.nooteboom.com\/wp-content\/uploads\/collectibles-768x511.jpg 768w,https:\/\/www.nooteboom.com\/wp-content\/uploads\/collectibles-1024x681.jpg 1024w\"\n\t\t\t\t\t\t\tsizes=\"(max-width: 500px) 100vw, 500px\"\n\t\t\t\t\t\t\t\t\t\t\t>\n\t\t\t\t<\/figure>\n\t\t\t\n\t\t\t\t\t\t\t<a href=\"https:\/\/www.nooteboomshop.com\/de\/accessories\" target=\"\"\n\t\t\t\t   title=\"Collectibles\" class=\"button red\">\n\t\t\t\t\tSammlerst\u00fccke \t\t\t\t\t<span class=\"fa fa-chevron-right\"><\/span>\n\t\t\t\t<\/a>\n\t\t\t\n\t\t<\/div>\n\n\t\n<\/div>[vc_column_text]Suchen Sie nach einer \u00dcberraschung und einzigartigen Produkten, um Ihre Nooteboom-Sammlung zu vervollst\u00e4ndigen? Treffen Sie hier Ihre Wahl. Vom Mauspad bis zur Kaffeetasse, vom USB-Stick bis zum Regenschirm.[\/vc_column_text][\/vc_column][\/vc_row]<\/p>\n<\/div>","protected":false},"excerpt":{"rendered":"[vc_row][vc_column width=&#8220;1\/2&#8243;][vc_column_text]Besuchen Sie unseren Internetshop und schauen Sie sich unsere Palette an realistischen, ma\u00dfstabsgetreuen Nooteboom-Modellen (1:50 und 1:87), unsere B\u00fccher,&#8230;","protected":false},"author":45,"featured_media":12414,"parent":0,"menu_order":0,"comment_status":"closed","ping_status":"closed","template":"","meta":{"_acf_changed":false,"inline_featured_image":false,"footnotes":""},"class_list":["post-8556","page","type-page","status-publish","has-post-thumbnail","hentry"],"acf":[],"yoast_head":"<!-- This site is optimized with the Yoast SEO Premium plugin v25.7.1 (Yoast SEO v25.7) - https:\/\/yoast.com\/wordpress\/plugins\/seo\/ -->\n<title>Merchandising | Nooteboom Trailers<\/title>\n<meta name=\"description\" content=\"Besuchen Sie unseren Internetshop und schauen Sie sich unsere Palette an realistischen, ma\u00dfstabsgetreuen Nooteboom-Modellen (1:50 und 1:87)\" \/>\n<meta name=\"robots\" content=\"index, follow, max-snippet:-1, max-image-preview:large, max-video-preview:-1\" \/>\n<link rel=\"canonical\" href=\"https:\/\/www.nooteboom.com\/de\/merchandising\/\" \/>\n<meta property=\"og:locale\" content=\"de_DE\" \/>\n<meta property=\"og:type\" content=\"article\" \/>\n<meta property=\"og:title\" content=\"Merchandising\" \/>\n<meta property=\"og:description\" content=\"Besuchen Sie unseren Internetshop und schauen Sie sich unsere Palette an realistischen, ma\u00dfstabsgetreuen Nooteboom-Modellen (1:50 und 1:87)\" \/>\n<meta property=\"og:url\" content=\"https:\/\/www.nooteboom.com\/de\/merchandising\/\" \/>\n<meta property=\"og:site_name\" content=\"Nooteboom Trailers\" \/>\n<meta property=\"article:publisher\" content=\"https:\/\/nl-nl.facebook.com\/nooteboomtrailers\/\" \/>\n<meta property=\"article:modified_time\" content=\"2016-08-03T07:38:18+00:00\" \/>\n<meta property=\"og:image\" content=\"https:\/\/www.nooteboom.com\/wp-content\/uploads\/MPL-scalemodel.jpg\" \/>\n\t<meta property=\"og:image:width\" content=\"1400\" \/>\n\t<meta property=\"og:image:height\" content=\"693\" \/>\n\t<meta property=\"og:image:type\" content=\"image\/jpeg\" \/>\n<meta name=\"twitter:card\" content=\"summary_large_image\" \/>\n<meta name=\"twitter:label1\" content=\"Gesch\u00e4tzte Lesezeit\" \/>\n\t<meta name=\"twitter:data1\" content=\"2\u00a0Minuten\" \/>\n<script type=\"application\/ld+json\" class=\"yoast-schema-graph\">{\"@context\":\"https:\/\/schema.org\",\"@graph\":[{\"@type\":\"WebPage\",\"@id\":\"https:\/\/www.nooteboom.com\/de\/merchandising\/\",\"url\":\"https:\/\/www.nooteboom.com\/de\/merchandising\/\",\"name\":\"Merchandising | Nooteboom Trailers\",\"isPartOf\":{\"@id\":\"https:\/\/www.nooteboom.com\/de\/#website\"},\"primaryImageOfPage\":{\"@id\":\"https:\/\/www.nooteboom.com\/de\/merchandising\/#primaryimage\"},\"image\":{\"@id\":\"https:\/\/www.nooteboom.com\/de\/merchandising\/#primaryimage\"},\"thumbnailUrl\":\"https:\/\/www.nooteboom.com\/wp-content\/uploads\/MPL-scalemodel.jpg\",\"datePublished\":\"2016-07-28T11:32:46+00:00\",\"dateModified\":\"2016-08-03T07:38:18+00:00\",\"description\":\"Besuchen Sie unseren Internetshop und schauen Sie sich unsere Palette an realistischen, ma\u00dfstabsgetreuen Nooteboom-Modellen (1:50 und 1:87)\",\"breadcrumb\":{\"@id\":\"https:\/\/www.nooteboom.com\/de\/merchandising\/#breadcrumb\"},\"inLanguage\":\"de\",\"potentialAction\":[{\"@type\":\"ReadAction\",\"target\":[\"https:\/\/www.nooteboom.com\/de\/merchandising\/\"]}]},{\"@type\":\"ImageObject\",\"inLanguage\":\"de\",\"@id\":\"https:\/\/www.nooteboom.com\/de\/merchandising\/#primaryimage\",\"url\":\"https:\/\/www.nooteboom.com\/wp-content\/uploads\/MPL-scalemodel.jpg\",\"contentUrl\":\"https:\/\/www.nooteboom.com\/wp-content\/uploads\/MPL-scalemodel.jpg\",\"width\":1400,\"height\":693},{\"@type\":\"BreadcrumbList\",\"@id\":\"https:\/\/www.nooteboom.com\/de\/merchandising\/#breadcrumb\",\"itemListElement\":[{\"@type\":\"ListItem\",\"position\":1,\"name\":\"Home\",\"item\":\"https:\/\/www.nooteboom.com\/de\/\"},{\"@type\":\"ListItem\",\"position\":2,\"name\":\"Merchandising\"}]},{\"@type\":\"WebSite\",\"@id\":\"https:\/\/www.nooteboom.com\/de\/#website\",\"url\":\"https:\/\/www.nooteboom.com\/de\/\",\"name\":\"Nooteboom Trailers\",\"description\":\"Gets you there.\",\"publisher\":{\"@id\":\"https:\/\/www.nooteboom.com\/de\/#organization\"},\"potentialAction\":[{\"@type\":\"SearchAction\",\"target\":{\"@type\":\"EntryPoint\",\"urlTemplate\":\"https:\/\/www.nooteboom.com\/de\/?s={search_term_string}\"},\"query-input\":{\"@type\":\"PropertyValueSpecification\",\"valueRequired\":true,\"valueName\":\"search_term_string\"}}],\"inLanguage\":\"de\"},{\"@type\":\"Organization\",\"@id\":\"https:\/\/www.nooteboom.com\/de\/#organization\",\"name\":\"Nooteboom Trailers\",\"url\":\"https:\/\/www.nooteboom.com\/de\/\",\"logo\":{\"@type\":\"ImageObject\",\"inLanguage\":\"de\",\"@id\":\"https:\/\/www.nooteboom.com\/de\/#\/schema\/logo\/image\/\",\"url\":\"https:\/\/www.nooteboom.com\/wp-content\/uploads\/logo.png\",\"contentUrl\":\"https:\/\/www.nooteboom.com\/wp-content\/uploads\/logo.png\",\"width\":111,\"height\":66,\"caption\":\"Nooteboom Trailers\"},\"image\":{\"@id\":\"https:\/\/www.nooteboom.com\/de\/#\/schema\/logo\/image\/\"},\"sameAs\":[\"https:\/\/nl-nl.facebook.com\/nooteboomtrailers\/\",\"https:\/\/nl.linkedin.com\/company\/nooteboom-trailers\",\"https:\/\/www.youtube.com\/user\/Nooteboomtrailers\"]}]}<\/script>\n<!-- \/ Yoast SEO Premium plugin. -->","yoast_head_json":{"title":"Merchandising | Nooteboom Trailers","description":"Besuchen Sie unseren Internetshop und schauen Sie sich unsere Palette an realistischen, ma\u00dfstabsgetreuen Nooteboom-Modellen (1:50 und 1:87)","robots":{"index":"index","follow":"follow","max-snippet":"max-snippet:-1","max-image-preview":"max-image-preview:large","max-video-preview":"max-video-preview:-1"},"canonical":"https:\/\/www.nooteboom.com\/de\/merchandising\/","og_locale":"de_DE","og_type":"article","og_title":"Merchandising","og_description":"Besuchen Sie unseren Internetshop und schauen Sie sich unsere Palette an realistischen, ma\u00dfstabsgetreuen Nooteboom-Modellen (1:50 und 1:87)","og_url":"https:\/\/www.nooteboom.com\/de\/merchandising\/","og_site_name":"Nooteboom Trailers","article_publisher":"https:\/\/nl-nl.facebook.com\/nooteboomtrailers\/","article_modified_time":"2016-08-03T07:38:18+00:00","og_image":[{"width":1400,"height":693,"url":"https:\/\/www.nooteboom.com\/wp-content\/uploads\/MPL-scalemodel.jpg","type":"image\/jpeg"}],"twitter_card":"summary_large_image","twitter_misc":{"Gesch\u00e4tzte Lesezeit":"2\u00a0Minuten"},"schema":{"@context":"https:\/\/schema.org","@graph":[{"@type":"WebPage","@id":"https:\/\/www.nooteboom.com\/de\/merchandising\/","url":"https:\/\/www.nooteboom.com\/de\/merchandising\/","name":"Merchandising | Nooteboom Trailers","isPartOf":{"@id":"https:\/\/www.nooteboom.com\/de\/#website"},"primaryImageOfPage":{"@id":"https:\/\/www.nooteboom.com\/de\/merchandising\/#primaryimage"},"image":{"@id":"https:\/\/www.nooteboom.com\/de\/merchandising\/#primaryimage"},"thumbnailUrl":"https:\/\/www.nooteboom.com\/wp-content\/uploads\/MPL-scalemodel.jpg","datePublished":"2016-07-28T11:32:46+00:00","dateModified":"2016-08-03T07:38:18+00:00","description":"Besuchen Sie unseren Internetshop und schauen Sie sich unsere Palette an realistischen, ma\u00dfstabsgetreuen Nooteboom-Modellen (1:50 und 1:87)","breadcrumb":{"@id":"https:\/\/www.nooteboom.com\/de\/merchandising\/#breadcrumb"},"inLanguage":"de","potentialAction":[{"@type":"ReadAction","target":["https:\/\/www.nooteboom.com\/de\/merchandising\/"]}]},{"@type":"ImageObject","inLanguage":"de","@id":"https:\/\/www.nooteboom.com\/de\/merchandising\/#primaryimage","url":"https:\/\/www.nooteboom.com\/wp-content\/uploads\/MPL-scalemodel.jpg","contentUrl":"https:\/\/www.nooteboom.com\/wp-content\/uploads\/MPL-scalemodel.jpg","width":1400,"height":693},{"@type":"BreadcrumbList","@id":"https:\/\/www.nooteboom.com\/de\/merchandising\/#breadcrumb","itemListElement":[{"@type":"ListItem","position":1,"name":"Home","item":"https:\/\/www.nooteboom.com\/de\/"},{"@type":"ListItem","position":2,"name":"Merchandising"}]},{"@type":"WebSite","@id":"https:\/\/www.nooteboom.com\/de\/#website","url":"https:\/\/www.nooteboom.com\/de\/","name":"Nooteboom Trailers","description":"Gets you there.","publisher":{"@id":"https:\/\/www.nooteboom.com\/de\/#organization"},"potentialAction":[{"@type":"SearchAction","target":{"@type":"EntryPoint","urlTemplate":"https:\/\/www.nooteboom.com\/de\/?s={search_term_string}"},"query-input":{"@type":"PropertyValueSpecification","valueRequired":true,"valueName":"search_term_string"}}],"inLanguage":"de"},{"@type":"Organization","@id":"https:\/\/www.nooteboom.com\/de\/#organization","name":"Nooteboom Trailers","url":"https:\/\/www.nooteboom.com\/de\/","logo":{"@type":"ImageObject","inLanguage":"de","@id":"https:\/\/www.nooteboom.com\/de\/#\/schema\/logo\/image\/","url":"https:\/\/www.nooteboom.com\/wp-content\/uploads\/logo.png","contentUrl":"https:\/\/www.nooteboom.com\/wp-content\/uploads\/logo.png","width":111,"height":66,"caption":"Nooteboom Trailers"},"image":{"@id":"https:\/\/www.nooteboom.com\/de\/#\/schema\/logo\/image\/"},"sameAs":["https:\/\/nl-nl.facebook.com\/nooteboomtrailers\/","https:\/\/nl.linkedin.com\/company\/nooteboom-trailers","https:\/\/www.youtube.com\/user\/Nooteboomtrailers"]}]}},"_links":{"self":[{"href":"https:\/\/www.nooteboom.com\/de\/wp-json\/wp\/v2\/pages\/8556","targetHints":{"allow":["GET"]}}],"collection":[{"href":"https:\/\/www.nooteboom.com\/de\/wp-json\/wp\/v2\/pages"}],"about":[{"href":"https:\/\/www.nooteboom.com\/de\/wp-json\/wp\/v2\/types\/page"}],"author":[{"embeddable":true,"href":"https:\/\/www.nooteboom.com\/de\/wp-json\/wp\/v2\/users\/45"}],"replies":[{"embeddable":true,"href":"https:\/\/www.nooteboom.com\/de\/wp-json\/wp\/v2\/comments?post=8556"}],"version-history":[{"count":5,"href":"https:\/\/www.nooteboom.com\/de\/wp-json\/wp\/v2\/pages\/8556\/revisions"}],"predecessor-version":[{"id":9745,"href":"https:\/\/www.nooteboom.com\/de\/wp-json\/wp\/v2\/pages\/8556\/revisions\/9745"}],"wp:featuredmedia":[{"embeddable":true,"href":"https:\/\/www.nooteboom.com\/de\/wp-json\/wp\/v2\/media\/12414"}],"wp:attachment":[{"href":"https:\/\/www.nooteboom.com\/de\/wp-json\/wp\/v2\/media?parent=8556"}],"curies":[{"name":"wp","href":"https:\/\/api.w.org\/{rel}","templated":true}]}}