{"id":8554,"date":"2016-07-28T13:32:20","date_gmt":"2016-07-28T11:32:20","guid":{"rendered":"https:\/\/www.nooteboom.com\/?page_id=8554&#038;lang=de"},"modified":"2023-02-28T15:26:52","modified_gmt":"2023-02-28T14:26:52","slug":"mcos-semi-tieflader-mit-hydraulischer-lenkung","status":"publish","type":"page","link":"https:\/\/www.nooteboom.com\/de\/mcos-semi-tieflader-mit-hydraulischer-lenkung\/","title":{"rendered":"MCOS Semi-Tieflader mit hydraulischer Lenkung"},"content":{"rendered":"<div class=\"wpb-content-wrapper\"><p>[vc_row][vc_column][vc_column_text]<img loading=\"lazy\" decoding=\"async\" class=\"size-full wp-image-1448 alignright\" src=\"https:\/\/www.nooteboom.com\/wp-content\/uploads\/Multitrailers.png\" alt=\"Multitrailers\" width=\"115\" height=\"115\" \/><\/p>\n<p>Im Laufe der Jahre \u00fcberzeugte Nooteboom mit seinem SMART-Programm, bestehend aus 3- und 4-achsigen, nachlaufgelenkten OSDS Semi-Tiefladern. Um dem Transportunternehmer weitere Vorteile zu bieten, stellt Nooteboom jetzt auch eine hydraulische Lenkung bei allen Semi-Tiefladern im SMART-Programm bereit. Sie werden unter der Bezeichnung MCOS Semi-Tieflader zusammengefasst.<\/p>\n<h2>Die Kunst der Einfachheit<\/h2>\n<p>Das hydraulische Lenksystem der MCOS Semi-Tieflader wurde so einfach wie m\u00f6glich gehalten, w\u00e4hrend alle Vorteile des Nooteboom-Lenksystems beibehalten wurden. Die hydraulisch gelenkten Achsen haben einen maximalen Lenkwinkel von 45 Grad, wodurch die Anh\u00e4nger exzellent man\u00f6vrierbar sind und Pl\u00e4tze zum Laden\/Entladen erreichen k\u00f6nnen, an denen die Zufahrt schwierig ist. Das Lenksystem bietet ebenfalls erhebliche Kosteneinsparungen, weil der Reifenverschlei\u00df auf ein Minimum reduziert wird. Und mehr noch. Das niedrige Leergewicht bietet eine gro\u00dfz\u00fcgige Tragf\u00e4higkeit f\u00fcr Transporte im Rahmen der rechtlichen Gewichtsbegrenzung ebenso wie f\u00fcr Transporte mit Genehmigung.<\/p>\n<p>[\/vc_column_text][\/vc_column][\/vc_row][vc_row][vc_column width=&#8220;1\/2&#8243;][vc_column_text]<\/p>\n<h2>F\u00fcr jeden verf\u00fcgbar<\/h2>\n<p>Viele Tausend SMART Semi-Tieflader von Nooteboom sind derzeit zum Transport von Baumaschinen, Arbeitsb\u00fchnen, Stra\u00dfenbauausr\u00fcstung, Landmaschinen und krangeladenen G\u00fctern im Einsatz.\u00a0Mit dem MCOS k\u00f6nnen jetzt sogar noch mehr Transportunternehmer auf einen Semi-Tieflader mit hydraulischer Lenkung zugreifen. MCOS Semi-Tieflader sind \u00e4u\u00dferst benutzerfreundlich und bieten eine verbesserte Transporteffizienz.<\/p>\n<h2><strong>Kluge Investition<\/strong><\/h2>\n<p>Die MCOS Semi-Tieflader haben dank des breiten, marktorientierten Konzepts und der anspruchsvollen Fertigungsmethode ein exzellentes Preis-Leistungs-Verh\u00e4ltnis. Die Oberfl\u00e4chenbehandlung und die Konservierung sind von besonders hoher Qualit\u00e4t, wobei das Chassis mittels thermischer Spritzverzinkung vollst\u00e4ndig verzinkt wird. Haltbarkeit, niedrige Wartungskosten und ein konkurrenzf\u00e4higer Kaufpreis stellen sicher, dass der MCOS Semi-Tieflader eine exzellente Investition ist.[\/vc_column_text][\/vc_column][vc_column width=&#8220;1\/2&#8243;][vc_single_image image=&#8220;1641&#8243; img_size=&#8220;large&#8220;][vc_single_image image=&#8220;1639&#8243; img_size=&#8220;large&#8220;][\/vc_column][\/vc_row][vc_row][vc_column]<div class=\"content hidden\">\n\n\t<\/p>\n<div class=\"wrapper\">\n<div class=\"more-detail__col more-detail__co--img\">\n<p>F\u00fcr den MCOS Semi-Tieflader steht u. a. mit folgendes Zubeh\u00f6r zur Verf\u00fcgung:<\/p>\n<ul>\n<li>3 oder 4 Achsen<\/li>\n<li>Die hintersten 2, 3 oder 4 Achsen stehen mit hydraulischer Lenkung zur Verf\u00fcgung<\/li>\n<li>Abschaltung der Zwangslenkung mittels Fernbedienung<\/li>\n<li>D\u00fcnner, aber extrem starker Schwanenhals<\/li>\n<li>Feste oder einfach ausziehbare Ladefl\u00e4che<\/li>\n<li>Luftfederung mit Hebe-\/Senkfunktion<\/li>\n<li>Technische Achslast von 9t\/Achse oder 10t\/Achse bei 80km\/h<\/li>\n<li>SAF-Achsen<\/li>\n<li>Reifengr\u00f6\u00dfen 235\/75R17,5 oder 245\/70R17,5<\/li>\n<li>Achsabstand 1360mm<\/li>\n<li>Breite der Ladefl\u00e4che 2520mm<\/li>\n<li>Bodenh\u00f6he der Ladefl\u00e4che ca. 860mm in Fahrposition<\/li>\n<li>Seitlich ausziehbare Ausleger\/Verbreiterungen<\/li>\n<li>Ladefl\u00e4che aus Hartholz oder mit verzinkten Gitterb\u00f6den<\/li>\n<li>Eine gro\u00dfe Auswahl an Rampen f\u00fcr verschiedene Anwendungen &#8211; einem kleinen Auffahrwinkel und einer nahtlosen Verbindung zur Ladefl\u00e4che<\/li>\n<li>Auswahl verschiedener Stauk\u00e4sten<\/li>\n<li>Seilwinde mit Fernbedienung und Zubeh\u00f6r.<\/li>\n<\/ul>\n<p><strong>\u00a0<\/strong><\/p>\n<p><strong>\u00a0<\/strong><\/p>\n<\/div>\n<\/div>\n<p>\n\n<\/div>\n\n<div class=\"vc_read_more print more\">\n\n\t\t\t<p>F\u00fcr den MCOS Semi-Tieflader steht u. a. mit folgendes Zubeh\u00f6r zur Verf\u00fcgung:<\/p>\n\t\n\t<a href=\"#readmore\" data-less=\"Lese weniger\" data-more=\"Lesen Sie mehr\r\n\" class=\"button\">\n\t\t<em>Lesen Sie mehr\r\n<\/em>\n\t\t<span class=\"fa fa-chevron-right\"><\/span>\n\t<\/a>\n\n<\/div>[vc_video link=&#8220;https:\/\/youtu.be\/fGZTHd3pnv0&#8243;][\/vc_column][\/vc_row][vc_row][vc_column width=&#8220;1\/2&#8243;]<div class=\"vc_contact\">\n\n\t\t\t<h3>Fragen oder weitere Informationen?<\/h3>\n\t\n\t<p>Setzen Sie sich mit uns in Verbindung<\/p>\n\n\t\t\t<a target=\"\" href=\"https:\/\/www.nooteboom.com\/de\/kontakt\/\" class=\"button\">\n\t\t\tFinden Sie Ihre Kontaktperson\t\t\t<span class=\"fa fa-chevron-right\"><\/span>\n\t\t<\/a>\n\t\n<\/div>[\/vc_column][vc_column width=&#8220;1\/2&#8243;][\/vc_column][\/vc_row]<\/p>\n<\/div>","protected":false},"excerpt":{"rendered":"Im Laufe der Jahre \u00fcberzeugte Nooteboom mit seinem SMART-Programm, bestehend aus 3- und 4-achsigen, nachlaufgelenkten OSDS Semi-Tiefladern. Um dem Transportunternehmer weitere Vorteile zu bieten, stellt Nooteboom jetzt auch eine hydraulische Lenkung bei allen Semi-Tiefladern im SMART-Programm bereit. Sie werden unter der Bezeichnung MCOS Semi-Tieflader zusammengefasst.","protected":false},"author":45,"featured_media":2699407,"parent":0,"menu_order":0,"comment_status":"closed","ping_status":"closed","template":"","meta":{"_acf_changed":false,"inline_featured_image":false,"footnotes":""},"class_list":["post-8554","page","type-page","status-publish","has-post-thumbnail","hentry"],"acf":[],"yoast_head":"<!-- This site is optimized with the Yoast SEO Premium plugin v25.7.1 (Yoast SEO v25.7) - https:\/\/yoast.com\/wordpress\/plugins\/seo\/ -->\n<title>MCOS Semi-Tieflader mit hydraulischer Lenkung | Nooteboom Trailers<\/title>\n<meta name=\"description\" content=\"Im Laufe der Jahre \u00fcberzeugte Nooteboom international mit seinem SMART-Programm mit 3- und 4-achsigen, selbstlenkenden OSD Semi-Tiefladern.\" \/>\n<meta name=\"robots\" content=\"index, follow, max-snippet:-1, max-image-preview:large, max-video-preview:-1\" \/>\n<link rel=\"canonical\" href=\"https:\/\/www.nooteboom.com\/de\/mcos-semi-tieflader-mit-hydraulischer-lenkung\/\" \/>\n<meta property=\"og:locale\" content=\"de_DE\" \/>\n<meta property=\"og:type\" content=\"article\" \/>\n<meta property=\"og:title\" content=\"MCOS Semi-Tieflader mit hydraulischer Lenkung\" \/>\n<meta property=\"og:description\" content=\"Im Laufe der Jahre \u00fcberzeugte Nooteboom international mit seinem SMART-Programm mit 3- und 4-achsigen, selbstlenkenden OSD Semi-Tiefladern.\" \/>\n<meta property=\"og:url\" content=\"https:\/\/www.nooteboom.com\/de\/mcos-semi-tieflader-mit-hydraulischer-lenkung\/\" \/>\n<meta property=\"og:site_name\" content=\"Nooteboom Trailers\" \/>\n<meta property=\"article:publisher\" content=\"https:\/\/nl-nl.facebook.com\/nooteboomtrailers\/\" \/>\n<meta property=\"article:modified_time\" content=\"2023-02-28T14:26:52+00:00\" \/>\n<meta property=\"og:image\" content=\"https:\/\/www.nooteboom.com\/wp-content\/uploads\/05-03-14-052-1.jpg\" \/>\n\t<meta property=\"og:image:width\" content=\"2500\" \/>\n\t<meta property=\"og:image:height\" content=\"1283\" \/>\n\t<meta property=\"og:image:type\" content=\"image\/jpeg\" \/>\n<meta name=\"twitter:card\" content=\"summary_large_image\" \/>\n<meta name=\"twitter:label1\" content=\"Gesch\u00e4tzte Lesezeit\" \/>\n\t<meta name=\"twitter:data1\" content=\"3\u00a0Minuten\" \/>\n<script type=\"application\/ld+json\" class=\"yoast-schema-graph\">{\"@context\":\"https:\/\/schema.org\",\"@graph\":[{\"@type\":\"WebPage\",\"@id\":\"https:\/\/www.nooteboom.com\/de\/mcos-semi-tieflader-mit-hydraulischer-lenkung\/\",\"url\":\"https:\/\/www.nooteboom.com\/de\/mcos-semi-tieflader-mit-hydraulischer-lenkung\/\",\"name\":\"MCOS Semi-Tieflader mit hydraulischer Lenkung | Nooteboom Trailers\",\"isPartOf\":{\"@id\":\"https:\/\/www.nooteboom.com\/de\/#website\"},\"primaryImageOfPage\":{\"@id\":\"https:\/\/www.nooteboom.com\/de\/mcos-semi-tieflader-mit-hydraulischer-lenkung\/#primaryimage\"},\"image\":{\"@id\":\"https:\/\/www.nooteboom.com\/de\/mcos-semi-tieflader-mit-hydraulischer-lenkung\/#primaryimage\"},\"thumbnailUrl\":\"https:\/\/www.nooteboom.com\/wp-content\/uploads\/Mateco-MULTITRAILER-1-1.jpg\",\"datePublished\":\"2016-07-28T11:32:20+00:00\",\"dateModified\":\"2023-02-28T14:26:52+00:00\",\"description\":\"Im Laufe der Jahre \u00fcberzeugte Nooteboom international mit seinem SMART-Programm mit 3- und 4-achsigen, selbstlenkenden OSD Semi-Tiefladern.\",\"breadcrumb\":{\"@id\":\"https:\/\/www.nooteboom.com\/de\/mcos-semi-tieflader-mit-hydraulischer-lenkung\/#breadcrumb\"},\"inLanguage\":\"de\",\"potentialAction\":[{\"@type\":\"ReadAction\",\"target\":[\"https:\/\/www.nooteboom.com\/de\/mcos-semi-tieflader-mit-hydraulischer-lenkung\/\"]}]},{\"@type\":\"ImageObject\",\"inLanguage\":\"de\",\"@id\":\"https:\/\/www.nooteboom.com\/de\/mcos-semi-tieflader-mit-hydraulischer-lenkung\/#primaryimage\",\"url\":\"https:\/\/www.nooteboom.com\/wp-content\/uploads\/Mateco-MULTITRAILER-1-1.jpg\",\"contentUrl\":\"https:\/\/www.nooteboom.com\/wp-content\/uploads\/Mateco-MULTITRAILER-1-1.jpg\",\"width\":1920,\"height\":1134,\"caption\":\"filter: 0; jpegRotation: 0; fileterIntensity: 0.000000; filterMask: 0; module:29facing:0; hw-remosaic: 0; touch: (-1.0, -1.0); modeInfo: ; sceneMode: Night; cct_value: 5714; AI_Scene: (-1, -1); aec_lux: 97.0; hist255: 0.0; hist252~255: 0.0; hist0~15: 0.0;\"},{\"@type\":\"BreadcrumbList\",\"@id\":\"https:\/\/www.nooteboom.com\/de\/mcos-semi-tieflader-mit-hydraulischer-lenkung\/#breadcrumb\",\"itemListElement\":[{\"@type\":\"ListItem\",\"position\":1,\"name\":\"Home\",\"item\":\"https:\/\/www.nooteboom.com\/de\/\"},{\"@type\":\"ListItem\",\"position\":2,\"name\":\"MCOS Semi-Tieflader mit hydraulischer Lenkung\"}]},{\"@type\":\"WebSite\",\"@id\":\"https:\/\/www.nooteboom.com\/de\/#website\",\"url\":\"https:\/\/www.nooteboom.com\/de\/\",\"name\":\"Nooteboom Trailers\",\"description\":\"Gets you there.\",\"publisher\":{\"@id\":\"https:\/\/www.nooteboom.com\/de\/#organization\"},\"potentialAction\":[{\"@type\":\"SearchAction\",\"target\":{\"@type\":\"EntryPoint\",\"urlTemplate\":\"https:\/\/www.nooteboom.com\/de\/?s={search_term_string}\"},\"query-input\":{\"@type\":\"PropertyValueSpecification\",\"valueRequired\":true,\"valueName\":\"search_term_string\"}}],\"inLanguage\":\"de\"},{\"@type\":\"Organization\",\"@id\":\"https:\/\/www.nooteboom.com\/de\/#organization\",\"name\":\"Nooteboom Trailers\",\"url\":\"https:\/\/www.nooteboom.com\/de\/\",\"logo\":{\"@type\":\"ImageObject\",\"inLanguage\":\"de\",\"@id\":\"https:\/\/www.nooteboom.com\/de\/#\/schema\/logo\/image\/\",\"url\":\"https:\/\/www.nooteboom.com\/wp-content\/uploads\/logo.png\",\"contentUrl\":\"https:\/\/www.nooteboom.com\/wp-content\/uploads\/logo.png\",\"width\":111,\"height\":66,\"caption\":\"Nooteboom Trailers\"},\"image\":{\"@id\":\"https:\/\/www.nooteboom.com\/de\/#\/schema\/logo\/image\/\"},\"sameAs\":[\"https:\/\/nl-nl.facebook.com\/nooteboomtrailers\/\",\"https:\/\/nl.linkedin.com\/company\/nooteboom-trailers\",\"https:\/\/www.youtube.com\/user\/Nooteboomtrailers\"]}]}<\/script>\n<!-- \/ Yoast SEO Premium plugin. -->","yoast_head_json":{"title":"MCOS Semi-Tieflader mit hydraulischer Lenkung | Nooteboom Trailers","description":"Im Laufe der Jahre \u00fcberzeugte Nooteboom international mit seinem SMART-Programm mit 3- und 4-achsigen, selbstlenkenden OSD Semi-Tiefladern.","robots":{"index":"index","follow":"follow","max-snippet":"max-snippet:-1","max-image-preview":"max-image-preview:large","max-video-preview":"max-video-preview:-1"},"canonical":"https:\/\/www.nooteboom.com\/de\/mcos-semi-tieflader-mit-hydraulischer-lenkung\/","og_locale":"de_DE","og_type":"article","og_title":"MCOS Semi-Tieflader mit hydraulischer Lenkung","og_description":"Im Laufe der Jahre \u00fcberzeugte Nooteboom international mit seinem SMART-Programm mit 3- und 4-achsigen, selbstlenkenden OSD Semi-Tiefladern.","og_url":"https:\/\/www.nooteboom.com\/de\/mcos-semi-tieflader-mit-hydraulischer-lenkung\/","og_site_name":"Nooteboom Trailers","article_publisher":"https:\/\/nl-nl.facebook.com\/nooteboomtrailers\/","article_modified_time":"2023-02-28T14:26:52+00:00","og_image":[{"width":2500,"height":1283,"url":"https:\/\/www.nooteboom.com\/wp-content\/uploads\/05-03-14-052-1.jpg","type":"image\/jpeg"}],"twitter_card":"summary_large_image","twitter_misc":{"Gesch\u00e4tzte Lesezeit":"3\u00a0Minuten"},"schema":{"@context":"https:\/\/schema.org","@graph":[{"@type":"WebPage","@id":"https:\/\/www.nooteboom.com\/de\/mcos-semi-tieflader-mit-hydraulischer-lenkung\/","url":"https:\/\/www.nooteboom.com\/de\/mcos-semi-tieflader-mit-hydraulischer-lenkung\/","name":"MCOS Semi-Tieflader mit hydraulischer Lenkung | Nooteboom Trailers","isPartOf":{"@id":"https:\/\/www.nooteboom.com\/de\/#website"},"primaryImageOfPage":{"@id":"https:\/\/www.nooteboom.com\/de\/mcos-semi-tieflader-mit-hydraulischer-lenkung\/#primaryimage"},"image":{"@id":"https:\/\/www.nooteboom.com\/de\/mcos-semi-tieflader-mit-hydraulischer-lenkung\/#primaryimage"},"thumbnailUrl":"https:\/\/www.nooteboom.com\/wp-content\/uploads\/Mateco-MULTITRAILER-1-1.jpg","datePublished":"2016-07-28T11:32:20+00:00","dateModified":"2023-02-28T14:26:52+00:00","description":"Im Laufe der Jahre \u00fcberzeugte Nooteboom international mit seinem SMART-Programm mit 3- und 4-achsigen, selbstlenkenden OSD Semi-Tiefladern.","breadcrumb":{"@id":"https:\/\/www.nooteboom.com\/de\/mcos-semi-tieflader-mit-hydraulischer-lenkung\/#breadcrumb"},"inLanguage":"de","potentialAction":[{"@type":"ReadAction","target":["https:\/\/www.nooteboom.com\/de\/mcos-semi-tieflader-mit-hydraulischer-lenkung\/"]}]},{"@type":"ImageObject","inLanguage":"de","@id":"https:\/\/www.nooteboom.com\/de\/mcos-semi-tieflader-mit-hydraulischer-lenkung\/#primaryimage","url":"https:\/\/www.nooteboom.com\/wp-content\/uploads\/Mateco-MULTITRAILER-1-1.jpg","contentUrl":"https:\/\/www.nooteboom.com\/wp-content\/uploads\/Mateco-MULTITRAILER-1-1.jpg","width":1920,"height":1134,"caption":"filter: 0; jpegRotation: 0; fileterIntensity: 0.000000; filterMask: 0; module:29facing:0; hw-remosaic: 0; touch: (-1.0, -1.0); modeInfo: ; sceneMode: Night; cct_value: 5714; AI_Scene: (-1, -1); aec_lux: 97.0; hist255: 0.0; hist252~255: 0.0; hist0~15: 0.0;"},{"@type":"BreadcrumbList","@id":"https:\/\/www.nooteboom.com\/de\/mcos-semi-tieflader-mit-hydraulischer-lenkung\/#breadcrumb","itemListElement":[{"@type":"ListItem","position":1,"name":"Home","item":"https:\/\/www.nooteboom.com\/de\/"},{"@type":"ListItem","position":2,"name":"MCOS Semi-Tieflader mit hydraulischer Lenkung"}]},{"@type":"WebSite","@id":"https:\/\/www.nooteboom.com\/de\/#website","url":"https:\/\/www.nooteboom.com\/de\/","name":"Nooteboom Trailers","description":"Gets you there.","publisher":{"@id":"https:\/\/www.nooteboom.com\/de\/#organization"},"potentialAction":[{"@type":"SearchAction","target":{"@type":"EntryPoint","urlTemplate":"https:\/\/www.nooteboom.com\/de\/?s={search_term_string}"},"query-input":{"@type":"PropertyValueSpecification","valueRequired":true,"valueName":"search_term_string"}}],"inLanguage":"de"},{"@type":"Organization","@id":"https:\/\/www.nooteboom.com\/de\/#organization","name":"Nooteboom Trailers","url":"https:\/\/www.nooteboom.com\/de\/","logo":{"@type":"ImageObject","inLanguage":"de","@id":"https:\/\/www.nooteboom.com\/de\/#\/schema\/logo\/image\/","url":"https:\/\/www.nooteboom.com\/wp-content\/uploads\/logo.png","contentUrl":"https:\/\/www.nooteboom.com\/wp-content\/uploads\/logo.png","width":111,"height":66,"caption":"Nooteboom Trailers"},"image":{"@id":"https:\/\/www.nooteboom.com\/de\/#\/schema\/logo\/image\/"},"sameAs":["https:\/\/nl-nl.facebook.com\/nooteboomtrailers\/","https:\/\/nl.linkedin.com\/company\/nooteboom-trailers","https:\/\/www.youtube.com\/user\/Nooteboomtrailers"]}]}},"_links":{"self":[{"href":"https:\/\/www.nooteboom.com\/de\/wp-json\/wp\/v2\/pages\/8554","targetHints":{"allow":["GET"]}}],"collection":[{"href":"https:\/\/www.nooteboom.com\/de\/wp-json\/wp\/v2\/pages"}],"about":[{"href":"https:\/\/www.nooteboom.com\/de\/wp-json\/wp\/v2\/types\/page"}],"author":[{"embeddable":true,"href":"https:\/\/www.nooteboom.com\/de\/wp-json\/wp\/v2\/users\/45"}],"replies":[{"embeddable":true,"href":"https:\/\/www.nooteboom.com\/de\/wp-json\/wp\/v2\/comments?post=8554"}],"version-history":[{"count":6,"href":"https:\/\/www.nooteboom.com\/de\/wp-json\/wp\/v2\/pages\/8554\/revisions"}],"predecessor-version":[{"id":1990578,"href":"https:\/\/www.nooteboom.com\/de\/wp-json\/wp\/v2\/pages\/8554\/revisions\/1990578"}],"wp:featuredmedia":[{"embeddable":true,"href":"https:\/\/www.nooteboom.com\/de\/wp-json\/wp\/v2\/media\/2699407"}],"wp:attachment":[{"href":"https:\/\/www.nooteboom.com\/de\/wp-json\/wp\/v2\/media?parent=8554"}],"curies":[{"name":"wp","href":"https:\/\/api.w.org\/{rel}","templated":true}]}}