{"id":8535,"date":"2016-07-28T13:06:58","date_gmt":"2016-07-28T11:06:58","guid":{"rendered":"https:\/\/www.nooteboom.com\/?page_id=8535&#038;lang=de"},"modified":"2021-05-12T13:35:48","modified_gmt":"2021-05-12T11:35:48","slug":"bewerbungen","status":"publish","type":"page","link":"https:\/\/www.nooteboom.com\/de\/karriere\/bewerbungen\/","title":{"rendered":"Bewerbungen"},"content":{"rendered":"<div class=\"wpb-content-wrapper\"><p>[vc_row][vc_column][vc_column_text]Suchen Sie eine herausfordernde und abwechslungsreiche Arbeit und ein kollegiales Betriebsklima?<\/p>\n<p>Dann gibt es bei Nooteboom f\u00fcr Sie mehr als genug M\u00f6glichkeiten. Nooteboom sucht regelm\u00e4\u00dfig Monteure, Schwei\u00dfer, Maschinenschlosser, Industrielackierer, Automotive-Techniker, &#8230; Motivierte Menschen mit Fachoberschul- oder Hochschulabschluss, qualifizierte Facharbeiter und praxisorientierte Akademiker laden wir herzlich ein, uns eine Initiativbewerbung zuzusenden.[\/vc_column_text][\/vc_column][\/vc_row][vc_row][vc_column width=&#8220;1\/2&#8243;][vc_column_text]<strong>Haben wir Ihr Interesse geweckt?<\/strong><\/p>\n<p>Wir m\u00f6chten Ihre offene Bewerbung erhalten. F\u00fcllen Sie das unten stehende Formular aus und wir werden uns so schnell wie m\u00f6glich mit Ihnen in Verbindung setzen, um die M\u00f6glichkeiten zu besprechen<\/p>\n<p><a class=\"button\" href=\"https:\/\/www.nooteboom.com\/de\/karriere\/bewerbungen\/offene-bewerbung\/\">Offene Bewerbung<\/a>[\/vc_column_text][vc_text_separator title=&#8220;&#8222;Nooteboom bietet hervorragende M\u00f6glichkeiten f\u00fcr Menschen mit Fachoberschul- oder Hochschulabschluss, qualifizierte Facharbeiter und praxisorientierte Akademiker.&#8222;&#8220;][\/vc_column][vc_column width=&#8220;1\/2&#8243;][vc_single_image image=&#8220;1366&#8243; img_size=&#8220;large&#8220;][\/vc_column][\/vc_row]<\/p>\n<\/div>","protected":false},"excerpt":{"rendered":"[vc_row][vc_column][vc_column_text]Suchen Sie eine herausfordernde und abwechslungsreiche Arbeit und ein kollegiales Betriebsklima? Dann gibt es bei Nooteboom f\u00fcr Sie mehr als&#8230;","protected":false},"author":45,"featured_media":13610,"parent":8531,"menu_order":0,"comment_status":"closed","ping_status":"closed","template":"","meta":{"_acf_changed":false,"inline_featured_image":false,"footnotes":""},"class_list":["post-8535","page","type-page","status-publish","has-post-thumbnail","hentry"],"acf":[],"yoast_head":"<!-- This site is optimized with the Yoast SEO Premium plugin v25.7.1 (Yoast SEO v25.7) - https:\/\/yoast.com\/wordpress\/plugins\/seo\/ -->\n<title>Bewerbungen | Nooteboom Trailers<\/title>\n<meta name=\"description\" content=\"Suchen Sie eine herausfordernde und abwechslungsreiche Arbeit und ein kollegiales Betriebsklima?\" \/>\n<meta name=\"robots\" content=\"index, follow, max-snippet:-1, max-image-preview:large, max-video-preview:-1\" \/>\n<link rel=\"canonical\" href=\"https:\/\/www.nooteboom.com\/de\/karriere\/bewerbungen\/\" \/>\n<meta property=\"og:locale\" content=\"de_DE\" \/>\n<meta property=\"og:type\" content=\"article\" \/>\n<meta property=\"og:title\" content=\"Bewerbungen\" \/>\n<meta property=\"og:description\" content=\"Suchen Sie eine herausfordernde und abwechslungsreiche Arbeit und ein kollegiales Betriebsklima?\" \/>\n<meta property=\"og:url\" content=\"https:\/\/www.nooteboom.com\/de\/karriere\/bewerbungen\/\" \/>\n<meta property=\"og:site_name\" content=\"Nooteboom Trailers\" \/>\n<meta property=\"article:publisher\" content=\"https:\/\/nl-nl.facebook.com\/nooteboomtrailers\/\" \/>\n<meta property=\"article:modified_time\" content=\"2021-05-12T11:35:48+00:00\" \/>\n<meta property=\"og:image\" content=\"https:\/\/www.nooteboom.com\/wp-content\/uploads\/Lars-Jeroen-Pascal-Wim-en-Max-IMG_5157.jpg\" \/>\n\t<meta property=\"og:image:width\" content=\"2500\" \/>\n\t<meta property=\"og:image:height\" content=\"1406\" \/>\n\t<meta property=\"og:image:type\" content=\"image\/jpeg\" \/>\n<meta name=\"twitter:card\" content=\"summary_large_image\" \/>\n<meta name=\"twitter:label1\" content=\"Gesch\u00e4tzte Lesezeit\" \/>\n\t<meta name=\"twitter:data1\" content=\"1\u00a0Minute\" \/>\n<script type=\"application\/ld+json\" class=\"yoast-schema-graph\">{\"@context\":\"https:\/\/schema.org\",\"@graph\":[{\"@type\":\"WebPage\",\"@id\":\"https:\/\/www.nooteboom.com\/de\/karriere\/bewerbungen\/\",\"url\":\"https:\/\/www.nooteboom.com\/de\/karriere\/bewerbungen\/\",\"name\":\"Bewerbungen | Nooteboom Trailers\",\"isPartOf\":{\"@id\":\"https:\/\/www.nooteboom.com\/de\/#website\"},\"primaryImageOfPage\":{\"@id\":\"https:\/\/www.nooteboom.com\/de\/karriere\/bewerbungen\/#primaryimage\"},\"image\":{\"@id\":\"https:\/\/www.nooteboom.com\/de\/karriere\/bewerbungen\/#primaryimage\"},\"thumbnailUrl\":\"https:\/\/www.nooteboom.com\/wp-content\/uploads\/Lars-Jeroen-Pascal-Wim-en-Max-IMG_5157.jpg\",\"datePublished\":\"2016-07-28T11:06:58+00:00\",\"dateModified\":\"2021-05-12T11:35:48+00:00\",\"description\":\"Suchen Sie eine herausfordernde und abwechslungsreiche Arbeit und ein kollegiales Betriebsklima?\",\"breadcrumb\":{\"@id\":\"https:\/\/www.nooteboom.com\/de\/karriere\/bewerbungen\/#breadcrumb\"},\"inLanguage\":\"de\",\"potentialAction\":[{\"@type\":\"ReadAction\",\"target\":[\"https:\/\/www.nooteboom.com\/de\/karriere\/bewerbungen\/\"]}]},{\"@type\":\"ImageObject\",\"inLanguage\":\"de\",\"@id\":\"https:\/\/www.nooteboom.com\/de\/karriere\/bewerbungen\/#primaryimage\",\"url\":\"https:\/\/www.nooteboom.com\/wp-content\/uploads\/Lars-Jeroen-Pascal-Wim-en-Max-IMG_5157.jpg\",\"contentUrl\":\"https:\/\/www.nooteboom.com\/wp-content\/uploads\/Lars-Jeroen-Pascal-Wim-en-Max-IMG_5157.jpg\",\"width\":2500,\"height\":1406},{\"@type\":\"BreadcrumbList\",\"@id\":\"https:\/\/www.nooteboom.com\/de\/karriere\/bewerbungen\/#breadcrumb\",\"itemListElement\":[{\"@type\":\"ListItem\",\"position\":1,\"name\":\"Home\",\"item\":\"https:\/\/www.nooteboom.com\/de\/\"},{\"@type\":\"ListItem\",\"position\":2,\"name\":\"Karriere\",\"item\":\"https:\/\/www.nooteboom.com\/de\/karriere\/\"},{\"@type\":\"ListItem\",\"position\":3,\"name\":\"Bewerbungen\"}]},{\"@type\":\"WebSite\",\"@id\":\"https:\/\/www.nooteboom.com\/de\/#website\",\"url\":\"https:\/\/www.nooteboom.com\/de\/\",\"name\":\"Nooteboom Trailers\",\"description\":\"Gets you there.\",\"publisher\":{\"@id\":\"https:\/\/www.nooteboom.com\/de\/#organization\"},\"potentialAction\":[{\"@type\":\"SearchAction\",\"target\":{\"@type\":\"EntryPoint\",\"urlTemplate\":\"https:\/\/www.nooteboom.com\/de\/?s={search_term_string}\"},\"query-input\":{\"@type\":\"PropertyValueSpecification\",\"valueRequired\":true,\"valueName\":\"search_term_string\"}}],\"inLanguage\":\"de\"},{\"@type\":\"Organization\",\"@id\":\"https:\/\/www.nooteboom.com\/de\/#organization\",\"name\":\"Nooteboom Trailers\",\"url\":\"https:\/\/www.nooteboom.com\/de\/\",\"logo\":{\"@type\":\"ImageObject\",\"inLanguage\":\"de\",\"@id\":\"https:\/\/www.nooteboom.com\/de\/#\/schema\/logo\/image\/\",\"url\":\"https:\/\/www.nooteboom.com\/wp-content\/uploads\/logo.png\",\"contentUrl\":\"https:\/\/www.nooteboom.com\/wp-content\/uploads\/logo.png\",\"width\":111,\"height\":66,\"caption\":\"Nooteboom Trailers\"},\"image\":{\"@id\":\"https:\/\/www.nooteboom.com\/de\/#\/schema\/logo\/image\/\"},\"sameAs\":[\"https:\/\/nl-nl.facebook.com\/nooteboomtrailers\/\",\"https:\/\/nl.linkedin.com\/company\/nooteboom-trailers\",\"https:\/\/www.youtube.com\/user\/Nooteboomtrailers\"]}]}<\/script>\n<!-- \/ Yoast SEO Premium plugin. -->","yoast_head_json":{"title":"Bewerbungen | Nooteboom Trailers","description":"Suchen Sie eine herausfordernde und abwechslungsreiche Arbeit und ein kollegiales Betriebsklima?","robots":{"index":"index","follow":"follow","max-snippet":"max-snippet:-1","max-image-preview":"max-image-preview:large","max-video-preview":"max-video-preview:-1"},"canonical":"https:\/\/www.nooteboom.com\/de\/karriere\/bewerbungen\/","og_locale":"de_DE","og_type":"article","og_title":"Bewerbungen","og_description":"Suchen Sie eine herausfordernde und abwechslungsreiche Arbeit und ein kollegiales Betriebsklima?","og_url":"https:\/\/www.nooteboom.com\/de\/karriere\/bewerbungen\/","og_site_name":"Nooteboom Trailers","article_publisher":"https:\/\/nl-nl.facebook.com\/nooteboomtrailers\/","article_modified_time":"2021-05-12T11:35:48+00:00","og_image":[{"width":2500,"height":1406,"url":"https:\/\/www.nooteboom.com\/wp-content\/uploads\/Lars-Jeroen-Pascal-Wim-en-Max-IMG_5157.jpg","type":"image\/jpeg"}],"twitter_card":"summary_large_image","twitter_misc":{"Gesch\u00e4tzte Lesezeit":"1\u00a0Minute"},"schema":{"@context":"https:\/\/schema.org","@graph":[{"@type":"WebPage","@id":"https:\/\/www.nooteboom.com\/de\/karriere\/bewerbungen\/","url":"https:\/\/www.nooteboom.com\/de\/karriere\/bewerbungen\/","name":"Bewerbungen | Nooteboom Trailers","isPartOf":{"@id":"https:\/\/www.nooteboom.com\/de\/#website"},"primaryImageOfPage":{"@id":"https:\/\/www.nooteboom.com\/de\/karriere\/bewerbungen\/#primaryimage"},"image":{"@id":"https:\/\/www.nooteboom.com\/de\/karriere\/bewerbungen\/#primaryimage"},"thumbnailUrl":"https:\/\/www.nooteboom.com\/wp-content\/uploads\/Lars-Jeroen-Pascal-Wim-en-Max-IMG_5157.jpg","datePublished":"2016-07-28T11:06:58+00:00","dateModified":"2021-05-12T11:35:48+00:00","description":"Suchen Sie eine herausfordernde und abwechslungsreiche Arbeit und ein kollegiales Betriebsklima?","breadcrumb":{"@id":"https:\/\/www.nooteboom.com\/de\/karriere\/bewerbungen\/#breadcrumb"},"inLanguage":"de","potentialAction":[{"@type":"ReadAction","target":["https:\/\/www.nooteboom.com\/de\/karriere\/bewerbungen\/"]}]},{"@type":"ImageObject","inLanguage":"de","@id":"https:\/\/www.nooteboom.com\/de\/karriere\/bewerbungen\/#primaryimage","url":"https:\/\/www.nooteboom.com\/wp-content\/uploads\/Lars-Jeroen-Pascal-Wim-en-Max-IMG_5157.jpg","contentUrl":"https:\/\/www.nooteboom.com\/wp-content\/uploads\/Lars-Jeroen-Pascal-Wim-en-Max-IMG_5157.jpg","width":2500,"height":1406},{"@type":"BreadcrumbList","@id":"https:\/\/www.nooteboom.com\/de\/karriere\/bewerbungen\/#breadcrumb","itemListElement":[{"@type":"ListItem","position":1,"name":"Home","item":"https:\/\/www.nooteboom.com\/de\/"},{"@type":"ListItem","position":2,"name":"Karriere","item":"https:\/\/www.nooteboom.com\/de\/karriere\/"},{"@type":"ListItem","position":3,"name":"Bewerbungen"}]},{"@type":"WebSite","@id":"https:\/\/www.nooteboom.com\/de\/#website","url":"https:\/\/www.nooteboom.com\/de\/","name":"Nooteboom Trailers","description":"Gets you there.","publisher":{"@id":"https:\/\/www.nooteboom.com\/de\/#organization"},"potentialAction":[{"@type":"SearchAction","target":{"@type":"EntryPoint","urlTemplate":"https:\/\/www.nooteboom.com\/de\/?s={search_term_string}"},"query-input":{"@type":"PropertyValueSpecification","valueRequired":true,"valueName":"search_term_string"}}],"inLanguage":"de"},{"@type":"Organization","@id":"https:\/\/www.nooteboom.com\/de\/#organization","name":"Nooteboom Trailers","url":"https:\/\/www.nooteboom.com\/de\/","logo":{"@type":"ImageObject","inLanguage":"de","@id":"https:\/\/www.nooteboom.com\/de\/#\/schema\/logo\/image\/","url":"https:\/\/www.nooteboom.com\/wp-content\/uploads\/logo.png","contentUrl":"https:\/\/www.nooteboom.com\/wp-content\/uploads\/logo.png","width":111,"height":66,"caption":"Nooteboom Trailers"},"image":{"@id":"https:\/\/www.nooteboom.com\/de\/#\/schema\/logo\/image\/"},"sameAs":["https:\/\/nl-nl.facebook.com\/nooteboomtrailers\/","https:\/\/nl.linkedin.com\/company\/nooteboom-trailers","https:\/\/www.youtube.com\/user\/Nooteboomtrailers"]}]}},"_links":{"self":[{"href":"https:\/\/www.nooteboom.com\/de\/wp-json\/wp\/v2\/pages\/8535","targetHints":{"allow":["GET"]}}],"collection":[{"href":"https:\/\/www.nooteboom.com\/de\/wp-json\/wp\/v2\/pages"}],"about":[{"href":"https:\/\/www.nooteboom.com\/de\/wp-json\/wp\/v2\/types\/page"}],"author":[{"embeddable":true,"href":"https:\/\/www.nooteboom.com\/de\/wp-json\/wp\/v2\/users\/45"}],"replies":[{"embeddable":true,"href":"https:\/\/www.nooteboom.com\/de\/wp-json\/wp\/v2\/comments?post=8535"}],"version-history":[{"count":4,"href":"https:\/\/www.nooteboom.com\/de\/wp-json\/wp\/v2\/pages\/8535\/revisions"}],"predecessor-version":[{"id":9388,"href":"https:\/\/www.nooteboom.com\/de\/wp-json\/wp\/v2\/pages\/8535\/revisions\/9388"}],"up":[{"embeddable":true,"href":"https:\/\/www.nooteboom.com\/de\/wp-json\/wp\/v2\/pages\/8531"}],"wp:featuredmedia":[{"embeddable":true,"href":"https:\/\/www.nooteboom.com\/de\/wp-json\/wp\/v2\/media\/13610"}],"wp:attachment":[{"href":"https:\/\/www.nooteboom.com\/de\/wp-json\/wp\/v2\/media?parent=8535"}],"curies":[{"name":"wp","href":"https:\/\/api.w.org\/{rel}","templated":true}]}}