{"id":8531,"date":"2016-07-28T13:05:53","date_gmt":"2016-07-28T11:05:53","guid":{"rendered":"https:\/\/www.nooteboom.com\/?page_id=8531&#038;lang=de"},"modified":"2024-10-15T12:07:22","modified_gmt":"2024-10-15T10:07:22","slug":"karriere","status":"publish","type":"page","link":"https:\/\/www.nooteboom.com\/de\/karriere\/","title":{"rendered":"Karriere"},"content":{"rendered":"<div class=\"wpb-content-wrapper\"><p>[vc_row][vc_column][vc_column_text]In Europa ist Nooteboom ein international bekannter Begriff, wenn es um Anh\u00e4nger und Sattelauflieger f\u00fcr den au\u00dfergew\u00f6hnlichen Stra\u00dfentransport geht. Regional ist Nooteboom ein gesch\u00e4tzter Arbeitgeber f\u00fcr \u00fcber 500 Facharbeiterinnen und Facharbeiter im In- und Ausland. Alle Mitarbeiterinnen und Mitarbeiter von Nooteboom haben eine gemeinsame Leidenschaft f\u00fcr Anh\u00e4nger und sind \u00e4u\u00dferst interessiert am Produkt.<\/p>\n<p>Respekt f\u00fcr Handwerkskunst und Qualit\u00e4t zieht sich wie ein roter Faden durch das gesamte Unternehmen. Der Wunsch, individuell zu einem innovativen und zuverl\u00e4ssigen Spitzenprodukt beizutragen, verbindet uns. Ambitionierte Menschen arbeiten gerne f\u00fcr unser wegweisendes und angesehenes Unternehmen. Denn bei Nooteboom gibt es viel Raum zur Entwicklung und f\u00fcr eine erfolgreiche Karriere. Charakteristisch f\u00fcr die Arbeitsatmosph\u00e4re bei Nooteboom ist die flache Organisationsstruktur und die \u00dcbertragung von Verantwortung und Kompetenz an die Mitarbeiterinnen und Mitarbeiter auf der Werkstatt-Ebene. Sorgf\u00e4ltige Schwei\u00dfarbeiten sind genauso wichtig wie effizienter Einkauf von Materialien und Teilen.[\/vc_column_text][\/vc_column][\/vc_row][vc_row full_width=&#8220;stretch_row&#8220;][vc_column][vc_row_inner content_placement=&#8220;middle&#8220; css=&#8220;.vc_custom_1536146703498{margin-top: 0px !important;background-color: #d8d8d8 !important;}&#8220;][vc_column_inner width=&#8220;1\/6&#8243;][\/vc_column_inner][vc_column_inner width=&#8220;2\/3&#8243;][vc_video link=&#8220;https:\/\/youtu.be\/k1HxDbPTkx0&#8243; align=&#8220;center&#8220; css_animation=&#8220;fadeIn&#8220;][vc_btn title=&#8220;SEE ALL VACANCIES&#8220; style=&#8220;flat&#8220; shape=&#8220;square&#8220; color=&#8220;black&#8220; size=&#8220;lg&#8220; align=&#8220;center&#8220; i_icon_fontawesome=&#8220;&#8220; add_icon=&#8220;true&#8220; link=&#8220;url:https%3A%2F%2Fwww.nooteboom.com%2Fde%2Fkarriere%2Fstellenangebote-praktika%2F&#8220;][\/vc_column_inner][vc_column_inner width=&#8220;1\/6&#8243;][\/vc_column_inner][\/vc_row_inner][\/vc_column][\/vc_row][vc_row][vc_column width=&#8220;1\/2&#8243;][vc_column_text]Teamarbeit, Offenheit, Hilfsbereitschaft, Verantwortungsbewusstsein und Kompetenzen werden in jeder Abteilung hoch gesch\u00e4tzt. Die Mitarbeiterinnen und Mitarbeiter arbeiten in einem Team, das in einer kameradschaftlichen Arbeitsatmosph\u00e4re innerhalb eines gesunden Gesch\u00e4fts die besten Ergebnisse erzielt.<\/p>\n<p>Wir sch\u00e4tzen pers\u00f6nliche Leistungen und bieten ausreichend Raum f\u00fcr individuelle Entwicklung.<\/p>\n<p>F\u00fcr alle Mitarbeiterinnen und Mitarbeiter von Nooteboom erwarten wir eine Reihe spezifischer Grundwerte.[\/vc_column_text][\/vc_column][vc_column width=&#8220;1\/2&#8243;][vc_column_text]<\/p>\n<h2>Nooteboom-Mitarbeiterinnen und -Mitarbeiter:<\/h2>\n<ul>\n<li>leisten einen pers\u00f6nlichen Beitrag zur Kundenzufriedenheit<\/li>\n<li>arbeiten gerne im Team und tragen pers\u00f6nlich zum Endprodukt bei<\/li>\n<li>scheuen sich nicht davor, Verantwortung zu \u00fcbernehmen und ihr Engagement zu zeigen<\/li>\n<li>sagen, was sie tun, und tun, was sie sagen<\/li>\n<li>streben danach, ihre Kolleginnen und Kollegen respektvoll zu behandeln und offen und ehrlich zu sein<\/li>\n<li>haben eine Leidenschaft f\u00fcr Anh\u00e4nger und zeigen Initiative, um Produkte und Prozesse zu verbessern<\/li>\n<li>sind sich bewusst, dass sorgf\u00e4ltige Arbeit von entscheidender Bedeutung f\u00fcr das gemeinsame Endprodukt ist<\/li>\n<li>sind Botschafter f\u00fcr Nooteboom<\/li>\n<\/ul>\n<p>[\/vc_column_text][\/vc_column][\/vc_row][vc_row full_width=&#8220;stretch_row_content_no_spaces&#8220; row_class=&#8220;&#8220;][vc_column width=&#8220;1\/6&#8243; offset=&#8220;vc_col-md-2&#8243;][vc_hoverbox image=&#8220;1556699&#8243; primary_title=&#8220;&#8220; hover_title=&#8220;&#8220; shape=&#8220;square&#8220; hover_background_color=&#8220;custom&#8220; hover_btn_title=&#8220;READ MORE&#8230;&#8220; hover_btn_style=&#8220;flat&#8220; hover_btn_shape=&#8220;square&#8220; hover_btn_color=&#8220;white&#8220; hover_btn_size=&#8220;sm&#8220; hover_btn_align=&#8220;center&#8220; css_animation=&#8220;fadeIn&#8220; hover_add_button=&#8220;true&#8220; hover_btn_link=&#8220;url:https%3A%2F%2Fwww.nooteboom.com%2Fde%2Fkarriere%2Flena-montage%2F|&#8220; hover_custom_background=&#8220;#d6002a&#8220;]<span style=\"color: #ffffff;\"><strong>LENA | ASSEMBLY<\/strong><\/span><\/p>\n<p><span style=\"color: #ffffff;\"><strong>\u2018The transition from office to factory is working well\u2018<\/strong><\/span><\/p>\n<p><span style=\"color: #d6002a;\">|<\/span>[\/vc_hoverbox][vc_empty_space height=&#8220;20px&#8220;][vc_column_text]<\/p>\n<h2 style=\"text-align: center;\">LENA<\/h2>\n<p>[\/vc_column_text][vc_separator][\/vc_column][vc_column width=&#8220;1\/6&#8243;][vc_hoverbox image=&#8220;1556697&#8243; primary_title=&#8220;&#8220; hover_title=&#8220;&#8220; shape=&#8220;square&#8220; hover_background_color=&#8220;custom&#8220; hover_btn_title=&#8220;READ MORE&#8230;&#8220; hover_btn_style=&#8220;flat&#8220; hover_btn_shape=&#8220;square&#8220; hover_btn_color=&#8220;white&#8220; hover_btn_size=&#8220;sm&#8220; hover_btn_align=&#8220;center&#8220; css_animation=&#8220;fadeIn&#8220; hover_add_button=&#8220;true&#8220; hover_btn_link=&#8220;url:https%3A%2F%2Fwww.nooteboom.com%2Fde%2Fkarriere%2Fearly-lackiererei%2F|&#8220; hover_custom_background=&#8220;#d6002a&#8220;]<span style=\"color: #ffffff;\"><strong>EARLY | PAINT SHOP<\/strong><\/span><\/p>\n<p><span style=\"color: #ffffff;\"><strong>\u2018Our conservation street is one of the most modern facilities in Europe\u2019<\/strong><\/span><\/p>\n<p><span style=\"color: #d6002a;\">|<\/span>[\/vc_hoverbox][vc_empty_space height=&#8220;20px&#8220;][vc_column_text]<\/p>\n<h2 style=\"text-align: center;\">EARLY<\/h2>\n<p>[\/vc_column_text][vc_separator][\/vc_column][vc_column width=&#8220;1\/6&#8243;][vc_hoverbox image=&#8220;1556696&#8243; primary_title=&#8220;&#8220; hover_title=&#8220;&#8220; shape=&#8220;square&#8220; hover_background_color=&#8220;custom&#8220; hover_btn_title=&#8220;READ MORE&#8230;&#8220; hover_btn_style=&#8220;flat&#8220; hover_btn_shape=&#8220;square&#8220; hover_btn_color=&#8220;white&#8220; hover_btn_size=&#8220;sm&#8220; hover_btn_align=&#8220;center&#8220; css_animation=&#8220;fadeIn&#8220; hover_add_button=&#8220;true&#8220; hover_btn_link=&#8220;url:https%3A%2F%2Fwww.nooteboom.com%2Fde%2Fkarriere%2Fantwan-produktionsingenieur%2F|&#8220; hover_custom_background=&#8220;#d6002a&#8220;]<span style=\"color: #ffffff;\"><strong>ANTWAN | ENGINEERING<\/strong><\/span><\/p>\n<p><span style=\"color: #ffffff;\"><strong>\u2018For a production-engineer this is one big playground\u2018<\/strong><\/span><\/p>\n<p><span style=\"color: #d6002a;\">|<\/span>[\/vc_hoverbox][vc_empty_space height=&#8220;20px&#8220;][vc_column_text]<\/p>\n<h2 style=\"text-align: center;\">ANTWAN<\/h2>\n<p>[\/vc_column_text][vc_separator][\/vc_column][vc_column width=&#8220;1\/6&#8243;][vc_hoverbox image=&#8220;1704269&#8243; primary_title=&#8220;&#8220; hover_title=&#8220;&#8220; shape=&#8220;square&#8220; hover_background_color=&#8220;custom&#8220; hover_btn_title=&#8220;READ MORE&#8230;&#8220; hover_btn_style=&#8220;flat&#8220; hover_btn_shape=&#8220;square&#8220; hover_btn_color=&#8220;white&#8220; hover_btn_size=&#8220;sm&#8220; hover_btn_align=&#8220;center&#8220; css_animation=&#8220;fadeIn&#8220; hover_add_button=&#8220;true&#8220; hover_btn_link=&#8220;url:https%3A%2F%2Fwww.nooteboom.com%2Fde%2Fcamiel-engineering%2F|&#8220; hover_custom_background=&#8220;#d6002a&#8220;]<span style=\"color: #ffffff;\"><strong>CAMIEL | ENGINEERING<\/strong><\/span><\/p>\n<p><span style=\"color: #ffffff;\"><b>&#8222;The challenge in this job is to do it better than the competition&#8220;.<\/b><\/span><\/p>\n<p><span style=\"color: #d6002a;\">|<\/span>[\/vc_hoverbox][vc_empty_space height=&#8220;20px&#8220;][vc_column_text]<\/p>\n<h2 style=\"text-align: center;\">CAMIEL<\/h2>\n<p>[\/vc_column_text][vc_separator][\/vc_column][vc_column width=&#8220;1\/6&#8243;][vc_hoverbox image=&#8220;1556698&#8243; primary_title=&#8220;&#8220; hover_title=&#8220;&#8220; shape=&#8220;square&#8220; hover_background_color=&#8220;custom&#8220; hover_btn_title=&#8220;READ MORE&#8230;&#8220; hover_btn_style=&#8220;flat&#8220; hover_btn_shape=&#8220;square&#8220; hover_btn_color=&#8220;white&#8220; hover_btn_size=&#8220;sm&#8220; hover_btn_align=&#8220;center&#8220; css_animation=&#8220;fadeIn&#8220; hover_add_button=&#8220;true&#8220; hover_btn_link=&#8220;url:https%3A%2F%2Fwww.nooteboom.com%2Fde%2Fjelle-logistik%2F|&#8220; hover_custom_background=&#8220;#d6002a&#8220;]<span style=\"color: #ffffff;\"><strong>JELLE | LOGISTICS<\/strong><\/span><\/p>\n<p><span style=\"color: #ffffff;\"><strong>\u2018If you have a good training plan, there will be plenty of options\u2019<\/strong><\/span><\/p>\n<p><span style=\"color: #d6002a;\">|<\/span>[\/vc_hoverbox][vc_empty_space height=&#8220;20px&#8220;][vc_column_text]<\/p>\n<h2 style=\"text-align: center;\">JELLE<\/h2>\n<p>[\/vc_column_text][vc_separator][\/vc_column][vc_column width=&#8220;1\/6&#8243;][vc_hoverbox image=&#8220;1556701&#8243; primary_title=&#8220;&#8220; hover_title=&#8220;&#8220; shape=&#8220;square&#8220; hover_background_color=&#8220;custom&#8220; hover_btn_title=&#8220;READ MORE&#8230;&#8220; hover_btn_style=&#8220;flat&#8220; hover_btn_shape=&#8220;square&#8220; hover_btn_color=&#8220;white&#8220; hover_btn_size=&#8220;sm&#8220; hover_btn_align=&#8220;center&#8220; css_animation=&#8220;fadeIn&#8220; hover_add_button=&#8220;true&#8220; hover_btn_link=&#8220;url:https%3A%2F%2Fwww.nooteboom.com%2Fde%2Fkarriere%2Frick-maschinenschlosser-schweiser%2F|&#8220; hover_custom_background=&#8220;#d6002a&#8220;]<span style=\"color: #ffffff;\"><strong>RICK | CONSTRUCTION<\/strong><\/span><\/p>\n<p><span style=\"color: #ffffff;\"><strong>\u2018At Nooteboom you\u2019re not just a number\u2018<\/strong><\/span><\/p>\n<p><span style=\"color: #d6002a;\">|<\/span>[\/vc_hoverbox][vc_empty_space height=&#8220;20px&#8220;][vc_column_text]<\/p>\n<h2 style=\"text-align: center;\">RICK<\/h2>\n<p>[\/vc_column_text][vc_separator][\/vc_column][\/vc_row][vc_row][vc_column][vc_column_text]<\/p>\n<h2>Contact us<\/h2>\n<p>[\/vc_column_text][\/vc_column][\/vc_row][vc_row][vc_column width=&#8220;1\/3&#8243;]<div class=\"vc_teaser\">\n\n\t\n\t\t<div onclick=\"window.location.href='mailto:a.kroef@nooteboom.com';\" class=\"vc_teaser__inner clickable\">\n\n\t\t\t\t\t\t\t<figure>\n\t\t\t\t\t<img\n\t\t\t\t\t\t\tsrc=\"https:\/\/www.nooteboom.com\/wp-content\/uploads\/Anke-Kroef-IMG_8111-500x333.jpg\"\n\t\t\t\t\t\t\talt=\"Karriere\"\n\t\t\t\t\t\t\t\t\t\t\t\t\tsrcset=\"https:\/\/www.nooteboom.com\/wp-content\/uploads\/Anke-Kroef-IMG_8111-300x199.jpg 300w,https:\/\/www.nooteboom.com\/wp-content\/uploads\/Anke-Kroef-IMG_8111-768x511.jpg 768w,https:\/\/www.nooteboom.com\/wp-content\/uploads\/Anke-Kroef-IMG_8111-1024x681.jpg 1024w\"\n\t\t\t\t\t\t\tsizes=\"(max-width: 400px) 100vw, 400px\"\n\t\t\t\t\t\t\t\t\t\t\t>\n\t\t\t\t<\/figure>\n\t\t\t\n\t\t\t\t\t\t\t<a href=\"mailto:a.kroef@nooteboom.com\" target=\"\"\n\t\t\t\t   title=\"a.kroef@nooteboom.com\" class=\"button red\">\n\t\t\t\t\tAnke Kroef\t\t\t\t\t<span class=\"fa fa-chevron-right\"><\/span>\n\t\t\t\t<\/a>\n\t\t\t\n\t\t<\/div>\n\n\t\n<\/div>[vc_column_text]<\/p>\n<table style=\"border-collapse: collapse; width: 100%;\">\n<tbody>\n<tr>\n<td style=\"width: 100%; text-align: center;\">\n<address>Manager HR<\/address>\n<address><strong>E<\/strong>\u00a0<a href=\"mailto:a.kroef@nooteboom.com\">a.kroef@nooteboom.com<\/a><\/address>\n<address><span style=\"color: #ffffff;\">|<\/span><\/address>\n<\/td>\n<\/tr>\n<\/tbody>\n<\/table>\n<p>[\/vc_column_text][\/vc_column][vc_column width=&#8220;1\/3&#8243;]<div class=\"vc_teaser\">\n\n\t\n\t\t<div onclick=\"window.location.href='mailto:l.steur@nooteboom.com';\" class=\"vc_teaser__inner clickable\">\n\n\t\t\t\t\t\t\t<figure>\n\t\t\t\t\t<img\n\t\t\t\t\t\t\tsrc=\"https:\/\/www.nooteboom.com\/wp-content\/uploads\/liekesteur-500x333.jpg\"\n\t\t\t\t\t\t\talt=\"Karriere\"\n\t\t\t\t\t\t\t\t\t\t\t\t\tsrcset=\"https:\/\/www.nooteboom.com\/wp-content\/uploads\/liekesteur-300x199.jpg 300w,https:\/\/www.nooteboom.com\/wp-content\/uploads\/liekesteur-768x511.jpg 768w,https:\/\/www.nooteboom.com\/wp-content\/uploads\/liekesteur-1024x681.jpg 1024w\"\n\t\t\t\t\t\t\tsizes=\"(max-width: 500px) 100vw, 500px\"\n\t\t\t\t\t\t\t\t\t\t\t>\n\t\t\t\t<\/figure>\n\t\t\t\n\t\t\t\t\t\t\t<a href=\"mailto:l.steur@nooteboom.com\" target=\"\"\n\t\t\t\t   title=\"l.steur@nooteboom.com\" class=\"button red\">\n\t\t\t\t\tGlenn Uijt den Boogaard\t\t\t\t\t<span class=\"fa fa-chevron-right\"><\/span>\n\t\t\t\t<\/a>\n\t\t\t\n\t\t<\/div>\n\n\t\n<\/div>[vc_column_text]<\/p>\n<table style=\"border-collapse: collapse; width: 100%;\">\n<tbody>\n<tr>\n<td style=\"width: 100%; text-align: center;\">\n<address>Recruiter<\/address>\n<address><strong>E<\/strong>\u00a0<a class=\"\" href=\"l.steur@nooteboom.com\">l.steur@nooteboom.com<\/a><\/address>\n<address><strong>T<\/strong> +31 641 68 0523<\/address>\n<\/td>\n<\/tr>\n<\/tbody>\n<\/table>\n<p>[\/vc_column_text][\/vc_column][vc_column width=&#8220;1\/3&#8243;]<div class=\"vc_teaser\">\n\n\t\n\t\t<div onclick=\"window.location.href='mailto:m.verstegen@nooteboom.com';\" class=\"vc_teaser__inner clickable\">\n\n\t\t\t\t\t\t\t<figure>\n\t\t\t\t\t<img\n\t\t\t\t\t\t\tsrc=\"https:\/\/www.nooteboom.com\/wp-content\/uploads\/Marc-verstegen-500x333.jpg\"\n\t\t\t\t\t\t\talt=\"Karriere\"\n\t\t\t\t\t\t\t\t\t\t\t\t\tsrcset=\"https:\/\/www.nooteboom.com\/wp-content\/uploads\/Marc-verstegen-300x199.jpg 300w,https:\/\/www.nooteboom.com\/wp-content\/uploads\/Marc-verstegen-768x511.jpg 768w,https:\/\/www.nooteboom.com\/wp-content\/uploads\/Marc-verstegen-1024x681.jpg 1024w\"\n\t\t\t\t\t\t\tsizes=\"(max-width: 400px) 100vw, 400px\"\n\t\t\t\t\t\t\t\t\t\t\t>\n\t\t\t\t<\/figure>\n\t\t\t\n\t\t\t\t\t\t\t<a href=\"mailto:m.verstegen@nooteboom.com\" target=\"\"\n\t\t\t\t   title=\"Marc Verstegen\" class=\"button red\">\n\t\t\t\t\tMarc Verstegen\t\t\t\t\t<span class=\"fa fa-chevron-right\"><\/span>\n\t\t\t\t<\/a>\n\t\t\t\n\t\t<\/div>\n\n\t\n<\/div>[vc_column_text]<\/p>\n<table style=\"border-collapse: collapse; width: 100%;\">\n<tbody>\n<tr>\n<td style=\"width: 100%; text-align: center;\">\n<address>HR adviseur<\/address>\n<address><strong>E<\/strong>\u00a0<a class=\"\" href=\"mailto:m.verstegen@nooteboom.com\">m.verstegen@nooteboom.com<\/a><\/address>\n<\/td>\n<\/tr>\n<\/tbody>\n<\/table>\n<p>[\/vc_column_text][\/vc_column][\/vc_row][vc_row full_width=&#8220;stretch_row&#8220;][vc_column][vc_row_inner css=&#8220;.vc_custom_1536065462209{background-color: #d6002a !important;}&#8220;][vc_column_inner]<div data-enable_animator='all' class='wpb_animate_when_almost_visible gambit-css-animation slide-elastic-to-left ' style='opacity: 0;-webkit-animation-delay: 0.1s;-moz-animation-delay: 0.1s;-ms-animation-delay: 0.1s;-o-animation-delay: 0.1s;animation-delay: 0.1s'>[vc_btn title=&#8220;SEE ALL VACANCIES&#8220; style=&#8220;flat&#8220; shape=&#8220;square&#8220; color=&#8220;white&#8220; size=&#8220;lg&#8220; align=&#8220;center&#8220; i_icon_fontawesome=&#8220;&#8220; add_icon=&#8220;true&#8220; link=&#8220;url:https%3A%2F%2Fwww.nooteboom.com%2Fde%2Fkarriere%2Fstellenangebote-praktika%2F&#8220;]<\/div>[\/vc_column_inner][\/vc_row_inner][vc_empty_space][\/vc_column][\/vc_row]<\/p>\n<\/div>","protected":false},"excerpt":{"rendered":"[vc_row][vc_column][vc_column_text]In Europa ist Nooteboom ein international bekannter Begriff, wenn es um Anh\u00e4nger und Sattelauflieger f\u00fcr den au\u00dfergew\u00f6hnlichen Stra\u00dfentransport geht. Regional&#8230;","protected":false},"author":45,"featured_media":0,"parent":0,"menu_order":0,"comment_status":"closed","ping_status":"closed","template":"templates\/template-career.php","meta":{"_acf_changed":false,"inline_featured_image":false,"footnotes":""},"class_list":["post-8531","page","type-page","status-publish","hentry"],"acf":[],"yoast_head":"<!-- This site is optimized with the Yoast SEO Premium plugin v25.7.1 (Yoast SEO v25.7) - https:\/\/yoast.com\/wordpress\/plugins\/seo\/ -->\n<title>Karriere | Nooteboom Trailers<\/title>\n<meta name=\"description\" content=\"In Europa ist Nooteboom ein bekannter Begriff, wenn es um Auflieger und Anh\u00e4nger f\u00fcr den stra\u00dfengebundenen Spezialtransport geht.\" \/>\n<meta name=\"robots\" content=\"index, follow, max-snippet:-1, max-image-preview:large, max-video-preview:-1\" \/>\n<link rel=\"canonical\" href=\"https:\/\/www.nooteboom.com\/de\/karriere\/\" \/>\n<meta property=\"og:locale\" content=\"de_DE\" \/>\n<meta property=\"og:type\" content=\"article\" \/>\n<meta property=\"og:title\" content=\"Karriere\" \/>\n<meta property=\"og:description\" content=\"In Europa ist Nooteboom ein bekannter Begriff, wenn es um Auflieger und Anh\u00e4nger f\u00fcr den stra\u00dfengebundenen Spezialtransport geht.\" \/>\n<meta property=\"og:url\" content=\"https:\/\/www.nooteboom.com\/de\/karriere\/\" \/>\n<meta property=\"og:site_name\" content=\"Nooteboom Trailers\" \/>\n<meta property=\"article:publisher\" content=\"https:\/\/nl-nl.facebook.com\/nooteboomtrailers\/\" \/>\n<meta property=\"article:modified_time\" content=\"2024-10-15T10:07:22+00:00\" \/>\n<meta property=\"og:image\" content=\"https:\/\/www.nooteboom.com\/wp-content\/uploads\/splashnooteboom-square-1.jpg\" \/>\n\t<meta property=\"og:image:width\" content=\"757\" \/>\n\t<meta property=\"og:image:height\" content=\"757\" \/>\n\t<meta property=\"og:image:type\" content=\"image\/jpeg\" \/>\n<meta name=\"twitter:card\" content=\"summary_large_image\" \/>\n<meta name=\"twitter:label1\" content=\"Gesch\u00e4tzte Lesezeit\" \/>\n\t<meta name=\"twitter:data1\" content=\"5\u00a0Minuten\" \/>\n<script type=\"application\/ld+json\" class=\"yoast-schema-graph\">{\"@context\":\"https:\/\/schema.org\",\"@graph\":[{\"@type\":\"WebPage\",\"@id\":\"https:\/\/www.nooteboom.com\/de\/karriere\/\",\"url\":\"https:\/\/www.nooteboom.com\/de\/karriere\/\",\"name\":\"Karriere | Nooteboom Trailers\",\"isPartOf\":{\"@id\":\"https:\/\/www.nooteboom.com\/de\/#website\"},\"datePublished\":\"2016-07-28T11:05:53+00:00\",\"dateModified\":\"2024-10-15T10:07:22+00:00\",\"description\":\"In Europa ist Nooteboom ein bekannter Begriff, wenn es um Auflieger und Anh\u00e4nger f\u00fcr den stra\u00dfengebundenen Spezialtransport geht.\",\"breadcrumb\":{\"@id\":\"https:\/\/www.nooteboom.com\/de\/karriere\/#breadcrumb\"},\"inLanguage\":\"de\",\"potentialAction\":[{\"@type\":\"ReadAction\",\"target\":[\"https:\/\/www.nooteboom.com\/de\/karriere\/\"]}]},{\"@type\":\"BreadcrumbList\",\"@id\":\"https:\/\/www.nooteboom.com\/de\/karriere\/#breadcrumb\",\"itemListElement\":[{\"@type\":\"ListItem\",\"position\":1,\"name\":\"Home\",\"item\":\"https:\/\/www.nooteboom.com\/de\/\"},{\"@type\":\"ListItem\",\"position\":2,\"name\":\"Karriere\"}]},{\"@type\":\"WebSite\",\"@id\":\"https:\/\/www.nooteboom.com\/de\/#website\",\"url\":\"https:\/\/www.nooteboom.com\/de\/\",\"name\":\"Nooteboom Trailers\",\"description\":\"Gets you there.\",\"publisher\":{\"@id\":\"https:\/\/www.nooteboom.com\/de\/#organization\"},\"potentialAction\":[{\"@type\":\"SearchAction\",\"target\":{\"@type\":\"EntryPoint\",\"urlTemplate\":\"https:\/\/www.nooteboom.com\/de\/?s={search_term_string}\"},\"query-input\":{\"@type\":\"PropertyValueSpecification\",\"valueRequired\":true,\"valueName\":\"search_term_string\"}}],\"inLanguage\":\"de\"},{\"@type\":\"Organization\",\"@id\":\"https:\/\/www.nooteboom.com\/de\/#organization\",\"name\":\"Nooteboom Trailers\",\"url\":\"https:\/\/www.nooteboom.com\/de\/\",\"logo\":{\"@type\":\"ImageObject\",\"inLanguage\":\"de\",\"@id\":\"https:\/\/www.nooteboom.com\/de\/#\/schema\/logo\/image\/\",\"url\":\"https:\/\/www.nooteboom.com\/wp-content\/uploads\/logo.png\",\"contentUrl\":\"https:\/\/www.nooteboom.com\/wp-content\/uploads\/logo.png\",\"width\":111,\"height\":66,\"caption\":\"Nooteboom Trailers\"},\"image\":{\"@id\":\"https:\/\/www.nooteboom.com\/de\/#\/schema\/logo\/image\/\"},\"sameAs\":[\"https:\/\/nl-nl.facebook.com\/nooteboomtrailers\/\",\"https:\/\/nl.linkedin.com\/company\/nooteboom-trailers\",\"https:\/\/www.youtube.com\/user\/Nooteboomtrailers\"]}]}<\/script>\n<!-- \/ Yoast SEO Premium plugin. -->","yoast_head_json":{"title":"Karriere | Nooteboom Trailers","description":"In Europa ist Nooteboom ein bekannter Begriff, wenn es um Auflieger und Anh\u00e4nger f\u00fcr den stra\u00dfengebundenen Spezialtransport geht.","robots":{"index":"index","follow":"follow","max-snippet":"max-snippet:-1","max-image-preview":"max-image-preview:large","max-video-preview":"max-video-preview:-1"},"canonical":"https:\/\/www.nooteboom.com\/de\/karriere\/","og_locale":"de_DE","og_type":"article","og_title":"Karriere","og_description":"In Europa ist Nooteboom ein bekannter Begriff, wenn es um Auflieger und Anh\u00e4nger f\u00fcr den stra\u00dfengebundenen Spezialtransport geht.","og_url":"https:\/\/www.nooteboom.com\/de\/karriere\/","og_site_name":"Nooteboom Trailers","article_publisher":"https:\/\/nl-nl.facebook.com\/nooteboomtrailers\/","article_modified_time":"2024-10-15T10:07:22+00:00","og_image":[{"width":757,"height":757,"url":"https:\/\/www.nooteboom.com\/wp-content\/uploads\/splashnooteboom-square-1.jpg","type":"image\/jpeg"}],"twitter_card":"summary_large_image","twitter_misc":{"Gesch\u00e4tzte Lesezeit":"5\u00a0Minuten"},"schema":{"@context":"https:\/\/schema.org","@graph":[{"@type":"WebPage","@id":"https:\/\/www.nooteboom.com\/de\/karriere\/","url":"https:\/\/www.nooteboom.com\/de\/karriere\/","name":"Karriere | Nooteboom Trailers","isPartOf":{"@id":"https:\/\/www.nooteboom.com\/de\/#website"},"datePublished":"2016-07-28T11:05:53+00:00","dateModified":"2024-10-15T10:07:22+00:00","description":"In Europa ist Nooteboom ein bekannter Begriff, wenn es um Auflieger und Anh\u00e4nger f\u00fcr den stra\u00dfengebundenen Spezialtransport geht.","breadcrumb":{"@id":"https:\/\/www.nooteboom.com\/de\/karriere\/#breadcrumb"},"inLanguage":"de","potentialAction":[{"@type":"ReadAction","target":["https:\/\/www.nooteboom.com\/de\/karriere\/"]}]},{"@type":"BreadcrumbList","@id":"https:\/\/www.nooteboom.com\/de\/karriere\/#breadcrumb","itemListElement":[{"@type":"ListItem","position":1,"name":"Home","item":"https:\/\/www.nooteboom.com\/de\/"},{"@type":"ListItem","position":2,"name":"Karriere"}]},{"@type":"WebSite","@id":"https:\/\/www.nooteboom.com\/de\/#website","url":"https:\/\/www.nooteboom.com\/de\/","name":"Nooteboom Trailers","description":"Gets you there.","publisher":{"@id":"https:\/\/www.nooteboom.com\/de\/#organization"},"potentialAction":[{"@type":"SearchAction","target":{"@type":"EntryPoint","urlTemplate":"https:\/\/www.nooteboom.com\/de\/?s={search_term_string}"},"query-input":{"@type":"PropertyValueSpecification","valueRequired":true,"valueName":"search_term_string"}}],"inLanguage":"de"},{"@type":"Organization","@id":"https:\/\/www.nooteboom.com\/de\/#organization","name":"Nooteboom Trailers","url":"https:\/\/www.nooteboom.com\/de\/","logo":{"@type":"ImageObject","inLanguage":"de","@id":"https:\/\/www.nooteboom.com\/de\/#\/schema\/logo\/image\/","url":"https:\/\/www.nooteboom.com\/wp-content\/uploads\/logo.png","contentUrl":"https:\/\/www.nooteboom.com\/wp-content\/uploads\/logo.png","width":111,"height":66,"caption":"Nooteboom Trailers"},"image":{"@id":"https:\/\/www.nooteboom.com\/de\/#\/schema\/logo\/image\/"},"sameAs":["https:\/\/nl-nl.facebook.com\/nooteboomtrailers\/","https:\/\/nl.linkedin.com\/company\/nooteboom-trailers","https:\/\/www.youtube.com\/user\/Nooteboomtrailers"]}]}},"_links":{"self":[{"href":"https:\/\/www.nooteboom.com\/de\/wp-json\/wp\/v2\/pages\/8531","targetHints":{"allow":["GET"]}}],"collection":[{"href":"https:\/\/www.nooteboom.com\/de\/wp-json\/wp\/v2\/pages"}],"about":[{"href":"https:\/\/www.nooteboom.com\/de\/wp-json\/wp\/v2\/types\/page"}],"author":[{"embeddable":true,"href":"https:\/\/www.nooteboom.com\/de\/wp-json\/wp\/v2\/users\/45"}],"replies":[{"embeddable":true,"href":"https:\/\/www.nooteboom.com\/de\/wp-json\/wp\/v2\/comments?post=8531"}],"version-history":[{"count":61,"href":"https:\/\/www.nooteboom.com\/de\/wp-json\/wp\/v2\/pages\/8531\/revisions"}],"predecessor-version":[{"id":2267465,"href":"https:\/\/www.nooteboom.com\/de\/wp-json\/wp\/v2\/pages\/8531\/revisions\/2267465"}],"wp:attachment":[{"href":"https:\/\/www.nooteboom.com\/de\/wp-json\/wp\/v2\/media?parent=8531"}],"curies":[{"name":"wp","href":"https:\/\/api.w.org\/{rel}","templated":true}]}}