{"id":8529,"date":"2016-07-28T13:04:59","date_gmt":"2016-07-28T11:04:59","guid":{"rendered":"https:\/\/www.nooteboom.com\/?page_id=8529&#038;lang=de"},"modified":"2020-08-05T08:19:49","modified_gmt":"2020-08-05T06:19:49","slug":"ueber-nooteboom-used-trailer-center","status":"publish","type":"page","link":"https:\/\/www.nooteboom.com\/de\/ueber-nooteboom-used-trailer-center\/","title":{"rendered":"\u00dcber Nooteboom Used Trailer Center"},"content":{"rendered":"<div class=\"wpb-content-wrapper\"><p>[vc_row][vc_column][vc_column_text]<\/p>\n<h2><span lang=\"DE\">Nooteboom Weltweiter An- und Verkauf von Gebrauchtfahrzeugen<\/span><\/h2>\n<p>[\/vc_column_text]<div class=\"vc_intro\">\n\n\t<p>Nooteboom Used Trailers, einer der f\u00fchrenden europ\u00e4ischen Anbieter von gebrauchten Transportl\u00f6sungen f\u00fcr stra\u00dfengebundene Spezialtransporte, bietet gebrauchte Anh\u00e4nger verschiedener Marken und Baujahre an. Wir haben einen umfassenden Inspektionsbericht f\u00fcr alle Fahrzeuge, damit Sie genau wissen, was Sie kaufen. Und in Absprache und auf Wunsch k\u00f6nnen wir auch fachm\u00e4nnische Modifikationen am Auflieger vornehmen.<\/p>\n\n<\/div>[vc_empty_space][\/vc_column][\/vc_row][vc_row][vc_column width=&#8220;1\/2&#8243;][vc_column_text]Alles mit der Qualit\u00e4t, die Sie von uns erwarten d\u00fcrfen. In unserem Online-Showroom k\u00f6nnen Sie unser aktuelles Angebot an Transportl\u00f6sungen sehen, die in Wijchen vorr\u00e4tig sind. Alle Fahrzeuge verf\u00fcgen \u00fcber umfangreiche Fahrzeugspezifikationen, Fotos und\/oder Videos. Dank unseres gro\u00dfen und vielf\u00e4ltigen Lagers haben wir f\u00fcr jeden Kunden die richtige Transportl\u00f6sung zum besten Preis. Nat\u00fcrlich sind Sie herzlich eingeladen, sich in Wijchen unser Produktsortiment anzusehen.<\/p>\n<p>Lassen Sie sich von unserem Team \u00fcber einen zuverl\u00e4ssigen gebrauchten Tieflader, Semitieflader, Teletrailer, Anh\u00e4nger, Modultrailer oder Schwerlastzugmaschine beraten.[\/vc_column_text][\/vc_column][vc_column width=&#8220;1\/4&#8243;]<div class=\"vc_teaser\">\n\n\t\n\t\t<div onclick=\"window.location.href='https:\/\/www.nooteboom.com\/de\/stock\/gebrauchte-fahrzeuge\/';\" class=\"vc_teaser__inner clickable\">\n\n\t\t\t\t\t\t\t<figure>\n\t\t\t\t\t<img\n\t\t\t\t\t\t\tsrc=\"https:\/\/www.nooteboom.com\/wp-content\/uploads\/used-trailer-500x333.png\"\n\t\t\t\t\t\t\talt=\"\u00dcber Nooteboom Used Trailer Center\"\n\t\t\t\t\t\t\t\t\t\t\t\t\tsrcset=\"https:\/\/www.nooteboom.com\/wp-content\/uploads\/used-trailer-300x199.png 300w,https:\/\/www.nooteboom.com\/wp-content\/uploads\/used-trailer-768x511.png 768w,https:\/\/www.nooteboom.com\/wp-content\/uploads\/used-trailer-1024x681.png 1024w\"\n\t\t\t\t\t\t\tsizes=\"(max-width: 500px) 100vw, 500px\"\n\t\t\t\t\t\t\t\t\t\t\t>\n\t\t\t\t<\/figure>\n\t\t\t\n\t\t\t\t\t\t\t<a href=\"https:\/\/www.nooteboom.com\/de\/stock\/gebrauchte-fahrzeuge\/\" target=\"\"\n\t\t\t\t   title=\"Stock Used trailers\" class=\"button red\">\n\t\t\t\t\tGebraucht\t\t\t\t\t<span class=\"fa fa-chevron-right\"><\/span>\n\t\t\t\t<\/a>\n\t\t\t\n\t\t<\/div>\n\n\t\n<\/div>[\/vc_column][vc_column width=&#8220;1\/4&#8243;]<div class=\"vc_teaser\">\n\n\t\n\t\t<div onclick=\"window.location.href='https:\/\/www.nooteboom.com\/de\/wir-kaufen-ihren-trailer\/';\" class=\"vc_teaser__inner clickable\">\n\n\t\t\t\t\t\t\t<figure>\n\t\t\t\t\t<img\n\t\t\t\t\t\t\tsrc=\"https:\/\/www.nooteboom.com\/wp-content\/uploads\/13798-500x333.jpg\"\n\t\t\t\t\t\t\talt=\"\u00dcber Nooteboom Used Trailer Center\"\n\t\t\t\t\t\t\t\t\t\t\t\t\tsrcset=\"https:\/\/www.nooteboom.com\/wp-content\/uploads\/13798-300x199.jpg 300w,https:\/\/www.nooteboom.com\/wp-content\/uploads\/13798-768x511.jpg 768w,https:\/\/www.nooteboom.com\/wp-content\/uploads\/13798-1024x681.jpg 1024w\"\n\t\t\t\t\t\t\tsizes=\"(max-width: 500px) 100vw, 500px\"\n\t\t\t\t\t\t\t\t\t\t\t>\n\t\t\t\t<\/figure>\n\t\t\t\n\t\t\t\t\t\t\t<a href=\"https:\/\/www.nooteboom.com\/de\/wir-kaufen-ihren-trailer\/\" target=\"\"\n\t\t\t\t   title=\"We buy your trailer\" class=\"button red\">\n\t\t\t\t\tWir kaufen Ihren Auflieger\t\t\t\t\t<span class=\"fa fa-chevron-right\"><\/span>\n\t\t\t\t<\/a>\n\t\t\t\n\t\t<\/div>\n\n\t\n<\/div>[\/vc_column][\/vc_row][vc_row][vc_column][vc_separator color=&#8220;custom&#8220; accent_color=&#8220;#d6002a&#8220;][\/vc_column][\/vc_row][vc_row][vc_column width=&#8220;1\/2&#8243;][vc_column_text]<\/p>\n<h2>Vorteile Nooteboom Used trailer center<\/h2>\n<ul>\n<li>Weltweiter Versand von Aufliegern und Teilen<\/li>\n<li>Kenntnis des internationalen Schwertransportmarktes<\/li>\n<li>Vollst\u00e4ndiger Inspektionsbericht des Aufliegers<\/li>\n<li>Vorf\u00fchrung, um die Funktionalit\u00e4t und den Zustand des Aufliegers im Voraus zu erfahren<\/li>\n<li>Eigene Fachwerkstatt f\u00fcr Reparaturen und Refittings<\/li>\n<li>Direkt ab Lager lieferbar<\/li>\n<li>Praktische Ausbildung und Unterricht<\/li>\n<\/ul>\n<p>[\/vc_column_text][\/vc_column][vc_column width=&#8220;1\/2&#8243;][vc_single_image image=&#8220;1824379&#8243; img_size=&#8220;large&#8220; alignment=&#8220;right&#8220; onclick=&#8220;link_image&#8220; css_animation=&#8220;fadeInRight&#8220;][\/vc_column][\/vc_row][vc_row][vc_column][vc_separator color=&#8220;custom&#8220; accent_color=&#8220;#d6002a&#8220;][\/vc_column][\/vc_row][vc_row][vc_column width=&#8220;1\/2&#8243;][vc_single_image image=&#8220;1824385&#8243; img_size=&#8220;large&#8220; onclick=&#8220;link_image&#8220; css_animation=&#8220;fadeInLeft&#8220;][\/vc_column][vc_column width=&#8220;1\/2&#8243;][vc_column_text]<\/p>\n<h2><span lang=\"DE\">Inzahlungnahme<\/span><\/h2>\n<p>Wenn Sie einen neuen Auflieger von Nooteboom kaufen, k\u00f6nnen Sie Ihr gebrauchtes Fahrzeug umtauschen. Alle Marken k\u00f6nnen in Zahlung genommen werden &#8211; solange es sich um ein Fahrzeug f\u00fcr Schwertransporte handelt. Auflieger von Nooteboom oder anderen bekannten Marken stehen auf unserer Website www.nooteboom.com zum Verkauf und k\u00f6nnen in Wijchen besichtigt werden. Um den Lagerbestand zu erhalten, verfolgen wir eine aktive Einkaufspolitik. Es ist nat\u00fcrlich sehr wichtig, dass Sie wissen, was Sie kaufen. Wir haben ein Auge f\u00fcr den technischen Zustand und kennen den Markt, um den richtigen An- und Verkaufspreis zu bestimmen. Das ist die Expertise des Nooteboom Used Trailer Center.<\/p>\n<p>M\u00f6chten Sie einen Auflieger verkaufen? <a href=\"https:\/\/www.nooteboom.com\/de\/wir-kaufen-ihren-trailer\/\">Dann kontaktieren Sie uns hier<\/a>[\/vc_column_text][\/vc_column][\/vc_row][vc_row][vc_column][vc_separator color=&#8220;custom&#8220;][\/vc_column][\/vc_row][vc_row][vc_column width=&#8220;1\/2&#8243;][vc_column_text]<\/p>\n<h2><span lang=\"DE\">Versand &amp; Dokumente<\/span><\/h2>\n<p>Die Notwendigkeit von Transportgenehmigungen und Zollerkl\u00e4rungen macht es ziemlich kompliziert, einen Auflieger auf der Stra\u00dfe zu transportieren. Wir bieten Ihnen die Dienste erfahrener Mitarbeiter, die genau wissen, welche Art von Dokumenten Sie f\u00fcr die offizielle Registrierung des Aufliegers ben\u00f6tigen. Auch wird der Transport von Aufliegern per Schiff immer beliebter. F\u00fcr den weltweiten Versand werden Trailer nach Vereinbarung in jeden niederl\u00e4ndischen, belgischen oder deutschen Hafen und viele andere geliefert.[\/vc_column_text][\/vc_column][vc_column width=&#8220;1\/2&#8243;][vc_single_image image=&#8220;1824403&#8243; img_size=&#8220;large&#8220; alignment=&#8220;right&#8220; onclick=&#8220;link_image&#8220; css_animation=&#8220;fadeInRight&#8220;][\/vc_column][\/vc_row][vc_row][vc_column][vc_separator color=&#8220;custom&#8220;][\/vc_column][\/vc_row][vc_row][vc_column width=&#8220;1\/2&#8243;][vc_single_image image=&#8220;1824409&#8243; img_size=&#8220;large&#8220; onclick=&#8220;link_image&#8220; css_animation=&#8220;fadeInLeft&#8220;][\/vc_column][vc_column width=&#8220;1\/2&#8243;][vc_column_text]<\/p>\n<h2><span lang=\"DE\">Service, Reparatur &amp; Ersatzteile<\/span><\/h2>\n<p>Unser professionelles Team gibt Ihnen gerne wertvolle Ratschl\u00e4ge \u00fcber vorbeugende Wartung, Wartungsintervalle, Zubeh\u00f6r und wie Sie die richtigen Ma\u00dfnahmen zum richtigen Zeitpunkt ergreifen k\u00f6nnen. Diese Beratung, kombiniert mit der richtigen Wartung und den richtigen Qualit\u00e4tsteilen, hat einen gro\u00dfen Einfluss und beugt unerwarteten, teuren und zeitaufw\u00e4ndigen Ausf\u00e4llen und ungeplanten Ausfallzeiten vor. Das Logistikzentrum in Wijchen hat \u00fcber 4000 Artikel auf Lager. Alle Teile werden weltweit vertrieben.[\/vc_column_text][\/vc_column][\/vc_row][vc_row][vc_column][vc_separator color=&#8220;custom&#8220;][\/vc_column][\/vc_row][vc_row][vc_column width=&#8220;1\/2&#8243;][vc_column_text]<\/p>\n<h2><span lang=\"DE\">Ausbildung &amp; Anleitung<\/span><\/h2>\n<p>Weil es viele verschiedene Marken und Funktionen gibt, kann es recht kompliziert sein, einen hydraulischen oder teleskopierbaren Auflieger zu bedienen. Deshalb sind unsere erfahrenen Ausbilder bereit, Ihre Fahrer zu schulen. Dar\u00fcber hinaus k\u00f6nnen wir Handb\u00fccher und Ersatzteilb\u00fccher f\u00fcr die Trailer in verschiedenen Sprachen liefern.[\/vc_column_text][\/vc_column][vc_column width=&#8220;1\/2&#8243;][vc_single_image image=&#8220;1824395&#8243; img_size=&#8220;large&#8220; alignment=&#8220;right&#8220; onclick=&#8220;link_image&#8220; css_animation=&#8220;fadeInRight&#8220;][\/vc_column][\/vc_row][vc_row][vc_column][vc_separator color=&#8220;custom&#8220;][\/vc_column][\/vc_row][vc_row][vc_column width=&#8220;1\/2&#8243;][vc_single_image image=&#8220;1824433&#8243; img_size=&#8220;large&#8220; onclick=&#8220;link_image&#8220; css_animation=&#8220;fadeInLeft&#8220;][\/vc_column][vc_column width=&#8220;1\/2&#8243;][vc_column_text]<\/p>\n<h2><span lang=\"DE\">Vorf\u00fchrungen<\/span><\/h2>\n<p>Alle gebrauchten Anh\u00e4nger von Nooteboom sind auf Lager und k\u00f6nnen besichtigt werden. Zu jedem Trailer auf unserer Website kann Nooteboom Ihnen eine vollst\u00e4ndige Vorf\u00fchrung geben, damit Sie sich von der Funktionalit\u00e4t und dem Zustand des Trailers \u00fcberzeugen k\u00f6nnen. Zusammen mit dem Inspektionsbericht wissen Sie genau, was Sie erwartet, so dass Sie danach keine \u00dcberraschungen erleben. Dies macht Nooteboom als Lieferant von Gebrauchtfahrzeugen zu einem soliden und zuverl\u00e4ssigen Partner.[\/vc_column_text][\/vc_column][\/vc_row][vc_row][vc_column][vc_separator color=&#8220;custom&#8220;][\/vc_column][\/vc_row][vc_row][vc_column width=&#8220;1\/4&#8243;]<div class=\"vc_teaser\">\n\n\t\n\t\t<div onclick=\"window.location.href='https:\/\/www.nooteboom.com\/de\/stock\/gebrauchte-fahrzeuge\/';\" class=\"vc_teaser__inner clickable\">\n\n\t\t\t\t\t\t\t<figure>\n\t\t\t\t\t<img\n\t\t\t\t\t\t\tsrc=\"https:\/\/www.nooteboom.com\/wp-content\/uploads\/used-trailer-500x333.png\"\n\t\t\t\t\t\t\talt=\"\u00dcber Nooteboom Used Trailer Center\"\n\t\t\t\t\t\t\t\t\t\t\t\t\tsrcset=\"https:\/\/www.nooteboom.com\/wp-content\/uploads\/used-trailer-300x199.png 300w,https:\/\/www.nooteboom.com\/wp-content\/uploads\/used-trailer-768x511.png 768w,https:\/\/www.nooteboom.com\/wp-content\/uploads\/used-trailer-1024x681.png 1024w\"\n\t\t\t\t\t\t\tsizes=\"(max-width: 500px) 100vw, 500px\"\n\t\t\t\t\t\t\t\t\t\t\t>\n\t\t\t\t<\/figure>\n\t\t\t\n\t\t\t\t\t\t\t<a href=\"https:\/\/www.nooteboom.com\/de\/stock\/gebrauchte-fahrzeuge\/\" target=\"\"\n\t\t\t\t   title=\"Stock Used trailers\" class=\"button red\">\n\t\t\t\t\tGebraucht\t\t\t\t\t<span class=\"fa fa-chevron-right\"><\/span>\n\t\t\t\t<\/a>\n\t\t\t\n\t\t<\/div>\n\n\t\n<\/div>[\/vc_column][vc_column width=&#8220;1\/4&#8243;]<div class=\"vc_teaser\">\n\n\t\n\t\t<div onclick=\"window.location.href='https:\/\/www.nooteboom.com\/de\/wir-kaufen-ihren-trailer\/';\" class=\"vc_teaser__inner clickable\">\n\n\t\t\t\t\t\t\t<figure>\n\t\t\t\t\t<img\n\t\t\t\t\t\t\tsrc=\"https:\/\/www.nooteboom.com\/wp-content\/uploads\/13798-500x333.jpg\"\n\t\t\t\t\t\t\talt=\"\u00dcber Nooteboom Used Trailer Center\"\n\t\t\t\t\t\t\t\t\t\t\t\t\tsrcset=\"https:\/\/www.nooteboom.com\/wp-content\/uploads\/13798-300x199.jpg 300w,https:\/\/www.nooteboom.com\/wp-content\/uploads\/13798-768x511.jpg 768w,https:\/\/www.nooteboom.com\/wp-content\/uploads\/13798-1024x681.jpg 1024w\"\n\t\t\t\t\t\t\tsizes=\"(max-width: 500px) 100vw, 500px\"\n\t\t\t\t\t\t\t\t\t\t\t>\n\t\t\t\t<\/figure>\n\t\t\t\n\t\t\t\t\t\t\t<a href=\"https:\/\/www.nooteboom.com\/de\/wir-kaufen-ihren-trailer\/\" target=\"\"\n\t\t\t\t   title=\"We buy your trailer\" class=\"button red\">\n\t\t\t\t\tWir kaufen Ihren Auflieger \t\t\t\t\t<span class=\"fa fa-chevron-right\"><\/span>\n\t\t\t\t<\/a>\n\t\t\t\n\t\t<\/div>\n\n\t\n<\/div>[\/vc_column][vc_column width=&#8220;1\/2&#8243;]<div class=\"vc_contact\">\n\n\t\t\t<h3>Bitte kontaktieren Sie uns<\/h3>\n\t\n\t<p>Kontaktieren Sie unser Team f\u00fcr all Ihre Fragen zu Gebrauchtfahrzeugen und den damit verbundenen Dienstleistungen<\/p>\n<p><span style=\"color: #ededed;\">|<br \/>\n<span style=\"font-size: 22pt;\">|<\/span><br \/>\n<\/span><\/p>\n\n\t\t\t<a target=\"\" href=\"https:\/\/www.nooteboom.com\/de\/kontakt\/kontakten\/?team_department=Trailer+Sales&team_country=Germany&hilite=covers#13397\" class=\"button\">\n\t\t\tNooteboom Used Trailer Center Team\t\t\t<span class=\"fa fa-chevron-right\"><\/span>\n\t\t<\/a>\n\t\n<\/div>[\/vc_column][\/vc_row]<\/p>\n<\/div>","protected":false},"excerpt":{"rendered":"[vc_row][vc_column][vc_column_text] Nooteboom Weltweiter An- und Verkauf von Gebrauchtfahrzeugen [\/vc_column_text][vc_empty_space][\/vc_column][\/vc_row][vc_row][vc_column width=&#8220;1\/2&#8243;][vc_column_text]Alles mit der Qualit\u00e4t, die Sie von uns erwarten d\u00fcrfen. In&#8230;","protected":false},"author":45,"featured_media":1824429,"parent":0,"menu_order":0,"comment_status":"closed","ping_status":"closed","template":"","meta":{"_acf_changed":false,"inline_featured_image":false,"footnotes":""},"class_list":["post-8529","page","type-page","status-publish","has-post-thumbnail","hentry"],"acf":[],"yoast_head":"<!-- This site is optimized with the Yoast SEO Premium plugin v25.7.1 (Yoast SEO v25.7) - https:\/\/yoast.com\/wordpress\/plugins\/seo\/ -->\n<title>\u00dcber Nooteboom Used Trailer Center | Nooteboom Trailers<\/title>\n<meta name=\"description\" content=\"Das Nooteboom Global Trailer Centre in Wijchen ist einer der gr\u00f6\u00dften H\u00e4ndler mit Komplettservice in Europa.\" \/>\n<meta name=\"robots\" content=\"index, follow, max-snippet:-1, max-image-preview:large, max-video-preview:-1\" \/>\n<link rel=\"canonical\" href=\"https:\/\/www.nooteboom.com\/de\/ueber-nooteboom-used-trailer-center\/\" \/>\n<meta property=\"og:locale\" content=\"de_DE\" \/>\n<meta property=\"og:type\" content=\"article\" \/>\n<meta property=\"og:title\" content=\"\u00dcber Nooteboom Used Trailer Center\" \/>\n<meta property=\"og:description\" content=\"Das Nooteboom Global Trailer Centre in Wijchen ist einer der gr\u00f6\u00dften H\u00e4ndler mit Komplettservice in Europa.\" \/>\n<meta property=\"og:url\" content=\"https:\/\/www.nooteboom.com\/de\/ueber-nooteboom-used-trailer-center\/\" \/>\n<meta property=\"og:site_name\" content=\"Nooteboom Trailers\" \/>\n<meta property=\"article:publisher\" content=\"https:\/\/nl-nl.facebook.com\/nooteboomtrailers\/\" \/>\n<meta property=\"article:modified_time\" content=\"2020-08-05T06:19:49+00:00\" \/>\n<meta property=\"og:image\" content=\"https:\/\/www.nooteboom.com\/wp-content\/uploads\/Nooteboom-Used-Trailer-Center-featured.jpg\" \/>\n\t<meta property=\"og:image:width\" content=\"2048\" \/>\n\t<meta property=\"og:image:height\" content=\"1134\" \/>\n\t<meta property=\"og:image:type\" content=\"image\/jpeg\" \/>\n<meta name=\"twitter:card\" content=\"summary_large_image\" \/>\n<meta name=\"twitter:label1\" content=\"Gesch\u00e4tzte Lesezeit\" \/>\n\t<meta name=\"twitter:data1\" content=\"6\u00a0Minuten\" \/>\n<script type=\"application\/ld+json\" class=\"yoast-schema-graph\">{\"@context\":\"https:\/\/schema.org\",\"@graph\":[{\"@type\":\"WebPage\",\"@id\":\"https:\/\/www.nooteboom.com\/de\/ueber-nooteboom-used-trailer-center\/\",\"url\":\"https:\/\/www.nooteboom.com\/de\/ueber-nooteboom-used-trailer-center\/\",\"name\":\"\u00dcber Nooteboom Used Trailer Center | Nooteboom Trailers\",\"isPartOf\":{\"@id\":\"https:\/\/www.nooteboom.com\/de\/#website\"},\"primaryImageOfPage\":{\"@id\":\"https:\/\/www.nooteboom.com\/de\/ueber-nooteboom-used-trailer-center\/#primaryimage\"},\"image\":{\"@id\":\"https:\/\/www.nooteboom.com\/de\/ueber-nooteboom-used-trailer-center\/#primaryimage\"},\"thumbnailUrl\":\"https:\/\/www.nooteboom.com\/wp-content\/uploads\/Nooteboom-Used-Trailer-Center-featured.jpg\",\"datePublished\":\"2016-07-28T11:04:59+00:00\",\"dateModified\":\"2020-08-05T06:19:49+00:00\",\"description\":\"Das Nooteboom Global Trailer Centre in Wijchen ist einer der gr\u00f6\u00dften H\u00e4ndler mit Komplettservice in Europa.\",\"breadcrumb\":{\"@id\":\"https:\/\/www.nooteboom.com\/de\/ueber-nooteboom-used-trailer-center\/#breadcrumb\"},\"inLanguage\":\"de\",\"potentialAction\":[{\"@type\":\"ReadAction\",\"target\":[\"https:\/\/www.nooteboom.com\/de\/ueber-nooteboom-used-trailer-center\/\"]}]},{\"@type\":\"ImageObject\",\"inLanguage\":\"de\",\"@id\":\"https:\/\/www.nooteboom.com\/de\/ueber-nooteboom-used-trailer-center\/#primaryimage\",\"url\":\"https:\/\/www.nooteboom.com\/wp-content\/uploads\/Nooteboom-Used-Trailer-Center-featured.jpg\",\"contentUrl\":\"https:\/\/www.nooteboom.com\/wp-content\/uploads\/Nooteboom-Used-Trailer-Center-featured.jpg\",\"width\":2048,\"height\":1134,\"caption\":\"Nooteboom Used Trailer Center featured\"},{\"@type\":\"BreadcrumbList\",\"@id\":\"https:\/\/www.nooteboom.com\/de\/ueber-nooteboom-used-trailer-center\/#breadcrumb\",\"itemListElement\":[{\"@type\":\"ListItem\",\"position\":1,\"name\":\"Home\",\"item\":\"https:\/\/www.nooteboom.com\/de\/\"},{\"@type\":\"ListItem\",\"position\":2,\"name\":\"\u00dcber Nooteboom Used Trailer Center\"}]},{\"@type\":\"WebSite\",\"@id\":\"https:\/\/www.nooteboom.com\/de\/#website\",\"url\":\"https:\/\/www.nooteboom.com\/de\/\",\"name\":\"Nooteboom Trailers\",\"description\":\"Gets you there.\",\"publisher\":{\"@id\":\"https:\/\/www.nooteboom.com\/de\/#organization\"},\"potentialAction\":[{\"@type\":\"SearchAction\",\"target\":{\"@type\":\"EntryPoint\",\"urlTemplate\":\"https:\/\/www.nooteboom.com\/de\/?s={search_term_string}\"},\"query-input\":{\"@type\":\"PropertyValueSpecification\",\"valueRequired\":true,\"valueName\":\"search_term_string\"}}],\"inLanguage\":\"de\"},{\"@type\":\"Organization\",\"@id\":\"https:\/\/www.nooteboom.com\/de\/#organization\",\"name\":\"Nooteboom Trailers\",\"url\":\"https:\/\/www.nooteboom.com\/de\/\",\"logo\":{\"@type\":\"ImageObject\",\"inLanguage\":\"de\",\"@id\":\"https:\/\/www.nooteboom.com\/de\/#\/schema\/logo\/image\/\",\"url\":\"https:\/\/www.nooteboom.com\/wp-content\/uploads\/logo.png\",\"contentUrl\":\"https:\/\/www.nooteboom.com\/wp-content\/uploads\/logo.png\",\"width\":111,\"height\":66,\"caption\":\"Nooteboom Trailers\"},\"image\":{\"@id\":\"https:\/\/www.nooteboom.com\/de\/#\/schema\/logo\/image\/\"},\"sameAs\":[\"https:\/\/nl-nl.facebook.com\/nooteboomtrailers\/\",\"https:\/\/nl.linkedin.com\/company\/nooteboom-trailers\",\"https:\/\/www.youtube.com\/user\/Nooteboomtrailers\"]}]}<\/script>\n<!-- \/ Yoast SEO Premium plugin. -->","yoast_head_json":{"title":"\u00dcber Nooteboom Used Trailer Center | Nooteboom Trailers","description":"Das Nooteboom Global Trailer Centre in Wijchen ist einer der gr\u00f6\u00dften H\u00e4ndler mit Komplettservice in Europa.","robots":{"index":"index","follow":"follow","max-snippet":"max-snippet:-1","max-image-preview":"max-image-preview:large","max-video-preview":"max-video-preview:-1"},"canonical":"https:\/\/www.nooteboom.com\/de\/ueber-nooteboom-used-trailer-center\/","og_locale":"de_DE","og_type":"article","og_title":"\u00dcber Nooteboom Used Trailer Center","og_description":"Das Nooteboom Global Trailer Centre in Wijchen ist einer der gr\u00f6\u00dften H\u00e4ndler mit Komplettservice in Europa.","og_url":"https:\/\/www.nooteboom.com\/de\/ueber-nooteboom-used-trailer-center\/","og_site_name":"Nooteboom Trailers","article_publisher":"https:\/\/nl-nl.facebook.com\/nooteboomtrailers\/","article_modified_time":"2020-08-05T06:19:49+00:00","og_image":[{"width":2048,"height":1134,"url":"https:\/\/www.nooteboom.com\/wp-content\/uploads\/Nooteboom-Used-Trailer-Center-featured.jpg","type":"image\/jpeg"}],"twitter_card":"summary_large_image","twitter_misc":{"Gesch\u00e4tzte Lesezeit":"6\u00a0Minuten"},"schema":{"@context":"https:\/\/schema.org","@graph":[{"@type":"WebPage","@id":"https:\/\/www.nooteboom.com\/de\/ueber-nooteboom-used-trailer-center\/","url":"https:\/\/www.nooteboom.com\/de\/ueber-nooteboom-used-trailer-center\/","name":"\u00dcber Nooteboom Used Trailer Center | Nooteboom Trailers","isPartOf":{"@id":"https:\/\/www.nooteboom.com\/de\/#website"},"primaryImageOfPage":{"@id":"https:\/\/www.nooteboom.com\/de\/ueber-nooteboom-used-trailer-center\/#primaryimage"},"image":{"@id":"https:\/\/www.nooteboom.com\/de\/ueber-nooteboom-used-trailer-center\/#primaryimage"},"thumbnailUrl":"https:\/\/www.nooteboom.com\/wp-content\/uploads\/Nooteboom-Used-Trailer-Center-featured.jpg","datePublished":"2016-07-28T11:04:59+00:00","dateModified":"2020-08-05T06:19:49+00:00","description":"Das Nooteboom Global Trailer Centre in Wijchen ist einer der gr\u00f6\u00dften H\u00e4ndler mit Komplettservice in Europa.","breadcrumb":{"@id":"https:\/\/www.nooteboom.com\/de\/ueber-nooteboom-used-trailer-center\/#breadcrumb"},"inLanguage":"de","potentialAction":[{"@type":"ReadAction","target":["https:\/\/www.nooteboom.com\/de\/ueber-nooteboom-used-trailer-center\/"]}]},{"@type":"ImageObject","inLanguage":"de","@id":"https:\/\/www.nooteboom.com\/de\/ueber-nooteboom-used-trailer-center\/#primaryimage","url":"https:\/\/www.nooteboom.com\/wp-content\/uploads\/Nooteboom-Used-Trailer-Center-featured.jpg","contentUrl":"https:\/\/www.nooteboom.com\/wp-content\/uploads\/Nooteboom-Used-Trailer-Center-featured.jpg","width":2048,"height":1134,"caption":"Nooteboom Used Trailer Center featured"},{"@type":"BreadcrumbList","@id":"https:\/\/www.nooteboom.com\/de\/ueber-nooteboom-used-trailer-center\/#breadcrumb","itemListElement":[{"@type":"ListItem","position":1,"name":"Home","item":"https:\/\/www.nooteboom.com\/de\/"},{"@type":"ListItem","position":2,"name":"\u00dcber Nooteboom Used Trailer Center"}]},{"@type":"WebSite","@id":"https:\/\/www.nooteboom.com\/de\/#website","url":"https:\/\/www.nooteboom.com\/de\/","name":"Nooteboom Trailers","description":"Gets you there.","publisher":{"@id":"https:\/\/www.nooteboom.com\/de\/#organization"},"potentialAction":[{"@type":"SearchAction","target":{"@type":"EntryPoint","urlTemplate":"https:\/\/www.nooteboom.com\/de\/?s={search_term_string}"},"query-input":{"@type":"PropertyValueSpecification","valueRequired":true,"valueName":"search_term_string"}}],"inLanguage":"de"},{"@type":"Organization","@id":"https:\/\/www.nooteboom.com\/de\/#organization","name":"Nooteboom Trailers","url":"https:\/\/www.nooteboom.com\/de\/","logo":{"@type":"ImageObject","inLanguage":"de","@id":"https:\/\/www.nooteboom.com\/de\/#\/schema\/logo\/image\/","url":"https:\/\/www.nooteboom.com\/wp-content\/uploads\/logo.png","contentUrl":"https:\/\/www.nooteboom.com\/wp-content\/uploads\/logo.png","width":111,"height":66,"caption":"Nooteboom Trailers"},"image":{"@id":"https:\/\/www.nooteboom.com\/de\/#\/schema\/logo\/image\/"},"sameAs":["https:\/\/nl-nl.facebook.com\/nooteboomtrailers\/","https:\/\/nl.linkedin.com\/company\/nooteboom-trailers","https:\/\/www.youtube.com\/user\/Nooteboomtrailers"]}]}},"_links":{"self":[{"href":"https:\/\/www.nooteboom.com\/de\/wp-json\/wp\/v2\/pages\/8529","targetHints":{"allow":["GET"]}}],"collection":[{"href":"https:\/\/www.nooteboom.com\/de\/wp-json\/wp\/v2\/pages"}],"about":[{"href":"https:\/\/www.nooteboom.com\/de\/wp-json\/wp\/v2\/types\/page"}],"author":[{"embeddable":true,"href":"https:\/\/www.nooteboom.com\/de\/wp-json\/wp\/v2\/users\/45"}],"replies":[{"embeddable":true,"href":"https:\/\/www.nooteboom.com\/de\/wp-json\/wp\/v2\/comments?post=8529"}],"version-history":[{"count":10,"href":"https:\/\/www.nooteboom.com\/de\/wp-json\/wp\/v2\/pages\/8529\/revisions"}],"predecessor-version":[{"id":1841757,"href":"https:\/\/www.nooteboom.com\/de\/wp-json\/wp\/v2\/pages\/8529\/revisions\/1841757"}],"wp:featuredmedia":[{"embeddable":true,"href":"https:\/\/www.nooteboom.com\/de\/wp-json\/wp\/v2\/media\/1824429"}],"wp:attachment":[{"href":"https:\/\/www.nooteboom.com\/de\/wp-json\/wp\/v2\/media?parent=8529"}],"curies":[{"name":"wp","href":"https:\/\/api.w.org\/{rel}","templated":true}]}}