{"id":2008243,"date":"2023-05-02T12:14:31","date_gmt":"2023-05-02T10:14:31","guid":{"rendered":"https:\/\/www.nooteboom.com\/nooteboom-mwt-mega-windmill-transporter-anleitungsvideos\/"},"modified":"2024-02-05T14:30:55","modified_gmt":"2024-02-05T13:30:55","slug":"nooteboom-mwt-mega-windmill-transporter-anleitungsvideos","status":"publish","type":"page","link":"https:\/\/www.nooteboom.com\/de\/nooteboom-mwt-mega-windmill-transporter-anleitungsvideos\/","title":{"rendered":"Nooteboom MWT Mega Windmill Transporter Anleitungsvideos"},"content":{"rendered":"<div class=\"wpb-content-wrapper\"><p>[vc_row][vc_column width=&#8220;1\/2&#8243;][vc_column_text]Dieses Anleitungsvideo dient lediglich als Erg\u00e4nzung zur Bedienungsanleitung. Die mit Ihrem Fahrzeug gelieferte Bedienungsanleitung ist ma\u00dfgebend f\u00fcr den Betrieb des Fahrzeugs.<\/p>\n<p>Der Betrieb eines MWT Mega Windmill Transporters h\u00e4ngt von der gew\u00e4hlten Art und Version ab. Das komplette Anleitungsvideo ist in separate Anleitungsvideos unterteilt, die Ihnen Schritt f\u00fcr Schritt zeigen, wie Sie einen MWT Mega Windmill Transporter bedienen.<\/p>\n<p>Um den MWT Mega Windmill Transporter zu betreiben, m\u00fcssen alle Schl\u00e4uche und Kabel f\u00fcr Luft, Strom und gegebenenfalls Hydraulik bei PTO zwischen Traktor und Sattelanh\u00e4nger angeschlossen werden.[\/vc_column_text][\/vc_column][vc_column width=&#8220;1\/2&#8243;][vc_video link=&#8220;https:\/\/youtu.be\/n4Y1BxCS4RY&#8220; align=&#8220;center&#8220; css_animation=&#8220;fadeIn&#8220;][vc_column_text]Wie man den MWT-XL an den Turmabschnitt koppelt[\/vc_column_text][vc_empty_space height=&#8220;20px&#8220;][vc_video link=&#8220;https:\/\/youtu.be\/QFKzLoDEljA&#8220; align=&#8220;center&#8220; css_animation=&#8220;fadeIn&#8220;][vc_column_text]Wie man die Lenkung des MWT-XL einstellt[\/vc_column_text][\/vc_column][\/vc_row][vc_row][vc_column][vc_empty_space height=&#8220;20px&#8220;][\/vc_column][\/vc_row]<\/p>\n<\/div>","protected":false},"excerpt":{"rendered":"Dieses Anleitungsvideo dient lediglich als Erg\u00e4nzung zur Bedienungsanleitung. Die mit Ihrem Fahrzeug gelieferte Bedienungsanleitung ist ma\u00dfgebend f\u00fcr den Betrieb des Fahrzeugs. Der Betrieb eines MWT Mega Windmill Transporters h\u00e4ngt von der gew\u00e4hlten Art und Version ab. Das komplette Anleitungsvideo ist in separate Anleitungsvideos unterteilt, die Ihnen Schritt f\u00fcr Schritt zeigen, wie Sie einen MWT Mega Windmill Transporter bedienen. Um den MWT Mega Windmill Transporter zu betreiben, m\u00fcssen alle Schl\u00e4uche und Kabel f\u00fcr Luft, Strom und gegebenenfalls Hydraulik bei PTO zwischen Traktor und Sattelanh\u00e4nger angeschlossen werden.","protected":false},"author":45,"featured_media":0,"parent":0,"menu_order":0,"comment_status":"closed","ping_status":"closed","template":"","meta":{"_acf_changed":false,"inline_featured_image":false,"footnotes":""},"class_list":["post-2008243","page","type-page","status-publish","hentry"],"acf":[],"yoast_head":"<!-- This site is optimized with the Yoast SEO Premium plugin v25.7.1 (Yoast SEO v25.7) - https:\/\/yoast.com\/wordpress\/plugins\/seo\/ -->\n<title>Nooteboom MWT Mega Windmill Transporter Anleitungsvideos | Nooteboom Trailers<\/title>\n<meta name=\"description\" content=\"Das komplette Anleitungsvideo ist in separate Videos unterteilt, die Ihnen Schritt f\u00fcr Schritt zeigen, wie Sie einen MWT Mega Windmill Transporter bedienen.\" \/>\n<meta name=\"robots\" content=\"index, follow, max-snippet:-1, max-image-preview:large, max-video-preview:-1\" \/>\n<link rel=\"canonical\" href=\"https:\/\/www.nooteboom.com\/de\/nooteboom-mwt-mega-windmill-transporter-anleitungsvideos\/\" \/>\n<meta property=\"og:locale\" content=\"de_DE\" \/>\n<meta property=\"og:type\" content=\"article\" \/>\n<meta property=\"og:title\" content=\"Nooteboom MWT Mega Windmill Transporter Anleitungsvideos\" \/>\n<meta property=\"og:description\" content=\"Das komplette Anleitungsvideo ist in separate Videos unterteilt, die Ihnen Schritt f\u00fcr Schritt zeigen, wie Sie einen MWT Mega Windmill Transporter bedienen.\" \/>\n<meta property=\"og:url\" content=\"https:\/\/www.nooteboom.com\/de\/nooteboom-mwt-mega-windmill-transporter-anleitungsvideos\/\" \/>\n<meta property=\"og:site_name\" content=\"Nooteboom Trailers\" \/>\n<meta property=\"article:publisher\" content=\"https:\/\/nl-nl.facebook.com\/nooteboomtrailers\/\" \/>\n<meta property=\"article:modified_time\" content=\"2024-02-05T13:30:55+00:00\" \/>\n<meta property=\"og:image\" content=\"https:\/\/www.nooteboom.com\/wp-content\/uploads\/splashnooteboom-square-1.jpg\" \/>\n\t<meta property=\"og:image:width\" content=\"757\" \/>\n\t<meta property=\"og:image:height\" content=\"757\" \/>\n\t<meta property=\"og:image:type\" content=\"image\/jpeg\" \/>\n<meta name=\"twitter:card\" content=\"summary_large_image\" \/>\n<meta name=\"twitter:label1\" content=\"Gesch\u00e4tzte Lesezeit\" \/>\n\t<meta name=\"twitter:data1\" content=\"1\u00a0Minute\" \/>\n<script type=\"application\/ld+json\" class=\"yoast-schema-graph\">{\"@context\":\"https:\/\/schema.org\",\"@graph\":[{\"@type\":\"WebPage\",\"@id\":\"https:\/\/www.nooteboom.com\/de\/nooteboom-mwt-mega-windmill-transporter-anleitungsvideos\/\",\"url\":\"https:\/\/www.nooteboom.com\/de\/nooteboom-mwt-mega-windmill-transporter-anleitungsvideos\/\",\"name\":\"Nooteboom MWT Mega Windmill Transporter Anleitungsvideos | Nooteboom Trailers\",\"isPartOf\":{\"@id\":\"https:\/\/www.nooteboom.com\/de\/#website\"},\"datePublished\":\"2023-05-02T10:14:31+00:00\",\"dateModified\":\"2024-02-05T13:30:55+00:00\",\"description\":\"Das komplette Anleitungsvideo ist in separate Videos unterteilt, die Ihnen Schritt f\u00fcr Schritt zeigen, wie Sie einen MWT Mega Windmill Transporter bedienen.\",\"breadcrumb\":{\"@id\":\"https:\/\/www.nooteboom.com\/de\/nooteboom-mwt-mega-windmill-transporter-anleitungsvideos\/#breadcrumb\"},\"inLanguage\":\"de\",\"potentialAction\":[{\"@type\":\"ReadAction\",\"target\":[\"https:\/\/www.nooteboom.com\/de\/nooteboom-mwt-mega-windmill-transporter-anleitungsvideos\/\"]}]},{\"@type\":\"BreadcrumbList\",\"@id\":\"https:\/\/www.nooteboom.com\/de\/nooteboom-mwt-mega-windmill-transporter-anleitungsvideos\/#breadcrumb\",\"itemListElement\":[{\"@type\":\"ListItem\",\"position\":1,\"name\":\"Home\",\"item\":\"https:\/\/www.nooteboom.com\/de\/\"},{\"@type\":\"ListItem\",\"position\":2,\"name\":\"Nooteboom MWT Mega Windmill Transporter Anleitungsvideos\"}]},{\"@type\":\"WebSite\",\"@id\":\"https:\/\/www.nooteboom.com\/de\/#website\",\"url\":\"https:\/\/www.nooteboom.com\/de\/\",\"name\":\"Nooteboom Trailers\",\"description\":\"Gets you there.\",\"publisher\":{\"@id\":\"https:\/\/www.nooteboom.com\/de\/#organization\"},\"potentialAction\":[{\"@type\":\"SearchAction\",\"target\":{\"@type\":\"EntryPoint\",\"urlTemplate\":\"https:\/\/www.nooteboom.com\/de\/?s={search_term_string}\"},\"query-input\":{\"@type\":\"PropertyValueSpecification\",\"valueRequired\":true,\"valueName\":\"search_term_string\"}}],\"inLanguage\":\"de\"},{\"@type\":\"Organization\",\"@id\":\"https:\/\/www.nooteboom.com\/de\/#organization\",\"name\":\"Nooteboom Trailers\",\"url\":\"https:\/\/www.nooteboom.com\/de\/\",\"logo\":{\"@type\":\"ImageObject\",\"inLanguage\":\"de\",\"@id\":\"https:\/\/www.nooteboom.com\/de\/#\/schema\/logo\/image\/\",\"url\":\"https:\/\/www.nooteboom.com\/wp-content\/uploads\/logo.png\",\"contentUrl\":\"https:\/\/www.nooteboom.com\/wp-content\/uploads\/logo.png\",\"width\":111,\"height\":66,\"caption\":\"Nooteboom Trailers\"},\"image\":{\"@id\":\"https:\/\/www.nooteboom.com\/de\/#\/schema\/logo\/image\/\"},\"sameAs\":[\"https:\/\/nl-nl.facebook.com\/nooteboomtrailers\/\",\"https:\/\/nl.linkedin.com\/company\/nooteboom-trailers\",\"https:\/\/www.youtube.com\/user\/Nooteboomtrailers\"]}]}<\/script>\n<!-- \/ Yoast SEO Premium plugin. -->","yoast_head_json":{"title":"Nooteboom MWT Mega Windmill Transporter Anleitungsvideos | Nooteboom Trailers","description":"Das komplette Anleitungsvideo ist in separate Videos unterteilt, die Ihnen Schritt f\u00fcr Schritt zeigen, wie Sie einen MWT Mega Windmill Transporter bedienen.","robots":{"index":"index","follow":"follow","max-snippet":"max-snippet:-1","max-image-preview":"max-image-preview:large","max-video-preview":"max-video-preview:-1"},"canonical":"https:\/\/www.nooteboom.com\/de\/nooteboom-mwt-mega-windmill-transporter-anleitungsvideos\/","og_locale":"de_DE","og_type":"article","og_title":"Nooteboom MWT Mega Windmill Transporter Anleitungsvideos","og_description":"Das komplette Anleitungsvideo ist in separate Videos unterteilt, die Ihnen Schritt f\u00fcr Schritt zeigen, wie Sie einen MWT Mega Windmill Transporter bedienen.","og_url":"https:\/\/www.nooteboom.com\/de\/nooteboom-mwt-mega-windmill-transporter-anleitungsvideos\/","og_site_name":"Nooteboom Trailers","article_publisher":"https:\/\/nl-nl.facebook.com\/nooteboomtrailers\/","article_modified_time":"2024-02-05T13:30:55+00:00","og_image":[{"width":757,"height":757,"url":"https:\/\/www.nooteboom.com\/wp-content\/uploads\/splashnooteboom-square-1.jpg","type":"image\/jpeg"}],"twitter_card":"summary_large_image","twitter_misc":{"Gesch\u00e4tzte Lesezeit":"1\u00a0Minute"},"schema":{"@context":"https:\/\/schema.org","@graph":[{"@type":"WebPage","@id":"https:\/\/www.nooteboom.com\/de\/nooteboom-mwt-mega-windmill-transporter-anleitungsvideos\/","url":"https:\/\/www.nooteboom.com\/de\/nooteboom-mwt-mega-windmill-transporter-anleitungsvideos\/","name":"Nooteboom MWT Mega Windmill Transporter Anleitungsvideos | Nooteboom Trailers","isPartOf":{"@id":"https:\/\/www.nooteboom.com\/de\/#website"},"datePublished":"2023-05-02T10:14:31+00:00","dateModified":"2024-02-05T13:30:55+00:00","description":"Das komplette Anleitungsvideo ist in separate Videos unterteilt, die Ihnen Schritt f\u00fcr Schritt zeigen, wie Sie einen MWT Mega Windmill Transporter bedienen.","breadcrumb":{"@id":"https:\/\/www.nooteboom.com\/de\/nooteboom-mwt-mega-windmill-transporter-anleitungsvideos\/#breadcrumb"},"inLanguage":"de","potentialAction":[{"@type":"ReadAction","target":["https:\/\/www.nooteboom.com\/de\/nooteboom-mwt-mega-windmill-transporter-anleitungsvideos\/"]}]},{"@type":"BreadcrumbList","@id":"https:\/\/www.nooteboom.com\/de\/nooteboom-mwt-mega-windmill-transporter-anleitungsvideos\/#breadcrumb","itemListElement":[{"@type":"ListItem","position":1,"name":"Home","item":"https:\/\/www.nooteboom.com\/de\/"},{"@type":"ListItem","position":2,"name":"Nooteboom MWT Mega Windmill Transporter Anleitungsvideos"}]},{"@type":"WebSite","@id":"https:\/\/www.nooteboom.com\/de\/#website","url":"https:\/\/www.nooteboom.com\/de\/","name":"Nooteboom Trailers","description":"Gets you there.","publisher":{"@id":"https:\/\/www.nooteboom.com\/de\/#organization"},"potentialAction":[{"@type":"SearchAction","target":{"@type":"EntryPoint","urlTemplate":"https:\/\/www.nooteboom.com\/de\/?s={search_term_string}"},"query-input":{"@type":"PropertyValueSpecification","valueRequired":true,"valueName":"search_term_string"}}],"inLanguage":"de"},{"@type":"Organization","@id":"https:\/\/www.nooteboom.com\/de\/#organization","name":"Nooteboom Trailers","url":"https:\/\/www.nooteboom.com\/de\/","logo":{"@type":"ImageObject","inLanguage":"de","@id":"https:\/\/www.nooteboom.com\/de\/#\/schema\/logo\/image\/","url":"https:\/\/www.nooteboom.com\/wp-content\/uploads\/logo.png","contentUrl":"https:\/\/www.nooteboom.com\/wp-content\/uploads\/logo.png","width":111,"height":66,"caption":"Nooteboom Trailers"},"image":{"@id":"https:\/\/www.nooteboom.com\/de\/#\/schema\/logo\/image\/"},"sameAs":["https:\/\/nl-nl.facebook.com\/nooteboomtrailers\/","https:\/\/nl.linkedin.com\/company\/nooteboom-trailers","https:\/\/www.youtube.com\/user\/Nooteboomtrailers"]}]}},"_links":{"self":[{"href":"https:\/\/www.nooteboom.com\/de\/wp-json\/wp\/v2\/pages\/2008243","targetHints":{"allow":["GET"]}}],"collection":[{"href":"https:\/\/www.nooteboom.com\/de\/wp-json\/wp\/v2\/pages"}],"about":[{"href":"https:\/\/www.nooteboom.com\/de\/wp-json\/wp\/v2\/types\/page"}],"author":[{"embeddable":true,"href":"https:\/\/www.nooteboom.com\/de\/wp-json\/wp\/v2\/users\/45"}],"replies":[{"embeddable":true,"href":"https:\/\/www.nooteboom.com\/de\/wp-json\/wp\/v2\/comments?post=2008243"}],"version-history":[{"count":4,"href":"https:\/\/www.nooteboom.com\/de\/wp-json\/wp\/v2\/pages\/2008243\/revisions"}],"predecessor-version":[{"id":2008263,"href":"https:\/\/www.nooteboom.com\/de\/wp-json\/wp\/v2\/pages\/2008243\/revisions\/2008263"}],"wp:attachment":[{"href":"https:\/\/www.nooteboom.com\/de\/wp-json\/wp\/v2\/media?parent=2008243"}],"curies":[{"name":"wp","href":"https:\/\/api.w.org\/{rel}","templated":true}]}}