{"id":1839853,"date":"2020-07-29T15:03:40","date_gmt":"2020-07-29T13:03:40","guid":{"rendered":"https:\/\/www.nooteboom.com\/neu-und-gebrauchtfahrzeugen-ab-lager\/"},"modified":"2020-07-29T15:06:24","modified_gmt":"2020-07-29T13:06:24","slug":"neu-und-gebrauchtfahrzeugen-ab-lager","status":"publish","type":"page","link":"https:\/\/www.nooteboom.com\/de\/neu-und-gebrauchtfahrzeugen-ab-lager\/","title":{"rendered":"Neu- und Gebrauchtfahrzeugen ab Lager"},"content":{"rendered":"<div class=\"wpb-content-wrapper\"><p>[vc_row][vc_column width=&#8220;2\/4&#8243;][vc_column_text]<\/p>\n<h2>Lassen Sie sich von uns bei der Suche nach der richtigen Transportl\u00f6sung helfen!<\/h2>\n<p>[\/vc_column_text][vc_column_text]In unserem Online-Showroom bieten wir Ihnen unser aktuelles Angebot an Neu- und Gebrauchtfahrzeugen an, die wir direkt ab Lager liefern k\u00f6nnen. Damit bieten wir Ihnen die M\u00f6glichkeit, schnell auf Ihre Transportbed\u00fcrfnisse zu reagieren. Alle Fahrzeuge in unserem digitalen Showroom sind mit umfangreichen Fahrzeugspezifikationen, Fotos und \/ oder Videos aufgelistet. Nat\u00fcrlich k\u00f6nnen Sie gerne unser Lagerangebot in Wijchen besichtigen. Sie finden nicht, was Sie suchen? Verwenden Sie das Formular auf dieser Seite, um mit uns in Kontakt zu treten.[\/vc_column_text][\/vc_column][vc_column width=&#8220;1\/4&#8243;]<div class=\"vc_teaser\">\n\n\t\n\t\t<div onclick=\"window.location.href='https:\/\/www.nooteboom.com\/de\/stock\/neufahrzeuge\/';\" class=\"vc_teaser__inner clickable\">\n\n\t\t\t\t\t\t\t<figure>\n\t\t\t\t\t<img\n\t\t\t\t\t\t\tsrc=\"https:\/\/www.nooteboom.com\/wp-content\/uploads\/new-trailer-500x333.png\"\n\t\t\t\t\t\t\talt=\"Neu- und Gebrauchtfahrzeugen ab Lager\"\n\t\t\t\t\t\t\t\t\t\t\t\t\tsrcset=\"https:\/\/www.nooteboom.com\/wp-content\/uploads\/new-trailer-300x199.png 300w,https:\/\/www.nooteboom.com\/wp-content\/uploads\/new-trailer-768x511.png 768w,https:\/\/www.nooteboom.com\/wp-content\/uploads\/new-trailer-1024x681.png 1024w\"\n\t\t\t\t\t\t\tsizes=\"(max-width: 500px) 100vw, 500px\"\n\t\t\t\t\t\t\t\t\t\t\t>\n\t\t\t\t<\/figure>\n\t\t\t\n\t\t\t\t\t\t\t<a href=\"https:\/\/www.nooteboom.com\/de\/stock\/neufahrzeuge\/\" target=\"\"\n\t\t\t\t   title=\"New trailers\" class=\"button red\">\n\t\t\t\t\tNeu\t\t\t\t\t<span class=\"fa fa-chevron-right\"><\/span>\n\t\t\t\t<\/a>\n\t\t\t\n\t\t<\/div>\n\n\t\n<\/div>[\/vc_column][vc_column width=&#8220;1\/4&#8243;]<div class=\"vc_teaser\">\n\n\t\n\t\t<div onclick=\"window.location.href='https:\/\/www.nooteboom.com\/de\/stock\/gebrauchte-fahrzeuge\/';\" class=\"vc_teaser__inner clickable\">\n\n\t\t\t\t\t\t\t<figure>\n\t\t\t\t\t<img\n\t\t\t\t\t\t\tsrc=\"https:\/\/www.nooteboom.com\/wp-content\/uploads\/used-trailer-500x333.png\"\n\t\t\t\t\t\t\talt=\"Neu- und Gebrauchtfahrzeugen ab Lager\"\n\t\t\t\t\t\t\t\t\t\t\t\t\tsrcset=\"https:\/\/www.nooteboom.com\/wp-content\/uploads\/used-trailer-300x199.png 300w,https:\/\/www.nooteboom.com\/wp-content\/uploads\/used-trailer-768x511.png 768w,https:\/\/www.nooteboom.com\/wp-content\/uploads\/used-trailer-1024x681.png 1024w\"\n\t\t\t\t\t\t\tsizes=\"(max-width: 500px) 100vw, 500px\"\n\t\t\t\t\t\t\t\t\t\t\t>\n\t\t\t\t<\/figure>\n\t\t\t\n\t\t\t\t\t\t\t<a href=\"https:\/\/www.nooteboom.com\/de\/stock\/gebrauchte-fahrzeuge\/\" target=\"\"\n\t\t\t\t   title=\"Used trailers\" class=\"button red\">\n\t\t\t\t\tGebraucht\t\t\t\t\t<span class=\"fa fa-chevron-right\"><\/span>\n\t\t\t\t<\/a>\n\t\t\t\n\t\t<\/div>\n\n\t\n<\/div>[\/vc_column][\/vc_row][vc_row][vc_column][\/vc_column][\/vc_row][vc_row][vc_column][vc_share title=&#8220;Diese Seite weitergeben&#8220;][\/vc_column][\/vc_row]<\/p>\n<\/div>","protected":false},"excerpt":{"rendered":"In unserem Online-Showroom bieten wir Ihnen unser aktuelles Angebot an Neu- und Gebrauchtfahrzeugen an, die wir direkt ab Lager liefern k\u00f6nnen. Damit bieten wir Ihnen die M\u00f6glichkeit, schnell auf Ihre Transportbed\u00fcrfnisse zu reagieren. ","protected":false},"author":45,"featured_media":6951,"parent":0,"menu_order":0,"comment_status":"closed","ping_status":"closed","template":"","meta":{"_acf_changed":false,"inline_featured_image":false,"footnotes":""},"class_list":["post-1839853","page","type-page","status-publish","has-post-thumbnail","hentry"],"acf":[],"yoast_head":"<!-- This site is optimized with the Yoast SEO Premium plugin v25.7.1 (Yoast SEO v25.7) - https:\/\/yoast.com\/wordpress\/plugins\/seo\/ -->\n<title>Neu- und Gebrauchtfahrzeugen ab Lager | Nooteboom Trailers<\/title>\n<meta name=\"description\" content=\"In unserem Online-Showroom bieten wir Ihnen unser aktuelles Angebot an Neu- und Gebrauchtfahrzeugen an, die wir direkt ab Lager liefern k\u00f6nnen.\" \/>\n<meta name=\"robots\" content=\"index, follow, max-snippet:-1, max-image-preview:large, max-video-preview:-1\" \/>\n<link rel=\"canonical\" href=\"https:\/\/www.nooteboom.com\/de\/neu-und-gebrauchtfahrzeugen-ab-lager\/\" \/>\n<meta property=\"og:locale\" content=\"de_DE\" \/>\n<meta property=\"og:type\" content=\"article\" \/>\n<meta property=\"og:title\" content=\"Neu- und Gebrauchtfahrzeugen ab Lager\" \/>\n<meta property=\"og:description\" content=\"In unserem Online-Showroom bieten wir Ihnen unser aktuelles Angebot an Neu- und Gebrauchtfahrzeugen an, die wir direkt ab Lager liefern k\u00f6nnen.\" \/>\n<meta property=\"og:url\" content=\"https:\/\/www.nooteboom.com\/de\/neu-und-gebrauchtfahrzeugen-ab-lager\/\" \/>\n<meta property=\"og:site_name\" content=\"Nooteboom Trailers\" \/>\n<meta property=\"article:publisher\" content=\"https:\/\/nl-nl.facebook.com\/nooteboomtrailers\/\" \/>\n<meta property=\"article:modified_time\" content=\"2020-07-29T13:06:24+00:00\" \/>\n<meta property=\"og:image\" content=\"https:\/\/www.nooteboom.com\/wp-content\/uploads\/DJI_0016.jpg\" \/>\n\t<meta property=\"og:image:width\" content=\"2500\" \/>\n\t<meta property=\"og:image:height\" content=\"780\" \/>\n\t<meta property=\"og:image:type\" content=\"image\/jpeg\" \/>\n<meta name=\"twitter:card\" content=\"summary_large_image\" \/>\n<meta name=\"twitter:label1\" content=\"Gesch\u00e4tzte Lesezeit\" \/>\n\t<meta name=\"twitter:data1\" content=\"1\u00a0Minute\" \/>\n<script type=\"application\/ld+json\" class=\"yoast-schema-graph\">{\"@context\":\"https:\/\/schema.org\",\"@graph\":[{\"@type\":\"WebPage\",\"@id\":\"https:\/\/www.nooteboom.com\/de\/neu-und-gebrauchtfahrzeugen-ab-lager\/\",\"url\":\"https:\/\/www.nooteboom.com\/de\/neu-und-gebrauchtfahrzeugen-ab-lager\/\",\"name\":\"Neu- und Gebrauchtfahrzeugen ab Lager | Nooteboom Trailers\",\"isPartOf\":{\"@id\":\"https:\/\/www.nooteboom.com\/de\/#website\"},\"primaryImageOfPage\":{\"@id\":\"https:\/\/www.nooteboom.com\/de\/neu-und-gebrauchtfahrzeugen-ab-lager\/#primaryimage\"},\"image\":{\"@id\":\"https:\/\/www.nooteboom.com\/de\/neu-und-gebrauchtfahrzeugen-ab-lager\/#primaryimage\"},\"thumbnailUrl\":\"https:\/\/www.nooteboom.com\/wp-content\/uploads\/DJI_0016.jpg\",\"datePublished\":\"2020-07-29T13:03:40+00:00\",\"dateModified\":\"2020-07-29T13:06:24+00:00\",\"description\":\"In unserem Online-Showroom bieten wir Ihnen unser aktuelles Angebot an Neu- und Gebrauchtfahrzeugen an, die wir direkt ab Lager liefern k\u00f6nnen.\",\"breadcrumb\":{\"@id\":\"https:\/\/www.nooteboom.com\/de\/neu-und-gebrauchtfahrzeugen-ab-lager\/#breadcrumb\"},\"inLanguage\":\"de\",\"potentialAction\":[{\"@type\":\"ReadAction\",\"target\":[\"https:\/\/www.nooteboom.com\/de\/neu-und-gebrauchtfahrzeugen-ab-lager\/\"]}]},{\"@type\":\"ImageObject\",\"inLanguage\":\"de\",\"@id\":\"https:\/\/www.nooteboom.com\/de\/neu-und-gebrauchtfahrzeugen-ab-lager\/#primaryimage\",\"url\":\"https:\/\/www.nooteboom.com\/wp-content\/uploads\/DJI_0016.jpg\",\"contentUrl\":\"https:\/\/www.nooteboom.com\/wp-content\/uploads\/DJI_0016.jpg\",\"width\":2500,\"height\":780,\"caption\":\"Nooteboom Global Trailer Center\"},{\"@type\":\"BreadcrumbList\",\"@id\":\"https:\/\/www.nooteboom.com\/de\/neu-und-gebrauchtfahrzeugen-ab-lager\/#breadcrumb\",\"itemListElement\":[{\"@type\":\"ListItem\",\"position\":1,\"name\":\"Home\",\"item\":\"https:\/\/www.nooteboom.com\/de\/\"},{\"@type\":\"ListItem\",\"position\":2,\"name\":\"Neu- und Gebrauchtfahrzeugen ab Lager\"}]},{\"@type\":\"WebSite\",\"@id\":\"https:\/\/www.nooteboom.com\/de\/#website\",\"url\":\"https:\/\/www.nooteboom.com\/de\/\",\"name\":\"Nooteboom Trailers\",\"description\":\"Gets you there.\",\"publisher\":{\"@id\":\"https:\/\/www.nooteboom.com\/de\/#organization\"},\"potentialAction\":[{\"@type\":\"SearchAction\",\"target\":{\"@type\":\"EntryPoint\",\"urlTemplate\":\"https:\/\/www.nooteboom.com\/de\/?s={search_term_string}\"},\"query-input\":{\"@type\":\"PropertyValueSpecification\",\"valueRequired\":true,\"valueName\":\"search_term_string\"}}],\"inLanguage\":\"de\"},{\"@type\":\"Organization\",\"@id\":\"https:\/\/www.nooteboom.com\/de\/#organization\",\"name\":\"Nooteboom Trailers\",\"url\":\"https:\/\/www.nooteboom.com\/de\/\",\"logo\":{\"@type\":\"ImageObject\",\"inLanguage\":\"de\",\"@id\":\"https:\/\/www.nooteboom.com\/de\/#\/schema\/logo\/image\/\",\"url\":\"https:\/\/www.nooteboom.com\/wp-content\/uploads\/logo.png\",\"contentUrl\":\"https:\/\/www.nooteboom.com\/wp-content\/uploads\/logo.png\",\"width\":111,\"height\":66,\"caption\":\"Nooteboom Trailers\"},\"image\":{\"@id\":\"https:\/\/www.nooteboom.com\/de\/#\/schema\/logo\/image\/\"},\"sameAs\":[\"https:\/\/nl-nl.facebook.com\/nooteboomtrailers\/\",\"https:\/\/nl.linkedin.com\/company\/nooteboom-trailers\",\"https:\/\/www.youtube.com\/user\/Nooteboomtrailers\"]}]}<\/script>\n<!-- \/ Yoast SEO Premium plugin. -->","yoast_head_json":{"title":"Neu- und Gebrauchtfahrzeugen ab Lager | Nooteboom Trailers","description":"In unserem Online-Showroom bieten wir Ihnen unser aktuelles Angebot an Neu- und Gebrauchtfahrzeugen an, die wir direkt ab Lager liefern k\u00f6nnen.","robots":{"index":"index","follow":"follow","max-snippet":"max-snippet:-1","max-image-preview":"max-image-preview:large","max-video-preview":"max-video-preview:-1"},"canonical":"https:\/\/www.nooteboom.com\/de\/neu-und-gebrauchtfahrzeugen-ab-lager\/","og_locale":"de_DE","og_type":"article","og_title":"Neu- und Gebrauchtfahrzeugen ab Lager","og_description":"In unserem Online-Showroom bieten wir Ihnen unser aktuelles Angebot an Neu- und Gebrauchtfahrzeugen an, die wir direkt ab Lager liefern k\u00f6nnen.","og_url":"https:\/\/www.nooteboom.com\/de\/neu-und-gebrauchtfahrzeugen-ab-lager\/","og_site_name":"Nooteboom Trailers","article_publisher":"https:\/\/nl-nl.facebook.com\/nooteboomtrailers\/","article_modified_time":"2020-07-29T13:06:24+00:00","og_image":[{"width":2500,"height":780,"url":"https:\/\/www.nooteboom.com\/wp-content\/uploads\/DJI_0016.jpg","type":"image\/jpeg"}],"twitter_card":"summary_large_image","twitter_misc":{"Gesch\u00e4tzte Lesezeit":"1\u00a0Minute"},"schema":{"@context":"https:\/\/schema.org","@graph":[{"@type":"WebPage","@id":"https:\/\/www.nooteboom.com\/de\/neu-und-gebrauchtfahrzeugen-ab-lager\/","url":"https:\/\/www.nooteboom.com\/de\/neu-und-gebrauchtfahrzeugen-ab-lager\/","name":"Neu- und Gebrauchtfahrzeugen ab Lager | Nooteboom Trailers","isPartOf":{"@id":"https:\/\/www.nooteboom.com\/de\/#website"},"primaryImageOfPage":{"@id":"https:\/\/www.nooteboom.com\/de\/neu-und-gebrauchtfahrzeugen-ab-lager\/#primaryimage"},"image":{"@id":"https:\/\/www.nooteboom.com\/de\/neu-und-gebrauchtfahrzeugen-ab-lager\/#primaryimage"},"thumbnailUrl":"https:\/\/www.nooteboom.com\/wp-content\/uploads\/DJI_0016.jpg","datePublished":"2020-07-29T13:03:40+00:00","dateModified":"2020-07-29T13:06:24+00:00","description":"In unserem Online-Showroom bieten wir Ihnen unser aktuelles Angebot an Neu- und Gebrauchtfahrzeugen an, die wir direkt ab Lager liefern k\u00f6nnen.","breadcrumb":{"@id":"https:\/\/www.nooteboom.com\/de\/neu-und-gebrauchtfahrzeugen-ab-lager\/#breadcrumb"},"inLanguage":"de","potentialAction":[{"@type":"ReadAction","target":["https:\/\/www.nooteboom.com\/de\/neu-und-gebrauchtfahrzeugen-ab-lager\/"]}]},{"@type":"ImageObject","inLanguage":"de","@id":"https:\/\/www.nooteboom.com\/de\/neu-und-gebrauchtfahrzeugen-ab-lager\/#primaryimage","url":"https:\/\/www.nooteboom.com\/wp-content\/uploads\/DJI_0016.jpg","contentUrl":"https:\/\/www.nooteboom.com\/wp-content\/uploads\/DJI_0016.jpg","width":2500,"height":780,"caption":"Nooteboom Global Trailer Center"},{"@type":"BreadcrumbList","@id":"https:\/\/www.nooteboom.com\/de\/neu-und-gebrauchtfahrzeugen-ab-lager\/#breadcrumb","itemListElement":[{"@type":"ListItem","position":1,"name":"Home","item":"https:\/\/www.nooteboom.com\/de\/"},{"@type":"ListItem","position":2,"name":"Neu- und Gebrauchtfahrzeugen ab Lager"}]},{"@type":"WebSite","@id":"https:\/\/www.nooteboom.com\/de\/#website","url":"https:\/\/www.nooteboom.com\/de\/","name":"Nooteboom Trailers","description":"Gets you there.","publisher":{"@id":"https:\/\/www.nooteboom.com\/de\/#organization"},"potentialAction":[{"@type":"SearchAction","target":{"@type":"EntryPoint","urlTemplate":"https:\/\/www.nooteboom.com\/de\/?s={search_term_string}"},"query-input":{"@type":"PropertyValueSpecification","valueRequired":true,"valueName":"search_term_string"}}],"inLanguage":"de"},{"@type":"Organization","@id":"https:\/\/www.nooteboom.com\/de\/#organization","name":"Nooteboom Trailers","url":"https:\/\/www.nooteboom.com\/de\/","logo":{"@type":"ImageObject","inLanguage":"de","@id":"https:\/\/www.nooteboom.com\/de\/#\/schema\/logo\/image\/","url":"https:\/\/www.nooteboom.com\/wp-content\/uploads\/logo.png","contentUrl":"https:\/\/www.nooteboom.com\/wp-content\/uploads\/logo.png","width":111,"height":66,"caption":"Nooteboom Trailers"},"image":{"@id":"https:\/\/www.nooteboom.com\/de\/#\/schema\/logo\/image\/"},"sameAs":["https:\/\/nl-nl.facebook.com\/nooteboomtrailers\/","https:\/\/nl.linkedin.com\/company\/nooteboom-trailers","https:\/\/www.youtube.com\/user\/Nooteboomtrailers"]}]}},"_links":{"self":[{"href":"https:\/\/www.nooteboom.com\/de\/wp-json\/wp\/v2\/pages\/1839853","targetHints":{"allow":["GET"]}}],"collection":[{"href":"https:\/\/www.nooteboom.com\/de\/wp-json\/wp\/v2\/pages"}],"about":[{"href":"https:\/\/www.nooteboom.com\/de\/wp-json\/wp\/v2\/types\/page"}],"author":[{"embeddable":true,"href":"https:\/\/www.nooteboom.com\/de\/wp-json\/wp\/v2\/users\/45"}],"replies":[{"embeddable":true,"href":"https:\/\/www.nooteboom.com\/de\/wp-json\/wp\/v2\/comments?post=1839853"}],"version-history":[{"count":2,"href":"https:\/\/www.nooteboom.com\/de\/wp-json\/wp\/v2\/pages\/1839853\/revisions"}],"predecessor-version":[{"id":1839855,"href":"https:\/\/www.nooteboom.com\/de\/wp-json\/wp\/v2\/pages\/1839853\/revisions\/1839855"}],"wp:featuredmedia":[{"embeddable":true,"href":"https:\/\/www.nooteboom.com\/de\/wp-json\/wp\/v2\/media\/6951"}],"wp:attachment":[{"href":"https:\/\/www.nooteboom.com\/de\/wp-json\/wp\/v2\/media?parent=1839853"}],"curies":[{"name":"wp","href":"https:\/\/api.w.org\/{rel}","templated":true}]}}