{"id":1743910,"date":"2019-05-27T14:05:10","date_gmt":"2019-05-27T12:05:10","guid":{"rendered":"https:\/\/www.nooteboom.com\/support\/novab-3-0-achslast-berechnung\/novab-neue-funktionen-und-updates\/"},"modified":"2020-01-21T14:56:51","modified_gmt":"2020-01-21T13:56:51","slug":"novab-neue-funktionen-und-updates","status":"publish","type":"page","link":"https:\/\/www.nooteboom.com\/de\/support\/novab-3-0-achslast-berechnung\/novab-neue-funktionen-und-updates\/","title":{"rendered":"NOVAB &#8211; Neue Funktionen und Updates"},"content":{"rendered":"<div class=\"wpb-content-wrapper\"><p>[vc_row][vc_column][vc_column_text]Wir aktualisieren und verbessern NOVAB 3.0 st\u00e4ndig.<\/p>\n<p>Auf dieser Seite finden Sie eine \u00dcbersicht \u00fcber s\u00e4mtliche, der im Laufe der Zeit ver\u00f6ffentlichten Optimierungen und Neuerungen.[\/vc_column_text][vc_separator color=&#8220;custom&#8220; accent_color=&#8220;#d6002a&#8220;][\/vc_column][\/vc_row][vc_row][vc_column][vc_column_text]<\/p>\n<h2>January 2020 &#8211; Neue Funktionen und Updates<\/h2>\n<p>[\/vc_column_text][vc_tta_accordion][vc_tta_section title=&#8220;M\u00f6glichkeit, einen kompensierenden Schwanenhals in die Berechnung einzubeziehen.&#8220; tab_id=&#8220;1559543497030-04ba01ec-3d151579609966197&#8243;][\/vc_tta_section][vc_tta_section title=&#8220;Anzeigen der Achslast von jeder LKW oder Auflieger Achse.&#8220; tab_id=&#8220;1559543497059-bcc695b2-4a581579609966197&#8243;][\/vc_tta_section][vc_tta_section title=&#8220;Fahrzeugsuchmaske und einfache \u00dcbersicht der LKW und Auflieger.&#8220; tab_id=&#8220;1559543641846-85837c96-35ce1579609966197&#8243;][vc_row_inner][vc_column_inner width=&#8220;1\/2&#8243;][vc_single_image image=&#8220;1748281&#8243; img_size=&#8220;large&#8220; onclick=&#8220;link_image&#8220;][\/vc_column_inner][vc_column_inner width=&#8220;1\/2&#8243;][vc_single_image image=&#8220;1748287&#8243; img_size=&#8220;large&#8220; onclick=&#8220;link_image&#8220;][\/vc_column_inner][\/vc_row_inner][\/vc_tta_section][vc_tta_section title=&#8220;Suchmaske f\u00fcr Ladung: M\u00f6glichkeit der Suche nach Namen oder Ladungsgewicht.&#8220; tab_id=&#8220;1559543700552-1503ddc0-f8df1579609966197&#8243;][vc_single_image image=&#8220;1748293&#8243; img_size=&#8220;large&#8220; onclick=&#8220;link_image&#8220;][\/vc_tta_section][vc_tta_section title=&#8220;Erstellen Sie Ihre Berechnung vom Nooteboom Mega Windmill Transporter: von MWT 2+4 bis MWT 4+7&#8243; tab_id=&#8220;1559543703471-62b2d7c0-c3fd1579609966197&#8243;][vc_single_image image=&#8220;1748300&#8243; img_size=&#8220;large&#8220; onclick=&#8220;link_image&#8220;][\/vc_tta_section][vc_tta_section title=&#8220;Anzeige vom Ladungs\u00fcberhang&#8220; tab_id=&#8220;1559543744189-b1829d57-7b071579609966197&#8243;][vc_single_image image=&#8220;1748306&#8243; img_size=&#8220;large&#8220; onclick=&#8220;link_image&#8220;][\/vc_tta_section][vc_tta_section title=&#8220;Anzeige des Abstandes von der letzten LKW Achse zur ersten Aufliegerachse&#8220; tab_id=&#8220;1578913302906-2e2f9bc5-5c431579609966197&#8243;][vc_single_image image=&#8220;1748313&#8243; img_size=&#8220;large&#8220; onclick=&#8220;link_image&#8220;][\/vc_tta_section][vc_tta_section title=&#8220;M\u00f6glichkeit, einen 10&#215;4 LKW auszuw\u00e4hlen&#8220; tab_id=&#8220;1578913357306-addb2716-bdaa1579609966197&#8243;][vc_single_image image=&#8220;1748319&#8243; img_size=&#8220;large&#8220; onclick=&#8220;link_image&#8220;][\/vc_tta_section][vc_tta_section title=&#8220;Verschiedene \u00c4nderungen, um Novab noch bedienerfreundlicher zu machen!&#8220; tab_id=&#8220;1578913404725-0f8db7c9-62161579609966197&#8243;][\/vc_tta_section][\/vc_tta_accordion][vc_separator color=&#8220;custom&#8220; accent_color=&#8220;#d6002a&#8220;][\/vc_column][\/vc_row][vc_row][vc_column][vc_column_text]<\/p>\n<h2>Mai 2019 \u2013 Neue Funktionen<\/h2>\n<p>[\/vc_column_text][vc_tta_accordion][vc_tta_section title=&#8220;Darstellung von Achsabst\u00e4nden und Last\u00fcberh\u00e4ngen in der Berechnungs\u00fcbersicht&#8220; tab_id=&#8220;1559545589949-86d7cc19-c4e4&#8243;][vc_row_inner][vc_column_inner width=&#8220;1\/2&#8243;][vc_column_text]In der Berechnungs\u00fcbersicht sind nun die Achsabst\u00e4nde und die Ma\u00dfe des hinteren Last\u00fcberhangs ersichtlich. Hierdurch erhalten Sie eine noch bessere Darstellung zur Gesamtl\u00e4nge der Fahrzeugkombination.[\/vc_column_text][\/vc_column_inner][vc_column_inner width=&#8220;1\/2&#8243;][vc_single_image image=&#8220;1743758&#8243; img_size=&#8220;large&#8220; alignment=&#8220;right&#8220; onclick=&#8220;link_image&#8220;][\/vc_column_inner][\/vc_row_inner][\/vc_tta_section][vc_tta_section title=&#8220;Sie k\u00f6nnen nun mehr als nur eine Last hinzuf\u00fcgen&#8220; tab_id=&#8220;1559545590038-61c38c9a-2b1c&#8220;][vc_row_inner][vc_column_inner width=&#8220;1\/2&#8243;][vc_column_text]Eine h\u00e4ufig gew\u00fcnschte Verbesserung beim Transport von Kranballast. In der neuesten Version ist es jetzt auch m\u00f6glich, mehr als nur eine Last hinzuzuf\u00fcgen.[\/vc_column_text][\/vc_column_inner][vc_column_inner width=&#8220;1\/2&#8243;][vc_single_image image=&#8220;1743764&#8243; img_size=&#8220;large&#8220; alignment=&#8220;right&#8220; onclick=&#8220;link_image&#8220;][\/vc_column_inner][\/vc_row_inner][\/vc_tta_section][vc_tta_section title=&#8220;Kopierfunktion f\u00fcr Lasten&#8220; tab_id=&#8220;1559545594677-c84d97de-e74a&#8220;][vc_row_inner][vc_column_inner width=&#8220;1\/2&#8243;][vc_column_text]Ab sofort ist es m\u00f6glich, die gleiche Last schnell und einfach durch Kopieren hinzuzuf\u00fcgen, wie dies h\u00e4ufig bei Ballastgewichten der Fall ist.[\/vc_column_text][\/vc_column_inner][vc_column_inner width=&#8220;1\/2&#8243;][vc_single_image image=&#8220;1743770&#8243; img_size=&#8220;large&#8220; alignment=&#8220;right&#8220; onclick=&#8220;link_image&#8220;][\/vc_column_inner][\/vc_row_inner][\/vc_tta_section][vc_tta_section title=&#8220;Visualisierung der angeklickten Last&#8220; tab_id=&#8220;1559545598660-1d5d8d03-7e2d&#8220;][vc_column_text]Dies dient zur optimalen Darstellung einer Berechnung mit mehreren Lasten. Das Hinzuf\u00fcgen der Reihenfolge der Lasten ist f\u00fcr die Darstellung nicht mehr von Bedeutung, wodurch Sie die gew\u00fcnschten Lasten schnell und unkompliziert ausw\u00e4hlen k\u00f6nnen.[\/vc_column_text][\/vc_tta_section][vc_tta_section title=&#8220;Lasten k\u00f6nnen mit Hilfe der Shift-Taste in vertikaler Richtung verschoben werden&#8220; tab_id=&#8220;1559545599917-affe5723-903d&#8220;][vc_column_text]Aufgrund der gro\u00dfen Nachfrage und um die Arbeit mit NOVAB 3.0 zus\u00e4tzlich zu vereinfachen, haben wir diese Funktion von NOVAB 2000 \u00fcbernommen.[\/vc_column_text][\/vc_tta_section][vc_tta_section title=&#8220;Andere Updates und Verbesserungen&#8220; tab_id=&#8220;1559545600936-bb426aa5-771d&#8220;][vc_column_text]<strong>Bilder werden in der eigenen \u00dcbersicht zur Beladung angezeigt.<\/strong><br \/>\nIn Ihrer eigenen \u00dcbersicht hinsichtlich der Lasten werden nun die jeweiligen Posten zus\u00e4tzlich mit Bildern dargestellt, damit Sie die gew\u00fcnschte Last noch schneller und einfacher finden k\u00f6nnen.<\/p>\n<p><strong>Nachrichtenmeldungen auf dem Startbildschirm<\/strong><br \/>\nDiese Meldungen waren f\u00fcr den Benutzer nicht immer deutlich genug zu erkennen, weshalb ihre Darstellung nun optimiert wurde<\/p>\n<p><strong>Bessere Sichtbarkeit der ausgew\u00e4hlten Achse in der LKW- und Anh\u00e4ngerverwaltung<\/strong><br \/>\nIm Bearbeitungsbildschirm f\u00fcr LKW und Anh\u00e4nger war nicht immer deutlich, welche Werte ausgew\u00e4hlt wurden. Deshalb haben wir jetzt eine entsprechende Verbesserung zur visuellen Unterst\u00fctzung eingef\u00fchrt.<\/p>\n<p><strong>Rundungsfaktor: Rundung auf 1, 10 oder 100, je nach Nutzer.<\/strong><br \/>\nF\u00fcr Genehmigungsantr\u00e4ge und die damit verbundenen Vorschriften bei der Rundung, die je nach Land unterschiedlich ausfallen k\u00f6nnen, ist es nun au\u00dferdem m\u00f6glich, den Rundungsfaktor nach Bedarf festzulegen.<\/p>\n<p><strong>Verringerung der prozentualen Schritte bei Drehbewegungen von 10 Grad auf 3 Grad pro Klick<\/strong><br \/>\nDies erm\u00f6glicht beispielsweise eine genauere Darstellung der jeweils vom Schwanenhals oder der Ladefl\u00e4che einer Hubarbeitsb\u00fchne zu tragenden Lasten.[\/vc_column_text][\/vc_tta_section][\/vc_tta_accordion][vc_separator color=&#8220;custom&#8220; accent_color=&#8220;#d6002a&#8220;][\/vc_column][\/vc_row]<\/p>\n<\/div>","protected":false},"excerpt":{"rendered":"[vc_row][vc_column][vc_column_text]Wir aktualisieren und verbessern NOVAB 3.0 st\u00e4ndig. Auf dieser Seite finden Sie eine \u00dcbersicht \u00fcber s\u00e4mtliche, der im Laufe der&#8230;","protected":false},"author":45,"featured_media":0,"parent":1738806,"menu_order":0,"comment_status":"closed","ping_status":"closed","template":"","meta":{"_acf_changed":false,"inline_featured_image":false,"footnotes":""},"class_list":["post-1743910","page","type-page","status-publish","hentry"],"acf":[],"yoast_head":"<!-- This site is optimized with the Yoast SEO Premium plugin v25.7.1 (Yoast SEO v25.7) - https:\/\/yoast.com\/wordpress\/plugins\/seo\/ -->\n<title>NOVAB - Neue Funktionen und Updates | Nooteboom Trailers<\/title>\n<meta name=\"robots\" content=\"index, follow, max-snippet:-1, max-image-preview:large, max-video-preview:-1\" \/>\n<link rel=\"canonical\" href=\"https:\/\/www.nooteboom.com\/de\/support\/novab-3-0-achslast-berechnung\/novab-neue-funktionen-und-updates\/\" \/>\n<meta property=\"og:locale\" content=\"de_DE\" \/>\n<meta property=\"og:type\" content=\"article\" \/>\n<meta property=\"og:title\" content=\"NOVAB - Neue Funktionen und Updates\" \/>\n<meta property=\"og:description\" content=\"[vc_row][vc_column][vc_column_text]Wir aktualisieren und verbessern NOVAB 3.0 st\u00e4ndig. Auf dieser Seite finden Sie eine \u00dcbersicht \u00fcber s\u00e4mtliche, der im Laufe der...\" \/>\n<meta property=\"og:url\" content=\"https:\/\/www.nooteboom.com\/de\/support\/novab-3-0-achslast-berechnung\/novab-neue-funktionen-und-updates\/\" \/>\n<meta property=\"og:site_name\" content=\"Nooteboom Trailers\" \/>\n<meta property=\"article:publisher\" content=\"https:\/\/nl-nl.facebook.com\/nooteboomtrailers\/\" \/>\n<meta property=\"article:modified_time\" content=\"2020-01-21T13:56:51+00:00\" \/>\n<meta property=\"og:image\" content=\"https:\/\/www.nooteboom.com\/wp-content\/uploads\/splashnooteboom-square-1.jpg\" \/>\n\t<meta property=\"og:image:width\" content=\"757\" \/>\n\t<meta property=\"og:image:height\" content=\"757\" \/>\n\t<meta property=\"og:image:type\" content=\"image\/jpeg\" \/>\n<meta name=\"twitter:card\" content=\"summary_large_image\" \/>\n<meta name=\"twitter:label1\" content=\"Gesch\u00e4tzte Lesezeit\" \/>\n\t<meta name=\"twitter:data1\" content=\"5\u00a0Minuten\" \/>\n<script type=\"application\/ld+json\" class=\"yoast-schema-graph\">{\"@context\":\"https:\/\/schema.org\",\"@graph\":[{\"@type\":\"WebPage\",\"@id\":\"https:\/\/www.nooteboom.com\/de\/support\/novab-3-0-achslast-berechnung\/novab-neue-funktionen-und-updates\/\",\"url\":\"https:\/\/www.nooteboom.com\/de\/support\/novab-3-0-achslast-berechnung\/novab-neue-funktionen-und-updates\/\",\"name\":\"NOVAB - Neue Funktionen und Updates | Nooteboom Trailers\",\"isPartOf\":{\"@id\":\"https:\/\/www.nooteboom.com\/de\/#website\"},\"datePublished\":\"2019-05-27T12:05:10+00:00\",\"dateModified\":\"2020-01-21T13:56:51+00:00\",\"breadcrumb\":{\"@id\":\"https:\/\/www.nooteboom.com\/de\/support\/novab-3-0-achslast-berechnung\/novab-neue-funktionen-und-updates\/#breadcrumb\"},\"inLanguage\":\"de\",\"potentialAction\":[{\"@type\":\"ReadAction\",\"target\":[\"https:\/\/www.nooteboom.com\/de\/support\/novab-3-0-achslast-berechnung\/novab-neue-funktionen-und-updates\/\"]}]},{\"@type\":\"BreadcrumbList\",\"@id\":\"https:\/\/www.nooteboom.com\/de\/support\/novab-3-0-achslast-berechnung\/novab-neue-funktionen-und-updates\/#breadcrumb\",\"itemListElement\":[{\"@type\":\"ListItem\",\"position\":1,\"name\":\"Home\",\"item\":\"https:\/\/www.nooteboom.com\/de\/\"},{\"@type\":\"ListItem\",\"position\":2,\"name\":\"Support\",\"item\":\"https:\/\/www.nooteboom.com\/de\/support\/\"},{\"@type\":\"ListItem\",\"position\":3,\"name\":\"NOVAB 3.0 Achslast-Berechnung\",\"item\":\"https:\/\/www.nooteboom.com\/de\/support\/novab-3-0-achslast-berechnung\/\"},{\"@type\":\"ListItem\",\"position\":4,\"name\":\"NOVAB &#8211; Neue Funktionen und Updates\"}]},{\"@type\":\"WebSite\",\"@id\":\"https:\/\/www.nooteboom.com\/de\/#website\",\"url\":\"https:\/\/www.nooteboom.com\/de\/\",\"name\":\"Nooteboom Trailers\",\"description\":\"Gets you there.\",\"publisher\":{\"@id\":\"https:\/\/www.nooteboom.com\/de\/#organization\"},\"potentialAction\":[{\"@type\":\"SearchAction\",\"target\":{\"@type\":\"EntryPoint\",\"urlTemplate\":\"https:\/\/www.nooteboom.com\/de\/?s={search_term_string}\"},\"query-input\":{\"@type\":\"PropertyValueSpecification\",\"valueRequired\":true,\"valueName\":\"search_term_string\"}}],\"inLanguage\":\"de\"},{\"@type\":\"Organization\",\"@id\":\"https:\/\/www.nooteboom.com\/de\/#organization\",\"name\":\"Nooteboom Trailers\",\"url\":\"https:\/\/www.nooteboom.com\/de\/\",\"logo\":{\"@type\":\"ImageObject\",\"inLanguage\":\"de\",\"@id\":\"https:\/\/www.nooteboom.com\/de\/#\/schema\/logo\/image\/\",\"url\":\"https:\/\/www.nooteboom.com\/wp-content\/uploads\/logo.png\",\"contentUrl\":\"https:\/\/www.nooteboom.com\/wp-content\/uploads\/logo.png\",\"width\":111,\"height\":66,\"caption\":\"Nooteboom Trailers\"},\"image\":{\"@id\":\"https:\/\/www.nooteboom.com\/de\/#\/schema\/logo\/image\/\"},\"sameAs\":[\"https:\/\/nl-nl.facebook.com\/nooteboomtrailers\/\",\"https:\/\/nl.linkedin.com\/company\/nooteboom-trailers\",\"https:\/\/www.youtube.com\/user\/Nooteboomtrailers\"]}]}<\/script>\n<!-- \/ Yoast SEO Premium plugin. -->","yoast_head_json":{"title":"NOVAB - Neue Funktionen und Updates | Nooteboom Trailers","robots":{"index":"index","follow":"follow","max-snippet":"max-snippet:-1","max-image-preview":"max-image-preview:large","max-video-preview":"max-video-preview:-1"},"canonical":"https:\/\/www.nooteboom.com\/de\/support\/novab-3-0-achslast-berechnung\/novab-neue-funktionen-und-updates\/","og_locale":"de_DE","og_type":"article","og_title":"NOVAB - Neue Funktionen und Updates","og_description":"[vc_row][vc_column][vc_column_text]Wir aktualisieren und verbessern NOVAB 3.0 st\u00e4ndig. Auf dieser Seite finden Sie eine \u00dcbersicht \u00fcber s\u00e4mtliche, der im Laufe der...","og_url":"https:\/\/www.nooteboom.com\/de\/support\/novab-3-0-achslast-berechnung\/novab-neue-funktionen-und-updates\/","og_site_name":"Nooteboom Trailers","article_publisher":"https:\/\/nl-nl.facebook.com\/nooteboomtrailers\/","article_modified_time":"2020-01-21T13:56:51+00:00","og_image":[{"width":757,"height":757,"url":"https:\/\/www.nooteboom.com\/wp-content\/uploads\/splashnooteboom-square-1.jpg","type":"image\/jpeg"}],"twitter_card":"summary_large_image","twitter_misc":{"Gesch\u00e4tzte Lesezeit":"5\u00a0Minuten"},"schema":{"@context":"https:\/\/schema.org","@graph":[{"@type":"WebPage","@id":"https:\/\/www.nooteboom.com\/de\/support\/novab-3-0-achslast-berechnung\/novab-neue-funktionen-und-updates\/","url":"https:\/\/www.nooteboom.com\/de\/support\/novab-3-0-achslast-berechnung\/novab-neue-funktionen-und-updates\/","name":"NOVAB - Neue Funktionen und Updates | Nooteboom Trailers","isPartOf":{"@id":"https:\/\/www.nooteboom.com\/de\/#website"},"datePublished":"2019-05-27T12:05:10+00:00","dateModified":"2020-01-21T13:56:51+00:00","breadcrumb":{"@id":"https:\/\/www.nooteboom.com\/de\/support\/novab-3-0-achslast-berechnung\/novab-neue-funktionen-und-updates\/#breadcrumb"},"inLanguage":"de","potentialAction":[{"@type":"ReadAction","target":["https:\/\/www.nooteboom.com\/de\/support\/novab-3-0-achslast-berechnung\/novab-neue-funktionen-und-updates\/"]}]},{"@type":"BreadcrumbList","@id":"https:\/\/www.nooteboom.com\/de\/support\/novab-3-0-achslast-berechnung\/novab-neue-funktionen-und-updates\/#breadcrumb","itemListElement":[{"@type":"ListItem","position":1,"name":"Home","item":"https:\/\/www.nooteboom.com\/de\/"},{"@type":"ListItem","position":2,"name":"Support","item":"https:\/\/www.nooteboom.com\/de\/support\/"},{"@type":"ListItem","position":3,"name":"NOVAB 3.0 Achslast-Berechnung","item":"https:\/\/www.nooteboom.com\/de\/support\/novab-3-0-achslast-berechnung\/"},{"@type":"ListItem","position":4,"name":"NOVAB &#8211; Neue Funktionen und Updates"}]},{"@type":"WebSite","@id":"https:\/\/www.nooteboom.com\/de\/#website","url":"https:\/\/www.nooteboom.com\/de\/","name":"Nooteboom Trailers","description":"Gets you there.","publisher":{"@id":"https:\/\/www.nooteboom.com\/de\/#organization"},"potentialAction":[{"@type":"SearchAction","target":{"@type":"EntryPoint","urlTemplate":"https:\/\/www.nooteboom.com\/de\/?s={search_term_string}"},"query-input":{"@type":"PropertyValueSpecification","valueRequired":true,"valueName":"search_term_string"}}],"inLanguage":"de"},{"@type":"Organization","@id":"https:\/\/www.nooteboom.com\/de\/#organization","name":"Nooteboom Trailers","url":"https:\/\/www.nooteboom.com\/de\/","logo":{"@type":"ImageObject","inLanguage":"de","@id":"https:\/\/www.nooteboom.com\/de\/#\/schema\/logo\/image\/","url":"https:\/\/www.nooteboom.com\/wp-content\/uploads\/logo.png","contentUrl":"https:\/\/www.nooteboom.com\/wp-content\/uploads\/logo.png","width":111,"height":66,"caption":"Nooteboom Trailers"},"image":{"@id":"https:\/\/www.nooteboom.com\/de\/#\/schema\/logo\/image\/"},"sameAs":["https:\/\/nl-nl.facebook.com\/nooteboomtrailers\/","https:\/\/nl.linkedin.com\/company\/nooteboom-trailers","https:\/\/www.youtube.com\/user\/Nooteboomtrailers"]}]}},"_links":{"self":[{"href":"https:\/\/www.nooteboom.com\/de\/wp-json\/wp\/v2\/pages\/1743910","targetHints":{"allow":["GET"]}}],"collection":[{"href":"https:\/\/www.nooteboom.com\/de\/wp-json\/wp\/v2\/pages"}],"about":[{"href":"https:\/\/www.nooteboom.com\/de\/wp-json\/wp\/v2\/types\/page"}],"author":[{"embeddable":true,"href":"https:\/\/www.nooteboom.com\/de\/wp-json\/wp\/v2\/users\/45"}],"replies":[{"embeddable":true,"href":"https:\/\/www.nooteboom.com\/de\/wp-json\/wp\/v2\/comments?post=1743910"}],"version-history":[{"count":7,"href":"https:\/\/www.nooteboom.com\/de\/wp-json\/wp\/v2\/pages\/1743910\/revisions"}],"predecessor-version":[{"id":1748509,"href":"https:\/\/www.nooteboom.com\/de\/wp-json\/wp\/v2\/pages\/1743910\/revisions\/1748509"}],"up":[{"embeddable":true,"href":"https:\/\/www.nooteboom.com\/de\/wp-json\/wp\/v2\/pages\/1738806"}],"wp:attachment":[{"href":"https:\/\/www.nooteboom.com\/de\/wp-json\/wp\/v2\/media?parent=1743910"}],"curies":[{"name":"wp","href":"https:\/\/api.w.org\/{rel}","templated":true}]}}