{"id":1743632,"date":"2019-05-13T09:19:00","date_gmt":"2019-05-13T07:19:00","guid":{"rendered":"https:\/\/www.nooteboom.com\/ausziebarer-sattelanhanger-fur-den-transport-langer-lasten\/"},"modified":"2019-05-13T09:19:46","modified_gmt":"2019-05-13T07:19:46","slug":"ausziebarer-sattelanhanger-fur-den-transport-langer-lasten","status":"publish","type":"page","link":"https:\/\/www.nooteboom.com\/de\/ausziebarer-sattelanhanger-fur-den-transport-langer-lasten\/","title":{"rendered":"AUSZIEBARER SATTELANH\u00c4NGER f\u00fcr den Transport langer Lasten"},"content":{"rendered":"<div class=\"wpb-content-wrapper\"><p>[vc_row][vc_column][vc_column_text]Mit dem AUSZIEHBAREN SATTELANH\u00c4NGER von Nooteboom kann jede lange Last transportiert werden. Der AUSZIEHBARE SATTELANH\u00c4NGER ist ein ausziehbarer Auflieger, der mit gr\u00f6\u00dfter Effizienz und niedrigstm\u00f6glichen Transportkosten arbeitet. Ein Ballasttrailer wie dieser, erm\u00f6glicht Ihrem Spediteur den Transport von Kranballast, wie auch von Rotorbl\u00e4ttern. Der AUSZIEHBARE SATTELANH\u00c4NGER von Nooteboom steht in verschiedenen Versionen zur Verf\u00fcgung: als <a href=\"https:\/\/www.nooteboom.com\/de\/cat\/teletrailers-de\/\">OVB-TELETRAILER<\/a>, <a href=\"https:\/\/www.nooteboom.com\/de\/auflieger\/ovb-telestep\/\">OVB-TELESTEP<\/a> und <a href=\"https:\/\/www.nooteboom.com\/de\/auflieger\/ovb-ballasttrailer\/\">OVB-BALLASTTRAILER<\/a>.[\/vc_column_text][\/vc_column][\/vc_row][vc_row][vc_column width=&#8220;1\/2&#8243;][vc_column_text]<\/p>\n<h2>Ausziehbarer Sattelanh\u00e4nger mit niedriger Ladefl\u00e4che<\/h2>\n<p>Unsere Ausziehbaren Sattelanh\u00e4nger verf\u00fcgen \u00fcber eine flache Ladefl\u00e4che und eine hydraulisch zwangsgelenkten Achsen. Der sehr gro\u00dfe Lenkwinkel sorgt f\u00fcr die au\u00dfergew\u00f6hnlich gute Man\u00f6vrierbarkeit des AUSZIEHBAREN SATTELANH\u00c4NGERS. Au\u00dfderdem stellt diese hydraulische Lenkung des Ballasttrailers und des Teletrailers sicher, dass die Wartungskosten sehr niedrig und der Reifenverschlei\u00df auf einem Minimum bleiben.[\/vc_column_text][\/vc_column][vc_column width=&#8220;1\/2&#8243;][vc_single_image image=&#8220;3377&#8243; img_size=&#8220;large&#8220; css_animation=&#8220;right-to-left&#8220;][\/vc_column][\/vc_row][vc_row][vc_column][vc_column_text]<\/p>\n<h2>Patentierte, gew\u00f6lbte Ladefl\u00e4che<\/h2>\n<p>Jedes Fahrzeug im Programm der AUSZIEHBAREN SATTELANH\u00c4NGER von Nooteboom verf\u00fcgt \u00fcber das einzigartige Konzept der gew\u00f6lbten Tr\u00e4ger, f\u00fcr das ein internationales Patent erteilt wurde. Mit dieser speziellen Vorspannung bleibt die Ladefl\u00e4che des Teletrailers beim Einzug perfekt flach. Das ist beim Laden von Containern von gro\u00dfem praktischen Nutzen. In unbeladener, ausgefahrener Position ist das Chassis leicht gebogen (gew\u00f6lbt), sodass kaum ein Absacken der Ladefl\u00e4che auftritt. Der AUSZIEHBARE SATTELANH\u00c4NGER garantiert auch, dass die Ladefl\u00e4che ohne Schwierigkeiten eingezogen oder ausgefahren werden kann.<\/p>\n<h2>Der AUSZIEHBARE SATTELANH\u00c4NGER als Superwing-Carrier<\/h2>\n<p>Ob Sie nach einem Superwing-Carrier oder einer Transportm\u00f6glichkeit f\u00fcr ein Windrad-Rotorblatt suchen: Nooteboom bietet verschiedenen Versionen an, die Ihre spezifischen Transportanforderungen perfekt erf\u00fcllen:<\/p>\n<ul>\n<li>2 bis 7 Achsen<\/li>\n<li>Selbstlenkende oder hydraulisch gelenkte Achsen<\/li>\n<li>Luftfederung oder hydropneumatische Federung<\/li>\n<li>Feste oder einfach\/zweifach\/dreifach\/vierfach ausfahrbare Ladefl\u00e4che<\/li>\n<li>Flache Ladefl\u00e4che oder mit Schwanenhals<\/li>\n<\/ul>\n<p>Wenn Sie nach einem AUSZIEHBAREN SATTELANH\u00c4NGER suchen, w\u00fcrden wir uns sehr \u00fcber eine Anfrage nach einem Angebot freuen. Dieses ist nat\u00fcrlich kostenfrei. Gemeinsam finden wir einen AUSZIEHBAREN SATTELANH\u00c4NGER, der am besten zu Ihren Transportbed\u00fcrfnissen passt, sodass Sie t\u00e4glich den gr\u00f6\u00dftm\u00f6glichen Mehrwert f\u00fcr Ihr Unternehmen erleben.<\/p>\n<p><strong><em>Nooteboom Gets you there.<\/em><\/strong>[\/vc_column_text][\/vc_column][\/vc_row]<\/p>\n<\/div>","protected":false},"excerpt":{"rendered":"[vc_row][vc_column][vc_column_text]Mit dem AUSZIEHBAREN SATTELANH\u00c4NGER von Nooteboom kann jede lange Last transportiert werden. Der AUSZIEHBARE SATTELANH\u00c4NGER ist ein ausziehbarer Auflieger, der&#8230;","protected":false},"author":45,"featured_media":7006,"parent":0,"menu_order":0,"comment_status":"closed","ping_status":"closed","template":"","meta":{"_acf_changed":false,"inline_featured_image":false,"footnotes":""},"class_list":["post-1743632","page","type-page","status-publish","has-post-thumbnail","hentry"],"acf":[],"yoast_head":"<!-- This site is optimized with the Yoast SEO Premium plugin v25.7.1 (Yoast SEO v25.7) - https:\/\/yoast.com\/wordpress\/plugins\/seo\/ -->\n<title>Ausziehbare Sattelanh\u00e4nger f\u00fcr lange Lasten | Nooteboom-Sattelanh\u00e4nger<\/title>\n<meta name=\"description\" content=\"Der AUSZIEHBARE SATTELANH\u00c4NGER ist ein Teletrailer f\u00fcr selbsttragende Lasten und daher als Superwing-Carrier oder Mega-Windmill-Transporter geeignet. Schauen Sie sich alle Kombinationsm\u00f6glichkeiten an.\" \/>\n<meta name=\"robots\" content=\"index, follow, max-snippet:-1, max-image-preview:large, max-video-preview:-1\" \/>\n<link rel=\"canonical\" href=\"https:\/\/www.nooteboom.com\/de\/ausziebarer-sattelanhanger-fur-den-transport-langer-lasten\/\" \/>\n<meta property=\"og:locale\" content=\"de_DE\" \/>\n<meta property=\"og:type\" content=\"article\" \/>\n<meta property=\"og:title\" content=\"AUSZIEBARER SATTELANH\u00c4NGER f\u00fcr den Transport langer Lasten\" \/>\n<meta property=\"og:description\" content=\"Der AUSZIEHBARE SATTELANH\u00c4NGER ist ein Teletrailer f\u00fcr selbsttragende Lasten und daher als Superwing-Carrier oder Mega-Windmill-Transporter geeignet. Schauen Sie sich alle Kombinationsm\u00f6glichkeiten an.\" \/>\n<meta property=\"og:url\" content=\"https:\/\/www.nooteboom.com\/de\/ausziebarer-sattelanhanger-fur-den-transport-langer-lasten\/\" \/>\n<meta property=\"og:site_name\" content=\"Nooteboom Trailers\" \/>\n<meta property=\"article:publisher\" content=\"https:\/\/nl-nl.facebook.com\/nooteboomtrailers\/\" \/>\n<meta property=\"article:modified_time\" content=\"2019-05-13T07:19:46+00:00\" \/>\n<meta property=\"og:image\" content=\"https:\/\/www.nooteboom.com\/wp-content\/uploads\/Nooteboom-Ballasttrailer-7-axlevolvo6x4.jpg\" \/>\n\t<meta property=\"og:image:width\" content=\"2500\" \/>\n\t<meta property=\"og:image:height\" content=\"1583\" \/>\n\t<meta property=\"og:image:type\" content=\"image\/jpeg\" \/>\n<meta name=\"twitter:card\" content=\"summary_large_image\" \/>\n<meta name=\"twitter:label1\" content=\"Gesch\u00e4tzte Lesezeit\" \/>\n\t<meta name=\"twitter:data1\" content=\"2\u00a0Minuten\" \/>\n<script type=\"application\/ld+json\" class=\"yoast-schema-graph\">{\"@context\":\"https:\/\/schema.org\",\"@graph\":[{\"@type\":\"WebPage\",\"@id\":\"https:\/\/www.nooteboom.com\/de\/ausziebarer-sattelanhanger-fur-den-transport-langer-lasten\/\",\"url\":\"https:\/\/www.nooteboom.com\/de\/ausziebarer-sattelanhanger-fur-den-transport-langer-lasten\/\",\"name\":\"Ausziehbare Sattelanh\u00e4nger f\u00fcr lange Lasten | Nooteboom-Sattelanh\u00e4nger\",\"isPartOf\":{\"@id\":\"https:\/\/www.nooteboom.com\/de\/#website\"},\"primaryImageOfPage\":{\"@id\":\"https:\/\/www.nooteboom.com\/de\/ausziebarer-sattelanhanger-fur-den-transport-langer-lasten\/#primaryimage\"},\"image\":{\"@id\":\"https:\/\/www.nooteboom.com\/de\/ausziebarer-sattelanhanger-fur-den-transport-langer-lasten\/#primaryimage\"},\"thumbnailUrl\":\"https:\/\/www.nooteboom.com\/wp-content\/uploads\/Nooteboom-Ballasttrailer-7-axlevolvo6x4.jpg\",\"datePublished\":\"2019-05-13T07:19:00+00:00\",\"dateModified\":\"2019-05-13T07:19:46+00:00\",\"description\":\"Der AUSZIEHBARE SATTELANH\u00c4NGER ist ein Teletrailer f\u00fcr selbsttragende Lasten und daher als Superwing-Carrier oder Mega-Windmill-Transporter geeignet. Schauen Sie sich alle Kombinationsm\u00f6glichkeiten an.\",\"breadcrumb\":{\"@id\":\"https:\/\/www.nooteboom.com\/de\/ausziebarer-sattelanhanger-fur-den-transport-langer-lasten\/#breadcrumb\"},\"inLanguage\":\"de\",\"potentialAction\":[{\"@type\":\"ReadAction\",\"target\":[\"https:\/\/www.nooteboom.com\/de\/ausziebarer-sattelanhanger-fur-den-transport-langer-lasten\/\"]}]},{\"@type\":\"ImageObject\",\"inLanguage\":\"de\",\"@id\":\"https:\/\/www.nooteboom.com\/de\/ausziebarer-sattelanhanger-fur-den-transport-langer-lasten\/#primaryimage\",\"url\":\"https:\/\/www.nooteboom.com\/wp-content\/uploads\/Nooteboom-Ballasttrailer-7-axlevolvo6x4.jpg\",\"contentUrl\":\"https:\/\/www.nooteboom.com\/wp-content\/uploads\/Nooteboom-Ballasttrailer-7-axlevolvo6x4.jpg\",\"width\":2500,\"height\":1583,\"caption\":\"OVB Ballasttrailer\"},{\"@type\":\"BreadcrumbList\",\"@id\":\"https:\/\/www.nooteboom.com\/de\/ausziebarer-sattelanhanger-fur-den-transport-langer-lasten\/#breadcrumb\",\"itemListElement\":[{\"@type\":\"ListItem\",\"position\":1,\"name\":\"Home\",\"item\":\"https:\/\/www.nooteboom.com\/de\/\"},{\"@type\":\"ListItem\",\"position\":2,\"name\":\"AUSZIEBARER SATTELANH\u00c4NGER f\u00fcr den Transport langer Lasten\"}]},{\"@type\":\"WebSite\",\"@id\":\"https:\/\/www.nooteboom.com\/de\/#website\",\"url\":\"https:\/\/www.nooteboom.com\/de\/\",\"name\":\"Nooteboom Trailers\",\"description\":\"Gets you there.\",\"publisher\":{\"@id\":\"https:\/\/www.nooteboom.com\/de\/#organization\"},\"potentialAction\":[{\"@type\":\"SearchAction\",\"target\":{\"@type\":\"EntryPoint\",\"urlTemplate\":\"https:\/\/www.nooteboom.com\/de\/?s={search_term_string}\"},\"query-input\":{\"@type\":\"PropertyValueSpecification\",\"valueRequired\":true,\"valueName\":\"search_term_string\"}}],\"inLanguage\":\"de\"},{\"@type\":\"Organization\",\"@id\":\"https:\/\/www.nooteboom.com\/de\/#organization\",\"name\":\"Nooteboom Trailers\",\"url\":\"https:\/\/www.nooteboom.com\/de\/\",\"logo\":{\"@type\":\"ImageObject\",\"inLanguage\":\"de\",\"@id\":\"https:\/\/www.nooteboom.com\/de\/#\/schema\/logo\/image\/\",\"url\":\"https:\/\/www.nooteboom.com\/wp-content\/uploads\/logo.png\",\"contentUrl\":\"https:\/\/www.nooteboom.com\/wp-content\/uploads\/logo.png\",\"width\":111,\"height\":66,\"caption\":\"Nooteboom Trailers\"},\"image\":{\"@id\":\"https:\/\/www.nooteboom.com\/de\/#\/schema\/logo\/image\/\"},\"sameAs\":[\"https:\/\/nl-nl.facebook.com\/nooteboomtrailers\/\",\"https:\/\/nl.linkedin.com\/company\/nooteboom-trailers\",\"https:\/\/www.youtube.com\/user\/Nooteboomtrailers\"]}]}<\/script>\n<!-- \/ Yoast SEO Premium plugin. -->","yoast_head_json":{"title":"Ausziehbare Sattelanh\u00e4nger f\u00fcr lange Lasten | Nooteboom-Sattelanh\u00e4nger","description":"Der AUSZIEHBARE SATTELANH\u00c4NGER ist ein Teletrailer f\u00fcr selbsttragende Lasten und daher als Superwing-Carrier oder Mega-Windmill-Transporter geeignet. Schauen Sie sich alle Kombinationsm\u00f6glichkeiten an.","robots":{"index":"index","follow":"follow","max-snippet":"max-snippet:-1","max-image-preview":"max-image-preview:large","max-video-preview":"max-video-preview:-1"},"canonical":"https:\/\/www.nooteboom.com\/de\/ausziebarer-sattelanhanger-fur-den-transport-langer-lasten\/","og_locale":"de_DE","og_type":"article","og_title":"AUSZIEBARER SATTELANH\u00c4NGER f\u00fcr den Transport langer Lasten","og_description":"Der AUSZIEHBARE SATTELANH\u00c4NGER ist ein Teletrailer f\u00fcr selbsttragende Lasten und daher als Superwing-Carrier oder Mega-Windmill-Transporter geeignet. Schauen Sie sich alle Kombinationsm\u00f6glichkeiten an.","og_url":"https:\/\/www.nooteboom.com\/de\/ausziebarer-sattelanhanger-fur-den-transport-langer-lasten\/","og_site_name":"Nooteboom Trailers","article_publisher":"https:\/\/nl-nl.facebook.com\/nooteboomtrailers\/","article_modified_time":"2019-05-13T07:19:46+00:00","og_image":[{"width":2500,"height":1583,"url":"https:\/\/www.nooteboom.com\/wp-content\/uploads\/Nooteboom-Ballasttrailer-7-axlevolvo6x4.jpg","type":"image\/jpeg"}],"twitter_card":"summary_large_image","twitter_misc":{"Gesch\u00e4tzte Lesezeit":"2\u00a0Minuten"},"schema":{"@context":"https:\/\/schema.org","@graph":[{"@type":"WebPage","@id":"https:\/\/www.nooteboom.com\/de\/ausziebarer-sattelanhanger-fur-den-transport-langer-lasten\/","url":"https:\/\/www.nooteboom.com\/de\/ausziebarer-sattelanhanger-fur-den-transport-langer-lasten\/","name":"Ausziehbare Sattelanh\u00e4nger f\u00fcr lange Lasten | Nooteboom-Sattelanh\u00e4nger","isPartOf":{"@id":"https:\/\/www.nooteboom.com\/de\/#website"},"primaryImageOfPage":{"@id":"https:\/\/www.nooteboom.com\/de\/ausziebarer-sattelanhanger-fur-den-transport-langer-lasten\/#primaryimage"},"image":{"@id":"https:\/\/www.nooteboom.com\/de\/ausziebarer-sattelanhanger-fur-den-transport-langer-lasten\/#primaryimage"},"thumbnailUrl":"https:\/\/www.nooteboom.com\/wp-content\/uploads\/Nooteboom-Ballasttrailer-7-axlevolvo6x4.jpg","datePublished":"2019-05-13T07:19:00+00:00","dateModified":"2019-05-13T07:19:46+00:00","description":"Der AUSZIEHBARE SATTELANH\u00c4NGER ist ein Teletrailer f\u00fcr selbsttragende Lasten und daher als Superwing-Carrier oder Mega-Windmill-Transporter geeignet. Schauen Sie sich alle Kombinationsm\u00f6glichkeiten an.","breadcrumb":{"@id":"https:\/\/www.nooteboom.com\/de\/ausziebarer-sattelanhanger-fur-den-transport-langer-lasten\/#breadcrumb"},"inLanguage":"de","potentialAction":[{"@type":"ReadAction","target":["https:\/\/www.nooteboom.com\/de\/ausziebarer-sattelanhanger-fur-den-transport-langer-lasten\/"]}]},{"@type":"ImageObject","inLanguage":"de","@id":"https:\/\/www.nooteboom.com\/de\/ausziebarer-sattelanhanger-fur-den-transport-langer-lasten\/#primaryimage","url":"https:\/\/www.nooteboom.com\/wp-content\/uploads\/Nooteboom-Ballasttrailer-7-axlevolvo6x4.jpg","contentUrl":"https:\/\/www.nooteboom.com\/wp-content\/uploads\/Nooteboom-Ballasttrailer-7-axlevolvo6x4.jpg","width":2500,"height":1583,"caption":"OVB Ballasttrailer"},{"@type":"BreadcrumbList","@id":"https:\/\/www.nooteboom.com\/de\/ausziebarer-sattelanhanger-fur-den-transport-langer-lasten\/#breadcrumb","itemListElement":[{"@type":"ListItem","position":1,"name":"Home","item":"https:\/\/www.nooteboom.com\/de\/"},{"@type":"ListItem","position":2,"name":"AUSZIEBARER SATTELANH\u00c4NGER f\u00fcr den Transport langer Lasten"}]},{"@type":"WebSite","@id":"https:\/\/www.nooteboom.com\/de\/#website","url":"https:\/\/www.nooteboom.com\/de\/","name":"Nooteboom Trailers","description":"Gets you there.","publisher":{"@id":"https:\/\/www.nooteboom.com\/de\/#organization"},"potentialAction":[{"@type":"SearchAction","target":{"@type":"EntryPoint","urlTemplate":"https:\/\/www.nooteboom.com\/de\/?s={search_term_string}"},"query-input":{"@type":"PropertyValueSpecification","valueRequired":true,"valueName":"search_term_string"}}],"inLanguage":"de"},{"@type":"Organization","@id":"https:\/\/www.nooteboom.com\/de\/#organization","name":"Nooteboom Trailers","url":"https:\/\/www.nooteboom.com\/de\/","logo":{"@type":"ImageObject","inLanguage":"de","@id":"https:\/\/www.nooteboom.com\/de\/#\/schema\/logo\/image\/","url":"https:\/\/www.nooteboom.com\/wp-content\/uploads\/logo.png","contentUrl":"https:\/\/www.nooteboom.com\/wp-content\/uploads\/logo.png","width":111,"height":66,"caption":"Nooteboom Trailers"},"image":{"@id":"https:\/\/www.nooteboom.com\/de\/#\/schema\/logo\/image\/"},"sameAs":["https:\/\/nl-nl.facebook.com\/nooteboomtrailers\/","https:\/\/nl.linkedin.com\/company\/nooteboom-trailers","https:\/\/www.youtube.com\/user\/Nooteboomtrailers"]}]}},"_links":{"self":[{"href":"https:\/\/www.nooteboom.com\/de\/wp-json\/wp\/v2\/pages\/1743632","targetHints":{"allow":["GET"]}}],"collection":[{"href":"https:\/\/www.nooteboom.com\/de\/wp-json\/wp\/v2\/pages"}],"about":[{"href":"https:\/\/www.nooteboom.com\/de\/wp-json\/wp\/v2\/types\/page"}],"author":[{"embeddable":true,"href":"https:\/\/www.nooteboom.com\/de\/wp-json\/wp\/v2\/users\/45"}],"replies":[{"embeddable":true,"href":"https:\/\/www.nooteboom.com\/de\/wp-json\/wp\/v2\/comments?post=1743632"}],"version-history":[{"count":1,"href":"https:\/\/www.nooteboom.com\/de\/wp-json\/wp\/v2\/pages\/1743632\/revisions"}],"predecessor-version":[{"id":1743633,"href":"https:\/\/www.nooteboom.com\/de\/wp-json\/wp\/v2\/pages\/1743632\/revisions\/1743633"}],"wp:featuredmedia":[{"embeddable":true,"href":"https:\/\/www.nooteboom.com\/de\/wp-json\/wp\/v2\/media\/7006"}],"wp:attachment":[{"href":"https:\/\/www.nooteboom.com\/de\/wp-json\/wp\/v2\/media?parent=1743632"}],"curies":[{"name":"wp","href":"https:\/\/api.w.org\/{rel}","templated":true}]}}