{"id":1742906,"date":"2019-04-24T09:13:55","date_gmt":"2019-04-24T07:13:55","guid":{"rendered":"https:\/\/www.nooteboom.com\/allgemeine-kurse\/"},"modified":"2019-04-24T09:51:13","modified_gmt":"2019-04-24T07:51:13","slug":"allgemeine-kurse","status":"publish","type":"page","link":"https:\/\/www.nooteboom.com\/de\/allgemeine-kurse\/","title":{"rendered":"Allgemeine Kurse"},"content":{"rendered":"<div class=\"wpb-content-wrapper\"><p>[vc_row][vc_column width=&#8220;1\/2&#8243;][vc_column_text]<\/p>\n<h5>Anwendungsschulung Nooteboom Trailers<\/h5>\n<p>Eint\u00e4gige Schulung, bei der Sie mit den Betriebsanleitungen, Anwendungsm\u00f6glichkeiten, Sicherheitsstandards von Nooteboom Fahrzeugen und gesetzlichen Bestimmungen vertraut gemacht werden. Sie lernen auch, was Sie bei der Konfiguration, dem Be- und Entladen und Fahren tun sollten und was nicht.[\/vc_column_text][\/vc_column][vc_column width=&#8220;1\/2&#8243;][vc_column_text]<\/p>\n<h5>Be- und Entladen, Sichern von Material mit Raupen oder R\u00e4dern<\/h5>\n<p>Eint\u00e4gige Schulung, bei der Sie lernen, Ger\u00e4te auf R\u00e4dern oder Gleisketten sicher und effizient zu be- und entladen und als Ladung zu sichern. Technisches Ladeverm\u00f6gen und Lastverteilung auf dem Fahrzeug ist ebenfalls Trainingsbestandteil. Wir achten auch auf das Be- und Entladen von Teilladungen\u00a0f\u00fcr verschiedene Lieferanschriften.[\/vc_column_text][\/vc_column][\/vc_row][vc_row][vc_column width=&#8220;1\/2&#8243;][vc_column_text]<\/p>\n<h5>Ladungssicherung nach VDI 2700 bei offenem Fahrzeug<\/h5>\n<p>Eint\u00e4giger Kurs, in dem Sie lernen, wie Sie Ihre Ladungen Regelkonform sichern sowie ohne Sch\u00e4den transportieren k\u00f6nnen. Ebenfalls abgedeckt wird das Umladen und Verankern von Teilladungen sowie das Verspannen und Verzurren von Maschinen, Ger\u00e4ten auf R\u00e4dern oder Gleisketten, Baumaschinen, Hubarbeitsb\u00fchnen, Teleskopladern und Gabelstaplern. Alles in \u00dcbereinstimmung mit den europ\u00e4ischen Vorschriften und der deutschen Normenreihe VDI 2700.[\/vc_column_text][\/vc_column][vc_column width=&#8220;1\/2&#8243;][vc_column_text]<\/p>\n<h5>Be- und Entladen mit Hebezeugen \u2013 Anschlagen von Lasten<\/h5>\n<p>Eint\u00e4gige Schulung, bei der Sie lernen, Ger\u00e4te sicher und effizient mit Kran zu be- und entladen, um Ihr Fahrzeug optimal zu beladen. Sie werden unter anderem feststellen, dass dabei die Kontrolle, Kommunikation und der zielgerichtete Einsatz der richtigen Hebezeuge eine wichtige Rolle spielen.[\/vc_column_text][\/vc_column][\/vc_row][vc_row][vc_column width=&#8220;1\/2&#8243;][vc_column_text]<\/p>\n<h5>Fahrertag stra\u00dfengebundener Spezialtransport<\/h5>\n<p>Eint\u00e4giger Kurs, bei dem Ihnen mehrere Elemente aus verschiedenen Kursen angeboten werden. Sie arbeiten in Gruppen, ein Ausbildungsteil dauert zweieinhalb Stunden. Danach Wechsel des Themas und des Dozenten. Gemeinsam bewerten sie unter anderem Ihre Kenntnisse und F\u00e4higkeiten im Bereich des Spezialtransports.[\/vc_column_text][\/vc_column][vc_column width=&#8220;1\/2&#8243;][\/vc_column][\/vc_row][vc_row][vc_column]\n\t\t\t<div class=\"vc_products spotlight centered\">\n\n\t\t\t\n\t\t\t<div class=\"wrapper\">\n\n\t\t\t\t\t\t\t\t\t<li class=\"spotlight__item carousel__slide\">\n\t<div class=\"spotlight__inner\">\n\n\t\t\t<figure>\n\t\t<img\n\t\t\tsrc=\"https:\/\/www.nooteboom.com\/wp-content\/uploads\/BSP_NOOTEBOOMCURSUS_-21-van-21-1-500x333.jpg\"\n\t\t\talt=\"Anwendungsschulung Nooteboom Trailers\"\n\t\t\t\t\t\t\tsrcset=\"https:\/\/www.nooteboom.com\/wp-content\/uploads\/BSP_NOOTEBOOMCURSUS_-21-van-21-1-300x199.jpg 300w,https:\/\/www.nooteboom.com\/wp-content\/uploads\/BSP_NOOTEBOOMCURSUS_-21-van-21-1-768x511.jpg 768w,https:\/\/www.nooteboom.com\/wp-content\/uploads\/BSP_NOOTEBOOMCURSUS_-21-van-21-1-1024x681.jpg 1024w\"\n\t\t\t\tsizes=\"(max-width: 500px) 100vw, 500px\"\n\t\t\t\t\t>\n\t<\/figure>\n\n        <div class=\"spotlight__content\">\n            <p class=\"spotlight__title\">Anwendungsschulung Nooteboom Trailers<\/p>\n\n            <p>Mit dieser Schulung stellen wir sicher, dass Ihre Mitarbeiter \u00fcber die geltenden Gesetze und Vorschriften auf dem Laufenden sind. Dazu geh\u00f6ren Betriebsanleitungen, Anwendungsm\u00f6glichkeiten, Sicherheitsstandards und gesetzliche Bestimmungen. Wir besprechen auch die Dos und Don&#8217;ts, die bei der Konfiguration, dem Be- und Entladen und dem Fahren der Lastz\u00fcge gelten. <\/p>\n\n            <a href=\"https:\/\/www.nooteboom.com\/de\/nooteboom-academy\/anwendungsschulung-nooteboom-trailers\/\" class=\"button red\">\n                Lesen Sie mehr\r\n                <span class=\"fa fa-chevron-right\"><\/span>\n            <\/a>\n        <\/div>\n\n\t<\/div>\n<\/li>\t\t\t\t\t\t\t\t\t<li class=\"spotlight__item carousel__slide\">\n\t<div class=\"spotlight__inner\">\n\n\t\t\t<figure>\n\t\t<img\n\t\t\tsrc=\"https:\/\/www.nooteboom.com\/wp-content\/uploads\/NA10-P1000259-e1548403923669-500x333.jpg\"\n\t\t\talt=\"Ladungssicherung bei offenem Fahrzeug Basis VDI 2700\"\n\t\t\t\t\t\t\tsrcset=\"https:\/\/www.nooteboom.com\/wp-content\/uploads\/NA10-P1000259-e1548403923669-300x199.jpg 300w,https:\/\/www.nooteboom.com\/wp-content\/uploads\/NA10-P1000259-e1548403923669-768x511.jpg 768w,https:\/\/www.nooteboom.com\/wp-content\/uploads\/NA10-P1000259-e1548403923669-1024x681.jpg 1024w\"\n\t\t\t\tsizes=\"(max-width: 500px) 100vw, 500px\"\n\t\t\t\t\t>\n\t<\/figure>\n\n        <div class=\"spotlight__content\">\n            <p class=\"spotlight__title\">Ladungssicherung bei offenem Fahrzeug Basis VDI 2700<\/p>\n\n            <p>Die Ladungssicherung ist wichtig, damit die Ladung nicht rutscht oder rollt und sicher und ohne Sch\u00e4den transportiert werden kann. Besonderes Augenmerk wird auch auf das Umladen und Verankern nach dem Entladen eines Teils der Ladung gelegt. Denken Sie hier beispielsweise an die Lieferung von Hubarbeitsb\u00fchnen, Teleskopladern, Bauwagen etc. an unterschiedliche Adressen.<\/p>\n\n            <a href=\"https:\/\/www.nooteboom.com\/de\/nooteboom-academy\/ladungssicherung-bei-offenem-fahrzeug\/\" class=\"button red\">\n                Lesen Sie mehr\r\n                <span class=\"fa fa-chevron-right\"><\/span>\n            <\/a>\n        <\/div>\n\n\t<\/div>\n<\/li>\t\t\t\t\t\t\t\t\t<li class=\"spotlight__item carousel__slide\">\n\t<div class=\"spotlight__inner\">\n\n\t\t\t<figure>\n\t\t<img\n\t\t\tsrc=\"https:\/\/www.nooteboom.com\/wp-content\/uploads\/NA11-BZ-LH-49075-500x333.jpg\"\n\t\t\talt=\"Be- und Entladen von Material mit R\u00e4dern oder Raupen\"\n\t\t\t\t\t\t\tsrcset=\"https:\/\/www.nooteboom.com\/wp-content\/uploads\/NA11-BZ-LH-49075-300x199.jpg 300w,https:\/\/www.nooteboom.com\/wp-content\/uploads\/NA11-BZ-LH-49075-768x511.jpg 768w,https:\/\/www.nooteboom.com\/wp-content\/uploads\/NA11-BZ-LH-49075-1024x681.jpg 1024w\"\n\t\t\t\tsizes=\"(max-width: 500px) 100vw, 500px\"\n\t\t\t\t\t>\n\t<\/figure>\n\n        <div class=\"spotlight__content\">\n            <p class=\"spotlight__title\">Be- und Entladen von Material mit R\u00e4dern oder Raupen<\/p>\n\n            <p>Um eine effiziente Be- und Entladung von Maschinen auf R\u00e4dern oder Raupen zu gew\u00e4hrleisten, ist es wichtig, dass die Ladung ordnungsgem\u00e4\u00df gesichert ist und das Gewicht der Ladung gem\u00e4\u00df Nutzlastverteilungsdiagramm des Fahrzeugs optimal verteilt wird. Daher wird auch dem Entladen und Umladen von Teilen einer Ladung besondere Aufmerksamkeit geschenkt. Zum Beispiel, wenn mehrere Arbeitsb\u00fchnen, Teleskoplader, Transporterfahrzeuge usw. an verschiedene Adressen geliefert werden m\u00fcssen.<\/p>\n\n            <a href=\"https:\/\/www.nooteboom.com\/de\/nooteboom-academy\/be-und-entladen-von-material-mit-radern-oder-raupen\/\" class=\"button red\">\n                Lesen Sie mehr\r\n                <span class=\"fa fa-chevron-right\"><\/span>\n            <\/a>\n        <\/div>\n\n\t<\/div>\n<\/li>\t\t\t\t\t\t\t\t\t<li class=\"spotlight__item carousel__slide\">\n\t<div class=\"spotlight__inner\">\n\n\t\t\t<figure>\n\t\t<img\n\t\t\tsrc=\"https:\/\/www.nooteboom.com\/wp-content\/uploads\/NA-12-500x333.jpg\"\n\t\t\talt=\"Be- und Entladen mit Hebezeugen &#8211; Anschlagen von Lasten\"\n\t\t\t\t\t\t\tsrcset=\"https:\/\/www.nooteboom.com\/wp-content\/uploads\/NA-12-300x199.jpg 300w,https:\/\/www.nooteboom.com\/wp-content\/uploads\/NA-12-768x511.jpg 768w,https:\/\/www.nooteboom.com\/wp-content\/uploads\/NA-12-1024x681.jpg 1024w\"\n\t\t\t\tsizes=\"(max-width: 500px) 100vw, 500px\"\n\t\t\t\t\t>\n\t<\/figure>\n\n        <div class=\"spotlight__content\">\n            <p class=\"spotlight__title\">Be- und Entladen mit Hebezeugen &#8211; Anschlagen von Lasten<\/p>\n\n            <p>Der Fahrer im stra\u00dfengebundenen Spezialtransport muss \u00fcber Sachverstand und F\u00e4higkeiten verf\u00fcgen und stets besonders auf das sichere Be- und Entladen von Ger\u00e4t mit R\u00e4dern oder Raupen achten. Er muss auch alle Nutzungsbedingungen des Herstellers und die W\u00fcnsche der Maschinenbesitzer und\/oder Vermieter ber\u00fccksichtigen.<\/p>\n\n            <a href=\"https:\/\/www.nooteboom.com\/de\/nooteboom-academy\/be-und-entladen-mit-hebezeugen-anschlagen-von-lasten\/\" class=\"button red\">\n                Lesen Sie mehr\r\n                <span class=\"fa fa-chevron-right\"><\/span>\n            <\/a>\n        <\/div>\n\n\t<\/div>\n<\/li>\t\t\t\t\n\t\t\t<\/div>\n\n\t\t<\/div>\n\t\t[\/vc_column][\/vc_row][vc_row full_width=&#8220;stretch_row&#8220; row_class=&#8220;&#8220;][vc_column]\t<div id=\"banner-69f813373d12f\" class=\"vc_banner banner\">\n\n\t\t<ul class=\"slides\">\n\t\t\t                \t\t\t\t<style>\n\t\t\t\t\t#slide-843500 {\n\t\t\t\t\t\tbackground-image: url('https:\/\/www.nooteboom.com\/wp-content\/uploads\/NOOTEBOOM1902-BOYS2018-NOOTEBOOM-ACADEMY-52-800x400.jpg');\n\t\t\t\t\t}\n\t\t\t\t\t@media (min-width: 768px) {\n\t\t\t\t\t\t#slide-843500 {\n\t\t\t\t\t\t\tbackground-image: url('https:\/\/www.nooteboom.com\/wp-content\/uploads\/NOOTEBOOM1902-BOYS2018-NOOTEBOOM-ACADEMY-52-1024x683.jpg');\n\t\t\t\t\t\t}\n\t\t\t\t\t}\n\t\t\t\t\t@media (min-width: 1200px) {\n\t\t\t\t\t\t#slide-843500 {\n\t\t\t\t\t\t\tbackground-image: url('https:\/\/www.nooteboom.com\/wp-content\/uploads\/NOOTEBOOM1902-BOYS2018-NOOTEBOOM-ACADEMY-52-1800x960.jpg');\n\t\t\t\t\t\t}\n\t\t\t\t\t}\n\t\t\t\t\t@media (min-width: 1920px) {\n\t\t\t\t\t\t#slide-843500 {\n\t\t\t\t\t\t\tbackground-image: url('https:\/\/www.nooteboom.com\/wp-content\/uploads\/NOOTEBOOM1902-BOYS2018-NOOTEBOOM-ACADEMY-52.jpg');\n\t\t\t\t\t\t}\n\t\t\t\t\t}\n\t\t\t\t<\/style>\n\t\t\t\t<li id=\"slide-843500\" class=\"banner__slide\">\n\n\t\t\t\t\t\t\t\t\t\t\t<p><strong>The Nooteboom Academy <\/strong><br \/>\nin action<\/p>\n\t\t\t\t\t\n\t\t\t\t\t<div class=\"banner__ovelay\"><\/div>\n\n\t\t\t\t<\/li>\n\t\t\t\t\t\t\t\t\t<\/ul>\n\n\t<\/div>\n\n\t<script type=\"text\/javascript\">\n\t\tjQuery( document ).ready( function( $ ) {\n\n\t\t\t$( '#banner-69f813373d12f' ).flexslider( {\n\t\t\t\tanimation: 'fade',\n\t\t\t\tdirectionNav: false,\n\t\t\t\tcontrolNav: true\n\t\t\t} );\n\n\t\t} );\n\t<\/script>\n\n\t<div class=\"banner__pager\">\n\t\t<span class=\"active\"><\/span><span><\/span><span><\/span>\n\t<\/div>\n\n[\/vc_column][\/vc_row][vc_row][vc_column]<div class=\"vc_quote person\">\n\n\t\t\t<div class=\"person__col\">\n\n\t\t\t<p>\n\t\t\t\t\u2018Internationaler Fokus \u00f6ffnet den Weg zu mehr Teilnehmern\u2019 \t\t\t\t\t\t\t\t\t<strong> <\/strong>\n\t\t\t\t\t\t\t<\/p>\n\n\t\t\t\t\t\t\t<img decoding=\"async\" src=\"https:\/\/www.nooteboom.com\/wp-content\/uploads\/Bob-Burks-4-400x400.png\" alt=\"Bob-Burks\">\n\t\t\t\n\t\t<\/div>\n\t\n\t\t\t<div class=\"content\">\n\t\t\t<p>\u201cWir beginnen mit der Nooteboom Academy in den Niederlanden und Belgien, auch einige deutsche Unternehmen haben das Kursprogramm bereits genutzt. Im Laufe des Jahres 2019 werden wir Schulungen in anderen Sprachen anbieten. Das ist m\u00f6glich, weil unserer Dozenten mehrere Sprachen beherrschen. Dies ebnet den Weg f\u00fcr Kurse in franz\u00f6sischer, deutscher und englischer Sprache. Unser Ziel ist es, in einigen Jahren Spanisch und Polnisch hinzuzuf\u00fcgen.\u201d<\/p>\n<p><strong>Bob Burks, Service-Manager<\/strong><br \/>\nbei Nooteboom Trailers<\/p>\n\t\t<\/div>\n\t\n<\/div>[\/vc_column][\/vc_row][vc_row][vc_column][vc_text_separator title=&#8220;Sehen Sie unsere Schulungen&#8220; color=&#8220;custom&#8220; accent_color=&#8220;#d6002a&#8220;][vc_column_text]<\/p>\n<p style=\"text-align: center;\"><a class=\"button\" href=\"https:\/\/www.nooteboom.com\/de\/basiskurse\/\">Basiskurse<\/a>\u00a0 \u00a0<a class=\"button\" href=\"https:\/\/www.nooteboom.com\/de\/kurse-fur-fortgeschrittene\/\">Kurse f\u00fcr Fortgeschrittene<\/a>\u00a0 \u00a0<a class=\"button\" href=\"https:\/\/www.nooteboom.com\/de\/allgemeine-kurse\/\">Allgemeine Kurse<\/a><\/p>\n<p>[\/vc_column_text][vc_btn title=&#8220;ZUR\u00dcCK ZUR NOOTEBOOM ACADEMY&#8220; align=&#8220;center&#8220; i_icon_fontawesome=&#8220;fa fa-backward&#8220; add_icon=&#8220;true&#8220; link=&#8220;url:https%3A%2F%2Fwww.nooteboom.com%2Fde%2Fnooteboom-academy%2F|&#8220;][\/vc_column][\/vc_row]<\/p>\n<\/div>","protected":false},"excerpt":{"rendered":"[vc_row][vc_column width=&#8220;1\/2&#8243;][vc_column_text] Anwendungsschulung Nooteboom Trailers Eint\u00e4gige Schulung, bei der Sie mit den Betriebsanleitungen, Anwendungsm\u00f6glichkeiten, Sicherheitsstandards von Nooteboom Fahrzeugen und gesetzlichen&#8230;","protected":false},"author":45,"featured_media":1612564,"parent":0,"menu_order":0,"comment_status":"closed","ping_status":"closed","template":"","meta":{"_acf_changed":false,"inline_featured_image":false,"footnotes":""},"class_list":["post-1742906","page","type-page","status-publish","has-post-thumbnail","hentry"],"acf":[],"yoast_head":"<!-- This site is optimized with the Yoast SEO Premium plugin v25.7.1 (Yoast SEO v25.7) - https:\/\/yoast.com\/wordpress\/plugins\/seo\/ -->\n<title>Allgemeine Kurse | Nooteboom Trailers<\/title>\n<meta name=\"robots\" content=\"index, follow, max-snippet:-1, max-image-preview:large, max-video-preview:-1\" \/>\n<link rel=\"canonical\" href=\"https:\/\/www.nooteboom.com\/de\/allgemeine-kurse\/\" \/>\n<meta property=\"og:locale\" content=\"de_DE\" \/>\n<meta property=\"og:type\" content=\"article\" \/>\n<meta property=\"og:title\" content=\"Allgemeine Kurse\" \/>\n<meta property=\"og:description\" content=\"[vc_row][vc_column width=&#8220;1\/2&#8243;][vc_column_text] Anwendungsschulung Nooteboom Trailers Eint\u00e4gige Schulung, bei der Sie mit den Betriebsanleitungen, Anwendungsm\u00f6glichkeiten, Sicherheitsstandards von Nooteboom Fahrzeugen und gesetzlichen...\" \/>\n<meta property=\"og:url\" content=\"https:\/\/www.nooteboom.com\/de\/allgemeine-kurse\/\" \/>\n<meta property=\"og:site_name\" content=\"Nooteboom Trailers\" \/>\n<meta property=\"article:publisher\" content=\"https:\/\/nl-nl.facebook.com\/nooteboomtrailers\/\" \/>\n<meta property=\"article:modified_time\" content=\"2019-04-24T07:51:13+00:00\" \/>\n<meta property=\"og:image\" content=\"https:\/\/www.nooteboom.com\/wp-content\/uploads\/BSP_NOOTEBOOMCURSUS_-4-van-21.jpg\" \/>\n\t<meta property=\"og:image:width\" content=\"5472\" \/>\n\t<meta property=\"og:image:height\" content=\"3648\" \/>\n\t<meta property=\"og:image:type\" content=\"image\/jpeg\" \/>\n<meta name=\"twitter:card\" content=\"summary_large_image\" \/>\n<meta name=\"twitter:label1\" content=\"Gesch\u00e4tzte Lesezeit\" \/>\n\t<meta name=\"twitter:data1\" content=\"3\u00a0Minuten\" \/>\n<script type=\"application\/ld+json\" class=\"yoast-schema-graph\">{\"@context\":\"https:\/\/schema.org\",\"@graph\":[{\"@type\":\"WebPage\",\"@id\":\"https:\/\/www.nooteboom.com\/de\/allgemeine-kurse\/\",\"url\":\"https:\/\/www.nooteboom.com\/de\/allgemeine-kurse\/\",\"name\":\"Allgemeine Kurse | Nooteboom Trailers\",\"isPartOf\":{\"@id\":\"https:\/\/www.nooteboom.com\/de\/#website\"},\"primaryImageOfPage\":{\"@id\":\"https:\/\/www.nooteboom.com\/de\/allgemeine-kurse\/#primaryimage\"},\"image\":{\"@id\":\"https:\/\/www.nooteboom.com\/de\/allgemeine-kurse\/#primaryimage\"},\"thumbnailUrl\":\"https:\/\/www.nooteboom.com\/wp-content\/uploads\/BSP_NOOTEBOOMCURSUS_-4-van-21.jpg\",\"datePublished\":\"2019-04-24T07:13:55+00:00\",\"dateModified\":\"2019-04-24T07:51:13+00:00\",\"breadcrumb\":{\"@id\":\"https:\/\/www.nooteboom.com\/de\/allgemeine-kurse\/#breadcrumb\"},\"inLanguage\":\"de\",\"potentialAction\":[{\"@type\":\"ReadAction\",\"target\":[\"https:\/\/www.nooteboom.com\/de\/allgemeine-kurse\/\"]}]},{\"@type\":\"ImageObject\",\"inLanguage\":\"de\",\"@id\":\"https:\/\/www.nooteboom.com\/de\/allgemeine-kurse\/#primaryimage\",\"url\":\"https:\/\/www.nooteboom.com\/wp-content\/uploads\/BSP_NOOTEBOOMCURSUS_-4-van-21.jpg\",\"contentUrl\":\"https:\/\/www.nooteboom.com\/wp-content\/uploads\/BSP_NOOTEBOOMCURSUS_-4-van-21.jpg\",\"width\":5472,\"height\":3648,\"caption\":\"Nooteboom V-tas Cursus\"},{\"@type\":\"BreadcrumbList\",\"@id\":\"https:\/\/www.nooteboom.com\/de\/allgemeine-kurse\/#breadcrumb\",\"itemListElement\":[{\"@type\":\"ListItem\",\"position\":1,\"name\":\"Home\",\"item\":\"https:\/\/www.nooteboom.com\/de\/\"},{\"@type\":\"ListItem\",\"position\":2,\"name\":\"Allgemeine Kurse\"}]},{\"@type\":\"WebSite\",\"@id\":\"https:\/\/www.nooteboom.com\/de\/#website\",\"url\":\"https:\/\/www.nooteboom.com\/de\/\",\"name\":\"Nooteboom Trailers\",\"description\":\"Gets you there.\",\"publisher\":{\"@id\":\"https:\/\/www.nooteboom.com\/de\/#organization\"},\"potentialAction\":[{\"@type\":\"SearchAction\",\"target\":{\"@type\":\"EntryPoint\",\"urlTemplate\":\"https:\/\/www.nooteboom.com\/de\/?s={search_term_string}\"},\"query-input\":{\"@type\":\"PropertyValueSpecification\",\"valueRequired\":true,\"valueName\":\"search_term_string\"}}],\"inLanguage\":\"de\"},{\"@type\":\"Organization\",\"@id\":\"https:\/\/www.nooteboom.com\/de\/#organization\",\"name\":\"Nooteboom Trailers\",\"url\":\"https:\/\/www.nooteboom.com\/de\/\",\"logo\":{\"@type\":\"ImageObject\",\"inLanguage\":\"de\",\"@id\":\"https:\/\/www.nooteboom.com\/de\/#\/schema\/logo\/image\/\",\"url\":\"https:\/\/www.nooteboom.com\/wp-content\/uploads\/logo.png\",\"contentUrl\":\"https:\/\/www.nooteboom.com\/wp-content\/uploads\/logo.png\",\"width\":111,\"height\":66,\"caption\":\"Nooteboom Trailers\"},\"image\":{\"@id\":\"https:\/\/www.nooteboom.com\/de\/#\/schema\/logo\/image\/\"},\"sameAs\":[\"https:\/\/nl-nl.facebook.com\/nooteboomtrailers\/\",\"https:\/\/nl.linkedin.com\/company\/nooteboom-trailers\",\"https:\/\/www.youtube.com\/user\/Nooteboomtrailers\"]}]}<\/script>\n<!-- \/ Yoast SEO Premium plugin. -->","yoast_head_json":{"title":"Allgemeine Kurse | Nooteboom Trailers","robots":{"index":"index","follow":"follow","max-snippet":"max-snippet:-1","max-image-preview":"max-image-preview:large","max-video-preview":"max-video-preview:-1"},"canonical":"https:\/\/www.nooteboom.com\/de\/allgemeine-kurse\/","og_locale":"de_DE","og_type":"article","og_title":"Allgemeine Kurse","og_description":"[vc_row][vc_column width=&#8220;1\/2&#8243;][vc_column_text] Anwendungsschulung Nooteboom Trailers Eint\u00e4gige Schulung, bei der Sie mit den Betriebsanleitungen, Anwendungsm\u00f6glichkeiten, Sicherheitsstandards von Nooteboom Fahrzeugen und gesetzlichen...","og_url":"https:\/\/www.nooteboom.com\/de\/allgemeine-kurse\/","og_site_name":"Nooteboom Trailers","article_publisher":"https:\/\/nl-nl.facebook.com\/nooteboomtrailers\/","article_modified_time":"2019-04-24T07:51:13+00:00","og_image":[{"width":5472,"height":3648,"url":"https:\/\/www.nooteboom.com\/wp-content\/uploads\/BSP_NOOTEBOOMCURSUS_-4-van-21.jpg","type":"image\/jpeg"}],"twitter_card":"summary_large_image","twitter_misc":{"Gesch\u00e4tzte Lesezeit":"3\u00a0Minuten"},"schema":{"@context":"https:\/\/schema.org","@graph":[{"@type":"WebPage","@id":"https:\/\/www.nooteboom.com\/de\/allgemeine-kurse\/","url":"https:\/\/www.nooteboom.com\/de\/allgemeine-kurse\/","name":"Allgemeine Kurse | Nooteboom Trailers","isPartOf":{"@id":"https:\/\/www.nooteboom.com\/de\/#website"},"primaryImageOfPage":{"@id":"https:\/\/www.nooteboom.com\/de\/allgemeine-kurse\/#primaryimage"},"image":{"@id":"https:\/\/www.nooteboom.com\/de\/allgemeine-kurse\/#primaryimage"},"thumbnailUrl":"https:\/\/www.nooteboom.com\/wp-content\/uploads\/BSP_NOOTEBOOMCURSUS_-4-van-21.jpg","datePublished":"2019-04-24T07:13:55+00:00","dateModified":"2019-04-24T07:51:13+00:00","breadcrumb":{"@id":"https:\/\/www.nooteboom.com\/de\/allgemeine-kurse\/#breadcrumb"},"inLanguage":"de","potentialAction":[{"@type":"ReadAction","target":["https:\/\/www.nooteboom.com\/de\/allgemeine-kurse\/"]}]},{"@type":"ImageObject","inLanguage":"de","@id":"https:\/\/www.nooteboom.com\/de\/allgemeine-kurse\/#primaryimage","url":"https:\/\/www.nooteboom.com\/wp-content\/uploads\/BSP_NOOTEBOOMCURSUS_-4-van-21.jpg","contentUrl":"https:\/\/www.nooteboom.com\/wp-content\/uploads\/BSP_NOOTEBOOMCURSUS_-4-van-21.jpg","width":5472,"height":3648,"caption":"Nooteboom V-tas Cursus"},{"@type":"BreadcrumbList","@id":"https:\/\/www.nooteboom.com\/de\/allgemeine-kurse\/#breadcrumb","itemListElement":[{"@type":"ListItem","position":1,"name":"Home","item":"https:\/\/www.nooteboom.com\/de\/"},{"@type":"ListItem","position":2,"name":"Allgemeine Kurse"}]},{"@type":"WebSite","@id":"https:\/\/www.nooteboom.com\/de\/#website","url":"https:\/\/www.nooteboom.com\/de\/","name":"Nooteboom Trailers","description":"Gets you there.","publisher":{"@id":"https:\/\/www.nooteboom.com\/de\/#organization"},"potentialAction":[{"@type":"SearchAction","target":{"@type":"EntryPoint","urlTemplate":"https:\/\/www.nooteboom.com\/de\/?s={search_term_string}"},"query-input":{"@type":"PropertyValueSpecification","valueRequired":true,"valueName":"search_term_string"}}],"inLanguage":"de"},{"@type":"Organization","@id":"https:\/\/www.nooteboom.com\/de\/#organization","name":"Nooteboom Trailers","url":"https:\/\/www.nooteboom.com\/de\/","logo":{"@type":"ImageObject","inLanguage":"de","@id":"https:\/\/www.nooteboom.com\/de\/#\/schema\/logo\/image\/","url":"https:\/\/www.nooteboom.com\/wp-content\/uploads\/logo.png","contentUrl":"https:\/\/www.nooteboom.com\/wp-content\/uploads\/logo.png","width":111,"height":66,"caption":"Nooteboom Trailers"},"image":{"@id":"https:\/\/www.nooteboom.com\/de\/#\/schema\/logo\/image\/"},"sameAs":["https:\/\/nl-nl.facebook.com\/nooteboomtrailers\/","https:\/\/nl.linkedin.com\/company\/nooteboom-trailers","https:\/\/www.youtube.com\/user\/Nooteboomtrailers"]}]}},"_links":{"self":[{"href":"https:\/\/www.nooteboom.com\/de\/wp-json\/wp\/v2\/pages\/1742906","targetHints":{"allow":["GET"]}}],"collection":[{"href":"https:\/\/www.nooteboom.com\/de\/wp-json\/wp\/v2\/pages"}],"about":[{"href":"https:\/\/www.nooteboom.com\/de\/wp-json\/wp\/v2\/types\/page"}],"author":[{"embeddable":true,"href":"https:\/\/www.nooteboom.com\/de\/wp-json\/wp\/v2\/users\/45"}],"replies":[{"embeddable":true,"href":"https:\/\/www.nooteboom.com\/de\/wp-json\/wp\/v2\/comments?post=1742906"}],"version-history":[{"count":6,"href":"https:\/\/www.nooteboom.com\/de\/wp-json\/wp\/v2\/pages\/1742906\/revisions"}],"predecessor-version":[{"id":1742935,"href":"https:\/\/www.nooteboom.com\/de\/wp-json\/wp\/v2\/pages\/1742906\/revisions\/1742935"}],"wp:featuredmedia":[{"embeddable":true,"href":"https:\/\/www.nooteboom.com\/de\/wp-json\/wp\/v2\/media\/1612564"}],"wp:attachment":[{"href":"https:\/\/www.nooteboom.com\/de\/wp-json\/wp\/v2\/media?parent=1742906"}],"curies":[{"name":"wp","href":"https:\/\/api.w.org\/{rel}","templated":true}]}}