{"id":1742904,"date":"2019-04-24T09:07:21","date_gmt":"2019-04-24T07:07:21","guid":{"rendered":"https:\/\/www.nooteboom.com\/basiskurse\/"},"modified":"2019-04-24T09:55:53","modified_gmt":"2019-04-24T07:55:53","slug":"basiskurse","status":"publish","type":"page","link":"https:\/\/www.nooteboom.com\/de\/basiskurse\/","title":{"rendered":"Basiskurse"},"content":{"rendered":"<div class=\"wpb-content-wrapper\"><p>[vc_row][vc_column width=&#8220;1\/2&#8243;][vc_column_text]<\/p>\n<h5>Allround-Fahrer stra\u00dfengebundene Spezialtransporte<\/h5>\n<p>Viert\u00e4gige, besonders praxisnahe Schulung, in der Sie mehr \u00fcber den Transport von Spezialladungen, Fahrzeugkenntnisse, alle abweichenden Vorschriften und die abweichende Fahrweise beim Fahren im Sondertransport erfahren.[\/vc_column_text][\/vc_column][vc_column width=&#8220;1\/2&#8243;][vc_column_text]<\/p>\n<h5>Fahrer Langtransporte<\/h5>\n<p>Zweit\u00e4giges Training, bei dem Sie sich mehr \u00fcber die gesetzlichen Bestimmungen, Vorschriften und Ausnahmen im Transport von langen Ladungen erfahren. Sie lernen auch, Ihre (lange) Ladung optimal zu verteilen, zu sichern und zu kontrollieren. Sie\u00a0machen Fahrten, die zweite mit einer l\u00e4ngeren Ladung.[\/vc_column_text][\/vc_column][\/vc_row][vc_row][vc_column width=&#8220;1\/2&#8243;][vc_column_text]<\/p>\n<h5>Fahrer \u00dcberbreite Transporte<\/h5>\n<p>Zweit\u00e4giger Kurs, in dem Sie unter anderem die gesetzlichen Bestimmungen, Vorschriften und Ausnahmen beim Transport von breiten Ladungen kennenlernen. Sie lernen auch, Ihre (breite) Ladung optimal zu verteilen, zu sichern und zu kontrollieren. Sie machen zwei Fahrten, die zweite mit einer breiteren Ladung.[\/vc_column_text][\/vc_column][vc_column width=&#8220;1\/2&#8243;][vc_column_text]<\/p>\n<h5>Fahrer selbstfahrende Maschinen<\/h5>\n<p>Zweit\u00e4giges Training, bei dem Sie die gesetzlichen Bestimmungen, Vorschriften und Aus nahmen f\u00fcr den Transport, das Be- und Entladen von selbstfahrenden G\u00fctern kennenler nen. Sie lernen, wie Sie selbstfahrende Ger\u00e4te wie Hubarbeitsb\u00fchnen, Teleskoplader, Gabelstapler und Traktoren bedienen und man\u00f6vrieren.[\/vc_column_text][\/vc_column][\/vc_row][vc_row][vc_column]\n\t\t\t<div class=\"vc_products spotlight centered\">\n\n\t\t\t\n\t\t\t<div class=\"wrapper\">\n\n\t\t\t\t\t\t\t\t\t<li class=\"spotlight__item carousel__slide\">\n\t<div class=\"spotlight__inner\">\n\n\t\t\t<figure>\n\t\t<img\n\t\t\tsrc=\"https:\/\/www.nooteboom.com\/wp-content\/uploads\/NA02-IMG_8735-500x333.jpg\"\n\t\t\talt=\"Allround-Fahrer stra\u00dfengebundene Spezialtransporte, Basiskurs\"\n\t\t\t\t\t\t\tsrcset=\"https:\/\/www.nooteboom.com\/wp-content\/uploads\/NA02-IMG_8735-300x199.jpg 300w,https:\/\/www.nooteboom.com\/wp-content\/uploads\/NA02-IMG_8735-768x511.jpg 768w,https:\/\/www.nooteboom.com\/wp-content\/uploads\/NA02-IMG_8735-1024x681.jpg 1024w\"\n\t\t\t\tsizes=\"(max-width: 500px) 100vw, 500px\"\n\t\t\t\t\t>\n\t<\/figure>\n\n        <div class=\"spotlight__content\">\n            <p class=\"spotlight__title\">Allround-Fahrer stra\u00dfengebundene Spezialtransporte, Basiskurs<\/p>\n\n            <p>Der Kurs Fahrer stra\u00dfengebundene Spezialtransporte gew\u00e4hrleistet den sicheren und verantwortungsbewussten Transport von Langgut auf dem niederl\u00e4ndischen Stra\u00dfennetz. Wir sprechen von Transporten, die in L\u00e4nge, Breite, H\u00f6he, Gewicht oder mit einem au\u00dfergew\u00f6hnlichen Sicherheitsrisiko abweichen.<\/p>\n\n            <a href=\"https:\/\/www.nooteboom.com\/de\/nooteboom-academy\/allround-fahrer-strasengebundene-spezialtransporte-basiskurs\/\" class=\"button red\">\n                Lesen Sie mehr\r\n                <span class=\"fa fa-chevron-right\"><\/span>\n            <\/a>\n        <\/div>\n\n\t<\/div>\n<\/li>\t\t\t\t\t\t\t\t\t<li class=\"spotlight__item carousel__slide\">\n\t<div class=\"spotlight__inner\">\n\n\t\t\t<figure>\n\t\t<img\n\t\t\tsrc=\"https:\/\/www.nooteboom.com\/wp-content\/uploads\/NA-02-NA-03-scaled-500x333.jpg\"\n\t\t\talt=\"Fahrer breite Transporte, Basiskurs\"\n\t\t\t\t\t\t\tsrcset=\"https:\/\/www.nooteboom.com\/wp-content\/uploads\/NA-02-NA-03-scaled-300x199.jpg 300w,https:\/\/www.nooteboom.com\/wp-content\/uploads\/NA-02-NA-03-scaled-768x511.jpg 768w,https:\/\/www.nooteboom.com\/wp-content\/uploads\/NA-02-NA-03-scaled-1024x681.jpg 1024w\"\n\t\t\t\tsizes=\"(max-width: 500px) 100vw, 500px\"\n\t\t\t\t\t>\n\t<\/figure>\n\n        <div class=\"spotlight__content\">\n            <p class=\"spotlight__title\">Fahrer breite Transporte, Basiskurs<\/p>\n\n            <p>Der Kurs Fahrer breite Transporte gew\u00e4hrleistet den sicheren und verantwortungsbewussten Transport von breiten Lasten \u00fcber das niederl\u00e4ndische Stra\u00dfennetz. Wir sprechen von Transporten, die in der Breite abweichen und ein erh\u00f6htes Sicherheitsrisiko mit sich bringen.<\/p>\n\n            <a href=\"https:\/\/www.nooteboom.com\/de\/nooteboom-academy\/fahrer-breite-transporte-basiskurs\/\" class=\"button red\">\n                Lesen Sie mehr\r\n                <span class=\"fa fa-chevron-right\"><\/span>\n            <\/a>\n        <\/div>\n\n\t<\/div>\n<\/li>\t\t\t\t\t\t\t\t\t<li class=\"spotlight__item carousel__slide\">\n\t<div class=\"spotlight__inner\">\n\n\t\t\t<figure>\n\t\t<img\n\t\t\tsrc=\"https:\/\/www.nooteboom.com\/wp-content\/uploads\/NA06-Nooteboom-Teletrailer-OVB-65-04VT-LA-van-den-Heuvel_PWW6987-500x333.jpg\"\n\t\t\talt=\"Fahrer Langtransporte, Basiskurs\"\n\t\t\t\t\t\t\tsrcset=\"https:\/\/www.nooteboom.com\/wp-content\/uploads\/NA06-Nooteboom-Teletrailer-OVB-65-04VT-LA-van-den-Heuvel_PWW6987-300x199.jpg 300w,https:\/\/www.nooteboom.com\/wp-content\/uploads\/NA06-Nooteboom-Teletrailer-OVB-65-04VT-LA-van-den-Heuvel_PWW6987-768x511.jpg 768w,https:\/\/www.nooteboom.com\/wp-content\/uploads\/NA06-Nooteboom-Teletrailer-OVB-65-04VT-LA-van-den-Heuvel_PWW6987-1024x681.jpg 1024w\"\n\t\t\t\tsizes=\"(max-width: 500px) 100vw, 500px\"\n\t\t\t\t\t>\n\t<\/figure>\n\n        <div class=\"spotlight__content\">\n            <p class=\"spotlight__title\">Fahrer Langtransporte, Basiskurs<\/p>\n\n            <p>Der Kurs Fahrer Langtransport gew\u00e4hrleistet den sicheren und verantwortungsbewussten Transport von Langgut auf dem niederl\u00e4ndischen Stra\u00dfennetz. Wir sprechen von Transporten, die in der L\u00e4nge abweichen und ein erh\u00f6htes Sicherheitsrisiko mit sich bringen.<\/p>\n\n            <a href=\"https:\/\/www.nooteboom.com\/de\/nooteboom-academy\/fahrer-langtransporte-basiskurs\/\" class=\"button red\">\n                Lesen Sie mehr\r\n                <span class=\"fa fa-chevron-right\"><\/span>\n            <\/a>\n        <\/div>\n\n\t<\/div>\n<\/li>\t\t\t\t\t\t\t\t\t<li class=\"spotlight__item carousel__slide\">\n\t<div class=\"spotlight__inner\">\n\n\t\t\t<figure>\n\t\t<img\n\t\t\tsrc=\"https:\/\/www.nooteboom.com\/wp-content\/uploads\/NA-09-20180726_105334-500x333.jpg\"\n\t\t\talt=\"Fahrer Selbstfahrende Maschinen Basiskurs\"\n\t\t\t\t\t\t\tsrcset=\"https:\/\/www.nooteboom.com\/wp-content\/uploads\/NA-09-20180726_105334-300x199.jpg 300w,https:\/\/www.nooteboom.com\/wp-content\/uploads\/NA-09-20180726_105334-768x511.jpg 768w,https:\/\/www.nooteboom.com\/wp-content\/uploads\/NA-09-20180726_105334-1024x681.jpg 1024w\"\n\t\t\t\tsizes=\"(max-width: 500px) 100vw, 500px\"\n\t\t\t\t\t>\n\t<\/figure>\n\n        <div class=\"spotlight__content\">\n            <p class=\"spotlight__title\">Fahrer Selbstfahrende Maschinen Basiskurs<\/p>\n\n            <p>Der Kurs Fahrer Selbstfahrende Ausr\u00fcstung gew\u00e4hrleistet den sicheren und verantwortungsbewussten Transport von selbstfahrenden Ger\u00e4ten auf Semitiefladern, Tiefladern oder Anh\u00e4ngern \u00fcber das niederl\u00e4ndische Stra\u00dfennetz.\u00a0Es handelt sich um Transporte, bei denen selbstfahrende Maschinen vom Fahrer zum Be- und Entladen mittels Auffahrrampen oder Keilen auf das Fahrzeug oder vom Fahrzeug bewegt werden m\u00fcssen.<\/p>\n\n            <a href=\"https:\/\/www.nooteboom.com\/de\/nooteboom-academy\/driver-self-propelled-equipment-basicfahrer-von-maschinen-auf-selbstfahrender-basis\/\" class=\"button red\">\n                Lesen Sie mehr\r\n                <span class=\"fa fa-chevron-right\"><\/span>\n            <\/a>\n        <\/div>\n\n\t<\/div>\n<\/li>\t\t\t\t\n\t\t\t<\/div>\n\n\t\t<\/div>\n\t\t[\/vc_column][\/vc_row][vc_row full_width=&#8220;stretch_row&#8220; row_class=&#8220;&#8220;][vc_column]\t<div id=\"banner-6a045cc018dd1\" class=\"vc_banner banner\">\n\n\t\t<ul class=\"slides\">\n\t\t\t                \t\t\t\t<style>\n\t\t\t\t\t#slide-25289 {\n\t\t\t\t\t\tbackground-image: url('https:\/\/www.nooteboom.com\/wp-content\/uploads\/NOOTEBOOM1902-IMG_7255-1-800x400.jpg');\n\t\t\t\t\t}\n\t\t\t\t\t@media (min-width: 768px) {\n\t\t\t\t\t\t#slide-25289 {\n\t\t\t\t\t\t\tbackground-image: url('https:\/\/www.nooteboom.com\/wp-content\/uploads\/NOOTEBOOM1902-IMG_7255-1-1024x683.jpg');\n\t\t\t\t\t\t}\n\t\t\t\t\t}\n\t\t\t\t\t@media (min-width: 1200px) {\n\t\t\t\t\t\t#slide-25289 {\n\t\t\t\t\t\t\tbackground-image: url('https:\/\/www.nooteboom.com\/wp-content\/uploads\/NOOTEBOOM1902-IMG_7255-1-1800x960.jpg');\n\t\t\t\t\t\t}\n\t\t\t\t\t}\n\t\t\t\t\t@media (min-width: 1920px) {\n\t\t\t\t\t\t#slide-25289 {\n\t\t\t\t\t\t\tbackground-image: url('https:\/\/www.nooteboom.com\/wp-content\/uploads\/NOOTEBOOM1902-IMG_7255-1.jpg');\n\t\t\t\t\t\t}\n\t\t\t\t\t}\n\t\t\t\t<\/style>\n\t\t\t\t<li id=\"slide-25289\" class=\"banner__slide\">\n\n\t\t\t\t\t\t\t\t\t\t\t<p><strong>Der Nooteboom Academy <\/strong><br \/>\nin Aktion<\/p>\n\t\t\t\t\t\n\t\t\t\t\t<div class=\"banner__ovelay\"><\/div>\n\n\t\t\t\t<\/li>\n\t\t\t\t\t\t\t\t\t<\/ul>\n\n\t<\/div>\n\n\t<script type=\"text\/javascript\">\n\t\tjQuery( document ).ready( function( $ ) {\n\n\t\t\t$( '#banner-6a045cc018dd1' ).flexslider( {\n\t\t\t\tanimation: 'fade',\n\t\t\t\tdirectionNav: false,\n\t\t\t\tcontrolNav: true\n\t\t\t} );\n\n\t\t} );\n\t<\/script>\n\n\t<div class=\"banner__pager\">\n\t\t<span class=\"active\"><\/span><span><\/span><span><\/span>\n\t<\/div>\n\n[\/vc_column][\/vc_row][vc_row][vc_column]<div class=\"vc_quote person\">\n\n\t\t\t<div class=\"person__col\">\n\n\t\t\t<p>\n\t\t\t\t\u2018Endlich ein Praktikum mit unserem eigenen Tieflader\u2019\t\t\t\t\t\t\t<\/p>\n\n\t\t\t\n\t\t<\/div>\n\t\n\t\t\t<div class=\"content\">\n\t\t\t<p>\u201cWir wollten eine praktische Schulung mit unseren eigenen Tieflader absolvieren, vorzugsweise f\u00fcr Personen mit Vorkenntnissen. Bald landeten wir in der Nooteboom Academy. Zusammen mit einem der Techniker und Trainer haben wir ein \u2018Zweverink-Programm\u2019 erstellt. Ma\u00dfgeschneidert, speziell auf unsere W\u00fcnsche ausgerichtet und so, dass alles unter die Regeln des Code 95 f\u00e4llt. Zehn unserer Mitarbeiter haben die Ausbildung abgeschlossen, auch Nicht-Fahrer. Das war eine bewusste Entscheidung. Zehn wissen mehr als einer. Dar\u00fcber hinaus hilft zus\u00e4tzliches Wissen mehr Menschen, das Beste aus unserem Tieflader herauszuholen und unn\u00f6tige Sch\u00e4den und Kosten zu vermeiden. Die Arbeit mit unserem eigenen Tieflader f\u00fchlte sich gut an, wir hatten keine Anfahrt und waren in unserer eigenen, vertrauten Umgebung.\u201d<\/p>\n<p><strong>Erwin Radix<\/strong><br \/>\nTieflader-Fahrer Zweverink Bosbouw, Hoog Soeren<\/p>\n<p><img loading=\"lazy\" decoding=\"async\" class=\"alignnone wp-image-1742706\" src=\"https:\/\/www.nooteboom.com\/wp-content\/uploads\/logozweverink-300x67.jpg\" alt=\"Zweverink Bosbouw\" width=\"281\" height=\"60\" \/><\/p>\n\t\t<\/div>\n\t\n<\/div>[\/vc_column][\/vc_row][vc_row][vc_column][vc_text_separator title=&#8220;Sehen Sie unsere Schulungen&#8220; color=&#8220;custom&#8220; accent_color=&#8220;#d6002a&#8220;][vc_column_text]<\/p>\n<p style=\"text-align: center;\"><a class=\"button\" href=\"https:\/\/www.nooteboom.com\/de\/basiskurse\/\">Basiskurse<\/a>\u00a0 \u00a0<a class=\"button\" href=\"https:\/\/www.nooteboom.com\/de\/kurse-fur-fortgeschrittene\/\">Kurse f\u00fcr Fortgeschrittene<\/a>\u00a0 \u00a0<a class=\"button\" href=\"https:\/\/www.nooteboom.com\/de\/allgemeine-kurse\/\">Allgemeine Kurse<\/a><\/p>\n<p>[\/vc_column_text][vc_btn title=&#8220;ZUR\u00dcCK ZUR NOOTEBOOM ACADEMY&#8220; align=&#8220;center&#8220; i_icon_fontawesome=&#8220;fa fa-backward&#8220; add_icon=&#8220;true&#8220; link=&#8220;url:https%3A%2F%2Fwww.nooteboom.com%2Fde%2Fnooteboom-academy%2F|&#8220;][\/vc_column][\/vc_row]<\/p>\n<\/div>","protected":false},"excerpt":{"rendered":"[vc_row][vc_column width=&#8220;1\/2&#8243;][vc_column_text] Allround-Fahrer stra\u00dfengebundene Spezialtransporte Viert\u00e4gige, besonders praxisnahe Schulung, in der Sie mehr \u00fcber den Transport von Spezialladungen, Fahrzeugkenntnisse, alle&#8230;","protected":false},"author":45,"featured_media":1742699,"parent":0,"menu_order":0,"comment_status":"closed","ping_status":"closed","template":"","meta":{"_acf_changed":false,"inline_featured_image":false,"footnotes":""},"class_list":["post-1742904","page","type-page","status-publish","has-post-thumbnail","hentry"],"acf":[],"yoast_head":"<!-- This site is optimized with the Yoast SEO Premium plugin v25.7.1 (Yoast SEO v25.7) - https:\/\/yoast.com\/wordpress\/plugins\/seo\/ -->\n<title>Basiskurse | Nooteboom Trailers<\/title>\n<meta name=\"robots\" content=\"index, follow, max-snippet:-1, max-image-preview:large, max-video-preview:-1\" \/>\n<link rel=\"canonical\" href=\"https:\/\/www.nooteboom.com\/de\/basiskurse\/\" \/>\n<meta property=\"og:locale\" content=\"de_DE\" \/>\n<meta property=\"og:type\" content=\"article\" \/>\n<meta property=\"og:title\" content=\"Basiskurse\" \/>\n<meta property=\"og:description\" content=\"[vc_row][vc_column width=&#8220;1\/2&#8243;][vc_column_text] Allround-Fahrer stra\u00dfengebundene Spezialtransporte Viert\u00e4gige, besonders praxisnahe Schulung, in der Sie mehr \u00fcber den Transport von Spezialladungen, Fahrzeugkenntnisse, alle...\" \/>\n<meta property=\"og:url\" content=\"https:\/\/www.nooteboom.com\/de\/basiskurse\/\" \/>\n<meta property=\"og:site_name\" content=\"Nooteboom Trailers\" \/>\n<meta property=\"article:publisher\" content=\"https:\/\/nl-nl.facebook.com\/nooteboomtrailers\/\" \/>\n<meta property=\"article:modified_time\" content=\"2019-04-24T07:55:53+00:00\" \/>\n<meta property=\"og:image\" content=\"https:\/\/www.nooteboom.com\/wp-content\/uploads\/NOOTEBOOM1902-BSP_NOOTEBOOMCURSUS_-21-van-21.jpg\" \/>\n\t<meta property=\"og:image:width\" content=\"1799\" \/>\n\t<meta property=\"og:image:height\" content=\"1200\" \/>\n\t<meta property=\"og:image:type\" content=\"image\/jpeg\" \/>\n<meta name=\"twitter:card\" content=\"summary_large_image\" \/>\n<meta name=\"twitter:label1\" content=\"Gesch\u00e4tzte Lesezeit\" \/>\n\t<meta name=\"twitter:data1\" content=\"2\u00a0Minuten\" \/>\n<script type=\"application\/ld+json\" class=\"yoast-schema-graph\">{\"@context\":\"https:\/\/schema.org\",\"@graph\":[{\"@type\":\"WebPage\",\"@id\":\"https:\/\/www.nooteboom.com\/de\/basiskurse\/\",\"url\":\"https:\/\/www.nooteboom.com\/de\/basiskurse\/\",\"name\":\"Basiskurse | Nooteboom Trailers\",\"isPartOf\":{\"@id\":\"https:\/\/www.nooteboom.com\/de\/#website\"},\"primaryImageOfPage\":{\"@id\":\"https:\/\/www.nooteboom.com\/de\/basiskurse\/#primaryimage\"},\"image\":{\"@id\":\"https:\/\/www.nooteboom.com\/de\/basiskurse\/#primaryimage\"},\"thumbnailUrl\":\"https:\/\/www.nooteboom.com\/wp-content\/uploads\/NOOTEBOOM1902-BSP_NOOTEBOOMCURSUS_-21-van-21.jpg\",\"datePublished\":\"2019-04-24T07:07:21+00:00\",\"dateModified\":\"2019-04-24T07:55:53+00:00\",\"breadcrumb\":{\"@id\":\"https:\/\/www.nooteboom.com\/de\/basiskurse\/#breadcrumb\"},\"inLanguage\":\"de\",\"potentialAction\":[{\"@type\":\"ReadAction\",\"target\":[\"https:\/\/www.nooteboom.com\/de\/basiskurse\/\"]}]},{\"@type\":\"ImageObject\",\"inLanguage\":\"de\",\"@id\":\"https:\/\/www.nooteboom.com\/de\/basiskurse\/#primaryimage\",\"url\":\"https:\/\/www.nooteboom.com\/wp-content\/uploads\/NOOTEBOOM1902-BSP_NOOTEBOOMCURSUS_-21-van-21.jpg\",\"contentUrl\":\"https:\/\/www.nooteboom.com\/wp-content\/uploads\/NOOTEBOOM1902-BSP_NOOTEBOOMCURSUS_-21-van-21.jpg\",\"width\":1799,\"height\":1200,\"caption\":\"Nooteboom Academy Basic Courses\"},{\"@type\":\"BreadcrumbList\",\"@id\":\"https:\/\/www.nooteboom.com\/de\/basiskurse\/#breadcrumb\",\"itemListElement\":[{\"@type\":\"ListItem\",\"position\":1,\"name\":\"Home\",\"item\":\"https:\/\/www.nooteboom.com\/de\/\"},{\"@type\":\"ListItem\",\"position\":2,\"name\":\"Basiskurse\"}]},{\"@type\":\"WebSite\",\"@id\":\"https:\/\/www.nooteboom.com\/de\/#website\",\"url\":\"https:\/\/www.nooteboom.com\/de\/\",\"name\":\"Nooteboom Trailers\",\"description\":\"Gets you there.\",\"publisher\":{\"@id\":\"https:\/\/www.nooteboom.com\/de\/#organization\"},\"potentialAction\":[{\"@type\":\"SearchAction\",\"target\":{\"@type\":\"EntryPoint\",\"urlTemplate\":\"https:\/\/www.nooteboom.com\/de\/?s={search_term_string}\"},\"query-input\":{\"@type\":\"PropertyValueSpecification\",\"valueRequired\":true,\"valueName\":\"search_term_string\"}}],\"inLanguage\":\"de\"},{\"@type\":\"Organization\",\"@id\":\"https:\/\/www.nooteboom.com\/de\/#organization\",\"name\":\"Nooteboom Trailers\",\"url\":\"https:\/\/www.nooteboom.com\/de\/\",\"logo\":{\"@type\":\"ImageObject\",\"inLanguage\":\"de\",\"@id\":\"https:\/\/www.nooteboom.com\/de\/#\/schema\/logo\/image\/\",\"url\":\"https:\/\/www.nooteboom.com\/wp-content\/uploads\/logo.png\",\"contentUrl\":\"https:\/\/www.nooteboom.com\/wp-content\/uploads\/logo.png\",\"width\":111,\"height\":66,\"caption\":\"Nooteboom Trailers\"},\"image\":{\"@id\":\"https:\/\/www.nooteboom.com\/de\/#\/schema\/logo\/image\/\"},\"sameAs\":[\"https:\/\/nl-nl.facebook.com\/nooteboomtrailers\/\",\"https:\/\/nl.linkedin.com\/company\/nooteboom-trailers\",\"https:\/\/www.youtube.com\/user\/Nooteboomtrailers\"]}]}<\/script>\n<!-- \/ Yoast SEO Premium plugin. -->","yoast_head_json":{"title":"Basiskurse | Nooteboom Trailers","robots":{"index":"index","follow":"follow","max-snippet":"max-snippet:-1","max-image-preview":"max-image-preview:large","max-video-preview":"max-video-preview:-1"},"canonical":"https:\/\/www.nooteboom.com\/de\/basiskurse\/","og_locale":"de_DE","og_type":"article","og_title":"Basiskurse","og_description":"[vc_row][vc_column width=&#8220;1\/2&#8243;][vc_column_text] Allround-Fahrer stra\u00dfengebundene Spezialtransporte Viert\u00e4gige, besonders praxisnahe Schulung, in der Sie mehr \u00fcber den Transport von Spezialladungen, Fahrzeugkenntnisse, alle...","og_url":"https:\/\/www.nooteboom.com\/de\/basiskurse\/","og_site_name":"Nooteboom Trailers","article_publisher":"https:\/\/nl-nl.facebook.com\/nooteboomtrailers\/","article_modified_time":"2019-04-24T07:55:53+00:00","og_image":[{"width":1799,"height":1200,"url":"https:\/\/www.nooteboom.com\/wp-content\/uploads\/NOOTEBOOM1902-BSP_NOOTEBOOMCURSUS_-21-van-21.jpg","type":"image\/jpeg"}],"twitter_card":"summary_large_image","twitter_misc":{"Gesch\u00e4tzte Lesezeit":"2\u00a0Minuten"},"schema":{"@context":"https:\/\/schema.org","@graph":[{"@type":"WebPage","@id":"https:\/\/www.nooteboom.com\/de\/basiskurse\/","url":"https:\/\/www.nooteboom.com\/de\/basiskurse\/","name":"Basiskurse | Nooteboom Trailers","isPartOf":{"@id":"https:\/\/www.nooteboom.com\/de\/#website"},"primaryImageOfPage":{"@id":"https:\/\/www.nooteboom.com\/de\/basiskurse\/#primaryimage"},"image":{"@id":"https:\/\/www.nooteboom.com\/de\/basiskurse\/#primaryimage"},"thumbnailUrl":"https:\/\/www.nooteboom.com\/wp-content\/uploads\/NOOTEBOOM1902-BSP_NOOTEBOOMCURSUS_-21-van-21.jpg","datePublished":"2019-04-24T07:07:21+00:00","dateModified":"2019-04-24T07:55:53+00:00","breadcrumb":{"@id":"https:\/\/www.nooteboom.com\/de\/basiskurse\/#breadcrumb"},"inLanguage":"de","potentialAction":[{"@type":"ReadAction","target":["https:\/\/www.nooteboom.com\/de\/basiskurse\/"]}]},{"@type":"ImageObject","inLanguage":"de","@id":"https:\/\/www.nooteboom.com\/de\/basiskurse\/#primaryimage","url":"https:\/\/www.nooteboom.com\/wp-content\/uploads\/NOOTEBOOM1902-BSP_NOOTEBOOMCURSUS_-21-van-21.jpg","contentUrl":"https:\/\/www.nooteboom.com\/wp-content\/uploads\/NOOTEBOOM1902-BSP_NOOTEBOOMCURSUS_-21-van-21.jpg","width":1799,"height":1200,"caption":"Nooteboom Academy Basic Courses"},{"@type":"BreadcrumbList","@id":"https:\/\/www.nooteboom.com\/de\/basiskurse\/#breadcrumb","itemListElement":[{"@type":"ListItem","position":1,"name":"Home","item":"https:\/\/www.nooteboom.com\/de\/"},{"@type":"ListItem","position":2,"name":"Basiskurse"}]},{"@type":"WebSite","@id":"https:\/\/www.nooteboom.com\/de\/#website","url":"https:\/\/www.nooteboom.com\/de\/","name":"Nooteboom Trailers","description":"Gets you there.","publisher":{"@id":"https:\/\/www.nooteboom.com\/de\/#organization"},"potentialAction":[{"@type":"SearchAction","target":{"@type":"EntryPoint","urlTemplate":"https:\/\/www.nooteboom.com\/de\/?s={search_term_string}"},"query-input":{"@type":"PropertyValueSpecification","valueRequired":true,"valueName":"search_term_string"}}],"inLanguage":"de"},{"@type":"Organization","@id":"https:\/\/www.nooteboom.com\/de\/#organization","name":"Nooteboom Trailers","url":"https:\/\/www.nooteboom.com\/de\/","logo":{"@type":"ImageObject","inLanguage":"de","@id":"https:\/\/www.nooteboom.com\/de\/#\/schema\/logo\/image\/","url":"https:\/\/www.nooteboom.com\/wp-content\/uploads\/logo.png","contentUrl":"https:\/\/www.nooteboom.com\/wp-content\/uploads\/logo.png","width":111,"height":66,"caption":"Nooteboom Trailers"},"image":{"@id":"https:\/\/www.nooteboom.com\/de\/#\/schema\/logo\/image\/"},"sameAs":["https:\/\/nl-nl.facebook.com\/nooteboomtrailers\/","https:\/\/nl.linkedin.com\/company\/nooteboom-trailers","https:\/\/www.youtube.com\/user\/Nooteboomtrailers"]}]}},"_links":{"self":[{"href":"https:\/\/www.nooteboom.com\/de\/wp-json\/wp\/v2\/pages\/1742904","targetHints":{"allow":["GET"]}}],"collection":[{"href":"https:\/\/www.nooteboom.com\/de\/wp-json\/wp\/v2\/pages"}],"about":[{"href":"https:\/\/www.nooteboom.com\/de\/wp-json\/wp\/v2\/types\/page"}],"author":[{"embeddable":true,"href":"https:\/\/www.nooteboom.com\/de\/wp-json\/wp\/v2\/users\/45"}],"replies":[{"embeddable":true,"href":"https:\/\/www.nooteboom.com\/de\/wp-json\/wp\/v2\/comments?post=1742904"}],"version-history":[{"count":5,"href":"https:\/\/www.nooteboom.com\/de\/wp-json\/wp\/v2\/pages\/1742904\/revisions"}],"predecessor-version":[{"id":1742941,"href":"https:\/\/www.nooteboom.com\/de\/wp-json\/wp\/v2\/pages\/1742904\/revisions\/1742941"}],"wp:featuredmedia":[{"embeddable":true,"href":"https:\/\/www.nooteboom.com\/de\/wp-json\/wp\/v2\/media\/1742699"}],"wp:attachment":[{"href":"https:\/\/www.nooteboom.com\/de\/wp-json\/wp\/v2\/media?parent=1742904"}],"curies":[{"name":"wp","href":"https:\/\/api.w.org\/{rel}","templated":true}]}}