{"id":1738808,"date":"2018-12-05T13:26:18","date_gmt":"2018-12-05T12:26:18","guid":{"rendered":"https:\/\/www.nooteboom.com\/?page_id=1738808"},"modified":"2022-03-14T08:19:49","modified_gmt":"2022-03-14T07:19:49","slug":"novab-3-0-bestellen","status":"publish","type":"page","link":"https:\/\/www.nooteboom.com\/de\/novab-3-0-bestellen\/","title":{"rendered":"NOVAB 3.0 bestellen"},"content":{"rendered":"<div class=\"wpb-content-wrapper\"><p>[vc_row][vc_column][vc_column_text]<\/p>\n<h2><a id=\"Prijzen\"><\/a>Preise<\/h2>\n<p>Die NoVAB 3.0 Cloud-Version ist in Form eines Abonnements erh\u00e4ltlich, f\u00fcr das Sie j\u00e4hrlich 199,- EUR bezahlen. M\u00f6chten Sie in NoVAB mit mehr (max. 5) Nutzern gleichzeitig arbeiten? Kein Problem, wir bieten auch daf\u00fcr ein Abonnement an! Wenn Sie diese neue NoVAB 3.0 zuerst auszuprobieren m\u00f6chten, k\u00f6nnen Sie unsere kostenlose 10-Tages-Testversion verwenden. Wenn Sie l\u00e4nger testen m\u00f6chten, k\u00f6nnen Sie sich f\u00fcr ein 3-monatiges Probeabonnement f\u00fcr EUR 59,- entscheiden.[\/vc_column_text][\/vc_column][\/vc_row][vc_row][vc_column width=&#8220;1\/4&#8243;][vc_raw_html]JTNDZGl2JTIwY2xhc3MlM0QlMjJlY3NwJTIwZWNzcC1TaW5nbGVQcm9kdWN0LXYyJTIwZWNzcC1TaW5nbGVQcm9kdWN0LXYyLWJvcmRlcmVkJTIwZWNzcC1TaW5nbGVQcm9kdWN0LXYyLWNlbnRlcmVkJTIwZWNzcC1Qcm9kdWN0JTIwZWMtUHJvZHVjdC0zODA4MDg0NTglMjIlMjBpdGVtdHlwZSUzRCUyMmh0dHAlM0ElMkYlMkZzY2hlbWEub3JnJTJGUHJvZHVjdCUyMiUyMGRhdGEtc2luZ2xlLXByb2R1Y3QtaWQlM0QlMjIzODA4MDg0NTglMjIlM0UlM0NkaXYlMjBpdGVtcHJvcCUzRCUyMmltYWdlJTIyJTNFJTNDJTJGZGl2JTNFJTNDZGl2JTIwY2xhc3MlM0QlMjJlY3NwLXRpdGxlJTIyJTIwaXRlbXByb3AlM0QlMjJuYW1lJTIyJTIwc3R5bGUlM0QlMjJkaXNwbGF5JTNBbm9uZSUzQiUyMiUyMGNvbnRlbnQlM0QlMjIxMCUyMGRheXMlMjBGUkVFJTIwdHJpYWwlMjBzdWJzY3JpcHRpb24lMjAlMjhzaW5nbGUlMjB1c2VyJTI5JTIyJTNFJTNDJTJGZGl2JTNFJTNDZGl2JTIwY3VzdG9tcHJvcCUzRCUyMm9wdGlvbnMlMjIlM0UlM0MlMkZkaXYlM0UlM0NkaXYlMjBjdXN0b21wcm9wJTNEJTIyYWRkdG9iYWclMjIlM0UlM0MlMkZkaXYlM0UlM0MlMkZkaXYlM0UlM0NzY3JpcHQlMjBkYXRhLWNmYXN5bmMlM0QlMjJmYWxzZSUyMiUyMHR5cGUlM0QlMjJ0ZXh0JTJGamF2YXNjcmlwdCUyMiUyMHNyYyUzRCUyMmh0dHBzJTNBJTJGJTJGYXBwLmVzdG9yZS1ob3N0Y29udHJvbC5jb20lMkZzY3JpcHQuanMlM0Y2NDE2NjAwMyUyNmRhdGFfcGxhdGZvcm0lM0RzaW5nbGVwcm9kdWN0X3YyJTIyJTIwY2hhcnNldCUzRCUyMnV0Zi04JTIyJTNFJTNDJTJGc2NyaXB0JTNFJTNDc2NyaXB0JTIwdHlwZSUzRCUyMnRleHQlMkZqYXZhc2NyaXB0JTIyJTNFeFByb2R1Y3QlMjglMjklM0MlMkZzY3JpcHQlM0U=[\/vc_raw_html][vc_column_text]<\/p>\n<p style=\"text-align: center;\"><span style=\"font-size: 18pt;\"><strong>10 Tage<\/strong><\/span><br \/>\n<span style=\"font-size: 14pt;\"><strong>1 Anwender<\/strong><\/span><\/p>\n<p style=\"text-align: center;\"><span style=\"color: #008000;\"><strong><span style=\"font-size: 36pt;\">GRATIS<\/span><\/strong><\/span><\/p>\n<p>[\/vc_column_text][\/vc_column][vc_column width=&#8220;1\/4&#8243;][vc_raw_html]JTNDZGl2JTIwY2xhc3MlM0QlMjJlY3NwJTIwZWNzcC1TaW5nbGVQcm9kdWN0LXYyJTIwZWNzcC1TaW5nbGVQcm9kdWN0LXYyLWJvcmRlcmVkJTIwZWNzcC1TaW5nbGVQcm9kdWN0LXYyLWNlbnRlcmVkJTIwZWNzcC1Qcm9kdWN0JTIwZWMtUHJvZHVjdC0zODA4MTgzMzElMjIlMjBpdGVtdHlwZSUzRCUyMmh0dHAlM0ElMkYlMkZzY2hlbWEub3JnJTJGUHJvZHVjdCUyMiUyMGRhdGEtc2luZ2xlLXByb2R1Y3QtaWQlM0QlMjIzODA4MTgzMzElMjIlM0UlM0NkaXYlMjBpdGVtcHJvcCUzRCUyMmltYWdlJTIyJTNFJTNDJTJGZGl2JTNFJTNDZGl2JTIwY2xhc3MlM0QlMjJlY3NwLXRpdGxlJTIyJTIwaXRlbXByb3AlM0QlMjJuYW1lJTIyJTIwc3R5bGUlM0QlMjJkaXNwbGF5JTNBbm9uZSUzQiUyMiUyMGNvbnRlbnQlM0QlMjIzJTIwbW9udGhzJTIwdHJpYWwlMjBzdWJzY3JpcHRpb24lMjAlMjhzaW5nbGUlMjB1c2VyJTI5JTIyJTNFJTNDJTJGZGl2JTNFJTNDZGl2JTIwY3VzdG9tcHJvcCUzRCUyMm9wdGlvbnMlMjIlM0UlM0MlMkZkaXYlM0UlM0NkaXYlMjBjdXN0b21wcm9wJTNEJTIyYWRkdG9iYWclMjIlM0UlM0MlMkZkaXYlM0UlM0MlMkZkaXYlM0UlM0NzY3JpcHQlMjBkYXRhLWNmYXN5bmMlM0QlMjJmYWxzZSUyMiUyMHR5cGUlM0QlMjJ0ZXh0JTJGamF2YXNjcmlwdCUyMiUyMHNyYyUzRCUyMmh0dHBzJTNBJTJGJTJGYXBwLmVzdG9yZS1ob3N0Y29udHJvbC5jb20lMkZzY3JpcHQuanMlM0Y2NDE2NjAwMyUyNmRhdGFfcGxhdGZvcm0lM0RzaW5nbGVwcm9kdWN0X3YyJTIyJTIwY2hhcnNldCUzRCUyMnV0Zi04JTIyJTNFJTNDJTJGc2NyaXB0JTNFJTNDc2NyaXB0JTIwdHlwZSUzRCUyMnRleHQlMkZqYXZhc2NyaXB0JTIyJTNFeFByb2R1Y3QlMjglMjklM0MlMkZzY3JpcHQlM0U=[\/vc_raw_html][vc_column_text]<\/p>\n<p style=\"text-align: center;\"><span style=\"font-size: 18pt;\"><strong>3 Monate<\/strong><\/span><br \/>\n<span style=\"font-size: 14pt;\"><strong>1 Anwender<\/strong><\/span><\/p>\n<p style=\"text-align: center;\"><span style=\"color: #d6002a;\"><strong><span style=\"font-size: 36pt;\">\u20ac 59,-<\/span><\/strong><\/span><\/p>\n<p>[\/vc_column_text][\/vc_column][vc_column width=&#8220;1\/4&#8243;][vc_raw_html]JTNDZGl2JTIwY2xhc3MlM0QlMjJlY3NwJTIwZWNzcC1TaW5nbGVQcm9kdWN0LXYyJTIwZWNzcC1TaW5nbGVQcm9kdWN0LXYyLWJvcmRlcmVkJTIwZWNzcC1TaW5nbGVQcm9kdWN0LXYyLWNlbnRlcmVkJTIwZWNzcC1Qcm9kdWN0JTIwZWMtUHJvZHVjdC0zODA4Mjc1NTclMjIlMjBpdGVtdHlwZSUzRCUyMmh0dHAlM0ElMkYlMkZzY2hlbWEub3JnJTJGUHJvZHVjdCUyMiUyMGRhdGEtc2luZ2xlLXByb2R1Y3QtaWQlM0QlMjIzODA4Mjc1NTclMjIlM0UlM0NkaXYlMjBpdGVtcHJvcCUzRCUyMmltYWdlJTIyJTNFJTNDJTJGZGl2JTNFJTNDZGl2JTIwY2xhc3MlM0QlMjJlY3NwLXRpdGxlJTIyJTIwaXRlbXByb3AlM0QlMjJuYW1lJTIyJTIwc3R5bGUlM0QlMjJkaXNwbGF5JTNBbm9uZSUzQiUyMiUyMGNvbnRlbnQlM0QlMjJhbm51YWwlMjBzdWJzY3JpcHRpb24lMjAlMjhzaW5nbGUlMjB1c2VyJTI5JTIyJTNFJTNDJTJGZGl2JTNFJTNDZGl2JTIwY3VzdG9tcHJvcCUzRCUyMm9wdGlvbnMlMjIlM0UlM0MlMkZkaXYlM0UlM0NkaXYlMjBjdXN0b21wcm9wJTNEJTIyYWRkdG9iYWclMjIlM0UlM0MlMkZkaXYlM0UlM0MlMkZkaXYlM0UlM0NzY3JpcHQlMjBkYXRhLWNmYXN5bmMlM0QlMjJmYWxzZSUyMiUyMHR5cGUlM0QlMjJ0ZXh0JTJGamF2YXNjcmlwdCUyMiUyMHNyYyUzRCUyMmh0dHBzJTNBJTJGJTJGYXBwLmVzdG9yZS1ob3N0Y29udHJvbC5jb20lMkZzY3JpcHQuanMlM0Y2NDE2NjAwMyUyNmRhdGFfcGxhdGZvcm0lM0RzaW5nbGVwcm9kdWN0X3YyJTIyJTIwY2hhcnNldCUzRCUyMnV0Zi04JTIyJTNFJTNDJTJGc2NyaXB0JTNFJTNDc2NyaXB0JTIwdHlwZSUzRCUyMnRleHQlMkZqYXZhc2NyaXB0JTIyJTNFeFByb2R1Y3QlMjglMjklM0MlMkZzY3JpcHQlM0U=[\/vc_raw_html][vc_column_text]<\/p>\n<p style=\"text-align: center;\"><span style=\"font-size: 18pt;\"><strong>1 Jahr<\/strong><\/span><br \/>\n<span style=\"font-size: 14pt;\"><strong>\u00a01 Anwender<\/strong><\/span><\/p>\n<p style=\"text-align: center;\"><span style=\"color: #d6002a;\"><strong><span style=\"font-size: 36pt;\">\u20ac 199,-<\/span><\/strong><\/span><\/p>\n<p>[\/vc_column_text][\/vc_column][vc_column width=&#8220;1\/4&#8243;][vc_raw_html]JTNDZGl2JTIwY2xhc3MlM0QlMjJlY3NwJTIwZWNzcC1TaW5nbGVQcm9kdWN0LXYyJTIwZWNzcC1TaW5nbGVQcm9kdWN0LXYyLWJvcmRlcmVkJTIwZWNzcC1TaW5nbGVQcm9kdWN0LXYyLWNlbnRlcmVkJTIwZWNzcC1Qcm9kdWN0JTIwZWMtUHJvZHVjdC0zODA4MjkwNzIlMjIlMjBpdGVtdHlwZSUzRCUyMmh0dHAlM0ElMkYlMkZzY2hlbWEub3JnJTJGUHJvZHVjdCUyMiUyMGRhdGEtc2luZ2xlLXByb2R1Y3QtaWQlM0QlMjIzODA4MjkwNzIlMjIlM0UlM0NkaXYlMjBpdGVtcHJvcCUzRCUyMmltYWdlJTIyJTNFJTNDJTJGZGl2JTNFJTNDZGl2JTIwY2xhc3MlM0QlMjJlY3NwLXRpdGxlJTIyJTIwaXRlbXByb3AlM0QlMjJuYW1lJTIyJTIwc3R5bGUlM0QlMjJkaXNwbGF5JTNBbm9uZSUzQiUyMiUyMGNvbnRlbnQlM0QlMjJhbm51YWwlMjBzdWJzY3JpcHRpb24lMjAlMjhtdWx0aSUyMHVzZXIlMjAtJTIwbWF4LiUyMDUlMjklMjIlM0UlM0MlMkZkaXYlM0UlM0NkaXYlMjBjdXN0b21wcm9wJTNEJTIyb3B0aW9ucyUyMiUzRSUzQyUyRmRpdiUzRSUzQ2RpdiUyMGN1c3RvbXByb3AlM0QlMjJhZGR0b2JhZyUyMiUzRSUzQyUyRmRpdiUzRSUzQyUyRmRpdiUzRSUzQ3NjcmlwdCUyMGRhdGEtY2Zhc3luYyUzRCUyMmZhbHNlJTIyJTIwdHlwZSUzRCUyMnRleHQlMkZqYXZhc2NyaXB0JTIyJTIwc3JjJTNEJTIyaHR0cHMlM0ElMkYlMkZhcHAuZXN0b3JlLWhvc3Rjb250cm9sLmNvbSUyRnNjcmlwdC5qcyUzRjY0MTY2MDAzJTI2ZGF0YV9wbGF0Zm9ybSUzRHNpbmdsZXByb2R1Y3RfdjIlMjIlMjBjaGFyc2V0JTNEJTIydXRmLTglMjIlM0UlM0MlMkZzY3JpcHQlM0UlM0NzY3JpcHQlMjB0eXBlJTNEJTIydGV4dCUyRmphdmFzY3JpcHQlMjIlM0V4UHJvZHVjdCUyOCUyOSUzQyUyRnNjcmlwdCUzRQ==[\/vc_raw_html][vc_column_text]<\/p>\n<p style=\"text-align: center;\"><span style=\"font-size: 18pt;\"><strong>1 Jahr<\/strong><\/span><br \/>\n<span style=\"font-size: 14pt;\"><strong>\u00a0bis zu 5 Anwender<\/strong><\/span><\/p>\n<p style=\"text-align: center;\"><span style=\"color: #d6002a;\"><strong><span style=\"font-size: 36pt;\">\u20ac 299,-<\/span><\/strong><\/span><\/p>\n<p>[\/vc_column_text][\/vc_column][\/vc_row]<\/p>\n<\/div>","protected":false},"excerpt":{"rendered":"[vc_row][vc_column][vc_column_text] Preise Die NoVAB 3.0 Cloud-Version ist in Form eines Abonnements erh\u00e4ltlich, f\u00fcr das Sie j\u00e4hrlich 199,- EUR bezahlen. M\u00f6chten&#8230;","protected":false},"author":45,"featured_media":0,"parent":0,"menu_order":0,"comment_status":"closed","ping_status":"closed","template":"","meta":{"_acf_changed":false,"inline_featured_image":false,"footnotes":""},"class_list":["post-1738808","page","type-page","status-publish","hentry"],"acf":[],"yoast_head":"<!-- This site is optimized with the Yoast SEO Premium plugin v25.7.1 (Yoast SEO v25.7) - https:\/\/yoast.com\/wordpress\/plugins\/seo\/ -->\n<title>NOVAB 3.0 bestellen | Nooteboom Trailers<\/title>\n<meta name=\"robots\" content=\"index, follow, max-snippet:-1, max-image-preview:large, max-video-preview:-1\" \/>\n<link rel=\"canonical\" href=\"https:\/\/www.nooteboom.com\/de\/novab-3-0-bestellen\/\" \/>\n<meta property=\"og:locale\" content=\"de_DE\" \/>\n<meta property=\"og:type\" content=\"article\" \/>\n<meta property=\"og:title\" content=\"NOVAB 3.0 bestellen\" \/>\n<meta property=\"og:description\" content=\"[vc_row][vc_column][vc_column_text] Preise Die NoVAB 3.0 Cloud-Version ist in Form eines Abonnements erh\u00e4ltlich, f\u00fcr das Sie j\u00e4hrlich 199,- EUR bezahlen. M\u00f6chten...\" \/>\n<meta property=\"og:url\" content=\"https:\/\/www.nooteboom.com\/de\/novab-3-0-bestellen\/\" \/>\n<meta property=\"og:site_name\" content=\"Nooteboom Trailers\" \/>\n<meta property=\"article:publisher\" content=\"https:\/\/nl-nl.facebook.com\/nooteboomtrailers\/\" \/>\n<meta property=\"article:modified_time\" content=\"2022-03-14T07:19:49+00:00\" \/>\n<meta property=\"og:image\" content=\"https:\/\/www.nooteboom.com\/wp-content\/uploads\/splashnooteboom-square-1.jpg\" \/>\n\t<meta property=\"og:image:width\" content=\"757\" \/>\n\t<meta property=\"og:image:height\" content=\"757\" \/>\n\t<meta property=\"og:image:type\" content=\"image\/jpeg\" \/>\n<meta name=\"twitter:card\" content=\"summary_large_image\" \/>\n<meta name=\"twitter:label1\" content=\"Gesch\u00e4tzte Lesezeit\" \/>\n\t<meta name=\"twitter:data1\" content=\"3\u00a0Minuten\" \/>\n<script type=\"application\/ld+json\" class=\"yoast-schema-graph\">{\"@context\":\"https:\/\/schema.org\",\"@graph\":[{\"@type\":\"WebPage\",\"@id\":\"https:\/\/www.nooteboom.com\/de\/novab-3-0-bestellen\/\",\"url\":\"https:\/\/www.nooteboom.com\/de\/novab-3-0-bestellen\/\",\"name\":\"NOVAB 3.0 bestellen | Nooteboom Trailers\",\"isPartOf\":{\"@id\":\"https:\/\/www.nooteboom.com\/de\/#website\"},\"datePublished\":\"2018-12-05T12:26:18+00:00\",\"dateModified\":\"2022-03-14T07:19:49+00:00\",\"breadcrumb\":{\"@id\":\"https:\/\/www.nooteboom.com\/de\/novab-3-0-bestellen\/#breadcrumb\"},\"inLanguage\":\"de\",\"potentialAction\":[{\"@type\":\"ReadAction\",\"target\":[\"https:\/\/www.nooteboom.com\/de\/novab-3-0-bestellen\/\"]}]},{\"@type\":\"BreadcrumbList\",\"@id\":\"https:\/\/www.nooteboom.com\/de\/novab-3-0-bestellen\/#breadcrumb\",\"itemListElement\":[{\"@type\":\"ListItem\",\"position\":1,\"name\":\"Home\",\"item\":\"https:\/\/www.nooteboom.com\/de\/\"},{\"@type\":\"ListItem\",\"position\":2,\"name\":\"NOVAB 3.0 bestellen\"}]},{\"@type\":\"WebSite\",\"@id\":\"https:\/\/www.nooteboom.com\/de\/#website\",\"url\":\"https:\/\/www.nooteboom.com\/de\/\",\"name\":\"Nooteboom Trailers\",\"description\":\"Gets you there.\",\"publisher\":{\"@id\":\"https:\/\/www.nooteboom.com\/de\/#organization\"},\"potentialAction\":[{\"@type\":\"SearchAction\",\"target\":{\"@type\":\"EntryPoint\",\"urlTemplate\":\"https:\/\/www.nooteboom.com\/de\/?s={search_term_string}\"},\"query-input\":{\"@type\":\"PropertyValueSpecification\",\"valueRequired\":true,\"valueName\":\"search_term_string\"}}],\"inLanguage\":\"de\"},{\"@type\":\"Organization\",\"@id\":\"https:\/\/www.nooteboom.com\/de\/#organization\",\"name\":\"Nooteboom Trailers\",\"url\":\"https:\/\/www.nooteboom.com\/de\/\",\"logo\":{\"@type\":\"ImageObject\",\"inLanguage\":\"de\",\"@id\":\"https:\/\/www.nooteboom.com\/de\/#\/schema\/logo\/image\/\",\"url\":\"https:\/\/www.nooteboom.com\/wp-content\/uploads\/logo.png\",\"contentUrl\":\"https:\/\/www.nooteboom.com\/wp-content\/uploads\/logo.png\",\"width\":111,\"height\":66,\"caption\":\"Nooteboom Trailers\"},\"image\":{\"@id\":\"https:\/\/www.nooteboom.com\/de\/#\/schema\/logo\/image\/\"},\"sameAs\":[\"https:\/\/nl-nl.facebook.com\/nooteboomtrailers\/\",\"https:\/\/nl.linkedin.com\/company\/nooteboom-trailers\",\"https:\/\/www.youtube.com\/user\/Nooteboomtrailers\"]}]}<\/script>\n<!-- \/ Yoast SEO Premium plugin. -->","yoast_head_json":{"title":"NOVAB 3.0 bestellen | Nooteboom Trailers","robots":{"index":"index","follow":"follow","max-snippet":"max-snippet:-1","max-image-preview":"max-image-preview:large","max-video-preview":"max-video-preview:-1"},"canonical":"https:\/\/www.nooteboom.com\/de\/novab-3-0-bestellen\/","og_locale":"de_DE","og_type":"article","og_title":"NOVAB 3.0 bestellen","og_description":"[vc_row][vc_column][vc_column_text] Preise Die NoVAB 3.0 Cloud-Version ist in Form eines Abonnements erh\u00e4ltlich, f\u00fcr das Sie j\u00e4hrlich 199,- EUR bezahlen. M\u00f6chten...","og_url":"https:\/\/www.nooteboom.com\/de\/novab-3-0-bestellen\/","og_site_name":"Nooteboom Trailers","article_publisher":"https:\/\/nl-nl.facebook.com\/nooteboomtrailers\/","article_modified_time":"2022-03-14T07:19:49+00:00","og_image":[{"width":757,"height":757,"url":"https:\/\/www.nooteboom.com\/wp-content\/uploads\/splashnooteboom-square-1.jpg","type":"image\/jpeg"}],"twitter_card":"summary_large_image","twitter_misc":{"Gesch\u00e4tzte Lesezeit":"3\u00a0Minuten"},"schema":{"@context":"https:\/\/schema.org","@graph":[{"@type":"WebPage","@id":"https:\/\/www.nooteboom.com\/de\/novab-3-0-bestellen\/","url":"https:\/\/www.nooteboom.com\/de\/novab-3-0-bestellen\/","name":"NOVAB 3.0 bestellen | Nooteboom Trailers","isPartOf":{"@id":"https:\/\/www.nooteboom.com\/de\/#website"},"datePublished":"2018-12-05T12:26:18+00:00","dateModified":"2022-03-14T07:19:49+00:00","breadcrumb":{"@id":"https:\/\/www.nooteboom.com\/de\/novab-3-0-bestellen\/#breadcrumb"},"inLanguage":"de","potentialAction":[{"@type":"ReadAction","target":["https:\/\/www.nooteboom.com\/de\/novab-3-0-bestellen\/"]}]},{"@type":"BreadcrumbList","@id":"https:\/\/www.nooteboom.com\/de\/novab-3-0-bestellen\/#breadcrumb","itemListElement":[{"@type":"ListItem","position":1,"name":"Home","item":"https:\/\/www.nooteboom.com\/de\/"},{"@type":"ListItem","position":2,"name":"NOVAB 3.0 bestellen"}]},{"@type":"WebSite","@id":"https:\/\/www.nooteboom.com\/de\/#website","url":"https:\/\/www.nooteboom.com\/de\/","name":"Nooteboom Trailers","description":"Gets you there.","publisher":{"@id":"https:\/\/www.nooteboom.com\/de\/#organization"},"potentialAction":[{"@type":"SearchAction","target":{"@type":"EntryPoint","urlTemplate":"https:\/\/www.nooteboom.com\/de\/?s={search_term_string}"},"query-input":{"@type":"PropertyValueSpecification","valueRequired":true,"valueName":"search_term_string"}}],"inLanguage":"de"},{"@type":"Organization","@id":"https:\/\/www.nooteboom.com\/de\/#organization","name":"Nooteboom Trailers","url":"https:\/\/www.nooteboom.com\/de\/","logo":{"@type":"ImageObject","inLanguage":"de","@id":"https:\/\/www.nooteboom.com\/de\/#\/schema\/logo\/image\/","url":"https:\/\/www.nooteboom.com\/wp-content\/uploads\/logo.png","contentUrl":"https:\/\/www.nooteboom.com\/wp-content\/uploads\/logo.png","width":111,"height":66,"caption":"Nooteboom Trailers"},"image":{"@id":"https:\/\/www.nooteboom.com\/de\/#\/schema\/logo\/image\/"},"sameAs":["https:\/\/nl-nl.facebook.com\/nooteboomtrailers\/","https:\/\/nl.linkedin.com\/company\/nooteboom-trailers","https:\/\/www.youtube.com\/user\/Nooteboomtrailers"]}]}},"_links":{"self":[{"href":"https:\/\/www.nooteboom.com\/de\/wp-json\/wp\/v2\/pages\/1738808","targetHints":{"allow":["GET"]}}],"collection":[{"href":"https:\/\/www.nooteboom.com\/de\/wp-json\/wp\/v2\/pages"}],"about":[{"href":"https:\/\/www.nooteboom.com\/de\/wp-json\/wp\/v2\/types\/page"}],"author":[{"embeddable":true,"href":"https:\/\/www.nooteboom.com\/de\/wp-json\/wp\/v2\/users\/45"}],"replies":[{"embeddable":true,"href":"https:\/\/www.nooteboom.com\/de\/wp-json\/wp\/v2\/comments?post=1738808"}],"version-history":[{"count":7,"href":"https:\/\/www.nooteboom.com\/de\/wp-json\/wp\/v2\/pages\/1738808\/revisions"}],"predecessor-version":[{"id":1887625,"href":"https:\/\/www.nooteboom.com\/de\/wp-json\/wp\/v2\/pages\/1738808\/revisions\/1887625"}],"wp:attachment":[{"href":"https:\/\/www.nooteboom.com\/de\/wp-json\/wp\/v2\/media?parent=1738808"}],"curies":[{"name":"wp","href":"https:\/\/api.w.org\/{rel}","templated":true}]}}