{"id":1734600,"date":"2018-10-03T18:32:37","date_gmt":"2018-10-03T16:32:37","guid":{"rendered":"https:\/\/www.nooteboom.com\/karriere\/lena-montage\/"},"modified":"2021-09-23T09:38:02","modified_gmt":"2021-09-23T07:38:02","slug":"lena-montage","status":"publish","type":"page","link":"https:\/\/www.nooteboom.com\/de\/karriere\/lena-montage\/","title":{"rendered":"Lena &#8211; Montage"},"content":{"rendered":"<div class=\"wpb-content-wrapper\"><p>[vc_row full_width=&#8220;stretch_row_content_no_spaces&#8220; row_class=&#8220;&#8220;][vc_column]\t<div id=\"banner-69f3bcf77abd7\" class=\"vc_banner banner\">\n\n\t\t<ul class=\"slides\">\n\t\t\t                \t\t\t\t<style>\n\t\t\t\t\t#slide-560563 {\n\t\t\t\t\t\tbackground-image: url('https:\/\/www.nooteboom.com\/wp-content\/uploads\/Lena.png');\n\t\t\t\t\t}\n\t\t\t\t\t@media (min-width: 768px) {\n\t\t\t\t\t\t#slide-560563 {\n\t\t\t\t\t\t\tbackground-image: url('https:\/\/www.nooteboom.com\/wp-content\/uploads\/Lena-1024x541.png');\n\t\t\t\t\t\t}\n\t\t\t\t\t}\n\t\t\t\t\t@media (min-width: 1200px) {\n\t\t\t\t\t\t#slide-560563 {\n\t\t\t\t\t\t\tbackground-image: url('https:\/\/www.nooteboom.com\/wp-content\/uploads\/Lena.png');\n\t\t\t\t\t\t}\n\t\t\t\t\t}\n\t\t\t\t\t@media (min-width: 1920px) {\n\t\t\t\t\t\t#slide-560563 {\n\t\t\t\t\t\t\tbackground-image: url('https:\/\/www.nooteboom.com\/wp-content\/uploads\/Lena.png');\n\t\t\t\t\t\t}\n\t\t\t\t\t}\n\t\t\t\t<\/style>\n\t\t\t\t<li id=\"slide-560563\" class=\"banner__slide\">\n\n\t\t\t\t\t\t\t\t\t\t\t<p><p>NOOTEBOOM IST EIN WARMES, OFFENES UNTERNEHMEN<\/p><\/p>\n\t\t\t\t\t\n\t\t\t\t\t<div class=\"banner__ovelay\"><\/div>\n\n\t\t\t\t<\/li>\n\t\t\t\t\t\t\t\t\t<\/ul>\n\n\t<\/div>\n\n\t<script type=\"text\/javascript\">\n\t\tjQuery( document ).ready( function( $ ) {\n\n\t\t\t$( '#banner-69f3bcf77abd7' ).flexslider( {\n\t\t\t\tanimation: 'fade',\n\t\t\t\tdirectionNav: false,\n\t\t\t\tcontrolNav: true\n\t\t\t} );\n\n\t\t} );\n\t<\/script>\n\n\t<div class=\"banner__pager\">\n\t\t<span class=\"active\"><\/span><span><\/span><span><\/span>\n\t<\/div>\n\n[\/vc_column][\/vc_row][vc_row][vc_column width=&#8220;1\/2&#8243;][vc_video link=&#8220;https:\/\/youtu.be\/1uoQC5eIRCo&#8220; el_aspect=&#8220;235&#8243; align=&#8220;right&#8220; css_animation=&#8220;none&#8220;][\/vc_column][vc_column width=&#8220;1\/2&#8243;][vc_message message_box_color=&#8220;grey&#8220;]<\/p>\n<h2>Lena Groesdonk<\/h2>\n<p>Funktion: Monteurin<\/p>\n<p>Arbeitet bei Nooteboom seit: Februar 2018<\/p>\n<p>Geburtsdatum: 6. August 1992, Oberhausen (D)<\/p>\n<p>Standort: Sonsbeck (D)[\/vc_message][\/vc_column][\/vc_row][vc_row][vc_column][vc_column_text]<\/p>\n<h2>\u2018Der Wechsel vom B\u00fcro zur Produktion gef\u00e4llt mir sehr gut.\u2019<\/h2>\n<p>Bei der Montagevorbereitung stellen wir sicher, dass die Mechaniker in der Hauptlinie schnell und effizient arbeiten k\u00f6nnen. Wir tun dies, indem wir alle m\u00f6glichen Vorbereitungen treffen: Meine Kollegen und ich montieren verschiedene Einheiten und Lufttanks und bereiten beispielsweise die Anschlussk\u00e4sten vor. Auf diese Weise stellen wir sicher, dass der gesamte Produktionsprozess reibungslos abl\u00e4uft und der Kunde seinen Anh\u00e4nger p\u00fcnktlich im Haus hat.<\/p>\n<p>Ich habe jahrelang im B\u00fcro gearbeitet. Als mich ein befreundeter Monteur auf diese offene Stelle aufmerksam machte, kribbelte es: W\u00e4re es nicht sch\u00f6n, mal etwas ganz anderes zu machen? Schlie\u00dflich wagte ich den Sprung und startete hier in Wijchen. Ich habe keine spezifische Ausbildung absolviert; meine Kollegen haben mir das Handwerk auf spielerische Weise beigebracht.<\/p>\n<p>Bis jetzt gef\u00e4llt es mir sehr gut, mit meinen H\u00e4nden zu arbeiten. Was auch hilft, ist, dass Nooteboom ein offenherziges Unternehmen ist, mit netten Kollegen und angenehmen Arbeitszeiten. Was das betrifft, so bereue ich meinen Wechsel nicht. Und die Tatsache, dass Nooteboom so sch\u00f6ne Produkte herstellt, hilft sicherlich auch.[\/vc_column_text][\/vc_column][\/vc_row][vc_row][vc_column][vc_empty_space][vc_column_text]<a class=\"button\" href=\"https:\/\/www.nooteboom.com\/de\/karriere\/\">KARRIERE<\/a>\u00a0 \u00a0<a class=\"button\" href=\"https:\/\/www.nooteboom.com\/de\/karriere\/stellenangebote-praktika\/\">OFFENE STELLEN<\/a>[\/vc_column_text][\/vc_column][\/vc_row][vc_row][vc_column][vc_share title=&#8220;Deel deze pagina&#8220;][\/vc_column][\/vc_row]<\/p>\n<\/div>","protected":false},"excerpt":{"rendered":"[vc_row full_width=&#8220;stretch_row_content_no_spaces&#8220; row_class=&#8220;&#8220;][vc_column][\/vc_column][\/vc_row][vc_row][vc_column width=&#8220;1\/2&#8243;][vc_video link=&#8220;https:\/\/youtu.be\/1uoQC5eIRCo&#8220; el_aspect=&#8220;235&#8243; align=&#8220;right&#8220; css_animation=&#8220;none&#8220;][\/vc_column][vc_column width=&#8220;1\/2&#8243;][vc_message message_box_color=&#8220;grey&#8220;] Lena Groesdonk Funktion: Monteurin Arbeitet bei Nooteboom seit: Februar 2018&#8230;","protected":false},"author":45,"featured_media":0,"parent":8531,"menu_order":0,"comment_status":"closed","ping_status":"closed","template":"","meta":{"_acf_changed":false,"inline_featured_image":false,"footnotes":""},"class_list":["post-1734600","page","type-page","status-publish","hentry"],"acf":[],"yoast_head":"<!-- This site is optimized with the Yoast SEO Premium plugin v25.7.1 (Yoast SEO v25.7) - https:\/\/yoast.com\/wordpress\/plugins\/seo\/ -->\n<title>Arbeiten bei Nooteboom - Lena - Montage<\/title>\n<meta name=\"description\" content=\"\u2018Bei der Montagevorbereitung stellen wir sicher, dass die Mechaniker in der Hauptlinie schnell und effizient arbeiten k\u00f6nnen. Wir tun dies, indem wir alle Arten von Vorbereitungen treffen:\" \/>\n<meta name=\"robots\" content=\"index, follow, max-snippet:-1, max-image-preview:large, max-video-preview:-1\" \/>\n<link rel=\"canonical\" href=\"https:\/\/www.nooteboom.com\/de\/karriere\/lena-montage\/\" \/>\n<meta property=\"og:locale\" content=\"de_DE\" \/>\n<meta property=\"og:type\" content=\"article\" \/>\n<meta property=\"og:title\" content=\"Lena - Montage\" \/>\n<meta property=\"og:description\" content=\"\u2018Bei der Montagevorbereitung stellen wir sicher, dass die Mechaniker in der Hauptlinie schnell und effizient arbeiten k\u00f6nnen. Wir tun dies, indem wir alle Arten von Vorbereitungen treffen:\" \/>\n<meta property=\"og:url\" content=\"https:\/\/www.nooteboom.com\/de\/karriere\/lena-montage\/\" \/>\n<meta property=\"og:site_name\" content=\"Nooteboom Trailers\" \/>\n<meta property=\"article:publisher\" content=\"https:\/\/nl-nl.facebook.com\/nooteboomtrailers\/\" \/>\n<meta property=\"article:modified_time\" content=\"2021-09-23T07:38:02+00:00\" \/>\n<meta property=\"og:image\" content=\"https:\/\/www.nooteboom.com\/wp-content\/uploads\/splashnooteboom-square-1.jpg\" \/>\n\t<meta property=\"og:image:width\" content=\"757\" \/>\n\t<meta property=\"og:image:height\" content=\"757\" \/>\n\t<meta property=\"og:image:type\" content=\"image\/jpeg\" \/>\n<meta name=\"twitter:card\" content=\"summary_large_image\" \/>\n<meta name=\"twitter:label1\" content=\"Gesch\u00e4tzte Lesezeit\" \/>\n\t<meta name=\"twitter:data1\" content=\"1\u00a0Minute\" \/>\n<script type=\"application\/ld+json\" class=\"yoast-schema-graph\">{\"@context\":\"https:\/\/schema.org\",\"@graph\":[{\"@type\":\"WebPage\",\"@id\":\"https:\/\/www.nooteboom.com\/de\/karriere\/lena-montage\/\",\"url\":\"https:\/\/www.nooteboom.com\/de\/karriere\/lena-montage\/\",\"name\":\"Arbeiten bei Nooteboom - Lena - Montage\",\"isPartOf\":{\"@id\":\"https:\/\/www.nooteboom.com\/de\/#website\"},\"datePublished\":\"2018-10-03T16:32:37+00:00\",\"dateModified\":\"2021-09-23T07:38:02+00:00\",\"description\":\"\u2018Bei der Montagevorbereitung stellen wir sicher, dass die Mechaniker in der Hauptlinie schnell und effizient arbeiten k\u00f6nnen. Wir tun dies, indem wir alle Arten von Vorbereitungen treffen:\",\"breadcrumb\":{\"@id\":\"https:\/\/www.nooteboom.com\/de\/karriere\/lena-montage\/#breadcrumb\"},\"inLanguage\":\"de\",\"potentialAction\":[{\"@type\":\"ReadAction\",\"target\":[\"https:\/\/www.nooteboom.com\/de\/karriere\/lena-montage\/\"]}]},{\"@type\":\"BreadcrumbList\",\"@id\":\"https:\/\/www.nooteboom.com\/de\/karriere\/lena-montage\/#breadcrumb\",\"itemListElement\":[{\"@type\":\"ListItem\",\"position\":1,\"name\":\"Home\",\"item\":\"https:\/\/www.nooteboom.com\/de\/\"},{\"@type\":\"ListItem\",\"position\":2,\"name\":\"Karriere\",\"item\":\"https:\/\/www.nooteboom.com\/de\/karriere\/\"},{\"@type\":\"ListItem\",\"position\":3,\"name\":\"Lena &#8211; Montage\"}]},{\"@type\":\"WebSite\",\"@id\":\"https:\/\/www.nooteboom.com\/de\/#website\",\"url\":\"https:\/\/www.nooteboom.com\/de\/\",\"name\":\"Nooteboom Trailers\",\"description\":\"Gets you there.\",\"publisher\":{\"@id\":\"https:\/\/www.nooteboom.com\/de\/#organization\"},\"potentialAction\":[{\"@type\":\"SearchAction\",\"target\":{\"@type\":\"EntryPoint\",\"urlTemplate\":\"https:\/\/www.nooteboom.com\/de\/?s={search_term_string}\"},\"query-input\":{\"@type\":\"PropertyValueSpecification\",\"valueRequired\":true,\"valueName\":\"search_term_string\"}}],\"inLanguage\":\"de\"},{\"@type\":\"Organization\",\"@id\":\"https:\/\/www.nooteboom.com\/de\/#organization\",\"name\":\"Nooteboom Trailers\",\"url\":\"https:\/\/www.nooteboom.com\/de\/\",\"logo\":{\"@type\":\"ImageObject\",\"inLanguage\":\"de\",\"@id\":\"https:\/\/www.nooteboom.com\/de\/#\/schema\/logo\/image\/\",\"url\":\"https:\/\/www.nooteboom.com\/wp-content\/uploads\/logo.png\",\"contentUrl\":\"https:\/\/www.nooteboom.com\/wp-content\/uploads\/logo.png\",\"width\":111,\"height\":66,\"caption\":\"Nooteboom Trailers\"},\"image\":{\"@id\":\"https:\/\/www.nooteboom.com\/de\/#\/schema\/logo\/image\/\"},\"sameAs\":[\"https:\/\/nl-nl.facebook.com\/nooteboomtrailers\/\",\"https:\/\/nl.linkedin.com\/company\/nooteboom-trailers\",\"https:\/\/www.youtube.com\/user\/Nooteboomtrailers\"]}]}<\/script>\n<!-- \/ Yoast SEO Premium plugin. -->","yoast_head_json":{"title":"Arbeiten bei Nooteboom - Lena - Montage","description":"\u2018Bei der Montagevorbereitung stellen wir sicher, dass die Mechaniker in der Hauptlinie schnell und effizient arbeiten k\u00f6nnen. Wir tun dies, indem wir alle Arten von Vorbereitungen treffen:","robots":{"index":"index","follow":"follow","max-snippet":"max-snippet:-1","max-image-preview":"max-image-preview:large","max-video-preview":"max-video-preview:-1"},"canonical":"https:\/\/www.nooteboom.com\/de\/karriere\/lena-montage\/","og_locale":"de_DE","og_type":"article","og_title":"Lena - Montage","og_description":"\u2018Bei der Montagevorbereitung stellen wir sicher, dass die Mechaniker in der Hauptlinie schnell und effizient arbeiten k\u00f6nnen. Wir tun dies, indem wir alle Arten von Vorbereitungen treffen:","og_url":"https:\/\/www.nooteboom.com\/de\/karriere\/lena-montage\/","og_site_name":"Nooteboom Trailers","article_publisher":"https:\/\/nl-nl.facebook.com\/nooteboomtrailers\/","article_modified_time":"2021-09-23T07:38:02+00:00","og_image":[{"width":757,"height":757,"url":"https:\/\/www.nooteboom.com\/wp-content\/uploads\/splashnooteboom-square-1.jpg","type":"image\/jpeg"}],"twitter_card":"summary_large_image","twitter_misc":{"Gesch\u00e4tzte Lesezeit":"1\u00a0Minute"},"schema":{"@context":"https:\/\/schema.org","@graph":[{"@type":"WebPage","@id":"https:\/\/www.nooteboom.com\/de\/karriere\/lena-montage\/","url":"https:\/\/www.nooteboom.com\/de\/karriere\/lena-montage\/","name":"Arbeiten bei Nooteboom - Lena - Montage","isPartOf":{"@id":"https:\/\/www.nooteboom.com\/de\/#website"},"datePublished":"2018-10-03T16:32:37+00:00","dateModified":"2021-09-23T07:38:02+00:00","description":"\u2018Bei der Montagevorbereitung stellen wir sicher, dass die Mechaniker in der Hauptlinie schnell und effizient arbeiten k\u00f6nnen. Wir tun dies, indem wir alle Arten von Vorbereitungen treffen:","breadcrumb":{"@id":"https:\/\/www.nooteboom.com\/de\/karriere\/lena-montage\/#breadcrumb"},"inLanguage":"de","potentialAction":[{"@type":"ReadAction","target":["https:\/\/www.nooteboom.com\/de\/karriere\/lena-montage\/"]}]},{"@type":"BreadcrumbList","@id":"https:\/\/www.nooteboom.com\/de\/karriere\/lena-montage\/#breadcrumb","itemListElement":[{"@type":"ListItem","position":1,"name":"Home","item":"https:\/\/www.nooteboom.com\/de\/"},{"@type":"ListItem","position":2,"name":"Karriere","item":"https:\/\/www.nooteboom.com\/de\/karriere\/"},{"@type":"ListItem","position":3,"name":"Lena &#8211; Montage"}]},{"@type":"WebSite","@id":"https:\/\/www.nooteboom.com\/de\/#website","url":"https:\/\/www.nooteboom.com\/de\/","name":"Nooteboom Trailers","description":"Gets you there.","publisher":{"@id":"https:\/\/www.nooteboom.com\/de\/#organization"},"potentialAction":[{"@type":"SearchAction","target":{"@type":"EntryPoint","urlTemplate":"https:\/\/www.nooteboom.com\/de\/?s={search_term_string}"},"query-input":{"@type":"PropertyValueSpecification","valueRequired":true,"valueName":"search_term_string"}}],"inLanguage":"de"},{"@type":"Organization","@id":"https:\/\/www.nooteboom.com\/de\/#organization","name":"Nooteboom Trailers","url":"https:\/\/www.nooteboom.com\/de\/","logo":{"@type":"ImageObject","inLanguage":"de","@id":"https:\/\/www.nooteboom.com\/de\/#\/schema\/logo\/image\/","url":"https:\/\/www.nooteboom.com\/wp-content\/uploads\/logo.png","contentUrl":"https:\/\/www.nooteboom.com\/wp-content\/uploads\/logo.png","width":111,"height":66,"caption":"Nooteboom Trailers"},"image":{"@id":"https:\/\/www.nooteboom.com\/de\/#\/schema\/logo\/image\/"},"sameAs":["https:\/\/nl-nl.facebook.com\/nooteboomtrailers\/","https:\/\/nl.linkedin.com\/company\/nooteboom-trailers","https:\/\/www.youtube.com\/user\/Nooteboomtrailers"]}]}},"_links":{"self":[{"href":"https:\/\/www.nooteboom.com\/de\/wp-json\/wp\/v2\/pages\/1734600","targetHints":{"allow":["GET"]}}],"collection":[{"href":"https:\/\/www.nooteboom.com\/de\/wp-json\/wp\/v2\/pages"}],"about":[{"href":"https:\/\/www.nooteboom.com\/de\/wp-json\/wp\/v2\/types\/page"}],"author":[{"embeddable":true,"href":"https:\/\/www.nooteboom.com\/de\/wp-json\/wp\/v2\/users\/45"}],"replies":[{"embeddable":true,"href":"https:\/\/www.nooteboom.com\/de\/wp-json\/wp\/v2\/comments?post=1734600"}],"version-history":[{"count":9,"href":"https:\/\/www.nooteboom.com\/de\/wp-json\/wp\/v2\/pages\/1734600\/revisions"}],"predecessor-version":[{"id":1875540,"href":"https:\/\/www.nooteboom.com\/de\/wp-json\/wp\/v2\/pages\/1734600\/revisions\/1875540"}],"up":[{"embeddable":true,"href":"https:\/\/www.nooteboom.com\/de\/wp-json\/wp\/v2\/pages\/8531"}],"wp:attachment":[{"href":"https:\/\/www.nooteboom.com\/de\/wp-json\/wp\/v2\/media?parent=1734600"}],"curies":[{"name":"wp","href":"https:\/\/api.w.org\/{rel}","templated":true}]}}