{"id":1734303,"date":"2018-10-03T18:21:34","date_gmt":"2018-10-03T16:21:34","guid":{"rendered":"https:\/\/www.nooteboom.com\/karriere\/rick-maschinenschlosser-schweiser\/"},"modified":"2020-04-06T14:35:01","modified_gmt":"2020-04-06T12:35:01","slug":"rick-maschinenschlosser-schweiser","status":"publish","type":"page","link":"https:\/\/www.nooteboom.com\/de\/karriere\/rick-maschinenschlosser-schweiser\/","title":{"rendered":"Rick &#8211; Maschinenschlosser\/Schwei\u00dfer"},"content":{"rendered":"<div class=\"wpb-content-wrapper\"><p>[vc_row full_width=&#8220;stretch_row_content_no_spaces&#8220; row_class=&#8220;&#8220;][vc_column]\t<div id=\"banner-69d1b53b35465\" class=\"vc_banner banner\">\n\n\t\t<ul class=\"slides\">\n\t\t\t                \t\t\t\t<style>\n\t\t\t\t\t#slide-865125 {\n\t\t\t\t\t\tbackground-image: url('https:\/\/www.nooteboom.com\/wp-content\/uploads\/Rick-constructie_1.48.1-Copy.png');\n\t\t\t\t\t}\n\t\t\t\t\t@media (min-width: 768px) {\n\t\t\t\t\t\t#slide-865125 {\n\t\t\t\t\t\t\tbackground-image: url('https:\/\/www.nooteboom.com\/wp-content\/uploads\/Rick-constructie_1.48.1-Copy-1024x436.png');\n\t\t\t\t\t\t}\n\t\t\t\t\t}\n\t\t\t\t\t@media (min-width: 1200px) {\n\t\t\t\t\t\t#slide-865125 {\n\t\t\t\t\t\t\tbackground-image: url('https:\/\/www.nooteboom.com\/wp-content\/uploads\/Rick-constructie_1.48.1-Copy.png');\n\t\t\t\t\t\t}\n\t\t\t\t\t}\n\t\t\t\t\t@media (min-width: 1920px) {\n\t\t\t\t\t\t#slide-865125 {\n\t\t\t\t\t\t\tbackground-image: url('https:\/\/www.nooteboom.com\/wp-content\/uploads\/Rick-constructie_1.48.1-Copy.png');\n\t\t\t\t\t\t}\n\t\t\t\t\t}\n\t\t\t\t<\/style>\n\t\t\t\t<li id=\"slide-865125\" class=\"banner__slide\">\n\n\t\t\t\t\t\t\t\t\t\t\t<p>RICK - MASCHINENSCHLOSSER\/SCHWEISSER<\/p>\n\t\t\t\t\t\n\t\t\t\t\t<div class=\"banner__ovelay\"><\/div>\n\n\t\t\t\t<\/li>\n\t\t\t\t\t\t\t\t\t<\/ul>\n\n\t<\/div>\n\n\t<script type=\"text\/javascript\">\n\t\tjQuery( document ).ready( function( $ ) {\n\n\t\t\t$( '#banner-69d1b53b35465' ).flexslider( {\n\t\t\t\tanimation: 'fade',\n\t\t\t\tdirectionNav: false,\n\t\t\t\tcontrolNav: true\n\t\t\t} );\n\n\t\t} );\n\t<\/script>\n\n\t<div class=\"banner__pager\">\n\t\t<span class=\"active\"><\/span><span><\/span><span><\/span>\n\t<\/div>\n\n[\/vc_column][\/vc_row][vc_row][vc_column width=&#8220;1\/2&#8243;][vc_message message_box_color=&#8220;grey&#8220;]<\/p>\n<h2>Rick De Groot<\/h2>\n<p>Funktion: Maschinenschlosser\/Schwei\u00dfer<\/p>\n<p>Bei Nooteboom t\u00e4tig seit: 2012<\/p>\n<p>Geburtsdatum: 26. April 1991, Nijmegen<\/p>\n<p>Wohnort: Overasselt[\/vc_message][vc_column_text]<a class=\"button\" href=\"https:\/\/www.nooteboom.com\/de\/karriere\/\">KARRIERE<\/a>\u00a0 \u00a0<a class=\"button\" href=\"https:\/\/www.nooteboom.com\/de\/karriere\/stellenangebote-praktika\/\">OFFENE STELLEN<\/a>[\/vc_column_text][\/vc_column][vc_column width=&#8220;1\/2&#8243;][vc_video link=&#8220;https:\/\/youtu.be\/dFX7rAhIrcI&#8220; el_aspect=&#8220;235&#8243; align=&#8220;right&#8220; css_animation=&#8220;none&#8220;][\/vc_column][\/vc_row][vc_row][vc_column][vc_column_text]<\/p>\n<h2>\u2018Bei Nooteboom bist du keine Nummer\u2019<\/h2>\n<p>Bevor ich vor rund 6 oder 7 Jahren \u00fcber eine Zeitarbeitsfirma zu Nooteboom kam, sagte ich immer, dass ich nicht f\u00fcr ein gro\u00dfes Unternehmen arbeiten will; zu unpers\u00f6nlich und zu anonym. Aber als ich anfing, hier zu arbeiten, merkte ich, dass ich bei Nooteboom keine Nummer bin. Im Gegenteil: Als Mitarbeiter werde ich regelm\u00e4\u00dfig \u00fcber das Geschehen im Unternehmen informiert. Das gef\u00e4llt mir pers\u00f6nlich sehr gut: So bleibt man als Mitarbeiter immer maximal beteiligt&#8220;.<\/p>\n<p>Als Schwei\u00dfer bin ich haupts\u00e4chlich f\u00fcr das Zusammenschwei\u00dfen von Teilen zust\u00e4ndig: Meine Kollegen und ich sorgen daf\u00fcr, dass die letzten, kundenspezifischen Teile auf dem Trailer landen. Nat\u00fcrlich will ich immer ein sehr gutes Ergebnis abliefern; wir wollen das bestm\u00f6gliche Produkt f\u00fcr den Kunden herstellen. Wie auch immer, ich finde es immer cool, einen unserer Anh\u00e4nger auf der Stra\u00dfe fahren zu sehen. Dann denke ich: An dem habe ich auch mitgearbeitet.<\/p>\n<p>Seit Kurzem steht bei Nooteboom ein Schwei\u00dfroboter. Das ist kein unn\u00f6tiger Luxus, denn die Zahl der Schwei\u00dfer wird in den kommenden Jahren weiter sinken. Nooteboom hat k\u00fcrzlich auch einen Laserschneider in Betrieb genommen. Ich werde mein Wissen \u00fcber diese neue Technologie k\u00fcnftig mehr vertiefen; es ist sehr spannend, was damit m\u00f6glich ist. Aber am Ende bleibt das authentische Schwei\u00dfen von Hand meine Leidenschaft. In dem Moment, in dem ich meine, Schwei\u00dfhelm runterklappe, bin ich ganz in meinem Element.[\/vc_column_text][\/vc_column][\/vc_row]<\/p>\n<\/div>","protected":false},"excerpt":{"rendered":"[vc_row full_width=&#8220;stretch_row_content_no_spaces&#8220; row_class=&#8220;&#8220;][vc_column][\/vc_column][\/vc_row][vc_row][vc_column width=&#8220;1\/2&#8243;][vc_message message_box_color=&#8220;grey&#8220;] Rick De Groot Funktion: Maschinenschlosser\/Schwei\u00dfer Bei Nooteboom t\u00e4tig seit: 2012 Geburtsdatum: 26. April 1991, Nijmegen&#8230;","protected":false},"author":45,"featured_media":0,"parent":8531,"menu_order":0,"comment_status":"closed","ping_status":"closed","template":"","meta":{"_acf_changed":false,"inline_featured_image":false,"footnotes":""},"class_list":["post-1734303","page","type-page","status-publish","hentry"],"acf":[],"yoast_head":"<!-- This site is optimized with the Yoast SEO Premium plugin v25.7.1 (Yoast SEO v25.7) - https:\/\/yoast.com\/wordpress\/plugins\/seo\/ -->\n<title>Rick - Maschinenschlosser\/Schwei\u00dfer | Nooteboom Trailers<\/title>\n<meta name=\"robots\" content=\"index, follow, max-snippet:-1, max-image-preview:large, max-video-preview:-1\" \/>\n<link rel=\"canonical\" href=\"https:\/\/www.nooteboom.com\/de\/karriere\/rick-maschinenschlosser-schweiser\/\" \/>\n<meta property=\"og:locale\" content=\"de_DE\" \/>\n<meta property=\"og:type\" content=\"article\" \/>\n<meta property=\"og:title\" content=\"Rick - Maschinenschlosser\/Schwei\u00dfer\" \/>\n<meta property=\"og:description\" content=\"[vc_row full_width=&#8220;stretch_row_content_no_spaces&#8220; row_class=&#8220;&#8220;][vc_column][\/vc_column][\/vc_row][vc_row][vc_column width=&#8220;1\/2&#8243;][vc_message message_box_color=&#8220;grey&#8220;] Rick De Groot Funktion: Maschinenschlosser\/Schwei\u00dfer Bei Nooteboom t\u00e4tig seit: 2012 Geburtsdatum: 26. April 1991, Nijmegen...\" \/>\n<meta property=\"og:url\" content=\"https:\/\/www.nooteboom.com\/de\/karriere\/rick-maschinenschlosser-schweiser\/\" \/>\n<meta property=\"og:site_name\" content=\"Nooteboom Trailers\" \/>\n<meta property=\"article:publisher\" content=\"https:\/\/nl-nl.facebook.com\/nooteboomtrailers\/\" \/>\n<meta property=\"article:modified_time\" content=\"2020-04-06T12:35:01+00:00\" \/>\n<meta property=\"og:image\" content=\"https:\/\/www.nooteboom.com\/wp-content\/uploads\/splashnooteboom-square-1.jpg\" \/>\n\t<meta property=\"og:image:width\" content=\"757\" \/>\n\t<meta property=\"og:image:height\" content=\"757\" \/>\n\t<meta property=\"og:image:type\" content=\"image\/jpeg\" \/>\n<meta name=\"twitter:card\" content=\"summary_large_image\" \/>\n<meta name=\"twitter:label1\" content=\"Gesch\u00e4tzte Lesezeit\" \/>\n\t<meta name=\"twitter:data1\" content=\"2\u00a0Minuten\" \/>\n<script type=\"application\/ld+json\" class=\"yoast-schema-graph\">{\"@context\":\"https:\/\/schema.org\",\"@graph\":[{\"@type\":\"WebPage\",\"@id\":\"https:\/\/www.nooteboom.com\/de\/karriere\/rick-maschinenschlosser-schweiser\/\",\"url\":\"https:\/\/www.nooteboom.com\/de\/karriere\/rick-maschinenschlosser-schweiser\/\",\"name\":\"Rick - Maschinenschlosser\/Schwei\u00dfer | Nooteboom Trailers\",\"isPartOf\":{\"@id\":\"https:\/\/www.nooteboom.com\/de\/#website\"},\"datePublished\":\"2018-10-03T16:21:34+00:00\",\"dateModified\":\"2020-04-06T12:35:01+00:00\",\"breadcrumb\":{\"@id\":\"https:\/\/www.nooteboom.com\/de\/karriere\/rick-maschinenschlosser-schweiser\/#breadcrumb\"},\"inLanguage\":\"de\",\"potentialAction\":[{\"@type\":\"ReadAction\",\"target\":[\"https:\/\/www.nooteboom.com\/de\/karriere\/rick-maschinenschlosser-schweiser\/\"]}]},{\"@type\":\"BreadcrumbList\",\"@id\":\"https:\/\/www.nooteboom.com\/de\/karriere\/rick-maschinenschlosser-schweiser\/#breadcrumb\",\"itemListElement\":[{\"@type\":\"ListItem\",\"position\":1,\"name\":\"Home\",\"item\":\"https:\/\/www.nooteboom.com\/de\/\"},{\"@type\":\"ListItem\",\"position\":2,\"name\":\"Karriere\",\"item\":\"https:\/\/www.nooteboom.com\/de\/karriere\/\"},{\"@type\":\"ListItem\",\"position\":3,\"name\":\"Rick &#8211; Maschinenschlosser\/Schwei\u00dfer\"}]},{\"@type\":\"WebSite\",\"@id\":\"https:\/\/www.nooteboom.com\/de\/#website\",\"url\":\"https:\/\/www.nooteboom.com\/de\/\",\"name\":\"Nooteboom Trailers\",\"description\":\"Gets you there.\",\"publisher\":{\"@id\":\"https:\/\/www.nooteboom.com\/de\/#organization\"},\"potentialAction\":[{\"@type\":\"SearchAction\",\"target\":{\"@type\":\"EntryPoint\",\"urlTemplate\":\"https:\/\/www.nooteboom.com\/de\/?s={search_term_string}\"},\"query-input\":{\"@type\":\"PropertyValueSpecification\",\"valueRequired\":true,\"valueName\":\"search_term_string\"}}],\"inLanguage\":\"de\"},{\"@type\":\"Organization\",\"@id\":\"https:\/\/www.nooteboom.com\/de\/#organization\",\"name\":\"Nooteboom Trailers\",\"url\":\"https:\/\/www.nooteboom.com\/de\/\",\"logo\":{\"@type\":\"ImageObject\",\"inLanguage\":\"de\",\"@id\":\"https:\/\/www.nooteboom.com\/de\/#\/schema\/logo\/image\/\",\"url\":\"https:\/\/www.nooteboom.com\/wp-content\/uploads\/logo.png\",\"contentUrl\":\"https:\/\/www.nooteboom.com\/wp-content\/uploads\/logo.png\",\"width\":111,\"height\":66,\"caption\":\"Nooteboom Trailers\"},\"image\":{\"@id\":\"https:\/\/www.nooteboom.com\/de\/#\/schema\/logo\/image\/\"},\"sameAs\":[\"https:\/\/nl-nl.facebook.com\/nooteboomtrailers\/\",\"https:\/\/nl.linkedin.com\/company\/nooteboom-trailers\",\"https:\/\/www.youtube.com\/user\/Nooteboomtrailers\"]}]}<\/script>\n<!-- \/ Yoast SEO Premium plugin. -->","yoast_head_json":{"title":"Rick - Maschinenschlosser\/Schwei\u00dfer | Nooteboom Trailers","robots":{"index":"index","follow":"follow","max-snippet":"max-snippet:-1","max-image-preview":"max-image-preview:large","max-video-preview":"max-video-preview:-1"},"canonical":"https:\/\/www.nooteboom.com\/de\/karriere\/rick-maschinenschlosser-schweiser\/","og_locale":"de_DE","og_type":"article","og_title":"Rick - Maschinenschlosser\/Schwei\u00dfer","og_description":"[vc_row full_width=&#8220;stretch_row_content_no_spaces&#8220; row_class=&#8220;&#8220;][vc_column][\/vc_column][\/vc_row][vc_row][vc_column width=&#8220;1\/2&#8243;][vc_message message_box_color=&#8220;grey&#8220;] Rick De Groot Funktion: Maschinenschlosser\/Schwei\u00dfer Bei Nooteboom t\u00e4tig seit: 2012 Geburtsdatum: 26. April 1991, Nijmegen...","og_url":"https:\/\/www.nooteboom.com\/de\/karriere\/rick-maschinenschlosser-schweiser\/","og_site_name":"Nooteboom Trailers","article_publisher":"https:\/\/nl-nl.facebook.com\/nooteboomtrailers\/","article_modified_time":"2020-04-06T12:35:01+00:00","og_image":[{"width":757,"height":757,"url":"https:\/\/www.nooteboom.com\/wp-content\/uploads\/splashnooteboom-square-1.jpg","type":"image\/jpeg"}],"twitter_card":"summary_large_image","twitter_misc":{"Gesch\u00e4tzte Lesezeit":"2\u00a0Minuten"},"schema":{"@context":"https:\/\/schema.org","@graph":[{"@type":"WebPage","@id":"https:\/\/www.nooteboom.com\/de\/karriere\/rick-maschinenschlosser-schweiser\/","url":"https:\/\/www.nooteboom.com\/de\/karriere\/rick-maschinenschlosser-schweiser\/","name":"Rick - Maschinenschlosser\/Schwei\u00dfer | Nooteboom Trailers","isPartOf":{"@id":"https:\/\/www.nooteboom.com\/de\/#website"},"datePublished":"2018-10-03T16:21:34+00:00","dateModified":"2020-04-06T12:35:01+00:00","breadcrumb":{"@id":"https:\/\/www.nooteboom.com\/de\/karriere\/rick-maschinenschlosser-schweiser\/#breadcrumb"},"inLanguage":"de","potentialAction":[{"@type":"ReadAction","target":["https:\/\/www.nooteboom.com\/de\/karriere\/rick-maschinenschlosser-schweiser\/"]}]},{"@type":"BreadcrumbList","@id":"https:\/\/www.nooteboom.com\/de\/karriere\/rick-maschinenschlosser-schweiser\/#breadcrumb","itemListElement":[{"@type":"ListItem","position":1,"name":"Home","item":"https:\/\/www.nooteboom.com\/de\/"},{"@type":"ListItem","position":2,"name":"Karriere","item":"https:\/\/www.nooteboom.com\/de\/karriere\/"},{"@type":"ListItem","position":3,"name":"Rick &#8211; Maschinenschlosser\/Schwei\u00dfer"}]},{"@type":"WebSite","@id":"https:\/\/www.nooteboom.com\/de\/#website","url":"https:\/\/www.nooteboom.com\/de\/","name":"Nooteboom Trailers","description":"Gets you there.","publisher":{"@id":"https:\/\/www.nooteboom.com\/de\/#organization"},"potentialAction":[{"@type":"SearchAction","target":{"@type":"EntryPoint","urlTemplate":"https:\/\/www.nooteboom.com\/de\/?s={search_term_string}"},"query-input":{"@type":"PropertyValueSpecification","valueRequired":true,"valueName":"search_term_string"}}],"inLanguage":"de"},{"@type":"Organization","@id":"https:\/\/www.nooteboom.com\/de\/#organization","name":"Nooteboom Trailers","url":"https:\/\/www.nooteboom.com\/de\/","logo":{"@type":"ImageObject","inLanguage":"de","@id":"https:\/\/www.nooteboom.com\/de\/#\/schema\/logo\/image\/","url":"https:\/\/www.nooteboom.com\/wp-content\/uploads\/logo.png","contentUrl":"https:\/\/www.nooteboom.com\/wp-content\/uploads\/logo.png","width":111,"height":66,"caption":"Nooteboom Trailers"},"image":{"@id":"https:\/\/www.nooteboom.com\/de\/#\/schema\/logo\/image\/"},"sameAs":["https:\/\/nl-nl.facebook.com\/nooteboomtrailers\/","https:\/\/nl.linkedin.com\/company\/nooteboom-trailers","https:\/\/www.youtube.com\/user\/Nooteboomtrailers"]}]}},"_links":{"self":[{"href":"https:\/\/www.nooteboom.com\/de\/wp-json\/wp\/v2\/pages\/1734303","targetHints":{"allow":["GET"]}}],"collection":[{"href":"https:\/\/www.nooteboom.com\/de\/wp-json\/wp\/v2\/pages"}],"about":[{"href":"https:\/\/www.nooteboom.com\/de\/wp-json\/wp\/v2\/types\/page"}],"author":[{"embeddable":true,"href":"https:\/\/www.nooteboom.com\/de\/wp-json\/wp\/v2\/users\/45"}],"replies":[{"embeddable":true,"href":"https:\/\/www.nooteboom.com\/de\/wp-json\/wp\/v2\/comments?post=1734303"}],"version-history":[{"count":6,"href":"https:\/\/www.nooteboom.com\/de\/wp-json\/wp\/v2\/pages\/1734303\/revisions"}],"predecessor-version":[{"id":1813772,"href":"https:\/\/www.nooteboom.com\/de\/wp-json\/wp\/v2\/pages\/1734303\/revisions\/1813772"}],"up":[{"embeddable":true,"href":"https:\/\/www.nooteboom.com\/de\/wp-json\/wp\/v2\/pages\/8531"}],"wp:attachment":[{"href":"https:\/\/www.nooteboom.com\/de\/wp-json\/wp\/v2\/media?parent=1734303"}],"curies":[{"name":"wp","href":"https:\/\/api.w.org\/{rel}","templated":true}]}}