{"id":1733742,"date":"2018-10-03T17:49:00","date_gmt":"2018-10-03T15:49:00","guid":{"rendered":"https:\/\/www.nooteboom.com\/karriere\/early-lackiererei\/"},"modified":"2020-04-06T14:34:23","modified_gmt":"2020-04-06T12:34:23","slug":"early-lackiererei","status":"publish","type":"page","link":"https:\/\/www.nooteboom.com\/de\/karriere\/early-lackiererei\/","title":{"rendered":"Early &#8211; Lackiererei"},"content":{"rendered":"<div class=\"wpb-content-wrapper\"><p>[vc_row full_width=&#8220;stretch_row_content_no_spaces&#8220; row_class=&#8220;&#8220;][vc_column]\t<div id=\"banner-6a045cbfca7db\" class=\"vc_banner banner\">\n\n\t\t<ul class=\"slides\">\n\t\t\t                \t\t\t\t<style>\n\t\t\t\t\t#slide-707648 {\n\t\t\t\t\t\tbackground-image: url('https:\/\/www.nooteboom.com\/wp-content\/uploads\/Early-spuiterij_1.68.1-Copy.png');\n\t\t\t\t\t}\n\t\t\t\t\t@media (min-width: 768px) {\n\t\t\t\t\t\t#slide-707648 {\n\t\t\t\t\t\t\tbackground-image: url('https:\/\/www.nooteboom.com\/wp-content\/uploads\/Early-spuiterij_1.68.1-Copy-1024x436.png');\n\t\t\t\t\t\t}\n\t\t\t\t\t}\n\t\t\t\t\t@media (min-width: 1200px) {\n\t\t\t\t\t\t#slide-707648 {\n\t\t\t\t\t\t\tbackground-image: url('https:\/\/www.nooteboom.com\/wp-content\/uploads\/Early-spuiterij_1.68.1-Copy.png');\n\t\t\t\t\t\t}\n\t\t\t\t\t}\n\t\t\t\t\t@media (min-width: 1920px) {\n\t\t\t\t\t\t#slide-707648 {\n\t\t\t\t\t\t\tbackground-image: url('https:\/\/www.nooteboom.com\/wp-content\/uploads\/Early-spuiterij_1.68.1-Copy.png');\n\t\t\t\t\t\t}\n\t\t\t\t\t}\n\t\t\t\t<\/style>\n\t\t\t\t<li id=\"slide-707648\" class=\"banner__slide\">\n\n\t\t\t\t\t\t\t\t\t\t\t<p>EARLY - LACKIEREREI<\/p>\n\t\t\t\t\t\n\t\t\t\t\t<div class=\"banner__ovelay\"><\/div>\n\n\t\t\t\t<\/li>\n\t\t\t\t\t\t\t\t\t<\/ul>\n\n\t<\/div>\n\n\t<script type=\"text\/javascript\">\n\t\tjQuery( document ).ready( function( $ ) {\n\n\t\t\t$( '#banner-6a045cbfca7db' ).flexslider( {\n\t\t\t\tanimation: 'fade',\n\t\t\t\tdirectionNav: false,\n\t\t\t\tcontrolNav: true\n\t\t\t} );\n\n\t\t} );\n\t<\/script>\n\n\t<div class=\"banner__pager\">\n\t\t<span class=\"active\"><\/span><span><\/span><span><\/span>\n\t<\/div>\n\n[\/vc_column][\/vc_row][vc_row][vc_column width=&#8220;1\/2&#8243;][vc_message message_box_color=&#8220;grey&#8220;]<\/p>\n<h2>Early Martinus<\/h2>\n<p>Funktion: Mitarbeiter der Lackiererei<\/p>\n<p>Arbeitet bei Nooteboom seit: 2014<\/p>\n<p>Geburtsdatum: 28. Februar 1976, Cura\u00e7ao<\/p>\n<p>Wohnort: Nijmegen[\/vc_message][vc_column_text]<a class=\"button\" href=\"https:\/\/www.nooteboom.com\/de\/karriere\/\">KARRIERE<\/a>\u00a0 \u00a0<a class=\"button\" href=\"https:\/\/www.nooteboom.com\/de\/karriere\/stellenangebote-praktika\/\">OFFENE STELLEN<\/a>[\/vc_column_text][\/vc_column][vc_column width=&#8220;1\/2&#8243;][vc_video link=&#8220;https:\/\/youtu.be\/p3ieVFijjYQ&#8220; align=&#8220;right&#8220; css_animation=&#8220;none&#8220;][\/vc_column][\/vc_row][vc_row][vc_column][vc_column_text]<\/p>\n<h2>\u2018Unsere Stahlkonservierung ist eine der modernsten Anlagen in Europa\u2019<\/h2>\n<p>Vor den Sommerferien 2014 habe ich schon einmal kurz bei Nooteboom gearbeitet, \u00fcber eine Zeitarbeitsfirma. Dann landete ich vor\u00fcbergehend in einem anderen Unternehmen, aber als sie hier in Wijchen wieder nach Leuten suchten, wollte ich sofort zur\u00fcckkehren.<\/p>\n<p>Nooteboom ist ein wunderbares Unternehmen, f\u00fcr das man gerne arbeitet: Die Kollegen sind sehr nett und hilfsbereit, und weil hier so viel passiert, lernt man jeden Tag dazu. Ich selbst bin ausgebildeter Schlosser, in dieser Funktion habe ich auch an mehreren Stellen gearbeitet. Aber hier bei Nooteboom konnte ich mich im Lackierbereich weiter entwickeln.<\/p>\n<p>In der Lackiererei versehen wir die Fahrzeuge mit mehreren Schutzschichten, damit sie so lange wie m\u00f6glich gesch\u00fctzt bleiben und somit so lange wie m\u00f6glich halten. Die Nooteboom Konservierungsstra\u00dfe &#8211; wo die Fahrzeuge sandgestrahlt, spritzverzinkt und lackiert werden &#8211; ist eine der modernsten in Europa. Wir verwenden die Technik des elektrostatischen Spritzens, die eine viel bessere Abdeckung bietet als das herk\u00f6mmliche Spritzen. Die Farbschicht ist glatter, und scharfe Kanten sind besser gesch\u00fctzt. Wir verbrauchen auch weniger Farbe. Sch\u00f6n, hier zu arbeiten![\/vc_column_text][\/vc_column][\/vc_row]<\/p>\n<\/div>","protected":false},"excerpt":{"rendered":"[vc_row full_width=&#8220;stretch_row_content_no_spaces&#8220; row_class=&#8220;&#8220;][vc_column][\/vc_column][\/vc_row][vc_row][vc_column width=&#8220;1\/2&#8243;][vc_message message_box_color=&#8220;grey&#8220;] Early Martinus Funktion: Mitarbeiter der Lackiererei Arbeitet bei Nooteboom seit: 2014 Geburtsdatum: 28. Februar 1976,&#8230;","protected":false},"author":45,"featured_media":0,"parent":8531,"menu_order":0,"comment_status":"closed","ping_status":"closed","template":"","meta":{"_acf_changed":false,"inline_featured_image":false,"footnotes":""},"class_list":["post-1733742","page","type-page","status-publish","hentry"],"acf":[],"yoast_head":"<!-- This site is optimized with the Yoast SEO Premium plugin v25.7.1 (Yoast SEO v25.7) - https:\/\/yoast.com\/wordpress\/plugins\/seo\/ -->\n<title>Early - Lackiererei | Nooteboom Trailers<\/title>\n<meta name=\"robots\" content=\"index, follow, max-snippet:-1, max-image-preview:large, max-video-preview:-1\" \/>\n<link rel=\"canonical\" href=\"https:\/\/www.nooteboom.com\/de\/karriere\/early-lackiererei\/\" \/>\n<meta property=\"og:locale\" content=\"de_DE\" \/>\n<meta property=\"og:type\" content=\"article\" \/>\n<meta property=\"og:title\" content=\"Early - Lackiererei\" \/>\n<meta property=\"og:description\" content=\"[vc_row full_width=&#8220;stretch_row_content_no_spaces&#8220; row_class=&#8220;&#8220;][vc_column][\/vc_column][\/vc_row][vc_row][vc_column width=&#8220;1\/2&#8243;][vc_message message_box_color=&#8220;grey&#8220;] Early Martinus Funktion: Mitarbeiter der Lackiererei Arbeitet bei Nooteboom seit: 2014 Geburtsdatum: 28. Februar 1976,...\" \/>\n<meta property=\"og:url\" content=\"https:\/\/www.nooteboom.com\/de\/karriere\/early-lackiererei\/\" \/>\n<meta property=\"og:site_name\" content=\"Nooteboom Trailers\" \/>\n<meta property=\"article:publisher\" content=\"https:\/\/nl-nl.facebook.com\/nooteboomtrailers\/\" \/>\n<meta property=\"article:modified_time\" content=\"2020-04-06T12:34:23+00:00\" \/>\n<meta property=\"og:image\" content=\"https:\/\/www.nooteboom.com\/wp-content\/uploads\/splashnooteboom-square-1.jpg\" \/>\n\t<meta property=\"og:image:width\" content=\"757\" \/>\n\t<meta property=\"og:image:height\" content=\"757\" \/>\n\t<meta property=\"og:image:type\" content=\"image\/jpeg\" \/>\n<meta name=\"twitter:card\" content=\"summary_large_image\" \/>\n<meta name=\"twitter:label1\" content=\"Gesch\u00e4tzte Lesezeit\" \/>\n\t<meta name=\"twitter:data1\" content=\"1\u00a0Minute\" \/>\n<script type=\"application\/ld+json\" class=\"yoast-schema-graph\">{\"@context\":\"https:\/\/schema.org\",\"@graph\":[{\"@type\":\"WebPage\",\"@id\":\"https:\/\/www.nooteboom.com\/de\/karriere\/early-lackiererei\/\",\"url\":\"https:\/\/www.nooteboom.com\/de\/karriere\/early-lackiererei\/\",\"name\":\"Early - Lackiererei | Nooteboom Trailers\",\"isPartOf\":{\"@id\":\"https:\/\/www.nooteboom.com\/de\/#website\"},\"datePublished\":\"2018-10-03T15:49:00+00:00\",\"dateModified\":\"2020-04-06T12:34:23+00:00\",\"breadcrumb\":{\"@id\":\"https:\/\/www.nooteboom.com\/de\/karriere\/early-lackiererei\/#breadcrumb\"},\"inLanguage\":\"de\",\"potentialAction\":[{\"@type\":\"ReadAction\",\"target\":[\"https:\/\/www.nooteboom.com\/de\/karriere\/early-lackiererei\/\"]}]},{\"@type\":\"BreadcrumbList\",\"@id\":\"https:\/\/www.nooteboom.com\/de\/karriere\/early-lackiererei\/#breadcrumb\",\"itemListElement\":[{\"@type\":\"ListItem\",\"position\":1,\"name\":\"Home\",\"item\":\"https:\/\/www.nooteboom.com\/de\/\"},{\"@type\":\"ListItem\",\"position\":2,\"name\":\"Karriere\",\"item\":\"https:\/\/www.nooteboom.com\/de\/karriere\/\"},{\"@type\":\"ListItem\",\"position\":3,\"name\":\"Early &#8211; Lackiererei\"}]},{\"@type\":\"WebSite\",\"@id\":\"https:\/\/www.nooteboom.com\/de\/#website\",\"url\":\"https:\/\/www.nooteboom.com\/de\/\",\"name\":\"Nooteboom Trailers\",\"description\":\"Gets you there.\",\"publisher\":{\"@id\":\"https:\/\/www.nooteboom.com\/de\/#organization\"},\"potentialAction\":[{\"@type\":\"SearchAction\",\"target\":{\"@type\":\"EntryPoint\",\"urlTemplate\":\"https:\/\/www.nooteboom.com\/de\/?s={search_term_string}\"},\"query-input\":{\"@type\":\"PropertyValueSpecification\",\"valueRequired\":true,\"valueName\":\"search_term_string\"}}],\"inLanguage\":\"de\"},{\"@type\":\"Organization\",\"@id\":\"https:\/\/www.nooteboom.com\/de\/#organization\",\"name\":\"Nooteboom Trailers\",\"url\":\"https:\/\/www.nooteboom.com\/de\/\",\"logo\":{\"@type\":\"ImageObject\",\"inLanguage\":\"de\",\"@id\":\"https:\/\/www.nooteboom.com\/de\/#\/schema\/logo\/image\/\",\"url\":\"https:\/\/www.nooteboom.com\/wp-content\/uploads\/logo.png\",\"contentUrl\":\"https:\/\/www.nooteboom.com\/wp-content\/uploads\/logo.png\",\"width\":111,\"height\":66,\"caption\":\"Nooteboom Trailers\"},\"image\":{\"@id\":\"https:\/\/www.nooteboom.com\/de\/#\/schema\/logo\/image\/\"},\"sameAs\":[\"https:\/\/nl-nl.facebook.com\/nooteboomtrailers\/\",\"https:\/\/nl.linkedin.com\/company\/nooteboom-trailers\",\"https:\/\/www.youtube.com\/user\/Nooteboomtrailers\"]}]}<\/script>\n<!-- \/ Yoast SEO Premium plugin. -->","yoast_head_json":{"title":"Early - Lackiererei | Nooteboom Trailers","robots":{"index":"index","follow":"follow","max-snippet":"max-snippet:-1","max-image-preview":"max-image-preview:large","max-video-preview":"max-video-preview:-1"},"canonical":"https:\/\/www.nooteboom.com\/de\/karriere\/early-lackiererei\/","og_locale":"de_DE","og_type":"article","og_title":"Early - Lackiererei","og_description":"[vc_row full_width=&#8220;stretch_row_content_no_spaces&#8220; row_class=&#8220;&#8220;][vc_column][\/vc_column][\/vc_row][vc_row][vc_column width=&#8220;1\/2&#8243;][vc_message message_box_color=&#8220;grey&#8220;] Early Martinus Funktion: Mitarbeiter der Lackiererei Arbeitet bei Nooteboom seit: 2014 Geburtsdatum: 28. Februar 1976,...","og_url":"https:\/\/www.nooteboom.com\/de\/karriere\/early-lackiererei\/","og_site_name":"Nooteboom Trailers","article_publisher":"https:\/\/nl-nl.facebook.com\/nooteboomtrailers\/","article_modified_time":"2020-04-06T12:34:23+00:00","og_image":[{"width":757,"height":757,"url":"https:\/\/www.nooteboom.com\/wp-content\/uploads\/splashnooteboom-square-1.jpg","type":"image\/jpeg"}],"twitter_card":"summary_large_image","twitter_misc":{"Gesch\u00e4tzte Lesezeit":"1\u00a0Minute"},"schema":{"@context":"https:\/\/schema.org","@graph":[{"@type":"WebPage","@id":"https:\/\/www.nooteboom.com\/de\/karriere\/early-lackiererei\/","url":"https:\/\/www.nooteboom.com\/de\/karriere\/early-lackiererei\/","name":"Early - Lackiererei | Nooteboom Trailers","isPartOf":{"@id":"https:\/\/www.nooteboom.com\/de\/#website"},"datePublished":"2018-10-03T15:49:00+00:00","dateModified":"2020-04-06T12:34:23+00:00","breadcrumb":{"@id":"https:\/\/www.nooteboom.com\/de\/karriere\/early-lackiererei\/#breadcrumb"},"inLanguage":"de","potentialAction":[{"@type":"ReadAction","target":["https:\/\/www.nooteboom.com\/de\/karriere\/early-lackiererei\/"]}]},{"@type":"BreadcrumbList","@id":"https:\/\/www.nooteboom.com\/de\/karriere\/early-lackiererei\/#breadcrumb","itemListElement":[{"@type":"ListItem","position":1,"name":"Home","item":"https:\/\/www.nooteboom.com\/de\/"},{"@type":"ListItem","position":2,"name":"Karriere","item":"https:\/\/www.nooteboom.com\/de\/karriere\/"},{"@type":"ListItem","position":3,"name":"Early &#8211; Lackiererei"}]},{"@type":"WebSite","@id":"https:\/\/www.nooteboom.com\/de\/#website","url":"https:\/\/www.nooteboom.com\/de\/","name":"Nooteboom Trailers","description":"Gets you there.","publisher":{"@id":"https:\/\/www.nooteboom.com\/de\/#organization"},"potentialAction":[{"@type":"SearchAction","target":{"@type":"EntryPoint","urlTemplate":"https:\/\/www.nooteboom.com\/de\/?s={search_term_string}"},"query-input":{"@type":"PropertyValueSpecification","valueRequired":true,"valueName":"search_term_string"}}],"inLanguage":"de"},{"@type":"Organization","@id":"https:\/\/www.nooteboom.com\/de\/#organization","name":"Nooteboom Trailers","url":"https:\/\/www.nooteboom.com\/de\/","logo":{"@type":"ImageObject","inLanguage":"de","@id":"https:\/\/www.nooteboom.com\/de\/#\/schema\/logo\/image\/","url":"https:\/\/www.nooteboom.com\/wp-content\/uploads\/logo.png","contentUrl":"https:\/\/www.nooteboom.com\/wp-content\/uploads\/logo.png","width":111,"height":66,"caption":"Nooteboom Trailers"},"image":{"@id":"https:\/\/www.nooteboom.com\/de\/#\/schema\/logo\/image\/"},"sameAs":["https:\/\/nl-nl.facebook.com\/nooteboomtrailers\/","https:\/\/nl.linkedin.com\/company\/nooteboom-trailers","https:\/\/www.youtube.com\/user\/Nooteboomtrailers"]}]}},"_links":{"self":[{"href":"https:\/\/www.nooteboom.com\/de\/wp-json\/wp\/v2\/pages\/1733742","targetHints":{"allow":["GET"]}}],"collection":[{"href":"https:\/\/www.nooteboom.com\/de\/wp-json\/wp\/v2\/pages"}],"about":[{"href":"https:\/\/www.nooteboom.com\/de\/wp-json\/wp\/v2\/types\/page"}],"author":[{"embeddable":true,"href":"https:\/\/www.nooteboom.com\/de\/wp-json\/wp\/v2\/users\/45"}],"replies":[{"embeddable":true,"href":"https:\/\/www.nooteboom.com\/de\/wp-json\/wp\/v2\/comments?post=1733742"}],"version-history":[{"count":4,"href":"https:\/\/www.nooteboom.com\/de\/wp-json\/wp\/v2\/pages\/1733742\/revisions"}],"predecessor-version":[{"id":1813769,"href":"https:\/\/www.nooteboom.com\/de\/wp-json\/wp\/v2\/pages\/1733742\/revisions\/1813769"}],"up":[{"embeddable":true,"href":"https:\/\/www.nooteboom.com\/de\/wp-json\/wp\/v2\/pages\/8531"}],"wp:attachment":[{"href":"https:\/\/www.nooteboom.com\/de\/wp-json\/wp\/v2\/media?parent=1733742"}],"curies":[{"name":"wp","href":"https:\/\/api.w.org\/{rel}","templated":true}]}}