{"id":1530930,"date":"2018-05-17T08:34:58","date_gmt":"2018-05-17T06:34:58","guid":{"rendered":"https:\/\/www.nooteboom.com\/cookie-statement\/"},"modified":"2018-05-17T08:35:19","modified_gmt":"2018-05-17T06:35:19","slug":"cookie-statement","status":"publish","type":"page","link":"https:\/\/www.nooteboom.com\/de\/cookie-statement\/","title":{"rendered":"Cookie statement"},"content":{"rendered":"<div class=\"wpb-content-wrapper\"><p>[vc_row][vc_column][vc_column_text]<strong>Cookie-Anweisung<\/strong><\/p>\n<p>Wir k\u00f6nnen auf unserer Website verschiedene Arten von Cookies verwenden. Dies betrifft die Website: www.nooteboom.com<\/p>\n<p>Im Folgenden erkl\u00e4ren wir, was Cookies sind, was sie tun und welche Cookies auf der Nooteboom-Website verwendet werden und warum.<\/p>\n<p><strong>Was machen Cookies?<\/strong><\/p>\n<p>Cookies sind kleine (Text-) Dateien, die einen Webseiten-Server auf Ihrem Computer, Tablet oder anderen elektronischen Ger\u00e4t (im Folgenden als \u201eComputer\u201c bezeichnet) platzieren. Der Cookie, der auf Ihrem Computer platziert wird, erm\u00f6glicht es dem Webseiten-Server, Ihren Computer zu erkennen. Ein Cookie kann keine Programme starten oder Viren verbreiten.<\/p>\n<p>Cookies verfallen nach einer bestimmten Zeit ab dem Zeitpunkt, an dem sie auf einem Computer gespeichert wurden. Nach Ablauf der G\u00fcltigkeitsdauer wird der Cookie von Ihrem Browser entfernt. Einige Cookies sind nur \u00fcber die Dauer der Browser-Sitzung g\u00fcltig, aber es gibt andere Cookies, die l\u00e4nger g\u00fcltig bleiben, damit sie beim n\u00e4chsten Besuch unserer Website gelesen werden k\u00f6nnen. Soweit wir Cookies zur Erhebung Ihrer personenbezogenen Daten verwenden, verarbeiten wir diese gem\u00e4\u00df unserer Datenschutzerkl\u00e4rung.<\/p>\n<p><strong>Cookies auf unserer Website<\/strong><\/p>\n<p>\u00dcber unsere Website platzieren wir funktionale (notwendige) Cookies, analytische Cookies sowie Cookies in Bezug auf Social-Media-Optionen und Tracking-Cookies f\u00fcr die Bereitstellung relevanter Inhalte.<\/p>\n<p><strong>Funktionale (notwendige) Cookies<\/strong><\/p>\n<p>Wir verwenden einen funktionellen Cookie, der ben\u00f6tigt wird, um sich auf der Website bewegen zu k\u00f6nnen. Dieser Cookie ist nur f\u00fcr die Dauer Ihrer Browser-Sitzung g\u00fcltig. Um sich an Ihre Wahl zu erinnern, unsere Cookies anzunehmen oder abzulehnen, m\u00fcssen wir einen funktionellen Cookie (cookieAccepted) platzieren. Dieser Cookie ist f\u00fcr einen Zeitraum von maximal zwei Jahren g\u00fcltig.<\/p>\n<p>Dies sind unsere eigenen Cookies, die nur von autorisiertem Nooteboom-Personal gelesen werden k\u00f6nnen. Nooteboom gibt die Daten, die sie sammeln, nicht an Dritte weiter, vorbehaltlich etwaiger Verpflichtungen.<\/p>\n<p><strong>Analytische Cookies<\/strong><\/p>\n<p>Analytische Cookies registrieren, wie unsere Besucher auf unserer Website navigieren. Mit diesen Informationen kann die Nutzung unserer Website analysiert werden. Wir verwenden diese Informationen, um unsere Website zu verbessern.<\/p>\n<p>Dazu verwenden wir den Dienst Google Analytics. In diesem Zusammenhang ist der Anbieter dieses Dienstes: Google Inc. platziert analytische Cookies \u00fcber unsere Website. Auf der Grundlage der von diesen Cookies gesammelten Daten erstellt Google anonyme Berichte f\u00fcr Nooteboom bez\u00fcglich der Nutzung unserer Website. Wir haben die Cookies von Google Analytics, wie von der niederl\u00e4ndischen Datenschutzbeh\u00f6rde empfohlen, auf \u201edatenschutzfreundliche\u201c Weise eingerichtet. Das hei\u00dft, wir verarbeiten weniger von Ihren Daten. Weitere Informationen zu diesen Cookies und deren G\u00fcltigkeitsdauer finden Sie auf der Website von Google (<a href=\"https:\/\/developers.google.com\/analytics\/devguides\/collection\/gajs\/cookie-usage\">link<\/a>). Google bietet auch eine Opt-Out-M\u00f6glichkeit der Datenerhebung im Rahmen von Google Analytics (<a href=\"https:\/\/tools.google.com\/dlpage\/gaoptout?hl=nl\">link<\/a>). Weitere Informationen zur Verwendung von Cookies durch Google finden Sie <a href=\"https:\/\/policies.google.com\/technologies\/cookies?hl=nl\">hie<\/a>r.<\/p>\n<p><strong>Social-Media-Cookies <\/strong><\/p>\n<p>Um den Besuchern unserer Blog-Websites die M\u00f6glichkeit zu geben, Inhalte zu teilen, haben wir Social-Media-Schaltfl\u00e4chen auf unserer Website platziert.<\/p>\n<p>F\u00fcr das Funktionieren dieser Schaltfl\u00e4chen platzieren Social-Media-Unternehmen wie Twitter, Facebook, YouTube und Google Cookies, damit sie Sie erkennen k\u00f6nnen, wenn Sie in diesem sozialen Netzwerk angemeldet sind. Sie verwenden sie auch, um Daten \u00fcber die Seite zu sammeln, die Sie teilen. F\u00fcr weitere Informationen zu den von den Social-Media-Unternehmen erhobenen Daten verweisen wir auf die Datenschutzerkl\u00e4rungen dieser Unternehmen. Diese k\u00f6nnen sich regelm\u00e4\u00dfig \u00e4ndern.<\/p>\n<ul>\n<li><a href=\"https:\/\/www.facebook.com\/policy.php\">Facebook<\/a><\/li>\n<li><a href=\"https:\/\/twitter.com\/privacy\">Twitter<\/a><\/li>\n<li><a href=\"https:\/\/www.linkedin.com\/legal\/privacy-policy?trk=hb_ft_priv\">LinkedIn<\/a><\/li>\n<li><a href=\"https:\/\/www.google.com\/intl\/nl\/policies\/privacy\/\">Google+<\/a><\/li>\n<\/ul>\n<p>Die Cookies in Bezug auf soziale Medien werden nicht von uns platziert oder gelesen, sondern von dem betreffenden Anbieter sozialer Medien. Wir haben begrenzte Kenntnisse und keine Kontrolle \u00fcber diese Cookies. Wir \u00fcbernehmen daher keine Haftung oder Verantwortung f\u00fcr diese Social-Media-Cookies oder f\u00fcr die Art und Weise, wie die jeweiligen Social-Media-Anbieter die gesammelten Informationen verwenden.<\/p>\n<p><strong>Tracking-Cookies<\/strong><\/p>\n<p>Mit Ihrer Erlaubnis platzieren wir Cookies auf Ihren Ger\u00e4ten, auf die Sie zugreifen k\u00f6nnen, sobald Sie unsere Webseiten besuchen. Wenn Sie unsere Webseiten nutzen, erfassen wir (teilweise) Ihre IP-Adresse, Art des Browsers, Betriebssystem und Anwendungsversion, Spracheinstellungen, die Seite, \u00fcber die Sie auf unserer Website gelandet sind, und die von Ihnen besuchten Seiten unserer Website. Wir sammeln auch Informationen \u00fcber die Antwort auf E-Mail-Nachrichten. Wenn Sie unsere Website \u00fcber ein mobiles Ger\u00e4t besuchen, tragen wir zus\u00e4tzlich Informationen \u00fcber die Marke und andere spezifische Funktionen des Ger\u00e4ts zusammen.<\/p>\n<p>Das Profil, das wir erstellen, ist nicht mit Ihrem Namen, Ihrer Adresse, E-Mail-Adresse und \u00e4hnlichem verkn\u00fcpft, sondern dient nur dazu, den Inhalt so anzupassen, dass er zu Ihrem Profil passt und f\u00fcr Sie so relevant wie m\u00f6glich ist.<\/p>\n<p><strong>Cookies ablehnen und entfernen<\/strong><\/p>\n<p>Sie k\u00f6nnen Ihren Browser so einstellen, dass keine Cookies gespeichert werden, dass Sie jeden Cookie zulassen oder ablehnen oder dass alle Cookies entfernt werden, sobald Sie den Browser schlie\u00dfen. Ein n\u00fctzliches Schritt-f\u00fcr-Schritt-Vorgehen f\u00fcr die Verwaltung von Cookies finden Sie auf der Website von \u201ede Consumentenbond\u201c (<a href=\"https:\/\/www.consumentenbond.nl\/internet-privacy\/cookies-verwijderen\">hie<\/a>r).<\/p>\n<p>Cookies werden auf s\u00e4mtlichen Computern platziert, den Sie zum Aufrufen von Websites verwenden. Wenn Sie keine Cookies mehr erhalten m\u00f6chten, m\u00fcssen Sie die Einstellungen auf allen von Ihnen verwendeten Computern anpassen.<\/p>\n<p>Bitte beachten Sie, wenn Sie Cookies ablehnen und\/oder entfernen, betrifft dies auch die unbedingt notwendigen Cookies. Dies kann die Funktionalit\u00e4t unserer Website einschr\u00e4nken.<\/p>\n<p>Z\u00f6gern Sie nicht, uns zu kontaktieren, wenn Sie Fragen zur Verwendung von Cookies haben.[\/vc_column_text][\/vc_column][\/vc_row]<\/p>\n<\/div>","protected":false},"excerpt":{"rendered":"[vc_row][vc_column][vc_column_text]Cookie-Anweisung Wir k\u00f6nnen auf unserer Website verschiedene Arten von Cookies verwenden. Dies betrifft die Website: www.nooteboom.com Im Folgenden erkl\u00e4ren wir,&#8230;","protected":false},"author":45,"featured_media":0,"parent":0,"menu_order":0,"comment_status":"closed","ping_status":"closed","template":"","meta":{"_acf_changed":false,"inline_featured_image":false,"footnotes":""},"class_list":["post-1530930","page","type-page","status-publish","hentry"],"acf":[],"yoast_head":"<!-- This site is optimized with the Yoast SEO Premium plugin v25.7.1 (Yoast SEO v25.7) - https:\/\/yoast.com\/wordpress\/plugins\/seo\/ -->\n<title>Cookie statement | Nooteboom Trailers<\/title>\n<meta name=\"robots\" content=\"index, follow, max-snippet:-1, max-image-preview:large, max-video-preview:-1\" \/>\n<link rel=\"canonical\" href=\"https:\/\/www.nooteboom.com\/de\/cookie-statement\/\" \/>\n<meta property=\"og:locale\" content=\"de_DE\" \/>\n<meta property=\"og:type\" content=\"article\" \/>\n<meta property=\"og:title\" content=\"Cookie statement\" \/>\n<meta property=\"og:description\" content=\"[vc_row][vc_column][vc_column_text]Cookie-Anweisung Wir k\u00f6nnen auf unserer Website verschiedene Arten von Cookies verwenden. Dies betrifft die Website: www.nooteboom.com Im Folgenden erkl\u00e4ren wir,...\" \/>\n<meta property=\"og:url\" content=\"https:\/\/www.nooteboom.com\/de\/cookie-statement\/\" \/>\n<meta property=\"og:site_name\" content=\"Nooteboom Trailers\" \/>\n<meta property=\"article:publisher\" content=\"https:\/\/nl-nl.facebook.com\/nooteboomtrailers\/\" \/>\n<meta property=\"article:modified_time\" content=\"2018-05-17T06:35:19+00:00\" \/>\n<meta property=\"og:image\" content=\"https:\/\/www.nooteboom.com\/wp-content\/uploads\/splashnooteboom-square-1.jpg\" \/>\n\t<meta property=\"og:image:width\" content=\"757\" \/>\n\t<meta property=\"og:image:height\" content=\"757\" \/>\n\t<meta property=\"og:image:type\" content=\"image\/jpeg\" \/>\n<meta name=\"twitter:card\" content=\"summary_large_image\" \/>\n<meta name=\"twitter:label1\" content=\"Gesch\u00e4tzte Lesezeit\" \/>\n\t<meta name=\"twitter:data1\" content=\"4\u00a0Minuten\" \/>\n<script type=\"application\/ld+json\" class=\"yoast-schema-graph\">{\"@context\":\"https:\/\/schema.org\",\"@graph\":[{\"@type\":\"WebPage\",\"@id\":\"https:\/\/www.nooteboom.com\/de\/cookie-statement\/\",\"url\":\"https:\/\/www.nooteboom.com\/de\/cookie-statement\/\",\"name\":\"Cookie statement | Nooteboom Trailers\",\"isPartOf\":{\"@id\":\"https:\/\/www.nooteboom.com\/de\/#website\"},\"datePublished\":\"2018-05-17T06:34:58+00:00\",\"dateModified\":\"2018-05-17T06:35:19+00:00\",\"breadcrumb\":{\"@id\":\"https:\/\/www.nooteboom.com\/de\/cookie-statement\/#breadcrumb\"},\"inLanguage\":\"de\",\"potentialAction\":[{\"@type\":\"ReadAction\",\"target\":[\"https:\/\/www.nooteboom.com\/de\/cookie-statement\/\"]}]},{\"@type\":\"BreadcrumbList\",\"@id\":\"https:\/\/www.nooteboom.com\/de\/cookie-statement\/#breadcrumb\",\"itemListElement\":[{\"@type\":\"ListItem\",\"position\":1,\"name\":\"Home\",\"item\":\"https:\/\/www.nooteboom.com\/de\/\"},{\"@type\":\"ListItem\",\"position\":2,\"name\":\"Cookie statement\"}]},{\"@type\":\"WebSite\",\"@id\":\"https:\/\/www.nooteboom.com\/de\/#website\",\"url\":\"https:\/\/www.nooteboom.com\/de\/\",\"name\":\"Nooteboom Trailers\",\"description\":\"Gets you there.\",\"publisher\":{\"@id\":\"https:\/\/www.nooteboom.com\/de\/#organization\"},\"potentialAction\":[{\"@type\":\"SearchAction\",\"target\":{\"@type\":\"EntryPoint\",\"urlTemplate\":\"https:\/\/www.nooteboom.com\/de\/?s={search_term_string}\"},\"query-input\":{\"@type\":\"PropertyValueSpecification\",\"valueRequired\":true,\"valueName\":\"search_term_string\"}}],\"inLanguage\":\"de\"},{\"@type\":\"Organization\",\"@id\":\"https:\/\/www.nooteboom.com\/de\/#organization\",\"name\":\"Nooteboom Trailers\",\"url\":\"https:\/\/www.nooteboom.com\/de\/\",\"logo\":{\"@type\":\"ImageObject\",\"inLanguage\":\"de\",\"@id\":\"https:\/\/www.nooteboom.com\/de\/#\/schema\/logo\/image\/\",\"url\":\"https:\/\/www.nooteboom.com\/wp-content\/uploads\/logo.png\",\"contentUrl\":\"https:\/\/www.nooteboom.com\/wp-content\/uploads\/logo.png\",\"width\":111,\"height\":66,\"caption\":\"Nooteboom Trailers\"},\"image\":{\"@id\":\"https:\/\/www.nooteboom.com\/de\/#\/schema\/logo\/image\/\"},\"sameAs\":[\"https:\/\/nl-nl.facebook.com\/nooteboomtrailers\/\",\"https:\/\/nl.linkedin.com\/company\/nooteboom-trailers\",\"https:\/\/www.youtube.com\/user\/Nooteboomtrailers\"]}]}<\/script>\n<!-- \/ Yoast SEO Premium plugin. -->","yoast_head_json":{"title":"Cookie statement | Nooteboom Trailers","robots":{"index":"index","follow":"follow","max-snippet":"max-snippet:-1","max-image-preview":"max-image-preview:large","max-video-preview":"max-video-preview:-1"},"canonical":"https:\/\/www.nooteboom.com\/de\/cookie-statement\/","og_locale":"de_DE","og_type":"article","og_title":"Cookie statement","og_description":"[vc_row][vc_column][vc_column_text]Cookie-Anweisung Wir k\u00f6nnen auf unserer Website verschiedene Arten von Cookies verwenden. Dies betrifft die Website: www.nooteboom.com Im Folgenden erkl\u00e4ren wir,...","og_url":"https:\/\/www.nooteboom.com\/de\/cookie-statement\/","og_site_name":"Nooteboom Trailers","article_publisher":"https:\/\/nl-nl.facebook.com\/nooteboomtrailers\/","article_modified_time":"2018-05-17T06:35:19+00:00","og_image":[{"width":757,"height":757,"url":"https:\/\/www.nooteboom.com\/wp-content\/uploads\/splashnooteboom-square-1.jpg","type":"image\/jpeg"}],"twitter_card":"summary_large_image","twitter_misc":{"Gesch\u00e4tzte Lesezeit":"4\u00a0Minuten"},"schema":{"@context":"https:\/\/schema.org","@graph":[{"@type":"WebPage","@id":"https:\/\/www.nooteboom.com\/de\/cookie-statement\/","url":"https:\/\/www.nooteboom.com\/de\/cookie-statement\/","name":"Cookie statement | Nooteboom Trailers","isPartOf":{"@id":"https:\/\/www.nooteboom.com\/de\/#website"},"datePublished":"2018-05-17T06:34:58+00:00","dateModified":"2018-05-17T06:35:19+00:00","breadcrumb":{"@id":"https:\/\/www.nooteboom.com\/de\/cookie-statement\/#breadcrumb"},"inLanguage":"de","potentialAction":[{"@type":"ReadAction","target":["https:\/\/www.nooteboom.com\/de\/cookie-statement\/"]}]},{"@type":"BreadcrumbList","@id":"https:\/\/www.nooteboom.com\/de\/cookie-statement\/#breadcrumb","itemListElement":[{"@type":"ListItem","position":1,"name":"Home","item":"https:\/\/www.nooteboom.com\/de\/"},{"@type":"ListItem","position":2,"name":"Cookie statement"}]},{"@type":"WebSite","@id":"https:\/\/www.nooteboom.com\/de\/#website","url":"https:\/\/www.nooteboom.com\/de\/","name":"Nooteboom Trailers","description":"Gets you there.","publisher":{"@id":"https:\/\/www.nooteboom.com\/de\/#organization"},"potentialAction":[{"@type":"SearchAction","target":{"@type":"EntryPoint","urlTemplate":"https:\/\/www.nooteboom.com\/de\/?s={search_term_string}"},"query-input":{"@type":"PropertyValueSpecification","valueRequired":true,"valueName":"search_term_string"}}],"inLanguage":"de"},{"@type":"Organization","@id":"https:\/\/www.nooteboom.com\/de\/#organization","name":"Nooteboom Trailers","url":"https:\/\/www.nooteboom.com\/de\/","logo":{"@type":"ImageObject","inLanguage":"de","@id":"https:\/\/www.nooteboom.com\/de\/#\/schema\/logo\/image\/","url":"https:\/\/www.nooteboom.com\/wp-content\/uploads\/logo.png","contentUrl":"https:\/\/www.nooteboom.com\/wp-content\/uploads\/logo.png","width":111,"height":66,"caption":"Nooteboom Trailers"},"image":{"@id":"https:\/\/www.nooteboom.com\/de\/#\/schema\/logo\/image\/"},"sameAs":["https:\/\/nl-nl.facebook.com\/nooteboomtrailers\/","https:\/\/nl.linkedin.com\/company\/nooteboom-trailers","https:\/\/www.youtube.com\/user\/Nooteboomtrailers"]}]}},"_links":{"self":[{"href":"https:\/\/www.nooteboom.com\/de\/wp-json\/wp\/v2\/pages\/1530930","targetHints":{"allow":["GET"]}}],"collection":[{"href":"https:\/\/www.nooteboom.com\/de\/wp-json\/wp\/v2\/pages"}],"about":[{"href":"https:\/\/www.nooteboom.com\/de\/wp-json\/wp\/v2\/types\/page"}],"author":[{"embeddable":true,"href":"https:\/\/www.nooteboom.com\/de\/wp-json\/wp\/v2\/users\/45"}],"replies":[{"embeddable":true,"href":"https:\/\/www.nooteboom.com\/de\/wp-json\/wp\/v2\/comments?post=1530930"}],"version-history":[{"count":1,"href":"https:\/\/www.nooteboom.com\/de\/wp-json\/wp\/v2\/pages\/1530930\/revisions"}],"predecessor-version":[{"id":1530931,"href":"https:\/\/www.nooteboom.com\/de\/wp-json\/wp\/v2\/pages\/1530930\/revisions\/1530931"}],"wp:attachment":[{"href":"https:\/\/www.nooteboom.com\/de\/wp-json\/wp\/v2\/media?parent=1530930"}],"curies":[{"name":"wp","href":"https:\/\/api.w.org\/{rel}","templated":true}]}}