{"id":13631,"date":"2016-07-28T10:59:32","date_gmt":"2016-07-28T08:59:32","guid":{"rendered":"https:\/\/www.nooteboom.com\/de\/privacy-statement\/"},"modified":"2021-09-23T09:00:24","modified_gmt":"2021-09-23T07:00:24","slug":"privacy-statement","status":"publish","type":"page","link":"https:\/\/www.nooteboom.com\/de\/privacy-statement\/","title":{"rendered":"Privacy statement"},"content":{"rendered":"<div class=\"wpb-content-wrapper\"><p>[vc_row][vc_column][vc_column_text]<strong>Datenschutz-Bestimmungen<\/strong><\/p>\n<p>Nooteboom legt gro\u00dfen Wert auf den Schutz Ihrer pers\u00f6nlichen Daten. In dieser Datenschutzerkl\u00e4rung erkl\u00e4ren wir die Verwendung personenbezogener Daten.<\/p>\n<p>Nooteboom erf\u00fcllt in s\u00e4mtlichen F\u00e4llen die geltenden Datenschutzgesetze, einschlie\u00dflich der Allgemeinen Datenschutzbestimmungen (AVG). Dies bedeutet, dass wir in jedem Fall:<\/p>\n<ul>\n<li>ihre pers\u00f6nlichen Daten in \u00dcbereinstimmung mit dem Zweck, f\u00fcr den sie \u00fcbermittelt wurden, verwenden. Diese Zwecke und die Art der personenbezogenen Daten sind in dieser Datenschutzerkl\u00e4rung beschrieben;<\/li>\n<li>die Verarbeitung Ihrer personenbezogenen Daten auf diejenigen Daten beschr\u00e4nken, die f\u00fcr die Zwecke ben\u00f6tigt werden, f\u00fcr die sie verarbeitet werden;<\/li>\n<li>um Ihre ausdr\u00fcckliche Einwilligung bitten, wenn es zur Verarbeitung Ihrer pers\u00f6nlichen Daten erforderlich ist;<\/li>\n<li>geeignete technische und organisatorische Ma\u00dfnahmen zum Schutz Ihrer personenbezogenen Daten getroffen haben;<\/li>\n<li>personenbezogene Daten unter keinen Umst\u00e4nden an Dritte weitergeben, es sei denn, dies ist f\u00fcr die Anwendung der Zwecke, f\u00fcr die sie \u00fcbermittelt wurden, erforderlich.<\/li>\n<li>Sie auf die Rechte aufmerksam machen, die Sie in Bezug auf die Verarbeitung Ihrer pers\u00f6nlichen Daten haben.<\/li>\n<\/ul>\n<p><strong>Welche personenbezogenen Daten verarbeiten wir? <\/strong><\/p>\n<p>Wir verarbeiten personenbezogene Daten, die Sie uns \u00fcbermittelt haben, zum Beispiel im Zusammenhang mit Produkten und\/oder Dienstleistungen, die Ihnen geliefert wurden oder die Ihnen von uns zur Verf\u00fcgung gestellt wurden, weil Sie unsere Website genutzt, ein Kontaktformular ausgef\u00fcllt oder unseren Newsletter abonniert haben.<\/p>\n<p>Die pers\u00f6nlichen Daten von Ihnen, die wir verarbeiten, k\u00f6nnen Folgendes umfassen:<\/p>\n<ul>\n<li>Ihren Namen<\/li>\n<li>Ihre Adresse<\/li>\n<li>Kontaktdaten wie zum Beispiel Ihre Telefonnummer und E-Mail-Adresse<\/li>\n<li>weitere Daten wie Einzelheiten zu Ihrem Konto bei Twitter, LinkedIn oder anderen sozialen Medien<\/li>\n<li>die IP-Adresse des Computers, mit dem Sie unsere Website besucht haben (siehe auch unsere Cookie-Anweisung)<\/li>\n<\/ul>\n<p><strong>Bestimmte Zwecke <\/strong><\/p>\n<p>Wir verwenden Ihre pers\u00f6nlichen Daten f\u00fcr verschiedene Zwecke. Dabei handelt es sich um Folgende.<\/p>\n<ol>\n<li>a) Die Erf\u00fcllung eines Vertrags.<\/li>\n<\/ol>\n<p>Erkl\u00e4rung:<\/p>\n<p>Wenn Sie einen Vertrag mit uns abschlie\u00dfen, fragen wir nach Ihren Kontaktdaten. Diese k\u00f6nnen auch f\u00fcr die Rechnungsstellung verwendet werden.<\/p>\n<ol>\n<li>b) Kontakt zu Ihnen halten.<\/li>\n<\/ol>\n<p>Erkl\u00e4rung:<\/p>\n<p>Ihre Kontaktdaten werden in unserem Kundensystem gespeichert und k\u00f6nnen unter anderem f\u00fcr den Versand von Newslettern, Updates, Einladungen zu Veranstaltungen und Seminaren sowie zur Zusendung von Ihnen gew\u00fcnschter Informationen verwendet werden.<\/p>\n<ol>\n<li>c) Zur Verbesserung unserer Produkt-\/Dienstleistungsinformationen und Durchf\u00fchrung gezielter Marketingma\u00dfnahmen.<\/li>\n<\/ol>\n<p>Erkl\u00e4rung:<\/p>\n<p>Wir stellen Ihnen gerne relevante Informationen zur Verf\u00fcgung. Zu diesem Zweck analysieren wir folgende Daten:<\/p>\n<ol>\n<li>i) Interaktionsdaten: Pers\u00f6nliche Daten, die durch Kontakt zwischen Nooteboom und Ihnen, zum Beispiel \u00fcber unsere Website, erhalten werden.<\/li>\n<li>ii) Verhaltensdaten: Pers\u00f6nliche Daten, die Nooteboom \u00fcber Ihr Verhalten verarbeitet, zum Beispiel Ihre Pr\u00e4ferenzen, Meinungen, W\u00fcnsche und Bed\u00fcrfnisse. Wir k\u00f6nnen diese Daten, z.B. aufgrund Ihres Surfverhaltens auf unserer Website, des Lesens unserer Newsletter oder weil Sie nach Informationen gefragt haben, zusammentragen. Sehen Sie auch \u201eVerwendung von Cookies\u201c.<\/li>\n<li>iii)\u00a0\u00a0\u00a0\u00a0\u00a0\u00a0 Zur Analyse der Nutzung unserer Website.<\/li>\n<\/ol>\n<p>Erkl\u00e4rung:<\/p>\n<p>Die Benutzerstatistiken erm\u00f6glichen es uns, Einsicht in, z.B. die Anzahl der Besucher, die Dauer ihres Besuchs und welche Seiten der Website angesehen werden, zu gelangen. Das betrifft das Sammeln von generischen Daten ohne Informationen \u00fcber Personen. Wir nutzen die ermittelten Informationen zur Verbesserung unserer Website.<\/p>\n<ol>\n<li>iv) Zur Verbesserung unserer Website und um sie sicher zu machen.<\/li>\n<\/ol>\n<p><strong>Rechtsgrundlage der Verarbeitung<\/strong><\/p>\n<p>Wir verarbeiten personenbezogene Daten nur, wenn daf\u00fcr eine gesetzliche Grundlage vorliegt. Die rechtlichen Grundlagen, auf denen wir personenbezogene Daten verarbeiten, sind:<\/p>\n<ul>\n<li>Zustimmung<\/li>\n<li>aufgrund einer Vereinbarung oder im Vorfeld eines Vertragsabschlusses.<\/li>\n<li>ein berechtigtes Interesse<\/li>\n<\/ul>\n<p><u>Zustimmung<\/u><\/p>\n<p>Wenn wir um Ihre Zustimmung zur Verarbeitung Ihrer personenbezogenen Daten gebeten haben und Sie diese Einwilligung erteilt haben, haben Sie stets das Recht, diese Einwilligung jederzeit zu widerrufen.<\/p>\n<p><u>Vereinbarung oder im Vorfeld eines Vertragsabschlusses<\/u><\/p>\n<p>Wenn Sie mit uns eine Vereinbarung getroffen haben, werden wir Ihre personenbezogenen Daten verarbeiten, wenn und soweit dies zur Erf\u00fcllung des Auftrags erforderlich ist.<\/p>\n<p>&nbsp;<\/p>\n<p><u>Berechtigtes Interesse<\/u><\/p>\n<p>Wir k\u00f6nnen personenbezogene Daten auch dann verarbeiten, wenn wir ein berechtigtes Interesse daran haben und dadurch Ihre Privatsph\u00e4re nicht unverh\u00e4ltnism\u00e4\u00dfig verletzen. Zum Beispiel k\u00f6nnen wir Ihre Kontaktdaten verwenden, um Sie zu wichtigen Treffen einzuladen.<\/p>\n<p><strong>Von uns beauftragte Dritte (Verarbeiter) <\/strong><\/p>\n<p>Wir k\u00f6nnen Dienstleister (Verarbeiter) beauftragen, um &#8211; ausschlie\u00dflich f\u00fcr uns &#8211; Ihre pers\u00f6nlichen Daten zu verarbeiten. Mit diesen Verarbeitern schlie\u00dfen wir einen Verarbeitungsvertrag ab. Dieser Verarbeitungsvertrag sieht unter anderem vor, dass die Verarbeiter ausschlie\u00dflich auf unsere Weisung hin handeln und die pers\u00f6nlichen Daten nicht f\u00fcr ihre eigenen Zwecke verwenden d\u00fcrfen.<\/p>\n<p>Verarbeiter, die wir verwenden k\u00f6nnen, sind Unternehmen, die die von uns verwendete Software bereitstellen und hosten. Dar\u00fcber hinaus besch\u00e4ftigen wir ICT-Dienstleister, Zur Verwaltung unseres IT-Netzwerks. Wir nutzen auch die Dienste von Dritten f\u00fcr den Versand von Newslettern.<\/p>\n<p><strong>Bereitstellung von personenbezogenen Daten an Dritte<\/strong><\/p>\n<p>F\u00fcr die Erbringung unserer Dienstleistungen kann es notwendig sein, personenbezogene Daten zu teilen. Ihre pers\u00f6nlichen Daten werden nicht zu kommerziellen Zwecken an Dritte weitergegeben.<\/p>\n<p>F\u00fcr den Versand von E-Mail-Newslettern verwenden wir Dienstleister (Verarbeiter) au\u00dferhalb des Europ\u00e4ischen Wirtschaftsraums (EWR). Diese Unternehmen garantieren einen angemessenen Schutz personenbezogener Daten. In unserem Vertragsverh\u00e4ltnis mit diesem Verarbeiter verwenden wir Mustervertr\u00e4ge, die von der Europ\u00e4ischen Kommission (Beschluss 2010\/87 \/ EU) genehmigt wurden und einen angemessenen Schutz bieten.<\/p>\n<p><strong>Ihre Rechte<\/strong><\/p>\n<p>Nach dem Gesetz kann jede Person bestimmte Rechte in Bezug auf ihre pers\u00f6nlichen Daten geltend machen.\u00a0 Sie haben beispielsweise das Recht zur Einsichtnahme, Berichtigung und L\u00f6schung personenbezogener Daten. Sie k\u00f6nnen auch der Verwendung Ihrer Daten widersprechen oder bitten, diese Nutzung zu beschr\u00e4nken. In bestimmten F\u00e4llen k\u00f6nnen Sie Ihre Daten sogar abrufen und an eine andere Partei \u00fcbertragen. F\u00fcr all diese Fragen <a href=\"https:\/\/www.nooteboom.com\/de\/kontakt\/\">kontaktieren<\/a> Sie uns.<\/p>\n<p><strong>Bewerbung \u00fcber die Nooteboom Trailers Website<\/strong><\/p>\n<p>Mit seinen Bewerbungsunterlagen erteilt der Bewerber Nooteboom Trailers B.V. die Genehmigung, seine Bewerbungsdetails w\u00e4hrend des Bewerbungsverfahrens zu speichern. Nooteboom Trailers B.V. vernichtet diese Daten sp\u00e4testens ein Jahr nach Beendigung des Bewerbungsverfahrens.<\/p>\n<p><strong>Aufbewahrungsfrist<\/strong><\/p>\n<p>Wir speichern Ihre personenbezogenen Daten so lange, wie wir sie f\u00fcr den Zweck ben\u00f6tigen, f\u00fcr den wir sie erhalten haben, es sei denn, es gilt eine statuarische Aufbewahrungsfrist.<\/p>\n<p><strong>Beschwerden? <\/strong><\/p>\n<p>Wenn Sie Beschwerden \u00fcber die Verwendung Ihrer pers\u00f6nlichen Daten haben, k\u00f6nnen Sie uns <a href=\"https:\/\/www.nooteboom.com\/de\/kontakt\/\">kontaktieren<\/a>. Wir helfen Ihnen gerne, eine L\u00f6sung zu finden. Sollte dies nicht gelingen, haben Sie immer die M\u00f6glichkeit, sich an die niederl\u00e4ndische Datenschutzbeh\u00f6rde (Autoriteit Persoonsgegevens) zu wenden.[\/vc_column_text][\/vc_column][\/vc_row]<\/p>\n<\/div>","protected":false},"excerpt":{"rendered":"[vc_row][vc_column][vc_column_text]Datenschutz-Bestimmungen Nooteboom legt gro\u00dfen Wert auf den Schutz Ihrer pers\u00f6nlichen Daten. In dieser Datenschutzerkl\u00e4rung erkl\u00e4ren wir die Verwendung personenbezogener Daten&#8230;.","protected":false},"author":45,"featured_media":0,"parent":0,"menu_order":0,"comment_status":"closed","ping_status":"closed","template":"","meta":{"_acf_changed":false,"inline_featured_image":false,"footnotes":""},"class_list":["post-13631","page","type-page","status-publish","hentry"],"acf":[],"yoast_head":"<!-- This site is optimized with the Yoast SEO Premium plugin v25.7.1 (Yoast SEO v25.7) - https:\/\/yoast.com\/wordpress\/plugins\/seo\/ -->\n<title>Privacy statement | Nooteboom Trailers<\/title>\n<meta name=\"robots\" content=\"index, follow, max-snippet:-1, max-image-preview:large, max-video-preview:-1\" \/>\n<link rel=\"canonical\" href=\"https:\/\/www.nooteboom.com\/de\/privacy-statement\/\" \/>\n<meta property=\"og:locale\" content=\"de_DE\" \/>\n<meta property=\"og:type\" content=\"article\" \/>\n<meta property=\"og:title\" content=\"Privacy statement\" \/>\n<meta property=\"og:description\" content=\"[vc_row][vc_column][vc_column_text]Datenschutz-Bestimmungen Nooteboom legt gro\u00dfen Wert auf den Schutz Ihrer pers\u00f6nlichen Daten. In dieser Datenschutzerkl\u00e4rung erkl\u00e4ren wir die Verwendung personenbezogener Daten....\" \/>\n<meta property=\"og:url\" content=\"https:\/\/www.nooteboom.com\/de\/privacy-statement\/\" \/>\n<meta property=\"og:site_name\" content=\"Nooteboom Trailers\" \/>\n<meta property=\"article:publisher\" content=\"https:\/\/nl-nl.facebook.com\/nooteboomtrailers\/\" \/>\n<meta property=\"article:modified_time\" content=\"2021-09-23T07:00:24+00:00\" \/>\n<meta property=\"og:image\" content=\"https:\/\/www.nooteboom.com\/wp-content\/uploads\/splashnooteboom-square-1.jpg\" \/>\n\t<meta property=\"og:image:width\" content=\"757\" \/>\n\t<meta property=\"og:image:height\" content=\"757\" \/>\n\t<meta property=\"og:image:type\" content=\"image\/jpeg\" \/>\n<meta name=\"twitter:card\" content=\"summary_large_image\" \/>\n<meta name=\"twitter:label1\" content=\"Gesch\u00e4tzte Lesezeit\" \/>\n\t<meta name=\"twitter:data1\" content=\"5\u00a0Minuten\" \/>\n<script type=\"application\/ld+json\" class=\"yoast-schema-graph\">{\"@context\":\"https:\/\/schema.org\",\"@graph\":[{\"@type\":\"WebPage\",\"@id\":\"https:\/\/www.nooteboom.com\/de\/privacy-statement\/\",\"url\":\"https:\/\/www.nooteboom.com\/de\/privacy-statement\/\",\"name\":\"Privacy statement | Nooteboom Trailers\",\"isPartOf\":{\"@id\":\"https:\/\/www.nooteboom.com\/de\/#website\"},\"datePublished\":\"2016-07-28T08:59:32+00:00\",\"dateModified\":\"2021-09-23T07:00:24+00:00\",\"breadcrumb\":{\"@id\":\"https:\/\/www.nooteboom.com\/de\/privacy-statement\/#breadcrumb\"},\"inLanguage\":\"de\",\"potentialAction\":[{\"@type\":\"ReadAction\",\"target\":[\"https:\/\/www.nooteboom.com\/de\/privacy-statement\/\"]}]},{\"@type\":\"BreadcrumbList\",\"@id\":\"https:\/\/www.nooteboom.com\/de\/privacy-statement\/#breadcrumb\",\"itemListElement\":[{\"@type\":\"ListItem\",\"position\":1,\"name\":\"Home\",\"item\":\"https:\/\/www.nooteboom.com\/de\/\"},{\"@type\":\"ListItem\",\"position\":2,\"name\":\"Privacy statement\"}]},{\"@type\":\"WebSite\",\"@id\":\"https:\/\/www.nooteboom.com\/de\/#website\",\"url\":\"https:\/\/www.nooteboom.com\/de\/\",\"name\":\"Nooteboom Trailers\",\"description\":\"Gets you there.\",\"publisher\":{\"@id\":\"https:\/\/www.nooteboom.com\/de\/#organization\"},\"potentialAction\":[{\"@type\":\"SearchAction\",\"target\":{\"@type\":\"EntryPoint\",\"urlTemplate\":\"https:\/\/www.nooteboom.com\/de\/?s={search_term_string}\"},\"query-input\":{\"@type\":\"PropertyValueSpecification\",\"valueRequired\":true,\"valueName\":\"search_term_string\"}}],\"inLanguage\":\"de\"},{\"@type\":\"Organization\",\"@id\":\"https:\/\/www.nooteboom.com\/de\/#organization\",\"name\":\"Nooteboom Trailers\",\"url\":\"https:\/\/www.nooteboom.com\/de\/\",\"logo\":{\"@type\":\"ImageObject\",\"inLanguage\":\"de\",\"@id\":\"https:\/\/www.nooteboom.com\/de\/#\/schema\/logo\/image\/\",\"url\":\"https:\/\/www.nooteboom.com\/wp-content\/uploads\/logo.png\",\"contentUrl\":\"https:\/\/www.nooteboom.com\/wp-content\/uploads\/logo.png\",\"width\":111,\"height\":66,\"caption\":\"Nooteboom Trailers\"},\"image\":{\"@id\":\"https:\/\/www.nooteboom.com\/de\/#\/schema\/logo\/image\/\"},\"sameAs\":[\"https:\/\/nl-nl.facebook.com\/nooteboomtrailers\/\",\"https:\/\/nl.linkedin.com\/company\/nooteboom-trailers\",\"https:\/\/www.youtube.com\/user\/Nooteboomtrailers\"]}]}<\/script>\n<!-- \/ Yoast SEO Premium plugin. -->","yoast_head_json":{"title":"Privacy statement | Nooteboom Trailers","robots":{"index":"index","follow":"follow","max-snippet":"max-snippet:-1","max-image-preview":"max-image-preview:large","max-video-preview":"max-video-preview:-1"},"canonical":"https:\/\/www.nooteboom.com\/de\/privacy-statement\/","og_locale":"de_DE","og_type":"article","og_title":"Privacy statement","og_description":"[vc_row][vc_column][vc_column_text]Datenschutz-Bestimmungen Nooteboom legt gro\u00dfen Wert auf den Schutz Ihrer pers\u00f6nlichen Daten. In dieser Datenschutzerkl\u00e4rung erkl\u00e4ren wir die Verwendung personenbezogener Daten....","og_url":"https:\/\/www.nooteboom.com\/de\/privacy-statement\/","og_site_name":"Nooteboom Trailers","article_publisher":"https:\/\/nl-nl.facebook.com\/nooteboomtrailers\/","article_modified_time":"2021-09-23T07:00:24+00:00","og_image":[{"width":757,"height":757,"url":"https:\/\/www.nooteboom.com\/wp-content\/uploads\/splashnooteboom-square-1.jpg","type":"image\/jpeg"}],"twitter_card":"summary_large_image","twitter_misc":{"Gesch\u00e4tzte Lesezeit":"5\u00a0Minuten"},"schema":{"@context":"https:\/\/schema.org","@graph":[{"@type":"WebPage","@id":"https:\/\/www.nooteboom.com\/de\/privacy-statement\/","url":"https:\/\/www.nooteboom.com\/de\/privacy-statement\/","name":"Privacy statement | Nooteboom Trailers","isPartOf":{"@id":"https:\/\/www.nooteboom.com\/de\/#website"},"datePublished":"2016-07-28T08:59:32+00:00","dateModified":"2021-09-23T07:00:24+00:00","breadcrumb":{"@id":"https:\/\/www.nooteboom.com\/de\/privacy-statement\/#breadcrumb"},"inLanguage":"de","potentialAction":[{"@type":"ReadAction","target":["https:\/\/www.nooteboom.com\/de\/privacy-statement\/"]}]},{"@type":"BreadcrumbList","@id":"https:\/\/www.nooteboom.com\/de\/privacy-statement\/#breadcrumb","itemListElement":[{"@type":"ListItem","position":1,"name":"Home","item":"https:\/\/www.nooteboom.com\/de\/"},{"@type":"ListItem","position":2,"name":"Privacy statement"}]},{"@type":"WebSite","@id":"https:\/\/www.nooteboom.com\/de\/#website","url":"https:\/\/www.nooteboom.com\/de\/","name":"Nooteboom Trailers","description":"Gets you there.","publisher":{"@id":"https:\/\/www.nooteboom.com\/de\/#organization"},"potentialAction":[{"@type":"SearchAction","target":{"@type":"EntryPoint","urlTemplate":"https:\/\/www.nooteboom.com\/de\/?s={search_term_string}"},"query-input":{"@type":"PropertyValueSpecification","valueRequired":true,"valueName":"search_term_string"}}],"inLanguage":"de"},{"@type":"Organization","@id":"https:\/\/www.nooteboom.com\/de\/#organization","name":"Nooteboom Trailers","url":"https:\/\/www.nooteboom.com\/de\/","logo":{"@type":"ImageObject","inLanguage":"de","@id":"https:\/\/www.nooteboom.com\/de\/#\/schema\/logo\/image\/","url":"https:\/\/www.nooteboom.com\/wp-content\/uploads\/logo.png","contentUrl":"https:\/\/www.nooteboom.com\/wp-content\/uploads\/logo.png","width":111,"height":66,"caption":"Nooteboom Trailers"},"image":{"@id":"https:\/\/www.nooteboom.com\/de\/#\/schema\/logo\/image\/"},"sameAs":["https:\/\/nl-nl.facebook.com\/nooteboomtrailers\/","https:\/\/nl.linkedin.com\/company\/nooteboom-trailers","https:\/\/www.youtube.com\/user\/Nooteboomtrailers"]}]}},"_links":{"self":[{"href":"https:\/\/www.nooteboom.com\/de\/wp-json\/wp\/v2\/pages\/13631","targetHints":{"allow":["GET"]}}],"collection":[{"href":"https:\/\/www.nooteboom.com\/de\/wp-json\/wp\/v2\/pages"}],"about":[{"href":"https:\/\/www.nooteboom.com\/de\/wp-json\/wp\/v2\/types\/page"}],"author":[{"embeddable":true,"href":"https:\/\/www.nooteboom.com\/de\/wp-json\/wp\/v2\/users\/45"}],"replies":[{"embeddable":true,"href":"https:\/\/www.nooteboom.com\/de\/wp-json\/wp\/v2\/comments?post=13631"}],"version-history":[{"count":6,"href":"https:\/\/www.nooteboom.com\/de\/wp-json\/wp\/v2\/pages\/13631\/revisions"}],"predecessor-version":[{"id":1875520,"href":"https:\/\/www.nooteboom.com\/de\/wp-json\/wp\/v2\/pages\/13631\/revisions\/1875520"}],"wp:attachment":[{"href":"https:\/\/www.nooteboom.com\/de\/wp-json\/wp\/v2\/media?parent=13631"}],"curies":[{"name":"wp","href":"https:\/\/api.w.org\/{rel}","templated":true}]}}